{"id":75276,"date":"2020-01-23T17:36:22","date_gmt":"2020-01-23T16:36:23","guid":{"rendered":"https:\/\/tourtravelandmore.com\/?post_type=product&#038;p=75276"},"modified":"2023-03-14T05:43:20","modified_gmt":"2023-03-14T04:43:20","slug":"tour-privado-finisterre-desde-vigo-con-guia-y-vehiculo","status":"publish","type":"product","link":"https:\/\/tourtravelandmore.com\/es\/tours\/espana-es\/vigo-es\/vigo-rutas-turisticas-privadas-es\/tour-privado-finisterre-desde-vigo-con-guia-y-vehiculo\/","title":{"rendered":"Tour Privada a Finisterre desde Vigo"},"content":{"rendered":"<h2><strong>Descripci\u00f3n del Tour Privada a Finisterre desde Vigo<\/strong><\/h2>\n<p>\u00bfQuieres conocer el lugar donde termina la tierra?, pues no lo busque m\u00e1s y ven a <strong>Vigo<\/strong> y disfruta de este tour privado Finisterre desde Vigo, lugar donde los antiguos romanos era el fin del mundo.<\/p>\n<p>La duraci\u00f3n de este tour privado Finisterre desde Vigo es de 6 horas. Puedes escoger la hora y lugar de comienzo.<\/p>\n<p>En todo momento, contarar\u00e1s con un<strong> gu\u00eda oficial,<\/strong> que te llevar\u00e1 justo a los lugares que despertar\u00e1n tu inter\u00e9s y te dejar\u00e1 sumergirte en toda la cultura de esta zona de <strong>Espa\u00f1a<\/strong>, desvel\u00e1ndote sus creencias, costumbres y mitos, mientras viajas c\u00f3modamente en un <strong>veh\u00edculo de lujo<\/strong> completamente equipado para la ocasi\u00f3n.<\/p>\n<h2>Puntos de inter\u00e9s en el Tour Privada a Finisterre desde Vigo<\/h2>\n<div class=\"react-file-viewer__content comments2 comments2-annotation-enabled\" data-preview-type=\"ssr_doc\" data-theme=\"web\">\n<div class=\"react-file-viewer__preview react-file-preview\">\n<div class=\"flex-preview-container\">\n<div class=\"flex-preview-container\">\n<div class=\"flex-preview-container\">\n<div class=\"preview-content preview-pdf preview-pdf-ssr\">\n<div class=\"viewer-container\">\n<article class=\"_2vSqL8i6js pdf-viewer\">\n<div class=\"EQJE7qmsBz viewer-container__sizer page-container pdf-viewer__pages\">\n<div class=\"react-file-viewer__sidebar react-file-viewer__sidebar--closed\" data-preview-type=\"ssr_doc\" data-theme=\"web\">\n<aside class=\"_1ah_BhOiDc\">\n<div class=\"_5hRhvsTRDu\" aria-hidden=\"false\">\n<div class=\"mc-positioned-portal-wrapper\" aria-describedby=\"tooltip-4e1039d8593722aa\">La aventura comienza desde su hotel o lugar de elecci\u00f3n de Vigo, ah\u00ed estar\u00e1n a la hora acordado nuestro gu\u00eda privado y veh\u00edculo privado para empezar su tour.<\/div>\n<div aria-describedby=\"tooltip-4e1039d8593722aa\"><\/div>\n<div class=\"mc-positioned-portal-wrapper\" aria-describedby=\"tooltip-4e1039d8593722aa\">A partir de all\u00ed tomaremos rumbo a <strong>Finisterre<\/strong>, por el camino que lleva hasta la ciudad de <strong>Santiago de Compostela<\/strong> para terminar desembocando en <strong>Mux\u00eda<\/strong>, all\u00ed visitaremos una iglesia muy famosa, conocida con el nombre de <strong>Santuario de la Virgen de la Barca<\/strong> y escucharemos una leyenda que es la que le da nombre al templo y de la cual es protagonista el <strong>Ap\u00f3stol Santiago<\/strong>.<\/div>\n<div aria-describedby=\"tooltip-4e1039d8593722aa\"><\/div>\n<div class=\"mc-positioned-portal-wrapper\" aria-describedby=\"tooltip-4e1039d8593722aa\">Despu\u00e9s visitaremos el <strong>Puerto de Finisterre<\/strong>, descubrir\u00e1s vistas un\u00edcas del oc\u00e9ano Atl\u00e1ntico, las pintorescas casas del pueblo y mucho m\u00e1s!!<\/div>\n<div aria-describedby=\"tooltip-4e1039d8593722aa\"><\/div>\n<div class=\"mc-positioned-portal-wrapper\" aria-describedby=\"tooltip-4e1039d8593722aa\">Desde este punto subiremos hasta el <strong>Cabo Finisterre<\/strong> y estaremos oficialmente en el fin del mundo. Lo m\u00e1s destacado de este lugar es el faro que adorna su c\u00faspide y la maravillosa vista que nos regala del mar.<\/div>\n<\/div>\n<\/aside>\n<div aria-describedby=\"tooltip-4e1039d8593722aa\"><\/div>\n<\/div>\n<div id=\"pageContainer1\" class=\"_3DaXQB8TXp page\" data-index=\"0\">Al descender nos desviaremos un poco rumbo hacia la <strong>Cascada de \u00c9zaro<\/strong>, una joya escondida en el extremo m\u00e1s occidental de <strong>Galicia<\/strong> y que sin duda te dejar\u00e1 sin palabras. Despu\u00e9s de tu sesi\u00f3n de fotos en tan hermosa localizaci\u00f3n, tomaremos el camino hacia la <strong>Villa de Muros<\/strong>, un poblado marinero muy antiguo que data del siglo X y cuyas casas siguen teniendo el dise\u00f1o original.<\/div>\n<\/div>\n<\/article>\n<\/div>\n<\/div>\n<\/div>\n<\/div>\n<\/div>\n<\/div>\n<\/div>\n<div data-index=\"0\"><\/div>\n<div data-index=\"0\">Si dispone de m\u00e1s d\u00edas, puedes consultar <a href=\"https:\/\/tourtravelandmore.com\/es\/ciudad\/espana-es\/vigo-es\/\"><strong>aqu\u00ed<\/strong><\/a>, el resto de los tours privados que ofrecemos en Vigo.<\/div>\n","protected":false},"excerpt":{"rendered":"<p>Disfruta de este <strong>tour privado a Finisterre<\/strong> y disfruta de sus monumentos y lugares de inter\u00e9s m\u00e1s importantes. Aproveche esta oportunidad para conocer la regi\u00f3n de costera de\u00a0<strong>Galicia<\/strong> en esta experiencia con su propio gu\u00eda tur\u00edstico y veh\u00edculo privado con chofer. Personaliza tu propia experiencia. \u00a1No te pierdas monumentos y lugares de inter\u00e9s como la <strong>Cascada de \u00c9zaro, Rio Xallas y mucho m\u00e1s<\/strong>!<\/p>\n<p>&nbsp;<\/p>\n","protected":false},"featured_media":75286,"comment_status":"open","ping_status":"closed","template":"","meta":{"_acf_changed":false},"product_brand":[],"product_cat":[1861,1866,1864],"product_tag":[],"class_list":{"0":"post-75276","1":"product","2":"type-product","3":"status-publish","4":"has-post-thumbnail","6":"product_cat-vigo-es","7":"product_cat-vigo-actividades-es","8":"product_cat-vigo-rutas-turisticas-privadas-es","10":"first","11":"instock","12":"shipping-taxable","13":"purchasable","14":"product-type-simple"},"acf":[],"yoast_head":"<!-- This site is optimized with the Yoast SEO Premium plugin v25.3.1 (Yoast SEO v25.3.1) - https:\/\/yoast.com\/wordpress\/plugins\/seo\/ -->\n<title>\u27a1\ufe0f Tour privado Finisterre desde Vigo con gu\u00eda y vehiculo | Tour Travel &amp; More<\/title>\n<meta name=\"description\" content=\"Disfruta de este Tour privado Finisterre desde Vigo con gu\u00eda y vehiculo privado y descubre el famoso fin del mundo: &quot;Cabo Finisterre&quot; y su historia \u2705\" \/>\n<meta name=\"robots\" content=\"index, follow, max-snippet:-1, max-image-preview:large, max-video-preview:-1\" \/>\n<link rel=\"canonical\" href=\"https:\/\/tourtravelandmore.com\/es\/tours\/espana-es\/vigo-es\/vigo-rutas-turisticas-privadas-es\/tour-privado-finisterre-desde-vigo-con-guia-y-vehiculo\/\" \/>\n<meta property=\"og:locale\" content=\"es_ES\" \/>\n<meta property=\"og:type\" content=\"article\" \/>\n<meta property=\"og:title\" content=\"Tour Privada a Finisterre desde Vigo\" \/>\n<meta property=\"og:description\" content=\"Disfruta de este Tour privado Finisterre desde Vigo con gu\u00eda y vehiculo privado y descubre el famoso fin del mundo: &quot;Cabo Finisterre&quot; y su historia \u2705\" \/>\n<meta property=\"og:url\" content=\"https:\/\/tourtravelandmore.com\/es\/tours\/espana-es\/vigo-es\/vigo-rutas-turisticas-privadas-es\/tour-privado-finisterre-desde-vigo-con-guia-y-vehiculo\/\" \/>\n<meta property=\"og:site_name\" content=\"Tour Travel And More\" \/>\n<meta property=\"article:publisher\" content=\"https:\/\/www.facebook.com\/tourtravelandmore\/\" \/>\n<meta property=\"article:modified_time\" content=\"2023-03-14T04:43:20+00:00\" \/>\n<meta property=\"og:image\" content=\"https:\/\/tourtravelandmore.com\/wp-content\/uploads\/2020\/01\/finisterre-1.1.jpg\" \/>\n\t<meta property=\"og:image:width\" content=\"910\" \/>\n\t<meta property=\"og:image:height\" content=\"607\" \/>\n\t<meta property=\"og:image:type\" content=\"image\/jpeg\" \/>\n<meta name=\"twitter:card\" content=\"summary_large_image\" \/>\n<meta name=\"twitter:site\" content=\"@TourTravel_More\" \/>\n<meta name=\"twitter:label1\" content=\"Tiempo de lectura\" \/>\n\t<meta name=\"twitter:data1\" content=\"2 minutos\" \/>\n<script type=\"application\/ld+json\" class=\"yoast-schema-graph\">{\"@context\":\"https:\/\/schema.org\",\"@graph\":[{\"@type\":\"WebPage\",\"@id\":\"https:\/\/tourtravelandmore.com\/es\/tours\/espana-es\/vigo-es\/vigo-rutas-turisticas-privadas-es\/tour-privado-finisterre-desde-vigo-con-guia-y-vehiculo\/\",\"url\":\"https:\/\/tourtravelandmore.com\/es\/tours\/espana-es\/vigo-es\/vigo-rutas-turisticas-privadas-es\/tour-privado-finisterre-desde-vigo-con-guia-y-vehiculo\/\",\"name\":\"\u27a1\ufe0f Tour privado Finisterre desde Vigo con gu\u00eda y vehiculo | Tour Travel & More\",\"isPartOf\":{\"@id\":\"https:\/\/tourtravelandmore.com\/es\/#website\"},\"primaryImageOfPage\":{\"@id\":\"https:\/\/tourtravelandmore.com\/es\/tours\/espana-es\/vigo-es\/vigo-rutas-turisticas-privadas-es\/tour-privado-finisterre-desde-vigo-con-guia-y-vehiculo\/#primaryimage\"},\"image\":{\"@id\":\"https:\/\/tourtravelandmore.com\/es\/tours\/espana-es\/vigo-es\/vigo-rutas-turisticas-privadas-es\/tour-privado-finisterre-desde-vigo-con-guia-y-vehiculo\/#primaryimage\"},\"thumbnailUrl\":\"https:\/\/tourtravelandmore.com\/wp-content\/uploads\/2020\/01\/finisterre-1.1.jpg\",\"datePublished\":\"2020-01-23T16:36:23+00:00\",\"dateModified\":\"2023-03-14T04:43:20+00:00\",\"description\":\"Disfruta de este Tour privado Finisterre desde Vigo con gu\u00eda y vehiculo privado y descubre el famoso fin del mundo: \\\"Cabo Finisterre\\\" y su historia \u2705\",\"breadcrumb\":{\"@id\":\"https:\/\/tourtravelandmore.com\/es\/tours\/espana-es\/vigo-es\/vigo-rutas-turisticas-privadas-es\/tour-privado-finisterre-desde-vigo-con-guia-y-vehiculo\/#breadcrumb\"},\"inLanguage\":\"es\",\"potentialAction\":[{\"@type\":\"ReadAction\",\"target\":[\"https:\/\/tourtravelandmore.com\/es\/tours\/espana-es\/vigo-es\/vigo-rutas-turisticas-privadas-es\/tour-privado-finisterre-desde-vigo-con-guia-y-vehiculo\/\"]}]},{\"@type\":\"ImageObject\",\"inLanguage\":\"es\",\"@id\":\"https:\/\/tourtravelandmore.com\/es\/tours\/espana-es\/vigo-es\/vigo-rutas-turisticas-privadas-es\/tour-privado-finisterre-desde-vigo-con-guia-y-vehiculo\/#primaryimage\",\"url\":\"https:\/\/tourtravelandmore.com\/wp-content\/uploads\/2020\/01\/finisterre-1.1.jpg\",\"contentUrl\":\"https:\/\/tourtravelandmore.com\/wp-content\/uploads\/2020\/01\/finisterre-1.1.jpg\",\"width\":910,\"height\":607},{\"@type\":\"BreadcrumbList\",\"@id\":\"https:\/\/tourtravelandmore.com\/es\/tours\/espana-es\/vigo-es\/vigo-rutas-turisticas-privadas-es\/tour-privado-finisterre-desde-vigo-con-guia-y-vehiculo\/#breadcrumb\",\"itemListElement\":[{\"@type\":\"ListItem\",\"position\":1,\"name\":\"Home\",\"item\":\"https:\/\/tourtravelandmore.com\/es\/\"},{\"@type\":\"ListItem\",\"position\":2,\"name\":\"Tours\",\"item\":\"https:\/\/tourtravelandmore.com\/es\/tours\/\"},{\"@type\":\"ListItem\",\"position\":3,\"name\":\"Tour Privada a Finisterre desde Vigo\"}]},{\"@type\":\"WebSite\",\"@id\":\"https:\/\/tourtravelandmore.com\/es\/#website\",\"url\":\"https:\/\/tourtravelandmore.com\/es\/\",\"name\":\"Tour Travel And More\",\"description\":\"Private sightseeing tours and luxury transfers in Spain\",\"publisher\":{\"@id\":\"https:\/\/tourtravelandmore.com\/es\/#organization\"},\"potentialAction\":[{\"@type\":\"SearchAction\",\"target\":{\"@type\":\"EntryPoint\",\"urlTemplate\":\"https:\/\/tourtravelandmore.com\/es\/?s={search_term_string}\"},\"query-input\":{\"@type\":\"PropertyValueSpecification\",\"valueRequired\":true,\"valueName\":\"search_term_string\"}}],\"inLanguage\":\"es\"},{\"@type\":\"Organization\",\"@id\":\"https:\/\/tourtravelandmore.com\/es\/#organization\",\"name\":\"Tour Travel And More\",\"url\":\"https:\/\/tourtravelandmore.com\/es\/\",\"logo\":{\"@type\":\"ImageObject\",\"inLanguage\":\"es\",\"@id\":\"https:\/\/tourtravelandmore.com\/es\/#\/schema\/logo\/image\/\",\"url\":\"https:\/\/tourtravelandmore.com\/wp-content\/uploads\/2022\/12\/cropped-logo-cabecera-new.png\",\"contentUrl\":\"https:\/\/tourtravelandmore.com\/wp-content\/uploads\/2022\/12\/cropped-logo-cabecera-new.png\",\"width\":430,\"height\":61,\"caption\":\"Tour Travel And More\"},\"image\":{\"@id\":\"https:\/\/tourtravelandmore.com\/es\/#\/schema\/logo\/image\/\"},\"sameAs\":[\"https:\/\/www.facebook.com\/tourtravelandmore\/\",\"https:\/\/x.com\/TourTravel_More\"]}]}<\/script>\n<!-- \/ Yoast SEO Premium plugin. -->","yoast_head_json":{"title":"\u27a1\ufe0f Tour privado Finisterre desde Vigo con gu\u00eda y vehiculo | Tour Travel & More","description":"Disfruta de este Tour privado Finisterre desde Vigo con gu\u00eda y vehiculo privado y descubre el famoso fin del mundo: \"Cabo Finisterre\" y su historia \u2705","robots":{"index":"index","follow":"follow","max-snippet":"max-snippet:-1","max-image-preview":"max-image-preview:large","max-video-preview":"max-video-preview:-1"},"canonical":"https:\/\/tourtravelandmore.com\/es\/tours\/espana-es\/vigo-es\/vigo-rutas-turisticas-privadas-es\/tour-privado-finisterre-desde-vigo-con-guia-y-vehiculo\/","og_locale":"es_ES","og_type":"article","og_title":"Tour Privada a Finisterre desde Vigo","og_description":"Disfruta de este Tour privado Finisterre desde Vigo con gu\u00eda y vehiculo privado y descubre el famoso fin del mundo: \"Cabo Finisterre\" y su historia \u2705","og_url":"https:\/\/tourtravelandmore.com\/es\/tours\/espana-es\/vigo-es\/vigo-rutas-turisticas-privadas-es\/tour-privado-finisterre-desde-vigo-con-guia-y-vehiculo\/","og_site_name":"Tour Travel And More","article_publisher":"https:\/\/www.facebook.com\/tourtravelandmore\/","article_modified_time":"2023-03-14T04:43:20+00:00","og_image":[{"width":910,"height":607,"url":"https:\/\/tourtravelandmore.com\/wp-content\/uploads\/2020\/01\/finisterre-1.1.jpg","type":"image\/jpeg"}],"twitter_card":"summary_large_image","twitter_site":"@TourTravel_More","twitter_misc":{"Tiempo de lectura":"2 minutos"},"schema":{"@context":"https:\/\/schema.org","@graph":[{"@type":"WebPage","@id":"https:\/\/tourtravelandmore.com\/es\/tours\/espana-es\/vigo-es\/vigo-rutas-turisticas-privadas-es\/tour-privado-finisterre-desde-vigo-con-guia-y-vehiculo\/","url":"https:\/\/tourtravelandmore.com\/es\/tours\/espana-es\/vigo-es\/vigo-rutas-turisticas-privadas-es\/tour-privado-finisterre-desde-vigo-con-guia-y-vehiculo\/","name":"\u27a1\ufe0f Tour privado Finisterre desde Vigo con gu\u00eda y vehiculo | Tour Travel & More","isPartOf":{"@id":"https:\/\/tourtravelandmore.com\/es\/#website"},"primaryImageOfPage":{"@id":"https:\/\/tourtravelandmore.com\/es\/tours\/espana-es\/vigo-es\/vigo-rutas-turisticas-privadas-es\/tour-privado-finisterre-desde-vigo-con-guia-y-vehiculo\/#primaryimage"},"image":{"@id":"https:\/\/tourtravelandmore.com\/es\/tours\/espana-es\/vigo-es\/vigo-rutas-turisticas-privadas-es\/tour-privado-finisterre-desde-vigo-con-guia-y-vehiculo\/#primaryimage"},"thumbnailUrl":"https:\/\/tourtravelandmore.com\/wp-content\/uploads\/2020\/01\/finisterre-1.1.jpg","datePublished":"2020-01-23T16:36:23+00:00","dateModified":"2023-03-14T04:43:20+00:00","description":"Disfruta de este Tour privado Finisterre desde Vigo con gu\u00eda y vehiculo privado y descubre el famoso fin del mundo: \"Cabo Finisterre\" y su historia \u2705","breadcrumb":{"@id":"https:\/\/tourtravelandmore.com\/es\/tours\/espana-es\/vigo-es\/vigo-rutas-turisticas-privadas-es\/tour-privado-finisterre-desde-vigo-con-guia-y-vehiculo\/#breadcrumb"},"inLanguage":"es","potentialAction":[{"@type":"ReadAction","target":["https:\/\/tourtravelandmore.com\/es\/tours\/espana-es\/vigo-es\/vigo-rutas-turisticas-privadas-es\/tour-privado-finisterre-desde-vigo-con-guia-y-vehiculo\/"]}]},{"@type":"ImageObject","inLanguage":"es","@id":"https:\/\/tourtravelandmore.com\/es\/tours\/espana-es\/vigo-es\/vigo-rutas-turisticas-privadas-es\/tour-privado-finisterre-desde-vigo-con-guia-y-vehiculo\/#primaryimage","url":"https:\/\/tourtravelandmore.com\/wp-content\/uploads\/2020\/01\/finisterre-1.1.jpg","contentUrl":"https:\/\/tourtravelandmore.com\/wp-content\/uploads\/2020\/01\/finisterre-1.1.jpg","width":910,"height":607},{"@type":"BreadcrumbList","@id":"https:\/\/tourtravelandmore.com\/es\/tours\/espana-es\/vigo-es\/vigo-rutas-turisticas-privadas-es\/tour-privado-finisterre-desde-vigo-con-guia-y-vehiculo\/#breadcrumb","itemListElement":[{"@type":"ListItem","position":1,"name":"Home","item":"https:\/\/tourtravelandmore.com\/es\/"},{"@type":"ListItem","position":2,"name":"Tours","item":"https:\/\/tourtravelandmore.com\/es\/tours\/"},{"@type":"ListItem","position":3,"name":"Tour Privada a Finisterre desde Vigo"}]},{"@type":"WebSite","@id":"https:\/\/tourtravelandmore.com\/es\/#website","url":"https:\/\/tourtravelandmore.com\/es\/","name":"Tour Travel And More","description":"Private sightseeing tours and luxury transfers in Spain","publisher":{"@id":"https:\/\/tourtravelandmore.com\/es\/#organization"},"potentialAction":[{"@type":"SearchAction","target":{"@type":"EntryPoint","urlTemplate":"https:\/\/tourtravelandmore.com\/es\/?s={search_term_string}"},"query-input":{"@type":"PropertyValueSpecification","valueRequired":true,"valueName":"search_term_string"}}],"inLanguage":"es"},{"@type":"Organization","@id":"https:\/\/tourtravelandmore.com\/es\/#organization","name":"Tour Travel And More","url":"https:\/\/tourtravelandmore.com\/es\/","logo":{"@type":"ImageObject","inLanguage":"es","@id":"https:\/\/tourtravelandmore.com\/es\/#\/schema\/logo\/image\/","url":"https:\/\/tourtravelandmore.com\/wp-content\/uploads\/2022\/12\/cropped-logo-cabecera-new.png","contentUrl":"https:\/\/tourtravelandmore.com\/wp-content\/uploads\/2022\/12\/cropped-logo-cabecera-new.png","width":430,"height":61,"caption":"Tour Travel And More"},"image":{"@id":"https:\/\/tourtravelandmore.com\/es\/#\/schema\/logo\/image\/"},"sameAs":["https:\/\/www.facebook.com\/tourtravelandmore\/","https:\/\/x.com\/TourTravel_More"]}]}},"_links":{"self":[{"href":"https:\/\/tourtravelandmore.com\/es\/wp-json\/wp\/v2\/product\/75276","targetHints":{"allow":["GET"]}}],"collection":[{"href":"https:\/\/tourtravelandmore.com\/es\/wp-json\/wp\/v2\/product"}],"about":[{"href":"https:\/\/tourtravelandmore.com\/es\/wp-json\/wp\/v2\/types\/product"}],"replies":[{"embeddable":true,"href":"https:\/\/tourtravelandmore.com\/es\/wp-json\/wp\/v2\/comments?post=75276"}],"wp:featuredmedia":[{"embeddable":true,"href":"https:\/\/tourtravelandmore.com\/es\/wp-json\/wp\/v2\/media\/75286"}],"wp:attachment":[{"href":"https:\/\/tourtravelandmore.com\/es\/wp-json\/wp\/v2\/media?parent=75276"}],"wp:term":[{"taxonomy":"product_brand","embeddable":true,"href":"https:\/\/tourtravelandmore.com\/es\/wp-json\/wp\/v2\/product_brand?post=75276"},{"taxonomy":"product_cat","embeddable":true,"href":"https:\/\/tourtravelandmore.com\/es\/wp-json\/wp\/v2\/product_cat?post=75276"},{"taxonomy":"product_tag","embeddable":true,"href":"https:\/\/tourtravelandmore.com\/es\/wp-json\/wp\/v2\/product_tag?post=75276"}],"curies":[{"name":"wp","href":"https:\/\/api.w.org\/{rel}","templated":true}]}}