{"id":75234,"date":"2020-01-23T16:21:08","date_gmt":"2020-01-23T15:21:08","guid":{"rendered":"https:\/\/tourtravelandmore.com\/?post_type=product&#038;p=75234"},"modified":"2023-03-14T05:25:39","modified_gmt":"2023-03-14T04:25:39","slug":"tour-privado-vigo-con-guia-oficial-vehiculo-y-recogida","status":"publish","type":"product","link":"https:\/\/tourtravelandmore.com\/es\/tours\/espana-es\/vigo-es\/vigo-rutas-turisticas-privadas-es\/tour-privado-vigo-con-guia-oficial-vehiculo-y-recogida\/","title":{"rendered":"Tour privado Vigo con guia y vehiculo &#8211; Opcional Cruceros"},"content":{"rendered":"<h2>Descripci\u00f3n del Tour privado Vigo con gu\u00eda y veh\u00edculo &#8211; Opcionales Cruceros<\/h2>\n<p>Disfruta de un tour privado, Vigo, con gu\u00eda y veh\u00edculo privado, descubre la ciudad y su Historia.<\/p>\n<p>La duraci\u00f3n de este tour privado Vigo es de 4 horas, al ser un tour privado, pueden escoger la hora y lugar de comienzo.<\/p>\n<p>Podemos recogerle desde cualquier lugar en Vigo: Hotel, Terminal de Cruceros, Aeropuertos. A la hora seleccionada ah\u00ed estar\u00e1n nuestro gu\u00eda y chofer para recogerle y empezar su tour.<\/p>\n<h2>Puntos de inter\u00e9s en el Tour privado Vigo con gu\u00eda y veh\u00edculo &#8211; Opcional, Cruceros<\/h2>\n<p>El primer punto que visitaremos es el <strong>casco Historico de Vigo<\/strong>, empezaremos por la <strong>Plaza Puerta del Sol<\/strong>, todo el que visita la ciudad d\u00f3nde est\u00e1 ubicada la estatua de <strong>El Sireno<\/strong>.<\/p>\n<p>Descubriremos las tres grandes plazas que ha cumplido una funci\u00f3n vital en la vida de los habitantes de esta ciudad. Quiz\u00e1s la m\u00e1s famosa sea la <strong>Plaza de la herrer\u00eda<\/strong>, que hace ya unos cuantos siglos ol\u00eda a azufre y el sonido del metal repicaba por doquier, de eso hoy solo queda el recuerdo y alguna que otra estructura, pero si tenemos suerte puede que nos topemos con alg\u00fan evento cultural celebr\u00e1ndose en medio de ella.<\/p>\n<p>La siguiente ser\u00e1 la <strong>Plaza de la le\u00f1a<\/strong>, un lugar que le debe su nombre a la tradici\u00f3n, puesto que era justo all\u00ed donde se paraba el cami\u00f3n que vend\u00eda la le\u00f1a y los pinos para mantener calientes a todos los ciudadanos durante el invierno. Pero en la actualidad, es el sitio con mayor variedad de hosteler\u00edas en las que degustar un buen caf\u00e9 y comer algo ligero mientras se est\u00e1 de paso.<\/p>\n<p>Adem\u00e1s, podr\u00e1s dar una vuelta por el <strong>Museo de Pontevedra<\/strong>, el cual est\u00e1 creciendo actualmente por medio de galer\u00edas subterr\u00e1neas que albergar\u00e1n casi 4 000 metros cuadrados de la rica historia de la regi\u00f3n.<\/p>\n<p>Otro punto de inter\u00e9s son las edificaciones religiosas que encontrar\u00e1s por doquier, desde la bell\u00edsima <strong>Capilla de la Peregrina<\/strong>, pasando por la imponente <strong>Bas\u00edlica de Santa Mar\u00eda la Mayor<\/strong>, hasta <strong>La Iglesia de San Francisco<\/strong>. Todo en Vigo ofrece una atm\u00f3sfera \u00fanica, donde el tiempo parece haberse detenido.<\/p>\n<p>Finalizaremos el tour privado visitando el <strong>Puerto de Vigo<\/strong>, conocer la <strong>Estaci\u00f3n Mar\u00edtima<\/strong> y hasta darnos una vuelta por el <strong>Museo del Mar<\/strong> ubicado en la antigua <strong>Atalaya del puerto de La Guardia<\/strong>.<\/p>\n<p>Si dispone de m\u00e1s d\u00edas puedes consultar<a href=\"https:\/\/tourtravelandmore.com\/es\/ciudad\/espana-es\/vigo-es\/\"><strong> aqu\u00ed<\/strong><\/a>, el resto de los tours privados que ofrecemos en la ciudad de Vigo.<\/p>\n<h3>Ciudad de Vigo<\/h3>\n<p><strong>Vigo<\/strong> es una ciudad ubicada al noroeste de Espa\u00f1a, se encuentra justo en la r\u00eda del mismo nombre y ha sido una de las grandes fortalezas del pa\u00eds durante much\u00edsimos a\u00f1os.<\/p>\n<p>El lema de la ciudad es <em>Fiel, Leal, Valerosa y Siempre Ben\u00e9fica<\/em>. Tal t\u00edtulo se remonta al 28 de marzo de 1809, cuando los vigueses lograron correr de sus tierras a los soldados franceses, fue la primera ciudad de toda Espa\u00f1a que se deshizo de los invasores y as\u00ed consigui\u00f3 los primeros 3 adjetivos <em>\u201cFiel, Leal y Valerosa\u201d.\u00a0<\/em><\/p>\n<p>Pero para obtener el t\u00edtulo de <em>\u201cSiempre Ben\u00e9fica\u201d<\/em>; debi\u00f3 esperar un poco m\u00e1s, casi 90 a\u00f1os cuando acogi\u00f3 a los soldados heridos de la guerra de Cuba, gracias a que un a\u00f1o antes se fundara la <strong>Cruz Roja de Vigo<\/strong>.<\/p>\n","protected":false},"excerpt":{"rendered":"<p>Disfruta de este tour privado de Vigo, con gu\u00eda y veh\u00edculo privado. \u00a1No te pierdas monumentos y lugares de inter\u00e9s como la Plaza Puerta del Sol, el Casco Viejo, el puerto Mar\u00edtimo y mucho m\u00e1s!<\/p>\n<p>&nbsp;<\/p>\n","protected":false},"featured_media":75244,"comment_status":"open","ping_status":"closed","template":"","meta":{"_acf_changed":false},"product_brand":[],"product_cat":[1861,1866,1864],"product_tag":[],"class_list":{"0":"post-75234","1":"product","2":"type-product","3":"status-publish","4":"has-post-thumbnail","6":"product_cat-vigo-es","7":"product_cat-vigo-actividades-es","8":"product_cat-vigo-rutas-turisticas-privadas-es","10":"first","11":"instock","12":"shipping-taxable","13":"purchasable","14":"product-type-simple"},"acf":[],"yoast_head":"<!-- This site is optimized with the Yoast SEO Premium plugin v25.3.1 (Yoast SEO v25.3.1) - https:\/\/yoast.com\/wordpress\/plugins\/seo\/ -->\n<title>\u27a1\ufe0f Tour Privado Vigo con gu\u00eda oficial, vehiculo y recogida | Tour Travel &amp; More<\/title>\n<meta name=\"description\" content=\"Disfruta de este tour privado Vigo, y descubre la ciudad, historia, junto a su gu\u00eda oficial y veh\u00edculo con chofer. Conoce la Historia, monumentos \u2705\" \/>\n<meta name=\"robots\" content=\"index, follow, max-snippet:-1, max-image-preview:large, max-video-preview:-1\" \/>\n<link rel=\"canonical\" href=\"https:\/\/tourtravelandmore.com\/es\/tours\/espana-es\/vigo-es\/vigo-rutas-turisticas-privadas-es\/tour-privado-vigo-con-guia-oficial-vehiculo-y-recogida\/\" \/>\n<meta property=\"og:locale\" content=\"es_ES\" \/>\n<meta property=\"og:type\" content=\"article\" \/>\n<meta property=\"og:title\" content=\"Tour privado Vigo con guia y vehiculo - Opcional Cruceros\" \/>\n<meta property=\"og:description\" content=\"Disfruta de este tour privado Vigo, y descubre la ciudad, historia, junto a su gu\u00eda oficial y veh\u00edculo con chofer. Conoce la Historia, monumentos \u2705\" \/>\n<meta property=\"og:url\" content=\"https:\/\/tourtravelandmore.com\/es\/tours\/espana-es\/vigo-es\/vigo-rutas-turisticas-privadas-es\/tour-privado-vigo-con-guia-oficial-vehiculo-y-recogida\/\" \/>\n<meta property=\"og:site_name\" content=\"Tour Travel And More\" \/>\n<meta property=\"article:publisher\" content=\"https:\/\/www.facebook.com\/tourtravelandmore\/\" \/>\n<meta property=\"article:modified_time\" content=\"2023-03-14T04:25:39+00:00\" \/>\n<meta property=\"og:image\" content=\"https:\/\/tourtravelandmore.com\/wp-content\/uploads\/2020\/01\/vigo-1.jpg\" \/>\n\t<meta property=\"og:image:width\" content=\"2048\" \/>\n\t<meta property=\"og:image:height\" content=\"1536\" \/>\n\t<meta property=\"og:image:type\" content=\"image\/jpeg\" \/>\n<meta name=\"twitter:card\" content=\"summary_large_image\" \/>\n<meta name=\"twitter:site\" content=\"@TourTravel_More\" \/>\n<meta name=\"twitter:label1\" content=\"Tiempo de lectura\" \/>\n\t<meta name=\"twitter:data1\" content=\"3 minutos\" \/>\n<script type=\"application\/ld+json\" class=\"yoast-schema-graph\">{\"@context\":\"https:\/\/schema.org\",\"@graph\":[{\"@type\":\"WebPage\",\"@id\":\"https:\/\/tourtravelandmore.com\/es\/tours\/espana-es\/vigo-es\/vigo-rutas-turisticas-privadas-es\/tour-privado-vigo-con-guia-oficial-vehiculo-y-recogida\/\",\"url\":\"https:\/\/tourtravelandmore.com\/es\/tours\/espana-es\/vigo-es\/vigo-rutas-turisticas-privadas-es\/tour-privado-vigo-con-guia-oficial-vehiculo-y-recogida\/\",\"name\":\"\u27a1\ufe0f Tour Privado Vigo con gu\u00eda oficial, vehiculo y recogida | Tour Travel & More\",\"isPartOf\":{\"@id\":\"https:\/\/tourtravelandmore.com\/es\/#website\"},\"primaryImageOfPage\":{\"@id\":\"https:\/\/tourtravelandmore.com\/es\/tours\/espana-es\/vigo-es\/vigo-rutas-turisticas-privadas-es\/tour-privado-vigo-con-guia-oficial-vehiculo-y-recogida\/#primaryimage\"},\"image\":{\"@id\":\"https:\/\/tourtravelandmore.com\/es\/tours\/espana-es\/vigo-es\/vigo-rutas-turisticas-privadas-es\/tour-privado-vigo-con-guia-oficial-vehiculo-y-recogida\/#primaryimage\"},\"thumbnailUrl\":\"https:\/\/tourtravelandmore.com\/wp-content\/uploads\/2020\/01\/vigo-1.jpg\",\"datePublished\":\"2020-01-23T15:21:08+00:00\",\"dateModified\":\"2023-03-14T04:25:39+00:00\",\"description\":\"Disfruta de este tour privado Vigo, y descubre la ciudad, historia, junto a su gu\u00eda oficial y veh\u00edculo con chofer. Conoce la Historia, monumentos \u2705\",\"breadcrumb\":{\"@id\":\"https:\/\/tourtravelandmore.com\/es\/tours\/espana-es\/vigo-es\/vigo-rutas-turisticas-privadas-es\/tour-privado-vigo-con-guia-oficial-vehiculo-y-recogida\/#breadcrumb\"},\"inLanguage\":\"es\",\"potentialAction\":[{\"@type\":\"ReadAction\",\"target\":[\"https:\/\/tourtravelandmore.com\/es\/tours\/espana-es\/vigo-es\/vigo-rutas-turisticas-privadas-es\/tour-privado-vigo-con-guia-oficial-vehiculo-y-recogida\/\"]}]},{\"@type\":\"ImageObject\",\"inLanguage\":\"es\",\"@id\":\"https:\/\/tourtravelandmore.com\/es\/tours\/espana-es\/vigo-es\/vigo-rutas-turisticas-privadas-es\/tour-privado-vigo-con-guia-oficial-vehiculo-y-recogida\/#primaryimage\",\"url\":\"https:\/\/tourtravelandmore.com\/wp-content\/uploads\/2020\/01\/vigo-1.jpg\",\"contentUrl\":\"https:\/\/tourtravelandmore.com\/wp-content\/uploads\/2020\/01\/vigo-1.jpg\",\"width\":2048,\"height\":1536},{\"@type\":\"BreadcrumbList\",\"@id\":\"https:\/\/tourtravelandmore.com\/es\/tours\/espana-es\/vigo-es\/vigo-rutas-turisticas-privadas-es\/tour-privado-vigo-con-guia-oficial-vehiculo-y-recogida\/#breadcrumb\",\"itemListElement\":[{\"@type\":\"ListItem\",\"position\":1,\"name\":\"Home\",\"item\":\"https:\/\/tourtravelandmore.com\/es\/\"},{\"@type\":\"ListItem\",\"position\":2,\"name\":\"Tours\",\"item\":\"https:\/\/tourtravelandmore.com\/es\/tours\/\"},{\"@type\":\"ListItem\",\"position\":3,\"name\":\"Tour privado Vigo con guia y vehiculo &#8211; Opcional Cruceros\"}]},{\"@type\":\"WebSite\",\"@id\":\"https:\/\/tourtravelandmore.com\/es\/#website\",\"url\":\"https:\/\/tourtravelandmore.com\/es\/\",\"name\":\"Tour Travel And More\",\"description\":\"Private sightseeing tours and luxury transfers in Spain\",\"publisher\":{\"@id\":\"https:\/\/tourtravelandmore.com\/es\/#organization\"},\"potentialAction\":[{\"@type\":\"SearchAction\",\"target\":{\"@type\":\"EntryPoint\",\"urlTemplate\":\"https:\/\/tourtravelandmore.com\/es\/?s={search_term_string}\"},\"query-input\":{\"@type\":\"PropertyValueSpecification\",\"valueRequired\":true,\"valueName\":\"search_term_string\"}}],\"inLanguage\":\"es\"},{\"@type\":\"Organization\",\"@id\":\"https:\/\/tourtravelandmore.com\/es\/#organization\",\"name\":\"Tour Travel And More\",\"url\":\"https:\/\/tourtravelandmore.com\/es\/\",\"logo\":{\"@type\":\"ImageObject\",\"inLanguage\":\"es\",\"@id\":\"https:\/\/tourtravelandmore.com\/es\/#\/schema\/logo\/image\/\",\"url\":\"https:\/\/tourtravelandmore.com\/wp-content\/uploads\/2022\/12\/cropped-logo-cabecera-new.png\",\"contentUrl\":\"https:\/\/tourtravelandmore.com\/wp-content\/uploads\/2022\/12\/cropped-logo-cabecera-new.png\",\"width\":430,\"height\":61,\"caption\":\"Tour Travel And More\"},\"image\":{\"@id\":\"https:\/\/tourtravelandmore.com\/es\/#\/schema\/logo\/image\/\"},\"sameAs\":[\"https:\/\/www.facebook.com\/tourtravelandmore\/\",\"https:\/\/x.com\/TourTravel_More\"]}]}<\/script>\n<!-- \/ Yoast SEO Premium plugin. -->","yoast_head_json":{"title":"\u27a1\ufe0f Tour Privado Vigo con gu\u00eda oficial, vehiculo y recogida | Tour Travel & More","description":"Disfruta de este tour privado Vigo, y descubre la ciudad, historia, junto a su gu\u00eda oficial y veh\u00edculo con chofer. Conoce la Historia, monumentos \u2705","robots":{"index":"index","follow":"follow","max-snippet":"max-snippet:-1","max-image-preview":"max-image-preview:large","max-video-preview":"max-video-preview:-1"},"canonical":"https:\/\/tourtravelandmore.com\/es\/tours\/espana-es\/vigo-es\/vigo-rutas-turisticas-privadas-es\/tour-privado-vigo-con-guia-oficial-vehiculo-y-recogida\/","og_locale":"es_ES","og_type":"article","og_title":"Tour privado Vigo con guia y vehiculo - Opcional Cruceros","og_description":"Disfruta de este tour privado Vigo, y descubre la ciudad, historia, junto a su gu\u00eda oficial y veh\u00edculo con chofer. Conoce la Historia, monumentos \u2705","og_url":"https:\/\/tourtravelandmore.com\/es\/tours\/espana-es\/vigo-es\/vigo-rutas-turisticas-privadas-es\/tour-privado-vigo-con-guia-oficial-vehiculo-y-recogida\/","og_site_name":"Tour Travel And More","article_publisher":"https:\/\/www.facebook.com\/tourtravelandmore\/","article_modified_time":"2023-03-14T04:25:39+00:00","og_image":[{"width":2048,"height":1536,"url":"https:\/\/tourtravelandmore.com\/wp-content\/uploads\/2020\/01\/vigo-1.jpg","type":"image\/jpeg"}],"twitter_card":"summary_large_image","twitter_site":"@TourTravel_More","twitter_misc":{"Tiempo de lectura":"3 minutos"},"schema":{"@context":"https:\/\/schema.org","@graph":[{"@type":"WebPage","@id":"https:\/\/tourtravelandmore.com\/es\/tours\/espana-es\/vigo-es\/vigo-rutas-turisticas-privadas-es\/tour-privado-vigo-con-guia-oficial-vehiculo-y-recogida\/","url":"https:\/\/tourtravelandmore.com\/es\/tours\/espana-es\/vigo-es\/vigo-rutas-turisticas-privadas-es\/tour-privado-vigo-con-guia-oficial-vehiculo-y-recogida\/","name":"\u27a1\ufe0f Tour Privado Vigo con gu\u00eda oficial, vehiculo y recogida | Tour Travel & More","isPartOf":{"@id":"https:\/\/tourtravelandmore.com\/es\/#website"},"primaryImageOfPage":{"@id":"https:\/\/tourtravelandmore.com\/es\/tours\/espana-es\/vigo-es\/vigo-rutas-turisticas-privadas-es\/tour-privado-vigo-con-guia-oficial-vehiculo-y-recogida\/#primaryimage"},"image":{"@id":"https:\/\/tourtravelandmore.com\/es\/tours\/espana-es\/vigo-es\/vigo-rutas-turisticas-privadas-es\/tour-privado-vigo-con-guia-oficial-vehiculo-y-recogida\/#primaryimage"},"thumbnailUrl":"https:\/\/tourtravelandmore.com\/wp-content\/uploads\/2020\/01\/vigo-1.jpg","datePublished":"2020-01-23T15:21:08+00:00","dateModified":"2023-03-14T04:25:39+00:00","description":"Disfruta de este tour privado Vigo, y descubre la ciudad, historia, junto a su gu\u00eda oficial y veh\u00edculo con chofer. Conoce la Historia, monumentos \u2705","breadcrumb":{"@id":"https:\/\/tourtravelandmore.com\/es\/tours\/espana-es\/vigo-es\/vigo-rutas-turisticas-privadas-es\/tour-privado-vigo-con-guia-oficial-vehiculo-y-recogida\/#breadcrumb"},"inLanguage":"es","potentialAction":[{"@type":"ReadAction","target":["https:\/\/tourtravelandmore.com\/es\/tours\/espana-es\/vigo-es\/vigo-rutas-turisticas-privadas-es\/tour-privado-vigo-con-guia-oficial-vehiculo-y-recogida\/"]}]},{"@type":"ImageObject","inLanguage":"es","@id":"https:\/\/tourtravelandmore.com\/es\/tours\/espana-es\/vigo-es\/vigo-rutas-turisticas-privadas-es\/tour-privado-vigo-con-guia-oficial-vehiculo-y-recogida\/#primaryimage","url":"https:\/\/tourtravelandmore.com\/wp-content\/uploads\/2020\/01\/vigo-1.jpg","contentUrl":"https:\/\/tourtravelandmore.com\/wp-content\/uploads\/2020\/01\/vigo-1.jpg","width":2048,"height":1536},{"@type":"BreadcrumbList","@id":"https:\/\/tourtravelandmore.com\/es\/tours\/espana-es\/vigo-es\/vigo-rutas-turisticas-privadas-es\/tour-privado-vigo-con-guia-oficial-vehiculo-y-recogida\/#breadcrumb","itemListElement":[{"@type":"ListItem","position":1,"name":"Home","item":"https:\/\/tourtravelandmore.com\/es\/"},{"@type":"ListItem","position":2,"name":"Tours","item":"https:\/\/tourtravelandmore.com\/es\/tours\/"},{"@type":"ListItem","position":3,"name":"Tour privado Vigo con guia y vehiculo &#8211; Opcional Cruceros"}]},{"@type":"WebSite","@id":"https:\/\/tourtravelandmore.com\/es\/#website","url":"https:\/\/tourtravelandmore.com\/es\/","name":"Tour Travel And More","description":"Private sightseeing tours and luxury transfers in Spain","publisher":{"@id":"https:\/\/tourtravelandmore.com\/es\/#organization"},"potentialAction":[{"@type":"SearchAction","target":{"@type":"EntryPoint","urlTemplate":"https:\/\/tourtravelandmore.com\/es\/?s={search_term_string}"},"query-input":{"@type":"PropertyValueSpecification","valueRequired":true,"valueName":"search_term_string"}}],"inLanguage":"es"},{"@type":"Organization","@id":"https:\/\/tourtravelandmore.com\/es\/#organization","name":"Tour Travel And More","url":"https:\/\/tourtravelandmore.com\/es\/","logo":{"@type":"ImageObject","inLanguage":"es","@id":"https:\/\/tourtravelandmore.com\/es\/#\/schema\/logo\/image\/","url":"https:\/\/tourtravelandmore.com\/wp-content\/uploads\/2022\/12\/cropped-logo-cabecera-new.png","contentUrl":"https:\/\/tourtravelandmore.com\/wp-content\/uploads\/2022\/12\/cropped-logo-cabecera-new.png","width":430,"height":61,"caption":"Tour Travel And More"},"image":{"@id":"https:\/\/tourtravelandmore.com\/es\/#\/schema\/logo\/image\/"},"sameAs":["https:\/\/www.facebook.com\/tourtravelandmore\/","https:\/\/x.com\/TourTravel_More"]}]}},"_links":{"self":[{"href":"https:\/\/tourtravelandmore.com\/es\/wp-json\/wp\/v2\/product\/75234","targetHints":{"allow":["GET"]}}],"collection":[{"href":"https:\/\/tourtravelandmore.com\/es\/wp-json\/wp\/v2\/product"}],"about":[{"href":"https:\/\/tourtravelandmore.com\/es\/wp-json\/wp\/v2\/types\/product"}],"replies":[{"embeddable":true,"href":"https:\/\/tourtravelandmore.com\/es\/wp-json\/wp\/v2\/comments?post=75234"}],"wp:featuredmedia":[{"embeddable":true,"href":"https:\/\/tourtravelandmore.com\/es\/wp-json\/wp\/v2\/media\/75244"}],"wp:attachment":[{"href":"https:\/\/tourtravelandmore.com\/es\/wp-json\/wp\/v2\/media?parent=75234"}],"wp:term":[{"taxonomy":"product_brand","embeddable":true,"href":"https:\/\/tourtravelandmore.com\/es\/wp-json\/wp\/v2\/product_brand?post=75234"},{"taxonomy":"product_cat","embeddable":true,"href":"https:\/\/tourtravelandmore.com\/es\/wp-json\/wp\/v2\/product_cat?post=75234"},{"taxonomy":"product_tag","embeddable":true,"href":"https:\/\/tourtravelandmore.com\/es\/wp-json\/wp\/v2\/product_tag?post=75234"}],"curies":[{"name":"wp","href":"https:\/\/api.w.org\/{rel}","templated":true}]}}