{"id":75197,"date":"2020-01-23T15:29:29","date_gmt":"2020-01-23T14:29:29","guid":{"rendered":"https:\/\/tourtravelandmore.com\/?post_type=product&#038;p=75197"},"modified":"2023-11-08T14:34:27","modified_gmt":"2023-11-08T13:34:27","slug":"tour-porto-desde-vigo-tour-privado-con-guia-y-vehiculo","status":"publish","type":"product","link":"https:\/\/tourtravelandmore.com\/es\/tours\/espana-es\/vigo-es\/vigo-rutas-turisticas-privadas-es\/tour-porto-desde-vigo-tour-privado-con-guia-y-vehiculo\/","title":{"rendered":"Tour privado a Oporto desde Vigo desde hotel o terminal de cruceros"},"content":{"rendered":"<h2><strong>Descripci\u00f3n del Tour privado a Oporto desde Vigo<\/strong><\/h2>\n<p>Disfruta de este tour a Oporto desde Vigo, y descubre la segunda ciudad m\u00e1s importante del territorio <strong>Luso<\/strong>; por supuesto hablamos de <strong>Oporto<\/strong>, esta bell\u00edsima urbe <strong>declarada por la UNESCO como Patrimonio Mundial<\/strong>.<\/p>\n<p>En este tour Oporto desde Vigo de 8 horas, tendr\u00e1s la oportunidad de visitar tanto el <strong>casco antiguo de la ciudad,<\/strong> que exhibe grandes edificaciones medievales, hasta recorrer los lugares m\u00e1s modernos y degustar un buen plato mediterr\u00e1neo justo a las orillas del <strong>R\u00edo Duero<\/strong>.<\/p>\n<p>Este tour a Oporto desde Vigo, es completamente privado, con gu\u00eda oficial privado y veh\u00edculo privado. Puedes escoger la Hora y lugar de recogida en Vigo.<\/p>\n<h2>Puntos de inter\u00e9s en el Tour privado a Oporto desde Vigo<\/h2>\n<p>Nos reuniremos en su Hotel, en la terminal de cruceros o lugar de su elecci\u00f3n en <strong>Vigo<\/strong>. De all\u00ed tomaremos el camino rumbo a una de las ciudades m\u00e1s bonitas de <strong>Portugal<\/strong> y tambi\u00e9n una de las m\u00e1s cercanas a la regi\u00f3n de <strong>Galicia<\/strong>. En Porto est\u00e1 esperando nuestro gu\u00eda para empezar un recorrido privado de la ciudad.<\/p>\n<p>Al llegar, empezaremos nuestro tour privado en la <strong>Avenida dos Aliados<\/strong>, este es el punto que separa las dos caras de la ciudad, es decir, el casco m\u00e1s moderno del m\u00e1s antiguo. Obviamente, como este paseo se trata de un viaje en el tiempo, empezaremos por el lado m\u00e1s antiguo acerc\u00e1ndonos de forma progresiva hacia la modernidad.<\/p>\n<p>Recorreremos la <strong>Pra\u00e7a da Liberda<\/strong> hasta llegar a la <strong>Catedral Fortificada<\/strong> una preciosa construcci\u00f3n de estilo barroco que data del siglo XII, all\u00ed tu gu\u00eda te narrar\u00e1 la historia de la catedral para luego retomar camino hacia la muralla romana y fernandina, la cual no est\u00e1 completa, pero se puede vislumbrar su imponencia en las partes que a\u00fan se encuentran en pie.<\/p>\n<p>Tres lugares ic\u00f3nicos de este paseo son el <strong>Castillo<\/strong> y la <strong>Iglesia de los Grillos,<\/strong> lugares con un aura medieval impresionante; y por supuesto la <strong>Universidad de Oporto<\/strong>, edificio que se dice que inspir\u00f3 al m\u00e1gico <strong>Hogwarts del universo de Harry Potter<\/strong>.<\/p>\n<p>Para cerrar el paseo por la parte antigua, visitaremos el <strong>Palacio de la Bolsa<\/strong>, que hoy en d\u00eda sirve de sede a la Asociaci\u00f3n Comercial de la ciudad, y que es considerado uno de los edificios m\u00e1s bellos de Oporto.<\/p>\n<p>Por fin llegaremos a la <strong>Ribeira<\/strong>, justo en las orillas del <strong>R\u00edo Duero<\/strong>, donde tendremos la oportunidad de probar un rico plato t\u00edpico portugu\u00e9s y saborear el famoso vino de oporto. Tambi\u00e9n realizaremos la tradicional compra de recuerdos para luego encaminarnos hacia los puentes m\u00e1s famosos del lugar como lo son: El <strong>Puente Don Luis I<\/strong> y el <strong>Puente Mar\u00eda Pia<\/strong>.<\/p>\n<p>Tambi\u00e9n nos daremos una vuelta por la estaci\u00f3n de trenes de <strong>San Bento<\/strong>, famosa por sus m\u00e1s de 20 000 azulejos que relatan la historia de Portugal.<\/p>\n<p>Si dispone de m\u00e1s d\u00edas en la ciudad de Vigo, puedes consultar <a href=\"https:\/\/tourtravelandmore.com\/es\/ciudad\/espana-es\/vigo-es\/\"><strong>aqu\u00ed<\/strong><\/a>, el resto de nuestros tours privados.<\/p>\n","protected":false},"excerpt":{"rendered":"<p>Disfrute de este tour privado de Oporto desde Vigo. Tome esta oportunidad para conocer una de las ciudades m\u00e1s importantes de Portugal, con vuestro gu\u00eda oficial privado y veh\u00edculo privado con ch\u00f3fer oficial. Descubre la Historia y monumentos de Porto: Palacio de la Bolsa, Catedral, Castillo, la Iglesia de los Grillos y mucho m\u00e1s!<\/p>\n<p>&nbsp;<\/p>\n","protected":false},"featured_media":75207,"comment_status":"open","ping_status":"closed","template":"","meta":{"_acf_changed":false},"product_brand":[],"product_cat":[1596,1861,1866,1864],"product_tag":[],"class_list":{"0":"post-75197","1":"product","2":"type-product","3":"status-publish","4":"has-post-thumbnail","6":"product_cat-espana-es","7":"product_cat-vigo-es","8":"product_cat-vigo-actividades-es","9":"product_cat-vigo-rutas-turisticas-privadas-es","11":"first","12":"instock","13":"shipping-taxable","14":"purchasable","15":"product-type-simple"},"acf":[],"yoast_head":"<!-- This site is optimized with the Yoast SEO Premium plugin v25.3.1 (Yoast SEO v25.3.1) - https:\/\/yoast.com\/wordpress\/plugins\/seo\/ -->\n<title>\u27a1\ufe0f Tour Oporto desde Vigo | Tour Travel &amp; More<\/title>\n<meta name=\"description\" content=\"Disfruta de este tour a Oporto desde Vigo, con gu\u00eda oficial privado y vehiculo privado. Descubre una de las Ciudades m\u00e1s importantes de Portugal \u2705\" \/>\n<meta name=\"robots\" content=\"index, follow, max-snippet:-1, max-image-preview:large, max-video-preview:-1\" \/>\n<link rel=\"canonical\" href=\"https:\/\/tourtravelandmore.com\/es\/tours\/espana-es\/vigo-es\/vigo-rutas-turisticas-privadas-es\/tour-porto-desde-vigo-tour-privado-con-guia-y-vehiculo\/\" \/>\n<meta property=\"og:locale\" content=\"es_ES\" \/>\n<meta property=\"og:type\" content=\"article\" \/>\n<meta property=\"og:title\" content=\"Tour privado a Oporto desde Vigo desde hotel o terminal de cruceros\" \/>\n<meta property=\"og:description\" content=\"Disfruta de este tour a Oporto desde Vigo, con gu\u00eda oficial privado y vehiculo privado. Descubre una de las Ciudades m\u00e1s importantes de Portugal \u2705\" \/>\n<meta property=\"og:url\" content=\"https:\/\/tourtravelandmore.com\/es\/tours\/espana-es\/vigo-es\/vigo-rutas-turisticas-privadas-es\/tour-porto-desde-vigo-tour-privado-con-guia-y-vehiculo\/\" \/>\n<meta property=\"og:site_name\" content=\"Tour Travel And More\" \/>\n<meta property=\"article:publisher\" content=\"https:\/\/www.facebook.com\/tourtravelandmore\/\" \/>\n<meta property=\"article:modified_time\" content=\"2023-11-08T13:34:27+00:00\" \/>\n<meta property=\"og:image\" content=\"https:\/\/tourtravelandmore.com\/wp-content\/uploads\/2020\/01\/oporto-5.jpg\" \/>\n\t<meta property=\"og:image:width\" content=\"640\" \/>\n\t<meta property=\"og:image:height\" content=\"454\" \/>\n\t<meta property=\"og:image:type\" content=\"image\/jpeg\" \/>\n<meta name=\"twitter:card\" content=\"summary_large_image\" \/>\n<meta name=\"twitter:site\" content=\"@TourTravel_More\" \/>\n<meta name=\"twitter:label1\" content=\"Tiempo de lectura\" \/>\n\t<meta name=\"twitter:data1\" content=\"3 minutos\" \/>\n<script type=\"application\/ld+json\" class=\"yoast-schema-graph\">{\"@context\":\"https:\/\/schema.org\",\"@graph\":[{\"@type\":\"WebPage\",\"@id\":\"https:\/\/tourtravelandmore.com\/es\/tours\/espana-es\/vigo-es\/vigo-rutas-turisticas-privadas-es\/tour-porto-desde-vigo-tour-privado-con-guia-y-vehiculo\/\",\"url\":\"https:\/\/tourtravelandmore.com\/es\/tours\/espana-es\/vigo-es\/vigo-rutas-turisticas-privadas-es\/tour-porto-desde-vigo-tour-privado-con-guia-y-vehiculo\/\",\"name\":\"\u27a1\ufe0f Tour Oporto desde Vigo | Tour Travel & More\",\"isPartOf\":{\"@id\":\"https:\/\/tourtravelandmore.com\/es\/#website\"},\"primaryImageOfPage\":{\"@id\":\"https:\/\/tourtravelandmore.com\/es\/tours\/espana-es\/vigo-es\/vigo-rutas-turisticas-privadas-es\/tour-porto-desde-vigo-tour-privado-con-guia-y-vehiculo\/#primaryimage\"},\"image\":{\"@id\":\"https:\/\/tourtravelandmore.com\/es\/tours\/espana-es\/vigo-es\/vigo-rutas-turisticas-privadas-es\/tour-porto-desde-vigo-tour-privado-con-guia-y-vehiculo\/#primaryimage\"},\"thumbnailUrl\":\"https:\/\/tourtravelandmore.com\/wp-content\/uploads\/2020\/01\/oporto-5.jpg\",\"datePublished\":\"2020-01-23T14:29:29+00:00\",\"dateModified\":\"2023-11-08T13:34:27+00:00\",\"description\":\"Disfruta de este tour a Oporto desde Vigo, con gu\u00eda oficial privado y vehiculo privado. Descubre una de las Ciudades m\u00e1s importantes de Portugal \u2705\",\"breadcrumb\":{\"@id\":\"https:\/\/tourtravelandmore.com\/es\/tours\/espana-es\/vigo-es\/vigo-rutas-turisticas-privadas-es\/tour-porto-desde-vigo-tour-privado-con-guia-y-vehiculo\/#breadcrumb\"},\"inLanguage\":\"es\",\"potentialAction\":[{\"@type\":\"ReadAction\",\"target\":[\"https:\/\/tourtravelandmore.com\/es\/tours\/espana-es\/vigo-es\/vigo-rutas-turisticas-privadas-es\/tour-porto-desde-vigo-tour-privado-con-guia-y-vehiculo\/\"]}]},{\"@type\":\"ImageObject\",\"inLanguage\":\"es\",\"@id\":\"https:\/\/tourtravelandmore.com\/es\/tours\/espana-es\/vigo-es\/vigo-rutas-turisticas-privadas-es\/tour-porto-desde-vigo-tour-privado-con-guia-y-vehiculo\/#primaryimage\",\"url\":\"https:\/\/tourtravelandmore.com\/wp-content\/uploads\/2020\/01\/oporto-5.jpg\",\"contentUrl\":\"https:\/\/tourtravelandmore.com\/wp-content\/uploads\/2020\/01\/oporto-5.jpg\",\"width\":640,\"height\":454},{\"@type\":\"BreadcrumbList\",\"@id\":\"https:\/\/tourtravelandmore.com\/es\/tours\/espana-es\/vigo-es\/vigo-rutas-turisticas-privadas-es\/tour-porto-desde-vigo-tour-privado-con-guia-y-vehiculo\/#breadcrumb\",\"itemListElement\":[{\"@type\":\"ListItem\",\"position\":1,\"name\":\"Home\",\"item\":\"https:\/\/tourtravelandmore.com\/es\/\"},{\"@type\":\"ListItem\",\"position\":2,\"name\":\"Tours\",\"item\":\"https:\/\/tourtravelandmore.com\/es\/tours\/\"},{\"@type\":\"ListItem\",\"position\":3,\"name\":\"Tour privado a Oporto desde Vigo desde hotel o terminal de cruceros\"}]},{\"@type\":\"WebSite\",\"@id\":\"https:\/\/tourtravelandmore.com\/es\/#website\",\"url\":\"https:\/\/tourtravelandmore.com\/es\/\",\"name\":\"Tour Travel And More\",\"description\":\"Private sightseeing tours and luxury transfers in Spain\",\"publisher\":{\"@id\":\"https:\/\/tourtravelandmore.com\/es\/#organization\"},\"potentialAction\":[{\"@type\":\"SearchAction\",\"target\":{\"@type\":\"EntryPoint\",\"urlTemplate\":\"https:\/\/tourtravelandmore.com\/es\/?s={search_term_string}\"},\"query-input\":{\"@type\":\"PropertyValueSpecification\",\"valueRequired\":true,\"valueName\":\"search_term_string\"}}],\"inLanguage\":\"es\"},{\"@type\":\"Organization\",\"@id\":\"https:\/\/tourtravelandmore.com\/es\/#organization\",\"name\":\"Tour Travel And More\",\"url\":\"https:\/\/tourtravelandmore.com\/es\/\",\"logo\":{\"@type\":\"ImageObject\",\"inLanguage\":\"es\",\"@id\":\"https:\/\/tourtravelandmore.com\/es\/#\/schema\/logo\/image\/\",\"url\":\"https:\/\/tourtravelandmore.com\/wp-content\/uploads\/2022\/12\/cropped-logo-cabecera-new.png\",\"contentUrl\":\"https:\/\/tourtravelandmore.com\/wp-content\/uploads\/2022\/12\/cropped-logo-cabecera-new.png\",\"width\":430,\"height\":61,\"caption\":\"Tour Travel And More\"},\"image\":{\"@id\":\"https:\/\/tourtravelandmore.com\/es\/#\/schema\/logo\/image\/\"},\"sameAs\":[\"https:\/\/www.facebook.com\/tourtravelandmore\/\",\"https:\/\/x.com\/TourTravel_More\"]}]}<\/script>\n<!-- \/ Yoast SEO Premium plugin. -->","yoast_head_json":{"title":"\u27a1\ufe0f Tour Oporto desde Vigo | Tour Travel & More","description":"Disfruta de este tour a Oporto desde Vigo, con gu\u00eda oficial privado y vehiculo privado. Descubre una de las Ciudades m\u00e1s importantes de Portugal \u2705","robots":{"index":"index","follow":"follow","max-snippet":"max-snippet:-1","max-image-preview":"max-image-preview:large","max-video-preview":"max-video-preview:-1"},"canonical":"https:\/\/tourtravelandmore.com\/es\/tours\/espana-es\/vigo-es\/vigo-rutas-turisticas-privadas-es\/tour-porto-desde-vigo-tour-privado-con-guia-y-vehiculo\/","og_locale":"es_ES","og_type":"article","og_title":"Tour privado a Oporto desde Vigo desde hotel o terminal de cruceros","og_description":"Disfruta de este tour a Oporto desde Vigo, con gu\u00eda oficial privado y vehiculo privado. Descubre una de las Ciudades m\u00e1s importantes de Portugal \u2705","og_url":"https:\/\/tourtravelandmore.com\/es\/tours\/espana-es\/vigo-es\/vigo-rutas-turisticas-privadas-es\/tour-porto-desde-vigo-tour-privado-con-guia-y-vehiculo\/","og_site_name":"Tour Travel And More","article_publisher":"https:\/\/www.facebook.com\/tourtravelandmore\/","article_modified_time":"2023-11-08T13:34:27+00:00","og_image":[{"width":640,"height":454,"url":"https:\/\/tourtravelandmore.com\/wp-content\/uploads\/2020\/01\/oporto-5.jpg","type":"image\/jpeg"}],"twitter_card":"summary_large_image","twitter_site":"@TourTravel_More","twitter_misc":{"Tiempo de lectura":"3 minutos"},"schema":{"@context":"https:\/\/schema.org","@graph":[{"@type":"WebPage","@id":"https:\/\/tourtravelandmore.com\/es\/tours\/espana-es\/vigo-es\/vigo-rutas-turisticas-privadas-es\/tour-porto-desde-vigo-tour-privado-con-guia-y-vehiculo\/","url":"https:\/\/tourtravelandmore.com\/es\/tours\/espana-es\/vigo-es\/vigo-rutas-turisticas-privadas-es\/tour-porto-desde-vigo-tour-privado-con-guia-y-vehiculo\/","name":"\u27a1\ufe0f Tour Oporto desde Vigo | Tour Travel & More","isPartOf":{"@id":"https:\/\/tourtravelandmore.com\/es\/#website"},"primaryImageOfPage":{"@id":"https:\/\/tourtravelandmore.com\/es\/tours\/espana-es\/vigo-es\/vigo-rutas-turisticas-privadas-es\/tour-porto-desde-vigo-tour-privado-con-guia-y-vehiculo\/#primaryimage"},"image":{"@id":"https:\/\/tourtravelandmore.com\/es\/tours\/espana-es\/vigo-es\/vigo-rutas-turisticas-privadas-es\/tour-porto-desde-vigo-tour-privado-con-guia-y-vehiculo\/#primaryimage"},"thumbnailUrl":"https:\/\/tourtravelandmore.com\/wp-content\/uploads\/2020\/01\/oporto-5.jpg","datePublished":"2020-01-23T14:29:29+00:00","dateModified":"2023-11-08T13:34:27+00:00","description":"Disfruta de este tour a Oporto desde Vigo, con gu\u00eda oficial privado y vehiculo privado. Descubre una de las Ciudades m\u00e1s importantes de Portugal \u2705","breadcrumb":{"@id":"https:\/\/tourtravelandmore.com\/es\/tours\/espana-es\/vigo-es\/vigo-rutas-turisticas-privadas-es\/tour-porto-desde-vigo-tour-privado-con-guia-y-vehiculo\/#breadcrumb"},"inLanguage":"es","potentialAction":[{"@type":"ReadAction","target":["https:\/\/tourtravelandmore.com\/es\/tours\/espana-es\/vigo-es\/vigo-rutas-turisticas-privadas-es\/tour-porto-desde-vigo-tour-privado-con-guia-y-vehiculo\/"]}]},{"@type":"ImageObject","inLanguage":"es","@id":"https:\/\/tourtravelandmore.com\/es\/tours\/espana-es\/vigo-es\/vigo-rutas-turisticas-privadas-es\/tour-porto-desde-vigo-tour-privado-con-guia-y-vehiculo\/#primaryimage","url":"https:\/\/tourtravelandmore.com\/wp-content\/uploads\/2020\/01\/oporto-5.jpg","contentUrl":"https:\/\/tourtravelandmore.com\/wp-content\/uploads\/2020\/01\/oporto-5.jpg","width":640,"height":454},{"@type":"BreadcrumbList","@id":"https:\/\/tourtravelandmore.com\/es\/tours\/espana-es\/vigo-es\/vigo-rutas-turisticas-privadas-es\/tour-porto-desde-vigo-tour-privado-con-guia-y-vehiculo\/#breadcrumb","itemListElement":[{"@type":"ListItem","position":1,"name":"Home","item":"https:\/\/tourtravelandmore.com\/es\/"},{"@type":"ListItem","position":2,"name":"Tours","item":"https:\/\/tourtravelandmore.com\/es\/tours\/"},{"@type":"ListItem","position":3,"name":"Tour privado a Oporto desde Vigo desde hotel o terminal de cruceros"}]},{"@type":"WebSite","@id":"https:\/\/tourtravelandmore.com\/es\/#website","url":"https:\/\/tourtravelandmore.com\/es\/","name":"Tour Travel And More","description":"Private sightseeing tours and luxury transfers in Spain","publisher":{"@id":"https:\/\/tourtravelandmore.com\/es\/#organization"},"potentialAction":[{"@type":"SearchAction","target":{"@type":"EntryPoint","urlTemplate":"https:\/\/tourtravelandmore.com\/es\/?s={search_term_string}"},"query-input":{"@type":"PropertyValueSpecification","valueRequired":true,"valueName":"search_term_string"}}],"inLanguage":"es"},{"@type":"Organization","@id":"https:\/\/tourtravelandmore.com\/es\/#organization","name":"Tour Travel And More","url":"https:\/\/tourtravelandmore.com\/es\/","logo":{"@type":"ImageObject","inLanguage":"es","@id":"https:\/\/tourtravelandmore.com\/es\/#\/schema\/logo\/image\/","url":"https:\/\/tourtravelandmore.com\/wp-content\/uploads\/2022\/12\/cropped-logo-cabecera-new.png","contentUrl":"https:\/\/tourtravelandmore.com\/wp-content\/uploads\/2022\/12\/cropped-logo-cabecera-new.png","width":430,"height":61,"caption":"Tour Travel And More"},"image":{"@id":"https:\/\/tourtravelandmore.com\/es\/#\/schema\/logo\/image\/"},"sameAs":["https:\/\/www.facebook.com\/tourtravelandmore\/","https:\/\/x.com\/TourTravel_More"]}]}},"_links":{"self":[{"href":"https:\/\/tourtravelandmore.com\/es\/wp-json\/wp\/v2\/product\/75197","targetHints":{"allow":["GET"]}}],"collection":[{"href":"https:\/\/tourtravelandmore.com\/es\/wp-json\/wp\/v2\/product"}],"about":[{"href":"https:\/\/tourtravelandmore.com\/es\/wp-json\/wp\/v2\/types\/product"}],"replies":[{"embeddable":true,"href":"https:\/\/tourtravelandmore.com\/es\/wp-json\/wp\/v2\/comments?post=75197"}],"wp:featuredmedia":[{"embeddable":true,"href":"https:\/\/tourtravelandmore.com\/es\/wp-json\/wp\/v2\/media\/75207"}],"wp:attachment":[{"href":"https:\/\/tourtravelandmore.com\/es\/wp-json\/wp\/v2\/media?parent=75197"}],"wp:term":[{"taxonomy":"product_brand","embeddable":true,"href":"https:\/\/tourtravelandmore.com\/es\/wp-json\/wp\/v2\/product_brand?post=75197"},{"taxonomy":"product_cat","embeddable":true,"href":"https:\/\/tourtravelandmore.com\/es\/wp-json\/wp\/v2\/product_cat?post=75197"},{"taxonomy":"product_tag","embeddable":true,"href":"https:\/\/tourtravelandmore.com\/es\/wp-json\/wp\/v2\/product_tag?post=75197"}],"curies":[{"name":"wp","href":"https:\/\/api.w.org\/{rel}","templated":true}]}}