{"id":75125,"date":"2020-01-23T09:00:49","date_gmt":"2020-01-23T08:00:50","guid":{"rendered":"https:\/\/tourtravelandmore.com\/?post_type=product&#038;p=75125"},"modified":"2024-07-29T19:22:46","modified_gmt":"2024-07-29T17:22:46","slug":"tour-privado-a-pie-de-2-horas-de-soho-little-italy-y-chinatown","status":"publish","type":"product","link":"https:\/\/tourtravelandmore.com\/es\/tours\/eeuu-es\/nueva-york-es\/nueva-york-tours-privados-pie-es\/tour-privado-a-pie-de-2-horas-de-soho-little-italy-y-chinatown\/","title":{"rendered":"Tour Privado por Soho, Little Italy y Chinatown a pie"},"content":{"rendered":"<h2><b><strong>Descripci\u00f3n del tour privado<\/strong><\/b><\/h2>\n<p><b><strong>Nueva<\/strong><\/b> York es una ciudad que ofrece muchas cosas que hacer y cuenta con barrios muy interesantes y sorprendentes. Si busca un recorrido \u00fanico por la ciudad, esta <b><strong>visita privada a pie por el Soho, Little Italy y Chinatown<\/strong><\/b> es la opci\u00f3n perfecta. Dispondr\u00e1 de un gu\u00eda<b><strong> oficial privado<\/strong><\/b> para una visita guiada de 2 horas.<\/p>\n<p>El recorrido comenzar\u00e1 en el centro de Spring Street Park a la hora deseada por usted. Es posible organizar la recogida en su hotel o lugar de elecci\u00f3n, si se encuentra fuera del centro de la ciudad.<\/p>\n<p>Conocer\u00e1 los lugares m\u00e1s emblem\u00e1ticos y bonitos de este maravilloso barrio de Nueva York. En caso de que desee visitar alg\u00fan monumento o museo en concreto, podemos incluirle la entrada. Estamos aqu\u00ed para ofrecerle la mejor experiencia en sus vacaciones.<\/p>\n<p>Le ofrecemos otras opciones de visitas privadas a pie, experiencias de un d\u00eda completo y traslados privados en Nueva York, eche un vistazo a <a href=\"\u00abhttps:\/\/tourtravelandmore.com\/?product_cat=u-s-a\/new-york-city-en\u00bb\/\">nuestra lista<\/a>.<\/p>\n<h2><b><strong>Puntos de inter\u00e9s y lugares emblem\u00e1ticos del recorrido<\/strong><\/b><\/h2>\n<p>En primer lugar, se reunir\u00e1 con su gu\u00eda oficial del recorrido privado en el centro de Spring Street Park a la hora que desee. Durante este recorrido privado a pie por el Soho, Little Italy y Chinatown descubrir\u00e1 tres barrios muy diferentes entre s\u00ed.<\/p>\n<p>Comience en <b><strong>el<\/strong><\/b> Soho y pasee por sus elegantes calles, famosas por su arquitectura, sus caf\u00e9s, sus restaurantes y sus tiendas. Descubra los edificios de hierro fundido de uno de los barrios m\u00e1s de moda de la ciudad.<\/p>\n<p>Absorba las vistas y los sonidos de <b><strong>la Peque\u00f1a Italia<\/strong><\/b> y su sangrienta historia cuando visite los lugares donde tuvieron lugar los asesinatos de la mafia. Sienta el ambiente de un aut\u00e9ntico barrio italiano, huela y pruebe las mejores delicias italianas como la pizza, la pasta o el gelato.<\/p>\n<p>Por \u00faltimo, <b><strong>Chinatown<\/strong><\/b>, con sus coloridas calles llenas de vendedores y tiendas, regatee con uno de los vendedores o simplemente pruebe un dumpling tradicional. Conozca la historia de una de las mayores zonas de expatriados chinos en el hemisferio occidental.<\/p>\n<p>Le proponemos visitar, entre otros lugares<\/p>\n<ul>\n<li><b><strong>Distrito del Hierro Fundido<\/strong><\/b><\/li>\n<li><b><strong>Edificio Haughwout<\/strong><\/b><\/li>\n<li><b><strong>Edificio de apartamentos de Heath Ledger<\/strong><\/b><\/li>\n<li><b><strong>Alleva Dairy &#8211; La queser\u00eda m\u00e1s antigua de NY<\/strong><\/b><\/li>\n<li><b><strong>Lombardi&#8217;s Pizza &#8211; La primera pizzer\u00eda de NY<\/strong><\/b><\/li>\n<li><b><strong>Ravenite Club &#8211; Lugares de reuni\u00f3n de la mafia<\/strong><\/b><\/li>\n<li><b><strong>Calles Canal y Mott<\/strong><\/b><\/li>\n<li><b><strong>Antiguo distrito de Five Points (Gangs of NY)<\/strong><\/b><\/li>\n<li><a href=\"\u00abhttps:\/\/www.nycgovparks.org\/parks\/columbus-park-m015\/\u00bb\">Parque Columbus<\/a><\/li>\n<li><b><strong>Antiguo fumadero de opio<\/strong><\/b><\/li>\n<li><b><strong>Antiguo Cuartel General de la Polic\u00eda de NYC<\/strong><\/b><\/li>\n<li><b><strong>Templo budista Mahayana<\/strong><\/b><\/li>\n<\/ul>\n<p>Si considera que 2 horas no son suficientes, podemos incluir m\u00e1s horas a su experiencia o incluso convertirla en una visita de d\u00eda completo.<\/p>\n<p>Por \u00faltimo, al final de la visita, su gu\u00eda oficial privado le dejar\u00e1 en un lugar c\u00e9ntrico de NY.<\/p>\n","protected":false},"excerpt":{"rendered":"<p>Aproveche esta oportunidad y conozca algunos de los lugares m\u00e1s emblem\u00e1ticos de <strong>Nueva York<\/strong> en este<strong> Tour Privado a pie<\/strong>, con tu gu\u00eda tur\u00edstico privado, quien te mostrar\u00e1 e iluminar\u00e1 con los mejores edificios, historia, comida y el mejor entretenimiento de esta fant\u00e1stica ciudad. Visite los barrios m\u00e1s hermosos y \u00fanicos: <strong>Chinatown<\/strong>, <strong>Soho<\/strong> y <strong>Little Italy<\/strong>.<\/p>\n","protected":false},"featured_media":75135,"comment_status":"open","ping_status":"closed","template":"","meta":{"_acf_changed":false},"product_brand":[],"product_cat":[1602,2015,2018,2016],"product_tag":[],"class_list":{"0":"post-75125","1":"product","2":"type-product","3":"status-publish","4":"has-post-thumbnail","6":"product_cat-eeuu-es","7":"product_cat-nueva-york-es","8":"product_cat-nueva-york-actividades-es","9":"product_cat-nueva-york-tours-privados-pie-es","11":"first","12":"instock","13":"shipping-taxable","14":"purchasable","15":"product-type-simple"},"acf":[],"yoast_head":"<!-- This site is optimized with the Yoast SEO Premium plugin v25.3.1 (Yoast SEO v25.3.1) - https:\/\/yoast.com\/wordpress\/plugins\/seo\/ -->\n<title>Tour Privado por Soho, Little Italy y Chinatown a pie con gu\u00eda oficial<\/title>\n<meta name=\"description\" content=\"Disfrute de este Tour por Soho, Little Italy y Chinatown a pie junto a su gu\u00eda oficial privado quien lo llevar\u00e1 a recorrer estos magn\u00edficos barrios de NY.\" \/>\n<meta name=\"robots\" content=\"index, follow, max-snippet:-1, max-image-preview:large, max-video-preview:-1\" \/>\n<link rel=\"canonical\" href=\"https:\/\/tourtravelandmore.com\/es\/tours\/eeuu-es\/nueva-york-es\/nueva-york-tours-privados-pie-es\/tour-privado-a-pie-de-2-horas-de-soho-little-italy-y-chinatown\/\" \/>\n<meta property=\"og:locale\" content=\"es_ES\" \/>\n<meta property=\"og:type\" content=\"article\" \/>\n<meta property=\"og:title\" content=\"Tour Privado por Soho, Little Italy y Chinatown a pie\" \/>\n<meta property=\"og:description\" content=\"Disfrute de este Tour por Soho, Little Italy y Chinatown a pie junto a su gu\u00eda oficial privado quien lo llevar\u00e1 a recorrer estos magn\u00edficos barrios de NY.\" \/>\n<meta property=\"og:url\" content=\"https:\/\/tourtravelandmore.com\/es\/tours\/eeuu-es\/nueva-york-es\/nueva-york-tours-privados-pie-es\/tour-privado-a-pie-de-2-horas-de-soho-little-italy-y-chinatown\/\" \/>\n<meta property=\"og:site_name\" content=\"Tour Travel And More\" \/>\n<meta property=\"article:publisher\" content=\"https:\/\/www.facebook.com\/tourtravelandmore\/\" \/>\n<meta property=\"article:modified_time\" content=\"2024-07-29T17:22:46+00:00\" \/>\n<meta property=\"og:image\" content=\"https:\/\/tourtravelandmore.com\/wp-content\/uploads\/2020\/01\/n36.jpg\" \/>\n\t<meta property=\"og:image:width\" content=\"1024\" \/>\n\t<meta property=\"og:image:height\" content=\"681\" \/>\n\t<meta property=\"og:image:type\" content=\"image\/jpeg\" \/>\n<meta name=\"twitter:card\" content=\"summary_large_image\" \/>\n<meta name=\"twitter:site\" content=\"@TourTravel_More\" \/>\n<meta name=\"twitter:label1\" content=\"Tiempo de lectura\" \/>\n\t<meta name=\"twitter:data1\" content=\"2 minutos\" \/>\n<script type=\"application\/ld+json\" class=\"yoast-schema-graph\">{\"@context\":\"https:\/\/schema.org\",\"@graph\":[{\"@type\":\"WebPage\",\"@id\":\"https:\/\/tourtravelandmore.com\/es\/tours\/eeuu-es\/nueva-york-es\/nueva-york-tours-privados-pie-es\/tour-privado-a-pie-de-2-horas-de-soho-little-italy-y-chinatown\/\",\"url\":\"https:\/\/tourtravelandmore.com\/es\/tours\/eeuu-es\/nueva-york-es\/nueva-york-tours-privados-pie-es\/tour-privado-a-pie-de-2-horas-de-soho-little-italy-y-chinatown\/\",\"name\":\"Tour Privado por Soho, Little Italy y Chinatown a pie con gu\u00eda oficial\",\"isPartOf\":{\"@id\":\"https:\/\/tourtravelandmore.com\/es\/#website\"},\"primaryImageOfPage\":{\"@id\":\"https:\/\/tourtravelandmore.com\/es\/tours\/eeuu-es\/nueva-york-es\/nueva-york-tours-privados-pie-es\/tour-privado-a-pie-de-2-horas-de-soho-little-italy-y-chinatown\/#primaryimage\"},\"image\":{\"@id\":\"https:\/\/tourtravelandmore.com\/es\/tours\/eeuu-es\/nueva-york-es\/nueva-york-tours-privados-pie-es\/tour-privado-a-pie-de-2-horas-de-soho-little-italy-y-chinatown\/#primaryimage\"},\"thumbnailUrl\":\"https:\/\/tourtravelandmore.com\/wp-content\/uploads\/2020\/01\/n36.jpg\",\"datePublished\":\"2020-01-23T08:00:50+00:00\",\"dateModified\":\"2024-07-29T17:22:46+00:00\",\"description\":\"Disfrute de este Tour por Soho, Little Italy y Chinatown a pie junto a su gu\u00eda oficial privado quien lo llevar\u00e1 a recorrer estos magn\u00edficos barrios de NY.\",\"breadcrumb\":{\"@id\":\"https:\/\/tourtravelandmore.com\/es\/tours\/eeuu-es\/nueva-york-es\/nueva-york-tours-privados-pie-es\/tour-privado-a-pie-de-2-horas-de-soho-little-italy-y-chinatown\/#breadcrumb\"},\"inLanguage\":\"es\",\"potentialAction\":[{\"@type\":\"ReadAction\",\"target\":[\"https:\/\/tourtravelandmore.com\/es\/tours\/eeuu-es\/nueva-york-es\/nueva-york-tours-privados-pie-es\/tour-privado-a-pie-de-2-horas-de-soho-little-italy-y-chinatown\/\"]}]},{\"@type\":\"ImageObject\",\"inLanguage\":\"es\",\"@id\":\"https:\/\/tourtravelandmore.com\/es\/tours\/eeuu-es\/nueva-york-es\/nueva-york-tours-privados-pie-es\/tour-privado-a-pie-de-2-horas-de-soho-little-italy-y-chinatown\/#primaryimage\",\"url\":\"https:\/\/tourtravelandmore.com\/wp-content\/uploads\/2020\/01\/n36.jpg\",\"contentUrl\":\"https:\/\/tourtravelandmore.com\/wp-content\/uploads\/2020\/01\/n36.jpg\",\"width\":1024,\"height\":681,\"caption\":\"SONY DSC\"},{\"@type\":\"BreadcrumbList\",\"@id\":\"https:\/\/tourtravelandmore.com\/es\/tours\/eeuu-es\/nueva-york-es\/nueva-york-tours-privados-pie-es\/tour-privado-a-pie-de-2-horas-de-soho-little-italy-y-chinatown\/#breadcrumb\",\"itemListElement\":[{\"@type\":\"ListItem\",\"position\":1,\"name\":\"Home\",\"item\":\"https:\/\/tourtravelandmore.com\/es\/\"},{\"@type\":\"ListItem\",\"position\":2,\"name\":\"Tours\",\"item\":\"https:\/\/tourtravelandmore.com\/es\/tours\/\"},{\"@type\":\"ListItem\",\"position\":3,\"name\":\"Tour Privado por Soho, Little Italy y Chinatown a pie\"}]},{\"@type\":\"WebSite\",\"@id\":\"https:\/\/tourtravelandmore.com\/es\/#website\",\"url\":\"https:\/\/tourtravelandmore.com\/es\/\",\"name\":\"Tour Travel And More\",\"description\":\"Private sightseeing tours and luxury transfers in Spain\",\"publisher\":{\"@id\":\"https:\/\/tourtravelandmore.com\/es\/#organization\"},\"potentialAction\":[{\"@type\":\"SearchAction\",\"target\":{\"@type\":\"EntryPoint\",\"urlTemplate\":\"https:\/\/tourtravelandmore.com\/es\/?s={search_term_string}\"},\"query-input\":{\"@type\":\"PropertyValueSpecification\",\"valueRequired\":true,\"valueName\":\"search_term_string\"}}],\"inLanguage\":\"es\"},{\"@type\":\"Organization\",\"@id\":\"https:\/\/tourtravelandmore.com\/es\/#organization\",\"name\":\"Tour Travel And More\",\"url\":\"https:\/\/tourtravelandmore.com\/es\/\",\"logo\":{\"@type\":\"ImageObject\",\"inLanguage\":\"es\",\"@id\":\"https:\/\/tourtravelandmore.com\/es\/#\/schema\/logo\/image\/\",\"url\":\"https:\/\/tourtravelandmore.com\/wp-content\/uploads\/2022\/12\/cropped-logo-cabecera-new.png\",\"contentUrl\":\"https:\/\/tourtravelandmore.com\/wp-content\/uploads\/2022\/12\/cropped-logo-cabecera-new.png\",\"width\":430,\"height\":61,\"caption\":\"Tour Travel And More\"},\"image\":{\"@id\":\"https:\/\/tourtravelandmore.com\/es\/#\/schema\/logo\/image\/\"},\"sameAs\":[\"https:\/\/www.facebook.com\/tourtravelandmore\/\",\"https:\/\/x.com\/TourTravel_More\"]}]}<\/script>\n<!-- \/ Yoast SEO Premium plugin. -->","yoast_head_json":{"title":"Tour Privado por Soho, Little Italy y Chinatown a pie con gu\u00eda oficial","description":"Disfrute de este Tour por Soho, Little Italy y Chinatown a pie junto a su gu\u00eda oficial privado quien lo llevar\u00e1 a recorrer estos magn\u00edficos barrios de NY.","robots":{"index":"index","follow":"follow","max-snippet":"max-snippet:-1","max-image-preview":"max-image-preview:large","max-video-preview":"max-video-preview:-1"},"canonical":"https:\/\/tourtravelandmore.com\/es\/tours\/eeuu-es\/nueva-york-es\/nueva-york-tours-privados-pie-es\/tour-privado-a-pie-de-2-horas-de-soho-little-italy-y-chinatown\/","og_locale":"es_ES","og_type":"article","og_title":"Tour Privado por Soho, Little Italy y Chinatown a pie","og_description":"Disfrute de este Tour por Soho, Little Italy y Chinatown a pie junto a su gu\u00eda oficial privado quien lo llevar\u00e1 a recorrer estos magn\u00edficos barrios de NY.","og_url":"https:\/\/tourtravelandmore.com\/es\/tours\/eeuu-es\/nueva-york-es\/nueva-york-tours-privados-pie-es\/tour-privado-a-pie-de-2-horas-de-soho-little-italy-y-chinatown\/","og_site_name":"Tour Travel And More","article_publisher":"https:\/\/www.facebook.com\/tourtravelandmore\/","article_modified_time":"2024-07-29T17:22:46+00:00","og_image":[{"width":1024,"height":681,"url":"https:\/\/tourtravelandmore.com\/wp-content\/uploads\/2020\/01\/n36.jpg","type":"image\/jpeg"}],"twitter_card":"summary_large_image","twitter_site":"@TourTravel_More","twitter_misc":{"Tiempo de lectura":"2 minutos"},"schema":{"@context":"https:\/\/schema.org","@graph":[{"@type":"WebPage","@id":"https:\/\/tourtravelandmore.com\/es\/tours\/eeuu-es\/nueva-york-es\/nueva-york-tours-privados-pie-es\/tour-privado-a-pie-de-2-horas-de-soho-little-italy-y-chinatown\/","url":"https:\/\/tourtravelandmore.com\/es\/tours\/eeuu-es\/nueva-york-es\/nueva-york-tours-privados-pie-es\/tour-privado-a-pie-de-2-horas-de-soho-little-italy-y-chinatown\/","name":"Tour Privado por Soho, Little Italy y Chinatown a pie con gu\u00eda oficial","isPartOf":{"@id":"https:\/\/tourtravelandmore.com\/es\/#website"},"primaryImageOfPage":{"@id":"https:\/\/tourtravelandmore.com\/es\/tours\/eeuu-es\/nueva-york-es\/nueva-york-tours-privados-pie-es\/tour-privado-a-pie-de-2-horas-de-soho-little-italy-y-chinatown\/#primaryimage"},"image":{"@id":"https:\/\/tourtravelandmore.com\/es\/tours\/eeuu-es\/nueva-york-es\/nueva-york-tours-privados-pie-es\/tour-privado-a-pie-de-2-horas-de-soho-little-italy-y-chinatown\/#primaryimage"},"thumbnailUrl":"https:\/\/tourtravelandmore.com\/wp-content\/uploads\/2020\/01\/n36.jpg","datePublished":"2020-01-23T08:00:50+00:00","dateModified":"2024-07-29T17:22:46+00:00","description":"Disfrute de este Tour por Soho, Little Italy y Chinatown a pie junto a su gu\u00eda oficial privado quien lo llevar\u00e1 a recorrer estos magn\u00edficos barrios de NY.","breadcrumb":{"@id":"https:\/\/tourtravelandmore.com\/es\/tours\/eeuu-es\/nueva-york-es\/nueva-york-tours-privados-pie-es\/tour-privado-a-pie-de-2-horas-de-soho-little-italy-y-chinatown\/#breadcrumb"},"inLanguage":"es","potentialAction":[{"@type":"ReadAction","target":["https:\/\/tourtravelandmore.com\/es\/tours\/eeuu-es\/nueva-york-es\/nueva-york-tours-privados-pie-es\/tour-privado-a-pie-de-2-horas-de-soho-little-italy-y-chinatown\/"]}]},{"@type":"ImageObject","inLanguage":"es","@id":"https:\/\/tourtravelandmore.com\/es\/tours\/eeuu-es\/nueva-york-es\/nueva-york-tours-privados-pie-es\/tour-privado-a-pie-de-2-horas-de-soho-little-italy-y-chinatown\/#primaryimage","url":"https:\/\/tourtravelandmore.com\/wp-content\/uploads\/2020\/01\/n36.jpg","contentUrl":"https:\/\/tourtravelandmore.com\/wp-content\/uploads\/2020\/01\/n36.jpg","width":1024,"height":681,"caption":"SONY DSC"},{"@type":"BreadcrumbList","@id":"https:\/\/tourtravelandmore.com\/es\/tours\/eeuu-es\/nueva-york-es\/nueva-york-tours-privados-pie-es\/tour-privado-a-pie-de-2-horas-de-soho-little-italy-y-chinatown\/#breadcrumb","itemListElement":[{"@type":"ListItem","position":1,"name":"Home","item":"https:\/\/tourtravelandmore.com\/es\/"},{"@type":"ListItem","position":2,"name":"Tours","item":"https:\/\/tourtravelandmore.com\/es\/tours\/"},{"@type":"ListItem","position":3,"name":"Tour Privado por Soho, Little Italy y Chinatown a pie"}]},{"@type":"WebSite","@id":"https:\/\/tourtravelandmore.com\/es\/#website","url":"https:\/\/tourtravelandmore.com\/es\/","name":"Tour Travel And More","description":"Private sightseeing tours and luxury transfers in Spain","publisher":{"@id":"https:\/\/tourtravelandmore.com\/es\/#organization"},"potentialAction":[{"@type":"SearchAction","target":{"@type":"EntryPoint","urlTemplate":"https:\/\/tourtravelandmore.com\/es\/?s={search_term_string}"},"query-input":{"@type":"PropertyValueSpecification","valueRequired":true,"valueName":"search_term_string"}}],"inLanguage":"es"},{"@type":"Organization","@id":"https:\/\/tourtravelandmore.com\/es\/#organization","name":"Tour Travel And More","url":"https:\/\/tourtravelandmore.com\/es\/","logo":{"@type":"ImageObject","inLanguage":"es","@id":"https:\/\/tourtravelandmore.com\/es\/#\/schema\/logo\/image\/","url":"https:\/\/tourtravelandmore.com\/wp-content\/uploads\/2022\/12\/cropped-logo-cabecera-new.png","contentUrl":"https:\/\/tourtravelandmore.com\/wp-content\/uploads\/2022\/12\/cropped-logo-cabecera-new.png","width":430,"height":61,"caption":"Tour Travel And More"},"image":{"@id":"https:\/\/tourtravelandmore.com\/es\/#\/schema\/logo\/image\/"},"sameAs":["https:\/\/www.facebook.com\/tourtravelandmore\/","https:\/\/x.com\/TourTravel_More"]}]}},"_links":{"self":[{"href":"https:\/\/tourtravelandmore.com\/es\/wp-json\/wp\/v2\/product\/75125","targetHints":{"allow":["GET"]}}],"collection":[{"href":"https:\/\/tourtravelandmore.com\/es\/wp-json\/wp\/v2\/product"}],"about":[{"href":"https:\/\/tourtravelandmore.com\/es\/wp-json\/wp\/v2\/types\/product"}],"replies":[{"embeddable":true,"href":"https:\/\/tourtravelandmore.com\/es\/wp-json\/wp\/v2\/comments?post=75125"}],"wp:featuredmedia":[{"embeddable":true,"href":"https:\/\/tourtravelandmore.com\/es\/wp-json\/wp\/v2\/media\/75135"}],"wp:attachment":[{"href":"https:\/\/tourtravelandmore.com\/es\/wp-json\/wp\/v2\/media?parent=75125"}],"wp:term":[{"taxonomy":"product_brand","embeddable":true,"href":"https:\/\/tourtravelandmore.com\/es\/wp-json\/wp\/v2\/product_brand?post=75125"},{"taxonomy":"product_cat","embeddable":true,"href":"https:\/\/tourtravelandmore.com\/es\/wp-json\/wp\/v2\/product_cat?post=75125"},{"taxonomy":"product_tag","embeddable":true,"href":"https:\/\/tourtravelandmore.com\/es\/wp-json\/wp\/v2\/product_tag?post=75125"}],"curies":[{"name":"wp","href":"https:\/\/api.w.org\/{rel}","templated":true}]}}