{"id":75060,"date":"2020-01-22T16:26:36","date_gmt":"2020-01-22T15:26:37","guid":{"rendered":"https:\/\/tourtravelandmore.com\/?post_type=product&#038;p=75060"},"modified":"2023-03-14T05:27:00","modified_gmt":"2023-03-14T04:27:00","slug":"tour-braga-y-guimaraes-desde-vigo-con-guia-oficial-y-vehiculo-privado","status":"publish","type":"product","link":"https:\/\/tourtravelandmore.com\/es\/tours\/espana-es\/vigo-es\/vigo-rutas-turisticas-privadas-es\/tour-braga-y-guimaraes-desde-vigo-con-guia-oficial-y-vehiculo-privado\/","title":{"rendered":"Tour privado Braga y Guimaraes desde Vigo"},"content":{"rendered":"<h2>Descripci\u00f3n del Tour privado Braga y Guimaraes desde Vigo<\/h2>\n<p>Disfruta de este<strong> tour Braga y Guimaraes desde Vigo<\/strong> con su gu\u00eda oficial privado y veh\u00edculo, podr\u00e1s descubrir dos ciudades situadas en el Norte de Portugal, desde Espa\u00f1a.<\/p>\n<p>La duraci\u00f3n de este tour Braga y Guimaraes desde Vigo es de 8 horas. Al ser un tour privado, pueden escoger la hora y lugar de su elecci\u00f3n.<\/p>\n<p>En este viaje que comenzar\u00e1 en la ciudad de <strong>Vigo<\/strong>, contar\u00e1s con la compa\u00f1\u00eda de un <strong>gu\u00eda oficial<\/strong> que te llevar\u00e1 a los sitios m\u00e1s importantes tanto en <strong>Braga\u00a0<\/strong>como en <strong>Guimaraes<\/strong>, te relatar\u00e1 los acontecimientos m\u00e1s importantes.<\/p>\n<p>A lo largo del tour pueden parar a comer en un lugar t\u00edpico de la Zona y disfrutar de la Gastronom\u00eda.<\/p>\n<h2>Puntos de inter\u00e9s en el Tour privado Braga y Guimaraes desde Vigo<\/h2>\n<p>Tu <strong>gu\u00eda oficial junto a tu chofer privado<\/strong> le recoger\u00e1n el punto de encuentro acordado en la ciudad de <strong>Vigo<\/strong> y a partir de all\u00ed se dirigir\u00e1n hacia la primera ciudad de Portugal que vas a descubrir, se trata de la ciudad de <strong>Braga<\/strong>, famosa por ser una de las ciudades portuguesas m\u00e1s antiguas.<\/p>\n<p>El primer lugar a visitar ser\u00e1 la <strong>Catedral de Braga<\/strong>, un edificio de estilo rom\u00e1nico muy bonito que fue construido en el siglo XII, el interior est\u00e1 dividido en tres naves, pero lo que no te puedes perder es el grandioso \u00f3rgano de la capilla mayor.<\/p>\n<p>Luego te encaminar\u00e1s a los otros dos puntos que conforman <strong>el tri\u00e1ngulo de la fe de Braga<\/strong>, que son los <strong>Santuarios do Bom Jesus y Sameiro<\/strong>, otras preciosas edificaciones que valen la pena recorrer con tranquilidad.<\/p>\n<p>Despu\u00e9s de conocer la ciudad de Braga, pararemos para comer en un lugar t\u00edpico y continuaremos hacia Guimaraes.<\/p>\n<p><strong>La ciudad de Guimaraes<\/strong>, es <strong>Patrimonio de la humanidad seg\u00fan la UNESCO<\/strong>, tambi\u00e9n es la cuna de Portugal y en ella se encuentran grandes atractivos tur\u00edsticos como el <strong>Castillo de Guimar\u00e3e<\/strong>, el cual fue construido en el siglo XI y vio nacer a Alfonso Henriques, el primer rey de este pa\u00eds.<\/p>\n<p>Podr\u00e1s recorrer sus murallas hasta llegar al <strong>torre\u00f3n de la condesa Mumadona<\/strong>, un sitio que te transportar\u00e1 hasta el medioevo.<\/p>\n<p>Posteriormente, visitar\u00e1s uno de los lugares m\u00e1s bonitos de esta ciudad, se trata del <strong>Palacio de los Duques de Bragan\u00e7a<\/strong>, el cual pareciera haber sido sacado de las ilustraciones de cualquier cuento de hadas al mejor estilo Disney, pero lo mejor de todo es que podr\u00e1s recorrer su interior, admirar a detalle sus estancias, cuartos y por supuesto su exquisito mobiliario de los siglos XVI y XVII.<\/p>\n<p>Por \u00faltimo caminar\u00e1s por el <strong>Casco Antiguo<\/strong>, donde har\u00e1s varias paradas como la de la <strong>Iglesia de la Oliveira<\/strong> o la de S<strong>an Miguel del Castillojusto<\/strong> antes de regresar a\u00a0<strong>Vigo.<\/strong><\/p>\n<p>Si dispones de m\u00e1s d\u00edas en Vigo, puedes consultar <strong><a href=\"https:\/\/tourtravelandmore.com\/es\/ciudad\/espana-es\/vigo-es\/\">aqu\u00ed<\/a><\/strong>, el resto de nuestro tour privado.<\/p>\n","protected":false},"excerpt":{"rendered":"<p>Disfrute de este <strong>tour privado de Braga y Guimaraes desde Vigo<\/strong>. Tome esta oportunidad para conocer y disfrutar de estos fant\u00e1sticos lugares durante este tour con vuestro gu\u00eda oficial privado y veh\u00edculo privado con ch\u00f3fer oficial. Descubrir\u00e1s dos de las ciudades m\u00e1s importantes del Norte de Portugal.<\/p>\n","protected":false},"featured_media":75070,"comment_status":"open","ping_status":"closed","template":"","meta":{"_acf_changed":false},"product_brand":[],"product_cat":[1596,1861,1866,1864],"product_tag":[],"class_list":{"0":"post-75060","1":"product","2":"type-product","3":"status-publish","4":"has-post-thumbnail","6":"product_cat-espana-es","7":"product_cat-vigo-es","8":"product_cat-vigo-actividades-es","9":"product_cat-vigo-rutas-turisticas-privadas-es","11":"first","12":"instock","13":"shipping-taxable","14":"purchasable","15":"product-type-simple"},"acf":[],"yoast_head":"<!-- This site is optimized with the Yoast SEO Premium plugin v25.3.1 (Yoast SEO v25.3.1) - https:\/\/yoast.com\/wordpress\/plugins\/seo\/ -->\n<title>\u27a1\ufe0f Tour Braga y Guimaraes desde Vigo con gu\u00eda oficial y vehiculo privado | Tour Travel &amp; More<\/title>\n<meta name=\"description\" content=\"Disfrute de este tour Braga y Guimaraes desde Vigo, y descubre dos de las ciudades m\u00e1s importantes del Norte de Portugal \u2705\" \/>\n<meta name=\"robots\" content=\"index, follow, max-snippet:-1, max-image-preview:large, max-video-preview:-1\" \/>\n<link rel=\"canonical\" href=\"https:\/\/tourtravelandmore.com\/es\/tours\/espana-es\/vigo-es\/vigo-rutas-turisticas-privadas-es\/tour-braga-y-guimaraes-desde-vigo-con-guia-oficial-y-vehiculo-privado\/\" \/>\n<meta property=\"og:locale\" content=\"es_ES\" \/>\n<meta property=\"og:type\" content=\"article\" \/>\n<meta property=\"og:title\" content=\"Tour privado Braga y Guimaraes desde Vigo\" \/>\n<meta property=\"og:description\" content=\"Disfrute de este tour Braga y Guimaraes desde Vigo, y descubre dos de las ciudades m\u00e1s importantes del Norte de Portugal \u2705\" \/>\n<meta property=\"og:url\" content=\"https:\/\/tourtravelandmore.com\/es\/tours\/espana-es\/vigo-es\/vigo-rutas-turisticas-privadas-es\/tour-braga-y-guimaraes-desde-vigo-con-guia-oficial-y-vehiculo-privado\/\" \/>\n<meta property=\"og:site_name\" content=\"Tour Travel And More\" \/>\n<meta property=\"article:publisher\" content=\"https:\/\/www.facebook.com\/tourtravelandmore\/\" \/>\n<meta property=\"article:modified_time\" content=\"2023-03-14T04:27:00+00:00\" \/>\n<meta property=\"og:image\" content=\"https:\/\/tourtravelandmore.com\/wp-content\/uploads\/2020\/01\/braga-1.jpg\" \/>\n\t<meta property=\"og:image:width\" content=\"960\" \/>\n\t<meta property=\"og:image:height\" content=\"640\" \/>\n\t<meta property=\"og:image:type\" content=\"image\/jpeg\" \/>\n<meta name=\"twitter:card\" content=\"summary_large_image\" \/>\n<meta name=\"twitter:site\" content=\"@TourTravel_More\" \/>\n<meta name=\"twitter:label1\" content=\"Tiempo de lectura\" \/>\n\t<meta name=\"twitter:data1\" content=\"3 minutos\" \/>\n<script type=\"application\/ld+json\" class=\"yoast-schema-graph\">{\"@context\":\"https:\/\/schema.org\",\"@graph\":[{\"@type\":\"WebPage\",\"@id\":\"https:\/\/tourtravelandmore.com\/es\/tours\/espana-es\/vigo-es\/vigo-rutas-turisticas-privadas-es\/tour-braga-y-guimaraes-desde-vigo-con-guia-oficial-y-vehiculo-privado\/\",\"url\":\"https:\/\/tourtravelandmore.com\/es\/tours\/espana-es\/vigo-es\/vigo-rutas-turisticas-privadas-es\/tour-braga-y-guimaraes-desde-vigo-con-guia-oficial-y-vehiculo-privado\/\",\"name\":\"\u27a1\ufe0f Tour Braga y Guimaraes desde Vigo con gu\u00eda oficial y vehiculo privado | Tour Travel & More\",\"isPartOf\":{\"@id\":\"https:\/\/tourtravelandmore.com\/es\/#website\"},\"primaryImageOfPage\":{\"@id\":\"https:\/\/tourtravelandmore.com\/es\/tours\/espana-es\/vigo-es\/vigo-rutas-turisticas-privadas-es\/tour-braga-y-guimaraes-desde-vigo-con-guia-oficial-y-vehiculo-privado\/#primaryimage\"},\"image\":{\"@id\":\"https:\/\/tourtravelandmore.com\/es\/tours\/espana-es\/vigo-es\/vigo-rutas-turisticas-privadas-es\/tour-braga-y-guimaraes-desde-vigo-con-guia-oficial-y-vehiculo-privado\/#primaryimage\"},\"thumbnailUrl\":\"https:\/\/tourtravelandmore.com\/wp-content\/uploads\/2020\/01\/braga-1.jpg\",\"datePublished\":\"2020-01-22T15:26:37+00:00\",\"dateModified\":\"2023-03-14T04:27:00+00:00\",\"description\":\"Disfrute de este tour Braga y Guimaraes desde Vigo, y descubre dos de las ciudades m\u00e1s importantes del Norte de Portugal \u2705\",\"breadcrumb\":{\"@id\":\"https:\/\/tourtravelandmore.com\/es\/tours\/espana-es\/vigo-es\/vigo-rutas-turisticas-privadas-es\/tour-braga-y-guimaraes-desde-vigo-con-guia-oficial-y-vehiculo-privado\/#breadcrumb\"},\"inLanguage\":\"es\",\"potentialAction\":[{\"@type\":\"ReadAction\",\"target\":[\"https:\/\/tourtravelandmore.com\/es\/tours\/espana-es\/vigo-es\/vigo-rutas-turisticas-privadas-es\/tour-braga-y-guimaraes-desde-vigo-con-guia-oficial-y-vehiculo-privado\/\"]}]},{\"@type\":\"ImageObject\",\"inLanguage\":\"es\",\"@id\":\"https:\/\/tourtravelandmore.com\/es\/tours\/espana-es\/vigo-es\/vigo-rutas-turisticas-privadas-es\/tour-braga-y-guimaraes-desde-vigo-con-guia-oficial-y-vehiculo-privado\/#primaryimage\",\"url\":\"https:\/\/tourtravelandmore.com\/wp-content\/uploads\/2020\/01\/braga-1.jpg\",\"contentUrl\":\"https:\/\/tourtravelandmore.com\/wp-content\/uploads\/2020\/01\/braga-1.jpg\",\"width\":960,\"height\":640},{\"@type\":\"BreadcrumbList\",\"@id\":\"https:\/\/tourtravelandmore.com\/es\/tours\/espana-es\/vigo-es\/vigo-rutas-turisticas-privadas-es\/tour-braga-y-guimaraes-desde-vigo-con-guia-oficial-y-vehiculo-privado\/#breadcrumb\",\"itemListElement\":[{\"@type\":\"ListItem\",\"position\":1,\"name\":\"Home\",\"item\":\"https:\/\/tourtravelandmore.com\/es\/\"},{\"@type\":\"ListItem\",\"position\":2,\"name\":\"Tours\",\"item\":\"https:\/\/tourtravelandmore.com\/es\/tours\/\"},{\"@type\":\"ListItem\",\"position\":3,\"name\":\"Tour privado Braga y Guimaraes desde Vigo\"}]},{\"@type\":\"WebSite\",\"@id\":\"https:\/\/tourtravelandmore.com\/es\/#website\",\"url\":\"https:\/\/tourtravelandmore.com\/es\/\",\"name\":\"Tour Travel And More\",\"description\":\"Private sightseeing tours and luxury transfers in Spain\",\"publisher\":{\"@id\":\"https:\/\/tourtravelandmore.com\/es\/#organization\"},\"potentialAction\":[{\"@type\":\"SearchAction\",\"target\":{\"@type\":\"EntryPoint\",\"urlTemplate\":\"https:\/\/tourtravelandmore.com\/es\/?s={search_term_string}\"},\"query-input\":{\"@type\":\"PropertyValueSpecification\",\"valueRequired\":true,\"valueName\":\"search_term_string\"}}],\"inLanguage\":\"es\"},{\"@type\":\"Organization\",\"@id\":\"https:\/\/tourtravelandmore.com\/es\/#organization\",\"name\":\"Tour Travel And More\",\"url\":\"https:\/\/tourtravelandmore.com\/es\/\",\"logo\":{\"@type\":\"ImageObject\",\"inLanguage\":\"es\",\"@id\":\"https:\/\/tourtravelandmore.com\/es\/#\/schema\/logo\/image\/\",\"url\":\"https:\/\/tourtravelandmore.com\/wp-content\/uploads\/2022\/12\/cropped-logo-cabecera-new.png\",\"contentUrl\":\"https:\/\/tourtravelandmore.com\/wp-content\/uploads\/2022\/12\/cropped-logo-cabecera-new.png\",\"width\":430,\"height\":61,\"caption\":\"Tour Travel And More\"},\"image\":{\"@id\":\"https:\/\/tourtravelandmore.com\/es\/#\/schema\/logo\/image\/\"},\"sameAs\":[\"https:\/\/www.facebook.com\/tourtravelandmore\/\",\"https:\/\/x.com\/TourTravel_More\"]}]}<\/script>\n<!-- \/ Yoast SEO Premium plugin. -->","yoast_head_json":{"title":"\u27a1\ufe0f Tour Braga y Guimaraes desde Vigo con gu\u00eda oficial y vehiculo privado | Tour Travel & More","description":"Disfrute de este tour Braga y Guimaraes desde Vigo, y descubre dos de las ciudades m\u00e1s importantes del Norte de Portugal \u2705","robots":{"index":"index","follow":"follow","max-snippet":"max-snippet:-1","max-image-preview":"max-image-preview:large","max-video-preview":"max-video-preview:-1"},"canonical":"https:\/\/tourtravelandmore.com\/es\/tours\/espana-es\/vigo-es\/vigo-rutas-turisticas-privadas-es\/tour-braga-y-guimaraes-desde-vigo-con-guia-oficial-y-vehiculo-privado\/","og_locale":"es_ES","og_type":"article","og_title":"Tour privado Braga y Guimaraes desde Vigo","og_description":"Disfrute de este tour Braga y Guimaraes desde Vigo, y descubre dos de las ciudades m\u00e1s importantes del Norte de Portugal \u2705","og_url":"https:\/\/tourtravelandmore.com\/es\/tours\/espana-es\/vigo-es\/vigo-rutas-turisticas-privadas-es\/tour-braga-y-guimaraes-desde-vigo-con-guia-oficial-y-vehiculo-privado\/","og_site_name":"Tour Travel And More","article_publisher":"https:\/\/www.facebook.com\/tourtravelandmore\/","article_modified_time":"2023-03-14T04:27:00+00:00","og_image":[{"width":960,"height":640,"url":"https:\/\/tourtravelandmore.com\/wp-content\/uploads\/2020\/01\/braga-1.jpg","type":"image\/jpeg"}],"twitter_card":"summary_large_image","twitter_site":"@TourTravel_More","twitter_misc":{"Tiempo de lectura":"3 minutos"},"schema":{"@context":"https:\/\/schema.org","@graph":[{"@type":"WebPage","@id":"https:\/\/tourtravelandmore.com\/es\/tours\/espana-es\/vigo-es\/vigo-rutas-turisticas-privadas-es\/tour-braga-y-guimaraes-desde-vigo-con-guia-oficial-y-vehiculo-privado\/","url":"https:\/\/tourtravelandmore.com\/es\/tours\/espana-es\/vigo-es\/vigo-rutas-turisticas-privadas-es\/tour-braga-y-guimaraes-desde-vigo-con-guia-oficial-y-vehiculo-privado\/","name":"\u27a1\ufe0f Tour Braga y Guimaraes desde Vigo con gu\u00eda oficial y vehiculo privado | Tour Travel & More","isPartOf":{"@id":"https:\/\/tourtravelandmore.com\/es\/#website"},"primaryImageOfPage":{"@id":"https:\/\/tourtravelandmore.com\/es\/tours\/espana-es\/vigo-es\/vigo-rutas-turisticas-privadas-es\/tour-braga-y-guimaraes-desde-vigo-con-guia-oficial-y-vehiculo-privado\/#primaryimage"},"image":{"@id":"https:\/\/tourtravelandmore.com\/es\/tours\/espana-es\/vigo-es\/vigo-rutas-turisticas-privadas-es\/tour-braga-y-guimaraes-desde-vigo-con-guia-oficial-y-vehiculo-privado\/#primaryimage"},"thumbnailUrl":"https:\/\/tourtravelandmore.com\/wp-content\/uploads\/2020\/01\/braga-1.jpg","datePublished":"2020-01-22T15:26:37+00:00","dateModified":"2023-03-14T04:27:00+00:00","description":"Disfrute de este tour Braga y Guimaraes desde Vigo, y descubre dos de las ciudades m\u00e1s importantes del Norte de Portugal \u2705","breadcrumb":{"@id":"https:\/\/tourtravelandmore.com\/es\/tours\/espana-es\/vigo-es\/vigo-rutas-turisticas-privadas-es\/tour-braga-y-guimaraes-desde-vigo-con-guia-oficial-y-vehiculo-privado\/#breadcrumb"},"inLanguage":"es","potentialAction":[{"@type":"ReadAction","target":["https:\/\/tourtravelandmore.com\/es\/tours\/espana-es\/vigo-es\/vigo-rutas-turisticas-privadas-es\/tour-braga-y-guimaraes-desde-vigo-con-guia-oficial-y-vehiculo-privado\/"]}]},{"@type":"ImageObject","inLanguage":"es","@id":"https:\/\/tourtravelandmore.com\/es\/tours\/espana-es\/vigo-es\/vigo-rutas-turisticas-privadas-es\/tour-braga-y-guimaraes-desde-vigo-con-guia-oficial-y-vehiculo-privado\/#primaryimage","url":"https:\/\/tourtravelandmore.com\/wp-content\/uploads\/2020\/01\/braga-1.jpg","contentUrl":"https:\/\/tourtravelandmore.com\/wp-content\/uploads\/2020\/01\/braga-1.jpg","width":960,"height":640},{"@type":"BreadcrumbList","@id":"https:\/\/tourtravelandmore.com\/es\/tours\/espana-es\/vigo-es\/vigo-rutas-turisticas-privadas-es\/tour-braga-y-guimaraes-desde-vigo-con-guia-oficial-y-vehiculo-privado\/#breadcrumb","itemListElement":[{"@type":"ListItem","position":1,"name":"Home","item":"https:\/\/tourtravelandmore.com\/es\/"},{"@type":"ListItem","position":2,"name":"Tours","item":"https:\/\/tourtravelandmore.com\/es\/tours\/"},{"@type":"ListItem","position":3,"name":"Tour privado Braga y Guimaraes desde Vigo"}]},{"@type":"WebSite","@id":"https:\/\/tourtravelandmore.com\/es\/#website","url":"https:\/\/tourtravelandmore.com\/es\/","name":"Tour Travel And More","description":"Private sightseeing tours and luxury transfers in Spain","publisher":{"@id":"https:\/\/tourtravelandmore.com\/es\/#organization"},"potentialAction":[{"@type":"SearchAction","target":{"@type":"EntryPoint","urlTemplate":"https:\/\/tourtravelandmore.com\/es\/?s={search_term_string}"},"query-input":{"@type":"PropertyValueSpecification","valueRequired":true,"valueName":"search_term_string"}}],"inLanguage":"es"},{"@type":"Organization","@id":"https:\/\/tourtravelandmore.com\/es\/#organization","name":"Tour Travel And More","url":"https:\/\/tourtravelandmore.com\/es\/","logo":{"@type":"ImageObject","inLanguage":"es","@id":"https:\/\/tourtravelandmore.com\/es\/#\/schema\/logo\/image\/","url":"https:\/\/tourtravelandmore.com\/wp-content\/uploads\/2022\/12\/cropped-logo-cabecera-new.png","contentUrl":"https:\/\/tourtravelandmore.com\/wp-content\/uploads\/2022\/12\/cropped-logo-cabecera-new.png","width":430,"height":61,"caption":"Tour Travel And More"},"image":{"@id":"https:\/\/tourtravelandmore.com\/es\/#\/schema\/logo\/image\/"},"sameAs":["https:\/\/www.facebook.com\/tourtravelandmore\/","https:\/\/x.com\/TourTravel_More"]}]}},"_links":{"self":[{"href":"https:\/\/tourtravelandmore.com\/es\/wp-json\/wp\/v2\/product\/75060","targetHints":{"allow":["GET"]}}],"collection":[{"href":"https:\/\/tourtravelandmore.com\/es\/wp-json\/wp\/v2\/product"}],"about":[{"href":"https:\/\/tourtravelandmore.com\/es\/wp-json\/wp\/v2\/types\/product"}],"replies":[{"embeddable":true,"href":"https:\/\/tourtravelandmore.com\/es\/wp-json\/wp\/v2\/comments?post=75060"}],"wp:featuredmedia":[{"embeddable":true,"href":"https:\/\/tourtravelandmore.com\/es\/wp-json\/wp\/v2\/media\/75070"}],"wp:attachment":[{"href":"https:\/\/tourtravelandmore.com\/es\/wp-json\/wp\/v2\/media?parent=75060"}],"wp:term":[{"taxonomy":"product_brand","embeddable":true,"href":"https:\/\/tourtravelandmore.com\/es\/wp-json\/wp\/v2\/product_brand?post=75060"},{"taxonomy":"product_cat","embeddable":true,"href":"https:\/\/tourtravelandmore.com\/es\/wp-json\/wp\/v2\/product_cat?post=75060"},{"taxonomy":"product_tag","embeddable":true,"href":"https:\/\/tourtravelandmore.com\/es\/wp-json\/wp\/v2\/product_tag?post=75060"}],"curies":[{"name":"wp","href":"https:\/\/api.w.org\/{rel}","templated":true}]}}