{"id":75027,"date":"2020-01-22T15:42:00","date_gmt":"2020-01-22T14:42:01","guid":{"rendered":"https:\/\/tourtravelandmore.com\/?post_type=product&#038;p=75027"},"modified":"2023-03-14T05:40:10","modified_gmt":"2023-03-14T04:40:10","slug":"tour-a-coruna-desde-vigo-tour-privado-con-guia-y-vehiculo","status":"publish","type":"product","link":"https:\/\/tourtravelandmore.com\/es\/tours\/espana-es\/vigo-es\/vigo-rutas-turisticas-privadas-es\/tour-a-coruna-desde-vigo-tour-privado-con-guia-y-vehiculo\/","title":{"rendered":"Tour Privada A Coru\u00f1a desde Vigo"},"content":{"rendered":"<h2>Descripci\u00f3n del Tour Privada A Coru\u00f1a desde Vigo<\/h2>\n<p>Si te est\u00e1s alojando en la bell\u00edsima ciudad de <strong>Vigo<\/strong> o simplemente estas de paseo, pero deseas conocer otra de las grandes ciudades de <strong>Galicia, <\/strong>disfruta de este tour A Coru\u00f1a desde Vigo con gu\u00eda oficial privado y veh\u00edculo privado con ch\u00f3fer.<\/p>\n<p><strong>Este tour A Coru\u00f1a desde Vigo<\/strong>, es un viaje que te llevar\u00e1 a conocer la historia de Galicia de una forma diferente, pues no solo vivir\u00e1s un viaje en el tiempo, sino que tambi\u00e9n disfrutar\u00e1s de exquisitos platillos, degustaciones de vinos y una riqueza arquitect\u00f3nica sin precedentes.<\/p>\n<p>La duraci\u00f3n de este tour privado es de 8 horas. Pueden escoger la Hora y lugar de comienzo en Vigo.<\/p>\n<h2>Puntos de inter\u00e9s en el Tour Privada A Coru\u00f1a desde Vigo<\/h2>\n<p>En realidad, <strong>Coru\u00f1a<\/strong> es una regi\u00f3n que se disfruta m\u00e1s durante el d\u00eda, cuenta con una amplia variedad de museos como: <strong>El Museo de Bellas Artes<\/strong>, <strong>La Casa del Hombreo Domus<\/strong>, El <strong>Museo Arqueol\u00f3gico<\/strong> ubicado en el <strong>Castillo de San Ant\u00f3n<\/strong> y el <strong>Aquarium Finisterrae<\/strong>, solo por nombrar algunos.<\/p>\n<p>Si no eres mucho de ir a museos, tambi\u00e9n te puedes dejar atrapar por el rico patrimonio cultural y arquitect\u00f3nico de esta regi\u00f3n gallega. Por ejemplo, aqu\u00ed se encuentra el <strong>\u00faltimo faro romano<\/strong> que a\u00fan est\u00e1 en pie, mejor conocido como <strong>La Torre de H\u00e9rcules<\/strong>. Se trata de un monumento que hay que visitar casi que de forma obligatoria.<\/p>\n<p>Otro gran atractivo son los edificios religiosos que se encuentran a lo largo del recorrido, como la <strong>Colegiata de Santa Mar\u00eda<\/strong>, se trata de una iglesia de estilo rom\u00e1ntico tard\u00edo que es una verdadera belleza y que sin dudas querr\u00e1s recorrer en su totalidad. La <strong>Iglesia de San Jorge<\/strong>, es otro monumento que no te puedes perder, un templo de tres naves al mejor estilo barroco, toda una obra maestra de su \u00e9poca.<\/p>\n<p>Tambi\u00e9n puede que te interese ver las construcciones que definen a la ciudad como <strong>El Obelisco<\/strong>, el <strong>Millenium o la Plaza de Mar\u00eda Pita<\/strong>; esta \u00faltima es en honor a una hero\u00edna del siglo XVI que advirti\u00f3 al pueblo sobre la invasi\u00f3n de <strong>sir Francis Drake<\/strong>.<\/p>\n<p>Lo mejor de todo, es que durante el recorrido tendr\u00e1s la oportunidad de comer los mejores mariscos de la regi\u00f3n, saborear vino y conocer a pintorescos personajes que har\u00e1n de tu viaje un suceso realmente memorable, hasta que al final del d\u00eda te dejemos nuevamente en el punto de encuentro desde el cual comenz\u00f3 tu aventura.<\/p>\n<p>Si dispone de m\u00e1s d\u00edas en la ciudad de Vigo, puedes consultar <a href=\"https:\/\/tourtravelandmore.com\/es\/ciudad\/espana-es\/vigo-es\/\"><strong>aqu\u00ed<\/strong><\/a>, el resto de nuestros tours privados.<\/p>\n","protected":false},"excerpt":{"rendered":"<p>Disfrute de este <strong>tour personalizable de La Coru\u00f1a <\/strong>desde la <strong>ciudad de\u00a0Vigo.<\/strong>\u00a0Tome esta oportunidad para conocer y disfrutar de La Coru\u00f1a durante este tour con vuestro gu\u00eda oficial y veh\u00edculo privado con ch\u00f3fer. Puede personalizar el tour seg\u00fan sus propias necesidades y deseos.<\/p>\n<p>&nbsp;<\/p>\n","protected":false},"featured_media":75041,"comment_status":"open","ping_status":"closed","template":"","meta":{"_acf_changed":false},"product_brand":[],"product_cat":[1596,1861,1866,1864],"product_tag":[],"class_list":{"0":"post-75027","1":"product","2":"type-product","3":"status-publish","4":"has-post-thumbnail","6":"product_cat-espana-es","7":"product_cat-vigo-es","8":"product_cat-vigo-actividades-es","9":"product_cat-vigo-rutas-turisticas-privadas-es","11":"first","12":"instock","13":"shipping-taxable","14":"purchasable","15":"product-type-simple"},"acf":[],"yoast_head":"<!-- This site is optimized with the Yoast SEO Premium plugin v25.3.1 (Yoast SEO v25.3.1) - https:\/\/yoast.com\/wordpress\/plugins\/seo\/ -->\n<title>\u27a1\ufe0f Tour A Coru\u00f1a desde Vigo | Tour Travel &amp; More<\/title>\n<meta name=\"description\" content=\"Disfrute de este tour A Coru\u00f1a desde Vigo, con gu\u00eda oficial privado y vehiculo privado y descubre una de las ciudades m\u00e1s importantes de Galicia \u2705\" \/>\n<meta name=\"robots\" content=\"index, follow, max-snippet:-1, max-image-preview:large, max-video-preview:-1\" \/>\n<link rel=\"canonical\" href=\"https:\/\/tourtravelandmore.com\/es\/tours\/espana-es\/vigo-es\/vigo-rutas-turisticas-privadas-es\/tour-a-coruna-desde-vigo-tour-privado-con-guia-y-vehiculo\/\" \/>\n<meta property=\"og:locale\" content=\"es_ES\" \/>\n<meta property=\"og:type\" content=\"article\" \/>\n<meta property=\"og:title\" content=\"Tour Privada A Coru\u00f1a desde Vigo\" \/>\n<meta property=\"og:description\" content=\"Disfrute de este tour A Coru\u00f1a desde Vigo, con gu\u00eda oficial privado y vehiculo privado y descubre una de las ciudades m\u00e1s importantes de Galicia \u2705\" \/>\n<meta property=\"og:url\" content=\"https:\/\/tourtravelandmore.com\/es\/tours\/espana-es\/vigo-es\/vigo-rutas-turisticas-privadas-es\/tour-a-coruna-desde-vigo-tour-privado-con-guia-y-vehiculo\/\" \/>\n<meta property=\"og:site_name\" content=\"Tour Travel And More\" \/>\n<meta property=\"article:publisher\" content=\"https:\/\/www.facebook.com\/tourtravelandmore\/\" \/>\n<meta property=\"article:modified_time\" content=\"2023-03-14T04:40:10+00:00\" \/>\n<meta property=\"og:image\" content=\"https:\/\/tourtravelandmore.com\/wp-content\/uploads\/2020\/01\/coru\u00f1a-4-1-1024x683.jpg\" \/>\n\t<meta property=\"og:image:width\" content=\"1024\" \/>\n\t<meta property=\"og:image:height\" content=\"683\" \/>\n\t<meta property=\"og:image:type\" content=\"image\/jpeg\" \/>\n<meta name=\"twitter:card\" content=\"summary_large_image\" \/>\n<meta name=\"twitter:site\" content=\"@TourTravel_More\" \/>\n<meta name=\"twitter:label1\" content=\"Tiempo de lectura\" \/>\n\t<meta name=\"twitter:data1\" content=\"2 minutos\" \/>\n<script type=\"application\/ld+json\" class=\"yoast-schema-graph\">{\"@context\":\"https:\/\/schema.org\",\"@graph\":[{\"@type\":\"WebPage\",\"@id\":\"https:\/\/tourtravelandmore.com\/es\/tours\/espana-es\/vigo-es\/vigo-rutas-turisticas-privadas-es\/tour-a-coruna-desde-vigo-tour-privado-con-guia-y-vehiculo\/\",\"url\":\"https:\/\/tourtravelandmore.com\/es\/tours\/espana-es\/vigo-es\/vigo-rutas-turisticas-privadas-es\/tour-a-coruna-desde-vigo-tour-privado-con-guia-y-vehiculo\/\",\"name\":\"\u27a1\ufe0f Tour A Coru\u00f1a desde Vigo | Tour Travel & More\",\"isPartOf\":{\"@id\":\"https:\/\/tourtravelandmore.com\/es\/#website\"},\"primaryImageOfPage\":{\"@id\":\"https:\/\/tourtravelandmore.com\/es\/tours\/espana-es\/vigo-es\/vigo-rutas-turisticas-privadas-es\/tour-a-coruna-desde-vigo-tour-privado-con-guia-y-vehiculo\/#primaryimage\"},\"image\":{\"@id\":\"https:\/\/tourtravelandmore.com\/es\/tours\/espana-es\/vigo-es\/vigo-rutas-turisticas-privadas-es\/tour-a-coruna-desde-vigo-tour-privado-con-guia-y-vehiculo\/#primaryimage\"},\"thumbnailUrl\":\"https:\/\/tourtravelandmore.com\/wp-content\/uploads\/2020\/01\/coru\u00f1a-4-1.jpg\",\"datePublished\":\"2020-01-22T14:42:01+00:00\",\"dateModified\":\"2023-03-14T04:40:10+00:00\",\"description\":\"Disfrute de este tour A Coru\u00f1a desde Vigo, con gu\u00eda oficial privado y vehiculo privado y descubre una de las ciudades m\u00e1s importantes de Galicia \u2705\",\"breadcrumb\":{\"@id\":\"https:\/\/tourtravelandmore.com\/es\/tours\/espana-es\/vigo-es\/vigo-rutas-turisticas-privadas-es\/tour-a-coruna-desde-vigo-tour-privado-con-guia-y-vehiculo\/#breadcrumb\"},\"inLanguage\":\"es\",\"potentialAction\":[{\"@type\":\"ReadAction\",\"target\":[\"https:\/\/tourtravelandmore.com\/es\/tours\/espana-es\/vigo-es\/vigo-rutas-turisticas-privadas-es\/tour-a-coruna-desde-vigo-tour-privado-con-guia-y-vehiculo\/\"]}]},{\"@type\":\"ImageObject\",\"inLanguage\":\"es\",\"@id\":\"https:\/\/tourtravelandmore.com\/es\/tours\/espana-es\/vigo-es\/vigo-rutas-turisticas-privadas-es\/tour-a-coruna-desde-vigo-tour-privado-con-guia-y-vehiculo\/#primaryimage\",\"url\":\"https:\/\/tourtravelandmore.com\/wp-content\/uploads\/2020\/01\/coru\u00f1a-4-1.jpg\",\"contentUrl\":\"https:\/\/tourtravelandmore.com\/wp-content\/uploads\/2020\/01\/coru\u00f1a-4-1.jpg\",\"width\":4029,\"height\":2686},{\"@type\":\"BreadcrumbList\",\"@id\":\"https:\/\/tourtravelandmore.com\/es\/tours\/espana-es\/vigo-es\/vigo-rutas-turisticas-privadas-es\/tour-a-coruna-desde-vigo-tour-privado-con-guia-y-vehiculo\/#breadcrumb\",\"itemListElement\":[{\"@type\":\"ListItem\",\"position\":1,\"name\":\"Home\",\"item\":\"https:\/\/tourtravelandmore.com\/es\/\"},{\"@type\":\"ListItem\",\"position\":2,\"name\":\"Tours\",\"item\":\"https:\/\/tourtravelandmore.com\/es\/tours\/\"},{\"@type\":\"ListItem\",\"position\":3,\"name\":\"Tour Privada A Coru\u00f1a desde Vigo\"}]},{\"@type\":\"WebSite\",\"@id\":\"https:\/\/tourtravelandmore.com\/es\/#website\",\"url\":\"https:\/\/tourtravelandmore.com\/es\/\",\"name\":\"Tour Travel And More\",\"description\":\"Private sightseeing tours and luxury transfers in Spain\",\"publisher\":{\"@id\":\"https:\/\/tourtravelandmore.com\/es\/#organization\"},\"potentialAction\":[{\"@type\":\"SearchAction\",\"target\":{\"@type\":\"EntryPoint\",\"urlTemplate\":\"https:\/\/tourtravelandmore.com\/es\/?s={search_term_string}\"},\"query-input\":{\"@type\":\"PropertyValueSpecification\",\"valueRequired\":true,\"valueName\":\"search_term_string\"}}],\"inLanguage\":\"es\"},{\"@type\":\"Organization\",\"@id\":\"https:\/\/tourtravelandmore.com\/es\/#organization\",\"name\":\"Tour Travel And More\",\"url\":\"https:\/\/tourtravelandmore.com\/es\/\",\"logo\":{\"@type\":\"ImageObject\",\"inLanguage\":\"es\",\"@id\":\"https:\/\/tourtravelandmore.com\/es\/#\/schema\/logo\/image\/\",\"url\":\"https:\/\/tourtravelandmore.com\/wp-content\/uploads\/2022\/12\/cropped-logo-cabecera-new.png\",\"contentUrl\":\"https:\/\/tourtravelandmore.com\/wp-content\/uploads\/2022\/12\/cropped-logo-cabecera-new.png\",\"width\":430,\"height\":61,\"caption\":\"Tour Travel And More\"},\"image\":{\"@id\":\"https:\/\/tourtravelandmore.com\/es\/#\/schema\/logo\/image\/\"},\"sameAs\":[\"https:\/\/www.facebook.com\/tourtravelandmore\/\",\"https:\/\/x.com\/TourTravel_More\"]}]}<\/script>\n<!-- \/ Yoast SEO Premium plugin. -->","yoast_head_json":{"title":"\u27a1\ufe0f Tour A Coru\u00f1a desde Vigo | Tour Travel & More","description":"Disfrute de este tour A Coru\u00f1a desde Vigo, con gu\u00eda oficial privado y vehiculo privado y descubre una de las ciudades m\u00e1s importantes de Galicia \u2705","robots":{"index":"index","follow":"follow","max-snippet":"max-snippet:-1","max-image-preview":"max-image-preview:large","max-video-preview":"max-video-preview:-1"},"canonical":"https:\/\/tourtravelandmore.com\/es\/tours\/espana-es\/vigo-es\/vigo-rutas-turisticas-privadas-es\/tour-a-coruna-desde-vigo-tour-privado-con-guia-y-vehiculo\/","og_locale":"es_ES","og_type":"article","og_title":"Tour Privada A Coru\u00f1a desde Vigo","og_description":"Disfrute de este tour A Coru\u00f1a desde Vigo, con gu\u00eda oficial privado y vehiculo privado y descubre una de las ciudades m\u00e1s importantes de Galicia \u2705","og_url":"https:\/\/tourtravelandmore.com\/es\/tours\/espana-es\/vigo-es\/vigo-rutas-turisticas-privadas-es\/tour-a-coruna-desde-vigo-tour-privado-con-guia-y-vehiculo\/","og_site_name":"Tour Travel And More","article_publisher":"https:\/\/www.facebook.com\/tourtravelandmore\/","article_modified_time":"2023-03-14T04:40:10+00:00","og_image":[{"width":1024,"height":683,"url":"https:\/\/tourtravelandmore.com\/wp-content\/uploads\/2020\/01\/coru\u00f1a-4-1-1024x683.jpg","type":"image\/jpeg"}],"twitter_card":"summary_large_image","twitter_site":"@TourTravel_More","twitter_misc":{"Tiempo de lectura":"2 minutos"},"schema":{"@context":"https:\/\/schema.org","@graph":[{"@type":"WebPage","@id":"https:\/\/tourtravelandmore.com\/es\/tours\/espana-es\/vigo-es\/vigo-rutas-turisticas-privadas-es\/tour-a-coruna-desde-vigo-tour-privado-con-guia-y-vehiculo\/","url":"https:\/\/tourtravelandmore.com\/es\/tours\/espana-es\/vigo-es\/vigo-rutas-turisticas-privadas-es\/tour-a-coruna-desde-vigo-tour-privado-con-guia-y-vehiculo\/","name":"\u27a1\ufe0f Tour A Coru\u00f1a desde Vigo | Tour Travel & More","isPartOf":{"@id":"https:\/\/tourtravelandmore.com\/es\/#website"},"primaryImageOfPage":{"@id":"https:\/\/tourtravelandmore.com\/es\/tours\/espana-es\/vigo-es\/vigo-rutas-turisticas-privadas-es\/tour-a-coruna-desde-vigo-tour-privado-con-guia-y-vehiculo\/#primaryimage"},"image":{"@id":"https:\/\/tourtravelandmore.com\/es\/tours\/espana-es\/vigo-es\/vigo-rutas-turisticas-privadas-es\/tour-a-coruna-desde-vigo-tour-privado-con-guia-y-vehiculo\/#primaryimage"},"thumbnailUrl":"https:\/\/tourtravelandmore.com\/wp-content\/uploads\/2020\/01\/coru\u00f1a-4-1.jpg","datePublished":"2020-01-22T14:42:01+00:00","dateModified":"2023-03-14T04:40:10+00:00","description":"Disfrute de este tour A Coru\u00f1a desde Vigo, con gu\u00eda oficial privado y vehiculo privado y descubre una de las ciudades m\u00e1s importantes de Galicia \u2705","breadcrumb":{"@id":"https:\/\/tourtravelandmore.com\/es\/tours\/espana-es\/vigo-es\/vigo-rutas-turisticas-privadas-es\/tour-a-coruna-desde-vigo-tour-privado-con-guia-y-vehiculo\/#breadcrumb"},"inLanguage":"es","potentialAction":[{"@type":"ReadAction","target":["https:\/\/tourtravelandmore.com\/es\/tours\/espana-es\/vigo-es\/vigo-rutas-turisticas-privadas-es\/tour-a-coruna-desde-vigo-tour-privado-con-guia-y-vehiculo\/"]}]},{"@type":"ImageObject","inLanguage":"es","@id":"https:\/\/tourtravelandmore.com\/es\/tours\/espana-es\/vigo-es\/vigo-rutas-turisticas-privadas-es\/tour-a-coruna-desde-vigo-tour-privado-con-guia-y-vehiculo\/#primaryimage","url":"https:\/\/tourtravelandmore.com\/wp-content\/uploads\/2020\/01\/coru\u00f1a-4-1.jpg","contentUrl":"https:\/\/tourtravelandmore.com\/wp-content\/uploads\/2020\/01\/coru\u00f1a-4-1.jpg","width":4029,"height":2686},{"@type":"BreadcrumbList","@id":"https:\/\/tourtravelandmore.com\/es\/tours\/espana-es\/vigo-es\/vigo-rutas-turisticas-privadas-es\/tour-a-coruna-desde-vigo-tour-privado-con-guia-y-vehiculo\/#breadcrumb","itemListElement":[{"@type":"ListItem","position":1,"name":"Home","item":"https:\/\/tourtravelandmore.com\/es\/"},{"@type":"ListItem","position":2,"name":"Tours","item":"https:\/\/tourtravelandmore.com\/es\/tours\/"},{"@type":"ListItem","position":3,"name":"Tour Privada A Coru\u00f1a desde Vigo"}]},{"@type":"WebSite","@id":"https:\/\/tourtravelandmore.com\/es\/#website","url":"https:\/\/tourtravelandmore.com\/es\/","name":"Tour Travel And More","description":"Private sightseeing tours and luxury transfers in Spain","publisher":{"@id":"https:\/\/tourtravelandmore.com\/es\/#organization"},"potentialAction":[{"@type":"SearchAction","target":{"@type":"EntryPoint","urlTemplate":"https:\/\/tourtravelandmore.com\/es\/?s={search_term_string}"},"query-input":{"@type":"PropertyValueSpecification","valueRequired":true,"valueName":"search_term_string"}}],"inLanguage":"es"},{"@type":"Organization","@id":"https:\/\/tourtravelandmore.com\/es\/#organization","name":"Tour Travel And More","url":"https:\/\/tourtravelandmore.com\/es\/","logo":{"@type":"ImageObject","inLanguage":"es","@id":"https:\/\/tourtravelandmore.com\/es\/#\/schema\/logo\/image\/","url":"https:\/\/tourtravelandmore.com\/wp-content\/uploads\/2022\/12\/cropped-logo-cabecera-new.png","contentUrl":"https:\/\/tourtravelandmore.com\/wp-content\/uploads\/2022\/12\/cropped-logo-cabecera-new.png","width":430,"height":61,"caption":"Tour Travel And More"},"image":{"@id":"https:\/\/tourtravelandmore.com\/es\/#\/schema\/logo\/image\/"},"sameAs":["https:\/\/www.facebook.com\/tourtravelandmore\/","https:\/\/x.com\/TourTravel_More"]}]}},"_links":{"self":[{"href":"https:\/\/tourtravelandmore.com\/es\/wp-json\/wp\/v2\/product\/75027","targetHints":{"allow":["GET"]}}],"collection":[{"href":"https:\/\/tourtravelandmore.com\/es\/wp-json\/wp\/v2\/product"}],"about":[{"href":"https:\/\/tourtravelandmore.com\/es\/wp-json\/wp\/v2\/types\/product"}],"replies":[{"embeddable":true,"href":"https:\/\/tourtravelandmore.com\/es\/wp-json\/wp\/v2\/comments?post=75027"}],"wp:featuredmedia":[{"embeddable":true,"href":"https:\/\/tourtravelandmore.com\/es\/wp-json\/wp\/v2\/media\/75041"}],"wp:attachment":[{"href":"https:\/\/tourtravelandmore.com\/es\/wp-json\/wp\/v2\/media?parent=75027"}],"wp:term":[{"taxonomy":"product_brand","embeddable":true,"href":"https:\/\/tourtravelandmore.com\/es\/wp-json\/wp\/v2\/product_brand?post=75027"},{"taxonomy":"product_cat","embeddable":true,"href":"https:\/\/tourtravelandmore.com\/es\/wp-json\/wp\/v2\/product_cat?post=75027"},{"taxonomy":"product_tag","embeddable":true,"href":"https:\/\/tourtravelandmore.com\/es\/wp-json\/wp\/v2\/product_tag?post=75027"}],"curies":[{"name":"wp","href":"https:\/\/api.w.org\/{rel}","templated":true}]}}