{"id":74866,"date":"2020-01-21T12:02:59","date_gmt":"2020-01-21T11:03:00","guid":{"rendered":"https:\/\/tourtravelandmore.com\/?post_type=product&#038;p=74866"},"modified":"2024-07-24T18:07:15","modified_gmt":"2024-07-24T16:07:15","slug":"tour-privado-de-lo-mejor-de-nueva-york","status":"publish","type":"product","link":"https:\/\/tourtravelandmore.com\/es\/tours\/eeuu-es\/nueva-york-es\/nueva-york-rutas-turisticas-privadas-es\/tour-privado-de-lo-mejor-de-nueva-york\/","title":{"rendered":"Tour Privado de Nueva York"},"content":{"rendered":"<h2><b><strong>Descripci\u00f3n del Tour Privado<\/strong><\/b><\/h2>\n<p><b><strong>Nueva<\/strong><\/b> York es una ciudad enorme con muchas cosas que hacer, por eso no tiene que perderse nuestra Excursi\u00f3n Privada <b><strong>Lo Mejor de Nueva York.<\/strong><\/b> Le acompa\u00f1ar\u00e1n un<b><strong> gu\u00eda oficial local <\/strong><\/b>y un<b><strong> ch\u00f3fer <\/strong><\/b>privado en un <b><strong>veh\u00edculo de lujo.<\/strong><\/b><\/p>\n<p><b><strong>La ciudad de Nueva<\/strong><\/b> York, tambi\u00e9n es muy conocida como la \u00abciudad de las posibilidades\u00bb o la \u00abGran Manzana\u00bb, pero la realidad es que no importa c\u00f3mo la llamen, sigue siendo una de las ciudades m\u00e1s visitadas del mundo.<\/p>\n<p>NY incluye 5 distritos que se encuentran donde el r\u00edo Hudson desemboca en el oc\u00e9ano Atl\u00e1ntico. En el centro se encuentra <b><strong>Manhattan<\/strong><\/b>, un distrito densamente poblado y famoso por sus centros comerciales, financieros y culturales.<\/p>\n<p>Durante este recorrido privado por lo mejor de Nueva York, podr\u00e1 visitar todos los monumentos y lugares importantes de la ciudad. Si lo prefiere, podemos incluir una entrada a cualquier museo o lugar que desee visitar.<\/p>\n<p>Si est\u00e1 dispuesto a vivir una aut\u00e9ntica aventura, eche un vistazo a nuestra <a href=\"\u00abhttps:\/\/tourtravelandmore.com\/?p=75983\u00bb\/\">excursi\u00f3n privada de d\u00eda completo a Boston desde Nueva<\/a> York.<\/p>\n<h2><b><strong>Puntos de inter\u00e9s y lugares emblem\u00e1ticos de Nueva York<\/strong><\/b><\/h2>\n<p>Su primer contacto con <b><strong>Tour Travel &amp;<\/strong><\/b> More ser\u00e1 en el lugar que elija de Nueva York a la hora que desee. Durante su recorrido de 4 horas descubrir\u00e1 algunos de los lugares m\u00e1s emblem\u00e1ticos de Nueva York <b><strong>.<\/strong><\/b><\/p>\n<p>Explore una de las calles m\u00e1s famosas del mundo, asociada durante mucho tiempo a las finanzas, y conozca su evoluci\u00f3n a lo largo de los \u00faltimos siglos. Pasee por <b><strong>el centro de Manhatann<\/strong><\/b> y explore m\u00e1s de 400 a\u00f1os de historia de Nueva York. Cruce el<b><strong> puente de Brooklyn<\/strong><\/b> desde Manhattan y sienta el encanto de <b><strong>los altos de Brooklyn.<\/strong><\/b> Admire sus casas restauradas y su vista panor\u00e1mica del <b><strong>Bajo Manhattan<\/strong><\/b>. Rinda homenaje a todas las v\u00edctimas del 11-S visitando la Zona Cero y su conmovedor <b><strong>Museo Memorial<\/strong><\/b>.<\/p>\n<p>Por \u00faltimo, <b><strong>la Estatua de la<\/strong><\/b> Libertad, prep\u00e1rese para explorar este regalo hist\u00f3rico de Francia, que se ha convertido en un s\u00edmbolo internacional de esperanza y libertad.<\/p>\n<p>Tambi\u00e9n le proponemos visitar, entre otros lugares<\/p>\n<ul>\n<li><a href=\"\u00abhttps:\/\/www.grandcentralterminal.com\/\u00bb\">Grand Central Terminal<\/a><\/li>\n<li><b><strong>El edificio Chrysler<\/strong><\/b><\/li>\n<li><b><strong>El Empire State Building:<\/strong><\/b> <b><strong>\u00a1Sentir\u00e1 el v\u00e9rtigo de la vista m\u00e1s alta de Manhattan!<\/strong><\/b><\/li>\n<li><b><strong>El Flatiron<\/strong><\/b><\/li>\n<li><b><strong>El High Line<\/strong><\/b><\/li>\n<li><b><strong>El mercado de Chelsea<\/strong><\/b><\/li>\n<li><b><strong>Museo Conmemorativo del 911<\/strong><\/b><\/li>\n<li><b><strong>Wall Street<\/strong><\/b><\/li>\n<li><b><strong>Central Park<\/strong><\/b><\/li>\n<li><b><strong>El Toro<\/strong><\/b><\/li>\n<\/ul>\n<p>Durante este recorrido privado por lo mejor de Nueva York, tambi\u00e9n har\u00e1 una parada para almorzar y degustar un plato t\u00edpico americano. Si lo prefiere podemos hacer una reserva para usted en un restaurante incre\u00edble.<\/p>\n<p>Al final del recorrido, su conductor privado y gu\u00eda oficial le dejar\u00e1n en su hotel o lugar de su elecci\u00f3n en NY.<\/p>\n","protected":false},"excerpt":{"rendered":"<p><b><strong>Nueva<\/strong><\/b> York es una ciudad enorme con muchas cosas que hacer, por eso no tiene que perderse nuestra Excursi\u00f3n Privada <b><strong>Lo Mejor de Nueva York.<\/strong><\/b> Le acompa\u00f1ar\u00e1n un<b><strong> gu\u00eda oficial local <\/strong><\/b>y un<b><strong> ch\u00f3fer <\/strong><\/b>privado en un <b><strong>veh\u00edculo de lujo.<\/strong><\/b><\/p>\n","protected":false},"featured_media":74980,"comment_status":"open","ping_status":"closed","template":"","meta":{"_acf_changed":false},"product_brand":[],"product_cat":[1602,2015,2018,2017],"product_tag":[],"class_list":{"0":"post-74866","1":"product","2":"type-product","3":"status-publish","4":"has-post-thumbnail","6":"product_cat-eeuu-es","7":"product_cat-nueva-york-es","8":"product_cat-nueva-york-actividades-es","9":"product_cat-nueva-york-rutas-turisticas-privadas-es","11":"first","12":"instock","13":"shipping-taxable","14":"purchasable","15":"product-type-simple"},"acf":[],"yoast_head":"<!-- This site is optimized with the Yoast SEO Premium plugin v25.3.1 (Yoast SEO v25.3.1) - https:\/\/yoast.com\/wordpress\/plugins\/seo\/ -->\n<title>Tour Privado de lo mejor de Nueva York con gu\u00eda oficial y chofer privado<\/title>\n<meta name=\"description\" content=\"TOUR PRIVADO de los mejores lugares Tur\u00edsticos de NUEVA YORK y descubra todos lo secretos y lugares que tiene para ofrecer esta hermosa ciudad.\" \/>\n<meta name=\"robots\" content=\"index, follow, max-snippet:-1, max-image-preview:large, max-video-preview:-1\" \/>\n<link rel=\"canonical\" href=\"https:\/\/tourtravelandmore.com\/es\/tours\/eeuu-es\/nueva-york-es\/nueva-york-rutas-turisticas-privadas-es\/tour-privado-de-lo-mejor-de-nueva-york\/\" \/>\n<meta property=\"og:locale\" content=\"es_ES\" \/>\n<meta property=\"og:type\" content=\"article\" \/>\n<meta property=\"og:title\" content=\"Tour Privado de Nueva York\" \/>\n<meta property=\"og:description\" content=\"TOUR PRIVADO de los mejores lugares Tur\u00edsticos de NUEVA YORK y descubra todos lo secretos y lugares que tiene para ofrecer esta hermosa ciudad.\" \/>\n<meta property=\"og:url\" content=\"https:\/\/tourtravelandmore.com\/es\/tours\/eeuu-es\/nueva-york-es\/nueva-york-rutas-turisticas-privadas-es\/tour-privado-de-lo-mejor-de-nueva-york\/\" \/>\n<meta property=\"og:site_name\" content=\"Tour Travel And More\" \/>\n<meta property=\"article:publisher\" content=\"https:\/\/www.facebook.com\/tourtravelandmore\/\" \/>\n<meta property=\"article:modified_time\" content=\"2024-07-24T16:07:15+00:00\" \/>\n<meta property=\"og:image\" content=\"https:\/\/tourtravelandmore.com\/wp-content\/uploads\/2020\/01\/n25.jpg\" \/>\n\t<meta property=\"og:image:width\" content=\"1024\" \/>\n\t<meta property=\"og:image:height\" content=\"691\" \/>\n\t<meta property=\"og:image:type\" content=\"image\/jpeg\" \/>\n<meta name=\"twitter:card\" content=\"summary_large_image\" \/>\n<meta name=\"twitter:site\" content=\"@TourTravel_More\" \/>\n<meta name=\"twitter:label1\" content=\"Tiempo de lectura\" \/>\n\t<meta name=\"twitter:data1\" content=\"2 minutos\" \/>\n<script type=\"application\/ld+json\" class=\"yoast-schema-graph\">{\"@context\":\"https:\/\/schema.org\",\"@graph\":[{\"@type\":\"WebPage\",\"@id\":\"https:\/\/tourtravelandmore.com\/es\/tours\/eeuu-es\/nueva-york-es\/nueva-york-rutas-turisticas-privadas-es\/tour-privado-de-lo-mejor-de-nueva-york\/\",\"url\":\"https:\/\/tourtravelandmore.com\/es\/tours\/eeuu-es\/nueva-york-es\/nueva-york-rutas-turisticas-privadas-es\/tour-privado-de-lo-mejor-de-nueva-york\/\",\"name\":\"Tour Privado de lo mejor de Nueva York con gu\u00eda oficial y chofer privado\",\"isPartOf\":{\"@id\":\"https:\/\/tourtravelandmore.com\/es\/#website\"},\"primaryImageOfPage\":{\"@id\":\"https:\/\/tourtravelandmore.com\/es\/tours\/eeuu-es\/nueva-york-es\/nueva-york-rutas-turisticas-privadas-es\/tour-privado-de-lo-mejor-de-nueva-york\/#primaryimage\"},\"image\":{\"@id\":\"https:\/\/tourtravelandmore.com\/es\/tours\/eeuu-es\/nueva-york-es\/nueva-york-rutas-turisticas-privadas-es\/tour-privado-de-lo-mejor-de-nueva-york\/#primaryimage\"},\"thumbnailUrl\":\"https:\/\/tourtravelandmore.com\/wp-content\/uploads\/2020\/01\/n25.jpg\",\"datePublished\":\"2020-01-21T11:03:00+00:00\",\"dateModified\":\"2024-07-24T16:07:15+00:00\",\"description\":\"TOUR PRIVADO de los mejores lugares Tur\u00edsticos de NUEVA YORK y descubra todos lo secretos y lugares que tiene para ofrecer esta hermosa ciudad.\",\"breadcrumb\":{\"@id\":\"https:\/\/tourtravelandmore.com\/es\/tours\/eeuu-es\/nueva-york-es\/nueva-york-rutas-turisticas-privadas-es\/tour-privado-de-lo-mejor-de-nueva-york\/#breadcrumb\"},\"inLanguage\":\"es\",\"potentialAction\":[{\"@type\":\"ReadAction\",\"target\":[\"https:\/\/tourtravelandmore.com\/es\/tours\/eeuu-es\/nueva-york-es\/nueva-york-rutas-turisticas-privadas-es\/tour-privado-de-lo-mejor-de-nueva-york\/\"]}]},{\"@type\":\"ImageObject\",\"inLanguage\":\"es\",\"@id\":\"https:\/\/tourtravelandmore.com\/es\/tours\/eeuu-es\/nueva-york-es\/nueva-york-rutas-turisticas-privadas-es\/tour-privado-de-lo-mejor-de-nueva-york\/#primaryimage\",\"url\":\"https:\/\/tourtravelandmore.com\/wp-content\/uploads\/2020\/01\/n25.jpg\",\"contentUrl\":\"https:\/\/tourtravelandmore.com\/wp-content\/uploads\/2020\/01\/n25.jpg\",\"width\":1024,\"height\":691,\"caption\":\"New York Brooklyn Bridge, circa 1995. Towards downtown, twin towers of World Trade Center could be seen amid the fog -- a tribute to Kodachrome colors.\"},{\"@type\":\"BreadcrumbList\",\"@id\":\"https:\/\/tourtravelandmore.com\/es\/tours\/eeuu-es\/nueva-york-es\/nueva-york-rutas-turisticas-privadas-es\/tour-privado-de-lo-mejor-de-nueva-york\/#breadcrumb\",\"itemListElement\":[{\"@type\":\"ListItem\",\"position\":1,\"name\":\"Home\",\"item\":\"https:\/\/tourtravelandmore.com\/es\/\"},{\"@type\":\"ListItem\",\"position\":2,\"name\":\"Tours\",\"item\":\"https:\/\/tourtravelandmore.com\/es\/tours\/\"},{\"@type\":\"ListItem\",\"position\":3,\"name\":\"Tour Privado de Nueva York\"}]},{\"@type\":\"WebSite\",\"@id\":\"https:\/\/tourtravelandmore.com\/es\/#website\",\"url\":\"https:\/\/tourtravelandmore.com\/es\/\",\"name\":\"Tour Travel And More\",\"description\":\"Private sightseeing tours and luxury transfers in Spain\",\"publisher\":{\"@id\":\"https:\/\/tourtravelandmore.com\/es\/#organization\"},\"potentialAction\":[{\"@type\":\"SearchAction\",\"target\":{\"@type\":\"EntryPoint\",\"urlTemplate\":\"https:\/\/tourtravelandmore.com\/es\/?s={search_term_string}\"},\"query-input\":{\"@type\":\"PropertyValueSpecification\",\"valueRequired\":true,\"valueName\":\"search_term_string\"}}],\"inLanguage\":\"es\"},{\"@type\":\"Organization\",\"@id\":\"https:\/\/tourtravelandmore.com\/es\/#organization\",\"name\":\"Tour Travel And More\",\"url\":\"https:\/\/tourtravelandmore.com\/es\/\",\"logo\":{\"@type\":\"ImageObject\",\"inLanguage\":\"es\",\"@id\":\"https:\/\/tourtravelandmore.com\/es\/#\/schema\/logo\/image\/\",\"url\":\"https:\/\/tourtravelandmore.com\/wp-content\/uploads\/2022\/12\/cropped-logo-cabecera-new.png\",\"contentUrl\":\"https:\/\/tourtravelandmore.com\/wp-content\/uploads\/2022\/12\/cropped-logo-cabecera-new.png\",\"width\":430,\"height\":61,\"caption\":\"Tour Travel And More\"},\"image\":{\"@id\":\"https:\/\/tourtravelandmore.com\/es\/#\/schema\/logo\/image\/\"},\"sameAs\":[\"https:\/\/www.facebook.com\/tourtravelandmore\/\",\"https:\/\/x.com\/TourTravel_More\"]}]}<\/script>\n<!-- \/ Yoast SEO Premium plugin. -->","yoast_head_json":{"title":"Tour Privado de lo mejor de Nueva York con gu\u00eda oficial y chofer privado","description":"TOUR PRIVADO de los mejores lugares Tur\u00edsticos de NUEVA YORK y descubra todos lo secretos y lugares que tiene para ofrecer esta hermosa ciudad.","robots":{"index":"index","follow":"follow","max-snippet":"max-snippet:-1","max-image-preview":"max-image-preview:large","max-video-preview":"max-video-preview:-1"},"canonical":"https:\/\/tourtravelandmore.com\/es\/tours\/eeuu-es\/nueva-york-es\/nueva-york-rutas-turisticas-privadas-es\/tour-privado-de-lo-mejor-de-nueva-york\/","og_locale":"es_ES","og_type":"article","og_title":"Tour Privado de Nueva York","og_description":"TOUR PRIVADO de los mejores lugares Tur\u00edsticos de NUEVA YORK y descubra todos lo secretos y lugares que tiene para ofrecer esta hermosa ciudad.","og_url":"https:\/\/tourtravelandmore.com\/es\/tours\/eeuu-es\/nueva-york-es\/nueva-york-rutas-turisticas-privadas-es\/tour-privado-de-lo-mejor-de-nueva-york\/","og_site_name":"Tour Travel And More","article_publisher":"https:\/\/www.facebook.com\/tourtravelandmore\/","article_modified_time":"2024-07-24T16:07:15+00:00","og_image":[{"width":1024,"height":691,"url":"https:\/\/tourtravelandmore.com\/wp-content\/uploads\/2020\/01\/n25.jpg","type":"image\/jpeg"}],"twitter_card":"summary_large_image","twitter_site":"@TourTravel_More","twitter_misc":{"Tiempo de lectura":"2 minutos"},"schema":{"@context":"https:\/\/schema.org","@graph":[{"@type":"WebPage","@id":"https:\/\/tourtravelandmore.com\/es\/tours\/eeuu-es\/nueva-york-es\/nueva-york-rutas-turisticas-privadas-es\/tour-privado-de-lo-mejor-de-nueva-york\/","url":"https:\/\/tourtravelandmore.com\/es\/tours\/eeuu-es\/nueva-york-es\/nueva-york-rutas-turisticas-privadas-es\/tour-privado-de-lo-mejor-de-nueva-york\/","name":"Tour Privado de lo mejor de Nueva York con gu\u00eda oficial y chofer privado","isPartOf":{"@id":"https:\/\/tourtravelandmore.com\/es\/#website"},"primaryImageOfPage":{"@id":"https:\/\/tourtravelandmore.com\/es\/tours\/eeuu-es\/nueva-york-es\/nueva-york-rutas-turisticas-privadas-es\/tour-privado-de-lo-mejor-de-nueva-york\/#primaryimage"},"image":{"@id":"https:\/\/tourtravelandmore.com\/es\/tours\/eeuu-es\/nueva-york-es\/nueva-york-rutas-turisticas-privadas-es\/tour-privado-de-lo-mejor-de-nueva-york\/#primaryimage"},"thumbnailUrl":"https:\/\/tourtravelandmore.com\/wp-content\/uploads\/2020\/01\/n25.jpg","datePublished":"2020-01-21T11:03:00+00:00","dateModified":"2024-07-24T16:07:15+00:00","description":"TOUR PRIVADO de los mejores lugares Tur\u00edsticos de NUEVA YORK y descubra todos lo secretos y lugares que tiene para ofrecer esta hermosa ciudad.","breadcrumb":{"@id":"https:\/\/tourtravelandmore.com\/es\/tours\/eeuu-es\/nueva-york-es\/nueva-york-rutas-turisticas-privadas-es\/tour-privado-de-lo-mejor-de-nueva-york\/#breadcrumb"},"inLanguage":"es","potentialAction":[{"@type":"ReadAction","target":["https:\/\/tourtravelandmore.com\/es\/tours\/eeuu-es\/nueva-york-es\/nueva-york-rutas-turisticas-privadas-es\/tour-privado-de-lo-mejor-de-nueva-york\/"]}]},{"@type":"ImageObject","inLanguage":"es","@id":"https:\/\/tourtravelandmore.com\/es\/tours\/eeuu-es\/nueva-york-es\/nueva-york-rutas-turisticas-privadas-es\/tour-privado-de-lo-mejor-de-nueva-york\/#primaryimage","url":"https:\/\/tourtravelandmore.com\/wp-content\/uploads\/2020\/01\/n25.jpg","contentUrl":"https:\/\/tourtravelandmore.com\/wp-content\/uploads\/2020\/01\/n25.jpg","width":1024,"height":691,"caption":"New York Brooklyn Bridge, circa 1995. Towards downtown, twin towers of World Trade Center could be seen amid the fog -- a tribute to Kodachrome colors."},{"@type":"BreadcrumbList","@id":"https:\/\/tourtravelandmore.com\/es\/tours\/eeuu-es\/nueva-york-es\/nueva-york-rutas-turisticas-privadas-es\/tour-privado-de-lo-mejor-de-nueva-york\/#breadcrumb","itemListElement":[{"@type":"ListItem","position":1,"name":"Home","item":"https:\/\/tourtravelandmore.com\/es\/"},{"@type":"ListItem","position":2,"name":"Tours","item":"https:\/\/tourtravelandmore.com\/es\/tours\/"},{"@type":"ListItem","position":3,"name":"Tour Privado de Nueva York"}]},{"@type":"WebSite","@id":"https:\/\/tourtravelandmore.com\/es\/#website","url":"https:\/\/tourtravelandmore.com\/es\/","name":"Tour Travel And More","description":"Private sightseeing tours and luxury transfers in Spain","publisher":{"@id":"https:\/\/tourtravelandmore.com\/es\/#organization"},"potentialAction":[{"@type":"SearchAction","target":{"@type":"EntryPoint","urlTemplate":"https:\/\/tourtravelandmore.com\/es\/?s={search_term_string}"},"query-input":{"@type":"PropertyValueSpecification","valueRequired":true,"valueName":"search_term_string"}}],"inLanguage":"es"},{"@type":"Organization","@id":"https:\/\/tourtravelandmore.com\/es\/#organization","name":"Tour Travel And More","url":"https:\/\/tourtravelandmore.com\/es\/","logo":{"@type":"ImageObject","inLanguage":"es","@id":"https:\/\/tourtravelandmore.com\/es\/#\/schema\/logo\/image\/","url":"https:\/\/tourtravelandmore.com\/wp-content\/uploads\/2022\/12\/cropped-logo-cabecera-new.png","contentUrl":"https:\/\/tourtravelandmore.com\/wp-content\/uploads\/2022\/12\/cropped-logo-cabecera-new.png","width":430,"height":61,"caption":"Tour Travel And More"},"image":{"@id":"https:\/\/tourtravelandmore.com\/es\/#\/schema\/logo\/image\/"},"sameAs":["https:\/\/www.facebook.com\/tourtravelandmore\/","https:\/\/x.com\/TourTravel_More"]}]}},"_links":{"self":[{"href":"https:\/\/tourtravelandmore.com\/es\/wp-json\/wp\/v2\/product\/74866","targetHints":{"allow":["GET"]}}],"collection":[{"href":"https:\/\/tourtravelandmore.com\/es\/wp-json\/wp\/v2\/product"}],"about":[{"href":"https:\/\/tourtravelandmore.com\/es\/wp-json\/wp\/v2\/types\/product"}],"replies":[{"embeddable":true,"href":"https:\/\/tourtravelandmore.com\/es\/wp-json\/wp\/v2\/comments?post=74866"}],"wp:featuredmedia":[{"embeddable":true,"href":"https:\/\/tourtravelandmore.com\/es\/wp-json\/wp\/v2\/media\/74980"}],"wp:attachment":[{"href":"https:\/\/tourtravelandmore.com\/es\/wp-json\/wp\/v2\/media?parent=74866"}],"wp:term":[{"taxonomy":"product_brand","embeddable":true,"href":"https:\/\/tourtravelandmore.com\/es\/wp-json\/wp\/v2\/product_brand?post=74866"},{"taxonomy":"product_cat","embeddable":true,"href":"https:\/\/tourtravelandmore.com\/es\/wp-json\/wp\/v2\/product_cat?post=74866"},{"taxonomy":"product_tag","embeddable":true,"href":"https:\/\/tourtravelandmore.com\/es\/wp-json\/wp\/v2\/product_tag?post=74866"}],"curies":[{"name":"wp","href":"https:\/\/api.w.org\/{rel}","templated":true}]}}