{"id":74518,"date":"2020-01-16T11:43:49","date_gmt":"2020-01-16T10:43:49","guid":{"rendered":"https:\/\/tourtravelandmore.com\/?post_type=product&#038;p=74518"},"modified":"2023-01-17T03:33:27","modified_gmt":"2023-01-17T02:33:27","slug":"traslado-privado-a-coruna-vehiculos-de-lujo-con-conductor","status":"publish","type":"product","link":"https:\/\/tourtravelandmore.com\/es\/tours\/espana-es\/coruna-es\/coruna-traslados-es\/traslado-privado-a-coruna-vehiculos-de-lujo-con-conductor\/","title":{"rendered":"Traslado privado en A Coru\u00f1a"},"content":{"rendered":"<h2>Descripci\u00f3n del Traslado privado en A Coru\u00f1a<\/h2>\n<p>Si est\u00e1s de viaje por <strong>Galicia<\/strong> no dudes en reservar su Traslado privado A Coru\u00f1a con nosotros, disfruta de un servicio de transporte seguro, r\u00e1pido, y sin esperas.<\/p>\n<p>Nosotros no solo ofrecemos <strong>excursiones y tours privados<\/strong> a diferentes ciudades gallegas, tambi\u00e9n podemos hacerte el traslado desde el aeropuerto a su hotel, Terminal de Cruceros, Estaci\u00f3n de Tren o llevarte a cualquier ciudad de <strong>Galicia<\/strong>.<\/p>\n<p>Operamos en toda Galicia, le podemos ofrecer nuestros servicios de Traslado privado A Coru\u00f1a, desde cualquier ciudad. Solo lo tiene que indicar a trav\u00e9s del formulario de contacto del tour.<\/p>\n<p>Otra de las razones por la que contratan nuestro traslado privado A Coru\u00f1a, es para brindar trasporte a ejecutivos o grupos empresariales que vienen de visita a <strong>Galicia<\/strong> por alg\u00fan tipo de proyecto muy puntual. Si el grupo de trabajo est\u00e1 en <strong><em>Vigo<\/em><\/strong>, pero necesita visitar el proyecto en la ciudad de <strong><em>Santiago de Compostela<\/em><\/strong>, contamos con una flota de <strong>lujosos veh\u00edculos privados<\/strong>, que se adaptan muy f\u00e1cilmente al n\u00famero de personas y que cuentan con choferes conocedores de la zona, para que no tenga ning\u00fan tipo de retraso o impedimento en su camino.<\/p>\n<p>Si dispone de m\u00e1s d\u00edas, puedes consultar <strong><a href=\"https:\/\/tourtravelandmore.com\/es\/ciudad\/espana-es\/coruna-es\/\">aqu\u00ed<\/a><\/strong>, los tours privados que ofrecemos en A Coru\u00f1a.<\/p>\n<h2><strong>Puntos de inter\u00e9s en el Traslado privado en A Coru\u00f1a<br \/>\n<\/strong><\/h2>\n<p>Adem\u00e1s de ser uno de los puertos m\u00e1s antiguos e importantes de <strong>Espa\u00f1a<\/strong>, esta ciudad tambi\u00e9n goza de varios premios en su haber, en realidad se trata de 3 r\u00e9cords, el primero es contar con el faro m\u00e1s antiguo del mundo que a\u00fan se encuentra funcional, por supuesto que nos referimos a <strong><em>La Torre de H\u00e9rcules<\/em><\/strong>. El segundo premio se lo llevan las galer\u00edas acristaladas de <strong><em>La Marina<\/em><\/strong>, que seg\u00fan el equipo de r\u00e9cords Guinness es el mayor conjunto acristalado de todo el planeta. Y el \u00faltimo premio es m\u00e1s bien un t\u00edtulo, porque <strong>La Coru\u00f1a<\/strong> cuenta con el <strong><em>Paseo Mar\u00edtimo <\/em><\/strong>\u00a0m\u00e1s largo de toda <strong>Europa<\/strong>, de 13 kil\u00f3metros de recorrido.<\/p>\n","protected":false},"excerpt":{"rendered":"<p>Aproveche esta oportunidad para <strong>llegar a su destino en A Coru\u00f1a <\/strong>de la manera m\u00e1s c\u00f3moda y r\u00e1pida posible. Organizamos recogidas desde su hotel, aeropuerto, Terminal de Cruceros o cualquier lugar de A Coru\u00f1a.<\/p>\n<p>&nbsp;<\/p>\n","protected":false},"featured_media":59378,"comment_status":"open","ping_status":"closed","template":"","meta":{"_acf_changed":false},"product_brand":[],"product_cat":[1596,1875,1880,1876],"product_tag":[],"class_list":{"0":"post-74518","1":"product","2":"type-product","3":"status-publish","4":"has-post-thumbnail","6":"product_cat-espana-es","7":"product_cat-coruna-es","8":"product_cat-coruna-actividades-es","9":"product_cat-coruna-traslados-es","11":"first","12":"instock","13":"shipping-taxable","14":"purchasable","15":"product-type-simple"},"acf":[],"yoast_head":"<!-- This site is optimized with the Yoast SEO Premium plugin v25.3.1 (Yoast SEO v25.3.1) - https:\/\/yoast.com\/wordpress\/plugins\/seo\/ -->\n<title>\u27a1\ufe0f Traslado Privado A Coru\u00f1a | Tour Travel &amp; More<\/title>\n<meta name=\"description\" content=\"Le ofrecemos la manera m\u00e1s r\u00e1pida y relajante de llegar a su destino, gracias a nuestros Traslado privado A Coru\u00f1a, con choferes profesionales \u2705\" \/>\n<meta name=\"robots\" content=\"index, follow, max-snippet:-1, max-image-preview:large, max-video-preview:-1\" \/>\n<link rel=\"canonical\" href=\"https:\/\/tourtravelandmore.com\/es\/tours\/espana-es\/coruna-es\/coruna-traslados-es\/traslado-privado-a-coruna-vehiculos-de-lujo-con-conductor\/\" \/>\n<meta property=\"og:locale\" content=\"es_ES\" \/>\n<meta property=\"og:type\" content=\"article\" \/>\n<meta property=\"og:title\" content=\"Traslado privado en A Coru\u00f1a\" \/>\n<meta property=\"og:description\" content=\"Le ofrecemos la manera m\u00e1s r\u00e1pida y relajante de llegar a su destino, gracias a nuestros Traslado privado A Coru\u00f1a, con choferes profesionales \u2705\" \/>\n<meta property=\"og:url\" content=\"https:\/\/tourtravelandmore.com\/es\/tours\/espana-es\/coruna-es\/coruna-traslados-es\/traslado-privado-a-coruna-vehiculos-de-lujo-con-conductor\/\" \/>\n<meta property=\"og:site_name\" content=\"Tour Travel And More\" \/>\n<meta property=\"article:publisher\" content=\"https:\/\/www.facebook.com\/tourtravelandmore\/\" \/>\n<meta property=\"article:modified_time\" content=\"2023-01-17T02:33:27+00:00\" \/>\n<meta property=\"og:image\" content=\"https:\/\/tourtravelandmore.com\/wp-content\/uploads\/2016\/11\/TrasladoAlicante-1.png\" \/>\n\t<meta property=\"og:image:width\" content=\"640\" \/>\n\t<meta property=\"og:image:height\" content=\"425\" \/>\n\t<meta property=\"og:image:type\" content=\"image\/png\" \/>\n<meta name=\"twitter:card\" content=\"summary_large_image\" \/>\n<meta name=\"twitter:site\" content=\"@TourTravel_More\" \/>\n<meta name=\"twitter:label1\" content=\"Tiempo de lectura\" \/>\n\t<meta name=\"twitter:data1\" content=\"2 minutos\" \/>\n<script type=\"application\/ld+json\" class=\"yoast-schema-graph\">{\"@context\":\"https:\/\/schema.org\",\"@graph\":[{\"@type\":\"WebPage\",\"@id\":\"https:\/\/tourtravelandmore.com\/es\/tours\/espana-es\/coruna-es\/coruna-traslados-es\/traslado-privado-a-coruna-vehiculos-de-lujo-con-conductor\/\",\"url\":\"https:\/\/tourtravelandmore.com\/es\/tours\/espana-es\/coruna-es\/coruna-traslados-es\/traslado-privado-a-coruna-vehiculos-de-lujo-con-conductor\/\",\"name\":\"\u27a1\ufe0f Traslado Privado A Coru\u00f1a | Tour Travel & More\",\"isPartOf\":{\"@id\":\"https:\/\/tourtravelandmore.com\/es\/#website\"},\"primaryImageOfPage\":{\"@id\":\"https:\/\/tourtravelandmore.com\/es\/tours\/espana-es\/coruna-es\/coruna-traslados-es\/traslado-privado-a-coruna-vehiculos-de-lujo-con-conductor\/#primaryimage\"},\"image\":{\"@id\":\"https:\/\/tourtravelandmore.com\/es\/tours\/espana-es\/coruna-es\/coruna-traslados-es\/traslado-privado-a-coruna-vehiculos-de-lujo-con-conductor\/#primaryimage\"},\"thumbnailUrl\":\"https:\/\/tourtravelandmore.com\/wp-content\/uploads\/2016\/11\/TrasladoAlicante-1.png\",\"datePublished\":\"2020-01-16T10:43:49+00:00\",\"dateModified\":\"2023-01-17T02:33:27+00:00\",\"description\":\"Le ofrecemos la manera m\u00e1s r\u00e1pida y relajante de llegar a su destino, gracias a nuestros Traslado privado A Coru\u00f1a, con choferes profesionales \u2705\",\"breadcrumb\":{\"@id\":\"https:\/\/tourtravelandmore.com\/es\/tours\/espana-es\/coruna-es\/coruna-traslados-es\/traslado-privado-a-coruna-vehiculos-de-lujo-con-conductor\/#breadcrumb\"},\"inLanguage\":\"es\",\"potentialAction\":[{\"@type\":\"ReadAction\",\"target\":[\"https:\/\/tourtravelandmore.com\/es\/tours\/espana-es\/coruna-es\/coruna-traslados-es\/traslado-privado-a-coruna-vehiculos-de-lujo-con-conductor\/\"]}]},{\"@type\":\"ImageObject\",\"inLanguage\":\"es\",\"@id\":\"https:\/\/tourtravelandmore.com\/es\/tours\/espana-es\/coruna-es\/coruna-traslados-es\/traslado-privado-a-coruna-vehiculos-de-lujo-con-conductor\/#primaryimage\",\"url\":\"https:\/\/tourtravelandmore.com\/wp-content\/uploads\/2016\/11\/TrasladoAlicante-1.png\",\"contentUrl\":\"https:\/\/tourtravelandmore.com\/wp-content\/uploads\/2016\/11\/TrasladoAlicante-1.png\",\"width\":640,\"height\":425},{\"@type\":\"BreadcrumbList\",\"@id\":\"https:\/\/tourtravelandmore.com\/es\/tours\/espana-es\/coruna-es\/coruna-traslados-es\/traslado-privado-a-coruna-vehiculos-de-lujo-con-conductor\/#breadcrumb\",\"itemListElement\":[{\"@type\":\"ListItem\",\"position\":1,\"name\":\"Home\",\"item\":\"https:\/\/tourtravelandmore.com\/es\/\"},{\"@type\":\"ListItem\",\"position\":2,\"name\":\"Tours\",\"item\":\"https:\/\/tourtravelandmore.com\/es\/tours\/\"},{\"@type\":\"ListItem\",\"position\":3,\"name\":\"Traslado privado en A Coru\u00f1a\"}]},{\"@type\":\"WebSite\",\"@id\":\"https:\/\/tourtravelandmore.com\/es\/#website\",\"url\":\"https:\/\/tourtravelandmore.com\/es\/\",\"name\":\"Tour Travel And More\",\"description\":\"Private sightseeing tours and luxury transfers in Spain\",\"publisher\":{\"@id\":\"https:\/\/tourtravelandmore.com\/es\/#organization\"},\"potentialAction\":[{\"@type\":\"SearchAction\",\"target\":{\"@type\":\"EntryPoint\",\"urlTemplate\":\"https:\/\/tourtravelandmore.com\/es\/?s={search_term_string}\"},\"query-input\":{\"@type\":\"PropertyValueSpecification\",\"valueRequired\":true,\"valueName\":\"search_term_string\"}}],\"inLanguage\":\"es\"},{\"@type\":\"Organization\",\"@id\":\"https:\/\/tourtravelandmore.com\/es\/#organization\",\"name\":\"Tour Travel And More\",\"url\":\"https:\/\/tourtravelandmore.com\/es\/\",\"logo\":{\"@type\":\"ImageObject\",\"inLanguage\":\"es\",\"@id\":\"https:\/\/tourtravelandmore.com\/es\/#\/schema\/logo\/image\/\",\"url\":\"https:\/\/tourtravelandmore.com\/wp-content\/uploads\/2022\/12\/cropped-logo-cabecera-new.png\",\"contentUrl\":\"https:\/\/tourtravelandmore.com\/wp-content\/uploads\/2022\/12\/cropped-logo-cabecera-new.png\",\"width\":430,\"height\":61,\"caption\":\"Tour Travel And More\"},\"image\":{\"@id\":\"https:\/\/tourtravelandmore.com\/es\/#\/schema\/logo\/image\/\"},\"sameAs\":[\"https:\/\/www.facebook.com\/tourtravelandmore\/\",\"https:\/\/x.com\/TourTravel_More\"]}]}<\/script>\n<!-- \/ Yoast SEO Premium plugin. -->","yoast_head_json":{"title":"\u27a1\ufe0f Traslado Privado A Coru\u00f1a | Tour Travel & More","description":"Le ofrecemos la manera m\u00e1s r\u00e1pida y relajante de llegar a su destino, gracias a nuestros Traslado privado A Coru\u00f1a, con choferes profesionales \u2705","robots":{"index":"index","follow":"follow","max-snippet":"max-snippet:-1","max-image-preview":"max-image-preview:large","max-video-preview":"max-video-preview:-1"},"canonical":"https:\/\/tourtravelandmore.com\/es\/tours\/espana-es\/coruna-es\/coruna-traslados-es\/traslado-privado-a-coruna-vehiculos-de-lujo-con-conductor\/","og_locale":"es_ES","og_type":"article","og_title":"Traslado privado en A Coru\u00f1a","og_description":"Le ofrecemos la manera m\u00e1s r\u00e1pida y relajante de llegar a su destino, gracias a nuestros Traslado privado A Coru\u00f1a, con choferes profesionales \u2705","og_url":"https:\/\/tourtravelandmore.com\/es\/tours\/espana-es\/coruna-es\/coruna-traslados-es\/traslado-privado-a-coruna-vehiculos-de-lujo-con-conductor\/","og_site_name":"Tour Travel And More","article_publisher":"https:\/\/www.facebook.com\/tourtravelandmore\/","article_modified_time":"2023-01-17T02:33:27+00:00","og_image":[{"width":640,"height":425,"url":"https:\/\/tourtravelandmore.com\/wp-content\/uploads\/2016\/11\/TrasladoAlicante-1.png","type":"image\/png"}],"twitter_card":"summary_large_image","twitter_site":"@TourTravel_More","twitter_misc":{"Tiempo de lectura":"2 minutos"},"schema":{"@context":"https:\/\/schema.org","@graph":[{"@type":"WebPage","@id":"https:\/\/tourtravelandmore.com\/es\/tours\/espana-es\/coruna-es\/coruna-traslados-es\/traslado-privado-a-coruna-vehiculos-de-lujo-con-conductor\/","url":"https:\/\/tourtravelandmore.com\/es\/tours\/espana-es\/coruna-es\/coruna-traslados-es\/traslado-privado-a-coruna-vehiculos-de-lujo-con-conductor\/","name":"\u27a1\ufe0f Traslado Privado A Coru\u00f1a | Tour Travel & More","isPartOf":{"@id":"https:\/\/tourtravelandmore.com\/es\/#website"},"primaryImageOfPage":{"@id":"https:\/\/tourtravelandmore.com\/es\/tours\/espana-es\/coruna-es\/coruna-traslados-es\/traslado-privado-a-coruna-vehiculos-de-lujo-con-conductor\/#primaryimage"},"image":{"@id":"https:\/\/tourtravelandmore.com\/es\/tours\/espana-es\/coruna-es\/coruna-traslados-es\/traslado-privado-a-coruna-vehiculos-de-lujo-con-conductor\/#primaryimage"},"thumbnailUrl":"https:\/\/tourtravelandmore.com\/wp-content\/uploads\/2016\/11\/TrasladoAlicante-1.png","datePublished":"2020-01-16T10:43:49+00:00","dateModified":"2023-01-17T02:33:27+00:00","description":"Le ofrecemos la manera m\u00e1s r\u00e1pida y relajante de llegar a su destino, gracias a nuestros Traslado privado A Coru\u00f1a, con choferes profesionales \u2705","breadcrumb":{"@id":"https:\/\/tourtravelandmore.com\/es\/tours\/espana-es\/coruna-es\/coruna-traslados-es\/traslado-privado-a-coruna-vehiculos-de-lujo-con-conductor\/#breadcrumb"},"inLanguage":"es","potentialAction":[{"@type":"ReadAction","target":["https:\/\/tourtravelandmore.com\/es\/tours\/espana-es\/coruna-es\/coruna-traslados-es\/traslado-privado-a-coruna-vehiculos-de-lujo-con-conductor\/"]}]},{"@type":"ImageObject","inLanguage":"es","@id":"https:\/\/tourtravelandmore.com\/es\/tours\/espana-es\/coruna-es\/coruna-traslados-es\/traslado-privado-a-coruna-vehiculos-de-lujo-con-conductor\/#primaryimage","url":"https:\/\/tourtravelandmore.com\/wp-content\/uploads\/2016\/11\/TrasladoAlicante-1.png","contentUrl":"https:\/\/tourtravelandmore.com\/wp-content\/uploads\/2016\/11\/TrasladoAlicante-1.png","width":640,"height":425},{"@type":"BreadcrumbList","@id":"https:\/\/tourtravelandmore.com\/es\/tours\/espana-es\/coruna-es\/coruna-traslados-es\/traslado-privado-a-coruna-vehiculos-de-lujo-con-conductor\/#breadcrumb","itemListElement":[{"@type":"ListItem","position":1,"name":"Home","item":"https:\/\/tourtravelandmore.com\/es\/"},{"@type":"ListItem","position":2,"name":"Tours","item":"https:\/\/tourtravelandmore.com\/es\/tours\/"},{"@type":"ListItem","position":3,"name":"Traslado privado en A Coru\u00f1a"}]},{"@type":"WebSite","@id":"https:\/\/tourtravelandmore.com\/es\/#website","url":"https:\/\/tourtravelandmore.com\/es\/","name":"Tour Travel And More","description":"Private sightseeing tours and luxury transfers in Spain","publisher":{"@id":"https:\/\/tourtravelandmore.com\/es\/#organization"},"potentialAction":[{"@type":"SearchAction","target":{"@type":"EntryPoint","urlTemplate":"https:\/\/tourtravelandmore.com\/es\/?s={search_term_string}"},"query-input":{"@type":"PropertyValueSpecification","valueRequired":true,"valueName":"search_term_string"}}],"inLanguage":"es"},{"@type":"Organization","@id":"https:\/\/tourtravelandmore.com\/es\/#organization","name":"Tour Travel And More","url":"https:\/\/tourtravelandmore.com\/es\/","logo":{"@type":"ImageObject","inLanguage":"es","@id":"https:\/\/tourtravelandmore.com\/es\/#\/schema\/logo\/image\/","url":"https:\/\/tourtravelandmore.com\/wp-content\/uploads\/2022\/12\/cropped-logo-cabecera-new.png","contentUrl":"https:\/\/tourtravelandmore.com\/wp-content\/uploads\/2022\/12\/cropped-logo-cabecera-new.png","width":430,"height":61,"caption":"Tour Travel And More"},"image":{"@id":"https:\/\/tourtravelandmore.com\/es\/#\/schema\/logo\/image\/"},"sameAs":["https:\/\/www.facebook.com\/tourtravelandmore\/","https:\/\/x.com\/TourTravel_More"]}]}},"_links":{"self":[{"href":"https:\/\/tourtravelandmore.com\/es\/wp-json\/wp\/v2\/product\/74518","targetHints":{"allow":["GET"]}}],"collection":[{"href":"https:\/\/tourtravelandmore.com\/es\/wp-json\/wp\/v2\/product"}],"about":[{"href":"https:\/\/tourtravelandmore.com\/es\/wp-json\/wp\/v2\/types\/product"}],"replies":[{"embeddable":true,"href":"https:\/\/tourtravelandmore.com\/es\/wp-json\/wp\/v2\/comments?post=74518"}],"wp:featuredmedia":[{"embeddable":true,"href":"https:\/\/tourtravelandmore.com\/es\/wp-json\/wp\/v2\/media\/59378"}],"wp:attachment":[{"href":"https:\/\/tourtravelandmore.com\/es\/wp-json\/wp\/v2\/media?parent=74518"}],"wp:term":[{"taxonomy":"product_brand","embeddable":true,"href":"https:\/\/tourtravelandmore.com\/es\/wp-json\/wp\/v2\/product_brand?post=74518"},{"taxonomy":"product_cat","embeddable":true,"href":"https:\/\/tourtravelandmore.com\/es\/wp-json\/wp\/v2\/product_cat?post=74518"},{"taxonomy":"product_tag","embeddable":true,"href":"https:\/\/tourtravelandmore.com\/es\/wp-json\/wp\/v2\/product_tag?post=74518"}],"curies":[{"name":"wp","href":"https:\/\/api.w.org\/{rel}","templated":true}]}}