{"id":74499,"date":"2020-01-16T11:31:23","date_gmt":"2020-01-16T10:31:24","guid":{"rendered":"https:\/\/tourtravelandmore.com\/?post_type=product&#038;p=74499"},"modified":"2024-09-27T17:01:16","modified_gmt":"2024-09-27T15:01:16","slug":"tour-a-pie-a-coruna-tour-privado-con-guia-oficial","status":"publish","type":"product","link":"https:\/\/tourtravelandmore.com\/es\/tours\/espana-es\/coruna-es\/coruna-tours-privados-a-pie\/tour-a-pie-a-coruna-tour-privado-con-guia-oficial\/","title":{"rendered":"Tour privado a pie A Coru\u00f1a"},"content":{"rendered":"<h2>Descripci\u00f3n del Tour privado a pie A Coru\u00f1a<\/h2>\n<p>Disfruta de este tour a pie A Coru\u00f1a con su gu\u00eda oficial privado.<\/p>\n<p>Puedes escoger la Hora y lugar de recogida, ya que el tour es completamente privado. Al ser un tour a pie, si el lugar de recogida no es c\u00e9ntrico, os indicaremos un punto de encuentro.<\/p>\n<p>La duraci\u00f3n del tour privado a pie A Coru\u00f1a es de 4 horas.<\/p>\n<p>Podr\u00e1s recorrer sus calles con compa\u00f1\u00eda de un gu\u00eda oficial, conocedor de la zona e historia, capaz de brindarte un amplio conjunto de experiencias que seguramente se transformar\u00e1n en recuerdos inolvidables. Junto a \u00e9l, caminar\u00e1s por una de las obras arquitect\u00f3nicas que supuso toda una revoluci\u00f3n a principios del siglo XIX, subir\u00e1s a un faro que data del siglo II d.C.<\/p>\n<h2>Puntos de inter\u00e9s en el Tour privado a pie A Coru\u00f1a<\/h2>\n<p>El punto de encuentro de este tour privado ser\u00e1 <strong>El Obelisco<\/strong>, dado que se halla en el centro de la ciudad, desde all\u00ed caminaremos hacia<strong> los cantones<\/strong>, para toparnos frente a frente con un conjunto de personajes famosos que han sido esculpidos y desperdigado por las calles, dejando a <strong>La Coru\u00f1a<\/strong> poblada por estatuas de bronce, entre ellas una de las m\u00e1s famosas es la de <strong>John Lennon.<\/strong><\/p>\n<p>En nuestro tour privado a pie A Coru\u00f1a, tambi\u00e9n nos encontraremos con majestuosos edificios como el <strong>Teatro Col\u00f3n<\/strong> o el <strong>Kiosco Alfonzo o el famoso <\/strong><strong>Club N\u00e1utico<\/strong>, lugar impresionante formado por unas galer\u00edas acristaladas de la <strong>Avenida de la Marina<\/strong>, esta es la raz\u00f3n fundamental de por qu\u00e9 a <strong>La Coru\u00f1a<\/strong> tambi\u00e9n se le llama <strong>La Ciudad Cristal.<\/strong><\/p>\n<p>Continuaremos nuestro tour privado recorriendo la <strong>Ciudad Vieja<\/strong>, en la cual recorreremos la<strong> Plaza Mar\u00eda Pita<\/strong> para explicarte qui\u00e9n fue esta extraordinaria mujer y por qu\u00e9 se la considera toda una hero\u00edna. Despu\u00e9s pasearemos por la parte medieval, donde visitaremos la <strong>Iglesia de Santiago<\/strong> y los <strong>Jardines de San Carlos<\/strong>, punto de gran importancia durante la Guerra de Independencia Espa\u00f1ola, adem\u00e1s tendremos oportunidad de visitar la <strong>Tumba del General Moore<\/strong>.<\/p>\n<p>La siguiente parada ser\u00e1 la <strong>Calle Real<\/strong>, donde podremos comprar recuerdos de este paseo y degustar la comida t\u00edpica de <strong>La Coru\u00f1a<\/strong> en el <strong>Mercado de San Agust\u00edn<\/strong>, aqu\u00ed tambi\u00e9n tendremos la oportunidad de ver la amplia variedad de productos frescos de la r\u00eda. Daremos una peque\u00f1a caminata por la <strong>Plaza del Humor.<\/strong><\/p>\n<p>Finalizaremos el tour en la famosa <strong>Torre de H\u00e9rcules,<\/strong> que es el faro romano m\u00e1s antiguo del mundo, por no decir que es el \u00fanico a\u00fan en pie.<\/p>\n<p>Si dispone de m\u00e1s d\u00edas puedes consultar <a href=\"https:\/\/tourtravelandmore.com\/es\/ciudad\/espana-es\/coruna-es\/\">aqu\u00ed<\/a>, el resto de tours privados que ofrecemos en A Coru\u00f1a.<\/p>\n","protected":false},"excerpt":{"rendered":"<p>Reserva un tour a pie de A Coru\u00f1a con un gu\u00eda oficial. Descubre la Capital de Galicia a pie, recorriendo sus principales calles, el casco viejo de la ciudad, y sus monumentos principales y Iglesias. Conoce la famosa Torre de H\u00e9rcules junto a su gu\u00eda.<\/p>\n","protected":false},"featured_media":73839,"comment_status":"open","ping_status":"closed","template":"","meta":{"_acf_changed":false},"product_brand":[],"product_cat":[1596,1875,1880,1877],"product_tag":[],"class_list":{"0":"post-74499","1":"product","2":"type-product","3":"status-publish","4":"has-post-thumbnail","6":"product_cat-espana-es","7":"product_cat-coruna-es","8":"product_cat-coruna-actividades-es","9":"product_cat-coruna-tours-privados-a-pie","11":"first","12":"instock","13":"shipping-taxable","14":"purchasable","15":"product-type-simple"},"acf":[],"yoast_head":"<!-- This site is optimized with the Yoast SEO Premium plugin v25.3.1 (Yoast SEO v25.3.1) - https:\/\/yoast.com\/wordpress\/plugins\/seo\/ -->\n<title>\u27a1\ufe0f Tour a pie A Coru\u00f1a | Tour Travel &amp; More<\/title>\n<meta name=\"description\" content=\"Disfruta de este tour a pie A Coru\u00f1a con gu\u00eda oficial. Conoce la ciudad a pie y descubre sus principales calles y monumentos de la ciudad \u2705\" \/>\n<meta name=\"robots\" content=\"index, follow, max-snippet:-1, max-image-preview:large, max-video-preview:-1\" \/>\n<link rel=\"canonical\" href=\"https:\/\/tourtravelandmore.com\/es\/tours\/espana-es\/coruna-es\/coruna-tours-privados-a-pie\/tour-a-pie-a-coruna-tour-privado-con-guia-oficial\/\" \/>\n<meta property=\"og:locale\" content=\"es_ES\" \/>\n<meta property=\"og:type\" content=\"article\" \/>\n<meta property=\"og:title\" content=\"Tour privado a pie A Coru\u00f1a\" \/>\n<meta property=\"og:description\" content=\"Disfruta de este tour a pie A Coru\u00f1a con gu\u00eda oficial. Conoce la ciudad a pie y descubre sus principales calles y monumentos de la ciudad \u2705\" \/>\n<meta property=\"og:url\" content=\"https:\/\/tourtravelandmore.com\/es\/tours\/espana-es\/coruna-es\/coruna-tours-privados-a-pie\/tour-a-pie-a-coruna-tour-privado-con-guia-oficial\/\" \/>\n<meta property=\"og:site_name\" content=\"Tour Travel And More\" \/>\n<meta property=\"article:publisher\" content=\"https:\/\/www.facebook.com\/tourtravelandmore\/\" \/>\n<meta property=\"article:modified_time\" content=\"2024-09-27T15:01:16+00:00\" \/>\n<meta property=\"og:image\" content=\"https:\/\/tourtravelandmore.com\/wp-content\/uploads\/2020\/01\/faro-vilan-3875989_960_720.jpg\" \/>\n\t<meta property=\"og:image:width\" content=\"960\" \/>\n\t<meta property=\"og:image:height\" content=\"640\" \/>\n\t<meta property=\"og:image:type\" content=\"image\/jpeg\" \/>\n<meta name=\"twitter:card\" content=\"summary_large_image\" \/>\n<meta name=\"twitter:site\" content=\"@TourTravel_More\" \/>\n<meta name=\"twitter:label1\" content=\"Tiempo de lectura\" \/>\n\t<meta name=\"twitter:data1\" content=\"2 minutos\" \/>\n<script type=\"application\/ld+json\" class=\"yoast-schema-graph\">{\"@context\":\"https:\/\/schema.org\",\"@graph\":[{\"@type\":\"WebPage\",\"@id\":\"https:\/\/tourtravelandmore.com\/es\/tours\/espana-es\/coruna-es\/coruna-tours-privados-a-pie\/tour-a-pie-a-coruna-tour-privado-con-guia-oficial\/\",\"url\":\"https:\/\/tourtravelandmore.com\/es\/tours\/espana-es\/coruna-es\/coruna-tours-privados-a-pie\/tour-a-pie-a-coruna-tour-privado-con-guia-oficial\/\",\"name\":\"\u27a1\ufe0f Tour a pie A Coru\u00f1a | Tour Travel & More\",\"isPartOf\":{\"@id\":\"https:\/\/tourtravelandmore.com\/es\/#website\"},\"primaryImageOfPage\":{\"@id\":\"https:\/\/tourtravelandmore.com\/es\/tours\/espana-es\/coruna-es\/coruna-tours-privados-a-pie\/tour-a-pie-a-coruna-tour-privado-con-guia-oficial\/#primaryimage\"},\"image\":{\"@id\":\"https:\/\/tourtravelandmore.com\/es\/tours\/espana-es\/coruna-es\/coruna-tours-privados-a-pie\/tour-a-pie-a-coruna-tour-privado-con-guia-oficial\/#primaryimage\"},\"thumbnailUrl\":\"https:\/\/tourtravelandmore.com\/wp-content\/uploads\/2020\/01\/faro-vilan-3875989_960_720.jpg\",\"datePublished\":\"2020-01-16T10:31:24+00:00\",\"dateModified\":\"2024-09-27T15:01:16+00:00\",\"description\":\"Disfruta de este tour a pie A Coru\u00f1a con gu\u00eda oficial. Conoce la ciudad a pie y descubre sus principales calles y monumentos de la ciudad \u2705\",\"breadcrumb\":{\"@id\":\"https:\/\/tourtravelandmore.com\/es\/tours\/espana-es\/coruna-es\/coruna-tours-privados-a-pie\/tour-a-pie-a-coruna-tour-privado-con-guia-oficial\/#breadcrumb\"},\"inLanguage\":\"es\",\"potentialAction\":[{\"@type\":\"ReadAction\",\"target\":[\"https:\/\/tourtravelandmore.com\/es\/tours\/espana-es\/coruna-es\/coruna-tours-privados-a-pie\/tour-a-pie-a-coruna-tour-privado-con-guia-oficial\/\"]}]},{\"@type\":\"ImageObject\",\"inLanguage\":\"es\",\"@id\":\"https:\/\/tourtravelandmore.com\/es\/tours\/espana-es\/coruna-es\/coruna-tours-privados-a-pie\/tour-a-pie-a-coruna-tour-privado-con-guia-oficial\/#primaryimage\",\"url\":\"https:\/\/tourtravelandmore.com\/wp-content\/uploads\/2020\/01\/faro-vilan-3875989_960_720.jpg\",\"contentUrl\":\"https:\/\/tourtravelandmore.com\/wp-content\/uploads\/2020\/01\/faro-vilan-3875989_960_720.jpg\",\"width\":960,\"height\":640},{\"@type\":\"BreadcrumbList\",\"@id\":\"https:\/\/tourtravelandmore.com\/es\/tours\/espana-es\/coruna-es\/coruna-tours-privados-a-pie\/tour-a-pie-a-coruna-tour-privado-con-guia-oficial\/#breadcrumb\",\"itemListElement\":[{\"@type\":\"ListItem\",\"position\":1,\"name\":\"Home\",\"item\":\"https:\/\/tourtravelandmore.com\/es\/\"},{\"@type\":\"ListItem\",\"position\":2,\"name\":\"Tours\",\"item\":\"https:\/\/tourtravelandmore.com\/es\/tours\/\"},{\"@type\":\"ListItem\",\"position\":3,\"name\":\"Tour privado a pie A Coru\u00f1a\"}]},{\"@type\":\"WebSite\",\"@id\":\"https:\/\/tourtravelandmore.com\/es\/#website\",\"url\":\"https:\/\/tourtravelandmore.com\/es\/\",\"name\":\"Tour Travel And More\",\"description\":\"Private sightseeing tours and luxury transfers in Spain\",\"publisher\":{\"@id\":\"https:\/\/tourtravelandmore.com\/es\/#organization\"},\"potentialAction\":[{\"@type\":\"SearchAction\",\"target\":{\"@type\":\"EntryPoint\",\"urlTemplate\":\"https:\/\/tourtravelandmore.com\/es\/?s={search_term_string}\"},\"query-input\":{\"@type\":\"PropertyValueSpecification\",\"valueRequired\":true,\"valueName\":\"search_term_string\"}}],\"inLanguage\":\"es\"},{\"@type\":\"Organization\",\"@id\":\"https:\/\/tourtravelandmore.com\/es\/#organization\",\"name\":\"Tour Travel And More\",\"url\":\"https:\/\/tourtravelandmore.com\/es\/\",\"logo\":{\"@type\":\"ImageObject\",\"inLanguage\":\"es\",\"@id\":\"https:\/\/tourtravelandmore.com\/es\/#\/schema\/logo\/image\/\",\"url\":\"https:\/\/tourtravelandmore.com\/wp-content\/uploads\/2022\/12\/cropped-logo-cabecera-new.png\",\"contentUrl\":\"https:\/\/tourtravelandmore.com\/wp-content\/uploads\/2022\/12\/cropped-logo-cabecera-new.png\",\"width\":430,\"height\":61,\"caption\":\"Tour Travel And More\"},\"image\":{\"@id\":\"https:\/\/tourtravelandmore.com\/es\/#\/schema\/logo\/image\/\"},\"sameAs\":[\"https:\/\/www.facebook.com\/tourtravelandmore\/\",\"https:\/\/x.com\/TourTravel_More\"]}]}<\/script>\n<!-- \/ Yoast SEO Premium plugin. -->","yoast_head_json":{"title":"\u27a1\ufe0f Tour a pie A Coru\u00f1a | Tour Travel & More","description":"Disfruta de este tour a pie A Coru\u00f1a con gu\u00eda oficial. Conoce la ciudad a pie y descubre sus principales calles y monumentos de la ciudad \u2705","robots":{"index":"index","follow":"follow","max-snippet":"max-snippet:-1","max-image-preview":"max-image-preview:large","max-video-preview":"max-video-preview:-1"},"canonical":"https:\/\/tourtravelandmore.com\/es\/tours\/espana-es\/coruna-es\/coruna-tours-privados-a-pie\/tour-a-pie-a-coruna-tour-privado-con-guia-oficial\/","og_locale":"es_ES","og_type":"article","og_title":"Tour privado a pie A Coru\u00f1a","og_description":"Disfruta de este tour a pie A Coru\u00f1a con gu\u00eda oficial. Conoce la ciudad a pie y descubre sus principales calles y monumentos de la ciudad \u2705","og_url":"https:\/\/tourtravelandmore.com\/es\/tours\/espana-es\/coruna-es\/coruna-tours-privados-a-pie\/tour-a-pie-a-coruna-tour-privado-con-guia-oficial\/","og_site_name":"Tour Travel And More","article_publisher":"https:\/\/www.facebook.com\/tourtravelandmore\/","article_modified_time":"2024-09-27T15:01:16+00:00","og_image":[{"width":960,"height":640,"url":"https:\/\/tourtravelandmore.com\/wp-content\/uploads\/2020\/01\/faro-vilan-3875989_960_720.jpg","type":"image\/jpeg"}],"twitter_card":"summary_large_image","twitter_site":"@TourTravel_More","twitter_misc":{"Tiempo de lectura":"2 minutos"},"schema":{"@context":"https:\/\/schema.org","@graph":[{"@type":"WebPage","@id":"https:\/\/tourtravelandmore.com\/es\/tours\/espana-es\/coruna-es\/coruna-tours-privados-a-pie\/tour-a-pie-a-coruna-tour-privado-con-guia-oficial\/","url":"https:\/\/tourtravelandmore.com\/es\/tours\/espana-es\/coruna-es\/coruna-tours-privados-a-pie\/tour-a-pie-a-coruna-tour-privado-con-guia-oficial\/","name":"\u27a1\ufe0f Tour a pie A Coru\u00f1a | Tour Travel & More","isPartOf":{"@id":"https:\/\/tourtravelandmore.com\/es\/#website"},"primaryImageOfPage":{"@id":"https:\/\/tourtravelandmore.com\/es\/tours\/espana-es\/coruna-es\/coruna-tours-privados-a-pie\/tour-a-pie-a-coruna-tour-privado-con-guia-oficial\/#primaryimage"},"image":{"@id":"https:\/\/tourtravelandmore.com\/es\/tours\/espana-es\/coruna-es\/coruna-tours-privados-a-pie\/tour-a-pie-a-coruna-tour-privado-con-guia-oficial\/#primaryimage"},"thumbnailUrl":"https:\/\/tourtravelandmore.com\/wp-content\/uploads\/2020\/01\/faro-vilan-3875989_960_720.jpg","datePublished":"2020-01-16T10:31:24+00:00","dateModified":"2024-09-27T15:01:16+00:00","description":"Disfruta de este tour a pie A Coru\u00f1a con gu\u00eda oficial. Conoce la ciudad a pie y descubre sus principales calles y monumentos de la ciudad \u2705","breadcrumb":{"@id":"https:\/\/tourtravelandmore.com\/es\/tours\/espana-es\/coruna-es\/coruna-tours-privados-a-pie\/tour-a-pie-a-coruna-tour-privado-con-guia-oficial\/#breadcrumb"},"inLanguage":"es","potentialAction":[{"@type":"ReadAction","target":["https:\/\/tourtravelandmore.com\/es\/tours\/espana-es\/coruna-es\/coruna-tours-privados-a-pie\/tour-a-pie-a-coruna-tour-privado-con-guia-oficial\/"]}]},{"@type":"ImageObject","inLanguage":"es","@id":"https:\/\/tourtravelandmore.com\/es\/tours\/espana-es\/coruna-es\/coruna-tours-privados-a-pie\/tour-a-pie-a-coruna-tour-privado-con-guia-oficial\/#primaryimage","url":"https:\/\/tourtravelandmore.com\/wp-content\/uploads\/2020\/01\/faro-vilan-3875989_960_720.jpg","contentUrl":"https:\/\/tourtravelandmore.com\/wp-content\/uploads\/2020\/01\/faro-vilan-3875989_960_720.jpg","width":960,"height":640},{"@type":"BreadcrumbList","@id":"https:\/\/tourtravelandmore.com\/es\/tours\/espana-es\/coruna-es\/coruna-tours-privados-a-pie\/tour-a-pie-a-coruna-tour-privado-con-guia-oficial\/#breadcrumb","itemListElement":[{"@type":"ListItem","position":1,"name":"Home","item":"https:\/\/tourtravelandmore.com\/es\/"},{"@type":"ListItem","position":2,"name":"Tours","item":"https:\/\/tourtravelandmore.com\/es\/tours\/"},{"@type":"ListItem","position":3,"name":"Tour privado a pie A Coru\u00f1a"}]},{"@type":"WebSite","@id":"https:\/\/tourtravelandmore.com\/es\/#website","url":"https:\/\/tourtravelandmore.com\/es\/","name":"Tour Travel And More","description":"Private sightseeing tours and luxury transfers in Spain","publisher":{"@id":"https:\/\/tourtravelandmore.com\/es\/#organization"},"potentialAction":[{"@type":"SearchAction","target":{"@type":"EntryPoint","urlTemplate":"https:\/\/tourtravelandmore.com\/es\/?s={search_term_string}"},"query-input":{"@type":"PropertyValueSpecification","valueRequired":true,"valueName":"search_term_string"}}],"inLanguage":"es"},{"@type":"Organization","@id":"https:\/\/tourtravelandmore.com\/es\/#organization","name":"Tour Travel And More","url":"https:\/\/tourtravelandmore.com\/es\/","logo":{"@type":"ImageObject","inLanguage":"es","@id":"https:\/\/tourtravelandmore.com\/es\/#\/schema\/logo\/image\/","url":"https:\/\/tourtravelandmore.com\/wp-content\/uploads\/2022\/12\/cropped-logo-cabecera-new.png","contentUrl":"https:\/\/tourtravelandmore.com\/wp-content\/uploads\/2022\/12\/cropped-logo-cabecera-new.png","width":430,"height":61,"caption":"Tour Travel And More"},"image":{"@id":"https:\/\/tourtravelandmore.com\/es\/#\/schema\/logo\/image\/"},"sameAs":["https:\/\/www.facebook.com\/tourtravelandmore\/","https:\/\/x.com\/TourTravel_More"]}]}},"_links":{"self":[{"href":"https:\/\/tourtravelandmore.com\/es\/wp-json\/wp\/v2\/product\/74499","targetHints":{"allow":["GET"]}}],"collection":[{"href":"https:\/\/tourtravelandmore.com\/es\/wp-json\/wp\/v2\/product"}],"about":[{"href":"https:\/\/tourtravelandmore.com\/es\/wp-json\/wp\/v2\/types\/product"}],"replies":[{"embeddable":true,"href":"https:\/\/tourtravelandmore.com\/es\/wp-json\/wp\/v2\/comments?post=74499"}],"wp:featuredmedia":[{"embeddable":true,"href":"https:\/\/tourtravelandmore.com\/es\/wp-json\/wp\/v2\/media\/73839"}],"wp:attachment":[{"href":"https:\/\/tourtravelandmore.com\/es\/wp-json\/wp\/v2\/media?parent=74499"}],"wp:term":[{"taxonomy":"product_brand","embeddable":true,"href":"https:\/\/tourtravelandmore.com\/es\/wp-json\/wp\/v2\/product_brand?post=74499"},{"taxonomy":"product_cat","embeddable":true,"href":"https:\/\/tourtravelandmore.com\/es\/wp-json\/wp\/v2\/product_cat?post=74499"},{"taxonomy":"product_tag","embeddable":true,"href":"https:\/\/tourtravelandmore.com\/es\/wp-json\/wp\/v2\/product_tag?post=74499"}],"curies":[{"name":"wp","href":"https:\/\/api.w.org\/{rel}","templated":true}]}}