{"id":74450,"date":"2020-01-15T14:15:18","date_gmt":"2020-01-15T13:15:18","guid":{"rendered":"https:\/\/tourtravelandmore.com\/?post_type=product&#038;p=74450"},"modified":"2024-09-30T18:26:24","modified_gmt":"2024-09-30T16:26:24","slug":"tour-santiago-de-compostela-desde-a-coruna-tour-privado","status":"publish","type":"product","link":"https:\/\/tourtravelandmore.com\/es\/tours\/espana-es\/coruna-es\/coruna-rutas-turisticas-privadas-es\/tour-santiago-de-compostela-desde-a-coruna-tour-privado\/","title":{"rendered":"Tour privada Santiago de Compostela desde A Coru\u00f1a"},"content":{"rendered":"<h2>Tour privado de Santiago de Compostela desde A Coru\u00f1a Descripci\u00f3n<\/h2>\n<p>Si ya se encuentra en la capital de la <b><em><strong>provincia de A Coru\u00f1a<\/strong><\/em><\/b>, bien puede acercarse a la ciudad de <b><strong>Santiago de Compostela.<\/strong><\/b> M\u00e1s a\u00fan con esta super <b><strong>excursi\u00f3n<\/strong><\/b> que le ofrecemos en <b><strong>Tour Travel &amp; More<\/strong><\/b>. Disfrute de nuestra excursi\u00f3n privada a Santiago de Compostela desde A Coru\u00f1a. Tambi\u00e9n podemos organizar la recogida en el puerto de cruceros como excursi\u00f3n privada en tierra.<\/p>\n<p>\u00bfQu\u00e9 le aporta este paseo? Pues muy sencillo En primer lugar, contar\u00e1 con la compa\u00f1\u00eda de un <b><strong>gu\u00eda personal <\/strong><\/b>que adem\u00e1s es un gran conocedor de la ciudad de peregrinos y tambi\u00e9n tendr\u00e1 a su disposici\u00f3n un <b><strong>veh\u00edculo privado de lujo<\/strong><\/b> totalmente equipado para que pueda viajar c\u00f3modo y seguro durante todo el trayecto, y adem\u00e1s realizar el recorrido en el tiempo estimado, aunque si lo desea podemos ampliarlo un poco m\u00e1s.<\/p>\n<h2>Tour privado de Santiago de Compostela desde A Coru\u00f1a | Puntos de inter\u00e9s y lugares de inter\u00e9s<\/h2>\n<p>Una vez que le hayamos recogido en el punto de encuentro previamente programado, nos dirigiremos a la fabulosa y sagrada <b><em><strong>Catedral de Santiago de Compostela.<\/strong><\/em><\/b> Aqu\u00ed se encuentran los restos del <em>Ap\u00f3stol Santiago<\/em>. Es tambi\u00e9n una de las mayores bellezas arquitect\u00f3nicas que exaltan la ciudad.<\/p>\n<p>La entrada que tomaremos ser\u00e1 la situada en la <b><em><strong>Plaza del Obradoiro.<\/strong><\/em><\/b> Podremos entrar directamente al <b><em><strong>Museo Catedralicio<\/strong><\/em><\/b> y empaparnos de su historia antes de viajar al interior y dejarnos deslumbrar por su <b><em><strong>Altar Mayor.<\/strong><\/em><\/b> Aqu\u00ed, si lo desea, podremos abrazar al ap\u00f3stol.<\/p>\n<p>Tras haber conocido el atractivo central de esta ciudad, nos dirigiremos al <b><em><strong>Casco Antiguo.<\/strong><\/em><\/b><\/p>\n<p>Aqu\u00ed nos cautivar\u00e1 otro conjunto de edificios religiosos que fueron sede de las \u00f3rdenes templarias en su tiempo, tales como: <b><em><strong>El Monasterio de San Paio de Antealtares<\/strong><\/em><\/b>, <b><em><strong>La Capilla de la Corticela<\/strong><\/em><\/b> y la <b><em><strong>iglesia de Santa Mar\u00eda do Cami\u00f1o<\/strong><\/em><\/b>.<\/p>\n<p>Otro lugar de inter\u00e9s que recorreremos ser\u00e1 el <b><em><strong>Parque de la Alameda.<\/strong><\/em><\/b> Aqu\u00ed encontraremos la divertida escultura de <em>\u00abLas Dos Mar\u00edas\u00bb.<\/em> En este punto, su gu\u00eda le revelar\u00e1 su historia y nos tomaremos unos cuantos selfies con las mujeres m\u00e1s bellas de todo el lugar.<\/p>\n<p>Ya hacia el mediod\u00eda o un poco m\u00e1s tarde, dependiendo de cu\u00e1ndo comencemos el recorrido, daremos un paseo por <b><em><strong>la calle Del Franco.<\/strong><\/em><\/b> Aqu\u00ed tomaremos unas tapas &#8211; las m\u00e1s deliciosas de todo <b><strong>Santiago<\/strong><\/b>, dicen. Tomaremos una bebida refrescante para continuar nuestro paseo&#8230;<\/p>\n<p>Los \u00faltimos lugares que visitaremos ser\u00e1n <b><em><strong>las iglesias de Nuestra Se\u00f1ora del Carmen y Santa Clara.<\/strong><\/em><\/b><\/p>\n<p>Finalmente, nuestro ch\u00f3fer privado, le llevar\u00e1 de vuelta hacia nuestra querida <b><strong>Coru\u00f1a<\/strong><\/b>. Disfrutar\u00e1 de este tour privado de <a href=\"https:\/\/en.wikipedia.org\/wiki\/Santiago_de_Compostela\">Santiago de Compostela<\/a> desde A Coru\u00f1a gracias a Tour Travel &amp; More.<\/p>\n<p><a href=\"https:\/\/tourtravelandmore.com\/es\/ciudad\/espana-es\/a-coruna-en\/\">Eche un vistazo a nuestros tours privados por A Coru\u00f1a.<\/a><\/p>\n","protected":false},"excerpt":{"rendered":"<p>Descubre la Famosa Ciudad de Santiago de Compostela y su historia. Es una de las visitas obligadas cuando se llega a <strong>Galicia<\/strong>, es la ciudad de <strong>Santiago de Compostela<\/strong>, lugar de reposo de los restos del <em>Ap\u00f3stol Santiago<\/em> y el punto final para muchos de los peregrinos que a\u00f1o tras a\u00f1o transitan este famoso camino espiritual (El camino de Santiago).<\/p>\n","protected":false},"featured_media":73864,"comment_status":"open","ping_status":"closed","template":"","meta":{"_acf_changed":false},"product_brand":[],"product_cat":[1596,1875,1880,1878],"product_tag":[],"class_list":{"0":"post-74450","1":"product","2":"type-product","3":"status-publish","4":"has-post-thumbnail","6":"product_cat-espana-es","7":"product_cat-coruna-es","8":"product_cat-coruna-actividades-es","9":"product_cat-coruna-rutas-turisticas-privadas-es","11":"first","12":"instock","13":"shipping-taxable","14":"purchasable","15":"product-type-simple"},"acf":[],"yoast_head":"<!-- This site is optimized with the Yoast SEO Premium plugin v25.3.1 (Yoast SEO v25.3.1) - https:\/\/yoast.com\/wordpress\/plugins\/seo\/ -->\n<title>\u27a1\ufe0f Tour Santiago de Compostela desde A Coru\u00f1a | Tour Travel &amp; More<\/title>\n<meta name=\"description\" content=\"Disfrute de este tour Santiago de Compostela desde A Coru\u00f1a con su gu\u00eda oficial privado y vehiculo con conductor. Descubre la Catedral de Santiago y m\u00e1s! \u2705\" \/>\n<meta name=\"robots\" content=\"index, follow, max-snippet:-1, max-image-preview:large, max-video-preview:-1\" \/>\n<link rel=\"canonical\" href=\"https:\/\/tourtravelandmore.com\/es\/tours\/espana-es\/coruna-es\/coruna-rutas-turisticas-privadas-es\/tour-santiago-de-compostela-desde-a-coruna-tour-privado\/\" \/>\n<meta property=\"og:locale\" content=\"es_ES\" \/>\n<meta property=\"og:type\" content=\"article\" \/>\n<meta property=\"og:title\" content=\"Tour privada Santiago de Compostela desde A Coru\u00f1a\" \/>\n<meta property=\"og:description\" content=\"Disfrute de este tour Santiago de Compostela desde A Coru\u00f1a con su gu\u00eda oficial privado y vehiculo con conductor. Descubre la Catedral de Santiago y m\u00e1s! \u2705\" \/>\n<meta property=\"og:url\" content=\"https:\/\/tourtravelandmore.com\/es\/tours\/espana-es\/coruna-es\/coruna-rutas-turisticas-privadas-es\/tour-santiago-de-compostela-desde-a-coruna-tour-privado\/\" \/>\n<meta property=\"og:site_name\" content=\"Tour Travel And More\" \/>\n<meta property=\"article:publisher\" content=\"https:\/\/www.facebook.com\/tourtravelandmore\/\" \/>\n<meta property=\"article:modified_time\" content=\"2024-09-30T16:26:24+00:00\" \/>\n<meta property=\"og:image\" content=\"https:\/\/tourtravelandmore.com\/wp-content\/uploads\/2020\/01\/6245579429_7f7c55711a_b.jpg\" \/>\n\t<meta property=\"og:image:width\" content=\"984\" \/>\n\t<meta property=\"og:image:height\" content=\"570\" \/>\n\t<meta property=\"og:image:type\" content=\"image\/jpeg\" \/>\n<meta name=\"twitter:card\" content=\"summary_large_image\" \/>\n<meta name=\"twitter:site\" content=\"@TourTravel_More\" \/>\n<meta name=\"twitter:label1\" content=\"Tiempo de lectura\" \/>\n\t<meta name=\"twitter:data1\" content=\"2 minutos\" \/>\n<script type=\"application\/ld+json\" class=\"yoast-schema-graph\">{\"@context\":\"https:\/\/schema.org\",\"@graph\":[{\"@type\":\"WebPage\",\"@id\":\"https:\/\/tourtravelandmore.com\/es\/tours\/espana-es\/coruna-es\/coruna-rutas-turisticas-privadas-es\/tour-santiago-de-compostela-desde-a-coruna-tour-privado\/\",\"url\":\"https:\/\/tourtravelandmore.com\/es\/tours\/espana-es\/coruna-es\/coruna-rutas-turisticas-privadas-es\/tour-santiago-de-compostela-desde-a-coruna-tour-privado\/\",\"name\":\"\u27a1\ufe0f Tour Santiago de Compostela desde A Coru\u00f1a | Tour Travel & More\",\"isPartOf\":{\"@id\":\"https:\/\/tourtravelandmore.com\/es\/#website\"},\"primaryImageOfPage\":{\"@id\":\"https:\/\/tourtravelandmore.com\/es\/tours\/espana-es\/coruna-es\/coruna-rutas-turisticas-privadas-es\/tour-santiago-de-compostela-desde-a-coruna-tour-privado\/#primaryimage\"},\"image\":{\"@id\":\"https:\/\/tourtravelandmore.com\/es\/tours\/espana-es\/coruna-es\/coruna-rutas-turisticas-privadas-es\/tour-santiago-de-compostela-desde-a-coruna-tour-privado\/#primaryimage\"},\"thumbnailUrl\":\"https:\/\/tourtravelandmore.com\/wp-content\/uploads\/2020\/01\/6245579429_7f7c55711a_b.jpg\",\"datePublished\":\"2020-01-15T13:15:18+00:00\",\"dateModified\":\"2024-09-30T16:26:24+00:00\",\"description\":\"Disfrute de este tour Santiago de Compostela desde A Coru\u00f1a con su gu\u00eda oficial privado y vehiculo con conductor. Descubre la Catedral de Santiago y m\u00e1s! \u2705\",\"breadcrumb\":{\"@id\":\"https:\/\/tourtravelandmore.com\/es\/tours\/espana-es\/coruna-es\/coruna-rutas-turisticas-privadas-es\/tour-santiago-de-compostela-desde-a-coruna-tour-privado\/#breadcrumb\"},\"inLanguage\":\"es\",\"potentialAction\":[{\"@type\":\"ReadAction\",\"target\":[\"https:\/\/tourtravelandmore.com\/es\/tours\/espana-es\/coruna-es\/coruna-rutas-turisticas-privadas-es\/tour-santiago-de-compostela-desde-a-coruna-tour-privado\/\"]}]},{\"@type\":\"ImageObject\",\"inLanguage\":\"es\",\"@id\":\"https:\/\/tourtravelandmore.com\/es\/tours\/espana-es\/coruna-es\/coruna-rutas-turisticas-privadas-es\/tour-santiago-de-compostela-desde-a-coruna-tour-privado\/#primaryimage\",\"url\":\"https:\/\/tourtravelandmore.com\/wp-content\/uploads\/2020\/01\/6245579429_7f7c55711a_b.jpg\",\"contentUrl\":\"https:\/\/tourtravelandmore.com\/wp-content\/uploads\/2020\/01\/6245579429_7f7c55711a_b.jpg\",\"width\":984,\"height\":570},{\"@type\":\"BreadcrumbList\",\"@id\":\"https:\/\/tourtravelandmore.com\/es\/tours\/espana-es\/coruna-es\/coruna-rutas-turisticas-privadas-es\/tour-santiago-de-compostela-desde-a-coruna-tour-privado\/#breadcrumb\",\"itemListElement\":[{\"@type\":\"ListItem\",\"position\":1,\"name\":\"Home\",\"item\":\"https:\/\/tourtravelandmore.com\/es\/\"},{\"@type\":\"ListItem\",\"position\":2,\"name\":\"Tours\",\"item\":\"https:\/\/tourtravelandmore.com\/es\/tours\/\"},{\"@type\":\"ListItem\",\"position\":3,\"name\":\"Tour privada Santiago de Compostela desde A Coru\u00f1a\"}]},{\"@type\":\"WebSite\",\"@id\":\"https:\/\/tourtravelandmore.com\/es\/#website\",\"url\":\"https:\/\/tourtravelandmore.com\/es\/\",\"name\":\"Tour Travel And More\",\"description\":\"Private sightseeing tours and luxury transfers in Spain\",\"publisher\":{\"@id\":\"https:\/\/tourtravelandmore.com\/es\/#organization\"},\"potentialAction\":[{\"@type\":\"SearchAction\",\"target\":{\"@type\":\"EntryPoint\",\"urlTemplate\":\"https:\/\/tourtravelandmore.com\/es\/?s={search_term_string}\"},\"query-input\":{\"@type\":\"PropertyValueSpecification\",\"valueRequired\":true,\"valueName\":\"search_term_string\"}}],\"inLanguage\":\"es\"},{\"@type\":\"Organization\",\"@id\":\"https:\/\/tourtravelandmore.com\/es\/#organization\",\"name\":\"Tour Travel And More\",\"url\":\"https:\/\/tourtravelandmore.com\/es\/\",\"logo\":{\"@type\":\"ImageObject\",\"inLanguage\":\"es\",\"@id\":\"https:\/\/tourtravelandmore.com\/es\/#\/schema\/logo\/image\/\",\"url\":\"https:\/\/tourtravelandmore.com\/wp-content\/uploads\/2022\/12\/cropped-logo-cabecera-new.png\",\"contentUrl\":\"https:\/\/tourtravelandmore.com\/wp-content\/uploads\/2022\/12\/cropped-logo-cabecera-new.png\",\"width\":430,\"height\":61,\"caption\":\"Tour Travel And More\"},\"image\":{\"@id\":\"https:\/\/tourtravelandmore.com\/es\/#\/schema\/logo\/image\/\"},\"sameAs\":[\"https:\/\/www.facebook.com\/tourtravelandmore\/\",\"https:\/\/x.com\/TourTravel_More\"]}]}<\/script>\n<!-- \/ Yoast SEO Premium plugin. -->","yoast_head_json":{"title":"\u27a1\ufe0f Tour Santiago de Compostela desde A Coru\u00f1a | Tour Travel & More","description":"Disfrute de este tour Santiago de Compostela desde A Coru\u00f1a con su gu\u00eda oficial privado y vehiculo con conductor. Descubre la Catedral de Santiago y m\u00e1s! \u2705","robots":{"index":"index","follow":"follow","max-snippet":"max-snippet:-1","max-image-preview":"max-image-preview:large","max-video-preview":"max-video-preview:-1"},"canonical":"https:\/\/tourtravelandmore.com\/es\/tours\/espana-es\/coruna-es\/coruna-rutas-turisticas-privadas-es\/tour-santiago-de-compostela-desde-a-coruna-tour-privado\/","og_locale":"es_ES","og_type":"article","og_title":"Tour privada Santiago de Compostela desde A Coru\u00f1a","og_description":"Disfrute de este tour Santiago de Compostela desde A Coru\u00f1a con su gu\u00eda oficial privado y vehiculo con conductor. Descubre la Catedral de Santiago y m\u00e1s! \u2705","og_url":"https:\/\/tourtravelandmore.com\/es\/tours\/espana-es\/coruna-es\/coruna-rutas-turisticas-privadas-es\/tour-santiago-de-compostela-desde-a-coruna-tour-privado\/","og_site_name":"Tour Travel And More","article_publisher":"https:\/\/www.facebook.com\/tourtravelandmore\/","article_modified_time":"2024-09-30T16:26:24+00:00","og_image":[{"width":984,"height":570,"url":"https:\/\/tourtravelandmore.com\/wp-content\/uploads\/2020\/01\/6245579429_7f7c55711a_b.jpg","type":"image\/jpeg"}],"twitter_card":"summary_large_image","twitter_site":"@TourTravel_More","twitter_misc":{"Tiempo de lectura":"2 minutos"},"schema":{"@context":"https:\/\/schema.org","@graph":[{"@type":"WebPage","@id":"https:\/\/tourtravelandmore.com\/es\/tours\/espana-es\/coruna-es\/coruna-rutas-turisticas-privadas-es\/tour-santiago-de-compostela-desde-a-coruna-tour-privado\/","url":"https:\/\/tourtravelandmore.com\/es\/tours\/espana-es\/coruna-es\/coruna-rutas-turisticas-privadas-es\/tour-santiago-de-compostela-desde-a-coruna-tour-privado\/","name":"\u27a1\ufe0f Tour Santiago de Compostela desde A Coru\u00f1a | Tour Travel & More","isPartOf":{"@id":"https:\/\/tourtravelandmore.com\/es\/#website"},"primaryImageOfPage":{"@id":"https:\/\/tourtravelandmore.com\/es\/tours\/espana-es\/coruna-es\/coruna-rutas-turisticas-privadas-es\/tour-santiago-de-compostela-desde-a-coruna-tour-privado\/#primaryimage"},"image":{"@id":"https:\/\/tourtravelandmore.com\/es\/tours\/espana-es\/coruna-es\/coruna-rutas-turisticas-privadas-es\/tour-santiago-de-compostela-desde-a-coruna-tour-privado\/#primaryimage"},"thumbnailUrl":"https:\/\/tourtravelandmore.com\/wp-content\/uploads\/2020\/01\/6245579429_7f7c55711a_b.jpg","datePublished":"2020-01-15T13:15:18+00:00","dateModified":"2024-09-30T16:26:24+00:00","description":"Disfrute de este tour Santiago de Compostela desde A Coru\u00f1a con su gu\u00eda oficial privado y vehiculo con conductor. Descubre la Catedral de Santiago y m\u00e1s! \u2705","breadcrumb":{"@id":"https:\/\/tourtravelandmore.com\/es\/tours\/espana-es\/coruna-es\/coruna-rutas-turisticas-privadas-es\/tour-santiago-de-compostela-desde-a-coruna-tour-privado\/#breadcrumb"},"inLanguage":"es","potentialAction":[{"@type":"ReadAction","target":["https:\/\/tourtravelandmore.com\/es\/tours\/espana-es\/coruna-es\/coruna-rutas-turisticas-privadas-es\/tour-santiago-de-compostela-desde-a-coruna-tour-privado\/"]}]},{"@type":"ImageObject","inLanguage":"es","@id":"https:\/\/tourtravelandmore.com\/es\/tours\/espana-es\/coruna-es\/coruna-rutas-turisticas-privadas-es\/tour-santiago-de-compostela-desde-a-coruna-tour-privado\/#primaryimage","url":"https:\/\/tourtravelandmore.com\/wp-content\/uploads\/2020\/01\/6245579429_7f7c55711a_b.jpg","contentUrl":"https:\/\/tourtravelandmore.com\/wp-content\/uploads\/2020\/01\/6245579429_7f7c55711a_b.jpg","width":984,"height":570},{"@type":"BreadcrumbList","@id":"https:\/\/tourtravelandmore.com\/es\/tours\/espana-es\/coruna-es\/coruna-rutas-turisticas-privadas-es\/tour-santiago-de-compostela-desde-a-coruna-tour-privado\/#breadcrumb","itemListElement":[{"@type":"ListItem","position":1,"name":"Home","item":"https:\/\/tourtravelandmore.com\/es\/"},{"@type":"ListItem","position":2,"name":"Tours","item":"https:\/\/tourtravelandmore.com\/es\/tours\/"},{"@type":"ListItem","position":3,"name":"Tour privada Santiago de Compostela desde A Coru\u00f1a"}]},{"@type":"WebSite","@id":"https:\/\/tourtravelandmore.com\/es\/#website","url":"https:\/\/tourtravelandmore.com\/es\/","name":"Tour Travel And More","description":"Private sightseeing tours and luxury transfers in Spain","publisher":{"@id":"https:\/\/tourtravelandmore.com\/es\/#organization"},"potentialAction":[{"@type":"SearchAction","target":{"@type":"EntryPoint","urlTemplate":"https:\/\/tourtravelandmore.com\/es\/?s={search_term_string}"},"query-input":{"@type":"PropertyValueSpecification","valueRequired":true,"valueName":"search_term_string"}}],"inLanguage":"es"},{"@type":"Organization","@id":"https:\/\/tourtravelandmore.com\/es\/#organization","name":"Tour Travel And More","url":"https:\/\/tourtravelandmore.com\/es\/","logo":{"@type":"ImageObject","inLanguage":"es","@id":"https:\/\/tourtravelandmore.com\/es\/#\/schema\/logo\/image\/","url":"https:\/\/tourtravelandmore.com\/wp-content\/uploads\/2022\/12\/cropped-logo-cabecera-new.png","contentUrl":"https:\/\/tourtravelandmore.com\/wp-content\/uploads\/2022\/12\/cropped-logo-cabecera-new.png","width":430,"height":61,"caption":"Tour Travel And More"},"image":{"@id":"https:\/\/tourtravelandmore.com\/es\/#\/schema\/logo\/image\/"},"sameAs":["https:\/\/www.facebook.com\/tourtravelandmore\/","https:\/\/x.com\/TourTravel_More"]}]}},"_links":{"self":[{"href":"https:\/\/tourtravelandmore.com\/es\/wp-json\/wp\/v2\/product\/74450","targetHints":{"allow":["GET"]}}],"collection":[{"href":"https:\/\/tourtravelandmore.com\/es\/wp-json\/wp\/v2\/product"}],"about":[{"href":"https:\/\/tourtravelandmore.com\/es\/wp-json\/wp\/v2\/types\/product"}],"replies":[{"embeddable":true,"href":"https:\/\/tourtravelandmore.com\/es\/wp-json\/wp\/v2\/comments?post=74450"}],"wp:featuredmedia":[{"embeddable":true,"href":"https:\/\/tourtravelandmore.com\/es\/wp-json\/wp\/v2\/media\/73864"}],"wp:attachment":[{"href":"https:\/\/tourtravelandmore.com\/es\/wp-json\/wp\/v2\/media?parent=74450"}],"wp:term":[{"taxonomy":"product_brand","embeddable":true,"href":"https:\/\/tourtravelandmore.com\/es\/wp-json\/wp\/v2\/product_brand?post=74450"},{"taxonomy":"product_cat","embeddable":true,"href":"https:\/\/tourtravelandmore.com\/es\/wp-json\/wp\/v2\/product_cat?post=74450"},{"taxonomy":"product_tag","embeddable":true,"href":"https:\/\/tourtravelandmore.com\/es\/wp-json\/wp\/v2\/product_tag?post=74450"}],"curies":[{"name":"wp","href":"https:\/\/api.w.org\/{rel}","templated":true}]}}