{"id":74416,"date":"2020-01-15T13:09:30","date_gmt":"2020-01-15T12:09:31","guid":{"rendered":"https:\/\/tourtravelandmore.com\/?post_type=product&#038;p=74416"},"modified":"2024-07-29T18:40:25","modified_gmt":"2024-07-29T16:40:25","slug":"tour-privado-del-central-park-de-nyc","status":"publish","type":"product","link":"https:\/\/tourtravelandmore.com\/es\/tours\/eeuu-es\/nueva-york-es\/nueva-york-rutas-turisticas-privadas-es\/tour-privado-del-central-park-de-nyc\/","title":{"rendered":"Tour Privado por Midtown Manhattan y Central Park"},"content":{"rendered":"<h2><strong>Descripci\u00f3n del tour privado<\/strong><\/h2>\n<p>Central <strong>Park<\/strong> es un parque urbano situado en el distrito de <strong>Manhattan<\/strong> y el m\u00e1s famoso de Nueva York. Acomp\u00e1\u00f1enos en este <strong>recorrido privado por<\/strong> Central Park junto a un <strong>gu\u00eda oficial privado<\/strong>. Aproveche la oportunidad de pasear por este espacio verde \u00fanico y fant\u00e1stico situado en medio de la Gran Manzana.<\/p>\n<p>El recorrido comenzar\u00e1 en la entrada del parque, pero en caso de necesidad, podemos recogerle en su hotel o lugar elegido de <b>Nueva York.<\/b> Podemos incluir s\u00f3lo el traslado o incluso la disposici\u00f3n de un veh\u00edculo privado durante sus visitas. El equipo de<strong>Tour Travel and<\/strong> More le ayudar\u00e1 a dise\u00f1ar su visita de la forma que mejor se adapte a sus intereses y gustos.<\/p>\n<p>El bullicioso <strong>Midtown<\/strong> Manhattan alberga atracciones emblem\u00e1ticas, como Times Square y el Museo de Arte Moderno, y lugares de inter\u00e9s arquitect\u00f3nico, como el Edificio Chrysler, la Grand Central Terminal, el Edificio Flatiron y el Empire State. Los conciertos se celebran en el Radio City Music Hall, situado en el Rockefeller Center, o en el Madison Square Garden, sede de los New York Knicks y los New York Rangers.<\/p>\n<p><strong>Central Park<\/strong> es un lugar al que la gente acude para descansar, leer, hacer deporte o simplemente pasear y respirar aire fresco. Es un lugar que sin duda no debe perderse en sus d\u00edas en Nueva York. Con nuestro tour privado de Central Park podr\u00e1 visitar cada rinc\u00f3n de este enorme parque \u00fanico junto a un gu\u00eda tur\u00edstico profesional.<\/p>\n<p>Tenemos m\u00faltiples opciones de visitas privadas y traslados en y desde Nueva York, eche un vistazo a <a href=\"\u00ab\/?product_cat=u-s-a\/new-york-city-en#shop\u00bb\">nuestra lista de productos privados<\/a>.<\/p>\n<h2><strong>Puntos de inter\u00e9s y lugares emblem\u00e1ticos<\/strong><\/h2>\n<p>En primer lugar, se reunir\u00e1 con su gu\u00eda tur\u00edstico oficial privado en una de las entradas de Central Park a la hora que desee. Durante su visita privada descubrir\u00e1 algunos de los lugares m\u00e1s emblem\u00e1ticos de <a href=\"\u00abhttps:\/\/www.centralparknyc.org\u00bb\">Central<\/a> Park con su experto local.<\/p>\n<p>Este parque es el quinto m\u00e1s grande de Nueva York, con una superficie de 3,41 km2, y es el parque urbano m\u00e1s visitado de Estados Unidos. Abierto al p\u00fablico en 1858, este parque hist\u00f3rico es uno de los lugares m\u00e1s filmados del mundo.<\/p>\n<p>Tome aire de la ciudad y prep\u00e1rese para explorar el fant\u00e1stico Central Park. Una vez iniciado el recorrido, le proponemos visitar, entre otros lugares<\/p>\n<ul>\n<li><strong>Castillo Belvedere<\/strong><\/li>\n<li><strong>Pista de patinaje Wollman<\/strong><\/li>\n<li><strong>Puente Gapstow<\/strong><\/li>\n<li><strong>Jard\u00edn Conservatorio<\/strong><\/li>\n<li><strong>Casa de botes Loeb<\/strong><\/li>\n<li><strong>Agujas de Cleopatra<\/strong><\/li>\n<li><strong>Monumento conmemorativo de Strawberry Fields<\/strong><\/li>\n<li><strong>El Gran Jard\u00edn y el Estanque de las Tortugas<\/strong><\/li>\n<\/ul>\n<p>Si lo prefiere, tambi\u00e9n podemos incluir m\u00e1s horas a su experiencia y realizar una visita a trav\u00e9s de Highlights of NYC. Se trata de una visita privada y personalizada s\u00f3lo para usted y su grupo.<\/p>\n<p>Por \u00faltimo, su gu\u00eda oficial privado le dejar\u00e1 en una de las entradas de Central Park.<\/p>\n","protected":false},"excerpt":{"rendered":"<p>Explora el maravilloso <strong>Central Park en un tour privado<\/strong>\u00a0junto a un gu\u00eda local licenciado. Visita el parque y descubre sus bosques, lagos, monumentos y maravillosa arquitectura.<\/p>\n","protected":false},"featured_media":74426,"comment_status":"open","ping_status":"closed","template":"","meta":{"_acf_changed":false},"product_brand":[],"product_cat":[1602,2015,2018,2017],"product_tag":[],"class_list":{"0":"post-74416","1":"product","2":"type-product","3":"status-publish","4":"has-post-thumbnail","6":"product_cat-eeuu-es","7":"product_cat-nueva-york-es","8":"product_cat-nueva-york-actividades-es","9":"product_cat-nueva-york-rutas-turisticas-privadas-es","11":"first","12":"instock","13":"shipping-taxable","14":"purchasable","15":"product-type-simple"},"acf":[],"yoast_head":"<!-- This site is optimized with the Yoast SEO Premium plugin v25.3.1 (Yoast SEO v25.3.1) - https:\/\/yoast.com\/wordpress\/plugins\/seo\/ -->\n<title>Tour Privado por Central Park con gu\u00eda oficial privado<\/title>\n<meta name=\"description\" content=\"Disfrute de un Exclusivo TOUR PRIVADO por Central Park y explore su maravillosa naturaleza con sus lagos resplandecientes junto a un gu\u00eda profesional.\" \/>\n<meta name=\"robots\" content=\"index, follow, max-snippet:-1, max-image-preview:large, max-video-preview:-1\" \/>\n<link rel=\"canonical\" href=\"https:\/\/tourtravelandmore.com\/es\/tours\/eeuu-es\/nueva-york-es\/nueva-york-rutas-turisticas-privadas-es\/tour-privado-del-central-park-de-nyc\/\" \/>\n<meta property=\"og:locale\" content=\"es_ES\" \/>\n<meta property=\"og:type\" content=\"article\" \/>\n<meta property=\"og:title\" content=\"Tour Privado por Midtown Manhattan y Central Park\" \/>\n<meta property=\"og:description\" content=\"Disfrute de un Exclusivo TOUR PRIVADO por Central Park y explore su maravillosa naturaleza con sus lagos resplandecientes junto a un gu\u00eda profesional.\" \/>\n<meta property=\"og:url\" content=\"https:\/\/tourtravelandmore.com\/es\/tours\/eeuu-es\/nueva-york-es\/nueva-york-rutas-turisticas-privadas-es\/tour-privado-del-central-park-de-nyc\/\" \/>\n<meta property=\"og:site_name\" content=\"Tour Travel And More\" \/>\n<meta property=\"article:publisher\" content=\"https:\/\/www.facebook.com\/tourtravelandmore\/\" \/>\n<meta property=\"article:modified_time\" content=\"2024-07-29T16:40:25+00:00\" \/>\n<meta property=\"og:image\" content=\"https:\/\/tourtravelandmore.com\/wp-content\/uploads\/2020\/01\/n21.jpg\" \/>\n\t<meta property=\"og:image:width\" content=\"1280\" \/>\n\t<meta property=\"og:image:height\" content=\"850\" \/>\n\t<meta property=\"og:image:type\" content=\"image\/jpeg\" \/>\n<meta name=\"twitter:card\" content=\"summary_large_image\" \/>\n<meta name=\"twitter:site\" content=\"@TourTravel_More\" \/>\n<meta name=\"twitter:label1\" content=\"Tiempo de lectura\" \/>\n\t<meta name=\"twitter:data1\" content=\"3 minutos\" \/>\n<script type=\"application\/ld+json\" class=\"yoast-schema-graph\">{\"@context\":\"https:\/\/schema.org\",\"@graph\":[{\"@type\":\"WebPage\",\"@id\":\"https:\/\/tourtravelandmore.com\/es\/tours\/eeuu-es\/nueva-york-es\/nueva-york-rutas-turisticas-privadas-es\/tour-privado-del-central-park-de-nyc\/\",\"url\":\"https:\/\/tourtravelandmore.com\/es\/tours\/eeuu-es\/nueva-york-es\/nueva-york-rutas-turisticas-privadas-es\/tour-privado-del-central-park-de-nyc\/\",\"name\":\"Tour Privado por Central Park con gu\u00eda oficial privado\",\"isPartOf\":{\"@id\":\"https:\/\/tourtravelandmore.com\/es\/#website\"},\"primaryImageOfPage\":{\"@id\":\"https:\/\/tourtravelandmore.com\/es\/tours\/eeuu-es\/nueva-york-es\/nueva-york-rutas-turisticas-privadas-es\/tour-privado-del-central-park-de-nyc\/#primaryimage\"},\"image\":{\"@id\":\"https:\/\/tourtravelandmore.com\/es\/tours\/eeuu-es\/nueva-york-es\/nueva-york-rutas-turisticas-privadas-es\/tour-privado-del-central-park-de-nyc\/#primaryimage\"},\"thumbnailUrl\":\"https:\/\/tourtravelandmore.com\/wp-content\/uploads\/2020\/01\/n21.jpg\",\"datePublished\":\"2020-01-15T12:09:31+00:00\",\"dateModified\":\"2024-07-29T16:40:25+00:00\",\"description\":\"Disfrute de un Exclusivo TOUR PRIVADO por Central Park y explore su maravillosa naturaleza con sus lagos resplandecientes junto a un gu\u00eda profesional.\",\"breadcrumb\":{\"@id\":\"https:\/\/tourtravelandmore.com\/es\/tours\/eeuu-es\/nueva-york-es\/nueva-york-rutas-turisticas-privadas-es\/tour-privado-del-central-park-de-nyc\/#breadcrumb\"},\"inLanguage\":\"es\",\"potentialAction\":[{\"@type\":\"ReadAction\",\"target\":[\"https:\/\/tourtravelandmore.com\/es\/tours\/eeuu-es\/nueva-york-es\/nueva-york-rutas-turisticas-privadas-es\/tour-privado-del-central-park-de-nyc\/\"]}]},{\"@type\":\"ImageObject\",\"inLanguage\":\"es\",\"@id\":\"https:\/\/tourtravelandmore.com\/es\/tours\/eeuu-es\/nueva-york-es\/nueva-york-rutas-turisticas-privadas-es\/tour-privado-del-central-park-de-nyc\/#primaryimage\",\"url\":\"https:\/\/tourtravelandmore.com\/wp-content\/uploads\/2020\/01\/n21.jpg\",\"contentUrl\":\"https:\/\/tourtravelandmore.com\/wp-content\/uploads\/2020\/01\/n21.jpg\",\"width\":1280,\"height\":850},{\"@type\":\"BreadcrumbList\",\"@id\":\"https:\/\/tourtravelandmore.com\/es\/tours\/eeuu-es\/nueva-york-es\/nueva-york-rutas-turisticas-privadas-es\/tour-privado-del-central-park-de-nyc\/#breadcrumb\",\"itemListElement\":[{\"@type\":\"ListItem\",\"position\":1,\"name\":\"Home\",\"item\":\"https:\/\/tourtravelandmore.com\/es\/\"},{\"@type\":\"ListItem\",\"position\":2,\"name\":\"Tours\",\"item\":\"https:\/\/tourtravelandmore.com\/es\/tours\/\"},{\"@type\":\"ListItem\",\"position\":3,\"name\":\"Tour Privado por Midtown Manhattan y Central Park\"}]},{\"@type\":\"WebSite\",\"@id\":\"https:\/\/tourtravelandmore.com\/es\/#website\",\"url\":\"https:\/\/tourtravelandmore.com\/es\/\",\"name\":\"Tour Travel And More\",\"description\":\"Private sightseeing tours and luxury transfers in Spain\",\"publisher\":{\"@id\":\"https:\/\/tourtravelandmore.com\/es\/#organization\"},\"potentialAction\":[{\"@type\":\"SearchAction\",\"target\":{\"@type\":\"EntryPoint\",\"urlTemplate\":\"https:\/\/tourtravelandmore.com\/es\/?s={search_term_string}\"},\"query-input\":{\"@type\":\"PropertyValueSpecification\",\"valueRequired\":true,\"valueName\":\"search_term_string\"}}],\"inLanguage\":\"es\"},{\"@type\":\"Organization\",\"@id\":\"https:\/\/tourtravelandmore.com\/es\/#organization\",\"name\":\"Tour Travel And More\",\"url\":\"https:\/\/tourtravelandmore.com\/es\/\",\"logo\":{\"@type\":\"ImageObject\",\"inLanguage\":\"es\",\"@id\":\"https:\/\/tourtravelandmore.com\/es\/#\/schema\/logo\/image\/\",\"url\":\"https:\/\/tourtravelandmore.com\/wp-content\/uploads\/2022\/12\/cropped-logo-cabecera-new.png\",\"contentUrl\":\"https:\/\/tourtravelandmore.com\/wp-content\/uploads\/2022\/12\/cropped-logo-cabecera-new.png\",\"width\":430,\"height\":61,\"caption\":\"Tour Travel And More\"},\"image\":{\"@id\":\"https:\/\/tourtravelandmore.com\/es\/#\/schema\/logo\/image\/\"},\"sameAs\":[\"https:\/\/www.facebook.com\/tourtravelandmore\/\",\"https:\/\/x.com\/TourTravel_More\"]}]}<\/script>\n<!-- \/ Yoast SEO Premium plugin. -->","yoast_head_json":{"title":"Tour Privado por Central Park con gu\u00eda oficial privado","description":"Disfrute de un Exclusivo TOUR PRIVADO por Central Park y explore su maravillosa naturaleza con sus lagos resplandecientes junto a un gu\u00eda profesional.","robots":{"index":"index","follow":"follow","max-snippet":"max-snippet:-1","max-image-preview":"max-image-preview:large","max-video-preview":"max-video-preview:-1"},"canonical":"https:\/\/tourtravelandmore.com\/es\/tours\/eeuu-es\/nueva-york-es\/nueva-york-rutas-turisticas-privadas-es\/tour-privado-del-central-park-de-nyc\/","og_locale":"es_ES","og_type":"article","og_title":"Tour Privado por Midtown Manhattan y Central Park","og_description":"Disfrute de un Exclusivo TOUR PRIVADO por Central Park y explore su maravillosa naturaleza con sus lagos resplandecientes junto a un gu\u00eda profesional.","og_url":"https:\/\/tourtravelandmore.com\/es\/tours\/eeuu-es\/nueva-york-es\/nueva-york-rutas-turisticas-privadas-es\/tour-privado-del-central-park-de-nyc\/","og_site_name":"Tour Travel And More","article_publisher":"https:\/\/www.facebook.com\/tourtravelandmore\/","article_modified_time":"2024-07-29T16:40:25+00:00","og_image":[{"width":1280,"height":850,"url":"https:\/\/tourtravelandmore.com\/wp-content\/uploads\/2020\/01\/n21.jpg","type":"image\/jpeg"}],"twitter_card":"summary_large_image","twitter_site":"@TourTravel_More","twitter_misc":{"Tiempo de lectura":"3 minutos"},"schema":{"@context":"https:\/\/schema.org","@graph":[{"@type":"WebPage","@id":"https:\/\/tourtravelandmore.com\/es\/tours\/eeuu-es\/nueva-york-es\/nueva-york-rutas-turisticas-privadas-es\/tour-privado-del-central-park-de-nyc\/","url":"https:\/\/tourtravelandmore.com\/es\/tours\/eeuu-es\/nueva-york-es\/nueva-york-rutas-turisticas-privadas-es\/tour-privado-del-central-park-de-nyc\/","name":"Tour Privado por Central Park con gu\u00eda oficial privado","isPartOf":{"@id":"https:\/\/tourtravelandmore.com\/es\/#website"},"primaryImageOfPage":{"@id":"https:\/\/tourtravelandmore.com\/es\/tours\/eeuu-es\/nueva-york-es\/nueva-york-rutas-turisticas-privadas-es\/tour-privado-del-central-park-de-nyc\/#primaryimage"},"image":{"@id":"https:\/\/tourtravelandmore.com\/es\/tours\/eeuu-es\/nueva-york-es\/nueva-york-rutas-turisticas-privadas-es\/tour-privado-del-central-park-de-nyc\/#primaryimage"},"thumbnailUrl":"https:\/\/tourtravelandmore.com\/wp-content\/uploads\/2020\/01\/n21.jpg","datePublished":"2020-01-15T12:09:31+00:00","dateModified":"2024-07-29T16:40:25+00:00","description":"Disfrute de un Exclusivo TOUR PRIVADO por Central Park y explore su maravillosa naturaleza con sus lagos resplandecientes junto a un gu\u00eda profesional.","breadcrumb":{"@id":"https:\/\/tourtravelandmore.com\/es\/tours\/eeuu-es\/nueva-york-es\/nueva-york-rutas-turisticas-privadas-es\/tour-privado-del-central-park-de-nyc\/#breadcrumb"},"inLanguage":"es","potentialAction":[{"@type":"ReadAction","target":["https:\/\/tourtravelandmore.com\/es\/tours\/eeuu-es\/nueva-york-es\/nueva-york-rutas-turisticas-privadas-es\/tour-privado-del-central-park-de-nyc\/"]}]},{"@type":"ImageObject","inLanguage":"es","@id":"https:\/\/tourtravelandmore.com\/es\/tours\/eeuu-es\/nueva-york-es\/nueva-york-rutas-turisticas-privadas-es\/tour-privado-del-central-park-de-nyc\/#primaryimage","url":"https:\/\/tourtravelandmore.com\/wp-content\/uploads\/2020\/01\/n21.jpg","contentUrl":"https:\/\/tourtravelandmore.com\/wp-content\/uploads\/2020\/01\/n21.jpg","width":1280,"height":850},{"@type":"BreadcrumbList","@id":"https:\/\/tourtravelandmore.com\/es\/tours\/eeuu-es\/nueva-york-es\/nueva-york-rutas-turisticas-privadas-es\/tour-privado-del-central-park-de-nyc\/#breadcrumb","itemListElement":[{"@type":"ListItem","position":1,"name":"Home","item":"https:\/\/tourtravelandmore.com\/es\/"},{"@type":"ListItem","position":2,"name":"Tours","item":"https:\/\/tourtravelandmore.com\/es\/tours\/"},{"@type":"ListItem","position":3,"name":"Tour Privado por Midtown Manhattan y Central Park"}]},{"@type":"WebSite","@id":"https:\/\/tourtravelandmore.com\/es\/#website","url":"https:\/\/tourtravelandmore.com\/es\/","name":"Tour Travel And More","description":"Private sightseeing tours and luxury transfers in Spain","publisher":{"@id":"https:\/\/tourtravelandmore.com\/es\/#organization"},"potentialAction":[{"@type":"SearchAction","target":{"@type":"EntryPoint","urlTemplate":"https:\/\/tourtravelandmore.com\/es\/?s={search_term_string}"},"query-input":{"@type":"PropertyValueSpecification","valueRequired":true,"valueName":"search_term_string"}}],"inLanguage":"es"},{"@type":"Organization","@id":"https:\/\/tourtravelandmore.com\/es\/#organization","name":"Tour Travel And More","url":"https:\/\/tourtravelandmore.com\/es\/","logo":{"@type":"ImageObject","inLanguage":"es","@id":"https:\/\/tourtravelandmore.com\/es\/#\/schema\/logo\/image\/","url":"https:\/\/tourtravelandmore.com\/wp-content\/uploads\/2022\/12\/cropped-logo-cabecera-new.png","contentUrl":"https:\/\/tourtravelandmore.com\/wp-content\/uploads\/2022\/12\/cropped-logo-cabecera-new.png","width":430,"height":61,"caption":"Tour Travel And More"},"image":{"@id":"https:\/\/tourtravelandmore.com\/es\/#\/schema\/logo\/image\/"},"sameAs":["https:\/\/www.facebook.com\/tourtravelandmore\/","https:\/\/x.com\/TourTravel_More"]}]}},"_links":{"self":[{"href":"https:\/\/tourtravelandmore.com\/es\/wp-json\/wp\/v2\/product\/74416","targetHints":{"allow":["GET"]}}],"collection":[{"href":"https:\/\/tourtravelandmore.com\/es\/wp-json\/wp\/v2\/product"}],"about":[{"href":"https:\/\/tourtravelandmore.com\/es\/wp-json\/wp\/v2\/types\/product"}],"replies":[{"embeddable":true,"href":"https:\/\/tourtravelandmore.com\/es\/wp-json\/wp\/v2\/comments?post=74416"}],"wp:featuredmedia":[{"embeddable":true,"href":"https:\/\/tourtravelandmore.com\/es\/wp-json\/wp\/v2\/media\/74426"}],"wp:attachment":[{"href":"https:\/\/tourtravelandmore.com\/es\/wp-json\/wp\/v2\/media?parent=74416"}],"wp:term":[{"taxonomy":"product_brand","embeddable":true,"href":"https:\/\/tourtravelandmore.com\/es\/wp-json\/wp\/v2\/product_brand?post=74416"},{"taxonomy":"product_cat","embeddable":true,"href":"https:\/\/tourtravelandmore.com\/es\/wp-json\/wp\/v2\/product_cat?post=74416"},{"taxonomy":"product_tag","embeddable":true,"href":"https:\/\/tourtravelandmore.com\/es\/wp-json\/wp\/v2\/product_tag?post=74416"}],"curies":[{"name":"wp","href":"https:\/\/api.w.org\/{rel}","templated":true}]}}