{"id":74388,"date":"2020-01-15T11:11:55","date_gmt":"2020-01-15T10:11:56","guid":{"rendered":"https:\/\/tourtravelandmore.com\/?post_type=product&#038;p=74388"},"modified":"2024-08-07T16:50:05","modified_gmt":"2024-08-07T14:50:05","slug":"tour-privado-downtown-manhattan-y-9-11-memorial","status":"publish","type":"product","link":"https:\/\/tourtravelandmore.com\/es\/tours\/eeuu-es\/nueva-york-es\/nueva-york-tours-privados-pie-es\/tour-privado-downtown-manhattan-y-9-11-memorial\/","title":{"rendered":"Tour privado a pie: 911 Zona Cero y centro de Manhattan"},"content":{"rendered":"<h2><b><strong>Descripci\u00f3n<\/strong><\/b><\/h2>\n<p>Emb\u00e1rquese en un viaje inolvidable a trav\u00e9s de una de las zonas m\u00e1s cruciales de la historia moderna con nuestro recorrido privado a pie por la <b><strong>Zona Cero del 911<\/strong><\/b> y el <b><strong>centro de Manhattan.<\/strong><\/b> Este recorrido <b><strong>de 4 horas<\/strong><\/b> ofrece una experiencia envolvente que combina la reflexi\u00f3n solemne con la vibrante energ\u00eda de uno de los distritos m\u00e1s din\u00e1micos de la ciudad de Nueva York.<\/p>\n<p>El recorrido comenzar\u00e1 en el St. Paul\u00b4s Chapel\u00a0o en un hotel a poca distancia a pie. En caso de necesidad, podemos recogerle en su hotel o lugar de elecci\u00f3n en <b>Nueva York.<\/b> Podemos proporcionarle un traslado privado o incluso la disposici\u00f3n de un veh\u00edculo.<\/p>\n<p>La Zona Cero <a href=\"\u00abhttps:\/\/www.911memorial.org\/\u00bb\">del <\/a>11-S se encuentra en el Bajo Manhattan<b><strong>.<\/strong><\/b> Recuerda a las v\u00edctimas de los atentados del 11-S y del bombardeo del World Trade Center de 1993. Es realmente una experiencia memorable.<\/p>\n<p>Durante este recorrido privado tambi\u00e9n visitar\u00e1 los lugares m\u00e1s importantes del centro de Manhattan. Su gu\u00eda oficial privado es un profesional con grandes conocimientos sobre la ciudad y su historia.<\/p>\n<h2><b><strong>Puntos de inter\u00e9s y lugares emblem\u00e1ticos<\/strong><\/b><\/h2>\n<p>Comenzando en la Zona Cero del 911, nuestro gu\u00eda experto le ofrecer\u00e1 una narraci\u00f3n profundamente conmovedora e informativa sobre los acontecimientos del 11 de septiembre de 2001 y su profundo impacto en la ciudad y en el mundo. Visitar\u00e1 la Plaza Memorial, donde las huellas de las Torres Gemelas son ahora serenos estanques reflectantes, y escuchar\u00e1 historias de hero\u00edsmo, resistencia y el extraordinario esp\u00edritu de los neoyorquinos.<\/p>\n<p>A continuaci\u00f3n, acceda al Museo del 911, donde podr\u00e1 explorar las amplias exposiciones a su propio ritmo. El museo alberga una rica colecci\u00f3n de artefactos, historias personales y exposiciones multimedia que proporcionan una comprensi\u00f3n exhaustiva de la tragedia y sus secuelas.<\/p>\n<p>Despu\u00e9s del museo, el recorrido contin\u00faa por el centro de Manhattan. Descubra las maravillas hist\u00f3ricas y arquitect\u00f3nicas que hacen de esta zona un microcosmos del diverso patrimonio de la ciudad de Nueva York. Desde el bullicioso distrito financiero de Wall Street hasta el encanto colonial de Fraunces Tavern, nuestro gu\u00eda compartir\u00e1 fascinantes puntos de vista y an\u00e9cdotas que dan vida al pasado y al presente.<\/p>\n<p>Por \u00faltimo, rinda tributo a todas las v\u00edctimas del 11-S cuando visite la <b><strong>Zona Cero.<\/strong><\/b> Una vez iniciada la excursi\u00f3n en Nueva York, le proponemos visitar, entre otros lugares<\/p>\n<ul>\n<li><b><strong>Bowling Green<\/strong><\/b><\/li>\n<li><b><strong>Aduana Alexander Hamilton<\/strong><\/b><\/li>\n<li><b><strong>Charging Bull (Toro de Wall Street)<\/strong><\/b><\/li>\n<li><b><strong>Carrusel SeaGlass en The Battery<\/strong><\/b><\/li>\n<li><b><strong>Iglesia de la Trinidad<\/strong><\/b><\/li>\n<li><b><strong>Estatua de la Ni\u00f1a Intr\u00e9pida<\/strong><\/b><\/li>\n<li><b><strong>Distrito hist\u00f3rico de Stone Street<\/strong><\/b><\/li>\n<li><b><strong>Sal\u00f3n Federal<\/strong><\/b><\/li>\n<li><b><strong>Bolsa de Nueva York<\/strong><\/b><\/li>\n<li><b><strong>Wall Street<\/strong><\/b><\/li>\n<li><b><strong>Capilla de San Pablo<\/strong><\/b><\/li>\n<li><b><strong>El Oculus<\/strong><\/b><\/li>\n<li>y \u00a1mucho m\u00e1s!<\/li>\n<\/ul>\n<p>Podemos incluir entradas a cualquier monumento o museo que desee visitar. S\u00f3lo tiene que ponerse en contacto con nosotros y mencionarnos lo que espera ver durante este recorrido privado.<\/p>\n<p>Por \u00faltimo, su gu\u00eda oficial privado le dejar\u00e1 en un lugar c\u00e9ntrico de Manhattan.<\/p>\n<p>Otra visita obligada en su estancia en NY, es visitar la Estatua de la Libertad, venga con nosotros en este <a href=\"\u00abhttps:\/\/tourtravelandmore.com\/?p=74274\u00bb\/\">tour<\/a> privado y visite la incre\u00edble Isla Ellis y la Estatua de la Libertad.<\/p>\n","protected":false},"excerpt":{"rendered":"<p>Emb\u00e1rquese en un viaje inolvidable a trav\u00e9s de una de las zonas m\u00e1s cruciales de la historia moderna con nuestro recorrido privado a pie por la <b><strong>Zona Cero del 911<\/strong><\/b> y el <b><strong>centro de Manhattan.<\/strong><\/b> Este recorrido <b><strong>de 4 horas<\/strong><\/b> ofrece una experiencia envolvente que combina la reflexi\u00f3n solemne con la vibrante energ\u00eda de uno de los distritos m\u00e1s din\u00e1micos de la ciudad de Nueva York.<\/p>\n","protected":false},"featured_media":74398,"comment_status":"open","ping_status":"closed","template":"","meta":{"_acf_changed":false},"product_brand":[],"product_cat":[1602,2015,2018,2016],"product_tag":[],"class_list":{"0":"post-74388","1":"product","2":"type-product","3":"status-publish","4":"has-post-thumbnail","6":"product_cat-eeuu-es","7":"product_cat-nueva-york-es","8":"product_cat-nueva-york-actividades-es","9":"product_cat-nueva-york-tours-privados-pie-es","11":"first","12":"instock","13":"shipping-taxable","14":"purchasable","15":"product-type-simple"},"acf":[],"yoast_head":"<!-- This site is optimized with the Yoast SEO Premium plugin v25.3.1 (Yoast SEO v25.3.1) - https:\/\/yoast.com\/wordpress\/plugins\/seo\/ -->\n<title>Tour Privado de Downtown Manhattan y 9\/11 Memorial en Nueva York<\/title>\n<meta name=\"description\" content=\"Disfrute de este Tour Privado de Downtown Manhattan y 9\/11 Memorial junto a un gu\u00eda oficial quien le mostrar\u00e1 los mas emblem\u00e1ticos lugares y sitios en el centro de Manhattan.\" \/>\n<meta name=\"robots\" content=\"index, follow, max-snippet:-1, max-image-preview:large, max-video-preview:-1\" \/>\n<link rel=\"canonical\" href=\"https:\/\/tourtravelandmore.com\/es\/tours\/eeuu-es\/nueva-york-es\/tour-privado-downtown-manhattan-y-9-11-memorial\/\" \/>\n<meta property=\"og:locale\" content=\"es_ES\" \/>\n<meta property=\"og:type\" content=\"article\" \/>\n<meta property=\"og:title\" content=\"Tour privado a pie: 911 Zona Cero y centro de Manhattan\" \/>\n<meta property=\"og:description\" content=\"Disfrute de este Tour Privado de Downtown Manhattan y 9\/11 Memorial junto a un gu\u00eda oficial quien le mostrar\u00e1 los mas emblem\u00e1ticos lugares y sitios en el centro de Manhattan.\" \/>\n<meta property=\"og:url\" content=\"https:\/\/tourtravelandmore.com\/es\/tours\/eeuu-es\/nueva-york-es\/tour-privado-downtown-manhattan-y-9-11-memorial\/\" \/>\n<meta property=\"og:site_name\" content=\"Tour Travel And More\" \/>\n<meta property=\"article:publisher\" content=\"https:\/\/www.facebook.com\/tourtravelandmore\/\" \/>\n<meta property=\"article:modified_time\" content=\"2024-08-07T14:50:05+00:00\" \/>\n<meta property=\"og:image\" content=\"https:\/\/tourtravelandmore.com\/wp-content\/uploads\/2020\/01\/n17.jpg\" \/>\n\t<meta property=\"og:image:width\" content=\"602\" \/>\n\t<meta property=\"og:image:height\" content=\"600\" \/>\n\t<meta property=\"og:image:type\" content=\"image\/jpeg\" \/>\n<meta name=\"twitter:card\" content=\"summary_large_image\" \/>\n<meta name=\"twitter:site\" content=\"@TourTravel_More\" \/>\n<meta name=\"twitter:label1\" content=\"Tiempo de lectura\" \/>\n\t<meta name=\"twitter:data1\" content=\"3 minutos\" \/>\n<script type=\"application\/ld+json\" class=\"yoast-schema-graph\">{\"@context\":\"https:\/\/schema.org\",\"@graph\":[{\"@type\":\"WebPage\",\"@id\":\"https:\/\/tourtravelandmore.com\/es\/tours\/eeuu-es\/nueva-york-es\/nueva-york-tours-privados-pie-es\/tour-privado-downtown-manhattan-y-9-11-memorial\/\",\"url\":\"https:\/\/tourtravelandmore.com\/es\/tours\/eeuu-es\/nueva-york-es\/tour-privado-downtown-manhattan-y-9-11-memorial\/\",\"name\":\"Tour Privado de Downtown Manhattan y 9\/11 Memorial en Nueva York\",\"isPartOf\":{\"@id\":\"https:\/\/tourtravelandmore.com\/es\/#website\"},\"primaryImageOfPage\":{\"@id\":\"https:\/\/tourtravelandmore.com\/es\/tours\/eeuu-es\/nueva-york-es\/tour-privado-downtown-manhattan-y-9-11-memorial\/#primaryimage\"},\"image\":{\"@id\":\"https:\/\/tourtravelandmore.com\/es\/tours\/eeuu-es\/nueva-york-es\/tour-privado-downtown-manhattan-y-9-11-memorial\/#primaryimage\"},\"thumbnailUrl\":\"https:\/\/tourtravelandmore.com\/wp-content\/uploads\/2020\/01\/n17.jpg\",\"datePublished\":\"2020-01-15T10:11:56+00:00\",\"dateModified\":\"2024-08-07T14:50:05+00:00\",\"description\":\"Disfrute de este Tour Privado de Downtown Manhattan y 9\/11 Memorial junto a un gu\u00eda oficial quien le mostrar\u00e1 los mas emblem\u00e1ticos lugares y sitios en el centro de Manhattan.\",\"breadcrumb\":{\"@id\":\"https:\/\/tourtravelandmore.com\/es\/tours\/eeuu-es\/nueva-york-es\/tour-privado-downtown-manhattan-y-9-11-memorial\/#breadcrumb\"},\"inLanguage\":\"es\",\"potentialAction\":[{\"@type\":\"ReadAction\",\"target\":[\"https:\/\/tourtravelandmore.com\/es\/tours\/eeuu-es\/nueva-york-es\/tour-privado-downtown-manhattan-y-9-11-memorial\/\"]}]},{\"@type\":\"ImageObject\",\"inLanguage\":\"es\",\"@id\":\"https:\/\/tourtravelandmore.com\/es\/tours\/eeuu-es\/nueva-york-es\/tour-privado-downtown-manhattan-y-9-11-memorial\/#primaryimage\",\"url\":\"https:\/\/tourtravelandmore.com\/wp-content\/uploads\/2020\/01\/n17.jpg\",\"contentUrl\":\"https:\/\/tourtravelandmore.com\/wp-content\/uploads\/2020\/01\/n17.jpg\",\"width\":602,\"height\":600},{\"@type\":\"BreadcrumbList\",\"@id\":\"https:\/\/tourtravelandmore.com\/es\/tours\/eeuu-es\/nueva-york-es\/tour-privado-downtown-manhattan-y-9-11-memorial\/#breadcrumb\",\"itemListElement\":[{\"@type\":\"ListItem\",\"position\":1,\"name\":\"Home\",\"item\":\"https:\/\/tourtravelandmore.com\/es\/\"},{\"@type\":\"ListItem\",\"position\":2,\"name\":\"Tours\",\"item\":\"https:\/\/tourtravelandmore.com\/es\/tours\/\"},{\"@type\":\"ListItem\",\"position\":3,\"name\":\"Tour privado a pie: 911 Zona Cero y centro de Manhattan\"}]},{\"@type\":\"WebSite\",\"@id\":\"https:\/\/tourtravelandmore.com\/es\/#website\",\"url\":\"https:\/\/tourtravelandmore.com\/es\/\",\"name\":\"Tour Travel And More\",\"description\":\"Private sightseeing tours and luxury transfers in Spain\",\"publisher\":{\"@id\":\"https:\/\/tourtravelandmore.com\/es\/#organization\"},\"potentialAction\":[{\"@type\":\"SearchAction\",\"target\":{\"@type\":\"EntryPoint\",\"urlTemplate\":\"https:\/\/tourtravelandmore.com\/es\/?s={search_term_string}\"},\"query-input\":{\"@type\":\"PropertyValueSpecification\",\"valueRequired\":true,\"valueName\":\"search_term_string\"}}],\"inLanguage\":\"es\"},{\"@type\":\"Organization\",\"@id\":\"https:\/\/tourtravelandmore.com\/es\/#organization\",\"name\":\"Tour Travel And More\",\"url\":\"https:\/\/tourtravelandmore.com\/es\/\",\"logo\":{\"@type\":\"ImageObject\",\"inLanguage\":\"es\",\"@id\":\"https:\/\/tourtravelandmore.com\/es\/#\/schema\/logo\/image\/\",\"url\":\"https:\/\/tourtravelandmore.com\/wp-content\/uploads\/2022\/12\/cropped-logo-cabecera-new.png\",\"contentUrl\":\"https:\/\/tourtravelandmore.com\/wp-content\/uploads\/2022\/12\/cropped-logo-cabecera-new.png\",\"width\":430,\"height\":61,\"caption\":\"Tour Travel And More\"},\"image\":{\"@id\":\"https:\/\/tourtravelandmore.com\/es\/#\/schema\/logo\/image\/\"},\"sameAs\":[\"https:\/\/www.facebook.com\/tourtravelandmore\/\",\"https:\/\/x.com\/TourTravel_More\"]}]}<\/script>\n<!-- \/ Yoast SEO Premium plugin. -->","yoast_head_json":{"title":"Tour Privado de Downtown Manhattan y 9\/11 Memorial en Nueva York","description":"Disfrute de este Tour Privado de Downtown Manhattan y 9\/11 Memorial junto a un gu\u00eda oficial quien le mostrar\u00e1 los mas emblem\u00e1ticos lugares y sitios en el centro de Manhattan.","robots":{"index":"index","follow":"follow","max-snippet":"max-snippet:-1","max-image-preview":"max-image-preview:large","max-video-preview":"max-video-preview:-1"},"canonical":"https:\/\/tourtravelandmore.com\/es\/tours\/eeuu-es\/nueva-york-es\/tour-privado-downtown-manhattan-y-9-11-memorial\/","og_locale":"es_ES","og_type":"article","og_title":"Tour privado a pie: 911 Zona Cero y centro de Manhattan","og_description":"Disfrute de este Tour Privado de Downtown Manhattan y 9\/11 Memorial junto a un gu\u00eda oficial quien le mostrar\u00e1 los mas emblem\u00e1ticos lugares y sitios en el centro de Manhattan.","og_url":"https:\/\/tourtravelandmore.com\/es\/tours\/eeuu-es\/nueva-york-es\/tour-privado-downtown-manhattan-y-9-11-memorial\/","og_site_name":"Tour Travel And More","article_publisher":"https:\/\/www.facebook.com\/tourtravelandmore\/","article_modified_time":"2024-08-07T14:50:05+00:00","og_image":[{"width":602,"height":600,"url":"https:\/\/tourtravelandmore.com\/wp-content\/uploads\/2020\/01\/n17.jpg","type":"image\/jpeg"}],"twitter_card":"summary_large_image","twitter_site":"@TourTravel_More","twitter_misc":{"Tiempo de lectura":"3 minutos"},"schema":{"@context":"https:\/\/schema.org","@graph":[{"@type":"WebPage","@id":"https:\/\/tourtravelandmore.com\/es\/tours\/eeuu-es\/nueva-york-es\/nueva-york-tours-privados-pie-es\/tour-privado-downtown-manhattan-y-9-11-memorial\/","url":"https:\/\/tourtravelandmore.com\/es\/tours\/eeuu-es\/nueva-york-es\/tour-privado-downtown-manhattan-y-9-11-memorial\/","name":"Tour Privado de Downtown Manhattan y 9\/11 Memorial en Nueva York","isPartOf":{"@id":"https:\/\/tourtravelandmore.com\/es\/#website"},"primaryImageOfPage":{"@id":"https:\/\/tourtravelandmore.com\/es\/tours\/eeuu-es\/nueva-york-es\/tour-privado-downtown-manhattan-y-9-11-memorial\/#primaryimage"},"image":{"@id":"https:\/\/tourtravelandmore.com\/es\/tours\/eeuu-es\/nueva-york-es\/tour-privado-downtown-manhattan-y-9-11-memorial\/#primaryimage"},"thumbnailUrl":"https:\/\/tourtravelandmore.com\/wp-content\/uploads\/2020\/01\/n17.jpg","datePublished":"2020-01-15T10:11:56+00:00","dateModified":"2024-08-07T14:50:05+00:00","description":"Disfrute de este Tour Privado de Downtown Manhattan y 9\/11 Memorial junto a un gu\u00eda oficial quien le mostrar\u00e1 los mas emblem\u00e1ticos lugares y sitios en el centro de Manhattan.","breadcrumb":{"@id":"https:\/\/tourtravelandmore.com\/es\/tours\/eeuu-es\/nueva-york-es\/tour-privado-downtown-manhattan-y-9-11-memorial\/#breadcrumb"},"inLanguage":"es","potentialAction":[{"@type":"ReadAction","target":["https:\/\/tourtravelandmore.com\/es\/tours\/eeuu-es\/nueva-york-es\/tour-privado-downtown-manhattan-y-9-11-memorial\/"]}]},{"@type":"ImageObject","inLanguage":"es","@id":"https:\/\/tourtravelandmore.com\/es\/tours\/eeuu-es\/nueva-york-es\/tour-privado-downtown-manhattan-y-9-11-memorial\/#primaryimage","url":"https:\/\/tourtravelandmore.com\/wp-content\/uploads\/2020\/01\/n17.jpg","contentUrl":"https:\/\/tourtravelandmore.com\/wp-content\/uploads\/2020\/01\/n17.jpg","width":602,"height":600},{"@type":"BreadcrumbList","@id":"https:\/\/tourtravelandmore.com\/es\/tours\/eeuu-es\/nueva-york-es\/tour-privado-downtown-manhattan-y-9-11-memorial\/#breadcrumb","itemListElement":[{"@type":"ListItem","position":1,"name":"Home","item":"https:\/\/tourtravelandmore.com\/es\/"},{"@type":"ListItem","position":2,"name":"Tours","item":"https:\/\/tourtravelandmore.com\/es\/tours\/"},{"@type":"ListItem","position":3,"name":"Tour privado a pie: 911 Zona Cero y centro de Manhattan"}]},{"@type":"WebSite","@id":"https:\/\/tourtravelandmore.com\/es\/#website","url":"https:\/\/tourtravelandmore.com\/es\/","name":"Tour Travel And More","description":"Private sightseeing tours and luxury transfers in Spain","publisher":{"@id":"https:\/\/tourtravelandmore.com\/es\/#organization"},"potentialAction":[{"@type":"SearchAction","target":{"@type":"EntryPoint","urlTemplate":"https:\/\/tourtravelandmore.com\/es\/?s={search_term_string}"},"query-input":{"@type":"PropertyValueSpecification","valueRequired":true,"valueName":"search_term_string"}}],"inLanguage":"es"},{"@type":"Organization","@id":"https:\/\/tourtravelandmore.com\/es\/#organization","name":"Tour Travel And More","url":"https:\/\/tourtravelandmore.com\/es\/","logo":{"@type":"ImageObject","inLanguage":"es","@id":"https:\/\/tourtravelandmore.com\/es\/#\/schema\/logo\/image\/","url":"https:\/\/tourtravelandmore.com\/wp-content\/uploads\/2022\/12\/cropped-logo-cabecera-new.png","contentUrl":"https:\/\/tourtravelandmore.com\/wp-content\/uploads\/2022\/12\/cropped-logo-cabecera-new.png","width":430,"height":61,"caption":"Tour Travel And More"},"image":{"@id":"https:\/\/tourtravelandmore.com\/es\/#\/schema\/logo\/image\/"},"sameAs":["https:\/\/www.facebook.com\/tourtravelandmore\/","https:\/\/x.com\/TourTravel_More"]}]}},"_links":{"self":[{"href":"https:\/\/tourtravelandmore.com\/es\/wp-json\/wp\/v2\/product\/74388","targetHints":{"allow":["GET"]}}],"collection":[{"href":"https:\/\/tourtravelandmore.com\/es\/wp-json\/wp\/v2\/product"}],"about":[{"href":"https:\/\/tourtravelandmore.com\/es\/wp-json\/wp\/v2\/types\/product"}],"replies":[{"embeddable":true,"href":"https:\/\/tourtravelandmore.com\/es\/wp-json\/wp\/v2\/comments?post=74388"}],"wp:featuredmedia":[{"embeddable":true,"href":"https:\/\/tourtravelandmore.com\/es\/wp-json\/wp\/v2\/media\/74398"}],"wp:attachment":[{"href":"https:\/\/tourtravelandmore.com\/es\/wp-json\/wp\/v2\/media?parent=74388"}],"wp:term":[{"taxonomy":"product_brand","embeddable":true,"href":"https:\/\/tourtravelandmore.com\/es\/wp-json\/wp\/v2\/product_brand?post=74388"},{"taxonomy":"product_cat","embeddable":true,"href":"https:\/\/tourtravelandmore.com\/es\/wp-json\/wp\/v2\/product_cat?post=74388"},{"taxonomy":"product_tag","embeddable":true,"href":"https:\/\/tourtravelandmore.com\/es\/wp-json\/wp\/v2\/product_tag?post=74388"}],"curies":[{"name":"wp","href":"https:\/\/api.w.org\/{rel}","templated":true}]}}