{"id":74285,"date":"2020-01-14T13:03:58","date_gmt":"2020-01-14T12:03:59","guid":{"rendered":"https:\/\/tourtravelandmore.com\/?post_type=product&#038;p=74285"},"modified":"2024-10-30T14:19:07","modified_gmt":"2024-10-30T13:19:07","slug":"tour-de-vigo-desde-a-coruna-tour-privado-con-guia-y-vehiculo","status":"publish","type":"product","link":"https:\/\/tourtravelandmore.com\/es\/tours\/espana-es\/coruna-es\/coruna-rutas-turisticas-privadas-es\/tour-de-vigo-desde-a-coruna-tour-privado-con-guia-y-vehiculo\/","title":{"rendered":"Tour privado Vigo desde A Coru\u00f1a &#8211; Opcional Cruceros"},"content":{"rendered":"<h2>Descripci\u00f3n del Tour privado Vigo desde A Coru\u00f1a &#8211; Opcional Crucero<\/h2>\n<p>Disfruta de este tour de Vigo desde A Coru\u00f1a con gu\u00eda oficial privado y veh\u00edculo privado con conductor.<\/p>\n<p><strong>Vigo<\/strong> es la localidad m\u00e1s poblada de la zona, cuenta con uno de los puertos m\u00e1s llamativos de toda <strong>Espa\u00f1a<\/strong> y est\u00e1 repleta de historias, leyendas, f\u00e1bulas y arquitectura.<\/p>\n<p>La duraci\u00f3n de este tour de Vigo desde A Coru\u00f1a es de 8 horas. Nuestro conductor les recoger\u00e1 desde su Hotel o Terminal de Cruceros en A Coru\u00f1a y os llevar\u00e1 a Vigo. D\u00f3nde estar\u00e1 esperando en Vigo para realizar un tour privado de 3 horas de la ciudad.<\/p>\n<p>El tour es completamente privado, pueden escoger la hora y lugar de comienzo.<\/p>\n<h2>Puntos de inter\u00e9s en el Tour privado Vigo desde A Coru\u00f1a &#8211; Opcional Crucero<\/h2>\n<p>Nuestro conductor con veh\u00edculo privado le recoger\u00e1 para empezar su tour de Vigo desde A Coru\u00f1a. Desde all\u00ed nos abriremos paso hacia la espectacular ciudad de <strong>Vigo<\/strong>, donde nos dejaremos maravillar por el contraste que hace el <strong><em>Casco Antiguo<\/em><\/strong> con las obras arquitect\u00f3nicas m\u00e1s modernas.<\/p>\n<p>El primer lugar a visitar ser\u00e1 la <strong><em>Plaza Puerta del Sol<\/em><\/strong>, hogar de <em>El Sireno <\/em>y <em>El Dinoseto<\/em>, dos de las esculturas que se han convertido en emblema de esta urbe, la primera porque conjuga toda una serie de creencias del argot popular de la idiosincrasia gallega y la segunda por el modo en que la modernidad , puede impulsar cambios jocosos en las ciudades, pero dejaremos que sea tu gu\u00eda oficial, quien te explique un poco de la historia del famoso \u201cinfluencer\u201d <em>Dinoseto<\/em>.<\/p>\n<p>Luego caminaremos a trav\u00e9s del <strong><em>Casco Antiguo<\/em><\/strong>, visitaremos sitios ic\u00f3nicos como <strong><em>la Plaza de la Industria, la Fortaleza del Castro, Berbes y el Mercado de la Piedra<\/em><\/strong>, en este \u00faltimo lugar degustaremos alg\u00fan platillo t\u00edpico de la ciudad de <strong>Vigo<\/strong>, pero tambi\u00e9n tendremos la oportunidad de hacer unas cuantas compras, porque viajar tambi\u00e9n implica llevarse algunos objetos de recuerdos consigo.<\/p>\n<p>Otro sitio que visitaremos ya finalizando el paseo, ser\u00e1 el <strong><em>Puerto de Vigo<\/em><\/strong>, aqu\u00ed nos adentraremos hacia la <strong><em>Estaci\u00f3n Mar\u00edtima<\/em><\/strong>, donde nos sacaremos varias fotos y tambi\u00e9n pasearemos por los impresionantes jardines de la avenida n\u00e1utica.<\/p>\n<p>Una vez finalicemos le devolveremos a A Coru\u00f1a al punto que nos haya indicado.<\/p>\n<p>Puede consultar <a href=\"https:\/\/tourtravelandmore.com\/es\/ciudad\/espana-es\/coruna-es\/\"><strong>aqu\u00ed<\/strong><\/a> el resto de tours privados que ofrecemos en A Coru\u00f1a.<\/p>\n","protected":false},"excerpt":{"rendered":"<p>Conozca la ciudad de Vigo desde A Coru\u00f1a. Descubra su maravillo puerto y paseo mar\u00edtimo, el casco historico de la ciudad, sus mercados y mucho m\u00e1s, junto a su gu\u00eda oficial privado. Vigo es la localidad m\u00e1s poblada de la zona, cuenta con uno de los puertos m\u00e1s llamativos de toda Espa\u00f1a y est\u00e1 repleta de historias, leyendas, fabulas y arquitectura.<\/p>\n","protected":false},"featured_media":74246,"comment_status":"open","ping_status":"closed","template":"","meta":{"_acf_changed":false},"product_brand":[],"product_cat":[1596,1875,1880,1878],"product_tag":[],"class_list":{"0":"post-74285","1":"product","2":"type-product","3":"status-publish","4":"has-post-thumbnail","6":"product_cat-espana-es","7":"product_cat-coruna-es","8":"product_cat-coruna-actividades-es","9":"product_cat-coruna-rutas-turisticas-privadas-es","11":"first","12":"instock","13":"shipping-taxable","14":"purchasable","15":"product-type-simple"},"acf":[],"yoast_head":"<!-- This site is optimized with the Yoast SEO Premium plugin v25.3.1 (Yoast SEO v25.3.1) - https:\/\/yoast.com\/wordpress\/plugins\/seo\/ -->\n<title>\u27a1\ufe0f Tour de Vigo desde A Coru\u00f1a | Tour Travel &amp; More<\/title>\n<meta name=\"description\" content=\"Disfrute de este tour de Vigo desde A Coru\u00f1a, con su gu\u00eda oficial y vehiculo privado. Conocer\u00e1s la ciudad de Vigo, Historia, monumentos y mucho mas! \u2705\" \/>\n<meta name=\"robots\" content=\"index, follow, max-snippet:-1, max-image-preview:large, max-video-preview:-1\" \/>\n<link rel=\"canonical\" href=\"https:\/\/tourtravelandmore.com\/es\/tours\/espana-es\/coruna-es\/coruna-rutas-turisticas-privadas-es\/tour-de-vigo-desde-a-coruna-tour-privado-con-guia-y-vehiculo\/\" \/>\n<meta property=\"og:locale\" content=\"es_ES\" \/>\n<meta property=\"og:type\" content=\"article\" \/>\n<meta property=\"og:title\" content=\"Tour privado Vigo desde A Coru\u00f1a - Opcional Cruceros\" \/>\n<meta property=\"og:description\" content=\"Disfrute de este tour de Vigo desde A Coru\u00f1a, con su gu\u00eda oficial y vehiculo privado. Conocer\u00e1s la ciudad de Vigo, Historia, monumentos y mucho mas! \u2705\" \/>\n<meta property=\"og:url\" content=\"https:\/\/tourtravelandmore.com\/es\/tours\/espana-es\/coruna-es\/coruna-rutas-turisticas-privadas-es\/tour-de-vigo-desde-a-coruna-tour-privado-con-guia-y-vehiculo\/\" \/>\n<meta property=\"og:site_name\" content=\"Tour Travel And More\" \/>\n<meta property=\"article:publisher\" content=\"https:\/\/www.facebook.com\/tourtravelandmore\/\" \/>\n<meta property=\"article:modified_time\" content=\"2024-10-30T13:19:07+00:00\" \/>\n<meta property=\"og:image\" content=\"https:\/\/tourtravelandmore.com\/wp-content\/uploads\/2020\/01\/Domaio_-_R\u00eda_de_Vigo.jpg\" \/>\n\t<meta property=\"og:image:width\" content=\"4000\" \/>\n\t<meta property=\"og:image:height\" content=\"3000\" \/>\n\t<meta property=\"og:image:type\" content=\"image\/jpeg\" \/>\n<meta name=\"twitter:card\" content=\"summary_large_image\" \/>\n<meta name=\"twitter:site\" content=\"@TourTravel_More\" \/>\n<meta name=\"twitter:label1\" content=\"Tiempo de lectura\" \/>\n\t<meta name=\"twitter:data1\" content=\"2 minutos\" \/>\n<script type=\"application\/ld+json\" class=\"yoast-schema-graph\">{\"@context\":\"https:\/\/schema.org\",\"@graph\":[{\"@type\":\"WebPage\",\"@id\":\"https:\/\/tourtravelandmore.com\/es\/tours\/espana-es\/coruna-es\/coruna-rutas-turisticas-privadas-es\/tour-de-vigo-desde-a-coruna-tour-privado-con-guia-y-vehiculo\/\",\"url\":\"https:\/\/tourtravelandmore.com\/es\/tours\/espana-es\/coruna-es\/coruna-rutas-turisticas-privadas-es\/tour-de-vigo-desde-a-coruna-tour-privado-con-guia-y-vehiculo\/\",\"name\":\"\u27a1\ufe0f Tour de Vigo desde A Coru\u00f1a | Tour Travel & More\",\"isPartOf\":{\"@id\":\"https:\/\/tourtravelandmore.com\/es\/#website\"},\"primaryImageOfPage\":{\"@id\":\"https:\/\/tourtravelandmore.com\/es\/tours\/espana-es\/coruna-es\/coruna-rutas-turisticas-privadas-es\/tour-de-vigo-desde-a-coruna-tour-privado-con-guia-y-vehiculo\/#primaryimage\"},\"image\":{\"@id\":\"https:\/\/tourtravelandmore.com\/es\/tours\/espana-es\/coruna-es\/coruna-rutas-turisticas-privadas-es\/tour-de-vigo-desde-a-coruna-tour-privado-con-guia-y-vehiculo\/#primaryimage\"},\"thumbnailUrl\":\"https:\/\/tourtravelandmore.com\/wp-content\/uploads\/2020\/01\/Domaio_-_R\u00eda_de_Vigo.jpg\",\"datePublished\":\"2020-01-14T12:03:59+00:00\",\"dateModified\":\"2024-10-30T13:19:07+00:00\",\"description\":\"Disfrute de este tour de Vigo desde A Coru\u00f1a, con su gu\u00eda oficial y vehiculo privado. Conocer\u00e1s la ciudad de Vigo, Historia, monumentos y mucho mas! \u2705\",\"breadcrumb\":{\"@id\":\"https:\/\/tourtravelandmore.com\/es\/tours\/espana-es\/coruna-es\/coruna-rutas-turisticas-privadas-es\/tour-de-vigo-desde-a-coruna-tour-privado-con-guia-y-vehiculo\/#breadcrumb\"},\"inLanguage\":\"es\",\"potentialAction\":[{\"@type\":\"ReadAction\",\"target\":[\"https:\/\/tourtravelandmore.com\/es\/tours\/espana-es\/coruna-es\/coruna-rutas-turisticas-privadas-es\/tour-de-vigo-desde-a-coruna-tour-privado-con-guia-y-vehiculo\/\"]}]},{\"@type\":\"ImageObject\",\"inLanguage\":\"es\",\"@id\":\"https:\/\/tourtravelandmore.com\/es\/tours\/espana-es\/coruna-es\/coruna-rutas-turisticas-privadas-es\/tour-de-vigo-desde-a-coruna-tour-privado-con-guia-y-vehiculo\/#primaryimage\",\"url\":\"https:\/\/tourtravelandmore.com\/wp-content\/uploads\/2020\/01\/Domaio_-_R\u00eda_de_Vigo.jpg\",\"contentUrl\":\"https:\/\/tourtravelandmore.com\/wp-content\/uploads\/2020\/01\/Domaio_-_R\u00eda_de_Vigo.jpg\",\"width\":4000,\"height\":3000,\"caption\":\"Vigo, Galicia, Espa\u00f1a\"},{\"@type\":\"BreadcrumbList\",\"@id\":\"https:\/\/tourtravelandmore.com\/es\/tours\/espana-es\/coruna-es\/coruna-rutas-turisticas-privadas-es\/tour-de-vigo-desde-a-coruna-tour-privado-con-guia-y-vehiculo\/#breadcrumb\",\"itemListElement\":[{\"@type\":\"ListItem\",\"position\":1,\"name\":\"Home\",\"item\":\"https:\/\/tourtravelandmore.com\/es\/\"},{\"@type\":\"ListItem\",\"position\":2,\"name\":\"Tours\",\"item\":\"https:\/\/tourtravelandmore.com\/es\/tours\/\"},{\"@type\":\"ListItem\",\"position\":3,\"name\":\"Tour privado Vigo desde A Coru\u00f1a &#8211; Opcional Cruceros\"}]},{\"@type\":\"WebSite\",\"@id\":\"https:\/\/tourtravelandmore.com\/es\/#website\",\"url\":\"https:\/\/tourtravelandmore.com\/es\/\",\"name\":\"Tour Travel And More\",\"description\":\"Private sightseeing tours and luxury transfers in Spain\",\"publisher\":{\"@id\":\"https:\/\/tourtravelandmore.com\/es\/#organization\"},\"potentialAction\":[{\"@type\":\"SearchAction\",\"target\":{\"@type\":\"EntryPoint\",\"urlTemplate\":\"https:\/\/tourtravelandmore.com\/es\/?s={search_term_string}\"},\"query-input\":{\"@type\":\"PropertyValueSpecification\",\"valueRequired\":true,\"valueName\":\"search_term_string\"}}],\"inLanguage\":\"es\"},{\"@type\":\"Organization\",\"@id\":\"https:\/\/tourtravelandmore.com\/es\/#organization\",\"name\":\"Tour Travel And More\",\"url\":\"https:\/\/tourtravelandmore.com\/es\/\",\"logo\":{\"@type\":\"ImageObject\",\"inLanguage\":\"es\",\"@id\":\"https:\/\/tourtravelandmore.com\/es\/#\/schema\/logo\/image\/\",\"url\":\"https:\/\/tourtravelandmore.com\/wp-content\/uploads\/2022\/12\/cropped-logo-cabecera-new.png\",\"contentUrl\":\"https:\/\/tourtravelandmore.com\/wp-content\/uploads\/2022\/12\/cropped-logo-cabecera-new.png\",\"width\":430,\"height\":61,\"caption\":\"Tour Travel And More\"},\"image\":{\"@id\":\"https:\/\/tourtravelandmore.com\/es\/#\/schema\/logo\/image\/\"},\"sameAs\":[\"https:\/\/www.facebook.com\/tourtravelandmore\/\",\"https:\/\/x.com\/TourTravel_More\"]}]}<\/script>\n<!-- \/ Yoast SEO Premium plugin. -->","yoast_head_json":{"title":"\u27a1\ufe0f Tour de Vigo desde A Coru\u00f1a | Tour Travel & More","description":"Disfrute de este tour de Vigo desde A Coru\u00f1a, con su gu\u00eda oficial y vehiculo privado. Conocer\u00e1s la ciudad de Vigo, Historia, monumentos y mucho mas! \u2705","robots":{"index":"index","follow":"follow","max-snippet":"max-snippet:-1","max-image-preview":"max-image-preview:large","max-video-preview":"max-video-preview:-1"},"canonical":"https:\/\/tourtravelandmore.com\/es\/tours\/espana-es\/coruna-es\/coruna-rutas-turisticas-privadas-es\/tour-de-vigo-desde-a-coruna-tour-privado-con-guia-y-vehiculo\/","og_locale":"es_ES","og_type":"article","og_title":"Tour privado Vigo desde A Coru\u00f1a - Opcional Cruceros","og_description":"Disfrute de este tour de Vigo desde A Coru\u00f1a, con su gu\u00eda oficial y vehiculo privado. Conocer\u00e1s la ciudad de Vigo, Historia, monumentos y mucho mas! \u2705","og_url":"https:\/\/tourtravelandmore.com\/es\/tours\/espana-es\/coruna-es\/coruna-rutas-turisticas-privadas-es\/tour-de-vigo-desde-a-coruna-tour-privado-con-guia-y-vehiculo\/","og_site_name":"Tour Travel And More","article_publisher":"https:\/\/www.facebook.com\/tourtravelandmore\/","article_modified_time":"2024-10-30T13:19:07+00:00","og_image":[{"width":4000,"height":3000,"url":"https:\/\/tourtravelandmore.com\/wp-content\/uploads\/2020\/01\/Domaio_-_R\u00eda_de_Vigo.jpg","type":"image\/jpeg"}],"twitter_card":"summary_large_image","twitter_site":"@TourTravel_More","twitter_misc":{"Tiempo de lectura":"2 minutos"},"schema":{"@context":"https:\/\/schema.org","@graph":[{"@type":"WebPage","@id":"https:\/\/tourtravelandmore.com\/es\/tours\/espana-es\/coruna-es\/coruna-rutas-turisticas-privadas-es\/tour-de-vigo-desde-a-coruna-tour-privado-con-guia-y-vehiculo\/","url":"https:\/\/tourtravelandmore.com\/es\/tours\/espana-es\/coruna-es\/coruna-rutas-turisticas-privadas-es\/tour-de-vigo-desde-a-coruna-tour-privado-con-guia-y-vehiculo\/","name":"\u27a1\ufe0f Tour de Vigo desde A Coru\u00f1a | Tour Travel & More","isPartOf":{"@id":"https:\/\/tourtravelandmore.com\/es\/#website"},"primaryImageOfPage":{"@id":"https:\/\/tourtravelandmore.com\/es\/tours\/espana-es\/coruna-es\/coruna-rutas-turisticas-privadas-es\/tour-de-vigo-desde-a-coruna-tour-privado-con-guia-y-vehiculo\/#primaryimage"},"image":{"@id":"https:\/\/tourtravelandmore.com\/es\/tours\/espana-es\/coruna-es\/coruna-rutas-turisticas-privadas-es\/tour-de-vigo-desde-a-coruna-tour-privado-con-guia-y-vehiculo\/#primaryimage"},"thumbnailUrl":"https:\/\/tourtravelandmore.com\/wp-content\/uploads\/2020\/01\/Domaio_-_R\u00eda_de_Vigo.jpg","datePublished":"2020-01-14T12:03:59+00:00","dateModified":"2024-10-30T13:19:07+00:00","description":"Disfrute de este tour de Vigo desde A Coru\u00f1a, con su gu\u00eda oficial y vehiculo privado. Conocer\u00e1s la ciudad de Vigo, Historia, monumentos y mucho mas! \u2705","breadcrumb":{"@id":"https:\/\/tourtravelandmore.com\/es\/tours\/espana-es\/coruna-es\/coruna-rutas-turisticas-privadas-es\/tour-de-vigo-desde-a-coruna-tour-privado-con-guia-y-vehiculo\/#breadcrumb"},"inLanguage":"es","potentialAction":[{"@type":"ReadAction","target":["https:\/\/tourtravelandmore.com\/es\/tours\/espana-es\/coruna-es\/coruna-rutas-turisticas-privadas-es\/tour-de-vigo-desde-a-coruna-tour-privado-con-guia-y-vehiculo\/"]}]},{"@type":"ImageObject","inLanguage":"es","@id":"https:\/\/tourtravelandmore.com\/es\/tours\/espana-es\/coruna-es\/coruna-rutas-turisticas-privadas-es\/tour-de-vigo-desde-a-coruna-tour-privado-con-guia-y-vehiculo\/#primaryimage","url":"https:\/\/tourtravelandmore.com\/wp-content\/uploads\/2020\/01\/Domaio_-_R\u00eda_de_Vigo.jpg","contentUrl":"https:\/\/tourtravelandmore.com\/wp-content\/uploads\/2020\/01\/Domaio_-_R\u00eda_de_Vigo.jpg","width":4000,"height":3000,"caption":"Vigo, Galicia, Espa\u00f1a"},{"@type":"BreadcrumbList","@id":"https:\/\/tourtravelandmore.com\/es\/tours\/espana-es\/coruna-es\/coruna-rutas-turisticas-privadas-es\/tour-de-vigo-desde-a-coruna-tour-privado-con-guia-y-vehiculo\/#breadcrumb","itemListElement":[{"@type":"ListItem","position":1,"name":"Home","item":"https:\/\/tourtravelandmore.com\/es\/"},{"@type":"ListItem","position":2,"name":"Tours","item":"https:\/\/tourtravelandmore.com\/es\/tours\/"},{"@type":"ListItem","position":3,"name":"Tour privado Vigo desde A Coru\u00f1a &#8211; Opcional Cruceros"}]},{"@type":"WebSite","@id":"https:\/\/tourtravelandmore.com\/es\/#website","url":"https:\/\/tourtravelandmore.com\/es\/","name":"Tour Travel And More","description":"Private sightseeing tours and luxury transfers in Spain","publisher":{"@id":"https:\/\/tourtravelandmore.com\/es\/#organization"},"potentialAction":[{"@type":"SearchAction","target":{"@type":"EntryPoint","urlTemplate":"https:\/\/tourtravelandmore.com\/es\/?s={search_term_string}"},"query-input":{"@type":"PropertyValueSpecification","valueRequired":true,"valueName":"search_term_string"}}],"inLanguage":"es"},{"@type":"Organization","@id":"https:\/\/tourtravelandmore.com\/es\/#organization","name":"Tour Travel And More","url":"https:\/\/tourtravelandmore.com\/es\/","logo":{"@type":"ImageObject","inLanguage":"es","@id":"https:\/\/tourtravelandmore.com\/es\/#\/schema\/logo\/image\/","url":"https:\/\/tourtravelandmore.com\/wp-content\/uploads\/2022\/12\/cropped-logo-cabecera-new.png","contentUrl":"https:\/\/tourtravelandmore.com\/wp-content\/uploads\/2022\/12\/cropped-logo-cabecera-new.png","width":430,"height":61,"caption":"Tour Travel And More"},"image":{"@id":"https:\/\/tourtravelandmore.com\/es\/#\/schema\/logo\/image\/"},"sameAs":["https:\/\/www.facebook.com\/tourtravelandmore\/","https:\/\/x.com\/TourTravel_More"]}]}},"_links":{"self":[{"href":"https:\/\/tourtravelandmore.com\/es\/wp-json\/wp\/v2\/product\/74285","targetHints":{"allow":["GET"]}}],"collection":[{"href":"https:\/\/tourtravelandmore.com\/es\/wp-json\/wp\/v2\/product"}],"about":[{"href":"https:\/\/tourtravelandmore.com\/es\/wp-json\/wp\/v2\/types\/product"}],"replies":[{"embeddable":true,"href":"https:\/\/tourtravelandmore.com\/es\/wp-json\/wp\/v2\/comments?post=74285"}],"wp:featuredmedia":[{"embeddable":true,"href":"https:\/\/tourtravelandmore.com\/es\/wp-json\/wp\/v2\/media\/74246"}],"wp:attachment":[{"href":"https:\/\/tourtravelandmore.com\/es\/wp-json\/wp\/v2\/media?parent=74285"}],"wp:term":[{"taxonomy":"product_brand","embeddable":true,"href":"https:\/\/tourtravelandmore.com\/es\/wp-json\/wp\/v2\/product_brand?post=74285"},{"taxonomy":"product_cat","embeddable":true,"href":"https:\/\/tourtravelandmore.com\/es\/wp-json\/wp\/v2\/product_cat?post=74285"},{"taxonomy":"product_tag","embeddable":true,"href":"https:\/\/tourtravelandmore.com\/es\/wp-json\/wp\/v2\/product_tag?post=74285"}],"curies":[{"name":"wp","href":"https:\/\/api.w.org\/{rel}","templated":true}]}}