{"id":74275,"date":"2020-01-14T13:01:11","date_gmt":"2020-01-14T12:01:12","guid":{"rendered":"https:\/\/tourtravelandmore.com\/?post_type=product&#038;p=74275"},"modified":"2021-03-24T07:38:05","modified_gmt":"2021-03-24T06:38:05","slug":"tour-privado-estatua-de-la-libertad-e-isla-ellis","status":"publish","type":"product","link":"https:\/\/tourtravelandmore.com\/es\/tours\/eeuu-es\/nueva-york-es\/nueva-york-rutas-turisticas-privadas-es\/tour-privado-estatua-de-la-libertad-e-isla-ellis\/","title":{"rendered":"Tour Privado a La Estatua de la Libertad y la Isla Ellis"},"content":{"rendered":"<h2><strong>Descripci\u00f3n<\/strong><\/h2>\n<p>Nueva York tiene una serie de lugares emblem\u00e1ticos que en tus vacaciones debes visitar.\u00a0 Aproveche esta oportunidad y \u00fanase a nosotros en este <strong>tour privado a la Estatua de la Libertad y la isla Ellis<\/strong> con su propio <strong>gu\u00eda tur\u00edstico oficial<\/strong>. Prep\u00e1rese para explorar este regalo hist\u00f3rico de Francia, que se ha convertido en un s\u00edmbolo internacional de esperanza y libertad.<\/p>\n<p>Tambi\u00e9n visitar\u00e1 la <strong>Isla Ellis<\/strong>, esta isla es actualmente parte del Monumento Nacional que conforma Estatua de la Libertad, fue la principal puerta de inmigraci\u00f3n entre 1892-1954, por donde pasaron m\u00e1s de 12 millones de personas, este monumento es considerado un homenaje a todos lo que por all\u00ed ingresaron llenos de esperanza por una nueva tierra.<\/p>\n<p>El recorrido comenzar\u00e1 en Castle Clinton en el hermoso Battery Park a la hora que desee. En caso de necesidad, tambi\u00e9n podemos ofrecerle un traslado privado desde su hotel o lugar de elecci\u00f3n en Nueva York.<\/p>\n<p>Tendr\u00e1 una visita guiada de 4 horas, donde visitar\u00e1 uno de los lugares m\u00e1s importantes de Nueva York: <strong>La Estatua de la Libertad<\/strong>.<\/p>\n<h2><strong>Puntos de inter\u00e9s<\/strong><\/h2>\n<p>En primer lugar, su gu\u00eda tur\u00edstico oficial privado lo recoger\u00e1 en Castle Clinton en Battery Park. Como se trata de un tour privado, usted determinar\u00e1 la hora de inicio de la excursi\u00f3n.<\/p>\n<p>Durante este tour privado podr\u00e1s visitar:<\/p>\n<ul>\n<li><strong>Castle Clinton:<\/strong> Es un fuerte circular hecho de gres ubicado en el extremo sur de la isla de Manhattan en pleno coraz\u00f3n de Battery Park.\u00a0 Es el punto de partida para los visitantes de la Estatua de la Libertad y de la Isla Ellis.<\/li>\n<li><strong>Puerto de Nueva York:<\/strong>\u00a0se refiere a los r\u00edos, bah\u00edas, estuarios y zonas de mareas ubicados cerca de la desembocadura del r\u00edo Hudson.<\/li>\n<li><strong>Battery Park:<\/strong> ubicado en el extremo sur de Nueva York, en el Bajo Manhattan, frente al puerto. Es el parque mas antiguo y uno de los\u00a0 m\u00e1s hermosos de Nueva York que incluye la mejor vista de la Estatua de la Libertad.<\/li>\n<li><a href=\"https:\/\/www.nps.gov\/stli\/index.htm\" target=\"_blank\" rel=\"noopener\">Estatua de la Libertad:<\/a> Qu\u00e9 mas podemos decir? es el monumento m\u00e1s famoso de todos los Estados Unidos e \u00edcono de la ciudad de Nueva York. Se encuentra en Liberty Island al sur de las isla Manhattan.\u00a0 \u00a0Al llegar a la <strong>Isla de Libertad<\/strong> podr\u00e1 tener acceso a distintas \u00e1reas muy interesantes, entre ellas, la del <strong>Mirador de la corona<\/strong>, la parte mas alta de la estatua desde la cual podr\u00e1 apreciar la gran vista panor\u00e1mica de la Isla de la Libertad desde sus 25 ventanas.<\/li>\n<li><strong>Isla Ellis:<\/strong> es un peque\u00f1o islote ubicado en el puerto de Nueva York que junto con la Estatua de la Libertad son dos de las atracciones que mas turistas reciben.\u00a0 Esta isla cuenta con el<a href=\"https:\/\/www.statueofliberty.org\/ellis-island\/national-immigration-museum\/\" target=\"_blank\" rel=\"noopener\"> National Inmigration Museum<\/a> el cual contiene registros migratorio hist\u00f3ricos y accesibles al p\u00fablico.<\/li>\n<\/ul>\n<p>Disfrute al m\u00e1ximo de este tour privado a la Estatua de la Libertad y la Isla Ellis junto con un experto local. Tendr\u00e1 la oportunidad de visitar uno de los monumentos m\u00e1s importantes del mundo y, definitivamente, el \u00edcono de Nueva York.<\/p>\n<p>Este es un tour privado de 4 horas, pero en caso de que lo prefiera podemos incluir m\u00e1s horas a su experiencia. Simplemente cont\u00e1ctenos para personalizar su experiencia.<\/p>\n<p>Finalmente, su gu\u00eda tur\u00edstico oficial privado lo dejar\u00e1 en el lugar de inicio del recorrido.<\/p>\n<p>Tenemos m\u00faltiples opciones de tours privados en y desde Nueva York, eche un vistazo a nuestra <a href=\"https:\/\/tourtravelandmore.com\/es\/ciudad\/eeuu-es\/nueva-york-es\/\">lista de productos privados<\/a>.<\/p>\n","protected":false},"excerpt":{"rendered":"<p>Visite algunos de los sitios hist\u00f3ricos que representan a Nueva York como ciudad de tolerancia, libertad y diversidad cultural junto a su gu\u00eda oficial privado. Disfrute una experiencia personalizada<\/p>\n","protected":false},"featured_media":74298,"comment_status":"open","ping_status":"closed","template":"","meta":{"_acf_changed":false},"product_brand":[],"product_cat":[1602,2015,2018,2017],"product_tag":[],"class_list":{"0":"post-74275","1":"product","2":"type-product","3":"status-publish","4":"has-post-thumbnail","6":"product_cat-eeuu-es","7":"product_cat-nueva-york-es","8":"product_cat-nueva-york-actividades-es","9":"product_cat-nueva-york-rutas-turisticas-privadas-es","11":"first","12":"instock","13":"shipping-taxable","14":"purchasable","15":"product-type-simple"},"acf":[],"yoast_head":"<!-- This site is optimized with the Yoast SEO Premium plugin v25.3.1 (Yoast SEO v25.3.1) - https:\/\/yoast.com\/wordpress\/plugins\/seo\/ -->\n<title>Tour Privado a La Estatua de la Libertad y la Isla Ellis desde NY<\/title>\n<meta name=\"description\" content=\"Tour privado que os acercar\u00e1 a dos de los monumentos historicos m\u00e1s importantes de Estados Unidos. La Estatua de la Libertad y La Isla Ellis.\" \/>\n<meta name=\"robots\" content=\"index, follow, max-snippet:-1, max-image-preview:large, max-video-preview:-1\" \/>\n<link rel=\"canonical\" href=\"https:\/\/tourtravelandmore.com\/es\/tours\/eeuu-es\/nueva-york-es\/nueva-york-rutas-turisticas-privadas-es\/tour-privado-estatua-de-la-libertad-e-isla-ellis\/\" \/>\n<meta property=\"og:locale\" content=\"es_ES\" \/>\n<meta property=\"og:type\" content=\"article\" \/>\n<meta property=\"og:title\" content=\"Tour Privado a La Estatua de la Libertad y la Isla Ellis\" \/>\n<meta property=\"og:description\" content=\"Tour privado que os acercar\u00e1 a dos de los monumentos historicos m\u00e1s importantes de Estados Unidos. La Estatua de la Libertad y La Isla Ellis.\" \/>\n<meta property=\"og:url\" content=\"https:\/\/tourtravelandmore.com\/es\/tours\/eeuu-es\/nueva-york-es\/nueva-york-rutas-turisticas-privadas-es\/tour-privado-estatua-de-la-libertad-e-isla-ellis\/\" \/>\n<meta property=\"og:site_name\" content=\"Tour Travel And More\" \/>\n<meta property=\"article:publisher\" content=\"https:\/\/www.facebook.com\/tourtravelandmore\/\" \/>\n<meta property=\"article:modified_time\" content=\"2021-03-24T06:38:05+00:00\" \/>\n<meta property=\"og:image\" content=\"https:\/\/tourtravelandmore.com\/wp-content\/uploads\/2020\/01\/n14.jpg\" \/>\n\t<meta property=\"og:image:width\" content=\"3558\" \/>\n\t<meta property=\"og:image:height\" content=\"2668\" \/>\n\t<meta property=\"og:image:type\" content=\"image\/jpeg\" \/>\n<meta name=\"twitter:card\" content=\"summary_large_image\" \/>\n<meta name=\"twitter:site\" content=\"@TourTravel_More\" \/>\n<meta name=\"twitter:label1\" content=\"Tiempo de lectura\" \/>\n\t<meta name=\"twitter:data1\" content=\"3 minutos\" \/>\n<script type=\"application\/ld+json\" class=\"yoast-schema-graph\">{\"@context\":\"https:\/\/schema.org\",\"@graph\":[{\"@type\":\"WebPage\",\"@id\":\"https:\/\/tourtravelandmore.com\/es\/tours\/eeuu-es\/nueva-york-es\/nueva-york-rutas-turisticas-privadas-es\/tour-privado-estatua-de-la-libertad-e-isla-ellis\/\",\"url\":\"https:\/\/tourtravelandmore.com\/es\/tours\/eeuu-es\/nueva-york-es\/nueva-york-rutas-turisticas-privadas-es\/tour-privado-estatua-de-la-libertad-e-isla-ellis\/\",\"name\":\"Tour Privado a La Estatua de la Libertad y la Isla Ellis desde NY\",\"isPartOf\":{\"@id\":\"https:\/\/tourtravelandmore.com\/es\/#website\"},\"primaryImageOfPage\":{\"@id\":\"https:\/\/tourtravelandmore.com\/es\/tours\/eeuu-es\/nueva-york-es\/nueva-york-rutas-turisticas-privadas-es\/tour-privado-estatua-de-la-libertad-e-isla-ellis\/#primaryimage\"},\"image\":{\"@id\":\"https:\/\/tourtravelandmore.com\/es\/tours\/eeuu-es\/nueva-york-es\/nueva-york-rutas-turisticas-privadas-es\/tour-privado-estatua-de-la-libertad-e-isla-ellis\/#primaryimage\"},\"thumbnailUrl\":\"https:\/\/tourtravelandmore.com\/wp-content\/uploads\/2020\/01\/n14.jpg\",\"datePublished\":\"2020-01-14T12:01:12+00:00\",\"dateModified\":\"2021-03-24T06:38:05+00:00\",\"description\":\"Tour privado que os acercar\u00e1 a dos de los monumentos historicos m\u00e1s importantes de Estados Unidos. La Estatua de la Libertad y La Isla Ellis.\",\"breadcrumb\":{\"@id\":\"https:\/\/tourtravelandmore.com\/es\/tours\/eeuu-es\/nueva-york-es\/nueva-york-rutas-turisticas-privadas-es\/tour-privado-estatua-de-la-libertad-e-isla-ellis\/#breadcrumb\"},\"inLanguage\":\"es\",\"potentialAction\":[{\"@type\":\"ReadAction\",\"target\":[\"https:\/\/tourtravelandmore.com\/es\/tours\/eeuu-es\/nueva-york-es\/nueva-york-rutas-turisticas-privadas-es\/tour-privado-estatua-de-la-libertad-e-isla-ellis\/\"]}]},{\"@type\":\"ImageObject\",\"inLanguage\":\"es\",\"@id\":\"https:\/\/tourtravelandmore.com\/es\/tours\/eeuu-es\/nueva-york-es\/nueva-york-rutas-turisticas-privadas-es\/tour-privado-estatua-de-la-libertad-e-isla-ellis\/#primaryimage\",\"url\":\"https:\/\/tourtravelandmore.com\/wp-content\/uploads\/2020\/01\/n14.jpg\",\"contentUrl\":\"https:\/\/tourtravelandmore.com\/wp-content\/uploads\/2020\/01\/n14.jpg\",\"width\":3558,\"height\":2668,\"caption\":\"Statue of Liberty seen from the Circle Line ferry, Manhattan, New York\"},{\"@type\":\"BreadcrumbList\",\"@id\":\"https:\/\/tourtravelandmore.com\/es\/tours\/eeuu-es\/nueva-york-es\/nueva-york-rutas-turisticas-privadas-es\/tour-privado-estatua-de-la-libertad-e-isla-ellis\/#breadcrumb\",\"itemListElement\":[{\"@type\":\"ListItem\",\"position\":1,\"name\":\"Home\",\"item\":\"https:\/\/tourtravelandmore.com\/es\/\"},{\"@type\":\"ListItem\",\"position\":2,\"name\":\"Tours\",\"item\":\"https:\/\/tourtravelandmore.com\/es\/tours\/\"},{\"@type\":\"ListItem\",\"position\":3,\"name\":\"Tour Privado a La Estatua de la Libertad y la Isla Ellis\"}]},{\"@type\":\"WebSite\",\"@id\":\"https:\/\/tourtravelandmore.com\/es\/#website\",\"url\":\"https:\/\/tourtravelandmore.com\/es\/\",\"name\":\"Tour Travel And More\",\"description\":\"Private sightseeing tours and luxury transfers in Spain\",\"publisher\":{\"@id\":\"https:\/\/tourtravelandmore.com\/es\/#organization\"},\"potentialAction\":[{\"@type\":\"SearchAction\",\"target\":{\"@type\":\"EntryPoint\",\"urlTemplate\":\"https:\/\/tourtravelandmore.com\/es\/?s={search_term_string}\"},\"query-input\":{\"@type\":\"PropertyValueSpecification\",\"valueRequired\":true,\"valueName\":\"search_term_string\"}}],\"inLanguage\":\"es\"},{\"@type\":\"Organization\",\"@id\":\"https:\/\/tourtravelandmore.com\/es\/#organization\",\"name\":\"Tour Travel And More\",\"url\":\"https:\/\/tourtravelandmore.com\/es\/\",\"logo\":{\"@type\":\"ImageObject\",\"inLanguage\":\"es\",\"@id\":\"https:\/\/tourtravelandmore.com\/es\/#\/schema\/logo\/image\/\",\"url\":\"https:\/\/tourtravelandmore.com\/wp-content\/uploads\/2022\/12\/cropped-logo-cabecera-new.png\",\"contentUrl\":\"https:\/\/tourtravelandmore.com\/wp-content\/uploads\/2022\/12\/cropped-logo-cabecera-new.png\",\"width\":430,\"height\":61,\"caption\":\"Tour Travel And More\"},\"image\":{\"@id\":\"https:\/\/tourtravelandmore.com\/es\/#\/schema\/logo\/image\/\"},\"sameAs\":[\"https:\/\/www.facebook.com\/tourtravelandmore\/\",\"https:\/\/x.com\/TourTravel_More\"]}]}<\/script>\n<!-- \/ Yoast SEO Premium plugin. -->","yoast_head_json":{"title":"Tour Privado a La Estatua de la Libertad y la Isla Ellis desde NY","description":"Tour privado que os acercar\u00e1 a dos de los monumentos historicos m\u00e1s importantes de Estados Unidos. La Estatua de la Libertad y La Isla Ellis.","robots":{"index":"index","follow":"follow","max-snippet":"max-snippet:-1","max-image-preview":"max-image-preview:large","max-video-preview":"max-video-preview:-1"},"canonical":"https:\/\/tourtravelandmore.com\/es\/tours\/eeuu-es\/nueva-york-es\/nueva-york-rutas-turisticas-privadas-es\/tour-privado-estatua-de-la-libertad-e-isla-ellis\/","og_locale":"es_ES","og_type":"article","og_title":"Tour Privado a La Estatua de la Libertad y la Isla Ellis","og_description":"Tour privado que os acercar\u00e1 a dos de los monumentos historicos m\u00e1s importantes de Estados Unidos. La Estatua de la Libertad y La Isla Ellis.","og_url":"https:\/\/tourtravelandmore.com\/es\/tours\/eeuu-es\/nueva-york-es\/nueva-york-rutas-turisticas-privadas-es\/tour-privado-estatua-de-la-libertad-e-isla-ellis\/","og_site_name":"Tour Travel And More","article_publisher":"https:\/\/www.facebook.com\/tourtravelandmore\/","article_modified_time":"2021-03-24T06:38:05+00:00","og_image":[{"width":3558,"height":2668,"url":"https:\/\/tourtravelandmore.com\/wp-content\/uploads\/2020\/01\/n14.jpg","type":"image\/jpeg"}],"twitter_card":"summary_large_image","twitter_site":"@TourTravel_More","twitter_misc":{"Tiempo de lectura":"3 minutos"},"schema":{"@context":"https:\/\/schema.org","@graph":[{"@type":"WebPage","@id":"https:\/\/tourtravelandmore.com\/es\/tours\/eeuu-es\/nueva-york-es\/nueva-york-rutas-turisticas-privadas-es\/tour-privado-estatua-de-la-libertad-e-isla-ellis\/","url":"https:\/\/tourtravelandmore.com\/es\/tours\/eeuu-es\/nueva-york-es\/nueva-york-rutas-turisticas-privadas-es\/tour-privado-estatua-de-la-libertad-e-isla-ellis\/","name":"Tour Privado a La Estatua de la Libertad y la Isla Ellis desde NY","isPartOf":{"@id":"https:\/\/tourtravelandmore.com\/es\/#website"},"primaryImageOfPage":{"@id":"https:\/\/tourtravelandmore.com\/es\/tours\/eeuu-es\/nueva-york-es\/nueva-york-rutas-turisticas-privadas-es\/tour-privado-estatua-de-la-libertad-e-isla-ellis\/#primaryimage"},"image":{"@id":"https:\/\/tourtravelandmore.com\/es\/tours\/eeuu-es\/nueva-york-es\/nueva-york-rutas-turisticas-privadas-es\/tour-privado-estatua-de-la-libertad-e-isla-ellis\/#primaryimage"},"thumbnailUrl":"https:\/\/tourtravelandmore.com\/wp-content\/uploads\/2020\/01\/n14.jpg","datePublished":"2020-01-14T12:01:12+00:00","dateModified":"2021-03-24T06:38:05+00:00","description":"Tour privado que os acercar\u00e1 a dos de los monumentos historicos m\u00e1s importantes de Estados Unidos. La Estatua de la Libertad y La Isla Ellis.","breadcrumb":{"@id":"https:\/\/tourtravelandmore.com\/es\/tours\/eeuu-es\/nueva-york-es\/nueva-york-rutas-turisticas-privadas-es\/tour-privado-estatua-de-la-libertad-e-isla-ellis\/#breadcrumb"},"inLanguage":"es","potentialAction":[{"@type":"ReadAction","target":["https:\/\/tourtravelandmore.com\/es\/tours\/eeuu-es\/nueva-york-es\/nueva-york-rutas-turisticas-privadas-es\/tour-privado-estatua-de-la-libertad-e-isla-ellis\/"]}]},{"@type":"ImageObject","inLanguage":"es","@id":"https:\/\/tourtravelandmore.com\/es\/tours\/eeuu-es\/nueva-york-es\/nueva-york-rutas-turisticas-privadas-es\/tour-privado-estatua-de-la-libertad-e-isla-ellis\/#primaryimage","url":"https:\/\/tourtravelandmore.com\/wp-content\/uploads\/2020\/01\/n14.jpg","contentUrl":"https:\/\/tourtravelandmore.com\/wp-content\/uploads\/2020\/01\/n14.jpg","width":3558,"height":2668,"caption":"Statue of Liberty seen from the Circle Line ferry, Manhattan, New York"},{"@type":"BreadcrumbList","@id":"https:\/\/tourtravelandmore.com\/es\/tours\/eeuu-es\/nueva-york-es\/nueva-york-rutas-turisticas-privadas-es\/tour-privado-estatua-de-la-libertad-e-isla-ellis\/#breadcrumb","itemListElement":[{"@type":"ListItem","position":1,"name":"Home","item":"https:\/\/tourtravelandmore.com\/es\/"},{"@type":"ListItem","position":2,"name":"Tours","item":"https:\/\/tourtravelandmore.com\/es\/tours\/"},{"@type":"ListItem","position":3,"name":"Tour Privado a La Estatua de la Libertad y la Isla Ellis"}]},{"@type":"WebSite","@id":"https:\/\/tourtravelandmore.com\/es\/#website","url":"https:\/\/tourtravelandmore.com\/es\/","name":"Tour Travel And More","description":"Private sightseeing tours and luxury transfers in Spain","publisher":{"@id":"https:\/\/tourtravelandmore.com\/es\/#organization"},"potentialAction":[{"@type":"SearchAction","target":{"@type":"EntryPoint","urlTemplate":"https:\/\/tourtravelandmore.com\/es\/?s={search_term_string}"},"query-input":{"@type":"PropertyValueSpecification","valueRequired":true,"valueName":"search_term_string"}}],"inLanguage":"es"},{"@type":"Organization","@id":"https:\/\/tourtravelandmore.com\/es\/#organization","name":"Tour Travel And More","url":"https:\/\/tourtravelandmore.com\/es\/","logo":{"@type":"ImageObject","inLanguage":"es","@id":"https:\/\/tourtravelandmore.com\/es\/#\/schema\/logo\/image\/","url":"https:\/\/tourtravelandmore.com\/wp-content\/uploads\/2022\/12\/cropped-logo-cabecera-new.png","contentUrl":"https:\/\/tourtravelandmore.com\/wp-content\/uploads\/2022\/12\/cropped-logo-cabecera-new.png","width":430,"height":61,"caption":"Tour Travel And More"},"image":{"@id":"https:\/\/tourtravelandmore.com\/es\/#\/schema\/logo\/image\/"},"sameAs":["https:\/\/www.facebook.com\/tourtravelandmore\/","https:\/\/x.com\/TourTravel_More"]}]}},"_links":{"self":[{"href":"https:\/\/tourtravelandmore.com\/es\/wp-json\/wp\/v2\/product\/74275","targetHints":{"allow":["GET"]}}],"collection":[{"href":"https:\/\/tourtravelandmore.com\/es\/wp-json\/wp\/v2\/product"}],"about":[{"href":"https:\/\/tourtravelandmore.com\/es\/wp-json\/wp\/v2\/types\/product"}],"replies":[{"embeddable":true,"href":"https:\/\/tourtravelandmore.com\/es\/wp-json\/wp\/v2\/comments?post=74275"}],"wp:featuredmedia":[{"embeddable":true,"href":"https:\/\/tourtravelandmore.com\/es\/wp-json\/wp\/v2\/media\/74298"}],"wp:attachment":[{"href":"https:\/\/tourtravelandmore.com\/es\/wp-json\/wp\/v2\/media?parent=74275"}],"wp:term":[{"taxonomy":"product_brand","embeddable":true,"href":"https:\/\/tourtravelandmore.com\/es\/wp-json\/wp\/v2\/product_brand?post=74275"},{"taxonomy":"product_cat","embeddable":true,"href":"https:\/\/tourtravelandmore.com\/es\/wp-json\/wp\/v2\/product_cat?post=74275"},{"taxonomy":"product_tag","embeddable":true,"href":"https:\/\/tourtravelandmore.com\/es\/wp-json\/wp\/v2\/product_tag?post=74275"}],"curies":[{"name":"wp","href":"https:\/\/api.w.org\/{rel}","templated":true}]}}