{"id":74183,"date":"2020-01-13T13:18:38","date_gmt":"2020-01-13T12:18:39","guid":{"rendered":"https:\/\/tourtravelandmore.com\/?post_type=product&#038;p=74183"},"modified":"2024-07-29T21:52:01","modified_gmt":"2024-07-29T19:52:01","slug":"tour-privado-de-dia-completo-en-nueva-york-con-top-of-the-rock","status":"publish","type":"product","link":"https:\/\/tourtravelandmore.com\/es\/tours\/eeuu-es\/nueva-york-es\/nueva-york-rutas-turisticas-privadas-es\/tour-privado-de-dia-completo-en-nueva-york-con-top-of-the-rock\/","title":{"rendered":"Tour Privado por Nueva York con Top of The Rock"},"content":{"rendered":"<h2><b><strong>Descripci\u00f3n<\/strong><\/b><\/h2>\n<p>Prep\u00e1rese para explorar los lugares m\u00e1s emblem\u00e1ticos y bonitos de esta maravillosa ciudad con este <b><strong>Tour Privado de Nueva York con Top of the<\/strong><\/b> Rock. Tendr\u00e1 un conductor privado y un gu\u00eda oficial a su entera disposici\u00f3n durante todo el recorrido.<\/p>\n<p>Le recogeremos en su hotel o en el lugar que elija de <b>Nueva <\/b>York en un<b> veh\u00edculo privado de lujo.<\/b> Durante esta excursi\u00f3n privada conocer\u00e1 los lugares emblem\u00e1ticos de esta incre\u00edble ciudad.<\/p>\n<p><b><strong>Nueva York<\/strong><\/b> est\u00e1 situada en el extremo sur del estado de Nueva York. Est\u00e1 considerada la capital cultural, financiera y medi\u00e1tica del mundo. La ciudad ofrece una riqu\u00edsima variedad de atracciones, es muy vanguardista y moderna. Se ha convertido en un nodo mundial de tolerancia social, libertad y diversidad cultural.<\/p>\n<p>Este tour privado de Nueva York con Top of the Rock es totalmente personalizado. El equipo de<b><strong>Tour Travel and<\/strong><\/b> More le ayudar\u00e1 a dise\u00f1ar su tour de la mejor manera que se adapte a sus intereses y gustos.<\/p>\n<p>Otra posible opci\u00f3n de tour privado en NY, es nuestro <a href=\"\u00abhttps:\/\/tourtravelandmore.com\/?p=73896\u00bb\/\">tour privado a pie de medio d\u00eda por NYC<\/a> con s\u00f3lo un gu\u00eda tur\u00edstico, \u00a1\u00e9chele un vistazo!<\/p>\n<h2><b><strong>Puntos de inter\u00e9s y lugares emblem\u00e1ticos<\/strong><\/b><\/h2>\n<p>En primer lugar, su conductor privado y gu\u00eda tur\u00edstico oficial le recoger\u00e1 en su hotel o lugar de su elecci\u00f3n en NY. Durante su <b><strong>recorrido privado<\/strong><\/b> de 4 horas descubrir\u00e1 algunos de los lugares m\u00e1s emblem\u00e1ticos de <b><strong>Nueva York.<\/strong><\/b><\/p>\n<p>Una vez iniciado el recorrido en NYC, le proponemos visitar, entre otros sitios<\/p>\n<ul>\n<li><b><em><strong>Rockefeller Center: <\/strong><\/em><\/b>fue declarado Monumento Hist\u00f3rico Nacional en 1987. Este centro ofrece una gran variedad de actividades, multitud de tiendas, restaurantes y lugares de ocio tanto para adultos como para ni\u00f1os.<\/li>\n<li><a href=\"\u00abhttps:\/\/www.rockefellercenter.com\/attractions\/top-of-the-rock-observation-deck\/\u00bb\"><em>Top of The Rock<\/em><\/a><b><em><strong>: <\/strong><\/em><\/b>situado en el Rockefeller Center, este rascacielos posee unas vistas privilegiadas de Central Park y de los rascacielos del centro y centro de Manhattan. Entrada incluida al Top of the Rock.<\/li>\n<li><b><em><strong>Radio City Music Hall<\/strong><\/em><\/b><\/li>\n<li><b><em><strong>Times Square:<\/strong><\/em><\/b> es un centro comercial y de ocio situado en el centro de Manhattan. Quedar\u00e1 deslumbrado por sus innumerables pantallas brillantes, con vallas publicitarias y anuncios.<\/li>\n<li><b><em><strong>Broadway <\/strong><\/em><\/b>: situado en Times Square, Broadway est\u00e1 considerado \u00abel coraz\u00f3n de la escena de las artes esc\u00e9nicas de Nueva York\u00bb.<\/li>\n<li><b><em><strong>Quinta<\/strong><\/em><\/b> Avenida: es una v\u00eda principal del distrito de Manhattan en Nueva York. Se extiende a lo largo de 9,97 km y est\u00e1 considerada una de las calles m\u00e1s caras y elegantes del mundo.<\/li>\n<li><b><em><strong>El Empire State Building: <\/strong><\/em><\/b>este edificio centenario es un icono del paisaje neoyorquino. Con sus 443,2 m de altura ofrece una de las mejores cubiertas de observaci\u00f3n de Am\u00e9rica.<\/li>\n<li><b><em><strong>La Biblioteca P\u00fablica de Nueva <\/strong><\/em><\/b>York: esta biblioteca es la tercera m\u00e1s grande del mundo y es conocida por sus colecciones de investigaci\u00f3n e infantiles.<\/li>\n<\/ul>\n<p>En caso de que est\u00e9 interesado en visitar alg\u00fan monumento o museo en concreto, s\u00f3lo tiene que dec\u00edrnoslo y lo organizaremos todo para usted.<\/p>\n<p>Por \u00faltimo, al final del recorrido, su ch\u00f3fer privado y su gu\u00eda oficial le llevar\u00e1n de vuelta a su punto de partida en Nueva York.<\/p>\n","protected":false},"excerpt":{"rendered":"<p>Prep\u00e1rese para explorar los lugares m\u00e1s emblem\u00e1ticos y bonitos de esta maravillosa ciudad con este <b><strong>Tour Privado de Nueva York con Top of the<\/strong><\/b> Rock. Tendr\u00e1 un conductor privado y un gu\u00eda oficial a su entera disposici\u00f3n durante todo el recorrido.<\/p>\n","protected":false},"featured_media":74193,"comment_status":"open","ping_status":"closed","template":"","meta":{"_acf_changed":false},"product_brand":[],"product_cat":[1602,2015,2018,2017],"product_tag":[],"class_list":{"0":"post-74183","1":"product","2":"type-product","3":"status-publish","4":"has-post-thumbnail","6":"product_cat-eeuu-es","7":"product_cat-nueva-york-es","8":"product_cat-nueva-york-actividades-es","9":"product_cat-nueva-york-rutas-turisticas-privadas-es","11":"first","12":"instock","13":"shipping-taxable","14":"purchasable","15":"product-type-simple"},"acf":[],"yoast_head":"<!-- This site is optimized with the Yoast SEO Premium plugin v25.3.1 (Yoast SEO v25.3.1) - https:\/\/yoast.com\/wordpress\/plugins\/seo\/ -->\n<title>Tour Privado por Nueva York con Top of The Rock y gu\u00eda oficial<\/title>\n<meta name=\"description\" content=\"Disfrute de este TOUR PRIVADO por Nueva York con Top of The Rock, donde podr\u00e1 explorar sus maravillosos rascacielos, sus deslumbrantes museos y mucho m\u00e1s.\" \/>\n<meta name=\"robots\" content=\"index, follow, max-snippet:-1, max-image-preview:large, max-video-preview:-1\" \/>\n<link rel=\"canonical\" href=\"https:\/\/tourtravelandmore.com\/es\/tours\/eeuu-es\/nueva-york-es\/nueva-york-rutas-turisticas-privadas-es\/tour-privado-de-dia-completo-en-nueva-york-con-top-of-the-rock\/\" \/>\n<meta property=\"og:locale\" content=\"es_ES\" \/>\n<meta property=\"og:type\" content=\"article\" \/>\n<meta property=\"og:title\" content=\"Tour Privado por Nueva York con Top of The Rock\" \/>\n<meta property=\"og:description\" content=\"Disfrute de este TOUR PRIVADO por Nueva York con Top of The Rock, donde podr\u00e1 explorar sus maravillosos rascacielos, sus deslumbrantes museos y mucho m\u00e1s.\" \/>\n<meta property=\"og:url\" content=\"https:\/\/tourtravelandmore.com\/es\/tours\/eeuu-es\/nueva-york-es\/nueva-york-rutas-turisticas-privadas-es\/tour-privado-de-dia-completo-en-nueva-york-con-top-of-the-rock\/\" \/>\n<meta property=\"og:site_name\" content=\"Tour Travel And More\" \/>\n<meta property=\"article:publisher\" content=\"https:\/\/www.facebook.com\/tourtravelandmore\/\" \/>\n<meta property=\"article:modified_time\" content=\"2024-07-29T19:52:01+00:00\" \/>\n<meta property=\"og:image\" content=\"https:\/\/tourtravelandmore.com\/wp-content\/uploads\/2020\/01\/n8-1024x681.jpg\" \/>\n\t<meta property=\"og:image:width\" content=\"1024\" \/>\n\t<meta property=\"og:image:height\" content=\"681\" \/>\n\t<meta property=\"og:image:type\" content=\"image\/jpeg\" \/>\n<meta name=\"twitter:card\" content=\"summary_large_image\" \/>\n<meta name=\"twitter:site\" content=\"@TourTravel_More\" \/>\n<meta name=\"twitter:label1\" content=\"Tiempo de lectura\" \/>\n\t<meta name=\"twitter:data1\" content=\"3 minutos\" \/>\n<script type=\"application\/ld+json\" class=\"yoast-schema-graph\">{\"@context\":\"https:\/\/schema.org\",\"@graph\":[{\"@type\":\"WebPage\",\"@id\":\"https:\/\/tourtravelandmore.com\/es\/tours\/eeuu-es\/nueva-york-es\/nueva-york-rutas-turisticas-privadas-es\/tour-privado-de-dia-completo-en-nueva-york-con-top-of-the-rock\/\",\"url\":\"https:\/\/tourtravelandmore.com\/es\/tours\/eeuu-es\/nueva-york-es\/nueva-york-rutas-turisticas-privadas-es\/tour-privado-de-dia-completo-en-nueva-york-con-top-of-the-rock\/\",\"name\":\"Tour Privado por Nueva York con Top of The Rock y gu\u00eda oficial\",\"isPartOf\":{\"@id\":\"https:\/\/tourtravelandmore.com\/es\/#website\"},\"primaryImageOfPage\":{\"@id\":\"https:\/\/tourtravelandmore.com\/es\/tours\/eeuu-es\/nueva-york-es\/nueva-york-rutas-turisticas-privadas-es\/tour-privado-de-dia-completo-en-nueva-york-con-top-of-the-rock\/#primaryimage\"},\"image\":{\"@id\":\"https:\/\/tourtravelandmore.com\/es\/tours\/eeuu-es\/nueva-york-es\/nueva-york-rutas-turisticas-privadas-es\/tour-privado-de-dia-completo-en-nueva-york-con-top-of-the-rock\/#primaryimage\"},\"thumbnailUrl\":\"https:\/\/tourtravelandmore.com\/wp-content\/uploads\/2020\/01\/n8.jpg\",\"datePublished\":\"2020-01-13T12:18:39+00:00\",\"dateModified\":\"2024-07-29T19:52:01+00:00\",\"description\":\"Disfrute de este TOUR PRIVADO por Nueva York con Top of The Rock, donde podr\u00e1 explorar sus maravillosos rascacielos, sus deslumbrantes museos y mucho m\u00e1s.\",\"breadcrumb\":{\"@id\":\"https:\/\/tourtravelandmore.com\/es\/tours\/eeuu-es\/nueva-york-es\/nueva-york-rutas-turisticas-privadas-es\/tour-privado-de-dia-completo-en-nueva-york-con-top-of-the-rock\/#breadcrumb\"},\"inLanguage\":\"es\",\"potentialAction\":[{\"@type\":\"ReadAction\",\"target\":[\"https:\/\/tourtravelandmore.com\/es\/tours\/eeuu-es\/nueva-york-es\/nueva-york-rutas-turisticas-privadas-es\/tour-privado-de-dia-completo-en-nueva-york-con-top-of-the-rock\/\"]}]},{\"@type\":\"ImageObject\",\"inLanguage\":\"es\",\"@id\":\"https:\/\/tourtravelandmore.com\/es\/tours\/eeuu-es\/nueva-york-es\/nueva-york-rutas-turisticas-privadas-es\/tour-privado-de-dia-completo-en-nueva-york-con-top-of-the-rock\/#primaryimage\",\"url\":\"https:\/\/tourtravelandmore.com\/wp-content\/uploads\/2020\/01\/n8.jpg\",\"contentUrl\":\"https:\/\/tourtravelandmore.com\/wp-content\/uploads\/2020\/01\/n8.jpg\",\"width\":4272,\"height\":2841},{\"@type\":\"BreadcrumbList\",\"@id\":\"https:\/\/tourtravelandmore.com\/es\/tours\/eeuu-es\/nueva-york-es\/nueva-york-rutas-turisticas-privadas-es\/tour-privado-de-dia-completo-en-nueva-york-con-top-of-the-rock\/#breadcrumb\",\"itemListElement\":[{\"@type\":\"ListItem\",\"position\":1,\"name\":\"Home\",\"item\":\"https:\/\/tourtravelandmore.com\/es\/\"},{\"@type\":\"ListItem\",\"position\":2,\"name\":\"Tours\",\"item\":\"https:\/\/tourtravelandmore.com\/es\/tours\/\"},{\"@type\":\"ListItem\",\"position\":3,\"name\":\"Tour Privado por Nueva York con Top of The Rock\"}]},{\"@type\":\"WebSite\",\"@id\":\"https:\/\/tourtravelandmore.com\/es\/#website\",\"url\":\"https:\/\/tourtravelandmore.com\/es\/\",\"name\":\"Tour Travel And More\",\"description\":\"Private sightseeing tours and luxury transfers in Spain\",\"publisher\":{\"@id\":\"https:\/\/tourtravelandmore.com\/es\/#organization\"},\"potentialAction\":[{\"@type\":\"SearchAction\",\"target\":{\"@type\":\"EntryPoint\",\"urlTemplate\":\"https:\/\/tourtravelandmore.com\/es\/?s={search_term_string}\"},\"query-input\":{\"@type\":\"PropertyValueSpecification\",\"valueRequired\":true,\"valueName\":\"search_term_string\"}}],\"inLanguage\":\"es\"},{\"@type\":\"Organization\",\"@id\":\"https:\/\/tourtravelandmore.com\/es\/#organization\",\"name\":\"Tour Travel And More\",\"url\":\"https:\/\/tourtravelandmore.com\/es\/\",\"logo\":{\"@type\":\"ImageObject\",\"inLanguage\":\"es\",\"@id\":\"https:\/\/tourtravelandmore.com\/es\/#\/schema\/logo\/image\/\",\"url\":\"https:\/\/tourtravelandmore.com\/wp-content\/uploads\/2022\/12\/cropped-logo-cabecera-new.png\",\"contentUrl\":\"https:\/\/tourtravelandmore.com\/wp-content\/uploads\/2022\/12\/cropped-logo-cabecera-new.png\",\"width\":430,\"height\":61,\"caption\":\"Tour Travel And More\"},\"image\":{\"@id\":\"https:\/\/tourtravelandmore.com\/es\/#\/schema\/logo\/image\/\"},\"sameAs\":[\"https:\/\/www.facebook.com\/tourtravelandmore\/\",\"https:\/\/x.com\/TourTravel_More\"]}]}<\/script>\n<!-- \/ Yoast SEO Premium plugin. -->","yoast_head_json":{"title":"Tour Privado por Nueva York con Top of The Rock y gu\u00eda oficial","description":"Disfrute de este TOUR PRIVADO por Nueva York con Top of The Rock, donde podr\u00e1 explorar sus maravillosos rascacielos, sus deslumbrantes museos y mucho m\u00e1s.","robots":{"index":"index","follow":"follow","max-snippet":"max-snippet:-1","max-image-preview":"max-image-preview:large","max-video-preview":"max-video-preview:-1"},"canonical":"https:\/\/tourtravelandmore.com\/es\/tours\/eeuu-es\/nueva-york-es\/nueva-york-rutas-turisticas-privadas-es\/tour-privado-de-dia-completo-en-nueva-york-con-top-of-the-rock\/","og_locale":"es_ES","og_type":"article","og_title":"Tour Privado por Nueva York con Top of The Rock","og_description":"Disfrute de este TOUR PRIVADO por Nueva York con Top of The Rock, donde podr\u00e1 explorar sus maravillosos rascacielos, sus deslumbrantes museos y mucho m\u00e1s.","og_url":"https:\/\/tourtravelandmore.com\/es\/tours\/eeuu-es\/nueva-york-es\/nueva-york-rutas-turisticas-privadas-es\/tour-privado-de-dia-completo-en-nueva-york-con-top-of-the-rock\/","og_site_name":"Tour Travel And More","article_publisher":"https:\/\/www.facebook.com\/tourtravelandmore\/","article_modified_time":"2024-07-29T19:52:01+00:00","og_image":[{"width":1024,"height":681,"url":"https:\/\/tourtravelandmore.com\/wp-content\/uploads\/2020\/01\/n8-1024x681.jpg","type":"image\/jpeg"}],"twitter_card":"summary_large_image","twitter_site":"@TourTravel_More","twitter_misc":{"Tiempo de lectura":"3 minutos"},"schema":{"@context":"https:\/\/schema.org","@graph":[{"@type":"WebPage","@id":"https:\/\/tourtravelandmore.com\/es\/tours\/eeuu-es\/nueva-york-es\/nueva-york-rutas-turisticas-privadas-es\/tour-privado-de-dia-completo-en-nueva-york-con-top-of-the-rock\/","url":"https:\/\/tourtravelandmore.com\/es\/tours\/eeuu-es\/nueva-york-es\/nueva-york-rutas-turisticas-privadas-es\/tour-privado-de-dia-completo-en-nueva-york-con-top-of-the-rock\/","name":"Tour Privado por Nueva York con Top of The Rock y gu\u00eda oficial","isPartOf":{"@id":"https:\/\/tourtravelandmore.com\/es\/#website"},"primaryImageOfPage":{"@id":"https:\/\/tourtravelandmore.com\/es\/tours\/eeuu-es\/nueva-york-es\/nueva-york-rutas-turisticas-privadas-es\/tour-privado-de-dia-completo-en-nueva-york-con-top-of-the-rock\/#primaryimage"},"image":{"@id":"https:\/\/tourtravelandmore.com\/es\/tours\/eeuu-es\/nueva-york-es\/nueva-york-rutas-turisticas-privadas-es\/tour-privado-de-dia-completo-en-nueva-york-con-top-of-the-rock\/#primaryimage"},"thumbnailUrl":"https:\/\/tourtravelandmore.com\/wp-content\/uploads\/2020\/01\/n8.jpg","datePublished":"2020-01-13T12:18:39+00:00","dateModified":"2024-07-29T19:52:01+00:00","description":"Disfrute de este TOUR PRIVADO por Nueva York con Top of The Rock, donde podr\u00e1 explorar sus maravillosos rascacielos, sus deslumbrantes museos y mucho m\u00e1s.","breadcrumb":{"@id":"https:\/\/tourtravelandmore.com\/es\/tours\/eeuu-es\/nueva-york-es\/nueva-york-rutas-turisticas-privadas-es\/tour-privado-de-dia-completo-en-nueva-york-con-top-of-the-rock\/#breadcrumb"},"inLanguage":"es","potentialAction":[{"@type":"ReadAction","target":["https:\/\/tourtravelandmore.com\/es\/tours\/eeuu-es\/nueva-york-es\/nueva-york-rutas-turisticas-privadas-es\/tour-privado-de-dia-completo-en-nueva-york-con-top-of-the-rock\/"]}]},{"@type":"ImageObject","inLanguage":"es","@id":"https:\/\/tourtravelandmore.com\/es\/tours\/eeuu-es\/nueva-york-es\/nueva-york-rutas-turisticas-privadas-es\/tour-privado-de-dia-completo-en-nueva-york-con-top-of-the-rock\/#primaryimage","url":"https:\/\/tourtravelandmore.com\/wp-content\/uploads\/2020\/01\/n8.jpg","contentUrl":"https:\/\/tourtravelandmore.com\/wp-content\/uploads\/2020\/01\/n8.jpg","width":4272,"height":2841},{"@type":"BreadcrumbList","@id":"https:\/\/tourtravelandmore.com\/es\/tours\/eeuu-es\/nueva-york-es\/nueva-york-rutas-turisticas-privadas-es\/tour-privado-de-dia-completo-en-nueva-york-con-top-of-the-rock\/#breadcrumb","itemListElement":[{"@type":"ListItem","position":1,"name":"Home","item":"https:\/\/tourtravelandmore.com\/es\/"},{"@type":"ListItem","position":2,"name":"Tours","item":"https:\/\/tourtravelandmore.com\/es\/tours\/"},{"@type":"ListItem","position":3,"name":"Tour Privado por Nueva York con Top of The Rock"}]},{"@type":"WebSite","@id":"https:\/\/tourtravelandmore.com\/es\/#website","url":"https:\/\/tourtravelandmore.com\/es\/","name":"Tour Travel And More","description":"Private sightseeing tours and luxury transfers in Spain","publisher":{"@id":"https:\/\/tourtravelandmore.com\/es\/#organization"},"potentialAction":[{"@type":"SearchAction","target":{"@type":"EntryPoint","urlTemplate":"https:\/\/tourtravelandmore.com\/es\/?s={search_term_string}"},"query-input":{"@type":"PropertyValueSpecification","valueRequired":true,"valueName":"search_term_string"}}],"inLanguage":"es"},{"@type":"Organization","@id":"https:\/\/tourtravelandmore.com\/es\/#organization","name":"Tour Travel And More","url":"https:\/\/tourtravelandmore.com\/es\/","logo":{"@type":"ImageObject","inLanguage":"es","@id":"https:\/\/tourtravelandmore.com\/es\/#\/schema\/logo\/image\/","url":"https:\/\/tourtravelandmore.com\/wp-content\/uploads\/2022\/12\/cropped-logo-cabecera-new.png","contentUrl":"https:\/\/tourtravelandmore.com\/wp-content\/uploads\/2022\/12\/cropped-logo-cabecera-new.png","width":430,"height":61,"caption":"Tour Travel And More"},"image":{"@id":"https:\/\/tourtravelandmore.com\/es\/#\/schema\/logo\/image\/"},"sameAs":["https:\/\/www.facebook.com\/tourtravelandmore\/","https:\/\/x.com\/TourTravel_More"]}]}},"_links":{"self":[{"href":"https:\/\/tourtravelandmore.com\/es\/wp-json\/wp\/v2\/product\/74183","targetHints":{"allow":["GET"]}}],"collection":[{"href":"https:\/\/tourtravelandmore.com\/es\/wp-json\/wp\/v2\/product"}],"about":[{"href":"https:\/\/tourtravelandmore.com\/es\/wp-json\/wp\/v2\/types\/product"}],"replies":[{"embeddable":true,"href":"https:\/\/tourtravelandmore.com\/es\/wp-json\/wp\/v2\/comments?post=74183"}],"wp:featuredmedia":[{"embeddable":true,"href":"https:\/\/tourtravelandmore.com\/es\/wp-json\/wp\/v2\/media\/74193"}],"wp:attachment":[{"href":"https:\/\/tourtravelandmore.com\/es\/wp-json\/wp\/v2\/media?parent=74183"}],"wp:term":[{"taxonomy":"product_brand","embeddable":true,"href":"https:\/\/tourtravelandmore.com\/es\/wp-json\/wp\/v2\/product_brand?post=74183"},{"taxonomy":"product_cat","embeddable":true,"href":"https:\/\/tourtravelandmore.com\/es\/wp-json\/wp\/v2\/product_cat?post=74183"},{"taxonomy":"product_tag","embeddable":true,"href":"https:\/\/tourtravelandmore.com\/es\/wp-json\/wp\/v2\/product_tag?post=74183"}],"curies":[{"name":"wp","href":"https:\/\/api.w.org\/{rel}","templated":true}]}}