{"id":73897,"date":"2020-01-09T12:11:21","date_gmt":"2020-01-09T11:11:22","guid":{"rendered":"https:\/\/tourtravelandmore.com\/?post_type=product&#038;p=73897"},"modified":"2024-07-22T18:35:40","modified_gmt":"2024-07-22T16:35:40","slug":"tour-privado-a-pie-en-nueva-york-4-horas","status":"publish","type":"product","link":"https:\/\/tourtravelandmore.com\/es\/tours\/eeuu-es\/nueva-york-es\/nueva-york-tours-privados-pie-es\/tour-privado-a-pie-en-nueva-york-4-horas\/","title":{"rendered":"Tour Privado a pie por Nueva York con Transporte P\u00fablico"},"content":{"rendered":"<h2><strong>Descripci\u00f3n del Tour Privado<\/strong><\/h2>\n<p>Disfrute de su tiempo en <strong>Nueva York<\/strong> tanto como sea posible con este <strong>tour privado a pie por Nueva York<\/strong>. Conocer\u00e1s los rincones m\u00e1s emblem\u00e1ticos y bonitos de esta maravillosa ciudad.<\/p>\n<p>El recorrido comenzar\u00e1 en el centro de la ciudad a la hora deseada por usted. Es posible organizar una recogida en su hotel o lugar de elecci\u00f3n, si est\u00e1 fuera del centro de la ciudad.<\/p>\n<p><strong>La ciudad de Nueva York<\/strong> es la ciudad m\u00e1s poblada de Estados Unidos. La ciudad est\u00e1 ubicada en el extremo sur del estado de Nueva York y es considerada la capital cultural, financiera y de los medios de comunicaci\u00f3n del mundo. La ciudad ofrece una gran variedad de atracciones, es muy vanguardista y moderna.<\/p>\n<p>Su gu\u00eda tur\u00edstico oficial privado lo llevar\u00e1 a visitar todos los monumentos y rincones de la <em>&#8220;Gran Manzana&#8221;<\/em>. Aprender\u00e1 sobre la historia y la arquitectura de esta incre\u00edble ciudad mientras pasa un buen rato en sus vacaciones.<\/p>\n<p>Si est\u00e1 buscando un recorrido a pie m\u00e1s espec\u00edfico, eche un vistazo a nuestro <a href=\"\/?p=75224\">tour a pie privado por Coney Island<\/a>.<\/p>\n<h2><strong>Puntos de inter\u00e9s a pie en Nueva York<\/strong><\/h2>\n<p>En primer lugar, se reunir\u00e1 con su gu\u00eda tur\u00edstico oficial privado en un punto de encuentro central en Nueva York. Como se trata de un tour privado y personalizado, la hora de inicio la determinar\u00e1 usted.<\/p>\n<p>Durante su tour privado a pie por Nueva York de 4 horas, descubrir\u00e1 algunos de los sitios m\u00e1s famosos con un experto local.<\/p>\n<p>Una vez que iniciamos el recorrido, le ofrecemos visitar, entre otros sitios:<\/p>\n<ul>\n<li><em><strong>Catedral de San Patricio<\/strong><\/em><\/li>\n<li><em><strong>Centro Rockefeller<\/strong><\/em><\/li>\n<li><em><strong>Palacio de Nueva York<\/strong><\/em><\/li>\n<li><em><strong>El Museo Metropolitano de Arte<\/strong><\/em><\/li>\n<li><em><strong>Radio City Music Hall<\/strong><\/em><\/li>\n<li><em><strong>Times Square<\/strong><\/em><\/li>\n<li><em><a href=\"https:\/\/www.shubert.nyc\/theatres\/broadway\/\" rel=\"nofollow\">Broadway<\/a><\/em><\/li>\n<li><em><strong>Quinta Avenida<\/strong><\/em><\/li>\n<li><em><strong>El Empire State<\/strong><\/em><\/li>\n<li><em><strong>Central Park<\/strong><\/em><\/li>\n<li><em>\u00a1y mucho m\u00e1s!<\/em><\/li>\n<\/ul>\n<p>Podemos incluir entradas a cualquier monumento o museo que desee visitar. En caso de que lo prefieras, tambi\u00e9n podemos incluir m\u00e1s horas a tu experiencia o incluso convertirla en un tour de d\u00eda completo.<\/p>\n<p>Su gu\u00eda privado es un profesional con gran conocimiento sobre la ciudad, su historia y arquitectura. Si hay alg\u00fan lugar espec\u00edfico que desea visitar, h\u00e1ganoslo saber y arreglaremos todo para usted.<\/p>\n<p>Finalmente, su gu\u00eda tur\u00edstico oficial privado lo dejar\u00e1 en un lugar central de la ciudad de Nueva York.<\/p>\n","protected":false},"excerpt":{"rendered":"<p>Descubre los puntos m\u00e1s emblem\u00e1ticos de la ciudad de<strong> Nueva York<\/strong> junto a un gu\u00eda oficial privado. Disfruta de un itinerario personalizado y visita la ciudad junto a tu gu\u00eda local, quien te ense\u00f1ar\u00e1 los sitios m\u00e1s destacados de la ciudad.<\/p>\n","protected":false},"featured_media":84675,"comment_status":"open","ping_status":"closed","template":"","meta":{"_acf_changed":false},"product_brand":[],"product_cat":[1602,2015,2018,2016],"product_tag":[],"class_list":{"0":"post-73897","1":"product","2":"type-product","3":"status-publish","4":"has-post-thumbnail","6":"product_cat-eeuu-es","7":"product_cat-nueva-york-es","8":"product_cat-nueva-york-actividades-es","9":"product_cat-nueva-york-tours-privados-pie-es","11":"first","12":"instock","13":"shipping-taxable","14":"purchasable","15":"product-type-simple"},"acf":[],"yoast_head":"<!-- This site is optimized with the Yoast SEO Premium plugin v25.3.1 (Yoast SEO v25.3.1) - https:\/\/yoast.com\/wordpress\/plugins\/seo\/ -->\n<title>Tour Privado a pie por Nueva York de 4 horas con gu\u00eda oficial<\/title>\n<meta name=\"description\" content=\"TOUR PRIVADO en los sitios m\u00e1s emblem\u00e1ticos de Nueva York junto a un gu\u00eda oficial con gran conocimiento acerca de la ciudad.\" \/>\n<meta name=\"robots\" content=\"index, follow, max-snippet:-1, max-image-preview:large, max-video-preview:-1\" \/>\n<link rel=\"canonical\" href=\"https:\/\/tourtravelandmore.com\/es\/tours\/eeuu-es\/nueva-york-es\/nueva-york-tours-privados-pie-es\/tour-privado-a-pie-en-nueva-york-4-horas\/\" \/>\n<meta property=\"og:locale\" content=\"es_ES\" \/>\n<meta property=\"og:type\" content=\"article\" \/>\n<meta property=\"og:title\" content=\"Tour Privado a pie por Nueva York con Transporte P\u00fablico\" \/>\n<meta property=\"og:description\" content=\"TOUR PRIVADO en los sitios m\u00e1s emblem\u00e1ticos de Nueva York junto a un gu\u00eda oficial con gran conocimiento acerca de la ciudad.\" \/>\n<meta property=\"og:url\" content=\"https:\/\/tourtravelandmore.com\/es\/tours\/eeuu-es\/nueva-york-es\/nueva-york-tours-privados-pie-es\/tour-privado-a-pie-en-nueva-york-4-horas\/\" \/>\n<meta property=\"og:site_name\" content=\"Tour Travel And More\" \/>\n<meta property=\"article:publisher\" content=\"https:\/\/www.facebook.com\/tourtravelandmore\/\" \/>\n<meta property=\"article:modified_time\" content=\"2024-07-22T16:35:40+00:00\" \/>\n<meta property=\"og:image\" content=\"https:\/\/tourtravelandmore.com\/wp-content\/uploads\/2020\/01\/NYC-3.jpg\" \/>\n\t<meta property=\"og:image:width\" content=\"1280\" \/>\n\t<meta property=\"og:image:height\" content=\"853\" \/>\n\t<meta property=\"og:image:type\" content=\"image\/jpeg\" \/>\n<meta name=\"twitter:card\" content=\"summary_large_image\" \/>\n<meta name=\"twitter:site\" content=\"@TourTravel_More\" \/>\n<meta name=\"twitter:label1\" content=\"Tiempo de lectura\" \/>\n\t<meta name=\"twitter:data1\" content=\"2 minutos\" \/>\n<script type=\"application\/ld+json\" class=\"yoast-schema-graph\">{\"@context\":\"https:\/\/schema.org\",\"@graph\":[{\"@type\":\"WebPage\",\"@id\":\"https:\/\/tourtravelandmore.com\/es\/tours\/eeuu-es\/nueva-york-es\/nueva-york-tours-privados-pie-es\/tour-privado-a-pie-en-nueva-york-4-horas\/\",\"url\":\"https:\/\/tourtravelandmore.com\/es\/tours\/eeuu-es\/nueva-york-es\/nueva-york-tours-privados-pie-es\/tour-privado-a-pie-en-nueva-york-4-horas\/\",\"name\":\"Tour Privado a pie por Nueva York de 4 horas con gu\u00eda oficial\",\"isPartOf\":{\"@id\":\"https:\/\/tourtravelandmore.com\/es\/#website\"},\"primaryImageOfPage\":{\"@id\":\"https:\/\/tourtravelandmore.com\/es\/tours\/eeuu-es\/nueva-york-es\/nueva-york-tours-privados-pie-es\/tour-privado-a-pie-en-nueva-york-4-horas\/#primaryimage\"},\"image\":{\"@id\":\"https:\/\/tourtravelandmore.com\/es\/tours\/eeuu-es\/nueva-york-es\/nueva-york-tours-privados-pie-es\/tour-privado-a-pie-en-nueva-york-4-horas\/#primaryimage\"},\"thumbnailUrl\":\"https:\/\/tourtravelandmore.com\/wp-content\/uploads\/2020\/01\/NYC-3.jpg\",\"datePublished\":\"2020-01-09T11:11:22+00:00\",\"dateModified\":\"2024-07-22T16:35:40+00:00\",\"description\":\"TOUR PRIVADO en los sitios m\u00e1s emblem\u00e1ticos de Nueva York junto a un gu\u00eda oficial con gran conocimiento acerca de la ciudad.\",\"breadcrumb\":{\"@id\":\"https:\/\/tourtravelandmore.com\/es\/tours\/eeuu-es\/nueva-york-es\/nueva-york-tours-privados-pie-es\/tour-privado-a-pie-en-nueva-york-4-horas\/#breadcrumb\"},\"inLanguage\":\"es\",\"potentialAction\":[{\"@type\":\"ReadAction\",\"target\":[\"https:\/\/tourtravelandmore.com\/es\/tours\/eeuu-es\/nueva-york-es\/nueva-york-tours-privados-pie-es\/tour-privado-a-pie-en-nueva-york-4-horas\/\"]}]},{\"@type\":\"ImageObject\",\"inLanguage\":\"es\",\"@id\":\"https:\/\/tourtravelandmore.com\/es\/tours\/eeuu-es\/nueva-york-es\/nueva-york-tours-privados-pie-es\/tour-privado-a-pie-en-nueva-york-4-horas\/#primaryimage\",\"url\":\"https:\/\/tourtravelandmore.com\/wp-content\/uploads\/2020\/01\/NYC-3.jpg\",\"contentUrl\":\"https:\/\/tourtravelandmore.com\/wp-content\/uploads\/2020\/01\/NYC-3.jpg\",\"width\":1280,\"height\":853},{\"@type\":\"BreadcrumbList\",\"@id\":\"https:\/\/tourtravelandmore.com\/es\/tours\/eeuu-es\/nueva-york-es\/nueva-york-tours-privados-pie-es\/tour-privado-a-pie-en-nueva-york-4-horas\/#breadcrumb\",\"itemListElement\":[{\"@type\":\"ListItem\",\"position\":1,\"name\":\"Home\",\"item\":\"https:\/\/tourtravelandmore.com\/es\/\"},{\"@type\":\"ListItem\",\"position\":2,\"name\":\"Tours\",\"item\":\"https:\/\/tourtravelandmore.com\/es\/tours\/\"},{\"@type\":\"ListItem\",\"position\":3,\"name\":\"Tour Privado a pie por Nueva York con Transporte P\u00fablico\"}]},{\"@type\":\"WebSite\",\"@id\":\"https:\/\/tourtravelandmore.com\/es\/#website\",\"url\":\"https:\/\/tourtravelandmore.com\/es\/\",\"name\":\"Tour Travel And More\",\"description\":\"Private sightseeing tours and luxury transfers in Spain\",\"publisher\":{\"@id\":\"https:\/\/tourtravelandmore.com\/es\/#organization\"},\"potentialAction\":[{\"@type\":\"SearchAction\",\"target\":{\"@type\":\"EntryPoint\",\"urlTemplate\":\"https:\/\/tourtravelandmore.com\/es\/?s={search_term_string}\"},\"query-input\":{\"@type\":\"PropertyValueSpecification\",\"valueRequired\":true,\"valueName\":\"search_term_string\"}}],\"inLanguage\":\"es\"},{\"@type\":\"Organization\",\"@id\":\"https:\/\/tourtravelandmore.com\/es\/#organization\",\"name\":\"Tour Travel And More\",\"url\":\"https:\/\/tourtravelandmore.com\/es\/\",\"logo\":{\"@type\":\"ImageObject\",\"inLanguage\":\"es\",\"@id\":\"https:\/\/tourtravelandmore.com\/es\/#\/schema\/logo\/image\/\",\"url\":\"https:\/\/tourtravelandmore.com\/wp-content\/uploads\/2022\/12\/cropped-logo-cabecera-new.png\",\"contentUrl\":\"https:\/\/tourtravelandmore.com\/wp-content\/uploads\/2022\/12\/cropped-logo-cabecera-new.png\",\"width\":430,\"height\":61,\"caption\":\"Tour Travel And More\"},\"image\":{\"@id\":\"https:\/\/tourtravelandmore.com\/es\/#\/schema\/logo\/image\/\"},\"sameAs\":[\"https:\/\/www.facebook.com\/tourtravelandmore\/\",\"https:\/\/x.com\/TourTravel_More\"]}]}<\/script>\n<!-- \/ Yoast SEO Premium plugin. -->","yoast_head_json":{"title":"Tour Privado a pie por Nueva York de 4 horas con gu\u00eda oficial","description":"TOUR PRIVADO en los sitios m\u00e1s emblem\u00e1ticos de Nueva York junto a un gu\u00eda oficial con gran conocimiento acerca de la ciudad.","robots":{"index":"index","follow":"follow","max-snippet":"max-snippet:-1","max-image-preview":"max-image-preview:large","max-video-preview":"max-video-preview:-1"},"canonical":"https:\/\/tourtravelandmore.com\/es\/tours\/eeuu-es\/nueva-york-es\/nueva-york-tours-privados-pie-es\/tour-privado-a-pie-en-nueva-york-4-horas\/","og_locale":"es_ES","og_type":"article","og_title":"Tour Privado a pie por Nueva York con Transporte P\u00fablico","og_description":"TOUR PRIVADO en los sitios m\u00e1s emblem\u00e1ticos de Nueva York junto a un gu\u00eda oficial con gran conocimiento acerca de la ciudad.","og_url":"https:\/\/tourtravelandmore.com\/es\/tours\/eeuu-es\/nueva-york-es\/nueva-york-tours-privados-pie-es\/tour-privado-a-pie-en-nueva-york-4-horas\/","og_site_name":"Tour Travel And More","article_publisher":"https:\/\/www.facebook.com\/tourtravelandmore\/","article_modified_time":"2024-07-22T16:35:40+00:00","og_image":[{"width":1280,"height":853,"url":"https:\/\/tourtravelandmore.com\/wp-content\/uploads\/2020\/01\/NYC-3.jpg","type":"image\/jpeg"}],"twitter_card":"summary_large_image","twitter_site":"@TourTravel_More","twitter_misc":{"Tiempo de lectura":"2 minutos"},"schema":{"@context":"https:\/\/schema.org","@graph":[{"@type":"WebPage","@id":"https:\/\/tourtravelandmore.com\/es\/tours\/eeuu-es\/nueva-york-es\/nueva-york-tours-privados-pie-es\/tour-privado-a-pie-en-nueva-york-4-horas\/","url":"https:\/\/tourtravelandmore.com\/es\/tours\/eeuu-es\/nueva-york-es\/nueva-york-tours-privados-pie-es\/tour-privado-a-pie-en-nueva-york-4-horas\/","name":"Tour Privado a pie por Nueva York de 4 horas con gu\u00eda oficial","isPartOf":{"@id":"https:\/\/tourtravelandmore.com\/es\/#website"},"primaryImageOfPage":{"@id":"https:\/\/tourtravelandmore.com\/es\/tours\/eeuu-es\/nueva-york-es\/nueva-york-tours-privados-pie-es\/tour-privado-a-pie-en-nueva-york-4-horas\/#primaryimage"},"image":{"@id":"https:\/\/tourtravelandmore.com\/es\/tours\/eeuu-es\/nueva-york-es\/nueva-york-tours-privados-pie-es\/tour-privado-a-pie-en-nueva-york-4-horas\/#primaryimage"},"thumbnailUrl":"https:\/\/tourtravelandmore.com\/wp-content\/uploads\/2020\/01\/NYC-3.jpg","datePublished":"2020-01-09T11:11:22+00:00","dateModified":"2024-07-22T16:35:40+00:00","description":"TOUR PRIVADO en los sitios m\u00e1s emblem\u00e1ticos de Nueva York junto a un gu\u00eda oficial con gran conocimiento acerca de la ciudad.","breadcrumb":{"@id":"https:\/\/tourtravelandmore.com\/es\/tours\/eeuu-es\/nueva-york-es\/nueva-york-tours-privados-pie-es\/tour-privado-a-pie-en-nueva-york-4-horas\/#breadcrumb"},"inLanguage":"es","potentialAction":[{"@type":"ReadAction","target":["https:\/\/tourtravelandmore.com\/es\/tours\/eeuu-es\/nueva-york-es\/nueva-york-tours-privados-pie-es\/tour-privado-a-pie-en-nueva-york-4-horas\/"]}]},{"@type":"ImageObject","inLanguage":"es","@id":"https:\/\/tourtravelandmore.com\/es\/tours\/eeuu-es\/nueva-york-es\/nueva-york-tours-privados-pie-es\/tour-privado-a-pie-en-nueva-york-4-horas\/#primaryimage","url":"https:\/\/tourtravelandmore.com\/wp-content\/uploads\/2020\/01\/NYC-3.jpg","contentUrl":"https:\/\/tourtravelandmore.com\/wp-content\/uploads\/2020\/01\/NYC-3.jpg","width":1280,"height":853},{"@type":"BreadcrumbList","@id":"https:\/\/tourtravelandmore.com\/es\/tours\/eeuu-es\/nueva-york-es\/nueva-york-tours-privados-pie-es\/tour-privado-a-pie-en-nueva-york-4-horas\/#breadcrumb","itemListElement":[{"@type":"ListItem","position":1,"name":"Home","item":"https:\/\/tourtravelandmore.com\/es\/"},{"@type":"ListItem","position":2,"name":"Tours","item":"https:\/\/tourtravelandmore.com\/es\/tours\/"},{"@type":"ListItem","position":3,"name":"Tour Privado a pie por Nueva York con Transporte P\u00fablico"}]},{"@type":"WebSite","@id":"https:\/\/tourtravelandmore.com\/es\/#website","url":"https:\/\/tourtravelandmore.com\/es\/","name":"Tour Travel And More","description":"Private sightseeing tours and luxury transfers in Spain","publisher":{"@id":"https:\/\/tourtravelandmore.com\/es\/#organization"},"potentialAction":[{"@type":"SearchAction","target":{"@type":"EntryPoint","urlTemplate":"https:\/\/tourtravelandmore.com\/es\/?s={search_term_string}"},"query-input":{"@type":"PropertyValueSpecification","valueRequired":true,"valueName":"search_term_string"}}],"inLanguage":"es"},{"@type":"Organization","@id":"https:\/\/tourtravelandmore.com\/es\/#organization","name":"Tour Travel And More","url":"https:\/\/tourtravelandmore.com\/es\/","logo":{"@type":"ImageObject","inLanguage":"es","@id":"https:\/\/tourtravelandmore.com\/es\/#\/schema\/logo\/image\/","url":"https:\/\/tourtravelandmore.com\/wp-content\/uploads\/2022\/12\/cropped-logo-cabecera-new.png","contentUrl":"https:\/\/tourtravelandmore.com\/wp-content\/uploads\/2022\/12\/cropped-logo-cabecera-new.png","width":430,"height":61,"caption":"Tour Travel And More"},"image":{"@id":"https:\/\/tourtravelandmore.com\/es\/#\/schema\/logo\/image\/"},"sameAs":["https:\/\/www.facebook.com\/tourtravelandmore\/","https:\/\/x.com\/TourTravel_More"]}]}},"_links":{"self":[{"href":"https:\/\/tourtravelandmore.com\/es\/wp-json\/wp\/v2\/product\/73897","targetHints":{"allow":["GET"]}}],"collection":[{"href":"https:\/\/tourtravelandmore.com\/es\/wp-json\/wp\/v2\/product"}],"about":[{"href":"https:\/\/tourtravelandmore.com\/es\/wp-json\/wp\/v2\/types\/product"}],"replies":[{"embeddable":true,"href":"https:\/\/tourtravelandmore.com\/es\/wp-json\/wp\/v2\/comments?post=73897"}],"wp:featuredmedia":[{"embeddable":true,"href":"https:\/\/tourtravelandmore.com\/es\/wp-json\/wp\/v2\/media\/84675"}],"wp:attachment":[{"href":"https:\/\/tourtravelandmore.com\/es\/wp-json\/wp\/v2\/media?parent=73897"}],"wp:term":[{"taxonomy":"product_brand","embeddable":true,"href":"https:\/\/tourtravelandmore.com\/es\/wp-json\/wp\/v2\/product_brand?post=73897"},{"taxonomy":"product_cat","embeddable":true,"href":"https:\/\/tourtravelandmore.com\/es\/wp-json\/wp\/v2\/product_cat?post=73897"},{"taxonomy":"product_tag","embeddable":true,"href":"https:\/\/tourtravelandmore.com\/es\/wp-json\/wp\/v2\/product_tag?post=73897"}],"curies":[{"name":"wp","href":"https:\/\/api.w.org\/{rel}","templated":true}]}}