{"id":73828,"date":"2020-01-08T13:52:52","date_gmt":"2020-01-08T12:52:51","guid":{"rendered":"https:\/\/tourtravelandmore.com\/?post_type=product&#038;p=73828"},"modified":"2025-02-13T17:19:39","modified_gmt":"2025-02-13T16:19:39","slug":"tour-por-a-coruna-tour-privado-con-guia-oficial-y-vehiculo","status":"publish","type":"product","link":"https:\/\/tourtravelandmore.com\/es\/tours\/espana-es\/coruna-es\/coruna-rutas-turisticas-privadas-es\/tour-por-a-coruna-tour-privado-con-guia-oficial-y-vehiculo\/","title":{"rendered":"Tour Privado A Coru\u00f1a con gu\u00eda y Vehiculo"},"content":{"rendered":"<h2>Tour Privado A Coru\u00f1a | Descripci\u00f3n<\/h2>\n<p>Uno de los mayores placeres de alojarse en <b><strong>Galicia<\/strong><\/b> es poder visitar la ciudad de <b><strong>La<\/strong><\/b> Coru\u00f1a en cualquier momento. Aunque lo m\u00e1s ideal ser\u00eda planificar el <b><strong>viaje<\/strong><\/b> con nosotros. Somos un tour operador privado realmente fiable.<\/p>\n<p>En <b><strong>Tour Travel &amp; More<\/strong><\/b>, le ofrecemos una aventura incomparable. Le organizaremos una recogida privada desde cualquier punto de A Coru\u00f1a. Tambi\u00e9n podemos recogerle en el puerto de cruceros. Esta excursi\u00f3n es perfecta si s\u00f3lo dispone de unas horas en A Coru\u00f1a.<\/p>\n<p>Por otro lado, siempre dispondr\u00e1 de un <b><strong>veh\u00edculo privado de lujo<\/strong><\/b> y de un conductor que estar\u00e1 a su disposici\u00f3n. Disfrutar\u00e1 de los mejores lugares junto a su gu\u00eda oficial privado.<\/p>\n<h2>Tour privado por A Coru\u00f1a | Puntos de inter\u00e9s y lugares emblem\u00e1ticos<\/h2>\n<p>Nuestro viaje comienza cuando pasamos por delante de su hotel y le llevamos al centro de la ciudad. Puede ser en su hotel, apartamento o incluso en el puerto de cruceros. Entonces comenzaremos este Tour Privado de A Coru\u00f1a.<\/p>\n<p>Dependiendo de d\u00f3nde le recojamos, el itinerario variar\u00e1. Comenzaremos en el <b><em><strong>Obelisco de la R\u00faa Nova.<\/strong><\/em><\/b> Aqu\u00ed admiraremos semejante obra arquitect\u00f3nica y nos dirigiremos hacia la <b><em><strong>Ciudad Vieja.<\/strong><\/em><\/b> Es un lugar lleno de edificios religiosos, que es el barrio con m\u00e1s iglesias por metro cuadrado de toda <b><strong>Galicia<\/strong><\/b>.<\/p>\n<p>En este paseo, podr\u00e1 ver y fotografiar <b><em><strong>La Iglesia de Santiago, la colegiata de Santa Mar\u00eda y mucho m\u00e1s.<\/strong><\/em><\/b> Tendr\u00e1 la oportunidad de echar un vistazo a <b><em><strong>la iglesia de la Orden Tercera de San Francisco, la iglesia de Santo Domingo y el Convento de Santa B\u00e1rbara<\/strong><\/em><\/b>.<\/p>\n<p>Despu\u00e9s nos dejaremos encantar por los magn\u00edficos jardines del lugar. Aqu\u00ed destacaremos puntualmente dos, los <b><em><strong>Jardines de M\u00e9ndez N\u00fa\u00f1ez y el Jard\u00edn de San Carlos.<\/strong><\/em><\/b> Los Jardines de M\u00e9ndez N\u00fa\u00f1ez son sede del <em>reloj y del calendario floral.<\/em> El <b><em><strong>Jard\u00edn de San<\/strong><\/em><\/b> Carlos es el lugar de descanso de <em>Sir John Moore.<\/em> Muri\u00f3 en la batalla de Elvi\u00f1a el 16 de enero de 1809. Protagonista de una historia de fantasmas, ya que se cree que el esp\u00edritu de su prometida, Lady Hester Stanhope, suele aparecerse por esa fecha todos los a\u00f1os en ese parque.<\/p>\n<p>Tras dejar a un lado los fantasmas, bajaremos al puerto y daremos un largo paseo por la <b><em><strong>Avenida Mar\u00edtima.<\/strong><\/em><\/b> Nos dejaremos cautivar por la enorme galer\u00eda de cristal. Se trata de una de las mayores atracciones de la <em>Ciudad de Cristal<\/em>.<\/p>\n<p>A continuaci\u00f3n llegaremos a la parte central del puerto. Aqu\u00ed se encuentran los mejores y m\u00e1s variados restaurantes. Podr\u00e1 degustar un delicioso almuerzo a orillas del oc\u00e9ano Atl\u00e1ntico.<\/p>\n<p>Incluso podr\u00e1 comprar alg\u00fan recuerdo en el Mercado de San Agust\u00edn.<\/p>\n<p>A continuaci\u00f3n daremos un breve paseo por la costa antes de retomar el rumbo hacia la <b><em><strong>Torre de H\u00e9rcules.<\/strong><\/em><\/b> Para cerrar nuestro recorrido contemplando el faro m\u00e1s antiguo del mundo que sigue en funcionamiento. Le contaremos la historia de este maravilloso icono y c\u00f3mo est\u00e1 estrechamente relacionado con el escudo de armas de la ciudad.<\/p>\n<p>No deje pasar la oportunidad de disfrutar de nuestro Tour Privado por A Coru\u00f1a.<\/p>\n<p><a href=\"https:\/\/tourtravelandmore.com\/es\/ciudad\/espana-es\/a-coruna-en\/\">Consulte todos los tours privados que le ofrecemos en Tour Travel &amp; More desde A Coru\u00f1a.<\/a><\/p>\n","protected":false},"excerpt":{"rendered":"<p>Descubre la ciudad de A Coru\u00f1a, en este tour con gu\u00eda oficial privado y vehiculo de lujo con conductor. Descubrir\u00e1s la Historia y los principales monumentos de la ciudad. El m\u00e1s famoso la Torre de H\u00e9rcules, si lo desean podemos gestionar el acceso a su interior. No te pierdas la oportunidad de conocer la Capital de Galicia.<\/p>\n","protected":false},"featured_media":73841,"comment_status":"open","ping_status":"closed","template":"","meta":{"_acf_changed":false},"product_brand":[],"product_cat":[1596,1875,1880,1878],"product_tag":[],"class_list":{"0":"post-73828","1":"product","2":"type-product","3":"status-publish","4":"has-post-thumbnail","6":"product_cat-espana-es","7":"product_cat-coruna-es","8":"product_cat-coruna-actividades-es","9":"product_cat-coruna-rutas-turisticas-privadas-es","11":"first","12":"instock","13":"shipping-taxable","14":"purchasable","15":"product-type-simple"},"acf":[],"yoast_head":"<!-- This site is optimized with the Yoast SEO Premium plugin v25.3.1 (Yoast SEO v25.3.1) - https:\/\/yoast.com\/wordpress\/plugins\/seo\/ -->\n<title>\u27a1\ufe0f Tour por A Coru\u00f1a | Tour Travel &amp; More<\/title>\n<meta name=\"description\" content=\"Disfrute de este tour por A Coru\u00f1a privado con gu\u00eda oficial y vehiculo. Descubre la ciudad m\u00e1s importante de Galicia y sus principales monumentos \u2705\" \/>\n<meta name=\"robots\" content=\"index, follow, max-snippet:-1, max-image-preview:large, max-video-preview:-1\" \/>\n<link rel=\"canonical\" href=\"https:\/\/tourtravelandmore.com\/es\/tours\/espana-es\/coruna-es\/coruna-rutas-turisticas-privadas-es\/tour-por-a-coruna-tour-privado-con-guia-oficial-y-vehiculo\/\" \/>\n<meta property=\"og:locale\" content=\"es_ES\" \/>\n<meta property=\"og:type\" content=\"article\" \/>\n<meta property=\"og:title\" content=\"Tour Privado A Coru\u00f1a con gu\u00eda y Vehiculo\" \/>\n<meta property=\"og:description\" content=\"Disfrute de este tour por A Coru\u00f1a privado con gu\u00eda oficial y vehiculo. Descubre la ciudad m\u00e1s importante de Galicia y sus principales monumentos \u2705\" \/>\n<meta property=\"og:url\" content=\"https:\/\/tourtravelandmore.com\/es\/tours\/espana-es\/coruna-es\/coruna-rutas-turisticas-privadas-es\/tour-por-a-coruna-tour-privado-con-guia-oficial-y-vehiculo\/\" \/>\n<meta property=\"og:site_name\" content=\"Tour Travel And More\" \/>\n<meta property=\"article:publisher\" content=\"https:\/\/www.facebook.com\/tourtravelandmore\/\" \/>\n<meta property=\"article:modified_time\" content=\"2025-02-13T16:19:39+00:00\" \/>\n<meta property=\"og:image\" content=\"https:\/\/tourtravelandmore.com\/wp-content\/uploads\/2020\/01\/cliff-888361_960_720.jpg\" \/>\n\t<meta property=\"og:image:width\" content=\"960\" \/>\n\t<meta property=\"og:image:height\" content=\"720\" \/>\n\t<meta property=\"og:image:type\" content=\"image\/jpeg\" \/>\n<meta name=\"twitter:card\" content=\"summary_large_image\" \/>\n<meta name=\"twitter:site\" content=\"@TourTravel_More\" \/>\n<meta name=\"twitter:label1\" content=\"Tiempo de lectura\" \/>\n\t<meta name=\"twitter:data1\" content=\"3 minutos\" \/>\n<script type=\"application\/ld+json\" class=\"yoast-schema-graph\">{\"@context\":\"https:\/\/schema.org\",\"@graph\":[{\"@type\":\"WebPage\",\"@id\":\"https:\/\/tourtravelandmore.com\/es\/tours\/espana-es\/coruna-es\/coruna-rutas-turisticas-privadas-es\/tour-por-a-coruna-tour-privado-con-guia-oficial-y-vehiculo\/\",\"url\":\"https:\/\/tourtravelandmore.com\/es\/tours\/espana-es\/coruna-es\/coruna-rutas-turisticas-privadas-es\/tour-por-a-coruna-tour-privado-con-guia-oficial-y-vehiculo\/\",\"name\":\"\u27a1\ufe0f Tour por A Coru\u00f1a | Tour Travel & More\",\"isPartOf\":{\"@id\":\"https:\/\/tourtravelandmore.com\/es\/#website\"},\"primaryImageOfPage\":{\"@id\":\"https:\/\/tourtravelandmore.com\/es\/tours\/espana-es\/coruna-es\/coruna-rutas-turisticas-privadas-es\/tour-por-a-coruna-tour-privado-con-guia-oficial-y-vehiculo\/#primaryimage\"},\"image\":{\"@id\":\"https:\/\/tourtravelandmore.com\/es\/tours\/espana-es\/coruna-es\/coruna-rutas-turisticas-privadas-es\/tour-por-a-coruna-tour-privado-con-guia-oficial-y-vehiculo\/#primaryimage\"},\"thumbnailUrl\":\"https:\/\/tourtravelandmore.com\/wp-content\/uploads\/2020\/01\/cliff-888361_960_720.jpg\",\"datePublished\":\"2020-01-08T12:52:51+00:00\",\"dateModified\":\"2025-02-13T16:19:39+00:00\",\"description\":\"Disfrute de este tour por A Coru\u00f1a privado con gu\u00eda oficial y vehiculo. Descubre la ciudad m\u00e1s importante de Galicia y sus principales monumentos \u2705\",\"breadcrumb\":{\"@id\":\"https:\/\/tourtravelandmore.com\/es\/tours\/espana-es\/coruna-es\/coruna-rutas-turisticas-privadas-es\/tour-por-a-coruna-tour-privado-con-guia-oficial-y-vehiculo\/#breadcrumb\"},\"inLanguage\":\"es\",\"potentialAction\":[{\"@type\":\"ReadAction\",\"target\":[\"https:\/\/tourtravelandmore.com\/es\/tours\/espana-es\/coruna-es\/coruna-rutas-turisticas-privadas-es\/tour-por-a-coruna-tour-privado-con-guia-oficial-y-vehiculo\/\"]}]},{\"@type\":\"ImageObject\",\"inLanguage\":\"es\",\"@id\":\"https:\/\/tourtravelandmore.com\/es\/tours\/espana-es\/coruna-es\/coruna-rutas-turisticas-privadas-es\/tour-por-a-coruna-tour-privado-con-guia-oficial-y-vehiculo\/#primaryimage\",\"url\":\"https:\/\/tourtravelandmore.com\/wp-content\/uploads\/2020\/01\/cliff-888361_960_720.jpg\",\"contentUrl\":\"https:\/\/tourtravelandmore.com\/wp-content\/uploads\/2020\/01\/cliff-888361_960_720.jpg\",\"width\":960,\"height\":720},{\"@type\":\"BreadcrumbList\",\"@id\":\"https:\/\/tourtravelandmore.com\/es\/tours\/espana-es\/coruna-es\/coruna-rutas-turisticas-privadas-es\/tour-por-a-coruna-tour-privado-con-guia-oficial-y-vehiculo\/#breadcrumb\",\"itemListElement\":[{\"@type\":\"ListItem\",\"position\":1,\"name\":\"Home\",\"item\":\"https:\/\/tourtravelandmore.com\/es\/\"},{\"@type\":\"ListItem\",\"position\":2,\"name\":\"Tours\",\"item\":\"https:\/\/tourtravelandmore.com\/es\/tours\/\"},{\"@type\":\"ListItem\",\"position\":3,\"name\":\"Tour Privado A Coru\u00f1a con gu\u00eda y Vehiculo\"}]},{\"@type\":\"WebSite\",\"@id\":\"https:\/\/tourtravelandmore.com\/es\/#website\",\"url\":\"https:\/\/tourtravelandmore.com\/es\/\",\"name\":\"Tour Travel And More\",\"description\":\"Private sightseeing tours and luxury transfers in Spain\",\"publisher\":{\"@id\":\"https:\/\/tourtravelandmore.com\/es\/#organization\"},\"potentialAction\":[{\"@type\":\"SearchAction\",\"target\":{\"@type\":\"EntryPoint\",\"urlTemplate\":\"https:\/\/tourtravelandmore.com\/es\/?s={search_term_string}\"},\"query-input\":{\"@type\":\"PropertyValueSpecification\",\"valueRequired\":true,\"valueName\":\"search_term_string\"}}],\"inLanguage\":\"es\"},{\"@type\":\"Organization\",\"@id\":\"https:\/\/tourtravelandmore.com\/es\/#organization\",\"name\":\"Tour Travel And More\",\"url\":\"https:\/\/tourtravelandmore.com\/es\/\",\"logo\":{\"@type\":\"ImageObject\",\"inLanguage\":\"es\",\"@id\":\"https:\/\/tourtravelandmore.com\/es\/#\/schema\/logo\/image\/\",\"url\":\"https:\/\/tourtravelandmore.com\/wp-content\/uploads\/2022\/12\/cropped-logo-cabecera-new.png\",\"contentUrl\":\"https:\/\/tourtravelandmore.com\/wp-content\/uploads\/2022\/12\/cropped-logo-cabecera-new.png\",\"width\":430,\"height\":61,\"caption\":\"Tour Travel And More\"},\"image\":{\"@id\":\"https:\/\/tourtravelandmore.com\/es\/#\/schema\/logo\/image\/\"},\"sameAs\":[\"https:\/\/www.facebook.com\/tourtravelandmore\/\",\"https:\/\/x.com\/TourTravel_More\"]}]}<\/script>\n<!-- \/ Yoast SEO Premium plugin. -->","yoast_head_json":{"title":"\u27a1\ufe0f Tour por A Coru\u00f1a | Tour Travel & More","description":"Disfrute de este tour por A Coru\u00f1a privado con gu\u00eda oficial y vehiculo. Descubre la ciudad m\u00e1s importante de Galicia y sus principales monumentos \u2705","robots":{"index":"index","follow":"follow","max-snippet":"max-snippet:-1","max-image-preview":"max-image-preview:large","max-video-preview":"max-video-preview:-1"},"canonical":"https:\/\/tourtravelandmore.com\/es\/tours\/espana-es\/coruna-es\/coruna-rutas-turisticas-privadas-es\/tour-por-a-coruna-tour-privado-con-guia-oficial-y-vehiculo\/","og_locale":"es_ES","og_type":"article","og_title":"Tour Privado A Coru\u00f1a con gu\u00eda y Vehiculo","og_description":"Disfrute de este tour por A Coru\u00f1a privado con gu\u00eda oficial y vehiculo. Descubre la ciudad m\u00e1s importante de Galicia y sus principales monumentos \u2705","og_url":"https:\/\/tourtravelandmore.com\/es\/tours\/espana-es\/coruna-es\/coruna-rutas-turisticas-privadas-es\/tour-por-a-coruna-tour-privado-con-guia-oficial-y-vehiculo\/","og_site_name":"Tour Travel And More","article_publisher":"https:\/\/www.facebook.com\/tourtravelandmore\/","article_modified_time":"2025-02-13T16:19:39+00:00","og_image":[{"width":960,"height":720,"url":"https:\/\/tourtravelandmore.com\/wp-content\/uploads\/2020\/01\/cliff-888361_960_720.jpg","type":"image\/jpeg"}],"twitter_card":"summary_large_image","twitter_site":"@TourTravel_More","twitter_misc":{"Tiempo de lectura":"3 minutos"},"schema":{"@context":"https:\/\/schema.org","@graph":[{"@type":"WebPage","@id":"https:\/\/tourtravelandmore.com\/es\/tours\/espana-es\/coruna-es\/coruna-rutas-turisticas-privadas-es\/tour-por-a-coruna-tour-privado-con-guia-oficial-y-vehiculo\/","url":"https:\/\/tourtravelandmore.com\/es\/tours\/espana-es\/coruna-es\/coruna-rutas-turisticas-privadas-es\/tour-por-a-coruna-tour-privado-con-guia-oficial-y-vehiculo\/","name":"\u27a1\ufe0f Tour por A Coru\u00f1a | Tour Travel & More","isPartOf":{"@id":"https:\/\/tourtravelandmore.com\/es\/#website"},"primaryImageOfPage":{"@id":"https:\/\/tourtravelandmore.com\/es\/tours\/espana-es\/coruna-es\/coruna-rutas-turisticas-privadas-es\/tour-por-a-coruna-tour-privado-con-guia-oficial-y-vehiculo\/#primaryimage"},"image":{"@id":"https:\/\/tourtravelandmore.com\/es\/tours\/espana-es\/coruna-es\/coruna-rutas-turisticas-privadas-es\/tour-por-a-coruna-tour-privado-con-guia-oficial-y-vehiculo\/#primaryimage"},"thumbnailUrl":"https:\/\/tourtravelandmore.com\/wp-content\/uploads\/2020\/01\/cliff-888361_960_720.jpg","datePublished":"2020-01-08T12:52:51+00:00","dateModified":"2025-02-13T16:19:39+00:00","description":"Disfrute de este tour por A Coru\u00f1a privado con gu\u00eda oficial y vehiculo. Descubre la ciudad m\u00e1s importante de Galicia y sus principales monumentos \u2705","breadcrumb":{"@id":"https:\/\/tourtravelandmore.com\/es\/tours\/espana-es\/coruna-es\/coruna-rutas-turisticas-privadas-es\/tour-por-a-coruna-tour-privado-con-guia-oficial-y-vehiculo\/#breadcrumb"},"inLanguage":"es","potentialAction":[{"@type":"ReadAction","target":["https:\/\/tourtravelandmore.com\/es\/tours\/espana-es\/coruna-es\/coruna-rutas-turisticas-privadas-es\/tour-por-a-coruna-tour-privado-con-guia-oficial-y-vehiculo\/"]}]},{"@type":"ImageObject","inLanguage":"es","@id":"https:\/\/tourtravelandmore.com\/es\/tours\/espana-es\/coruna-es\/coruna-rutas-turisticas-privadas-es\/tour-por-a-coruna-tour-privado-con-guia-oficial-y-vehiculo\/#primaryimage","url":"https:\/\/tourtravelandmore.com\/wp-content\/uploads\/2020\/01\/cliff-888361_960_720.jpg","contentUrl":"https:\/\/tourtravelandmore.com\/wp-content\/uploads\/2020\/01\/cliff-888361_960_720.jpg","width":960,"height":720},{"@type":"BreadcrumbList","@id":"https:\/\/tourtravelandmore.com\/es\/tours\/espana-es\/coruna-es\/coruna-rutas-turisticas-privadas-es\/tour-por-a-coruna-tour-privado-con-guia-oficial-y-vehiculo\/#breadcrumb","itemListElement":[{"@type":"ListItem","position":1,"name":"Home","item":"https:\/\/tourtravelandmore.com\/es\/"},{"@type":"ListItem","position":2,"name":"Tours","item":"https:\/\/tourtravelandmore.com\/es\/tours\/"},{"@type":"ListItem","position":3,"name":"Tour Privado A Coru\u00f1a con gu\u00eda y Vehiculo"}]},{"@type":"WebSite","@id":"https:\/\/tourtravelandmore.com\/es\/#website","url":"https:\/\/tourtravelandmore.com\/es\/","name":"Tour Travel And More","description":"Private sightseeing tours and luxury transfers in Spain","publisher":{"@id":"https:\/\/tourtravelandmore.com\/es\/#organization"},"potentialAction":[{"@type":"SearchAction","target":{"@type":"EntryPoint","urlTemplate":"https:\/\/tourtravelandmore.com\/es\/?s={search_term_string}"},"query-input":{"@type":"PropertyValueSpecification","valueRequired":true,"valueName":"search_term_string"}}],"inLanguage":"es"},{"@type":"Organization","@id":"https:\/\/tourtravelandmore.com\/es\/#organization","name":"Tour Travel And More","url":"https:\/\/tourtravelandmore.com\/es\/","logo":{"@type":"ImageObject","inLanguage":"es","@id":"https:\/\/tourtravelandmore.com\/es\/#\/schema\/logo\/image\/","url":"https:\/\/tourtravelandmore.com\/wp-content\/uploads\/2022\/12\/cropped-logo-cabecera-new.png","contentUrl":"https:\/\/tourtravelandmore.com\/wp-content\/uploads\/2022\/12\/cropped-logo-cabecera-new.png","width":430,"height":61,"caption":"Tour Travel And More"},"image":{"@id":"https:\/\/tourtravelandmore.com\/es\/#\/schema\/logo\/image\/"},"sameAs":["https:\/\/www.facebook.com\/tourtravelandmore\/","https:\/\/x.com\/TourTravel_More"]}]}},"_links":{"self":[{"href":"https:\/\/tourtravelandmore.com\/es\/wp-json\/wp\/v2\/product\/73828","targetHints":{"allow":["GET"]}}],"collection":[{"href":"https:\/\/tourtravelandmore.com\/es\/wp-json\/wp\/v2\/product"}],"about":[{"href":"https:\/\/tourtravelandmore.com\/es\/wp-json\/wp\/v2\/types\/product"}],"replies":[{"embeddable":true,"href":"https:\/\/tourtravelandmore.com\/es\/wp-json\/wp\/v2\/comments?post=73828"}],"wp:featuredmedia":[{"embeddable":true,"href":"https:\/\/tourtravelandmore.com\/es\/wp-json\/wp\/v2\/media\/73841"}],"wp:attachment":[{"href":"https:\/\/tourtravelandmore.com\/es\/wp-json\/wp\/v2\/media?parent=73828"}],"wp:term":[{"taxonomy":"product_brand","embeddable":true,"href":"https:\/\/tourtravelandmore.com\/es\/wp-json\/wp\/v2\/product_brand?post=73828"},{"taxonomy":"product_cat","embeddable":true,"href":"https:\/\/tourtravelandmore.com\/es\/wp-json\/wp\/v2\/product_cat?post=73828"},{"taxonomy":"product_tag","embeddable":true,"href":"https:\/\/tourtravelandmore.com\/es\/wp-json\/wp\/v2\/product_tag?post=73828"}],"curies":[{"name":"wp","href":"https:\/\/api.w.org\/{rel}","templated":true}]}}