{"id":73605,"date":"2020-01-03T16:02:50","date_gmt":"2020-01-03T15:02:50","guid":{"rendered":"https:\/\/tourtravelandmore.com\/?post_type=product&#038;p=73605"},"modified":"2023-07-04T01:20:17","modified_gmt":"2023-07-03T23:20:17","slug":"tour-privado-bahrain-con-guia-oficial-y-vehiculo","status":"publish","type":"product","link":"https:\/\/tourtravelandmore.com\/es\/tours\/bahrain-es\/bahrain-manama-es\/bahrain-excursiones-privadas-cruceros-es\/tour-privado-bahrain-con-guia-oficial-y-vehiculo\/","title":{"rendered":"Excursi\u00f3n de medio d\u00eda desde el Puerto de Cruceros en Bahrain"},"content":{"rendered":"<h2>Descripci\u00f3n de la Excursi\u00f3n\u00a0de medio d\u00eda desde el Puerto de Cruceros en Bahrain<\/h2>\n<p>Reserve este <strong>tour privado, Bahrain con su gu\u00eda oficial privado y veh\u00edculo con ch\u00f3fer<\/strong>, descubre sus maravillosas mezquitas, su deslumbrante naturaleza y sus milenarias fortalezas.<\/p>\n<p>La duraci\u00f3n de este tour privado Bahrain es de 4 horas. Al ser un tour privado, pueden escoger la hora y lugar de comienzo.<\/p>\n<p>El Reino de Bahrain, tiene una poblaci\u00f3n de aproximadamente 1.200.000 personas, de las cuales m\u00e1s de la mitad no son nativas de Bahrain. La ciudad est\u00e1 situada en la costa del Golfo Persa junto a la pen\u00ednsula de Qatar y la costa de Arabia Saudita. El Reino ofrece una variedad cultural muy amplia, representando un estilo de vida moderno y progresista, y a su vez manteniendo su antiguo patrimonio e historia.<\/p>\n<p>Si su crucero tiene varias paradas, puedes consultar <a href=\"https:\/\/tourtravelandmore.com\/es\/tours\/\"><strong>aqu\u00ed<\/strong><\/a> el resto de destinos d\u00f3nde operamos. No dudes en contactar y le enviaremos la informaci\u00f3n detallada.<\/p>\n<h2>Puntos de inter\u00e9s en la Excursi\u00f3n\u00a0de medio d\u00eda desde el Puerto de Cruceros en Bahrain<\/h2>\n<p>Durante su tour privado Bahrain descubrir\u00e9is algunos de los sitios m\u00e1s emblem\u00e1ticos de <b>Bahrain <\/b>con su gu\u00eda local.<\/p>\n<p>Una vez que comience el tour podr\u00e1 visitar, entre otros, los siguientes lugares:<\/p>\n<p><strong>Bahrain WTC<\/strong><br \/>\nSituadas en Manama, estas torres gemelas de 50 pisos son uno de los puntos de atracci\u00f3n m\u00e1s populares en Bahrain. Terminado en el a\u00f1o 2008 este rascacielos es el primero que integra turbinas de viento en sus dise\u00f1os, mostrando un compromiso para aumentar la conciencia global sobre los dise\u00f1os sustentables.<\/p>\n<p><strong>Mercado de Manama<\/strong><br \/>\nSi\u00e9ntase parte de la antigua cultura Manami cuando visite este hist\u00f3rico bazar. Remodelado una sola vez desde su construcci\u00f3n original, puede elegir si quiere visitar la nueva secci\u00f3n, peatonal, o si quiere visitar el \u00e1rea antigua, con carreteras para autos y senderos para los peatones. Preparaos para regatear todo, desde productos electr\u00f3nicos hasta pipas de shisha.<\/p>\n<p><strong>Museo Nacional de Bahrain<br \/>\n<\/strong>Inaugurado en 1988 y emplazado en un edificio postmoderno, el museo es una extraordinaria representaci\u00f3n de la historia de Bahrain. Dividido en diferentes salones, conocer\u00e1 la historia de Dilmun, una civilizaci\u00f3n que h\u00e1bito este suelo desde el a\u00f1o 5000 AC hasta el a\u00f1o 400 AC, tambi\u00e9n se pondr\u00e1 en contacto con piezas de Tylos e Isl\u00e1micas, finalmente visitar\u00e1 el Sal\u00f3n de Historia Natural donde explorar\u00e1 la flora y la fauna de Bahrain.<\/p>\n<p><strong>Gran Mezquita Al Fateh<\/strong><br \/>\nCon una capacidad de m\u00e1s de 7.000 fieles al mismo tiempo, este centro Isl\u00e1mico es uno de los m\u00e1s grandes del mundo. Construido con materiales tra\u00eddos de Italia, Austria e India esta majestuosa Mezquita es la \u00fanica capaz de recibir visitantes de cualquier religi\u00f3n.<\/p>\n","protected":false},"excerpt":{"rendered":"<p>Aproveche la oportunidad de conocer\u00a0<strong>Bahrain<\/strong>, uno de las reinos m\u00e1s hermosos de Asia, en su <strong>veh\u00edculo privado de lujo<\/strong>, con\u00a0<b>ch\u00f3fer<\/b>\u00a0y\u00a0<strong>gu\u00eda privados<\/strong>. Su gu\u00eda oficial les mostrar\u00e1 y contar\u00e1 los secretos de esta vibrante ciudad con una amplia vida cultural, hist\u00f3rica y art\u00edstica.<\/p>\n","protected":false},"featured_media":73553,"comment_status":"open","ping_status":"closed","template":"","meta":{"_acf_changed":false},"product_brand":[],"product_cat":[2000,2001,2003,2002,1602],"product_tag":[],"class_list":{"0":"post-73605","1":"product","2":"type-product","3":"status-publish","4":"has-post-thumbnail","6":"product_cat-bahrain-es","7":"product_cat-bahrain-manama-es","8":"product_cat-bahrain-actividades-es","9":"product_cat-bahrain-excursiones-privadas-cruceros-es","10":"product_cat-eeuu-es","12":"first","13":"instock","14":"shipping-taxable","15":"purchasable","16":"product-type-simple"},"acf":[],"yoast_head":"<!-- This site is optimized with the Yoast SEO Premium plugin v25.3.1 (Yoast SEO v25.3.1) - https:\/\/yoast.com\/wordpress\/plugins\/seo\/ -->\n<title>\u27a1\ufe0f TOUR PRIVADO BAHRAIN con guia oficial y vehiculo | Tour Travel &amp; More<\/title>\n<meta name=\"description\" content=\"Reserve este tour privado Bahrain para explorar sus maravillosas mezquitas, sus deslumbrante naturaleza y sus milenarias fortalezas \u2705\" \/>\n<meta name=\"robots\" content=\"index, follow, max-snippet:-1, max-image-preview:large, max-video-preview:-1\" \/>\n<link rel=\"canonical\" href=\"https:\/\/tourtravelandmore.com\/es\/tours\/bahrain-es\/bahrain-manama-es\/bahrain-excursiones-privadas-cruceros-es\/tour-privado-bahrain-con-guia-oficial-y-vehiculo\/\" \/>\n<meta property=\"og:locale\" content=\"es_ES\" \/>\n<meta property=\"og:type\" content=\"article\" \/>\n<meta property=\"og:title\" content=\"Excursi\u00f3n de medio d\u00eda desde el Puerto de Cruceros en Bahrain\" \/>\n<meta property=\"og:description\" content=\"Reserve este tour privado Bahrain para explorar sus maravillosas mezquitas, sus deslumbrante naturaleza y sus milenarias fortalezas \u2705\" \/>\n<meta property=\"og:url\" content=\"https:\/\/tourtravelandmore.com\/es\/tours\/bahrain-es\/bahrain-manama-es\/bahrain-excursiones-privadas-cruceros-es\/tour-privado-bahrain-con-guia-oficial-y-vehiculo\/\" \/>\n<meta property=\"og:site_name\" content=\"Tour Travel And More\" \/>\n<meta property=\"article:publisher\" content=\"https:\/\/www.facebook.com\/tourtravelandmore\/\" \/>\n<meta property=\"article:modified_time\" content=\"2023-07-03T23:20:17+00:00\" \/>\n<meta property=\"og:image\" content=\"https:\/\/tourtravelandmore.com\/wp-content\/uploads\/2020\/01\/bah1.jpg\" \/>\n\t<meta property=\"og:image:width\" content=\"2048\" \/>\n\t<meta property=\"og:image:height\" content=\"1365\" \/>\n\t<meta property=\"og:image:type\" content=\"image\/jpeg\" \/>\n<meta name=\"twitter:card\" content=\"summary_large_image\" \/>\n<meta name=\"twitter:site\" content=\"@TourTravel_More\" \/>\n<meta name=\"twitter:label1\" content=\"Tiempo de lectura\" \/>\n\t<meta name=\"twitter:data1\" content=\"2 minutos\" \/>\n<script type=\"application\/ld+json\" class=\"yoast-schema-graph\">{\"@context\":\"https:\/\/schema.org\",\"@graph\":[{\"@type\":\"WebPage\",\"@id\":\"https:\/\/tourtravelandmore.com\/es\/tours\/bahrain-es\/bahrain-manama-es\/bahrain-excursiones-privadas-cruceros-es\/tour-privado-bahrain-con-guia-oficial-y-vehiculo\/\",\"url\":\"https:\/\/tourtravelandmore.com\/es\/tours\/bahrain-es\/bahrain-manama-es\/bahrain-excursiones-privadas-cruceros-es\/tour-privado-bahrain-con-guia-oficial-y-vehiculo\/\",\"name\":\"\u27a1\ufe0f TOUR PRIVADO BAHRAIN con guia oficial y vehiculo | Tour Travel & More\",\"isPartOf\":{\"@id\":\"https:\/\/tourtravelandmore.com\/es\/#website\"},\"primaryImageOfPage\":{\"@id\":\"https:\/\/tourtravelandmore.com\/es\/tours\/bahrain-es\/bahrain-manama-es\/bahrain-excursiones-privadas-cruceros-es\/tour-privado-bahrain-con-guia-oficial-y-vehiculo\/#primaryimage\"},\"image\":{\"@id\":\"https:\/\/tourtravelandmore.com\/es\/tours\/bahrain-es\/bahrain-manama-es\/bahrain-excursiones-privadas-cruceros-es\/tour-privado-bahrain-con-guia-oficial-y-vehiculo\/#primaryimage\"},\"thumbnailUrl\":\"https:\/\/tourtravelandmore.com\/wp-content\/uploads\/2020\/01\/bah1.jpg\",\"datePublished\":\"2020-01-03T15:02:50+00:00\",\"dateModified\":\"2023-07-03T23:20:17+00:00\",\"description\":\"Reserve este tour privado Bahrain para explorar sus maravillosas mezquitas, sus deslumbrante naturaleza y sus milenarias fortalezas \u2705\",\"breadcrumb\":{\"@id\":\"https:\/\/tourtravelandmore.com\/es\/tours\/bahrain-es\/bahrain-manama-es\/bahrain-excursiones-privadas-cruceros-es\/tour-privado-bahrain-con-guia-oficial-y-vehiculo\/#breadcrumb\"},\"inLanguage\":\"es\",\"potentialAction\":[{\"@type\":\"ReadAction\",\"target\":[\"https:\/\/tourtravelandmore.com\/es\/tours\/bahrain-es\/bahrain-manama-es\/bahrain-excursiones-privadas-cruceros-es\/tour-privado-bahrain-con-guia-oficial-y-vehiculo\/\"]}]},{\"@type\":\"ImageObject\",\"inLanguage\":\"es\",\"@id\":\"https:\/\/tourtravelandmore.com\/es\/tours\/bahrain-es\/bahrain-manama-es\/bahrain-excursiones-privadas-cruceros-es\/tour-privado-bahrain-con-guia-oficial-y-vehiculo\/#primaryimage\",\"url\":\"https:\/\/tourtravelandmore.com\/wp-content\/uploads\/2020\/01\/bah1.jpg\",\"contentUrl\":\"https:\/\/tourtravelandmore.com\/wp-content\/uploads\/2020\/01\/bah1.jpg\",\"width\":2048,\"height\":1365},{\"@type\":\"BreadcrumbList\",\"@id\":\"https:\/\/tourtravelandmore.com\/es\/tours\/bahrain-es\/bahrain-manama-es\/bahrain-excursiones-privadas-cruceros-es\/tour-privado-bahrain-con-guia-oficial-y-vehiculo\/#breadcrumb\",\"itemListElement\":[{\"@type\":\"ListItem\",\"position\":1,\"name\":\"Home\",\"item\":\"https:\/\/tourtravelandmore.com\/es\/\"},{\"@type\":\"ListItem\",\"position\":2,\"name\":\"Tours\",\"item\":\"https:\/\/tourtravelandmore.com\/es\/tours\/\"},{\"@type\":\"ListItem\",\"position\":3,\"name\":\"Excursi\u00f3n de medio d\u00eda desde el Puerto de Cruceros en Bahrain\"}]},{\"@type\":\"WebSite\",\"@id\":\"https:\/\/tourtravelandmore.com\/es\/#website\",\"url\":\"https:\/\/tourtravelandmore.com\/es\/\",\"name\":\"Tour Travel And More\",\"description\":\"Private sightseeing tours and luxury transfers in Spain\",\"publisher\":{\"@id\":\"https:\/\/tourtravelandmore.com\/es\/#organization\"},\"potentialAction\":[{\"@type\":\"SearchAction\",\"target\":{\"@type\":\"EntryPoint\",\"urlTemplate\":\"https:\/\/tourtravelandmore.com\/es\/?s={search_term_string}\"},\"query-input\":{\"@type\":\"PropertyValueSpecification\",\"valueRequired\":true,\"valueName\":\"search_term_string\"}}],\"inLanguage\":\"es\"},{\"@type\":\"Organization\",\"@id\":\"https:\/\/tourtravelandmore.com\/es\/#organization\",\"name\":\"Tour Travel And More\",\"url\":\"https:\/\/tourtravelandmore.com\/es\/\",\"logo\":{\"@type\":\"ImageObject\",\"inLanguage\":\"es\",\"@id\":\"https:\/\/tourtravelandmore.com\/es\/#\/schema\/logo\/image\/\",\"url\":\"https:\/\/tourtravelandmore.com\/wp-content\/uploads\/2022\/12\/cropped-logo-cabecera-new.png\",\"contentUrl\":\"https:\/\/tourtravelandmore.com\/wp-content\/uploads\/2022\/12\/cropped-logo-cabecera-new.png\",\"width\":430,\"height\":61,\"caption\":\"Tour Travel And More\"},\"image\":{\"@id\":\"https:\/\/tourtravelandmore.com\/es\/#\/schema\/logo\/image\/\"},\"sameAs\":[\"https:\/\/www.facebook.com\/tourtravelandmore\/\",\"https:\/\/x.com\/TourTravel_More\"]}]}<\/script>\n<!-- \/ Yoast SEO Premium plugin. -->","yoast_head_json":{"title":"\u27a1\ufe0f TOUR PRIVADO BAHRAIN con guia oficial y vehiculo | Tour Travel & More","description":"Reserve este tour privado Bahrain para explorar sus maravillosas mezquitas, sus deslumbrante naturaleza y sus milenarias fortalezas \u2705","robots":{"index":"index","follow":"follow","max-snippet":"max-snippet:-1","max-image-preview":"max-image-preview:large","max-video-preview":"max-video-preview:-1"},"canonical":"https:\/\/tourtravelandmore.com\/es\/tours\/bahrain-es\/bahrain-manama-es\/bahrain-excursiones-privadas-cruceros-es\/tour-privado-bahrain-con-guia-oficial-y-vehiculo\/","og_locale":"es_ES","og_type":"article","og_title":"Excursi\u00f3n de medio d\u00eda desde el Puerto de Cruceros en Bahrain","og_description":"Reserve este tour privado Bahrain para explorar sus maravillosas mezquitas, sus deslumbrante naturaleza y sus milenarias fortalezas \u2705","og_url":"https:\/\/tourtravelandmore.com\/es\/tours\/bahrain-es\/bahrain-manama-es\/bahrain-excursiones-privadas-cruceros-es\/tour-privado-bahrain-con-guia-oficial-y-vehiculo\/","og_site_name":"Tour Travel And More","article_publisher":"https:\/\/www.facebook.com\/tourtravelandmore\/","article_modified_time":"2023-07-03T23:20:17+00:00","og_image":[{"width":2048,"height":1365,"url":"https:\/\/tourtravelandmore.com\/wp-content\/uploads\/2020\/01\/bah1.jpg","type":"image\/jpeg"}],"twitter_card":"summary_large_image","twitter_site":"@TourTravel_More","twitter_misc":{"Tiempo de lectura":"2 minutos"},"schema":{"@context":"https:\/\/schema.org","@graph":[{"@type":"WebPage","@id":"https:\/\/tourtravelandmore.com\/es\/tours\/bahrain-es\/bahrain-manama-es\/bahrain-excursiones-privadas-cruceros-es\/tour-privado-bahrain-con-guia-oficial-y-vehiculo\/","url":"https:\/\/tourtravelandmore.com\/es\/tours\/bahrain-es\/bahrain-manama-es\/bahrain-excursiones-privadas-cruceros-es\/tour-privado-bahrain-con-guia-oficial-y-vehiculo\/","name":"\u27a1\ufe0f TOUR PRIVADO BAHRAIN con guia oficial y vehiculo | Tour Travel & More","isPartOf":{"@id":"https:\/\/tourtravelandmore.com\/es\/#website"},"primaryImageOfPage":{"@id":"https:\/\/tourtravelandmore.com\/es\/tours\/bahrain-es\/bahrain-manama-es\/bahrain-excursiones-privadas-cruceros-es\/tour-privado-bahrain-con-guia-oficial-y-vehiculo\/#primaryimage"},"image":{"@id":"https:\/\/tourtravelandmore.com\/es\/tours\/bahrain-es\/bahrain-manama-es\/bahrain-excursiones-privadas-cruceros-es\/tour-privado-bahrain-con-guia-oficial-y-vehiculo\/#primaryimage"},"thumbnailUrl":"https:\/\/tourtravelandmore.com\/wp-content\/uploads\/2020\/01\/bah1.jpg","datePublished":"2020-01-03T15:02:50+00:00","dateModified":"2023-07-03T23:20:17+00:00","description":"Reserve este tour privado Bahrain para explorar sus maravillosas mezquitas, sus deslumbrante naturaleza y sus milenarias fortalezas \u2705","breadcrumb":{"@id":"https:\/\/tourtravelandmore.com\/es\/tours\/bahrain-es\/bahrain-manama-es\/bahrain-excursiones-privadas-cruceros-es\/tour-privado-bahrain-con-guia-oficial-y-vehiculo\/#breadcrumb"},"inLanguage":"es","potentialAction":[{"@type":"ReadAction","target":["https:\/\/tourtravelandmore.com\/es\/tours\/bahrain-es\/bahrain-manama-es\/bahrain-excursiones-privadas-cruceros-es\/tour-privado-bahrain-con-guia-oficial-y-vehiculo\/"]}]},{"@type":"ImageObject","inLanguage":"es","@id":"https:\/\/tourtravelandmore.com\/es\/tours\/bahrain-es\/bahrain-manama-es\/bahrain-excursiones-privadas-cruceros-es\/tour-privado-bahrain-con-guia-oficial-y-vehiculo\/#primaryimage","url":"https:\/\/tourtravelandmore.com\/wp-content\/uploads\/2020\/01\/bah1.jpg","contentUrl":"https:\/\/tourtravelandmore.com\/wp-content\/uploads\/2020\/01\/bah1.jpg","width":2048,"height":1365},{"@type":"BreadcrumbList","@id":"https:\/\/tourtravelandmore.com\/es\/tours\/bahrain-es\/bahrain-manama-es\/bahrain-excursiones-privadas-cruceros-es\/tour-privado-bahrain-con-guia-oficial-y-vehiculo\/#breadcrumb","itemListElement":[{"@type":"ListItem","position":1,"name":"Home","item":"https:\/\/tourtravelandmore.com\/es\/"},{"@type":"ListItem","position":2,"name":"Tours","item":"https:\/\/tourtravelandmore.com\/es\/tours\/"},{"@type":"ListItem","position":3,"name":"Excursi\u00f3n de medio d\u00eda desde el Puerto de Cruceros en Bahrain"}]},{"@type":"WebSite","@id":"https:\/\/tourtravelandmore.com\/es\/#website","url":"https:\/\/tourtravelandmore.com\/es\/","name":"Tour Travel And More","description":"Private sightseeing tours and luxury transfers in Spain","publisher":{"@id":"https:\/\/tourtravelandmore.com\/es\/#organization"},"potentialAction":[{"@type":"SearchAction","target":{"@type":"EntryPoint","urlTemplate":"https:\/\/tourtravelandmore.com\/es\/?s={search_term_string}"},"query-input":{"@type":"PropertyValueSpecification","valueRequired":true,"valueName":"search_term_string"}}],"inLanguage":"es"},{"@type":"Organization","@id":"https:\/\/tourtravelandmore.com\/es\/#organization","name":"Tour Travel And More","url":"https:\/\/tourtravelandmore.com\/es\/","logo":{"@type":"ImageObject","inLanguage":"es","@id":"https:\/\/tourtravelandmore.com\/es\/#\/schema\/logo\/image\/","url":"https:\/\/tourtravelandmore.com\/wp-content\/uploads\/2022\/12\/cropped-logo-cabecera-new.png","contentUrl":"https:\/\/tourtravelandmore.com\/wp-content\/uploads\/2022\/12\/cropped-logo-cabecera-new.png","width":430,"height":61,"caption":"Tour Travel And More"},"image":{"@id":"https:\/\/tourtravelandmore.com\/es\/#\/schema\/logo\/image\/"},"sameAs":["https:\/\/www.facebook.com\/tourtravelandmore\/","https:\/\/x.com\/TourTravel_More"]}]}},"_links":{"self":[{"href":"https:\/\/tourtravelandmore.com\/es\/wp-json\/wp\/v2\/product\/73605","targetHints":{"allow":["GET"]}}],"collection":[{"href":"https:\/\/tourtravelandmore.com\/es\/wp-json\/wp\/v2\/product"}],"about":[{"href":"https:\/\/tourtravelandmore.com\/es\/wp-json\/wp\/v2\/types\/product"}],"replies":[{"embeddable":true,"href":"https:\/\/tourtravelandmore.com\/es\/wp-json\/wp\/v2\/comments?post=73605"}],"wp:featuredmedia":[{"embeddable":true,"href":"https:\/\/tourtravelandmore.com\/es\/wp-json\/wp\/v2\/media\/73553"}],"wp:attachment":[{"href":"https:\/\/tourtravelandmore.com\/es\/wp-json\/wp\/v2\/media?parent=73605"}],"wp:term":[{"taxonomy":"product_brand","embeddable":true,"href":"https:\/\/tourtravelandmore.com\/es\/wp-json\/wp\/v2\/product_brand?post=73605"},{"taxonomy":"product_cat","embeddable":true,"href":"https:\/\/tourtravelandmore.com\/es\/wp-json\/wp\/v2\/product_cat?post=73605"},{"taxonomy":"product_tag","embeddable":true,"href":"https:\/\/tourtravelandmore.com\/es\/wp-json\/wp\/v2\/product_tag?post=73605"}],"curies":[{"name":"wp","href":"https:\/\/api.w.org\/{rel}","templated":true}]}}