{"id":73543,"date":"2020-01-03T14:01:20","date_gmt":"2020-01-03T13:01:21","guid":{"rendered":"https:\/\/tourtravelandmore.com\/?post_type=product&#038;p=73543"},"modified":"2022-11-11T22:12:00","modified_gmt":"2022-11-11T21:12:00","slug":"tour-privado-burgos-tour-privado-con-guia-oficial","status":"publish","type":"product","link":"https:\/\/tourtravelandmore.com\/es\/tours\/espana-es\/burgos-es\/burgos-actividades-es\/tour-privado-burgos-tour-privado-con-guia-oficial\/","title":{"rendered":"Tour privado a pie en Burgos con gu\u00eda tur\u00edstico oficial"},"content":{"rendered":"<h2>Tour privado a pie en Burgos con gu\u00eda tur\u00edstico oficial<\/h2>\n<p>Disfruta de este tour privado Burgos a pie con gu\u00eda oficial. Descubre la ciudad, sus monumentos y Historia.<\/p>\n<p>La duraci\u00f3n del tour privado Burgos es de 3 horas. Este tour pueden escoger la hora y lugar de comienzo. Si su Hotel se encuentra muy alejado del centro hist\u00f3rico, le indicaremos un punto de encuentro en el centro.<\/p>\n<p>A trav\u00e9s del formulario de contacto pueden solicitar informaci\u00f3n y nuestro equipo le enviar\u00e1 de forma detallada la informaci\u00f3n.<\/p>\n<h2>Puntos de inter\u00e9s en el Tour privado a pie en Burgos con gu\u00eda tur\u00edstico oficial<\/h2>\n<p>El primer sitio descubriremos <strong>la Catedral G\u00f3tica o<\/strong> <a href=\"https:\/\/es.wikipedia.org\/wiki\/Catedral_de_Burgos\"><strong>Catedral de Santa Mar\u00eda<\/strong> de Burgos<\/a>. Este fue el primer monumento en su estilo en toda la Pen\u00ednsula ib\u00e9rica que data de 1.221, hoy es reconocido por la UNESCO como Patrimonio de la Humanidad. Al contemplarla, sabr\u00e1 por qu\u00e9 esta hermosa estructura es considerada por sus habitantes como \u201cla joya de la ciudad\u201d.<\/p>\n<p>Nuestro tour privado a pie en Burgos incluye las entradas a este templo religioso.<\/p>\n<p>La segunda parada en este corto recorrido sugerida por nuestro gu\u00eda oficial, es la <strong>Iglesia de San Nicol\u00e1s de Bari<\/strong>, ubicada justo al lado de la Catedral. Un hermoso templo cat\u00f3lico que data del a\u00f1o 1408 y que conserva un retablo extraordinario, considerado un monumento del arte del Renacimiento Castellano.<\/p>\n<p>No muy lejos de la Catedral, se encuentra<strong> la Plaza del Rey San Fernando<\/strong>, donde podr\u00e1 admirar el conocido<strong> Arco de Santa Mar\u00eda<\/strong> convertido hoy en d\u00eda en un centro cultural de gran importancia para la ciudad. Su construcci\u00f3n data de los siglos XIV y XV.<\/p>\n<p>Desde all\u00ed, nuestro gu\u00eda oficial privado, lo llevar\u00e1 hacia el <strong>Monasterio de Santa Mar\u00eda la Real de Las Huelgas<\/strong>, fundado en 1187. Este lugar le impresionar\u00e1 si es usted un aficionado al arte y la historia medieval.<\/p>\n<p>No podr\u00e1 terminar este tour privado a pie en Burgos, sin antes visitar las <strong>ruinas del Castillo de Burgos<\/strong> situado en el Cerro San Miguel, con una construcci\u00f3n que data del a\u00f1o 884. En este sitio es poco lo que ha quedado de pie despu\u00e9s de haber enfrentado los estragos de las guerras durante m\u00e1s de 1000 a\u00f1os.<\/p>\n<p>Durante este tour por el centro de la ciudad de Burgos, podr\u00e1 admirar los espacios verdes como el <strong>Paseo del Espol\u00f3n<\/strong>, con numerosos \u00e1rboles y jardines, rodeado de edificios de distintas \u00e9pocas.<\/p>\n","protected":false},"excerpt":{"rendered":"<p>Disfrute de este\u00a0tour privado a pie en la ciudad de\u00a0Burgos con vuestro gu\u00eda privado oficial\u00a0gu\u00eda oficial. Aproveche la oportunidad de visitar la hermosa Catedral, Plaza del Rey San Fernando, la Iglesia de San Nicolas \u00a0y mucho m\u00e1s!<\/p>\n<p>&nbsp;<\/p>\n","protected":false},"featured_media":73576,"comment_status":"open","ping_status":"closed","template":"","meta":{"_acf_changed":false},"product_brand":[],"product_cat":[1596,1944,1945],"product_tag":[],"class_list":{"0":"post-73543","1":"product","2":"type-product","3":"status-publish","4":"has-post-thumbnail","6":"product_cat-espana-es","7":"product_cat-burgos-es","8":"product_cat-burgos-actividades-es","10":"first","11":"instock","12":"shipping-taxable","13":"purchasable","14":"product-type-simple"},"acf":[],"yoast_head":"<!-- This site is optimized with the Yoast SEO Premium plugin v25.3.1 (Yoast SEO v25.3.1) - https:\/\/yoast.com\/wordpress\/plugins\/seo\/ -->\n<title>\u27a1\ufe0f Tour privado Burgos | Tour Travel &amp; More<\/title>\n<meta name=\"description\" content=\"Disfruta de este tour privado Burgos con gu\u00eda oficial, podr\u00e1s recorrer las principales calles de la ciudad y conocer sus monumentos, como la Catedral \u2705\" \/>\n<meta name=\"robots\" content=\"index, follow, max-snippet:-1, max-image-preview:large, max-video-preview:-1\" \/>\n<link rel=\"canonical\" href=\"https:\/\/tourtravelandmore.com\/es\/tours\/espana-es\/burgos-es\/burgos-actividades-es\/tour-privado-burgos-tour-privado-con-guia-oficial\/\" \/>\n<meta property=\"og:locale\" content=\"es_ES\" \/>\n<meta property=\"og:type\" content=\"article\" \/>\n<meta property=\"og:title\" content=\"Tour privado a pie en Burgos con gu\u00eda tur\u00edstico oficial\" \/>\n<meta property=\"og:description\" content=\"Disfruta de este tour privado Burgos con gu\u00eda oficial, podr\u00e1s recorrer las principales calles de la ciudad y conocer sus monumentos, como la Catedral \u2705\" \/>\n<meta property=\"og:url\" content=\"https:\/\/tourtravelandmore.com\/es\/tours\/espana-es\/burgos-es\/burgos-actividades-es\/tour-privado-burgos-tour-privado-con-guia-oficial\/\" \/>\n<meta property=\"og:site_name\" content=\"Tour Travel And More\" \/>\n<meta property=\"article:publisher\" content=\"https:\/\/www.facebook.com\/tourtravelandmore\/\" \/>\n<meta property=\"article:modified_time\" content=\"2022-11-11T21:12:00+00:00\" \/>\n<meta property=\"og:image\" content=\"https:\/\/tourtravelandmore.com\/wp-content\/uploads\/2020\/01\/Burgos_Cathedral_Needles.jpg\" \/>\n\t<meta property=\"og:image:width\" content=\"2048\" \/>\n\t<meta property=\"og:image:height\" content=\"1536\" \/>\n\t<meta property=\"og:image:type\" content=\"image\/jpeg\" \/>\n<meta name=\"twitter:card\" content=\"summary_large_image\" \/>\n<meta name=\"twitter:site\" content=\"@TourTravel_More\" \/>\n<meta name=\"twitter:label1\" content=\"Tiempo de lectura\" \/>\n\t<meta name=\"twitter:data1\" content=\"2 minutos\" \/>\n<script type=\"application\/ld+json\" class=\"yoast-schema-graph\">{\"@context\":\"https:\/\/schema.org\",\"@graph\":[{\"@type\":\"WebPage\",\"@id\":\"https:\/\/tourtravelandmore.com\/es\/tours\/espana-es\/burgos-es\/burgos-actividades-es\/tour-privado-burgos-tour-privado-con-guia-oficial\/\",\"url\":\"https:\/\/tourtravelandmore.com\/es\/tours\/espana-es\/burgos-es\/burgos-actividades-es\/tour-privado-burgos-tour-privado-con-guia-oficial\/\",\"name\":\"\u27a1\ufe0f Tour privado Burgos | Tour Travel & More\",\"isPartOf\":{\"@id\":\"https:\/\/tourtravelandmore.com\/es\/#website\"},\"primaryImageOfPage\":{\"@id\":\"https:\/\/tourtravelandmore.com\/es\/tours\/espana-es\/burgos-es\/burgos-actividades-es\/tour-privado-burgos-tour-privado-con-guia-oficial\/#primaryimage\"},\"image\":{\"@id\":\"https:\/\/tourtravelandmore.com\/es\/tours\/espana-es\/burgos-es\/burgos-actividades-es\/tour-privado-burgos-tour-privado-con-guia-oficial\/#primaryimage\"},\"thumbnailUrl\":\"https:\/\/tourtravelandmore.com\/wp-content\/uploads\/2020\/01\/Burgos_Cathedral_Needles.jpg\",\"datePublished\":\"2020-01-03T13:01:21+00:00\",\"dateModified\":\"2022-11-11T21:12:00+00:00\",\"description\":\"Disfruta de este tour privado Burgos con gu\u00eda oficial, podr\u00e1s recorrer las principales calles de la ciudad y conocer sus monumentos, como la Catedral \u2705\",\"breadcrumb\":{\"@id\":\"https:\/\/tourtravelandmore.com\/es\/tours\/espana-es\/burgos-es\/burgos-actividades-es\/tour-privado-burgos-tour-privado-con-guia-oficial\/#breadcrumb\"},\"inLanguage\":\"es\",\"potentialAction\":[{\"@type\":\"ReadAction\",\"target\":[\"https:\/\/tourtravelandmore.com\/es\/tours\/espana-es\/burgos-es\/burgos-actividades-es\/tour-privado-burgos-tour-privado-con-guia-oficial\/\"]}]},{\"@type\":\"ImageObject\",\"inLanguage\":\"es\",\"@id\":\"https:\/\/tourtravelandmore.com\/es\/tours\/espana-es\/burgos-es\/burgos-actividades-es\/tour-privado-burgos-tour-privado-con-guia-oficial\/#primaryimage\",\"url\":\"https:\/\/tourtravelandmore.com\/wp-content\/uploads\/2020\/01\/Burgos_Cathedral_Needles.jpg\",\"contentUrl\":\"https:\/\/tourtravelandmore.com\/wp-content\/uploads\/2020\/01\/Burgos_Cathedral_Needles.jpg\",\"width\":2048,\"height\":1536},{\"@type\":\"BreadcrumbList\",\"@id\":\"https:\/\/tourtravelandmore.com\/es\/tours\/espana-es\/burgos-es\/burgos-actividades-es\/tour-privado-burgos-tour-privado-con-guia-oficial\/#breadcrumb\",\"itemListElement\":[{\"@type\":\"ListItem\",\"position\":1,\"name\":\"Home\",\"item\":\"https:\/\/tourtravelandmore.com\/es\/\"},{\"@type\":\"ListItem\",\"position\":2,\"name\":\"Tours\",\"item\":\"https:\/\/tourtravelandmore.com\/es\/tours\/\"},{\"@type\":\"ListItem\",\"position\":3,\"name\":\"Tour privado a pie en Burgos con gu\u00eda tur\u00edstico oficial\"}]},{\"@type\":\"WebSite\",\"@id\":\"https:\/\/tourtravelandmore.com\/es\/#website\",\"url\":\"https:\/\/tourtravelandmore.com\/es\/\",\"name\":\"Tour Travel And More\",\"description\":\"Private sightseeing tours and luxury transfers in Spain\",\"publisher\":{\"@id\":\"https:\/\/tourtravelandmore.com\/es\/#organization\"},\"potentialAction\":[{\"@type\":\"SearchAction\",\"target\":{\"@type\":\"EntryPoint\",\"urlTemplate\":\"https:\/\/tourtravelandmore.com\/es\/?s={search_term_string}\"},\"query-input\":{\"@type\":\"PropertyValueSpecification\",\"valueRequired\":true,\"valueName\":\"search_term_string\"}}],\"inLanguage\":\"es\"},{\"@type\":\"Organization\",\"@id\":\"https:\/\/tourtravelandmore.com\/es\/#organization\",\"name\":\"Tour Travel And More\",\"url\":\"https:\/\/tourtravelandmore.com\/es\/\",\"logo\":{\"@type\":\"ImageObject\",\"inLanguage\":\"es\",\"@id\":\"https:\/\/tourtravelandmore.com\/es\/#\/schema\/logo\/image\/\",\"url\":\"https:\/\/tourtravelandmore.com\/wp-content\/uploads\/2022\/12\/cropped-logo-cabecera-new.png\",\"contentUrl\":\"https:\/\/tourtravelandmore.com\/wp-content\/uploads\/2022\/12\/cropped-logo-cabecera-new.png\",\"width\":430,\"height\":61,\"caption\":\"Tour Travel And More\"},\"image\":{\"@id\":\"https:\/\/tourtravelandmore.com\/es\/#\/schema\/logo\/image\/\"},\"sameAs\":[\"https:\/\/www.facebook.com\/tourtravelandmore\/\",\"https:\/\/x.com\/TourTravel_More\"]}]}<\/script>\n<!-- \/ Yoast SEO Premium plugin. -->","yoast_head_json":{"title":"\u27a1\ufe0f Tour privado Burgos | Tour Travel & More","description":"Disfruta de este tour privado Burgos con gu\u00eda oficial, podr\u00e1s recorrer las principales calles de la ciudad y conocer sus monumentos, como la Catedral \u2705","robots":{"index":"index","follow":"follow","max-snippet":"max-snippet:-1","max-image-preview":"max-image-preview:large","max-video-preview":"max-video-preview:-1"},"canonical":"https:\/\/tourtravelandmore.com\/es\/tours\/espana-es\/burgos-es\/burgos-actividades-es\/tour-privado-burgos-tour-privado-con-guia-oficial\/","og_locale":"es_ES","og_type":"article","og_title":"Tour privado a pie en Burgos con gu\u00eda tur\u00edstico oficial","og_description":"Disfruta de este tour privado Burgos con gu\u00eda oficial, podr\u00e1s recorrer las principales calles de la ciudad y conocer sus monumentos, como la Catedral \u2705","og_url":"https:\/\/tourtravelandmore.com\/es\/tours\/espana-es\/burgos-es\/burgos-actividades-es\/tour-privado-burgos-tour-privado-con-guia-oficial\/","og_site_name":"Tour Travel And More","article_publisher":"https:\/\/www.facebook.com\/tourtravelandmore\/","article_modified_time":"2022-11-11T21:12:00+00:00","og_image":[{"width":2048,"height":1536,"url":"https:\/\/tourtravelandmore.com\/wp-content\/uploads\/2020\/01\/Burgos_Cathedral_Needles.jpg","type":"image\/jpeg"}],"twitter_card":"summary_large_image","twitter_site":"@TourTravel_More","twitter_misc":{"Tiempo de lectura":"2 minutos"},"schema":{"@context":"https:\/\/schema.org","@graph":[{"@type":"WebPage","@id":"https:\/\/tourtravelandmore.com\/es\/tours\/espana-es\/burgos-es\/burgos-actividades-es\/tour-privado-burgos-tour-privado-con-guia-oficial\/","url":"https:\/\/tourtravelandmore.com\/es\/tours\/espana-es\/burgos-es\/burgos-actividades-es\/tour-privado-burgos-tour-privado-con-guia-oficial\/","name":"\u27a1\ufe0f Tour privado Burgos | Tour Travel & More","isPartOf":{"@id":"https:\/\/tourtravelandmore.com\/es\/#website"},"primaryImageOfPage":{"@id":"https:\/\/tourtravelandmore.com\/es\/tours\/espana-es\/burgos-es\/burgos-actividades-es\/tour-privado-burgos-tour-privado-con-guia-oficial\/#primaryimage"},"image":{"@id":"https:\/\/tourtravelandmore.com\/es\/tours\/espana-es\/burgos-es\/burgos-actividades-es\/tour-privado-burgos-tour-privado-con-guia-oficial\/#primaryimage"},"thumbnailUrl":"https:\/\/tourtravelandmore.com\/wp-content\/uploads\/2020\/01\/Burgos_Cathedral_Needles.jpg","datePublished":"2020-01-03T13:01:21+00:00","dateModified":"2022-11-11T21:12:00+00:00","description":"Disfruta de este tour privado Burgos con gu\u00eda oficial, podr\u00e1s recorrer las principales calles de la ciudad y conocer sus monumentos, como la Catedral \u2705","breadcrumb":{"@id":"https:\/\/tourtravelandmore.com\/es\/tours\/espana-es\/burgos-es\/burgos-actividades-es\/tour-privado-burgos-tour-privado-con-guia-oficial\/#breadcrumb"},"inLanguage":"es","potentialAction":[{"@type":"ReadAction","target":["https:\/\/tourtravelandmore.com\/es\/tours\/espana-es\/burgos-es\/burgos-actividades-es\/tour-privado-burgos-tour-privado-con-guia-oficial\/"]}]},{"@type":"ImageObject","inLanguage":"es","@id":"https:\/\/tourtravelandmore.com\/es\/tours\/espana-es\/burgos-es\/burgos-actividades-es\/tour-privado-burgos-tour-privado-con-guia-oficial\/#primaryimage","url":"https:\/\/tourtravelandmore.com\/wp-content\/uploads\/2020\/01\/Burgos_Cathedral_Needles.jpg","contentUrl":"https:\/\/tourtravelandmore.com\/wp-content\/uploads\/2020\/01\/Burgos_Cathedral_Needles.jpg","width":2048,"height":1536},{"@type":"BreadcrumbList","@id":"https:\/\/tourtravelandmore.com\/es\/tours\/espana-es\/burgos-es\/burgos-actividades-es\/tour-privado-burgos-tour-privado-con-guia-oficial\/#breadcrumb","itemListElement":[{"@type":"ListItem","position":1,"name":"Home","item":"https:\/\/tourtravelandmore.com\/es\/"},{"@type":"ListItem","position":2,"name":"Tours","item":"https:\/\/tourtravelandmore.com\/es\/tours\/"},{"@type":"ListItem","position":3,"name":"Tour privado a pie en Burgos con gu\u00eda tur\u00edstico oficial"}]},{"@type":"WebSite","@id":"https:\/\/tourtravelandmore.com\/es\/#website","url":"https:\/\/tourtravelandmore.com\/es\/","name":"Tour Travel And More","description":"Private sightseeing tours and luxury transfers in Spain","publisher":{"@id":"https:\/\/tourtravelandmore.com\/es\/#organization"},"potentialAction":[{"@type":"SearchAction","target":{"@type":"EntryPoint","urlTemplate":"https:\/\/tourtravelandmore.com\/es\/?s={search_term_string}"},"query-input":{"@type":"PropertyValueSpecification","valueRequired":true,"valueName":"search_term_string"}}],"inLanguage":"es"},{"@type":"Organization","@id":"https:\/\/tourtravelandmore.com\/es\/#organization","name":"Tour Travel And More","url":"https:\/\/tourtravelandmore.com\/es\/","logo":{"@type":"ImageObject","inLanguage":"es","@id":"https:\/\/tourtravelandmore.com\/es\/#\/schema\/logo\/image\/","url":"https:\/\/tourtravelandmore.com\/wp-content\/uploads\/2022\/12\/cropped-logo-cabecera-new.png","contentUrl":"https:\/\/tourtravelandmore.com\/wp-content\/uploads\/2022\/12\/cropped-logo-cabecera-new.png","width":430,"height":61,"caption":"Tour Travel And More"},"image":{"@id":"https:\/\/tourtravelandmore.com\/es\/#\/schema\/logo\/image\/"},"sameAs":["https:\/\/www.facebook.com\/tourtravelandmore\/","https:\/\/x.com\/TourTravel_More"]}]}},"_links":{"self":[{"href":"https:\/\/tourtravelandmore.com\/es\/wp-json\/wp\/v2\/product\/73543","targetHints":{"allow":["GET"]}}],"collection":[{"href":"https:\/\/tourtravelandmore.com\/es\/wp-json\/wp\/v2\/product"}],"about":[{"href":"https:\/\/tourtravelandmore.com\/es\/wp-json\/wp\/v2\/types\/product"}],"replies":[{"embeddable":true,"href":"https:\/\/tourtravelandmore.com\/es\/wp-json\/wp\/v2\/comments?post=73543"}],"wp:featuredmedia":[{"embeddable":true,"href":"https:\/\/tourtravelandmore.com\/es\/wp-json\/wp\/v2\/media\/73576"}],"wp:attachment":[{"href":"https:\/\/tourtravelandmore.com\/es\/wp-json\/wp\/v2\/media?parent=73543"}],"wp:term":[{"taxonomy":"product_brand","embeddable":true,"href":"https:\/\/tourtravelandmore.com\/es\/wp-json\/wp\/v2\/product_brand?post=73543"},{"taxonomy":"product_cat","embeddable":true,"href":"https:\/\/tourtravelandmore.com\/es\/wp-json\/wp\/v2\/product_cat?post=73543"},{"taxonomy":"product_tag","embeddable":true,"href":"https:\/\/tourtravelandmore.com\/es\/wp-json\/wp\/v2\/product_tag?post=73543"}],"curies":[{"name":"wp","href":"https:\/\/api.w.org\/{rel}","templated":true}]}}