{"id":73531,"date":"2020-01-03T13:50:21","date_gmt":"2020-01-03T12:50:22","guid":{"rendered":"https:\/\/tourtravelandmore.com\/?post_type=product&#038;p=73531"},"modified":"2026-02-23T14:51:28","modified_gmt":"2026-02-23T13:51:28","slug":"tour-bahrain-con-guia-oficial-y-vehiculo-tour-privado-bahrain","status":"publish","type":"product","link":"https:\/\/tourtravelandmore.com\/es\/tours\/bahrain-es\/bahrain-manama-es\/bahrain-excursiones-privadas-cruceros-es\/tour-bahrain-con-guia-oficial-y-vehiculo-tour-privado-bahrain\/","title":{"rendered":"Excursi\u00f3n de d\u00eda completo desde el Puerto de Cruceros en Bahrain"},"content":{"rendered":"<h2>Descripci\u00f3n de la Excursi\u00f3n de d\u00eda completa desde el Puerto de Cruceros en Bahrain<\/h2>\n<p>En este <strong>tour Bahrain con gu\u00eda oficial y veh\u00edculo privado<\/strong>, podr\u00e1n explorar sus maravillosas mezquitas, su deslumbrante naturaleza y sus milenarias fortalezas.<\/p>\n<p>La duraci\u00f3n de este <strong>tour Bahrain <\/strong>es de 8 horas. Al ser un tour privado, pueden escoger la hora y lugar de comienzo.<\/p>\n<p>Ubicado a orillas del golfo P\u00e9rsico, <strong>Bahr\u00e9in es uno de los emiratos independientes <\/strong>que ha sabido extraer una riqueza incalculable de los combustibles f\u00f3siles que hay en esta regi\u00f3n del mundo. Y con ello ha modernizado de una manera incre\u00edble sus territorios.<\/p>\n<p>Si su crucero va a parar en m\u00e1s puertos, podemos organizarle m\u00e1s excursiones, puede consultar <a href=\"https:\/\/tourtravelandmore.com\/es\/tours\/\"><strong>aqui<\/strong><\/a> el resto de destinos d\u00f3nde operamos. Solo nos tiene que escribir a trav\u00e9s del formulario de los tours y le enviaremos la informaci\u00f3n detallada.<\/p>\n<h2>Puntos de inter\u00e9s en la Excursi\u00f3n\u00a0de d\u00eda completo desde el Puerto de Cruceros en Bahrain<\/h2>\n<p>Durante su <strong>tour Bahrain con gu\u00eda oficial y veh\u00edculo privado<\/strong> de 8 horas descubrir\u00e9is algunos de los sitios m\u00e1s emblem\u00e1ticos de <b>Bahrain <\/b>con su gu\u00eda local.<\/p>\n<p>Una vez que comience el tour podr\u00e1 visitar, entre otros, los siguientes lugares:<\/p>\n<p><strong>Fuerte de Bahrain<\/strong><br \/>\nLa edificaci\u00f3n tambi\u00e9n conocida como el fuerte portugu\u00e9s, fue construida en el a\u00f1o 1954, a\u00f1os despu\u00e9s un descubrimiento arqueol\u00f3gico fue hallado en el \u00e1rea. El Qal\u00b4at al-Bahrain es un hallazgo arqueol\u00f3gico que es considerado \u201cel sitio m\u00e1s importante en la antig\u00fcedad en Bahrain\u201d. Declarado Patrimonio de la Humanidad por la UNESCO en 2005, este asentamiento ofrece un contacto profundo con las antig\u00fcedades que testifican una presencia humana continua en el \u00e1rea desde el a\u00f1o 2300 AC hasta el siglo 16 DC.<\/p>\n<p><strong>Granja de Camellos de Bahrain<\/strong><br \/>\nConozca en profundidad uno de los animales m\u00e1s preciados de la cultura de Bahrain cuando visite esta granja, casa de m\u00e1s de 600 camellos. Creada por el rey de Bahrain, esta granja es un verdadero centro de preservaci\u00f3n que cuida de uno de los patrimonios tradicionales m\u00e1s importantes del reino.<\/p>\n<p><strong>Calzada del Rey Fahad<\/strong><br \/>\nDisfrute del paseo sobre el agua cuando atraviese los puentes y las calzadas elevadas que conectan Arabia Saudita de las islas de Bahrein.<\/p>\n<p><strong>Bahrain WTC<\/strong><br \/>\nSituadas en Manama, estas torres gemelas de 50 pisos son uno de los puntos de atracci\u00f3n m\u00e1s populares en Bahrain. Terminado en el a\u00f1o 2008 este rascacielos es el primero que integra turbinas de viento en sus dise\u00f1os, mostrando un compromiso para aumentar la conciencia global sobre los dise\u00f1os sustentables.<\/p>\n<p><strong>Mercado de Manama<\/strong><br \/>\nSi\u00e9ntase parte de la antigua cultura Manami cuando visite este hist\u00f3rico bazar. Remodelado una sola vez desde su construcci\u00f3n original, puede elegir si quiere visitar la nueva secci\u00f3n, peatonal, o si quiere visitar el \u00e1rea antigua, con carreteras para autos y senderos para los peatones. Preparaos para regatear todo, desde productos electr\u00f3nicos hasta pipas de shisha.<\/p>\n<p><strong>Museo Nacional de Bahrain<br \/>\n<\/strong>Inaugurado en 1988 y emplazado en un edificio postmoderno, el museo es una extraordinaria representaci\u00f3n de la historia de Bahrain. Dividido en diferentes salones, conocer\u00e1 la historia de Dilmun, una civilizaci\u00f3n que h\u00e1bito este suelo desde el a\u00f1o 5000 AC hasta el a\u00f1o 400 AC, tambi\u00e9n se pondr\u00e1 en contacto con piezas de Tylos e Isl\u00e1micas, finalmente visitar\u00e1 el Sal\u00f3n de Historia Natural donde explorar\u00e1 la flora y la fauna de Bahrain.<\/p>\n<p><strong>Gran Mezquita Al Fateh<\/strong><br \/>\nCon una capacidad de m\u00e1s de 7.000 fieles al mismo tiempo, este centro Isl\u00e1mico es uno de los m\u00e1s grandes del mundo. Construido con materiales tra\u00eddos de Italia, Austria e India, esta majestuosa Mezquita es la \u00fanica capaz de recibir visitantes de cualquier religi\u00f3n.<\/p>\n","protected":false},"excerpt":{"rendered":"<p>Los cruceros te dan la oportunidad de visitar diferentes ciudades alrededor del mundo. Disfrute de esta e<strong>xcursi\u00f3n privada de d\u00eda completo desde el puerto de cruceros de Bahrein<\/strong>. Aproveche esta oportunidad para visitar el maravilloso <strong>Fuerte de Bahrein<\/strong>, el <strong>Museo Nacional de Bahrein<\/strong>, el <strong>Mercado de Manama<\/strong> y muchos otros lugares fant\u00e1sticos.<\/p>\n","protected":false},"featured_media":73557,"comment_status":"open","ping_status":"closed","template":"","meta":{"_acf_changed":false},"product_brand":[],"product_cat":[2000,2001,2003,2002,1602],"product_tag":[],"class_list":{"0":"post-73531","1":"product","2":"type-product","3":"status-publish","4":"has-post-thumbnail","6":"product_cat-bahrain-es","7":"product_cat-bahrain-manama-es","8":"product_cat-bahrain-actividades-es","9":"product_cat-bahrain-excursiones-privadas-cruceros-es","10":"product_cat-eeuu-es","12":"first","13":"instock","14":"shipping-taxable","15":"purchasable","16":"product-type-simple"},"acf":[],"yoast_head":"<!-- This site is optimized with the Yoast SEO Premium plugin v25.3.1 (Yoast SEO v25.3.1) - https:\/\/yoast.com\/wordpress\/plugins\/seo\/ -->\n<title>\u27a1\ufe0f Tour Bahrain con guia oficial y vehiculo | Tour Travel &amp; More<\/title>\n<meta name=\"description\" content=\"Reserve este tour Bahrain con guia y vehiculo, para explorar sus mezquitas, sus deslumbrante naturaleza y sus milenarias fortalezas \u2705\" \/>\n<meta name=\"robots\" content=\"index, follow, max-snippet:-1, max-image-preview:large, max-video-preview:-1\" \/>\n<link rel=\"canonical\" href=\"https:\/\/tourtravelandmore.com\/es\/tours\/bahrain-es\/bahrain-manama-es\/bahrain-excursiones-privadas-cruceros-es\/tour-bahrain-con-guia-oficial-y-vehiculo-tour-privado-bahrain\/\" \/>\n<meta property=\"og:locale\" content=\"es_ES\" \/>\n<meta property=\"og:type\" content=\"article\" \/>\n<meta property=\"og:title\" content=\"Excursi\u00f3n de d\u00eda completo desde el Puerto de Cruceros en Bahrain\" \/>\n<meta property=\"og:description\" content=\"Reserve este tour Bahrain con guia y vehiculo, para explorar sus mezquitas, sus deslumbrante naturaleza y sus milenarias fortalezas \u2705\" \/>\n<meta property=\"og:url\" content=\"https:\/\/tourtravelandmore.com\/es\/tours\/bahrain-es\/bahrain-manama-es\/bahrain-excursiones-privadas-cruceros-es\/tour-bahrain-con-guia-oficial-y-vehiculo-tour-privado-bahrain\/\" \/>\n<meta property=\"og:site_name\" content=\"Tour Travel And More\" \/>\n<meta property=\"article:publisher\" content=\"https:\/\/www.facebook.com\/tourtravelandmore\/\" \/>\n<meta property=\"article:modified_time\" content=\"2026-02-23T13:51:28+00:00\" \/>\n<meta property=\"og:image\" content=\"https:\/\/tourtravelandmore.com\/wp-content\/uploads\/2020\/01\/bah3.jpg\" \/>\n\t<meta property=\"og:image:width\" content=\"1024\" \/>\n\t<meta property=\"og:image:height\" content=\"768\" \/>\n\t<meta property=\"og:image:type\" content=\"image\/jpeg\" \/>\n<meta name=\"twitter:card\" content=\"summary_large_image\" \/>\n<meta name=\"twitter:site\" content=\"@TourTravel_More\" \/>\n<meta name=\"twitter:label1\" content=\"Tiempo de lectura\" \/>\n\t<meta name=\"twitter:data1\" content=\"3 minutos\" \/>\n<script type=\"application\/ld+json\" class=\"yoast-schema-graph\">{\"@context\":\"https:\/\/schema.org\",\"@graph\":[{\"@type\":\"WebPage\",\"@id\":\"https:\/\/tourtravelandmore.com\/es\/tours\/bahrain-es\/bahrain-manama-es\/bahrain-excursiones-privadas-cruceros-es\/tour-bahrain-con-guia-oficial-y-vehiculo-tour-privado-bahrain\/\",\"url\":\"https:\/\/tourtravelandmore.com\/es\/tours\/bahrain-es\/bahrain-manama-es\/bahrain-excursiones-privadas-cruceros-es\/tour-bahrain-con-guia-oficial-y-vehiculo-tour-privado-bahrain\/\",\"name\":\"\u27a1\ufe0f Tour Bahrain con guia oficial y vehiculo | Tour Travel & More\",\"isPartOf\":{\"@id\":\"https:\/\/tourtravelandmore.com\/es\/#website\"},\"primaryImageOfPage\":{\"@id\":\"https:\/\/tourtravelandmore.com\/es\/tours\/bahrain-es\/bahrain-manama-es\/bahrain-excursiones-privadas-cruceros-es\/tour-bahrain-con-guia-oficial-y-vehiculo-tour-privado-bahrain\/#primaryimage\"},\"image\":{\"@id\":\"https:\/\/tourtravelandmore.com\/es\/tours\/bahrain-es\/bahrain-manama-es\/bahrain-excursiones-privadas-cruceros-es\/tour-bahrain-con-guia-oficial-y-vehiculo-tour-privado-bahrain\/#primaryimage\"},\"thumbnailUrl\":\"https:\/\/tourtravelandmore.com\/wp-content\/uploads\/2020\/01\/bah3.jpg\",\"datePublished\":\"2020-01-03T12:50:22+00:00\",\"dateModified\":\"2026-02-23T13:51:28+00:00\",\"description\":\"Reserve este tour Bahrain con guia y vehiculo, para explorar sus mezquitas, sus deslumbrante naturaleza y sus milenarias fortalezas \u2705\",\"breadcrumb\":{\"@id\":\"https:\/\/tourtravelandmore.com\/es\/tours\/bahrain-es\/bahrain-manama-es\/bahrain-excursiones-privadas-cruceros-es\/tour-bahrain-con-guia-oficial-y-vehiculo-tour-privado-bahrain\/#breadcrumb\"},\"inLanguage\":\"es\",\"potentialAction\":[{\"@type\":\"ReadAction\",\"target\":[\"https:\/\/tourtravelandmore.com\/es\/tours\/bahrain-es\/bahrain-manama-es\/bahrain-excursiones-privadas-cruceros-es\/tour-bahrain-con-guia-oficial-y-vehiculo-tour-privado-bahrain\/\"]}]},{\"@type\":\"ImageObject\",\"inLanguage\":\"es\",\"@id\":\"https:\/\/tourtravelandmore.com\/es\/tours\/bahrain-es\/bahrain-manama-es\/bahrain-excursiones-privadas-cruceros-es\/tour-bahrain-con-guia-oficial-y-vehiculo-tour-privado-bahrain\/#primaryimage\",\"url\":\"https:\/\/tourtravelandmore.com\/wp-content\/uploads\/2020\/01\/bah3.jpg\",\"contentUrl\":\"https:\/\/tourtravelandmore.com\/wp-content\/uploads\/2020\/01\/bah3.jpg\",\"width\":1024,\"height\":768},{\"@type\":\"BreadcrumbList\",\"@id\":\"https:\/\/tourtravelandmore.com\/es\/tours\/bahrain-es\/bahrain-manama-es\/bahrain-excursiones-privadas-cruceros-es\/tour-bahrain-con-guia-oficial-y-vehiculo-tour-privado-bahrain\/#breadcrumb\",\"itemListElement\":[{\"@type\":\"ListItem\",\"position\":1,\"name\":\"Home\",\"item\":\"https:\/\/tourtravelandmore.com\/es\/\"},{\"@type\":\"ListItem\",\"position\":2,\"name\":\"Tours\",\"item\":\"https:\/\/tourtravelandmore.com\/es\/tours\/\"},{\"@type\":\"ListItem\",\"position\":3,\"name\":\"Excursi\u00f3n de d\u00eda completo desde el Puerto de Cruceros en Bahrain\"}]},{\"@type\":\"WebSite\",\"@id\":\"https:\/\/tourtravelandmore.com\/es\/#website\",\"url\":\"https:\/\/tourtravelandmore.com\/es\/\",\"name\":\"Tour Travel And More\",\"description\":\"Private sightseeing tours and luxury transfers in Spain\",\"publisher\":{\"@id\":\"https:\/\/tourtravelandmore.com\/es\/#organization\"},\"potentialAction\":[{\"@type\":\"SearchAction\",\"target\":{\"@type\":\"EntryPoint\",\"urlTemplate\":\"https:\/\/tourtravelandmore.com\/es\/?s={search_term_string}\"},\"query-input\":{\"@type\":\"PropertyValueSpecification\",\"valueRequired\":true,\"valueName\":\"search_term_string\"}}],\"inLanguage\":\"es\"},{\"@type\":\"Organization\",\"@id\":\"https:\/\/tourtravelandmore.com\/es\/#organization\",\"name\":\"Tour Travel And More\",\"url\":\"https:\/\/tourtravelandmore.com\/es\/\",\"logo\":{\"@type\":\"ImageObject\",\"inLanguage\":\"es\",\"@id\":\"https:\/\/tourtravelandmore.com\/es\/#\/schema\/logo\/image\/\",\"url\":\"https:\/\/tourtravelandmore.com\/wp-content\/uploads\/2022\/12\/cropped-logo-cabecera-new.png\",\"contentUrl\":\"https:\/\/tourtravelandmore.com\/wp-content\/uploads\/2022\/12\/cropped-logo-cabecera-new.png\",\"width\":430,\"height\":61,\"caption\":\"Tour Travel And More\"},\"image\":{\"@id\":\"https:\/\/tourtravelandmore.com\/es\/#\/schema\/logo\/image\/\"},\"sameAs\":[\"https:\/\/www.facebook.com\/tourtravelandmore\/\",\"https:\/\/x.com\/TourTravel_More\"]}]}<\/script>\n<!-- \/ Yoast SEO Premium plugin. -->","yoast_head_json":{"title":"\u27a1\ufe0f Tour Bahrain con guia oficial y vehiculo | Tour Travel & More","description":"Reserve este tour Bahrain con guia y vehiculo, para explorar sus mezquitas, sus deslumbrante naturaleza y sus milenarias fortalezas \u2705","robots":{"index":"index","follow":"follow","max-snippet":"max-snippet:-1","max-image-preview":"max-image-preview:large","max-video-preview":"max-video-preview:-1"},"canonical":"https:\/\/tourtravelandmore.com\/es\/tours\/bahrain-es\/bahrain-manama-es\/bahrain-excursiones-privadas-cruceros-es\/tour-bahrain-con-guia-oficial-y-vehiculo-tour-privado-bahrain\/","og_locale":"es_ES","og_type":"article","og_title":"Excursi\u00f3n de d\u00eda completo desde el Puerto de Cruceros en Bahrain","og_description":"Reserve este tour Bahrain con guia y vehiculo, para explorar sus mezquitas, sus deslumbrante naturaleza y sus milenarias fortalezas \u2705","og_url":"https:\/\/tourtravelandmore.com\/es\/tours\/bahrain-es\/bahrain-manama-es\/bahrain-excursiones-privadas-cruceros-es\/tour-bahrain-con-guia-oficial-y-vehiculo-tour-privado-bahrain\/","og_site_name":"Tour Travel And More","article_publisher":"https:\/\/www.facebook.com\/tourtravelandmore\/","article_modified_time":"2026-02-23T13:51:28+00:00","og_image":[{"width":1024,"height":768,"url":"https:\/\/tourtravelandmore.com\/wp-content\/uploads\/2020\/01\/bah3.jpg","type":"image\/jpeg"}],"twitter_card":"summary_large_image","twitter_site":"@TourTravel_More","twitter_misc":{"Tiempo de lectura":"3 minutos"},"schema":{"@context":"https:\/\/schema.org","@graph":[{"@type":"WebPage","@id":"https:\/\/tourtravelandmore.com\/es\/tours\/bahrain-es\/bahrain-manama-es\/bahrain-excursiones-privadas-cruceros-es\/tour-bahrain-con-guia-oficial-y-vehiculo-tour-privado-bahrain\/","url":"https:\/\/tourtravelandmore.com\/es\/tours\/bahrain-es\/bahrain-manama-es\/bahrain-excursiones-privadas-cruceros-es\/tour-bahrain-con-guia-oficial-y-vehiculo-tour-privado-bahrain\/","name":"\u27a1\ufe0f Tour Bahrain con guia oficial y vehiculo | Tour Travel & More","isPartOf":{"@id":"https:\/\/tourtravelandmore.com\/es\/#website"},"primaryImageOfPage":{"@id":"https:\/\/tourtravelandmore.com\/es\/tours\/bahrain-es\/bahrain-manama-es\/bahrain-excursiones-privadas-cruceros-es\/tour-bahrain-con-guia-oficial-y-vehiculo-tour-privado-bahrain\/#primaryimage"},"image":{"@id":"https:\/\/tourtravelandmore.com\/es\/tours\/bahrain-es\/bahrain-manama-es\/bahrain-excursiones-privadas-cruceros-es\/tour-bahrain-con-guia-oficial-y-vehiculo-tour-privado-bahrain\/#primaryimage"},"thumbnailUrl":"https:\/\/tourtravelandmore.com\/wp-content\/uploads\/2020\/01\/bah3.jpg","datePublished":"2020-01-03T12:50:22+00:00","dateModified":"2026-02-23T13:51:28+00:00","description":"Reserve este tour Bahrain con guia y vehiculo, para explorar sus mezquitas, sus deslumbrante naturaleza y sus milenarias fortalezas \u2705","breadcrumb":{"@id":"https:\/\/tourtravelandmore.com\/es\/tours\/bahrain-es\/bahrain-manama-es\/bahrain-excursiones-privadas-cruceros-es\/tour-bahrain-con-guia-oficial-y-vehiculo-tour-privado-bahrain\/#breadcrumb"},"inLanguage":"es","potentialAction":[{"@type":"ReadAction","target":["https:\/\/tourtravelandmore.com\/es\/tours\/bahrain-es\/bahrain-manama-es\/bahrain-excursiones-privadas-cruceros-es\/tour-bahrain-con-guia-oficial-y-vehiculo-tour-privado-bahrain\/"]}]},{"@type":"ImageObject","inLanguage":"es","@id":"https:\/\/tourtravelandmore.com\/es\/tours\/bahrain-es\/bahrain-manama-es\/bahrain-excursiones-privadas-cruceros-es\/tour-bahrain-con-guia-oficial-y-vehiculo-tour-privado-bahrain\/#primaryimage","url":"https:\/\/tourtravelandmore.com\/wp-content\/uploads\/2020\/01\/bah3.jpg","contentUrl":"https:\/\/tourtravelandmore.com\/wp-content\/uploads\/2020\/01\/bah3.jpg","width":1024,"height":768},{"@type":"BreadcrumbList","@id":"https:\/\/tourtravelandmore.com\/es\/tours\/bahrain-es\/bahrain-manama-es\/bahrain-excursiones-privadas-cruceros-es\/tour-bahrain-con-guia-oficial-y-vehiculo-tour-privado-bahrain\/#breadcrumb","itemListElement":[{"@type":"ListItem","position":1,"name":"Home","item":"https:\/\/tourtravelandmore.com\/es\/"},{"@type":"ListItem","position":2,"name":"Tours","item":"https:\/\/tourtravelandmore.com\/es\/tours\/"},{"@type":"ListItem","position":3,"name":"Excursi\u00f3n de d\u00eda completo desde el Puerto de Cruceros en Bahrain"}]},{"@type":"WebSite","@id":"https:\/\/tourtravelandmore.com\/es\/#website","url":"https:\/\/tourtravelandmore.com\/es\/","name":"Tour Travel And More","description":"Private sightseeing tours and luxury transfers in Spain","publisher":{"@id":"https:\/\/tourtravelandmore.com\/es\/#organization"},"potentialAction":[{"@type":"SearchAction","target":{"@type":"EntryPoint","urlTemplate":"https:\/\/tourtravelandmore.com\/es\/?s={search_term_string}"},"query-input":{"@type":"PropertyValueSpecification","valueRequired":true,"valueName":"search_term_string"}}],"inLanguage":"es"},{"@type":"Organization","@id":"https:\/\/tourtravelandmore.com\/es\/#organization","name":"Tour Travel And More","url":"https:\/\/tourtravelandmore.com\/es\/","logo":{"@type":"ImageObject","inLanguage":"es","@id":"https:\/\/tourtravelandmore.com\/es\/#\/schema\/logo\/image\/","url":"https:\/\/tourtravelandmore.com\/wp-content\/uploads\/2022\/12\/cropped-logo-cabecera-new.png","contentUrl":"https:\/\/tourtravelandmore.com\/wp-content\/uploads\/2022\/12\/cropped-logo-cabecera-new.png","width":430,"height":61,"caption":"Tour Travel And More"},"image":{"@id":"https:\/\/tourtravelandmore.com\/es\/#\/schema\/logo\/image\/"},"sameAs":["https:\/\/www.facebook.com\/tourtravelandmore\/","https:\/\/x.com\/TourTravel_More"]}]}},"_links":{"self":[{"href":"https:\/\/tourtravelandmore.com\/es\/wp-json\/wp\/v2\/product\/73531","targetHints":{"allow":["GET"]}}],"collection":[{"href":"https:\/\/tourtravelandmore.com\/es\/wp-json\/wp\/v2\/product"}],"about":[{"href":"https:\/\/tourtravelandmore.com\/es\/wp-json\/wp\/v2\/types\/product"}],"replies":[{"embeddable":true,"href":"https:\/\/tourtravelandmore.com\/es\/wp-json\/wp\/v2\/comments?post=73531"}],"wp:featuredmedia":[{"embeddable":true,"href":"https:\/\/tourtravelandmore.com\/es\/wp-json\/wp\/v2\/media\/73557"}],"wp:attachment":[{"href":"https:\/\/tourtravelandmore.com\/es\/wp-json\/wp\/v2\/media?parent=73531"}],"wp:term":[{"taxonomy":"product_brand","embeddable":true,"href":"https:\/\/tourtravelandmore.com\/es\/wp-json\/wp\/v2\/product_brand?post=73531"},{"taxonomy":"product_cat","embeddable":true,"href":"https:\/\/tourtravelandmore.com\/es\/wp-json\/wp\/v2\/product_cat?post=73531"},{"taxonomy":"product_tag","embeddable":true,"href":"https:\/\/tourtravelandmore.com\/es\/wp-json\/wp\/v2\/product_tag?post=73531"}],"curies":[{"name":"wp","href":"https:\/\/api.w.org\/{rel}","templated":true}]}}