{"id":73515,"date":"2020-01-03T11:50:31","date_gmt":"2020-01-03T10:50:32","guid":{"rendered":"https:\/\/tourtravelandmore.com\/?post_type=product&#038;p=73515"},"modified":"2023-12-22T11:43:00","modified_gmt":"2023-12-22T10:43:00","slug":"tour-privado-a-nakhal-y-rustaq-desde-muscat","status":"publish","type":"product","link":"https:\/\/tourtravelandmore.com\/es\/tours\/oman-es\/muscat-es\/muscat-rutas-turisticas-privadas-es\/tour-privado-a-nakhal-y-rustaq-desde-muscat\/","title":{"rendered":"Tour Privado a Nakhal y Rustaq desde Muscat"},"content":{"rendered":"<h2 id=\"tw-target-text\" class=\"tw-data-text tw-text-large XcVN5d tw-ta\" dir=\"ltr\" data-placeholder=\"Traducci\u00f3n\"><span lang=\"es\">Descripci\u00f3n del Tour Privado a Nakhal y Rustaq desde Muscat<\/span><\/h2>\n<p>Disfrute de este tour privado de d\u00eda completo con su propio conductor privado y gu\u00eda tur\u00edstico oficial y explore las vibrantes ciudades de Nakhal y Rustaq. <span class=\"JLqJ4b ChMk0b\" data-language-for-alternatives=\"es\" data-language-to-translate-into=\"en\" data-phrase-index=\"1\">Prep\u00e1rate para explorar sus maravillosas fortalezas, sus relajantes aguas termales y mucho m\u00e1s. \u00a1Para esto, nuestro <strong>Tour Privado a Nakhal y Rustaq desde Muscat<\/strong> es perfecto para usted! <\/span><\/p>\n<p><span class=\"JLqJ4b ChMk0b\" data-language-for-alternatives=\"es\" data-language-to-translate-into=\"en\" data-phrase-index=\"1\"><span class=\"JLqJ4b\" data-language-for-alternatives=\"es\" data-language-to-translate-into=\"en\" data-phrase-index=\"3\">Lo recogeremos de su hotel o lugar de elecci\u00f3n (<\/span><\/span><span class=\"JLqJ4b ChMk0b\" data-language-for-alternatives=\"es\" data-language-to-translate-into=\"en\" data-phrase-index=\"1\"><span class=\"JLqJ4b\" data-language-for-alternatives=\"es\" data-language-to-translate-into=\"en\" data-phrase-index=\"3\">puerto de cruceros, aeropuerto o apartamento) en Muscat. Luego lo llevaremos en este tour privado, con su propio chofer y gu\u00eda a Nakhal y Rustaq.<\/span><\/span><\/p>\n<p><span class=\"JLqJ4b ChMk0b\" data-language-for-alternatives=\"es\" data-language-to-translate-into=\"en\" data-phrase-index=\"1\"><span class=\"JLqJ4b\" data-language-for-alternatives=\"es\" data-language-to-translate-into=\"en\" data-phrase-index=\"3\"> El equipo de <strong>Tour Travel and More<\/strong> lo ayudar\u00e1 a dise\u00f1ar su recorrido de la mejor manera que se ajuste a sus propios intereses y gustos.<\/span><\/span><\/p>\n<h2>Puntos emblem\u00e1ticos y de inter\u00e9s en el Tour Privado a Nakhal y Rustaq desde Muscat<\/h2>\n<p>Durante su recorrido privado de 8 horas, descubrir\u00e1 algunos de los sitios m\u00e1s emblem\u00e1ticos de Nakhal y Rustaq con su experto local. <span class=\"JLqJ4b ChMk0b\" data-language-for-alternatives=\"es\" data-language-to-translate-into=\"en\" data-phrase-index=\"1\">\u00a1Disfrute de esta experiencia \u00fanica con nuestro tour privado a Nakhal y Rustaq desde Muscat!<\/span><\/p>\n<p><span class=\"JLqJ4b ChMk0b\" data-language-for-alternatives=\"es\" data-language-to-translate-into=\"en\" data-phrase-index=\"1\"><span class=\"JLqJ4b\" data-language-for-alternatives=\"es\" data-language-to-translate-into=\"en\" data-phrase-index=\"2\"> Una vez que comenzamos el recorrido desde Muscat, le ofrecemos visitar, entre otros sitios:<\/span><\/span><\/p>\n<p><strong>Oasis de Nakhal &#8220;Al Thowarah<\/strong>&#8220;<span class=\"JLqJ4b\" data-language-for-alternatives=\"es\" data-language-to-translate-into=\"en\" data-phrase-index=\"6\"><br \/>\n<\/span><span class=\"JLqJ4b\" data-language-for-alternatives=\"es\" data-language-to-translate-into=\"en\" data-phrase-index=\"6\"><span class=\"JLqJ4b ChMk0b\" data-language-for-alternatives=\"es\" data-language-to-translate-into=\"en\" data-phrase-index=\"7\">Descubra una de las joyas ocultas de Om\u00e1n. Sum\u00e9rgete y rel\u00e1jate en las aguas termales mientras los peces se acercan a tus pies y limpian toda la piel muerta. <\/span><\/span><\/p>\n<p><span class=\"JLqJ4b\" data-language-for-alternatives=\"es\" data-language-to-translate-into=\"en\" data-phrase-index=\"6\"><span class=\"JLqJ4b ChMk0b\" data-language-for-alternatives=\"es\" data-language-to-translate-into=\"en\" data-phrase-index=\"7\"><strong>Fuerte Nakhal<\/strong><br \/>\nSurgiendo de la roca de la monta\u00f1a, este fuerte fue construido en un per\u00edodo preisl\u00e1mico por los sas\u00e1nidas como una medida de protecci\u00f3n para un \u00e1rea de oasis y rutas comerciales cercanas contra las incursiones de tribus \u00e1rabes. La fortaleza es la casa de un museo donde se puede encontrar una de las mejores exposiciones de armas hist\u00f3ricas. Junto al museo tambi\u00e9n encontrar\u00e1 un mercado de cabras semanal.<\/span><\/span><\/p>\n<h2>\u00a1Sigamos hacia Rustaq!<\/h2>\n<p><strong>Rustaq<\/strong><span class=\"JLqJ4b\" data-language-for-alternatives=\"es\" data-language-to-translate-into=\"en\" data-phrase-index=\"1\"><br \/>\n<\/span><span class=\"JLqJ4b\" data-language-for-alternatives=\"es\" data-language-to-translate-into=\"en\" data-phrase-index=\"1\"><span class=\"JLqJ4b ChMk0b\" data-language-for-alternatives=\"es\" data-language-to-translate-into=\"en\" data-phrase-index=\"2\">Visite esta acogedora ciudad y descubra uno de los fuertes m\u00e1s impresionantes de Om\u00e1n. Acunado por cuatro altas torres, esta fortaleza domina el paisaje del lugar. Despu\u00e9s de su visita a la ciudadela, disminuir\u00e1 la velocidad y obtendr\u00e1 un ba\u00f1o terap\u00e9utico, debido a su contenido de azufre, en las aguas termales.<\/span><\/span><\/p>\n<p><strong>Fuerte Al Hazm<\/strong><span class=\"JLqJ4b\" data-language-for-alternatives=\"es\" data-language-to-translate-into=\"en\" data-phrase-index=\"7\"><br \/>\n<span class=\"JLqJ4b ChMk0b\" data-language-for-alternatives=\"es\" data-language-to-translate-into=\"en\" data-phrase-index=\"8\">Al Hazm es conocido entre otros castillos de Om\u00e1n por su estructura tecnol\u00f3gicamente avanzada, que no us\u00f3 madera para la construcci\u00f3n de sus techos y usa columnas para sostenerlo. El fuerte tambi\u00e9n muestra algunos dise\u00f1os arquitect\u00f3nicos \u00fanicos que no se ven en otros castillos, lo que lo convierte en una obra maestra de la arquitectura isl\u00e1mica. <\/span><\/span><\/p>\n<p><a href=\"https:\/\/tourtravelandmore.com\/es\/ciudad\/oman-es\/muscat-es\/\"><span class=\"JLqJ4b\" data-language-for-alternatives=\"es\" data-language-to-translate-into=\"en\" data-phrase-index=\"7\"><span class=\"JLqJ4b ChMk0b\" data-language-for-alternatives=\"es\" data-language-to-translate-into=\"en\" data-phrase-index=\"8\">\u00a1Vea todos nuestros tours privados que ofrecemos desde Muscat!<\/span><\/span><\/a><\/p>\n","protected":false},"excerpt":{"rendered":"<p>Acomp\u00e1\u00f1enos en este <strong>tour privado <\/strong>de <strong>d\u00eda completo<\/strong> en las hermosas ciudades de Nakhal y Rustaq<strong>, <\/strong>en su <strong>veh\u00edculo privado de lujo<\/strong>, con su propio <strong>ch\u00f3fer privado<\/strong> y un <strong>gu\u00eda oficial<\/strong>. Aproveche la oportunidad para explorar sus maravillosos fuertes, sus relajantes aguas termales y mucho m\u00e1s!<\/p>\n","protected":false},"featured_media":73525,"comment_status":"open","ping_status":"closed","template":"","meta":{"_acf_changed":false},"product_brand":[],"product_cat":[1982,1988,1992,1991,1602],"product_tag":[],"class_list":{"0":"post-73515","1":"product","2":"type-product","3":"status-publish","4":"has-post-thumbnail","6":"product_cat-oman-es","7":"product_cat-muscat-es","8":"product_cat-muscat-actividades-es","9":"product_cat-muscat-rutas-turisticas-privadas-es","10":"product_cat-eeuu-es","12":"first","13":"instock","14":"shipping-taxable","15":"purchasable","16":"product-type-simple"},"acf":[],"yoast_head":"<!-- This site is optimized with the Yoast SEO Premium plugin v25.3.1 (Yoast SEO v25.3.1) - https:\/\/yoast.com\/wordpress\/plugins\/seo\/ -->\n<title>\u27a1\ufe0f Tour Privado a Nakhal y Rustaq desde Muscat con chofer y gu\u00eda | Tour Travel &amp; More<\/title>\n<meta name=\"description\" content=\"Disfrute de este Tour Privado a Nakhal y Rustaq, donde podr\u00e1 explorar sus maravillosos fuertes, sus relajantes aguas termales y mucho m\u00e1s \u2705\" \/>\n<meta name=\"robots\" content=\"index, follow, max-snippet:-1, max-image-preview:large, max-video-preview:-1\" \/>\n<link rel=\"canonical\" href=\"https:\/\/tourtravelandmore.com\/es\/tours\/oman-es\/muscat-es\/muscat-rutas-turisticas-privadas-es\/tour-privado-a-nakhal-y-rustaq-desde-muscat\/\" \/>\n<meta property=\"og:locale\" content=\"es_ES\" \/>\n<meta property=\"og:type\" content=\"article\" \/>\n<meta property=\"og:title\" content=\"Tour Privado a Nakhal y Rustaq desde Muscat\" \/>\n<meta property=\"og:description\" content=\"Disfrute de este Tour Privado a Nakhal y Rustaq, donde podr\u00e1 explorar sus maravillosos fuertes, sus relajantes aguas termales y mucho m\u00e1s \u2705\" \/>\n<meta property=\"og:url\" content=\"https:\/\/tourtravelandmore.com\/es\/tours\/oman-es\/muscat-es\/muscat-rutas-turisticas-privadas-es\/tour-privado-a-nakhal-y-rustaq-desde-muscat\/\" \/>\n<meta property=\"og:site_name\" content=\"Tour Travel And More\" \/>\n<meta property=\"article:publisher\" content=\"https:\/\/www.facebook.com\/tourtravelandmore\/\" \/>\n<meta property=\"article:modified_time\" content=\"2023-12-22T10:43:00+00:00\" \/>\n<meta property=\"og:image\" content=\"https:\/\/tourtravelandmore.com\/wp-content\/uploads\/2020\/01\/mu16.jpg\" \/>\n\t<meta property=\"og:image:width\" content=\"1024\" \/>\n\t<meta property=\"og:image:height\" content=\"693\" \/>\n\t<meta property=\"og:image:type\" content=\"image\/jpeg\" \/>\n<meta name=\"twitter:card\" content=\"summary_large_image\" \/>\n<meta name=\"twitter:site\" content=\"@TourTravel_More\" \/>\n<meta name=\"twitter:label1\" content=\"Tiempo de lectura\" \/>\n\t<meta name=\"twitter:data1\" content=\"3 minutos\" \/>\n<script type=\"application\/ld+json\" class=\"yoast-schema-graph\">{\"@context\":\"https:\/\/schema.org\",\"@graph\":[{\"@type\":\"WebPage\",\"@id\":\"https:\/\/tourtravelandmore.com\/es\/tours\/oman-es\/muscat-es\/muscat-rutas-turisticas-privadas-es\/tour-privado-a-nakhal-y-rustaq-desde-muscat\/\",\"url\":\"https:\/\/tourtravelandmore.com\/es\/tours\/oman-es\/muscat-es\/muscat-rutas-turisticas-privadas-es\/tour-privado-a-nakhal-y-rustaq-desde-muscat\/\",\"name\":\"\u27a1\ufe0f Tour Privado a Nakhal y Rustaq desde Muscat con chofer y gu\u00eda | Tour Travel & More\",\"isPartOf\":{\"@id\":\"https:\/\/tourtravelandmore.com\/es\/#website\"},\"primaryImageOfPage\":{\"@id\":\"https:\/\/tourtravelandmore.com\/es\/tours\/oman-es\/muscat-es\/muscat-rutas-turisticas-privadas-es\/tour-privado-a-nakhal-y-rustaq-desde-muscat\/#primaryimage\"},\"image\":{\"@id\":\"https:\/\/tourtravelandmore.com\/es\/tours\/oman-es\/muscat-es\/muscat-rutas-turisticas-privadas-es\/tour-privado-a-nakhal-y-rustaq-desde-muscat\/#primaryimage\"},\"thumbnailUrl\":\"https:\/\/tourtravelandmore.com\/wp-content\/uploads\/2020\/01\/mu16.jpg\",\"datePublished\":\"2020-01-03T10:50:32+00:00\",\"dateModified\":\"2023-12-22T10:43:00+00:00\",\"description\":\"Disfrute de este Tour Privado a Nakhal y Rustaq, donde podr\u00e1 explorar sus maravillosos fuertes, sus relajantes aguas termales y mucho m\u00e1s \u2705\",\"breadcrumb\":{\"@id\":\"https:\/\/tourtravelandmore.com\/es\/tours\/oman-es\/muscat-es\/muscat-rutas-turisticas-privadas-es\/tour-privado-a-nakhal-y-rustaq-desde-muscat\/#breadcrumb\"},\"inLanguage\":\"es\",\"potentialAction\":[{\"@type\":\"ReadAction\",\"target\":[\"https:\/\/tourtravelandmore.com\/es\/tours\/oman-es\/muscat-es\/muscat-rutas-turisticas-privadas-es\/tour-privado-a-nakhal-y-rustaq-desde-muscat\/\"]}]},{\"@type\":\"ImageObject\",\"inLanguage\":\"es\",\"@id\":\"https:\/\/tourtravelandmore.com\/es\/tours\/oman-es\/muscat-es\/muscat-rutas-turisticas-privadas-es\/tour-privado-a-nakhal-y-rustaq-desde-muscat\/#primaryimage\",\"url\":\"https:\/\/tourtravelandmore.com\/wp-content\/uploads\/2020\/01\/mu16.jpg\",\"contentUrl\":\"https:\/\/tourtravelandmore.com\/wp-content\/uploads\/2020\/01\/mu16.jpg\",\"width\":1024,\"height\":693},{\"@type\":\"BreadcrumbList\",\"@id\":\"https:\/\/tourtravelandmore.com\/es\/tours\/oman-es\/muscat-es\/muscat-rutas-turisticas-privadas-es\/tour-privado-a-nakhal-y-rustaq-desde-muscat\/#breadcrumb\",\"itemListElement\":[{\"@type\":\"ListItem\",\"position\":1,\"name\":\"Home\",\"item\":\"https:\/\/tourtravelandmore.com\/es\/\"},{\"@type\":\"ListItem\",\"position\":2,\"name\":\"Tours\",\"item\":\"https:\/\/tourtravelandmore.com\/es\/tours\/\"},{\"@type\":\"ListItem\",\"position\":3,\"name\":\"Tour Privado a Nakhal y Rustaq desde Muscat\"}]},{\"@type\":\"WebSite\",\"@id\":\"https:\/\/tourtravelandmore.com\/es\/#website\",\"url\":\"https:\/\/tourtravelandmore.com\/es\/\",\"name\":\"Tour Travel And More\",\"description\":\"Private sightseeing tours and luxury transfers in Spain\",\"publisher\":{\"@id\":\"https:\/\/tourtravelandmore.com\/es\/#organization\"},\"potentialAction\":[{\"@type\":\"SearchAction\",\"target\":{\"@type\":\"EntryPoint\",\"urlTemplate\":\"https:\/\/tourtravelandmore.com\/es\/?s={search_term_string}\"},\"query-input\":{\"@type\":\"PropertyValueSpecification\",\"valueRequired\":true,\"valueName\":\"search_term_string\"}}],\"inLanguage\":\"es\"},{\"@type\":\"Organization\",\"@id\":\"https:\/\/tourtravelandmore.com\/es\/#organization\",\"name\":\"Tour Travel And More\",\"url\":\"https:\/\/tourtravelandmore.com\/es\/\",\"logo\":{\"@type\":\"ImageObject\",\"inLanguage\":\"es\",\"@id\":\"https:\/\/tourtravelandmore.com\/es\/#\/schema\/logo\/image\/\",\"url\":\"https:\/\/tourtravelandmore.com\/wp-content\/uploads\/2022\/12\/cropped-logo-cabecera-new.png\",\"contentUrl\":\"https:\/\/tourtravelandmore.com\/wp-content\/uploads\/2022\/12\/cropped-logo-cabecera-new.png\",\"width\":430,\"height\":61,\"caption\":\"Tour Travel And More\"},\"image\":{\"@id\":\"https:\/\/tourtravelandmore.com\/es\/#\/schema\/logo\/image\/\"},\"sameAs\":[\"https:\/\/www.facebook.com\/tourtravelandmore\/\",\"https:\/\/x.com\/TourTravel_More\"]}]}<\/script>\n<!-- \/ Yoast SEO Premium plugin. -->","yoast_head_json":{"title":"\u27a1\ufe0f Tour Privado a Nakhal y Rustaq desde Muscat con chofer y gu\u00eda | Tour Travel & More","description":"Disfrute de este Tour Privado a Nakhal y Rustaq, donde podr\u00e1 explorar sus maravillosos fuertes, sus relajantes aguas termales y mucho m\u00e1s \u2705","robots":{"index":"index","follow":"follow","max-snippet":"max-snippet:-1","max-image-preview":"max-image-preview:large","max-video-preview":"max-video-preview:-1"},"canonical":"https:\/\/tourtravelandmore.com\/es\/tours\/oman-es\/muscat-es\/muscat-rutas-turisticas-privadas-es\/tour-privado-a-nakhal-y-rustaq-desde-muscat\/","og_locale":"es_ES","og_type":"article","og_title":"Tour Privado a Nakhal y Rustaq desde Muscat","og_description":"Disfrute de este Tour Privado a Nakhal y Rustaq, donde podr\u00e1 explorar sus maravillosos fuertes, sus relajantes aguas termales y mucho m\u00e1s \u2705","og_url":"https:\/\/tourtravelandmore.com\/es\/tours\/oman-es\/muscat-es\/muscat-rutas-turisticas-privadas-es\/tour-privado-a-nakhal-y-rustaq-desde-muscat\/","og_site_name":"Tour Travel And More","article_publisher":"https:\/\/www.facebook.com\/tourtravelandmore\/","article_modified_time":"2023-12-22T10:43:00+00:00","og_image":[{"width":1024,"height":693,"url":"https:\/\/tourtravelandmore.com\/wp-content\/uploads\/2020\/01\/mu16.jpg","type":"image\/jpeg"}],"twitter_card":"summary_large_image","twitter_site":"@TourTravel_More","twitter_misc":{"Tiempo de lectura":"3 minutos"},"schema":{"@context":"https:\/\/schema.org","@graph":[{"@type":"WebPage","@id":"https:\/\/tourtravelandmore.com\/es\/tours\/oman-es\/muscat-es\/muscat-rutas-turisticas-privadas-es\/tour-privado-a-nakhal-y-rustaq-desde-muscat\/","url":"https:\/\/tourtravelandmore.com\/es\/tours\/oman-es\/muscat-es\/muscat-rutas-turisticas-privadas-es\/tour-privado-a-nakhal-y-rustaq-desde-muscat\/","name":"\u27a1\ufe0f Tour Privado a Nakhal y Rustaq desde Muscat con chofer y gu\u00eda | Tour Travel & More","isPartOf":{"@id":"https:\/\/tourtravelandmore.com\/es\/#website"},"primaryImageOfPage":{"@id":"https:\/\/tourtravelandmore.com\/es\/tours\/oman-es\/muscat-es\/muscat-rutas-turisticas-privadas-es\/tour-privado-a-nakhal-y-rustaq-desde-muscat\/#primaryimage"},"image":{"@id":"https:\/\/tourtravelandmore.com\/es\/tours\/oman-es\/muscat-es\/muscat-rutas-turisticas-privadas-es\/tour-privado-a-nakhal-y-rustaq-desde-muscat\/#primaryimage"},"thumbnailUrl":"https:\/\/tourtravelandmore.com\/wp-content\/uploads\/2020\/01\/mu16.jpg","datePublished":"2020-01-03T10:50:32+00:00","dateModified":"2023-12-22T10:43:00+00:00","description":"Disfrute de este Tour Privado a Nakhal y Rustaq, donde podr\u00e1 explorar sus maravillosos fuertes, sus relajantes aguas termales y mucho m\u00e1s \u2705","breadcrumb":{"@id":"https:\/\/tourtravelandmore.com\/es\/tours\/oman-es\/muscat-es\/muscat-rutas-turisticas-privadas-es\/tour-privado-a-nakhal-y-rustaq-desde-muscat\/#breadcrumb"},"inLanguage":"es","potentialAction":[{"@type":"ReadAction","target":["https:\/\/tourtravelandmore.com\/es\/tours\/oman-es\/muscat-es\/muscat-rutas-turisticas-privadas-es\/tour-privado-a-nakhal-y-rustaq-desde-muscat\/"]}]},{"@type":"ImageObject","inLanguage":"es","@id":"https:\/\/tourtravelandmore.com\/es\/tours\/oman-es\/muscat-es\/muscat-rutas-turisticas-privadas-es\/tour-privado-a-nakhal-y-rustaq-desde-muscat\/#primaryimage","url":"https:\/\/tourtravelandmore.com\/wp-content\/uploads\/2020\/01\/mu16.jpg","contentUrl":"https:\/\/tourtravelandmore.com\/wp-content\/uploads\/2020\/01\/mu16.jpg","width":1024,"height":693},{"@type":"BreadcrumbList","@id":"https:\/\/tourtravelandmore.com\/es\/tours\/oman-es\/muscat-es\/muscat-rutas-turisticas-privadas-es\/tour-privado-a-nakhal-y-rustaq-desde-muscat\/#breadcrumb","itemListElement":[{"@type":"ListItem","position":1,"name":"Home","item":"https:\/\/tourtravelandmore.com\/es\/"},{"@type":"ListItem","position":2,"name":"Tours","item":"https:\/\/tourtravelandmore.com\/es\/tours\/"},{"@type":"ListItem","position":3,"name":"Tour Privado a Nakhal y Rustaq desde Muscat"}]},{"@type":"WebSite","@id":"https:\/\/tourtravelandmore.com\/es\/#website","url":"https:\/\/tourtravelandmore.com\/es\/","name":"Tour Travel And More","description":"Private sightseeing tours and luxury transfers in Spain","publisher":{"@id":"https:\/\/tourtravelandmore.com\/es\/#organization"},"potentialAction":[{"@type":"SearchAction","target":{"@type":"EntryPoint","urlTemplate":"https:\/\/tourtravelandmore.com\/es\/?s={search_term_string}"},"query-input":{"@type":"PropertyValueSpecification","valueRequired":true,"valueName":"search_term_string"}}],"inLanguage":"es"},{"@type":"Organization","@id":"https:\/\/tourtravelandmore.com\/es\/#organization","name":"Tour Travel And More","url":"https:\/\/tourtravelandmore.com\/es\/","logo":{"@type":"ImageObject","inLanguage":"es","@id":"https:\/\/tourtravelandmore.com\/es\/#\/schema\/logo\/image\/","url":"https:\/\/tourtravelandmore.com\/wp-content\/uploads\/2022\/12\/cropped-logo-cabecera-new.png","contentUrl":"https:\/\/tourtravelandmore.com\/wp-content\/uploads\/2022\/12\/cropped-logo-cabecera-new.png","width":430,"height":61,"caption":"Tour Travel And More"},"image":{"@id":"https:\/\/tourtravelandmore.com\/es\/#\/schema\/logo\/image\/"},"sameAs":["https:\/\/www.facebook.com\/tourtravelandmore\/","https:\/\/x.com\/TourTravel_More"]}]}},"_links":{"self":[{"href":"https:\/\/tourtravelandmore.com\/es\/wp-json\/wp\/v2\/product\/73515","targetHints":{"allow":["GET"]}}],"collection":[{"href":"https:\/\/tourtravelandmore.com\/es\/wp-json\/wp\/v2\/product"}],"about":[{"href":"https:\/\/tourtravelandmore.com\/es\/wp-json\/wp\/v2\/types\/product"}],"replies":[{"embeddable":true,"href":"https:\/\/tourtravelandmore.com\/es\/wp-json\/wp\/v2\/comments?post=73515"}],"wp:featuredmedia":[{"embeddable":true,"href":"https:\/\/tourtravelandmore.com\/es\/wp-json\/wp\/v2\/media\/73525"}],"wp:attachment":[{"href":"https:\/\/tourtravelandmore.com\/es\/wp-json\/wp\/v2\/media?parent=73515"}],"wp:term":[{"taxonomy":"product_brand","embeddable":true,"href":"https:\/\/tourtravelandmore.com\/es\/wp-json\/wp\/v2\/product_brand?post=73515"},{"taxonomy":"product_cat","embeddable":true,"href":"https:\/\/tourtravelandmore.com\/es\/wp-json\/wp\/v2\/product_cat?post=73515"},{"taxonomy":"product_tag","embeddable":true,"href":"https:\/\/tourtravelandmore.com\/es\/wp-json\/wp\/v2\/product_tag?post=73515"}],"curies":[{"name":"wp","href":"https:\/\/api.w.org\/{rel}","templated":true}]}}