{"id":73499,"date":"2020-01-03T10:38:48","date_gmt":"2020-01-03T09:38:49","guid":{"rendered":"https:\/\/tourtravelandmore.com\/?post_type=product&#038;p=73499"},"modified":"2023-12-22T11:43:51","modified_gmt":"2023-12-22T10:43:51","slug":"tour-privado-a-nizwa-bahla-y-fuerte-de-jibreen","status":"publish","type":"product","link":"https:\/\/tourtravelandmore.com\/es\/tours\/oman-es\/muscat-es\/muscat-rutas-turisticas-privadas-es\/tour-privado-a-nizwa-bahla-y-fuerte-de-jibreen\/","title":{"rendered":"Tour Privado a Nizwa, Bahla y Fuerte de Jibreen"},"content":{"rendered":"<h2 id=\"tw-target-text\" class=\"tw-data-text tw-text-large XcVN5d tw-ta\" dir=\"ltr\" data-placeholder=\"Traducci\u00f3n\"><span lang=\"es\">Descripci\u00f3n del Tour Privado a Nizwa, Bahla y Fuerte de Jibreen<\/span><\/h2>\n<p>Disfrute de este tour privado de d\u00eda completo con su propio conductor privado y gu\u00eda tur\u00edstico oficial. <span class=\"JLqJ4b ChMk0b\" data-language-for-alternatives=\"es\" data-language-to-translate-into=\"en\" data-phrase-index=\"1\">Explore las vibrantes ciudades de Nizwa y Bahla. Prep\u00e1rese para explorarlo con nuestro <strong>Tour privado a Nizwa, Bahla y Fuerte de Jibreen desde Muscat<\/strong>. <\/span><\/p>\n<p><span class=\"JLqJ4b ChMk0b\" data-language-for-alternatives=\"es\" data-language-to-translate-into=\"en\" data-phrase-index=\"1\"><span class=\"JLqJ4b\" data-language-for-alternatives=\"es\" data-language-to-translate-into=\"en\" data-phrase-index=\"3\">Lo recogeremos de su hotel o lugar de elecci\u00f3n (hotel, puerto de cruceros, aeropuerto o apartamento) en Muscat. Podemos llevarlo en este tour privado, con su propio chofer y gu\u00eda a Nizwa y Bahla. \u00a1H\u00e1ganos saber d\u00f3nde quiere que lo recojamos y organizaremos la recogida correspondiente!<\/span><\/span><\/p>\n<p><span class=\"JLqJ4b ChMk0b\" data-language-for-alternatives=\"es\" data-language-to-translate-into=\"en\" data-phrase-index=\"1\"><span class=\"JLqJ4b\" data-language-for-alternatives=\"es\" data-language-to-translate-into=\"en\" data-phrase-index=\"3\"> El equipo de <strong>Tour Travel &amp; More<\/strong> lo ayudar\u00e1 a dise\u00f1ar su recorrido de la mejor manera que se ajuste a sus propios intereses y gustos.<\/span><\/span><\/p>\n<h2>Puntos emblem\u00e1ticos y de inter\u00e9s en el Tour Privado a Nizwa, Bahla y Fuerte de Jibreen<\/h2>\n<p>Durante su recorrido privado de 8 horas, descubrir\u00e1 algunos de los sitios m\u00e1s emblem\u00e1ticos de Nizwa y Bahla con su experto local.<\/p>\n<p><span class=\"JLqJ4b\" data-language-for-alternatives=\"es\" data-language-to-translate-into=\"en\" data-phrase-index=\"1\"><span class=\"JLqJ4b ChMk0b\" data-language-for-alternatives=\"es\" data-language-to-translate-into=\"en\" data-phrase-index=\"2\">Una vez que comenzamos el recorrido desde Muscat, le ofrecemos visitar, entre otros sitios: <\/span><\/span><\/p>\n<p><span class=\"JLqJ4b\" data-language-for-alternatives=\"es\" data-language-to-translate-into=\"en\" data-phrase-index=\"1\"><span class=\"JLqJ4b ChMk0b\" data-language-for-alternatives=\"es\" data-language-to-translate-into=\"en\" data-phrase-index=\"2\"><strong>Antiguo zoco de Nizwa<\/strong><br \/>\nDescubra uno de los mercados m\u00e1s importantes de Om\u00e1n y eche un vistazo a la cultura del golfo. Famoso por sus artesan\u00edas y productos agr\u00edcolas, este zoco ofrece una gran variedad de productos, desde alimentos y especias hasta joyas de plata y oro. Si\u00e9ntete parte de la tradici\u00f3n persa en este mercado \u00fanico ubicado en medio del desierto. <\/span><\/span><\/p>\n<p><span class=\"JLqJ4b\" data-language-for-alternatives=\"es\" data-language-to-translate-into=\"en\" data-phrase-index=\"1\"><span class=\"JLqJ4b ChMk0b\" data-language-for-alternatives=\"es\" data-language-to-translate-into=\"en\" data-phrase-index=\"2\"><strong>Fuerte de Nizwa<\/strong><br \/>\nEsta construcci\u00f3n es el monumento m\u00e1s visitado de Om\u00e1n, construido en 1850 y due\u00f1o de una estructura del siglo XII, este fuerte representa la forma en que el pueblo oman\u00ed sol\u00eda vivir en la antig\u00fcedad. La forma cil\u00edndrica de su torre principal, sus siete muros y su prisi\u00f3n hacen que este fuerte sea \u00fanico. Conozca en profundidad esta herencia viva de la cultura oman\u00ed.<\/span><\/span><\/p>\n<h3>Adem\u00e1s, podr\u00e1s descubrir&#8230;<\/h3>\n<p><strong>Fuerte de Bahla<\/strong><span class=\"JLqJ4b\" data-language-for-alternatives=\"es\" data-language-to-translate-into=\"en\" data-phrase-index=\"1\"><br \/>\n<span class=\"JLqJ4b ChMk0b\" data-language-for-alternatives=\"es\" data-language-to-translate-into=\"en\" data-phrase-index=\"2\">Se cree que esta edificaci\u00f3n fue construida entre los siglos XII y XV por la tribu Banu Nebhan. Declarado Patrimonio de la Humanidad por la UNESCO en 1987, es una muestra restante de un asentamiento fortificado del per\u00edodo isl\u00e1mico medieval, que revela la habilidad de la ingenier\u00eda hidr\u00e1ulica de los primeros residentes. Viaja en el tiempo con esta incre\u00edble fortaleza. <\/span><\/span><\/p>\n<p><span class=\"JLqJ4b\" data-language-for-alternatives=\"es\" data-language-to-translate-into=\"en\" data-phrase-index=\"1\"><span class=\"JLqJ4b ChMk0b\" data-language-for-alternatives=\"es\" data-language-to-translate-into=\"en\" data-phrase-index=\"2\"><strong>Castillo de Jibreen<\/strong><br \/>\nEl castillo fue construido por el im\u00e1n Bel\u2019arab bin Sultan Al Yarubi en 1675, una \u00e9poca de paz en Om\u00e1n, y se convirti\u00f3 en un importante centro de aprendizaje de astrolog\u00eda, medicina y derecho isl\u00e1mico. Explore las distintas salas del castillo, sus famosos techos pintados y descubra la sala de susurros, donde el im\u00e1n celebr\u00f3 sus discusiones m\u00e1s secretas. <\/span><\/span><\/p>\n<p><span class=\"JLqJ4b\" data-language-for-alternatives=\"es\" data-language-to-translate-into=\"en\" data-phrase-index=\"1\"><span class=\"JLqJ4b ChMk0b\" data-language-for-alternatives=\"es\" data-language-to-translate-into=\"en\" data-phrase-index=\"2\">\u00a1No pierda la oportunidad de conocer lo mejor de estos tours! Esta es una gran experiencia con nuestro Tour privado a Nizwa, Bahla y Fuerte Jibreen desde Muscat. <\/span><\/span><\/p>\n<p><span class=\"JLqJ4b\" data-language-for-alternatives=\"es\" data-language-to-translate-into=\"en\" data-phrase-index=\"1\"><span class=\"JLqJ4b ChMk0b\" data-language-for-alternatives=\"es\" data-language-to-translate-into=\"en\" data-phrase-index=\"2\">\u00bfQuieres otras ideas sobre excursiones privadas a Muscat? \u00a1Compru\u00e9balo haciendo clic <a href=\"https:\/\/tourtravelandmore.com\/es\/ciudad\/oman-es\/muscat-es\/\">aqu\u00ed<\/a>!<\/span><\/span><\/p>\n","protected":false},"excerpt":{"rendered":"<p>Disfrute de este <strong>tour privado <\/strong>de <strong>d\u00eda completo<\/strong> en las hermosas ciudades de <b>Nizwa y Bahla<\/b><strong>, <\/strong>en su <strong>veh\u00edculo privado de lujo<\/strong>, con su propio <strong>ch\u00f3fer privado<\/strong> y un <strong>gu\u00eda oficial<\/strong>. Aproveche la oportunidad para explorar sus maravillosos fuertes, sus deslumbrantes mercados y mucho m\u00e1s<\/p>\n","protected":false},"featured_media":73509,"comment_status":"open","ping_status":"closed","template":"","meta":{"_acf_changed":false},"product_brand":[],"product_cat":[1982,1988,1992,1991,1602],"product_tag":[],"class_list":{"0":"post-73499","1":"product","2":"type-product","3":"status-publish","4":"has-post-thumbnail","6":"product_cat-oman-es","7":"product_cat-muscat-es","8":"product_cat-muscat-actividades-es","9":"product_cat-muscat-rutas-turisticas-privadas-es","10":"product_cat-eeuu-es","12":"first","13":"instock","14":"shipping-taxable","15":"purchasable","16":"product-type-simple"},"acf":[],"yoast_head":"<!-- This site is optimized with the Yoast SEO Premium plugin v25.3.1 (Yoast SEO v25.3.1) - https:\/\/yoast.com\/wordpress\/plugins\/seo\/ -->\n<title>\u27a1\ufe0f Tour Privado a Nizwa, Bahla y Fuerte de Jibreen desde Muscat | Tour Travel &amp; More<\/title>\n<meta name=\"description\" content=\"Disfrute de este Tour Privado a Nizwa, Bahla y Fuerte de Jibreen, donde podr\u00e1 explorar sus maravillosos fuertes, mercados y mucho m\u00e1s \u2705\" \/>\n<meta name=\"robots\" content=\"index, follow, max-snippet:-1, max-image-preview:large, max-video-preview:-1\" \/>\n<link rel=\"canonical\" href=\"https:\/\/tourtravelandmore.com\/es\/tours\/oman-es\/muscat-es\/muscat-rutas-turisticas-privadas-es\/tour-privado-a-nizwa-bahla-y-fuerte-de-jibreen\/\" \/>\n<meta property=\"og:locale\" content=\"es_ES\" \/>\n<meta property=\"og:type\" content=\"article\" \/>\n<meta property=\"og:title\" content=\"Tour Privado a Nizwa, Bahla y Fuerte de Jibreen\" \/>\n<meta property=\"og:description\" content=\"Disfrute de este Tour Privado a Nizwa, Bahla y Fuerte de Jibreen, donde podr\u00e1 explorar sus maravillosos fuertes, mercados y mucho m\u00e1s \u2705\" \/>\n<meta property=\"og:url\" content=\"https:\/\/tourtravelandmore.com\/es\/tours\/oman-es\/muscat-es\/muscat-rutas-turisticas-privadas-es\/tour-privado-a-nizwa-bahla-y-fuerte-de-jibreen\/\" \/>\n<meta property=\"og:site_name\" content=\"Tour Travel And More\" \/>\n<meta property=\"article:publisher\" content=\"https:\/\/www.facebook.com\/tourtravelandmore\/\" \/>\n<meta property=\"article:modified_time\" content=\"2023-12-22T10:43:51+00:00\" \/>\n<meta property=\"og:image\" content=\"https:\/\/tourtravelandmore.com\/wp-content\/uploads\/2020\/01\/mu13.jpg\" \/>\n\t<meta property=\"og:image:width\" content=\"1024\" \/>\n\t<meta property=\"og:image:height\" content=\"768\" \/>\n\t<meta property=\"og:image:type\" content=\"image\/jpeg\" \/>\n<meta name=\"twitter:card\" content=\"summary_large_image\" \/>\n<meta name=\"twitter:site\" content=\"@TourTravel_More\" \/>\n<meta name=\"twitter:label1\" content=\"Tiempo de lectura\" \/>\n\t<meta name=\"twitter:data1\" content=\"3 minutos\" \/>\n<script type=\"application\/ld+json\" class=\"yoast-schema-graph\">{\"@context\":\"https:\/\/schema.org\",\"@graph\":[{\"@type\":\"WebPage\",\"@id\":\"https:\/\/tourtravelandmore.com\/es\/tours\/oman-es\/muscat-es\/muscat-rutas-turisticas-privadas-es\/tour-privado-a-nizwa-bahla-y-fuerte-de-jibreen\/\",\"url\":\"https:\/\/tourtravelandmore.com\/es\/tours\/oman-es\/muscat-es\/muscat-rutas-turisticas-privadas-es\/tour-privado-a-nizwa-bahla-y-fuerte-de-jibreen\/\",\"name\":\"\u27a1\ufe0f Tour Privado a Nizwa, Bahla y Fuerte de Jibreen desde Muscat | Tour Travel & More\",\"isPartOf\":{\"@id\":\"https:\/\/tourtravelandmore.com\/es\/#website\"},\"primaryImageOfPage\":{\"@id\":\"https:\/\/tourtravelandmore.com\/es\/tours\/oman-es\/muscat-es\/muscat-rutas-turisticas-privadas-es\/tour-privado-a-nizwa-bahla-y-fuerte-de-jibreen\/#primaryimage\"},\"image\":{\"@id\":\"https:\/\/tourtravelandmore.com\/es\/tours\/oman-es\/muscat-es\/muscat-rutas-turisticas-privadas-es\/tour-privado-a-nizwa-bahla-y-fuerte-de-jibreen\/#primaryimage\"},\"thumbnailUrl\":\"https:\/\/tourtravelandmore.com\/wp-content\/uploads\/2020\/01\/mu13.jpg\",\"datePublished\":\"2020-01-03T09:38:49+00:00\",\"dateModified\":\"2023-12-22T10:43:51+00:00\",\"description\":\"Disfrute de este Tour Privado a Nizwa, Bahla y Fuerte de Jibreen, donde podr\u00e1 explorar sus maravillosos fuertes, mercados y mucho m\u00e1s \u2705\",\"breadcrumb\":{\"@id\":\"https:\/\/tourtravelandmore.com\/es\/tours\/oman-es\/muscat-es\/muscat-rutas-turisticas-privadas-es\/tour-privado-a-nizwa-bahla-y-fuerte-de-jibreen\/#breadcrumb\"},\"inLanguage\":\"es\",\"potentialAction\":[{\"@type\":\"ReadAction\",\"target\":[\"https:\/\/tourtravelandmore.com\/es\/tours\/oman-es\/muscat-es\/muscat-rutas-turisticas-privadas-es\/tour-privado-a-nizwa-bahla-y-fuerte-de-jibreen\/\"]}]},{\"@type\":\"ImageObject\",\"inLanguage\":\"es\",\"@id\":\"https:\/\/tourtravelandmore.com\/es\/tours\/oman-es\/muscat-es\/muscat-rutas-turisticas-privadas-es\/tour-privado-a-nizwa-bahla-y-fuerte-de-jibreen\/#primaryimage\",\"url\":\"https:\/\/tourtravelandmore.com\/wp-content\/uploads\/2020\/01\/mu13.jpg\",\"contentUrl\":\"https:\/\/tourtravelandmore.com\/wp-content\/uploads\/2020\/01\/mu13.jpg\",\"width\":1024,\"height\":768},{\"@type\":\"BreadcrumbList\",\"@id\":\"https:\/\/tourtravelandmore.com\/es\/tours\/oman-es\/muscat-es\/muscat-rutas-turisticas-privadas-es\/tour-privado-a-nizwa-bahla-y-fuerte-de-jibreen\/#breadcrumb\",\"itemListElement\":[{\"@type\":\"ListItem\",\"position\":1,\"name\":\"Home\",\"item\":\"https:\/\/tourtravelandmore.com\/es\/\"},{\"@type\":\"ListItem\",\"position\":2,\"name\":\"Tours\",\"item\":\"https:\/\/tourtravelandmore.com\/es\/tours\/\"},{\"@type\":\"ListItem\",\"position\":3,\"name\":\"Tour Privado a Nizwa, Bahla y Fuerte de Jibreen\"}]},{\"@type\":\"WebSite\",\"@id\":\"https:\/\/tourtravelandmore.com\/es\/#website\",\"url\":\"https:\/\/tourtravelandmore.com\/es\/\",\"name\":\"Tour Travel And More\",\"description\":\"Private sightseeing tours and luxury transfers in Spain\",\"publisher\":{\"@id\":\"https:\/\/tourtravelandmore.com\/es\/#organization\"},\"potentialAction\":[{\"@type\":\"SearchAction\",\"target\":{\"@type\":\"EntryPoint\",\"urlTemplate\":\"https:\/\/tourtravelandmore.com\/es\/?s={search_term_string}\"},\"query-input\":{\"@type\":\"PropertyValueSpecification\",\"valueRequired\":true,\"valueName\":\"search_term_string\"}}],\"inLanguage\":\"es\"},{\"@type\":\"Organization\",\"@id\":\"https:\/\/tourtravelandmore.com\/es\/#organization\",\"name\":\"Tour Travel And More\",\"url\":\"https:\/\/tourtravelandmore.com\/es\/\",\"logo\":{\"@type\":\"ImageObject\",\"inLanguage\":\"es\",\"@id\":\"https:\/\/tourtravelandmore.com\/es\/#\/schema\/logo\/image\/\",\"url\":\"https:\/\/tourtravelandmore.com\/wp-content\/uploads\/2022\/12\/cropped-logo-cabecera-new.png\",\"contentUrl\":\"https:\/\/tourtravelandmore.com\/wp-content\/uploads\/2022\/12\/cropped-logo-cabecera-new.png\",\"width\":430,\"height\":61,\"caption\":\"Tour Travel And More\"},\"image\":{\"@id\":\"https:\/\/tourtravelandmore.com\/es\/#\/schema\/logo\/image\/\"},\"sameAs\":[\"https:\/\/www.facebook.com\/tourtravelandmore\/\",\"https:\/\/x.com\/TourTravel_More\"]}]}<\/script>\n<!-- \/ Yoast SEO Premium plugin. -->","yoast_head_json":{"title":"\u27a1\ufe0f Tour Privado a Nizwa, Bahla y Fuerte de Jibreen desde Muscat | Tour Travel & More","description":"Disfrute de este Tour Privado a Nizwa, Bahla y Fuerte de Jibreen, donde podr\u00e1 explorar sus maravillosos fuertes, mercados y mucho m\u00e1s \u2705","robots":{"index":"index","follow":"follow","max-snippet":"max-snippet:-1","max-image-preview":"max-image-preview:large","max-video-preview":"max-video-preview:-1"},"canonical":"https:\/\/tourtravelandmore.com\/es\/tours\/oman-es\/muscat-es\/muscat-rutas-turisticas-privadas-es\/tour-privado-a-nizwa-bahla-y-fuerte-de-jibreen\/","og_locale":"es_ES","og_type":"article","og_title":"Tour Privado a Nizwa, Bahla y Fuerte de Jibreen","og_description":"Disfrute de este Tour Privado a Nizwa, Bahla y Fuerte de Jibreen, donde podr\u00e1 explorar sus maravillosos fuertes, mercados y mucho m\u00e1s \u2705","og_url":"https:\/\/tourtravelandmore.com\/es\/tours\/oman-es\/muscat-es\/muscat-rutas-turisticas-privadas-es\/tour-privado-a-nizwa-bahla-y-fuerte-de-jibreen\/","og_site_name":"Tour Travel And More","article_publisher":"https:\/\/www.facebook.com\/tourtravelandmore\/","article_modified_time":"2023-12-22T10:43:51+00:00","og_image":[{"width":1024,"height":768,"url":"https:\/\/tourtravelandmore.com\/wp-content\/uploads\/2020\/01\/mu13.jpg","type":"image\/jpeg"}],"twitter_card":"summary_large_image","twitter_site":"@TourTravel_More","twitter_misc":{"Tiempo de lectura":"3 minutos"},"schema":{"@context":"https:\/\/schema.org","@graph":[{"@type":"WebPage","@id":"https:\/\/tourtravelandmore.com\/es\/tours\/oman-es\/muscat-es\/muscat-rutas-turisticas-privadas-es\/tour-privado-a-nizwa-bahla-y-fuerte-de-jibreen\/","url":"https:\/\/tourtravelandmore.com\/es\/tours\/oman-es\/muscat-es\/muscat-rutas-turisticas-privadas-es\/tour-privado-a-nizwa-bahla-y-fuerte-de-jibreen\/","name":"\u27a1\ufe0f Tour Privado a Nizwa, Bahla y Fuerte de Jibreen desde Muscat | Tour Travel & More","isPartOf":{"@id":"https:\/\/tourtravelandmore.com\/es\/#website"},"primaryImageOfPage":{"@id":"https:\/\/tourtravelandmore.com\/es\/tours\/oman-es\/muscat-es\/muscat-rutas-turisticas-privadas-es\/tour-privado-a-nizwa-bahla-y-fuerte-de-jibreen\/#primaryimage"},"image":{"@id":"https:\/\/tourtravelandmore.com\/es\/tours\/oman-es\/muscat-es\/muscat-rutas-turisticas-privadas-es\/tour-privado-a-nizwa-bahla-y-fuerte-de-jibreen\/#primaryimage"},"thumbnailUrl":"https:\/\/tourtravelandmore.com\/wp-content\/uploads\/2020\/01\/mu13.jpg","datePublished":"2020-01-03T09:38:49+00:00","dateModified":"2023-12-22T10:43:51+00:00","description":"Disfrute de este Tour Privado a Nizwa, Bahla y Fuerte de Jibreen, donde podr\u00e1 explorar sus maravillosos fuertes, mercados y mucho m\u00e1s \u2705","breadcrumb":{"@id":"https:\/\/tourtravelandmore.com\/es\/tours\/oman-es\/muscat-es\/muscat-rutas-turisticas-privadas-es\/tour-privado-a-nizwa-bahla-y-fuerte-de-jibreen\/#breadcrumb"},"inLanguage":"es","potentialAction":[{"@type":"ReadAction","target":["https:\/\/tourtravelandmore.com\/es\/tours\/oman-es\/muscat-es\/muscat-rutas-turisticas-privadas-es\/tour-privado-a-nizwa-bahla-y-fuerte-de-jibreen\/"]}]},{"@type":"ImageObject","inLanguage":"es","@id":"https:\/\/tourtravelandmore.com\/es\/tours\/oman-es\/muscat-es\/muscat-rutas-turisticas-privadas-es\/tour-privado-a-nizwa-bahla-y-fuerte-de-jibreen\/#primaryimage","url":"https:\/\/tourtravelandmore.com\/wp-content\/uploads\/2020\/01\/mu13.jpg","contentUrl":"https:\/\/tourtravelandmore.com\/wp-content\/uploads\/2020\/01\/mu13.jpg","width":1024,"height":768},{"@type":"BreadcrumbList","@id":"https:\/\/tourtravelandmore.com\/es\/tours\/oman-es\/muscat-es\/muscat-rutas-turisticas-privadas-es\/tour-privado-a-nizwa-bahla-y-fuerte-de-jibreen\/#breadcrumb","itemListElement":[{"@type":"ListItem","position":1,"name":"Home","item":"https:\/\/tourtravelandmore.com\/es\/"},{"@type":"ListItem","position":2,"name":"Tours","item":"https:\/\/tourtravelandmore.com\/es\/tours\/"},{"@type":"ListItem","position":3,"name":"Tour Privado a Nizwa, Bahla y Fuerte de Jibreen"}]},{"@type":"WebSite","@id":"https:\/\/tourtravelandmore.com\/es\/#website","url":"https:\/\/tourtravelandmore.com\/es\/","name":"Tour Travel And More","description":"Private sightseeing tours and luxury transfers in Spain","publisher":{"@id":"https:\/\/tourtravelandmore.com\/es\/#organization"},"potentialAction":[{"@type":"SearchAction","target":{"@type":"EntryPoint","urlTemplate":"https:\/\/tourtravelandmore.com\/es\/?s={search_term_string}"},"query-input":{"@type":"PropertyValueSpecification","valueRequired":true,"valueName":"search_term_string"}}],"inLanguage":"es"},{"@type":"Organization","@id":"https:\/\/tourtravelandmore.com\/es\/#organization","name":"Tour Travel And More","url":"https:\/\/tourtravelandmore.com\/es\/","logo":{"@type":"ImageObject","inLanguage":"es","@id":"https:\/\/tourtravelandmore.com\/es\/#\/schema\/logo\/image\/","url":"https:\/\/tourtravelandmore.com\/wp-content\/uploads\/2022\/12\/cropped-logo-cabecera-new.png","contentUrl":"https:\/\/tourtravelandmore.com\/wp-content\/uploads\/2022\/12\/cropped-logo-cabecera-new.png","width":430,"height":61,"caption":"Tour Travel And More"},"image":{"@id":"https:\/\/tourtravelandmore.com\/es\/#\/schema\/logo\/image\/"},"sameAs":["https:\/\/www.facebook.com\/tourtravelandmore\/","https:\/\/x.com\/TourTravel_More"]}]}},"_links":{"self":[{"href":"https:\/\/tourtravelandmore.com\/es\/wp-json\/wp\/v2\/product\/73499","targetHints":{"allow":["GET"]}}],"collection":[{"href":"https:\/\/tourtravelandmore.com\/es\/wp-json\/wp\/v2\/product"}],"about":[{"href":"https:\/\/tourtravelandmore.com\/es\/wp-json\/wp\/v2\/types\/product"}],"replies":[{"embeddable":true,"href":"https:\/\/tourtravelandmore.com\/es\/wp-json\/wp\/v2\/comments?post=73499"}],"wp:featuredmedia":[{"embeddable":true,"href":"https:\/\/tourtravelandmore.com\/es\/wp-json\/wp\/v2\/media\/73509"}],"wp:attachment":[{"href":"https:\/\/tourtravelandmore.com\/es\/wp-json\/wp\/v2\/media?parent=73499"}],"wp:term":[{"taxonomy":"product_brand","embeddable":true,"href":"https:\/\/tourtravelandmore.com\/es\/wp-json\/wp\/v2\/product_brand?post=73499"},{"taxonomy":"product_cat","embeddable":true,"href":"https:\/\/tourtravelandmore.com\/es\/wp-json\/wp\/v2\/product_cat?post=73499"},{"taxonomy":"product_tag","embeddable":true,"href":"https:\/\/tourtravelandmore.com\/es\/wp-json\/wp\/v2\/product_tag?post=73499"}],"curies":[{"name":"wp","href":"https:\/\/api.w.org\/{rel}","templated":true}]}}