{"id":73473,"date":"2020-01-02T13:18:56","date_gmt":"2020-01-02T12:18:57","guid":{"rendered":"https:\/\/tourtravelandmore.com\/?post_type=product&#038;p=73473"},"modified":"2023-12-22T11:41:47","modified_gmt":"2023-12-22T10:41:47","slug":"tour-privado-a-jabel-shams-desde-muscat","status":"publish","type":"product","link":"https:\/\/tourtravelandmore.com\/es\/tours\/oman-es\/muscat-es\/muscat-rutas-turisticas-privadas-es\/tour-privado-a-jabel-shams-desde-muscat\/","title":{"rendered":"Tour Privado a Jebel Shams desde Muscat"},"content":{"rendered":"<h2 id=\"tw-target-text\" class=\"tw-data-text tw-text-large XcVN5d tw-ta\" dir=\"ltr\" data-placeholder=\"Traducci\u00f3n\"><span lang=\"es\">Descripci\u00f3n del Tour Privado a Jebel Shams desde Muscat<\/span><\/h2>\n<p>Disfrute de este <strong>Tour Privado a Jebel Shams desde Muscat<\/strong> con su propio conductor privado y gu\u00eda tur\u00edstico oficial.<\/p>\n<p><span class=\"JLqJ4b\" data-language-for-alternatives=\"es\" data-language-to-translate-into=\"en\" data-phrase-index=\"1\"><span class=\"JLqJ4b ChMk0b\" data-language-for-alternatives=\"es\" data-language-to-translate-into=\"en\" data-phrase-index=\"2\">T\u00f3mese su tiempo para explorar las vibrantes monta\u00f1as de Jebel Shams. Tenga a nuestro ch\u00f3fer privado y gu\u00eda tur\u00edstico oficial a su disposici\u00f3n durante la experiencia de 7 horas. <\/span><\/span><\/p>\n<p><span class=\"JLqJ4b\" data-language-for-alternatives=\"es\" data-language-to-translate-into=\"en\" data-phrase-index=\"1\"><span class=\"JLqJ4b ChMk0b\" data-language-for-alternatives=\"es\" data-language-to-translate-into=\"en\" data-phrase-index=\"2\">Esta experiencia privada puede comenzar desde el lugar que elija en Muscat. Esto puede ser desde el hotel, aeropuerto o apartamento. Tambi\u00e9n podemos organizar una recogida privada desde el puerto de cruceros. Organizaremos una recogida c\u00f3moda y sin complicaciones para usted.<\/span><\/span><\/p>\n<p><span class=\"JLqJ4b\" data-language-for-alternatives=\"es\" data-language-to-translate-into=\"en\" data-phrase-index=\"1\"><span class=\"JLqJ4b ChMk0b\" data-language-for-alternatives=\"es\" data-language-to-translate-into=\"en\" data-phrase-index=\"2\"> \u00a1Deje que nuestro equipo lo lleve a esta experiencia \u00fanica y conozca lo mejor de Jebel Shams!. Contacte al equipo de Tour Travel &amp; More para personalizar su experiencia. Si tiene algo en mente, solo tiene que contactarnos y haremos todo por usted.<\/span><\/span><\/p>\n<h2>Puntos emblem\u00e1ticos y de inter\u00e9s en el Tour Privado a Jebel Shams desde Muscat<\/h2>\n<p>En primer lugar, haga que nuestro ch\u00f3fer privado y nuestro gu\u00eda tur\u00edstico lo encuentren en su hotel o lugar de elecci\u00f3n en Muscat. Al tratarse de un tour privado y personalizado, usted puede decidir la hora de inicio de su experiencia.\u00a0<span class=\"JLqJ4b ChMk0b\" data-language-for-alternatives=\"es\" data-language-to-translate-into=\"en\" data-phrase-index=\"1\">Luego, partiremos hacia Jebel Shams. <\/span><\/p>\n<p><span class=\"JLqJ4b ChMk0b\" data-language-for-alternatives=\"es\" data-language-to-translate-into=\"en\" data-phrase-index=\"1\"><span class=\"JLqJ4b\" data-language-for-alternatives=\"es\" data-language-to-translate-into=\"en\" data-phrase-index=\"2\">Durante su recorrido privado de 7 horas, disfrutar\u00e1 de la belleza de las monta\u00f1as de Om\u00e1n hasta descubrir\u00a0<strong>Jebel Shams<\/strong>, el pico m\u00e1s alto de Om\u00e1n. <\/span><\/span><\/p>\n<p><span class=\"JLqJ4b ChMk0b\" data-language-for-alternatives=\"es\" data-language-to-translate-into=\"en\" data-phrase-index=\"1\"><span class=\"JLqJ4b\" data-language-for-alternatives=\"es\" data-language-to-translate-into=\"en\" data-phrase-index=\"2\">El pico se encuentra en el <strong>Gran Ca\u00f1\u00f3n<\/strong>, con una altura de 3000 mts sobre el mar, y es considerado por los expertos como el mejor paisaje del pa\u00eds. <\/span><\/span><\/p>\n<p><span class=\"JLqJ4b ChMk0b\" data-language-for-alternatives=\"es\" data-language-to-translate-into=\"en\" data-phrase-index=\"1\"><span class=\"JLqJ4b\" data-language-for-alternatives=\"es\" data-language-to-translate-into=\"en\" data-phrase-index=\"2\">Tambi\u00e9n probar\u00e1s el sabor de la altura mientras almuerzas cerca del borde de las monta\u00f1as. \u00a1Es una verdadera experiencia que no vas a querer perderte!.<\/span><\/span><\/p>\n<p><span class=\"JLqJ4b ChMk0b\" data-language-for-alternatives=\"es\" data-language-to-translate-into=\"en\" data-phrase-index=\"1\"><span class=\"JLqJ4b\" data-language-for-alternatives=\"es\" data-language-to-translate-into=\"en\" data-phrase-index=\"2\">En el camino hacia este impresionante hito encontrar\u00e1 diferentes pueblos, desde <strong>Ghul<\/strong> con sus ruinas persas abandonadas hasta el colorido <strong>Wadi<\/strong>, famoso por sus dise\u00f1os.<\/span><\/span><\/p>\n<p>Al finalizar el recorrido, su chofer y gu\u00eda privado lo llevar\u00e1n de regreso a su hotel en Muscat. Este tour privado a Jebel Shams desde Muscat\u00a0es una excursion \u00fanica.<\/p>\n<p><span class=\"JLqJ4b ChMk0b\" data-language-for-alternatives=\"es\" data-language-to-translate-into=\"en\" data-phrase-index=\"1\"><span class=\"JLqJ4b\" data-language-for-alternatives=\"es\" data-language-to-translate-into=\"en\" data-phrase-index=\"2\"> \u00a1Eche un vistazo a nuestros tours privados en Muscat desde <a href=\"https:\/\/tourtravelandmore.com\/es\/ciudad\/oman-es\/muscat-es\/\">aqu\u00ed<\/a>!<\/span><\/span><\/p>\n","protected":false},"excerpt":{"rendered":"<p>Disfrute de este <strong>tour privado <\/strong>de <strong>d\u00eda completo<\/strong> a las monta\u00f1as de <strong>Jebel Shams, <\/strong>en su <strong>veh\u00edculo privado de lujo<\/strong>, con su propio <strong>ch\u00f3fer privado<\/strong> y un <strong>gu\u00eda oficial<\/strong>. Aproveche la oportunidad de visitar el <strong>Gran Ca\u00f1\u00f3n<\/strong>, las ruinas abandonadas de <strong>Ghul, <\/strong>el colorido pueblo de<strong>\u00a0Wadi<\/strong>\u00a0y mucho m\u00e1s!<\/p>\n","protected":false},"featured_media":92043,"comment_status":"open","ping_status":"closed","template":"","meta":{"_acf_changed":false},"product_brand":[],"product_cat":[1982,1988,1992,1991,1602],"product_tag":[],"class_list":{"0":"post-73473","1":"product","2":"type-product","3":"status-publish","4":"has-post-thumbnail","6":"product_cat-oman-es","7":"product_cat-muscat-es","8":"product_cat-muscat-actividades-es","9":"product_cat-muscat-rutas-turisticas-privadas-es","10":"product_cat-eeuu-es","12":"first","13":"instock","14":"shipping-taxable","15":"purchasable","16":"product-type-simple"},"acf":[],"yoast_head":"<!-- This site is optimized with the Yoast SEO Premium plugin v25.3.1 (Yoast SEO v25.3.1) - https:\/\/yoast.com\/wordpress\/plugins\/seo\/ -->\n<title>\u27a1\ufe0f Tour Privado a Jebel Shams desde Muscat en veh\u00edculo de lujo | Tour Travel &amp; More<\/title>\n<meta name=\"description\" content=\"\u00danete a nosotros en este Tour Privado a Jebel Shams desde Muscat. Tenga la posibilidad de conocer uno de los lugares mas bellos de Oman \u2705\" \/>\n<meta name=\"robots\" content=\"index, follow, max-snippet:-1, max-image-preview:large, max-video-preview:-1\" \/>\n<link rel=\"canonical\" href=\"https:\/\/tourtravelandmore.com\/es\/tours\/oman-es\/muscat-es\/muscat-rutas-turisticas-privadas-es\/tour-privado-a-jabel-shams-desde-muscat\/\" \/>\n<meta property=\"og:locale\" content=\"es_ES\" \/>\n<meta property=\"og:type\" content=\"article\" \/>\n<meta property=\"og:title\" content=\"Tour Privado a Jebel Shams desde Muscat\" \/>\n<meta property=\"og:description\" content=\"\u00danete a nosotros en este Tour Privado a Jebel Shams desde Muscat. Tenga la posibilidad de conocer uno de los lugares mas bellos de Oman \u2705\" \/>\n<meta property=\"og:url\" content=\"https:\/\/tourtravelandmore.com\/es\/tours\/oman-es\/muscat-es\/muscat-rutas-turisticas-privadas-es\/tour-privado-a-jabel-shams-desde-muscat\/\" \/>\n<meta property=\"og:site_name\" content=\"Tour Travel And More\" \/>\n<meta property=\"article:publisher\" content=\"https:\/\/www.facebook.com\/tourtravelandmore\/\" \/>\n<meta property=\"article:modified_time\" content=\"2023-12-22T10:41:47+00:00\" \/>\n<meta property=\"og:image\" content=\"https:\/\/tourtravelandmore.com\/wp-content\/uploads\/2020\/01\/jabel-3.jpg\" \/>\n\t<meta property=\"og:image:width\" content=\"510\" \/>\n\t<meta property=\"og:image:height\" content=\"340\" \/>\n\t<meta property=\"og:image:type\" content=\"image\/jpeg\" \/>\n<meta name=\"twitter:card\" content=\"summary_large_image\" \/>\n<meta name=\"twitter:site\" content=\"@TourTravel_More\" \/>\n<meta name=\"twitter:label1\" content=\"Tiempo de lectura\" \/>\n\t<meta name=\"twitter:data1\" content=\"2 minutos\" \/>\n<script type=\"application\/ld+json\" class=\"yoast-schema-graph\">{\"@context\":\"https:\/\/schema.org\",\"@graph\":[{\"@type\":\"WebPage\",\"@id\":\"https:\/\/tourtravelandmore.com\/es\/tours\/oman-es\/muscat-es\/muscat-rutas-turisticas-privadas-es\/tour-privado-a-jabel-shams-desde-muscat\/\",\"url\":\"https:\/\/tourtravelandmore.com\/es\/tours\/oman-es\/muscat-es\/muscat-rutas-turisticas-privadas-es\/tour-privado-a-jabel-shams-desde-muscat\/\",\"name\":\"\u27a1\ufe0f Tour Privado a Jebel Shams desde Muscat en veh\u00edculo de lujo | Tour Travel & More\",\"isPartOf\":{\"@id\":\"https:\/\/tourtravelandmore.com\/es\/#website\"},\"primaryImageOfPage\":{\"@id\":\"https:\/\/tourtravelandmore.com\/es\/tours\/oman-es\/muscat-es\/muscat-rutas-turisticas-privadas-es\/tour-privado-a-jabel-shams-desde-muscat\/#primaryimage\"},\"image\":{\"@id\":\"https:\/\/tourtravelandmore.com\/es\/tours\/oman-es\/muscat-es\/muscat-rutas-turisticas-privadas-es\/tour-privado-a-jabel-shams-desde-muscat\/#primaryimage\"},\"thumbnailUrl\":\"https:\/\/tourtravelandmore.com\/wp-content\/uploads\/2020\/01\/jabel-3.jpg\",\"datePublished\":\"2020-01-02T12:18:57+00:00\",\"dateModified\":\"2023-12-22T10:41:47+00:00\",\"description\":\"\u00danete a nosotros en este Tour Privado a Jebel Shams desde Muscat. Tenga la posibilidad de conocer uno de los lugares mas bellos de Oman \u2705\",\"breadcrumb\":{\"@id\":\"https:\/\/tourtravelandmore.com\/es\/tours\/oman-es\/muscat-es\/muscat-rutas-turisticas-privadas-es\/tour-privado-a-jabel-shams-desde-muscat\/#breadcrumb\"},\"inLanguage\":\"es\",\"potentialAction\":[{\"@type\":\"ReadAction\",\"target\":[\"https:\/\/tourtravelandmore.com\/es\/tours\/oman-es\/muscat-es\/muscat-rutas-turisticas-privadas-es\/tour-privado-a-jabel-shams-desde-muscat\/\"]}]},{\"@type\":\"ImageObject\",\"inLanguage\":\"es\",\"@id\":\"https:\/\/tourtravelandmore.com\/es\/tours\/oman-es\/muscat-es\/muscat-rutas-turisticas-privadas-es\/tour-privado-a-jabel-shams-desde-muscat\/#primaryimage\",\"url\":\"https:\/\/tourtravelandmore.com\/wp-content\/uploads\/2020\/01\/jabel-3.jpg\",\"contentUrl\":\"https:\/\/tourtravelandmore.com\/wp-content\/uploads\/2020\/01\/jabel-3.jpg\",\"width\":510,\"height\":340},{\"@type\":\"BreadcrumbList\",\"@id\":\"https:\/\/tourtravelandmore.com\/es\/tours\/oman-es\/muscat-es\/muscat-rutas-turisticas-privadas-es\/tour-privado-a-jabel-shams-desde-muscat\/#breadcrumb\",\"itemListElement\":[{\"@type\":\"ListItem\",\"position\":1,\"name\":\"Home\",\"item\":\"https:\/\/tourtravelandmore.com\/es\/\"},{\"@type\":\"ListItem\",\"position\":2,\"name\":\"Tours\",\"item\":\"https:\/\/tourtravelandmore.com\/es\/tours\/\"},{\"@type\":\"ListItem\",\"position\":3,\"name\":\"Tour Privado a Jebel Shams desde Muscat\"}]},{\"@type\":\"WebSite\",\"@id\":\"https:\/\/tourtravelandmore.com\/es\/#website\",\"url\":\"https:\/\/tourtravelandmore.com\/es\/\",\"name\":\"Tour Travel And More\",\"description\":\"Private sightseeing tours and luxury transfers in Spain\",\"publisher\":{\"@id\":\"https:\/\/tourtravelandmore.com\/es\/#organization\"},\"potentialAction\":[{\"@type\":\"SearchAction\",\"target\":{\"@type\":\"EntryPoint\",\"urlTemplate\":\"https:\/\/tourtravelandmore.com\/es\/?s={search_term_string}\"},\"query-input\":{\"@type\":\"PropertyValueSpecification\",\"valueRequired\":true,\"valueName\":\"search_term_string\"}}],\"inLanguage\":\"es\"},{\"@type\":\"Organization\",\"@id\":\"https:\/\/tourtravelandmore.com\/es\/#organization\",\"name\":\"Tour Travel And More\",\"url\":\"https:\/\/tourtravelandmore.com\/es\/\",\"logo\":{\"@type\":\"ImageObject\",\"inLanguage\":\"es\",\"@id\":\"https:\/\/tourtravelandmore.com\/es\/#\/schema\/logo\/image\/\",\"url\":\"https:\/\/tourtravelandmore.com\/wp-content\/uploads\/2022\/12\/cropped-logo-cabecera-new.png\",\"contentUrl\":\"https:\/\/tourtravelandmore.com\/wp-content\/uploads\/2022\/12\/cropped-logo-cabecera-new.png\",\"width\":430,\"height\":61,\"caption\":\"Tour Travel And More\"},\"image\":{\"@id\":\"https:\/\/tourtravelandmore.com\/es\/#\/schema\/logo\/image\/\"},\"sameAs\":[\"https:\/\/www.facebook.com\/tourtravelandmore\/\",\"https:\/\/x.com\/TourTravel_More\"]}]}<\/script>\n<!-- \/ Yoast SEO Premium plugin. -->","yoast_head_json":{"title":"\u27a1\ufe0f Tour Privado a Jebel Shams desde Muscat en veh\u00edculo de lujo | Tour Travel & More","description":"\u00danete a nosotros en este Tour Privado a Jebel Shams desde Muscat. Tenga la posibilidad de conocer uno de los lugares mas bellos de Oman \u2705","robots":{"index":"index","follow":"follow","max-snippet":"max-snippet:-1","max-image-preview":"max-image-preview:large","max-video-preview":"max-video-preview:-1"},"canonical":"https:\/\/tourtravelandmore.com\/es\/tours\/oman-es\/muscat-es\/muscat-rutas-turisticas-privadas-es\/tour-privado-a-jabel-shams-desde-muscat\/","og_locale":"es_ES","og_type":"article","og_title":"Tour Privado a Jebel Shams desde Muscat","og_description":"\u00danete a nosotros en este Tour Privado a Jebel Shams desde Muscat. Tenga la posibilidad de conocer uno de los lugares mas bellos de Oman \u2705","og_url":"https:\/\/tourtravelandmore.com\/es\/tours\/oman-es\/muscat-es\/muscat-rutas-turisticas-privadas-es\/tour-privado-a-jabel-shams-desde-muscat\/","og_site_name":"Tour Travel And More","article_publisher":"https:\/\/www.facebook.com\/tourtravelandmore\/","article_modified_time":"2023-12-22T10:41:47+00:00","og_image":[{"width":510,"height":340,"url":"https:\/\/tourtravelandmore.com\/wp-content\/uploads\/2020\/01\/jabel-3.jpg","type":"image\/jpeg"}],"twitter_card":"summary_large_image","twitter_site":"@TourTravel_More","twitter_misc":{"Tiempo de lectura":"2 minutos"},"schema":{"@context":"https:\/\/schema.org","@graph":[{"@type":"WebPage","@id":"https:\/\/tourtravelandmore.com\/es\/tours\/oman-es\/muscat-es\/muscat-rutas-turisticas-privadas-es\/tour-privado-a-jabel-shams-desde-muscat\/","url":"https:\/\/tourtravelandmore.com\/es\/tours\/oman-es\/muscat-es\/muscat-rutas-turisticas-privadas-es\/tour-privado-a-jabel-shams-desde-muscat\/","name":"\u27a1\ufe0f Tour Privado a Jebel Shams desde Muscat en veh\u00edculo de lujo | Tour Travel & More","isPartOf":{"@id":"https:\/\/tourtravelandmore.com\/es\/#website"},"primaryImageOfPage":{"@id":"https:\/\/tourtravelandmore.com\/es\/tours\/oman-es\/muscat-es\/muscat-rutas-turisticas-privadas-es\/tour-privado-a-jabel-shams-desde-muscat\/#primaryimage"},"image":{"@id":"https:\/\/tourtravelandmore.com\/es\/tours\/oman-es\/muscat-es\/muscat-rutas-turisticas-privadas-es\/tour-privado-a-jabel-shams-desde-muscat\/#primaryimage"},"thumbnailUrl":"https:\/\/tourtravelandmore.com\/wp-content\/uploads\/2020\/01\/jabel-3.jpg","datePublished":"2020-01-02T12:18:57+00:00","dateModified":"2023-12-22T10:41:47+00:00","description":"\u00danete a nosotros en este Tour Privado a Jebel Shams desde Muscat. Tenga la posibilidad de conocer uno de los lugares mas bellos de Oman \u2705","breadcrumb":{"@id":"https:\/\/tourtravelandmore.com\/es\/tours\/oman-es\/muscat-es\/muscat-rutas-turisticas-privadas-es\/tour-privado-a-jabel-shams-desde-muscat\/#breadcrumb"},"inLanguage":"es","potentialAction":[{"@type":"ReadAction","target":["https:\/\/tourtravelandmore.com\/es\/tours\/oman-es\/muscat-es\/muscat-rutas-turisticas-privadas-es\/tour-privado-a-jabel-shams-desde-muscat\/"]}]},{"@type":"ImageObject","inLanguage":"es","@id":"https:\/\/tourtravelandmore.com\/es\/tours\/oman-es\/muscat-es\/muscat-rutas-turisticas-privadas-es\/tour-privado-a-jabel-shams-desde-muscat\/#primaryimage","url":"https:\/\/tourtravelandmore.com\/wp-content\/uploads\/2020\/01\/jabel-3.jpg","contentUrl":"https:\/\/tourtravelandmore.com\/wp-content\/uploads\/2020\/01\/jabel-3.jpg","width":510,"height":340},{"@type":"BreadcrumbList","@id":"https:\/\/tourtravelandmore.com\/es\/tours\/oman-es\/muscat-es\/muscat-rutas-turisticas-privadas-es\/tour-privado-a-jabel-shams-desde-muscat\/#breadcrumb","itemListElement":[{"@type":"ListItem","position":1,"name":"Home","item":"https:\/\/tourtravelandmore.com\/es\/"},{"@type":"ListItem","position":2,"name":"Tours","item":"https:\/\/tourtravelandmore.com\/es\/tours\/"},{"@type":"ListItem","position":3,"name":"Tour Privado a Jebel Shams desde Muscat"}]},{"@type":"WebSite","@id":"https:\/\/tourtravelandmore.com\/es\/#website","url":"https:\/\/tourtravelandmore.com\/es\/","name":"Tour Travel And More","description":"Private sightseeing tours and luxury transfers in Spain","publisher":{"@id":"https:\/\/tourtravelandmore.com\/es\/#organization"},"potentialAction":[{"@type":"SearchAction","target":{"@type":"EntryPoint","urlTemplate":"https:\/\/tourtravelandmore.com\/es\/?s={search_term_string}"},"query-input":{"@type":"PropertyValueSpecification","valueRequired":true,"valueName":"search_term_string"}}],"inLanguage":"es"},{"@type":"Organization","@id":"https:\/\/tourtravelandmore.com\/es\/#organization","name":"Tour Travel And More","url":"https:\/\/tourtravelandmore.com\/es\/","logo":{"@type":"ImageObject","inLanguage":"es","@id":"https:\/\/tourtravelandmore.com\/es\/#\/schema\/logo\/image\/","url":"https:\/\/tourtravelandmore.com\/wp-content\/uploads\/2022\/12\/cropped-logo-cabecera-new.png","contentUrl":"https:\/\/tourtravelandmore.com\/wp-content\/uploads\/2022\/12\/cropped-logo-cabecera-new.png","width":430,"height":61,"caption":"Tour Travel And More"},"image":{"@id":"https:\/\/tourtravelandmore.com\/es\/#\/schema\/logo\/image\/"},"sameAs":["https:\/\/www.facebook.com\/tourtravelandmore\/","https:\/\/x.com\/TourTravel_More"]}]}},"_links":{"self":[{"href":"https:\/\/tourtravelandmore.com\/es\/wp-json\/wp\/v2\/product\/73473","targetHints":{"allow":["GET"]}}],"collection":[{"href":"https:\/\/tourtravelandmore.com\/es\/wp-json\/wp\/v2\/product"}],"about":[{"href":"https:\/\/tourtravelandmore.com\/es\/wp-json\/wp\/v2\/types\/product"}],"replies":[{"embeddable":true,"href":"https:\/\/tourtravelandmore.com\/es\/wp-json\/wp\/v2\/comments?post=73473"}],"wp:featuredmedia":[{"embeddable":true,"href":"https:\/\/tourtravelandmore.com\/es\/wp-json\/wp\/v2\/media\/92043"}],"wp:attachment":[{"href":"https:\/\/tourtravelandmore.com\/es\/wp-json\/wp\/v2\/media?parent=73473"}],"wp:term":[{"taxonomy":"product_brand","embeddable":true,"href":"https:\/\/tourtravelandmore.com\/es\/wp-json\/wp\/v2\/product_brand?post=73473"},{"taxonomy":"product_cat","embeddable":true,"href":"https:\/\/tourtravelandmore.com\/es\/wp-json\/wp\/v2\/product_cat?post=73473"},{"taxonomy":"product_tag","embeddable":true,"href":"https:\/\/tourtravelandmore.com\/es\/wp-json\/wp\/v2\/product_tag?post=73473"}],"curies":[{"name":"wp","href":"https:\/\/api.w.org\/{rel}","templated":true}]}}