{"id":73414,"date":"2019-12-31T13:54:24","date_gmt":"2019-12-31T12:54:25","guid":{"rendered":"https:\/\/tourtravelandmore.com\/?post_type=product&#038;p=73414"},"modified":"2023-12-22T11:44:46","modified_gmt":"2023-12-22T10:44:46","slug":"tour-privado-por-muscat","status":"publish","type":"product","link":"https:\/\/tourtravelandmore.com\/es\/tours\/oman-es\/muscat-es\/muscat-excursiones-privadas-cruceros-es\/tour-privado-por-muscat\/","title":{"rendered":"Tour Privado por Muscat"},"content":{"rendered":"<h2 id=\"tw-target-text\" class=\"tw-data-text tw-text-large XcVN5d tw-ta\" dir=\"ltr\" data-placeholder=\"Traducci\u00f3n\"><span lang=\"es\">Descripci\u00f3n del Tour Privado por Muscat<\/span><\/h2>\n<p>Disfrute de su tiempo en Muscat tanto como sea posible con este <strong>Tour Privado por Muscat<\/strong>.\u00a0<span class=\"JLqJ4b ChMk0b\" data-language-for-alternatives=\"es\" data-language-to-translate-into=\"en\" data-phrase-index=\"1\">Este recorrido privado lo llevar\u00e1 a todos los sitios \u00fanicos de la ciudad.\u00a0<\/span><\/p>\n<p><span class=\"JLqJ4b ChMk0b\" data-language-for-alternatives=\"es\" data-language-to-translate-into=\"en\" data-phrase-index=\"1\"><span class=\"JLqJ4b\" data-language-for-alternatives=\"es\" data-language-to-translate-into=\"en\" data-phrase-index=\"3\"> Conocer\u00e1s los lugares m\u00e1s emblem\u00e1ticos y bonitos de esta maravillosa ciudad, en tu veh\u00edculo privado de lujo, con chofer privado y gu\u00eda tur\u00edstico. <\/span><\/span><\/p>\n<p><span class=\"JLqJ4b ChMk0b\" data-language-for-alternatives=\"es\" data-language-to-translate-into=\"en\" data-phrase-index=\"1\"><span class=\"JLqJ4b\" data-language-for-alternatives=\"es\" data-language-to-translate-into=\"en\" data-phrase-index=\"3\">La recogida puede ser desde su hotel o lugar de elecci\u00f3n. Podemos adem\u00e1s organizar una excursi\u00f3n desde la terminal de cruceros para usted si lo desea. \u00a1P\u00f3ngase en contacto con nuestros expertos en viajes para m\u00e1s informaci\u00f3n!<\/span><\/span><\/p>\n<h2>Puntos emblem\u00e1ticos y de inter\u00e9s en el Tour Privado por Muscat<\/h2>\n<p>Durante este tour privado por Muscat, descubrir\u00e1 algunos de los sitios m\u00e1s emblem\u00e1ticos de la ciudad con un experto local. Una vez comenzado el recorrido por Muscat, le ofrecemos visitar, entre otros sitios:<\/p>\n<p><strong>Gran Mezquita del Sult\u00e1n Qaboos<\/strong><br \/>\nQaboos bin Said al Said, sult\u00e1n de Om\u00e1n, regal\u00f3 esta majestuosa pieza de arquitectura al pa\u00eds en 2001, despu\u00e9s de seis a\u00f1os de construcci\u00f3n. Construida sobre piedra arenisca de la India, esta mezquita puede recibir a m\u00e1s de 20.000 fieles y tiene la segunda alfombra iran\u00ed m\u00e1s grande tejida a mano. La belleza de los coloridos mosaicos te dejar\u00e1 sin aliento.<\/p>\n<p><strong>Palacio y Fuertes de Al Alam<\/strong><br \/>\nUbicado en el viejo Muscat, el palacio Al Alam es el palacio ceremonial del Sult\u00e1n de Om\u00e1n. Rodeado por dos fortalezas portuguesas del siglo XVI y por varios otros edificios gubernamentales, posee un dise\u00f1o elegante, pero humilde que representa la cultura oman\u00ed. Disfruta del paseo por estos emblem\u00e1ticos sitios.<\/p>\n<p><strong>Muscat viejo<\/strong><br \/>\nEsta ciudad caracter\u00edstica es una brisa fresca del antiguo encanto \u00e1rabe. Separado de la moderna Muscat por monta\u00f1as escarpadas y murallas de 500 a\u00f1os de antig\u00fcedad, sentir\u00e1 la herencia de Om\u00e1n mientras visita un zoco o camina por sus calles tradicionales.<\/p>\n<h2>Continuemos la ruta por Muscat&#8230;<\/h2>\n<p><strong>Muttrah Souq<\/strong><span class=\"JLqJ4b\" data-language-for-alternatives=\"es\" data-language-to-translate-into=\"en\" data-phrase-index=\"1\"><br \/>\n<span class=\"JLqJ4b ChMk0b\" data-language-for-alternatives=\"es\" data-language-to-translate-into=\"en\" data-phrase-index=\"2\">Pi\u00e9rdete en los pasillos de este hist\u00f3rico mercado \u00e1rabe, compra algunas antig\u00fcedades, joyas o textiles indios y oman\u00edes y vive una experiencia \u00fanica tratando de negociar con los vendedores. \u00a1Usa todos tus encantos para conseguir el mejor precio! <\/span><\/span><\/p>\n<p><span class=\"JLqJ4b\" data-language-for-alternatives=\"es\" data-language-to-translate-into=\"en\" data-phrase-index=\"1\"><span class=\"JLqJ4b ChMk0b\" data-language-for-alternatives=\"es\" data-language-to-translate-into=\"en\" data-phrase-index=\"2\"><strong>Museo Bait Al Zubair<\/strong><br \/>\nEsta herencia viva de la cultura oman\u00ed exhibe una extensa colecci\u00f3n de armas antiguas, artesan\u00edas tradicionales, monedas y sellos. Conoce en profundidad esta cultura antigua en tu visita al museo. <\/span><\/span><\/p>\n<p><span class=\"JLqJ4b\" data-language-for-alternatives=\"es\" data-language-to-translate-into=\"en\" data-phrase-index=\"1\"><span class=\"JLqJ4b ChMk0b\" data-language-for-alternatives=\"es\" data-language-to-translate-into=\"en\" data-phrase-index=\"2\"><strong>Royal Opera House<\/strong><br \/>\nEsta pieza \u00fanica de la arquitectura oman\u00ed es la casa de la m\u00fasica y las artes cl\u00e1sicas. Con actuaciones de Pl\u00e1cido Domingo o Andrea Bocelli, la \u00d3pera es mundialmente famosa por la alta calidad de sus espect\u00e1culos. En los alrededores encontrar\u00e1 jardines paisaj\u00edsticos, mercados comerciales con restaurantes de lujo y un centro de arte para producciones musicales y teatrales. <\/span><\/span><\/p>\n<p><span class=\"JLqJ4b\" data-language-for-alternatives=\"es\" data-language-to-translate-into=\"en\" data-phrase-index=\"1\"><span class=\"JLqJ4b ChMk0b\" data-language-for-alternatives=\"es\" data-language-to-translate-into=\"en\" data-phrase-index=\"2\"><a href=\"https:\/\/tourtravelandmore.com\/es\/ciudad\/oman-es\/muscat-es\/\">Eche un vistazo a todos nuestros otros tours privados de Muscat.<\/a>\u00a1Ofrecemos tours privados en cualquier ciudad del mundo!<\/span><\/span><\/p>\n","protected":false},"excerpt":{"rendered":"<p>Toma la oportunidad de conocer\u00a0<strong>Muscat<\/strong>, una de las ciudades m\u00e1s hermosas de Asia, en su\u00a0<strong>veh\u00edculo privado de lujo<\/strong>, con\u00a0<b>ch\u00f3fer<\/b>\u00a0y\u00a0<strong>gu\u00eda privados<\/strong>.<\/p>\n","protected":false},"featured_media":73428,"comment_status":"open","ping_status":"closed","template":"","meta":{"_acf_changed":false},"product_brand":[],"product_cat":[1982,1988,1992,1990,1602],"product_tag":[],"class_list":{"0":"post-73414","1":"product","2":"type-product","3":"status-publish","4":"has-post-thumbnail","6":"product_cat-oman-es","7":"product_cat-muscat-es","8":"product_cat-muscat-actividades-es","9":"product_cat-muscat-excursiones-privadas-cruceros-es","10":"product_cat-eeuu-es","12":"first","13":"instock","14":"shipping-taxable","15":"purchasable","16":"product-type-simple"},"acf":[],"yoast_head":"<!-- This site is optimized with the Yoast SEO Premium plugin v25.3.1 (Yoast SEO v25.3.1) - https:\/\/yoast.com\/wordpress\/plugins\/seo\/ -->\n<title>\u27a1\ufe0f Tour Privado por Muscat con chofer y gu\u00eda oficial local | Tour Travel &amp; More<\/title>\n<meta name=\"description\" content=\"Tour privado por Muscat donde podr\u00e1 explorar sus maravillosas mezquitas, sus deslumbrantes palacios y sus centenarias fortalezas \u2705\" \/>\n<meta name=\"robots\" content=\"index, follow, max-snippet:-1, max-image-preview:large, max-video-preview:-1\" \/>\n<link rel=\"canonical\" href=\"https:\/\/tourtravelandmore.com\/es\/tours\/oman-es\/muscat-es\/muscat-excursiones-privadas-cruceros-es\/tour-privado-por-muscat\/\" \/>\n<meta property=\"og:locale\" content=\"es_ES\" \/>\n<meta property=\"og:type\" content=\"article\" \/>\n<meta property=\"og:title\" content=\"Tour Privado por Muscat\" \/>\n<meta property=\"og:description\" content=\"Tour privado por Muscat donde podr\u00e1 explorar sus maravillosas mezquitas, sus deslumbrantes palacios y sus centenarias fortalezas \u2705\" \/>\n<meta property=\"og:url\" content=\"https:\/\/tourtravelandmore.com\/es\/tours\/oman-es\/muscat-es\/muscat-excursiones-privadas-cruceros-es\/tour-privado-por-muscat\/\" \/>\n<meta property=\"og:site_name\" content=\"Tour Travel And More\" \/>\n<meta property=\"article:publisher\" content=\"https:\/\/www.facebook.com\/tourtravelandmore\/\" \/>\n<meta property=\"article:modified_time\" content=\"2023-12-22T10:44:46+00:00\" \/>\n<meta property=\"og:image\" content=\"https:\/\/tourtravelandmore.com\/wp-content\/uploads\/2019\/12\/mu9.jpg\" \/>\n\t<meta property=\"og:image:width\" content=\"1500\" \/>\n\t<meta property=\"og:image:height\" content=\"1000\" \/>\n\t<meta property=\"og:image:type\" content=\"image\/jpeg\" \/>\n<meta name=\"twitter:card\" content=\"summary_large_image\" \/>\n<meta name=\"twitter:site\" content=\"@TourTravel_More\" \/>\n<meta name=\"twitter:label1\" content=\"Tiempo de lectura\" \/>\n\t<meta name=\"twitter:data1\" content=\"3 minutos\" \/>\n<script type=\"application\/ld+json\" class=\"yoast-schema-graph\">{\"@context\":\"https:\/\/schema.org\",\"@graph\":[{\"@type\":\"WebPage\",\"@id\":\"https:\/\/tourtravelandmore.com\/es\/tours\/oman-es\/muscat-es\/muscat-excursiones-privadas-cruceros-es\/tour-privado-por-muscat\/\",\"url\":\"https:\/\/tourtravelandmore.com\/es\/tours\/oman-es\/muscat-es\/muscat-excursiones-privadas-cruceros-es\/tour-privado-por-muscat\/\",\"name\":\"\u27a1\ufe0f Tour Privado por Muscat con chofer y gu\u00eda oficial local | Tour Travel & More\",\"isPartOf\":{\"@id\":\"https:\/\/tourtravelandmore.com\/es\/#website\"},\"primaryImageOfPage\":{\"@id\":\"https:\/\/tourtravelandmore.com\/es\/tours\/oman-es\/muscat-es\/muscat-excursiones-privadas-cruceros-es\/tour-privado-por-muscat\/#primaryimage\"},\"image\":{\"@id\":\"https:\/\/tourtravelandmore.com\/es\/tours\/oman-es\/muscat-es\/muscat-excursiones-privadas-cruceros-es\/tour-privado-por-muscat\/#primaryimage\"},\"thumbnailUrl\":\"https:\/\/tourtravelandmore.com\/wp-content\/uploads\/2019\/12\/mu9.jpg\",\"datePublished\":\"2019-12-31T12:54:25+00:00\",\"dateModified\":\"2023-12-22T10:44:46+00:00\",\"description\":\"Tour privado por Muscat donde podr\u00e1 explorar sus maravillosas mezquitas, sus deslumbrantes palacios y sus centenarias fortalezas \u2705\",\"breadcrumb\":{\"@id\":\"https:\/\/tourtravelandmore.com\/es\/tours\/oman-es\/muscat-es\/muscat-excursiones-privadas-cruceros-es\/tour-privado-por-muscat\/#breadcrumb\"},\"inLanguage\":\"es\",\"potentialAction\":[{\"@type\":\"ReadAction\",\"target\":[\"https:\/\/tourtravelandmore.com\/es\/tours\/oman-es\/muscat-es\/muscat-excursiones-privadas-cruceros-es\/tour-privado-por-muscat\/\"]}]},{\"@type\":\"ImageObject\",\"inLanguage\":\"es\",\"@id\":\"https:\/\/tourtravelandmore.com\/es\/tours\/oman-es\/muscat-es\/muscat-excursiones-privadas-cruceros-es\/tour-privado-por-muscat\/#primaryimage\",\"url\":\"https:\/\/tourtravelandmore.com\/wp-content\/uploads\/2019\/12\/mu9.jpg\",\"contentUrl\":\"https:\/\/tourtravelandmore.com\/wp-content\/uploads\/2019\/12\/mu9.jpg\",\"width\":1500,\"height\":1000},{\"@type\":\"BreadcrumbList\",\"@id\":\"https:\/\/tourtravelandmore.com\/es\/tours\/oman-es\/muscat-es\/muscat-excursiones-privadas-cruceros-es\/tour-privado-por-muscat\/#breadcrumb\",\"itemListElement\":[{\"@type\":\"ListItem\",\"position\":1,\"name\":\"Home\",\"item\":\"https:\/\/tourtravelandmore.com\/es\/\"},{\"@type\":\"ListItem\",\"position\":2,\"name\":\"Tours\",\"item\":\"https:\/\/tourtravelandmore.com\/es\/tours\/\"},{\"@type\":\"ListItem\",\"position\":3,\"name\":\"Tour Privado por Muscat\"}]},{\"@type\":\"WebSite\",\"@id\":\"https:\/\/tourtravelandmore.com\/es\/#website\",\"url\":\"https:\/\/tourtravelandmore.com\/es\/\",\"name\":\"Tour Travel And More\",\"description\":\"Private sightseeing tours and luxury transfers in Spain\",\"publisher\":{\"@id\":\"https:\/\/tourtravelandmore.com\/es\/#organization\"},\"potentialAction\":[{\"@type\":\"SearchAction\",\"target\":{\"@type\":\"EntryPoint\",\"urlTemplate\":\"https:\/\/tourtravelandmore.com\/es\/?s={search_term_string}\"},\"query-input\":{\"@type\":\"PropertyValueSpecification\",\"valueRequired\":true,\"valueName\":\"search_term_string\"}}],\"inLanguage\":\"es\"},{\"@type\":\"Organization\",\"@id\":\"https:\/\/tourtravelandmore.com\/es\/#organization\",\"name\":\"Tour Travel And More\",\"url\":\"https:\/\/tourtravelandmore.com\/es\/\",\"logo\":{\"@type\":\"ImageObject\",\"inLanguage\":\"es\",\"@id\":\"https:\/\/tourtravelandmore.com\/es\/#\/schema\/logo\/image\/\",\"url\":\"https:\/\/tourtravelandmore.com\/wp-content\/uploads\/2022\/12\/cropped-logo-cabecera-new.png\",\"contentUrl\":\"https:\/\/tourtravelandmore.com\/wp-content\/uploads\/2022\/12\/cropped-logo-cabecera-new.png\",\"width\":430,\"height\":61,\"caption\":\"Tour Travel And More\"},\"image\":{\"@id\":\"https:\/\/tourtravelandmore.com\/es\/#\/schema\/logo\/image\/\"},\"sameAs\":[\"https:\/\/www.facebook.com\/tourtravelandmore\/\",\"https:\/\/x.com\/TourTravel_More\"]}]}<\/script>\n<!-- \/ Yoast SEO Premium plugin. -->","yoast_head_json":{"title":"\u27a1\ufe0f Tour Privado por Muscat con chofer y gu\u00eda oficial local | Tour Travel & More","description":"Tour privado por Muscat donde podr\u00e1 explorar sus maravillosas mezquitas, sus deslumbrantes palacios y sus centenarias fortalezas \u2705","robots":{"index":"index","follow":"follow","max-snippet":"max-snippet:-1","max-image-preview":"max-image-preview:large","max-video-preview":"max-video-preview:-1"},"canonical":"https:\/\/tourtravelandmore.com\/es\/tours\/oman-es\/muscat-es\/muscat-excursiones-privadas-cruceros-es\/tour-privado-por-muscat\/","og_locale":"es_ES","og_type":"article","og_title":"Tour Privado por Muscat","og_description":"Tour privado por Muscat donde podr\u00e1 explorar sus maravillosas mezquitas, sus deslumbrantes palacios y sus centenarias fortalezas \u2705","og_url":"https:\/\/tourtravelandmore.com\/es\/tours\/oman-es\/muscat-es\/muscat-excursiones-privadas-cruceros-es\/tour-privado-por-muscat\/","og_site_name":"Tour Travel And More","article_publisher":"https:\/\/www.facebook.com\/tourtravelandmore\/","article_modified_time":"2023-12-22T10:44:46+00:00","og_image":[{"width":1500,"height":1000,"url":"https:\/\/tourtravelandmore.com\/wp-content\/uploads\/2019\/12\/mu9.jpg","type":"image\/jpeg"}],"twitter_card":"summary_large_image","twitter_site":"@TourTravel_More","twitter_misc":{"Tiempo de lectura":"3 minutos"},"schema":{"@context":"https:\/\/schema.org","@graph":[{"@type":"WebPage","@id":"https:\/\/tourtravelandmore.com\/es\/tours\/oman-es\/muscat-es\/muscat-excursiones-privadas-cruceros-es\/tour-privado-por-muscat\/","url":"https:\/\/tourtravelandmore.com\/es\/tours\/oman-es\/muscat-es\/muscat-excursiones-privadas-cruceros-es\/tour-privado-por-muscat\/","name":"\u27a1\ufe0f Tour Privado por Muscat con chofer y gu\u00eda oficial local | Tour Travel & More","isPartOf":{"@id":"https:\/\/tourtravelandmore.com\/es\/#website"},"primaryImageOfPage":{"@id":"https:\/\/tourtravelandmore.com\/es\/tours\/oman-es\/muscat-es\/muscat-excursiones-privadas-cruceros-es\/tour-privado-por-muscat\/#primaryimage"},"image":{"@id":"https:\/\/tourtravelandmore.com\/es\/tours\/oman-es\/muscat-es\/muscat-excursiones-privadas-cruceros-es\/tour-privado-por-muscat\/#primaryimage"},"thumbnailUrl":"https:\/\/tourtravelandmore.com\/wp-content\/uploads\/2019\/12\/mu9.jpg","datePublished":"2019-12-31T12:54:25+00:00","dateModified":"2023-12-22T10:44:46+00:00","description":"Tour privado por Muscat donde podr\u00e1 explorar sus maravillosas mezquitas, sus deslumbrantes palacios y sus centenarias fortalezas \u2705","breadcrumb":{"@id":"https:\/\/tourtravelandmore.com\/es\/tours\/oman-es\/muscat-es\/muscat-excursiones-privadas-cruceros-es\/tour-privado-por-muscat\/#breadcrumb"},"inLanguage":"es","potentialAction":[{"@type":"ReadAction","target":["https:\/\/tourtravelandmore.com\/es\/tours\/oman-es\/muscat-es\/muscat-excursiones-privadas-cruceros-es\/tour-privado-por-muscat\/"]}]},{"@type":"ImageObject","inLanguage":"es","@id":"https:\/\/tourtravelandmore.com\/es\/tours\/oman-es\/muscat-es\/muscat-excursiones-privadas-cruceros-es\/tour-privado-por-muscat\/#primaryimage","url":"https:\/\/tourtravelandmore.com\/wp-content\/uploads\/2019\/12\/mu9.jpg","contentUrl":"https:\/\/tourtravelandmore.com\/wp-content\/uploads\/2019\/12\/mu9.jpg","width":1500,"height":1000},{"@type":"BreadcrumbList","@id":"https:\/\/tourtravelandmore.com\/es\/tours\/oman-es\/muscat-es\/muscat-excursiones-privadas-cruceros-es\/tour-privado-por-muscat\/#breadcrumb","itemListElement":[{"@type":"ListItem","position":1,"name":"Home","item":"https:\/\/tourtravelandmore.com\/es\/"},{"@type":"ListItem","position":2,"name":"Tours","item":"https:\/\/tourtravelandmore.com\/es\/tours\/"},{"@type":"ListItem","position":3,"name":"Tour Privado por Muscat"}]},{"@type":"WebSite","@id":"https:\/\/tourtravelandmore.com\/es\/#website","url":"https:\/\/tourtravelandmore.com\/es\/","name":"Tour Travel And More","description":"Private sightseeing tours and luxury transfers in Spain","publisher":{"@id":"https:\/\/tourtravelandmore.com\/es\/#organization"},"potentialAction":[{"@type":"SearchAction","target":{"@type":"EntryPoint","urlTemplate":"https:\/\/tourtravelandmore.com\/es\/?s={search_term_string}"},"query-input":{"@type":"PropertyValueSpecification","valueRequired":true,"valueName":"search_term_string"}}],"inLanguage":"es"},{"@type":"Organization","@id":"https:\/\/tourtravelandmore.com\/es\/#organization","name":"Tour Travel And More","url":"https:\/\/tourtravelandmore.com\/es\/","logo":{"@type":"ImageObject","inLanguage":"es","@id":"https:\/\/tourtravelandmore.com\/es\/#\/schema\/logo\/image\/","url":"https:\/\/tourtravelandmore.com\/wp-content\/uploads\/2022\/12\/cropped-logo-cabecera-new.png","contentUrl":"https:\/\/tourtravelandmore.com\/wp-content\/uploads\/2022\/12\/cropped-logo-cabecera-new.png","width":430,"height":61,"caption":"Tour Travel And More"},"image":{"@id":"https:\/\/tourtravelandmore.com\/es\/#\/schema\/logo\/image\/"},"sameAs":["https:\/\/www.facebook.com\/tourtravelandmore\/","https:\/\/x.com\/TourTravel_More"]}]}},"_links":{"self":[{"href":"https:\/\/tourtravelandmore.com\/es\/wp-json\/wp\/v2\/product\/73414","targetHints":{"allow":["GET"]}}],"collection":[{"href":"https:\/\/tourtravelandmore.com\/es\/wp-json\/wp\/v2\/product"}],"about":[{"href":"https:\/\/tourtravelandmore.com\/es\/wp-json\/wp\/v2\/types\/product"}],"replies":[{"embeddable":true,"href":"https:\/\/tourtravelandmore.com\/es\/wp-json\/wp\/v2\/comments?post=73414"}],"wp:featuredmedia":[{"embeddable":true,"href":"https:\/\/tourtravelandmore.com\/es\/wp-json\/wp\/v2\/media\/73428"}],"wp:attachment":[{"href":"https:\/\/tourtravelandmore.com\/es\/wp-json\/wp\/v2\/media?parent=73414"}],"wp:term":[{"taxonomy":"product_brand","embeddable":true,"href":"https:\/\/tourtravelandmore.com\/es\/wp-json\/wp\/v2\/product_brand?post=73414"},{"taxonomy":"product_cat","embeddable":true,"href":"https:\/\/tourtravelandmore.com\/es\/wp-json\/wp\/v2\/product_cat?post=73414"},{"taxonomy":"product_tag","embeddable":true,"href":"https:\/\/tourtravelandmore.com\/es\/wp-json\/wp\/v2\/product_tag?post=73414"}],"curies":[{"name":"wp","href":"https:\/\/api.w.org\/{rel}","templated":true}]}}