{"id":73215,"date":"2019-12-27T13:59:15","date_gmt":"2019-12-27T12:59:16","guid":{"rendered":"https:\/\/tourtravelandmore.com\/?post_type=product&#038;p=73215"},"modified":"2022-01-21T20:18:38","modified_gmt":"2022-01-21T19:18:38","slug":"traslado-privado-en-dubai","status":"publish","type":"product","link":"https:\/\/tourtravelandmore.com\/es\/tours\/emiratos-arabes-unidos-es\/dubai-es\/dubai-traslados-es\/traslado-privado-en-dubai\/","title":{"rendered":"Transfer Privado hasta\/desde aeropuerto o puerto de Dubai"},"content":{"rendered":"<h2>Nuestros traslados privados en Dubai<\/h2>\n<p>Le ofrecemos la manera m\u00e1s r\u00e1pida y relajante de llegar a su destino final en <b>Dubai <\/b>a trav\u00e9s de nuestra flota de <strong>coches y minivans privados<\/strong>. Disfrute de una experiencia relajante sin colas con nuestro traslado privado en Dubai.<\/p>\n<p>Ofrecemos <strong>todo tipo de traslados<\/strong> en Dubai; incluyendo<strong>\u00a0recogidas en el aeropuerto<\/strong>, disposiciones para cenas, traslados desde o hacia el puerto, as\u00ed como tambi\u00e9n traslados a otras ciudades de los <strong>Emiratos Arabes Unidos<\/strong><\/p>\n<p>Cuando llegue al aeropuerto o puerto, nuestro personal estar\u00e1 esper\u00e1ndole con un cartel a su nombre en la terminal de llegada. Durante su traslado a destino podr\u00e1 disfrutar de una vista panor\u00e1mica de la ciudad.<\/p>\n<p>No limitamos el n\u00famero de maletas, pero le pedimos nos informe de cu\u00e1nto equipaje lleva por razones de log\u00edstica.<\/p>\n<h2>Puntos de inter\u00e9s de nuestros traslados privados en Dubai<\/h2>\n<p>Dubai es conocida por sus centros comerciales de lujo, su arquitectura moderna, sus imponentes rascacielos y por su vida nocturna. Burj Khalifa, con sus impresionantes 830 metros de altura domina un paisaje colmado de rascacielos. A sus pies, la fuente de Dubai, marca el tiempo de la ciudad con distintas coreograf\u00edas de luces al ritmo de la m\u00fasica. Junto a la costa de las islas artificiales tambi\u00e9n se encuentra Atlantis, un complejo con parques de agua y de animales marinos.<\/p>\n<p>En la actualidad es la ciudad con m\u00e1s habitantes de los Emiratos \u00c1rabes Unidos, y la capital del Emirato de Dubai. Una ciudad donde la tradici\u00f3n Isl\u00e1mica y el estilo de vida moderno se encuentran para hacer un destino perfecto tanto para viajeros experimentados como para los m\u00e1s novatos.<\/p>\n<p>Perm\u00edtanos coordinar su transporte privado en Dubai. Disfrute de un traslado privado en Dubai a medida.<\/p>\n<p>Si desean profundizar en este lugar \u00fanico,<strong> <a href=\"https:\/\/tourtravelandmore.com\/es\/ciudad\/emiratos-arabes-unidos-es\/\" rel=\"noopener noreferrer\">no se pierda nuestros tours privados en los Emiratos \u00c1rabes Unidos.<\/a><\/strong><\/p>\n","protected":false},"excerpt":{"rendered":"<p>Perm\u00edtanos coordinar sus traslados privados en Dubai. Llegue\u00a0a su destino en<strong> Dubai <\/strong>de la manera m\u00e1s c\u00f3moda y r\u00e1pida posible.<strong> Organizamos recogidas desde su hotel, aeropuerto o cualquier lugar de Dubai.<\/strong><\/p>\n","protected":false},"featured_media":118002,"comment_status":"open","ping_status":"closed","template":"","meta":{"_acf_changed":false},"product_brand":[],"product_cat":[1905,1964,1969,1965],"product_tag":[],"class_list":{"0":"post-73215","1":"product","2":"type-product","3":"status-publish","4":"has-post-thumbnail","6":"product_cat-emiratos-arabes-unidos-es","7":"product_cat-dubai-es","8":"product_cat-dubai-actividades-es","9":"product_cat-dubai-traslados-es","11":"first","12":"instock","13":"shipping-taxable","14":"purchasable","15":"product-type-simple"},"acf":[],"yoast_head":"<!-- This site is optimized with the Yoast SEO Premium plugin v25.3.1 (Yoast SEO v25.3.1) - https:\/\/yoast.com\/wordpress\/plugins\/seo\/ -->\n<title>Traslado privado en Dubai - Veh\u00edculos de lujo y chofer profesional | TTM<\/title>\n<meta name=\"description\" content=\"Le ofrecemos la manera m\u00e1s c\u00f3moda de llegar a su destino final. Disfrute una experiencia relajante con nuestro traslado privado en Dubai.\" \/>\n<meta name=\"robots\" content=\"index, follow, max-snippet:-1, max-image-preview:large, max-video-preview:-1\" \/>\n<link rel=\"canonical\" href=\"https:\/\/tourtravelandmore.com\/es\/tours\/emiratos-arabes-unidos-es\/dubai-es\/dubai-traslados-es\/traslado-privado-en-dubai\/\" \/>\n<meta property=\"og:locale\" content=\"es_ES\" \/>\n<meta property=\"og:type\" content=\"article\" \/>\n<meta property=\"og:title\" content=\"Transfer Privado hasta\/desde aeropuerto o puerto de Dubai\" \/>\n<meta property=\"og:description\" content=\"Le ofrecemos la manera m\u00e1s c\u00f3moda de llegar a su destino final. Disfrute una experiencia relajante con nuestro traslado privado en Dubai.\" \/>\n<meta property=\"og:url\" content=\"https:\/\/tourtravelandmore.com\/es\/tours\/emiratos-arabes-unidos-es\/dubai-es\/dubai-traslados-es\/traslado-privado-en-dubai\/\" \/>\n<meta property=\"og:site_name\" content=\"Tour Travel And More\" \/>\n<meta property=\"article:publisher\" content=\"https:\/\/www.facebook.com\/tourtravelandmore\/\" \/>\n<meta property=\"article:modified_time\" content=\"2022-01-21T19:18:38+00:00\" \/>\n<meta property=\"og:image\" content=\"https:\/\/tourtravelandmore.com\/wp-content\/uploads\/2019\/12\/shahzin-shajid-QFIJFSOHoZY-unsplash.jpg\" \/>\n\t<meta property=\"og:image:width\" content=\"1993\" \/>\n\t<meta property=\"og:image:height\" content=\"1329\" \/>\n\t<meta property=\"og:image:type\" content=\"image\/jpeg\" \/>\n<meta name=\"twitter:card\" content=\"summary_large_image\" \/>\n<meta name=\"twitter:site\" content=\"@TourTravel_More\" \/>\n<meta name=\"twitter:label1\" content=\"Tiempo de lectura\" \/>\n\t<meta name=\"twitter:data1\" content=\"2 minutos\" \/>\n<script type=\"application\/ld+json\" class=\"yoast-schema-graph\">{\"@context\":\"https:\/\/schema.org\",\"@graph\":[{\"@type\":\"WebPage\",\"@id\":\"https:\/\/tourtravelandmore.com\/es\/tours\/emiratos-arabes-unidos-es\/dubai-es\/dubai-traslados-es\/traslado-privado-en-dubai\/\",\"url\":\"https:\/\/tourtravelandmore.com\/es\/tours\/emiratos-arabes-unidos-es\/dubai-es\/dubai-traslados-es\/traslado-privado-en-dubai\/\",\"name\":\"Traslado privado en Dubai - Veh\u00edculos de lujo y chofer profesional | TTM\",\"isPartOf\":{\"@id\":\"https:\/\/tourtravelandmore.com\/es\/#website\"},\"primaryImageOfPage\":{\"@id\":\"https:\/\/tourtravelandmore.com\/es\/tours\/emiratos-arabes-unidos-es\/dubai-es\/dubai-traslados-es\/traslado-privado-en-dubai\/#primaryimage\"},\"image\":{\"@id\":\"https:\/\/tourtravelandmore.com\/es\/tours\/emiratos-arabes-unidos-es\/dubai-es\/dubai-traslados-es\/traslado-privado-en-dubai\/#primaryimage\"},\"thumbnailUrl\":\"https:\/\/tourtravelandmore.com\/wp-content\/uploads\/2019\/12\/shahzin-shajid-QFIJFSOHoZY-unsplash.jpg\",\"datePublished\":\"2019-12-27T12:59:16+00:00\",\"dateModified\":\"2022-01-21T19:18:38+00:00\",\"description\":\"Le ofrecemos la manera m\u00e1s c\u00f3moda de llegar a su destino final. Disfrute una experiencia relajante con nuestro traslado privado en Dubai.\",\"breadcrumb\":{\"@id\":\"https:\/\/tourtravelandmore.com\/es\/tours\/emiratos-arabes-unidos-es\/dubai-es\/dubai-traslados-es\/traslado-privado-en-dubai\/#breadcrumb\"},\"inLanguage\":\"es\",\"potentialAction\":[{\"@type\":\"ReadAction\",\"target\":[\"https:\/\/tourtravelandmore.com\/es\/tours\/emiratos-arabes-unidos-es\/dubai-es\/dubai-traslados-es\/traslado-privado-en-dubai\/\"]}]},{\"@type\":\"ImageObject\",\"inLanguage\":\"es\",\"@id\":\"https:\/\/tourtravelandmore.com\/es\/tours\/emiratos-arabes-unidos-es\/dubai-es\/dubai-traslados-es\/traslado-privado-en-dubai\/#primaryimage\",\"url\":\"https:\/\/tourtravelandmore.com\/wp-content\/uploads\/2019\/12\/shahzin-shajid-QFIJFSOHoZY-unsplash.jpg\",\"contentUrl\":\"https:\/\/tourtravelandmore.com\/wp-content\/uploads\/2019\/12\/shahzin-shajid-QFIJFSOHoZY-unsplash.jpg\",\"width\":1993,\"height\":1329},{\"@type\":\"BreadcrumbList\",\"@id\":\"https:\/\/tourtravelandmore.com\/es\/tours\/emiratos-arabes-unidos-es\/dubai-es\/dubai-traslados-es\/traslado-privado-en-dubai\/#breadcrumb\",\"itemListElement\":[{\"@type\":\"ListItem\",\"position\":1,\"name\":\"Home\",\"item\":\"https:\/\/tourtravelandmore.com\/es\/\"},{\"@type\":\"ListItem\",\"position\":2,\"name\":\"Tours\",\"item\":\"https:\/\/tourtravelandmore.com\/es\/tours\/\"},{\"@type\":\"ListItem\",\"position\":3,\"name\":\"Transfer Privado hasta\/desde aeropuerto o puerto de Dubai\"}]},{\"@type\":\"WebSite\",\"@id\":\"https:\/\/tourtravelandmore.com\/es\/#website\",\"url\":\"https:\/\/tourtravelandmore.com\/es\/\",\"name\":\"Tour Travel And More\",\"description\":\"Private sightseeing tours and luxury transfers in Spain\",\"publisher\":{\"@id\":\"https:\/\/tourtravelandmore.com\/es\/#organization\"},\"potentialAction\":[{\"@type\":\"SearchAction\",\"target\":{\"@type\":\"EntryPoint\",\"urlTemplate\":\"https:\/\/tourtravelandmore.com\/es\/?s={search_term_string}\"},\"query-input\":{\"@type\":\"PropertyValueSpecification\",\"valueRequired\":true,\"valueName\":\"search_term_string\"}}],\"inLanguage\":\"es\"},{\"@type\":\"Organization\",\"@id\":\"https:\/\/tourtravelandmore.com\/es\/#organization\",\"name\":\"Tour Travel And More\",\"url\":\"https:\/\/tourtravelandmore.com\/es\/\",\"logo\":{\"@type\":\"ImageObject\",\"inLanguage\":\"es\",\"@id\":\"https:\/\/tourtravelandmore.com\/es\/#\/schema\/logo\/image\/\",\"url\":\"https:\/\/tourtravelandmore.com\/wp-content\/uploads\/2022\/12\/cropped-logo-cabecera-new.png\",\"contentUrl\":\"https:\/\/tourtravelandmore.com\/wp-content\/uploads\/2022\/12\/cropped-logo-cabecera-new.png\",\"width\":430,\"height\":61,\"caption\":\"Tour Travel And More\"},\"image\":{\"@id\":\"https:\/\/tourtravelandmore.com\/es\/#\/schema\/logo\/image\/\"},\"sameAs\":[\"https:\/\/www.facebook.com\/tourtravelandmore\/\",\"https:\/\/x.com\/TourTravel_More\"]}]}<\/script>\n<!-- \/ Yoast SEO Premium plugin. -->","yoast_head_json":{"title":"Traslado privado en Dubai - Veh\u00edculos de lujo y chofer profesional | TTM","description":"Le ofrecemos la manera m\u00e1s c\u00f3moda de llegar a su destino final. Disfrute una experiencia relajante con nuestro traslado privado en Dubai.","robots":{"index":"index","follow":"follow","max-snippet":"max-snippet:-1","max-image-preview":"max-image-preview:large","max-video-preview":"max-video-preview:-1"},"canonical":"https:\/\/tourtravelandmore.com\/es\/tours\/emiratos-arabes-unidos-es\/dubai-es\/dubai-traslados-es\/traslado-privado-en-dubai\/","og_locale":"es_ES","og_type":"article","og_title":"Transfer Privado hasta\/desde aeropuerto o puerto de Dubai","og_description":"Le ofrecemos la manera m\u00e1s c\u00f3moda de llegar a su destino final. Disfrute una experiencia relajante con nuestro traslado privado en Dubai.","og_url":"https:\/\/tourtravelandmore.com\/es\/tours\/emiratos-arabes-unidos-es\/dubai-es\/dubai-traslados-es\/traslado-privado-en-dubai\/","og_site_name":"Tour Travel And More","article_publisher":"https:\/\/www.facebook.com\/tourtravelandmore\/","article_modified_time":"2022-01-21T19:18:38+00:00","og_image":[{"width":1993,"height":1329,"url":"https:\/\/tourtravelandmore.com\/wp-content\/uploads\/2019\/12\/shahzin-shajid-QFIJFSOHoZY-unsplash.jpg","type":"image\/jpeg"}],"twitter_card":"summary_large_image","twitter_site":"@TourTravel_More","twitter_misc":{"Tiempo de lectura":"2 minutos"},"schema":{"@context":"https:\/\/schema.org","@graph":[{"@type":"WebPage","@id":"https:\/\/tourtravelandmore.com\/es\/tours\/emiratos-arabes-unidos-es\/dubai-es\/dubai-traslados-es\/traslado-privado-en-dubai\/","url":"https:\/\/tourtravelandmore.com\/es\/tours\/emiratos-arabes-unidos-es\/dubai-es\/dubai-traslados-es\/traslado-privado-en-dubai\/","name":"Traslado privado en Dubai - Veh\u00edculos de lujo y chofer profesional | TTM","isPartOf":{"@id":"https:\/\/tourtravelandmore.com\/es\/#website"},"primaryImageOfPage":{"@id":"https:\/\/tourtravelandmore.com\/es\/tours\/emiratos-arabes-unidos-es\/dubai-es\/dubai-traslados-es\/traslado-privado-en-dubai\/#primaryimage"},"image":{"@id":"https:\/\/tourtravelandmore.com\/es\/tours\/emiratos-arabes-unidos-es\/dubai-es\/dubai-traslados-es\/traslado-privado-en-dubai\/#primaryimage"},"thumbnailUrl":"https:\/\/tourtravelandmore.com\/wp-content\/uploads\/2019\/12\/shahzin-shajid-QFIJFSOHoZY-unsplash.jpg","datePublished":"2019-12-27T12:59:16+00:00","dateModified":"2022-01-21T19:18:38+00:00","description":"Le ofrecemos la manera m\u00e1s c\u00f3moda de llegar a su destino final. Disfrute una experiencia relajante con nuestro traslado privado en Dubai.","breadcrumb":{"@id":"https:\/\/tourtravelandmore.com\/es\/tours\/emiratos-arabes-unidos-es\/dubai-es\/dubai-traslados-es\/traslado-privado-en-dubai\/#breadcrumb"},"inLanguage":"es","potentialAction":[{"@type":"ReadAction","target":["https:\/\/tourtravelandmore.com\/es\/tours\/emiratos-arabes-unidos-es\/dubai-es\/dubai-traslados-es\/traslado-privado-en-dubai\/"]}]},{"@type":"ImageObject","inLanguage":"es","@id":"https:\/\/tourtravelandmore.com\/es\/tours\/emiratos-arabes-unidos-es\/dubai-es\/dubai-traslados-es\/traslado-privado-en-dubai\/#primaryimage","url":"https:\/\/tourtravelandmore.com\/wp-content\/uploads\/2019\/12\/shahzin-shajid-QFIJFSOHoZY-unsplash.jpg","contentUrl":"https:\/\/tourtravelandmore.com\/wp-content\/uploads\/2019\/12\/shahzin-shajid-QFIJFSOHoZY-unsplash.jpg","width":1993,"height":1329},{"@type":"BreadcrumbList","@id":"https:\/\/tourtravelandmore.com\/es\/tours\/emiratos-arabes-unidos-es\/dubai-es\/dubai-traslados-es\/traslado-privado-en-dubai\/#breadcrumb","itemListElement":[{"@type":"ListItem","position":1,"name":"Home","item":"https:\/\/tourtravelandmore.com\/es\/"},{"@type":"ListItem","position":2,"name":"Tours","item":"https:\/\/tourtravelandmore.com\/es\/tours\/"},{"@type":"ListItem","position":3,"name":"Transfer Privado hasta\/desde aeropuerto o puerto de Dubai"}]},{"@type":"WebSite","@id":"https:\/\/tourtravelandmore.com\/es\/#website","url":"https:\/\/tourtravelandmore.com\/es\/","name":"Tour Travel And More","description":"Private sightseeing tours and luxury transfers in Spain","publisher":{"@id":"https:\/\/tourtravelandmore.com\/es\/#organization"},"potentialAction":[{"@type":"SearchAction","target":{"@type":"EntryPoint","urlTemplate":"https:\/\/tourtravelandmore.com\/es\/?s={search_term_string}"},"query-input":{"@type":"PropertyValueSpecification","valueRequired":true,"valueName":"search_term_string"}}],"inLanguage":"es"},{"@type":"Organization","@id":"https:\/\/tourtravelandmore.com\/es\/#organization","name":"Tour Travel And More","url":"https:\/\/tourtravelandmore.com\/es\/","logo":{"@type":"ImageObject","inLanguage":"es","@id":"https:\/\/tourtravelandmore.com\/es\/#\/schema\/logo\/image\/","url":"https:\/\/tourtravelandmore.com\/wp-content\/uploads\/2022\/12\/cropped-logo-cabecera-new.png","contentUrl":"https:\/\/tourtravelandmore.com\/wp-content\/uploads\/2022\/12\/cropped-logo-cabecera-new.png","width":430,"height":61,"caption":"Tour Travel And More"},"image":{"@id":"https:\/\/tourtravelandmore.com\/es\/#\/schema\/logo\/image\/"},"sameAs":["https:\/\/www.facebook.com\/tourtravelandmore\/","https:\/\/x.com\/TourTravel_More"]}]}},"_links":{"self":[{"href":"https:\/\/tourtravelandmore.com\/es\/wp-json\/wp\/v2\/product\/73215","targetHints":{"allow":["GET"]}}],"collection":[{"href":"https:\/\/tourtravelandmore.com\/es\/wp-json\/wp\/v2\/product"}],"about":[{"href":"https:\/\/tourtravelandmore.com\/es\/wp-json\/wp\/v2\/types\/product"}],"replies":[{"embeddable":true,"href":"https:\/\/tourtravelandmore.com\/es\/wp-json\/wp\/v2\/comments?post=73215"}],"wp:featuredmedia":[{"embeddable":true,"href":"https:\/\/tourtravelandmore.com\/es\/wp-json\/wp\/v2\/media\/118002"}],"wp:attachment":[{"href":"https:\/\/tourtravelandmore.com\/es\/wp-json\/wp\/v2\/media?parent=73215"}],"wp:term":[{"taxonomy":"product_brand","embeddable":true,"href":"https:\/\/tourtravelandmore.com\/es\/wp-json\/wp\/v2\/product_brand?post=73215"},{"taxonomy":"product_cat","embeddable":true,"href":"https:\/\/tourtravelandmore.com\/es\/wp-json\/wp\/v2\/product_cat?post=73215"},{"taxonomy":"product_tag","embeddable":true,"href":"https:\/\/tourtravelandmore.com\/es\/wp-json\/wp\/v2\/product_tag?post=73215"}],"curies":[{"name":"wp","href":"https:\/\/api.w.org\/{rel}","templated":true}]}}