{"id":73194,"date":"2021-01-04T17:31:17","date_gmt":"2019-12-27T12:31:17","guid":{"rendered":"https:\/\/tourtravelandmore.com\/?post_type=product&#038;p=73194"},"modified":"2022-01-26T13:46:06","modified_gmt":"2022-01-26T12:46:06","slug":"tour-privado-a-sharjah-y-ajman-desde-dubai","status":"publish","type":"product","link":"https:\/\/tourtravelandmore.com\/es\/tours\/emiratos-arabes-unidos-es\/dubai-es\/dubai-excursiones-privadas-cruceros-es\/tour-privado-a-sharjah-y-ajman-desde-dubai\/","title":{"rendered":"Tour privado a Sharjah y Ajman desde Dub\u00e1i"},"content":{"rendered":"<h2>Tour privado a Sharjah y Ajman desde Dub\u00e1i<\/h2>\n<p>Esta visita de medio d\u00eda a la ciudad desde Dubai le servir\u00e1 de introducci\u00f3n a los <strong>emiratos de Sharjah y Ajman, vecinos de Dubai.<\/strong><\/p>\n<p>Sharjah, el \u00fanico emirato que limita con los golfos P\u00e9rsico y de Om\u00e1n, ha sido nombrada <strong>Capital \u00c1rabe de la Cultura y Capital Mundial del Libro<\/strong> por la UNESCO, <strong>Ciudad Saludable<\/strong> por la OMS, <strong>una de las mejores ciudades para estudiantes universitarios, capital cultural de los EAU y capital de la cultura isl\u00e1mica<\/strong> en 2014.<\/p>\n<p>Alberga importantes centros administrativos y comerciales, varios museos, dos zocos principales cubiertos, zonas de recreo, parques p\u00fablicos y numerosas mezquitas.<\/p>\n<p>Ajman, por su parte, es mucho m\u00e1s peque\u00f1a que Sharjah y est\u00e1 completamente rodeada por ella, por lo que podemos pasar por ella como parte de una visita a Sharjah. Las atracciones tur\u00edsticas del emirato est\u00e1n creciendo r\u00e1pidamente, e incluyen la <strong>playa de Ajman, el Museo Nacional de Ajman, situado en el Fuerte de Ajman, el Fuerte Rojo y el Museo del Enclave Interior<\/strong> de Manama.<\/p>\n<p>Su <strong>gu\u00eda y conductor privados<\/strong> se reunir\u00e1n con usted en el lugar que elija en la ciudad de Dubai y le llevar\u00e1n por esta ruta en un <strong>veh\u00edculo privado<\/strong>. Al final de la excursi\u00f3n, le llevar\u00e1n de vuelta a Dubai.<\/p>\n<h2>Puntos de inter\u00e9s<\/h2>\n<p><strong><span style=\"color: #d3af37;\">Plaza Cultural de Sharjah<\/span><\/strong><\/p>\n<p>La visita de medio d\u00eda a la ciudad de Sharjah y Ajman desde Dubai comenzar\u00e1 con una parada fotogr\u00e1fica en la Plaza Cultural de Sharjah. Dise\u00f1ada por el escultor espa\u00f1ol Carlos Marinas Rubias, representa el coraz\u00f3n espiritual de la ciudad. El conocido como <strong>Monumento al Cor\u00e1n<\/strong> est\u00e1 rodeado de numerosos edificios se\u00f1oriales construidos en <strong>estilo arquitect\u00f3nico isl\u00e1mico tradicional<\/strong>. La zona incluye el edificio del gobierno, la <strong>mezquita de Ahmed Hanbal y el Palacio de la Cultura<\/strong>.<\/p>\n<p><strong><span style=\"color: #d3af37;\">Zoco de Al Majarrah<\/span><\/strong><\/p>\n<p>El edificio del zoco de tejados dorados atrae a muchos viajeros cada a\u00f1o. En su d\u00eda fue un popular lugar de compras, ahora es el <strong>Museo de la Civilizaci\u00f3n Isl\u00e1mica de Sharjah<\/strong>. Alberga algunas de las mejores colecciones de <strong>exquisitos artefactos isl\u00e1micos de todo el mundo<\/strong>.<\/p>\n<p><strong><span style=\"color: #d3af37;\">Fuerte de Al Hisn<\/span><\/strong><\/p>\n<p>El fuerte Al Hisn, el <strong>patrimonio hist\u00f3rico<\/strong> m\u00e1s importante de Sharjah, se construy\u00f3 en 1823 y se convirti\u00f3 en museo en 1997. Situado en el <strong>coraz\u00f3n de Sharjah<\/strong>, fue la sede y residencia de la familia gobernante, y uno de los mayores edificios de Sharjah.<\/p>\n<p><strong><span style=\"color: #d3af37;\">Zoco Azul<\/span><\/strong><\/p>\n<p>Es un <strong>aut\u00e9ntico mercado \u00e1rabe<\/strong> y un lugar de visita obligada en Sharjah. Es el mejor lugar para comprar joyas, alfombras, textiles o antig\u00fcedades; y en comparaci\u00f3n con los opulentos zocos de Dub\u00e1i, las <strong>tiendas del Zoco Azul son m\u00e1s aut\u00e9nticas y hay una mayor variedad de productos tradicionales<\/strong> de la regi\u00f3n.<\/p>\n<p><strong><span style=\"color: #d3af37;\">Mezquita del Rey Faisal<\/span><\/strong><\/p>\n<p>Lleva el nombre del antiguo dirigente saud\u00ed <strong>Faisal bin Abdul Aziz Al Saud<\/strong>, y con sus m\u00e1s de 12.000 metros cuadrados, <strong>esta mezquita es la mayor de los EAU<\/strong> y un ejemplo perfecto de hermosa <strong>arquitectura \u00e1rabe<\/strong> que ofrece fant\u00e1sticas oportunidades para hacer fotos. Tambi\u00e9n pasar\u00e1 por el &#8220;<strong>Monumento a la Perla<\/strong>&#8220;, dedicado a la uni\u00f3n de los siete Emiratos.<\/p>\n<p><strong><span style=\"color: #d3af37;\">Museo de Ajman<\/span><\/strong><\/p>\n<p>Con una interesante colecci\u00f3n de <strong>artefactos de diferentes \u00e9pocas<\/strong> conservados en un <strong>fuerte bellamente restaurado<\/strong>, la Casa Museo de Ajm\u00e1n es una de las atracciones hist\u00f3ricas m\u00e1s visitadas del emirato. Antiguamente sirvi\u00f3 de residencia del gobernante hasta 1970, y una d\u00e9cada despu\u00e9s, se convirti\u00f3 en museo. Tiene una secci\u00f3n dedicada al <strong>comercio de perlas<\/strong> que en su d\u00eda domin\u00f3 la econom\u00eda de la regi\u00f3n. Una de las exposiciones m\u00e1s notables es la de cer\u00e1mica y joyer\u00eda funerarias, que se remonta al a\u00f1o <strong>3000 a.C.<\/strong> El propio fuerte es el mejor ejemplo de la <strong>arquitectura tradicional emirat\u00ed<\/strong>.<\/p>\n<p>El tour de medio d\u00eda por la ciudad de Sharjah y Ajman terminar\u00e1 con esta visita, y usted ser\u00e1 conducido de vuelta a Dubai.<\/p>\n<p>Si nuestro <strong>Tour privado a Sharjah y Ajman desde Dub\u00e1i<\/strong>\u00a0les hace querer saber m\u00e1s sobre este lugar \u00fanico,<strong> <a href=\"https:\/\/tourtravelandmore.com\/es\/ciudad\/emiratos-arabes-unidos-es\/\" rel=\"noopener noreferrer\">no se pierda nuestros otros tours privados en los Emiratos \u00c1rabes Unidos.<\/a><\/strong><\/p>\n","protected":false},"excerpt":{"rendered":"<p>Disfrute de un <strong>tour privado a Sharjah y Ajman desde Dub\u00e1i<\/strong>. Ad\u00e9ntrese en la historia de la regi\u00f3n y visite lugares maravillosos como la <strong>Mezquita del Rey Faisal<\/strong> y el <strong>Museo Nacional de Ajm\u00e1n.<\/strong> Explore la zona con un experto local privado y un veh\u00edculo privado con conductor.<\/p>\n","protected":false},"featured_media":73209,"comment_status":"open","ping_status":"closed","template":"","meta":{"_acf_changed":false},"product_brand":[],"product_cat":[1905,1964,4038,1969,1966,1968],"product_tag":[],"class_list":{"0":"post-73194","1":"product","2":"type-product","3":"status-publish","4":"has-post-thumbnail","6":"product_cat-emiratos-arabes-unidos-es","7":"product_cat-dubai-es","8":"product_cat-private-city-tours-es","9":"product_cat-dubai-actividades-es","10":"product_cat-dubai-excursiones-privadas-cruceros-es","11":"product_cat-dubai-rutas-turisticas-privadas-es","13":"first","14":"instock","15":"shipping-taxable","16":"purchasable","17":"product-type-simple"},"acf":[],"yoast_head":"<!-- This site is optimized with the Yoast SEO Premium plugin v25.3.1 (Yoast SEO v25.3.1) - https:\/\/yoast.com\/wordpress\/plugins\/seo\/ -->\n<title>Tour privado a Sharjah y Ajman desde Dub\u00e1i | TTM<\/title>\n<meta name=\"description\" content=\"Tour Privado de Sharjah y Ajman. Explore sus maravillosos museos, sus edificios antiguos, sus mezquitas tradicionales y mucho m\u00e1s.\" \/>\n<meta name=\"robots\" content=\"index, follow, max-snippet:-1, max-image-preview:large, max-video-preview:-1\" \/>\n<link rel=\"canonical\" href=\"https:\/\/tourtravelandmore.com\/es\/tours\/emiratos-arabes-unidos-es\/dubai-es\/dubai-excursiones-privadas-cruceros-es\/tour-privado-a-sharjah-y-ajman-desde-dubai\/\" \/>\n<meta property=\"og:locale\" content=\"es_ES\" \/>\n<meta property=\"og:type\" content=\"article\" \/>\n<meta property=\"og:title\" content=\"Tour privado a Sharjah y Ajman desde Dub\u00e1i\" \/>\n<meta property=\"og:description\" content=\"Tour Privado de Sharjah y Ajman. Explore sus maravillosos museos, sus edificios antiguos, sus mezquitas tradicionales y mucho m\u00e1s.\" \/>\n<meta property=\"og:url\" content=\"https:\/\/tourtravelandmore.com\/es\/tours\/emiratos-arabes-unidos-es\/dubai-es\/dubai-excursiones-privadas-cruceros-es\/tour-privado-a-sharjah-y-ajman-desde-dubai\/\" \/>\n<meta property=\"og:site_name\" content=\"Tour Travel And More\" \/>\n<meta property=\"article:publisher\" content=\"https:\/\/www.facebook.com\/tourtravelandmore\/\" \/>\n<meta property=\"article:modified_time\" content=\"2022-01-26T12:46:06+00:00\" \/>\n<meta property=\"og:image\" content=\"https:\/\/tourtravelandmore.com\/wp-content\/uploads\/2019\/12\/du21-1024x667.jpg\" \/>\n\t<meta property=\"og:image:width\" content=\"1024\" \/>\n\t<meta property=\"og:image:height\" content=\"667\" \/>\n\t<meta property=\"og:image:type\" content=\"image\/jpeg\" \/>\n<meta name=\"twitter:card\" content=\"summary_large_image\" \/>\n<meta name=\"twitter:site\" content=\"@TourTravel_More\" \/>\n<meta name=\"twitter:label1\" content=\"Tiempo de lectura\" \/>\n\t<meta name=\"twitter:data1\" content=\"4 minutos\" \/>\n<script type=\"application\/ld+json\" class=\"yoast-schema-graph\">{\"@context\":\"https:\/\/schema.org\",\"@graph\":[{\"@type\":\"WebPage\",\"@id\":\"https:\/\/tourtravelandmore.com\/es\/tours\/emiratos-arabes-unidos-es\/dubai-es\/dubai-excursiones-privadas-cruceros-es\/tour-privado-a-sharjah-y-ajman-desde-dubai\/\",\"url\":\"https:\/\/tourtravelandmore.com\/es\/tours\/emiratos-arabes-unidos-es\/dubai-es\/dubai-excursiones-privadas-cruceros-es\/tour-privado-a-sharjah-y-ajman-desde-dubai\/\",\"name\":\"Tour privado a Sharjah y Ajman desde Dub\u00e1i | TTM\",\"isPartOf\":{\"@id\":\"https:\/\/tourtravelandmore.com\/es\/#website\"},\"primaryImageOfPage\":{\"@id\":\"https:\/\/tourtravelandmore.com\/es\/tours\/emiratos-arabes-unidos-es\/dubai-es\/dubai-excursiones-privadas-cruceros-es\/tour-privado-a-sharjah-y-ajman-desde-dubai\/#primaryimage\"},\"image\":{\"@id\":\"https:\/\/tourtravelandmore.com\/es\/tours\/emiratos-arabes-unidos-es\/dubai-es\/dubai-excursiones-privadas-cruceros-es\/tour-privado-a-sharjah-y-ajman-desde-dubai\/#primaryimage\"},\"thumbnailUrl\":\"https:\/\/tourtravelandmore.com\/wp-content\/uploads\/2019\/12\/du21.jpg\",\"datePublished\":\"2019-12-27T12:31:17+00:00\",\"dateModified\":\"2022-01-26T12:46:06+00:00\",\"description\":\"Tour Privado de Sharjah y Ajman. Explore sus maravillosos museos, sus edificios antiguos, sus mezquitas tradicionales y mucho m\u00e1s.\",\"breadcrumb\":{\"@id\":\"https:\/\/tourtravelandmore.com\/es\/tours\/emiratos-arabes-unidos-es\/dubai-es\/dubai-excursiones-privadas-cruceros-es\/tour-privado-a-sharjah-y-ajman-desde-dubai\/#breadcrumb\"},\"inLanguage\":\"es\",\"potentialAction\":[{\"@type\":\"ReadAction\",\"target\":[\"https:\/\/tourtravelandmore.com\/es\/tours\/emiratos-arabes-unidos-es\/dubai-es\/dubai-excursiones-privadas-cruceros-es\/tour-privado-a-sharjah-y-ajman-desde-dubai\/\"]}]},{\"@type\":\"ImageObject\",\"inLanguage\":\"es\",\"@id\":\"https:\/\/tourtravelandmore.com\/es\/tours\/emiratos-arabes-unidos-es\/dubai-es\/dubai-excursiones-privadas-cruceros-es\/tour-privado-a-sharjah-y-ajman-desde-dubai\/#primaryimage\",\"url\":\"https:\/\/tourtravelandmore.com\/wp-content\/uploads\/2019\/12\/du21.jpg\",\"contentUrl\":\"https:\/\/tourtravelandmore.com\/wp-content\/uploads\/2019\/12\/du21.jpg\",\"width\":3008,\"height\":1960},{\"@type\":\"BreadcrumbList\",\"@id\":\"https:\/\/tourtravelandmore.com\/es\/tours\/emiratos-arabes-unidos-es\/dubai-es\/dubai-excursiones-privadas-cruceros-es\/tour-privado-a-sharjah-y-ajman-desde-dubai\/#breadcrumb\",\"itemListElement\":[{\"@type\":\"ListItem\",\"position\":1,\"name\":\"Home\",\"item\":\"https:\/\/tourtravelandmore.com\/es\/\"},{\"@type\":\"ListItem\",\"position\":2,\"name\":\"Tours\",\"item\":\"https:\/\/tourtravelandmore.com\/es\/tours\/\"},{\"@type\":\"ListItem\",\"position\":3,\"name\":\"Tour privado a Sharjah y Ajman desde Dub\u00e1i\"}]},{\"@type\":\"WebSite\",\"@id\":\"https:\/\/tourtravelandmore.com\/es\/#website\",\"url\":\"https:\/\/tourtravelandmore.com\/es\/\",\"name\":\"Tour Travel And More\",\"description\":\"Private sightseeing tours and luxury transfers in Spain\",\"publisher\":{\"@id\":\"https:\/\/tourtravelandmore.com\/es\/#organization\"},\"potentialAction\":[{\"@type\":\"SearchAction\",\"target\":{\"@type\":\"EntryPoint\",\"urlTemplate\":\"https:\/\/tourtravelandmore.com\/es\/?s={search_term_string}\"},\"query-input\":{\"@type\":\"PropertyValueSpecification\",\"valueRequired\":true,\"valueName\":\"search_term_string\"}}],\"inLanguage\":\"es\"},{\"@type\":\"Organization\",\"@id\":\"https:\/\/tourtravelandmore.com\/es\/#organization\",\"name\":\"Tour Travel And More\",\"url\":\"https:\/\/tourtravelandmore.com\/es\/\",\"logo\":{\"@type\":\"ImageObject\",\"inLanguage\":\"es\",\"@id\":\"https:\/\/tourtravelandmore.com\/es\/#\/schema\/logo\/image\/\",\"url\":\"https:\/\/tourtravelandmore.com\/wp-content\/uploads\/2022\/12\/cropped-logo-cabecera-new.png\",\"contentUrl\":\"https:\/\/tourtravelandmore.com\/wp-content\/uploads\/2022\/12\/cropped-logo-cabecera-new.png\",\"width\":430,\"height\":61,\"caption\":\"Tour Travel And More\"},\"image\":{\"@id\":\"https:\/\/tourtravelandmore.com\/es\/#\/schema\/logo\/image\/\"},\"sameAs\":[\"https:\/\/www.facebook.com\/tourtravelandmore\/\",\"https:\/\/x.com\/TourTravel_More\"]}]}<\/script>\n<!-- \/ Yoast SEO Premium plugin. -->","yoast_head_json":{"title":"Tour privado a Sharjah y Ajman desde Dub\u00e1i | TTM","description":"Tour Privado de Sharjah y Ajman. Explore sus maravillosos museos, sus edificios antiguos, sus mezquitas tradicionales y mucho m\u00e1s.","robots":{"index":"index","follow":"follow","max-snippet":"max-snippet:-1","max-image-preview":"max-image-preview:large","max-video-preview":"max-video-preview:-1"},"canonical":"https:\/\/tourtravelandmore.com\/es\/tours\/emiratos-arabes-unidos-es\/dubai-es\/dubai-excursiones-privadas-cruceros-es\/tour-privado-a-sharjah-y-ajman-desde-dubai\/","og_locale":"es_ES","og_type":"article","og_title":"Tour privado a Sharjah y Ajman desde Dub\u00e1i","og_description":"Tour Privado de Sharjah y Ajman. Explore sus maravillosos museos, sus edificios antiguos, sus mezquitas tradicionales y mucho m\u00e1s.","og_url":"https:\/\/tourtravelandmore.com\/es\/tours\/emiratos-arabes-unidos-es\/dubai-es\/dubai-excursiones-privadas-cruceros-es\/tour-privado-a-sharjah-y-ajman-desde-dubai\/","og_site_name":"Tour Travel And More","article_publisher":"https:\/\/www.facebook.com\/tourtravelandmore\/","article_modified_time":"2022-01-26T12:46:06+00:00","og_image":[{"width":1024,"height":667,"url":"https:\/\/tourtravelandmore.com\/wp-content\/uploads\/2019\/12\/du21-1024x667.jpg","type":"image\/jpeg"}],"twitter_card":"summary_large_image","twitter_site":"@TourTravel_More","twitter_misc":{"Tiempo de lectura":"4 minutos"},"schema":{"@context":"https:\/\/schema.org","@graph":[{"@type":"WebPage","@id":"https:\/\/tourtravelandmore.com\/es\/tours\/emiratos-arabes-unidos-es\/dubai-es\/dubai-excursiones-privadas-cruceros-es\/tour-privado-a-sharjah-y-ajman-desde-dubai\/","url":"https:\/\/tourtravelandmore.com\/es\/tours\/emiratos-arabes-unidos-es\/dubai-es\/dubai-excursiones-privadas-cruceros-es\/tour-privado-a-sharjah-y-ajman-desde-dubai\/","name":"Tour privado a Sharjah y Ajman desde Dub\u00e1i | TTM","isPartOf":{"@id":"https:\/\/tourtravelandmore.com\/es\/#website"},"primaryImageOfPage":{"@id":"https:\/\/tourtravelandmore.com\/es\/tours\/emiratos-arabes-unidos-es\/dubai-es\/dubai-excursiones-privadas-cruceros-es\/tour-privado-a-sharjah-y-ajman-desde-dubai\/#primaryimage"},"image":{"@id":"https:\/\/tourtravelandmore.com\/es\/tours\/emiratos-arabes-unidos-es\/dubai-es\/dubai-excursiones-privadas-cruceros-es\/tour-privado-a-sharjah-y-ajman-desde-dubai\/#primaryimage"},"thumbnailUrl":"https:\/\/tourtravelandmore.com\/wp-content\/uploads\/2019\/12\/du21.jpg","datePublished":"2019-12-27T12:31:17+00:00","dateModified":"2022-01-26T12:46:06+00:00","description":"Tour Privado de Sharjah y Ajman. Explore sus maravillosos museos, sus edificios antiguos, sus mezquitas tradicionales y mucho m\u00e1s.","breadcrumb":{"@id":"https:\/\/tourtravelandmore.com\/es\/tours\/emiratos-arabes-unidos-es\/dubai-es\/dubai-excursiones-privadas-cruceros-es\/tour-privado-a-sharjah-y-ajman-desde-dubai\/#breadcrumb"},"inLanguage":"es","potentialAction":[{"@type":"ReadAction","target":["https:\/\/tourtravelandmore.com\/es\/tours\/emiratos-arabes-unidos-es\/dubai-es\/dubai-excursiones-privadas-cruceros-es\/tour-privado-a-sharjah-y-ajman-desde-dubai\/"]}]},{"@type":"ImageObject","inLanguage":"es","@id":"https:\/\/tourtravelandmore.com\/es\/tours\/emiratos-arabes-unidos-es\/dubai-es\/dubai-excursiones-privadas-cruceros-es\/tour-privado-a-sharjah-y-ajman-desde-dubai\/#primaryimage","url":"https:\/\/tourtravelandmore.com\/wp-content\/uploads\/2019\/12\/du21.jpg","contentUrl":"https:\/\/tourtravelandmore.com\/wp-content\/uploads\/2019\/12\/du21.jpg","width":3008,"height":1960},{"@type":"BreadcrumbList","@id":"https:\/\/tourtravelandmore.com\/es\/tours\/emiratos-arabes-unidos-es\/dubai-es\/dubai-excursiones-privadas-cruceros-es\/tour-privado-a-sharjah-y-ajman-desde-dubai\/#breadcrumb","itemListElement":[{"@type":"ListItem","position":1,"name":"Home","item":"https:\/\/tourtravelandmore.com\/es\/"},{"@type":"ListItem","position":2,"name":"Tours","item":"https:\/\/tourtravelandmore.com\/es\/tours\/"},{"@type":"ListItem","position":3,"name":"Tour privado a Sharjah y Ajman desde Dub\u00e1i"}]},{"@type":"WebSite","@id":"https:\/\/tourtravelandmore.com\/es\/#website","url":"https:\/\/tourtravelandmore.com\/es\/","name":"Tour Travel And More","description":"Private sightseeing tours and luxury transfers in Spain","publisher":{"@id":"https:\/\/tourtravelandmore.com\/es\/#organization"},"potentialAction":[{"@type":"SearchAction","target":{"@type":"EntryPoint","urlTemplate":"https:\/\/tourtravelandmore.com\/es\/?s={search_term_string}"},"query-input":{"@type":"PropertyValueSpecification","valueRequired":true,"valueName":"search_term_string"}}],"inLanguage":"es"},{"@type":"Organization","@id":"https:\/\/tourtravelandmore.com\/es\/#organization","name":"Tour Travel And More","url":"https:\/\/tourtravelandmore.com\/es\/","logo":{"@type":"ImageObject","inLanguage":"es","@id":"https:\/\/tourtravelandmore.com\/es\/#\/schema\/logo\/image\/","url":"https:\/\/tourtravelandmore.com\/wp-content\/uploads\/2022\/12\/cropped-logo-cabecera-new.png","contentUrl":"https:\/\/tourtravelandmore.com\/wp-content\/uploads\/2022\/12\/cropped-logo-cabecera-new.png","width":430,"height":61,"caption":"Tour Travel And More"},"image":{"@id":"https:\/\/tourtravelandmore.com\/es\/#\/schema\/logo\/image\/"},"sameAs":["https:\/\/www.facebook.com\/tourtravelandmore\/","https:\/\/x.com\/TourTravel_More"]}]}},"_links":{"self":[{"href":"https:\/\/tourtravelandmore.com\/es\/wp-json\/wp\/v2\/product\/73194","targetHints":{"allow":["GET"]}}],"collection":[{"href":"https:\/\/tourtravelandmore.com\/es\/wp-json\/wp\/v2\/product"}],"about":[{"href":"https:\/\/tourtravelandmore.com\/es\/wp-json\/wp\/v2\/types\/product"}],"replies":[{"embeddable":true,"href":"https:\/\/tourtravelandmore.com\/es\/wp-json\/wp\/v2\/comments?post=73194"}],"wp:featuredmedia":[{"embeddable":true,"href":"https:\/\/tourtravelandmore.com\/es\/wp-json\/wp\/v2\/media\/73209"}],"wp:attachment":[{"href":"https:\/\/tourtravelandmore.com\/es\/wp-json\/wp\/v2\/media?parent=73194"}],"wp:term":[{"taxonomy":"product_brand","embeddable":true,"href":"https:\/\/tourtravelandmore.com\/es\/wp-json\/wp\/v2\/product_brand?post=73194"},{"taxonomy":"product_cat","embeddable":true,"href":"https:\/\/tourtravelandmore.com\/es\/wp-json\/wp\/v2\/product_cat?post=73194"},{"taxonomy":"product_tag","embeddable":true,"href":"https:\/\/tourtravelandmore.com\/es\/wp-json\/wp\/v2\/product_tag?post=73194"}],"curies":[{"name":"wp","href":"https:\/\/api.w.org\/{rel}","templated":true}]}}