{"id":73183,"date":"2022-01-07T13:10:04","date_gmt":"2019-12-27T12:10:04","guid":{"rendered":"https:\/\/tourtravelandmore.com\/?post_type=product&#038;p=73183"},"modified":"2025-09-18T18:01:42","modified_gmt":"2025-09-18T16:01:42","slug":"tour-privado-a-al-ain-desde-dubai","status":"publish","type":"product","link":"https:\/\/tourtravelandmore.com\/es\/tours\/emiratos-arabes-unidos-es\/dubai-es\/dubai-excursiones-privadas-cruceros-es\/tour-privado-a-al-ain-desde-dubai\/","title":{"rendered":"Tour Privado a Al Ain desde Dub\u00e1i"},"content":{"rendered":"<h2>Tour Privado a Al Ain desde Dub\u00e1i<\/h2>\n<p>Descubra la riqueza cultural y los paisajes naturales del <b>Tour Privado a Al Ain desde Dub\u00e1i<\/b>, una excursi\u00f3n perfecta de un d\u00eda para explorar la \u00abciudad jard\u00edn\u00bb de los Emiratos \u00c1rabes Unidos. Este exclusivo viaje le llevar\u00e1 desde la energ\u00eda moderna de Dub\u00e1i hasta el encanto hist\u00f3rico de Al Ain, conocida por sus oasis verdes, sus antiguas fortalezas y sus animados zocos. Con su gu\u00eda privado, disfrutar\u00e1 de una experiencia perfecta que combina historia, cultura y naturaleza.<\/p>\n<p>Mientras viaja c\u00f3modamente con su conductor y gu\u00eda, podr\u00e1 admirar los impresionantes paisajes del desierto antes de llegar a Al Ain. La excursi\u00f3n incluye lugares emblem\u00e1ticos como la fortaleza de Al Jahili, el animado mercado de camellos y el oasis de Al Ain, declarado Patrimonio de la Humanidad por la UNESCO. Un pintoresco paseo en ferry a\u00f1ade un toque \u00fanico a su d\u00eda, ofreci\u00e9ndole una perspectiva tranquila de los paisajes. Este itinerario bien equilibrado le garantiza disfrutar tanto de la riqueza cultural como de momentos de relajaci\u00f3n.<\/p>\n<h2>Lo m\u00e1s destacado de la excursi\u00f3n privada a Al Ain desde Dub\u00e1i<\/h2>\n<ul>\n<li><b>Fuerte Al Jahili:<\/b> Explore uno de los fuertes m\u00e1s impresionantes de los EAU, lleno de historia fascinante.<\/li>\n<li><b>Oasis de Al Ain:<\/b> Pasee por un lugar declarado Patrimonio de la Humanidad por la UNESCO y rodeado de miles de palmeras.<\/li>\n<li><b>Mercado de camellos:<\/b> experimente el aut\u00e9ntico ambiente del \u00faltimo mercado de camellos que queda en los Emiratos \u00c1rabes Unidos.<\/li>\n<li><b>Paseo en ferry:<\/b> rel\u00e1jese con un pintoresco trayecto en ferry, disfrutando de las vistas de los tranquilos alrededores de Al Ain.<\/li>\n<\/ul>\n<p>Esta <b>excursi\u00f3n privada a Al Ain desde Dub\u00e1i<\/b> ofrece la combinaci\u00f3n perfecta de descubrimiento cultural y belleza paisaj\u00edstica. Con la comodidad del transporte privado, un gu\u00eda experto y un paseo en ferry \u00fanico, es una forma inolvidable de experimentar el alma de los Emiratos.<\/p>\n<p>&nbsp;<\/p>\n","protected":false},"excerpt":{"rendered":"<p>Visita una de las ciudades hist\u00f3ricas mejor preservadas de los Emiratos en una excursi\u00f3n privada desde Abu Dhabi. Aprende la historia y descubre la cultura de la ciudad jard\u00edn junto a un gu\u00eda oficial.<\/p>\n","protected":false},"featured_media":72864,"comment_status":"open","ping_status":"closed","template":"","meta":{"_acf_changed":false},"product_brand":[],"product_cat":[1905,1964,1969,1966,1968],"product_tag":[],"class_list":{"0":"post-73183","1":"product","2":"type-product","3":"status-publish","4":"has-post-thumbnail","6":"product_cat-emiratos-arabes-unidos-es","7":"product_cat-dubai-es","8":"product_cat-dubai-actividades-es","9":"product_cat-dubai-excursiones-privadas-cruceros-es","10":"product_cat-dubai-rutas-turisticas-privadas-es","12":"first","13":"instock","14":"shipping-taxable","15":"purchasable","16":"product-type-simple"},"acf":[],"yoast_head":"<!-- This site is optimized with the Yoast SEO Premium plugin v25.3.1 (Yoast SEO v25.3.1) - https:\/\/yoast.com\/wordpress\/plugins\/seo\/ -->\n<title>Tour privado a Al Ain desde Dubai con chofer y gu\u00eda local | TTM<\/title>\n<meta name=\"description\" content=\"Tour privado que os acercar\u00e1 a la ciudad de Al Ain para explorar sus maravillosos museos, su tradicional cultura y su deslumbrante naturaleza.\" \/>\n<meta name=\"robots\" content=\"index, follow, max-snippet:-1, max-image-preview:large, max-video-preview:-1\" \/>\n<link rel=\"canonical\" href=\"https:\/\/tourtravelandmore.com\/es\/tours\/emiratos-arabes-unidos-es\/dubai-es\/dubai-excursiones-privadas-cruceros-es\/tour-privado-a-al-ain-desde-dubai\/\" \/>\n<meta property=\"og:locale\" content=\"es_ES\" \/>\n<meta property=\"og:type\" content=\"article\" \/>\n<meta property=\"og:title\" content=\"Tour Privado a Al Ain desde Dub\u00e1i\" \/>\n<meta property=\"og:description\" content=\"Tour privado que os acercar\u00e1 a la ciudad de Al Ain para explorar sus maravillosos museos, su tradicional cultura y su deslumbrante naturaleza.\" \/>\n<meta property=\"og:url\" content=\"https:\/\/tourtravelandmore.com\/es\/tours\/emiratos-arabes-unidos-es\/dubai-es\/dubai-excursiones-privadas-cruceros-es\/tour-privado-a-al-ain-desde-dubai\/\" \/>\n<meta property=\"og:site_name\" content=\"Tour Travel And More\" \/>\n<meta property=\"article:publisher\" content=\"https:\/\/www.facebook.com\/tourtravelandmore\/\" \/>\n<meta property=\"article:modified_time\" content=\"2025-09-18T16:01:42+00:00\" \/>\n<meta property=\"og:image\" content=\"https:\/\/tourtravelandmore.com\/wp-content\/uploads\/2019\/12\/ain4-1024x683.jpg\" \/>\n\t<meta property=\"og:image:width\" content=\"1024\" \/>\n\t<meta property=\"og:image:height\" content=\"683\" \/>\n\t<meta property=\"og:image:type\" content=\"image\/jpeg\" \/>\n<meta name=\"twitter:card\" content=\"summary_large_image\" \/>\n<meta name=\"twitter:site\" content=\"@TourTravel_More\" \/>\n<meta name=\"twitter:label1\" content=\"Tiempo de lectura\" \/>\n\t<meta name=\"twitter:data1\" content=\"2 minutos\" \/>\n<script type=\"application\/ld+json\" class=\"yoast-schema-graph\">{\"@context\":\"https:\/\/schema.org\",\"@graph\":[{\"@type\":\"WebPage\",\"@id\":\"https:\/\/tourtravelandmore.com\/es\/tours\/emiratos-arabes-unidos-es\/dubai-es\/dubai-excursiones-privadas-cruceros-es\/tour-privado-a-al-ain-desde-dubai\/\",\"url\":\"https:\/\/tourtravelandmore.com\/es\/tours\/emiratos-arabes-unidos-es\/dubai-es\/dubai-excursiones-privadas-cruceros-es\/tour-privado-a-al-ain-desde-dubai\/\",\"name\":\"Tour privado a Al Ain desde Dubai con chofer y gu\u00eda local | TTM\",\"isPartOf\":{\"@id\":\"https:\/\/tourtravelandmore.com\/es\/#website\"},\"primaryImageOfPage\":{\"@id\":\"https:\/\/tourtravelandmore.com\/es\/tours\/emiratos-arabes-unidos-es\/dubai-es\/dubai-excursiones-privadas-cruceros-es\/tour-privado-a-al-ain-desde-dubai\/#primaryimage\"},\"image\":{\"@id\":\"https:\/\/tourtravelandmore.com\/es\/tours\/emiratos-arabes-unidos-es\/dubai-es\/dubai-excursiones-privadas-cruceros-es\/tour-privado-a-al-ain-desde-dubai\/#primaryimage\"},\"thumbnailUrl\":\"https:\/\/tourtravelandmore.com\/wp-content\/uploads\/2019\/12\/ain4.jpg\",\"datePublished\":\"2019-12-27T12:10:04+00:00\",\"dateModified\":\"2025-09-18T16:01:42+00:00\",\"description\":\"Tour privado que os acercar\u00e1 a la ciudad de Al Ain para explorar sus maravillosos museos, su tradicional cultura y su deslumbrante naturaleza.\",\"breadcrumb\":{\"@id\":\"https:\/\/tourtravelandmore.com\/es\/tours\/emiratos-arabes-unidos-es\/dubai-es\/dubai-excursiones-privadas-cruceros-es\/tour-privado-a-al-ain-desde-dubai\/#breadcrumb\"},\"inLanguage\":\"es\",\"potentialAction\":[{\"@type\":\"ReadAction\",\"target\":[\"https:\/\/tourtravelandmore.com\/es\/tours\/emiratos-arabes-unidos-es\/dubai-es\/dubai-excursiones-privadas-cruceros-es\/tour-privado-a-al-ain-desde-dubai\/\"]}]},{\"@type\":\"ImageObject\",\"inLanguage\":\"es\",\"@id\":\"https:\/\/tourtravelandmore.com\/es\/tours\/emiratos-arabes-unidos-es\/dubai-es\/dubai-excursiones-privadas-cruceros-es\/tour-privado-a-al-ain-desde-dubai\/#primaryimage\",\"url\":\"https:\/\/tourtravelandmore.com\/wp-content\/uploads\/2019\/12\/ain4.jpg\",\"contentUrl\":\"https:\/\/tourtravelandmore.com\/wp-content\/uploads\/2019\/12\/ain4.jpg\",\"width\":3000,\"height\":2000},{\"@type\":\"BreadcrumbList\",\"@id\":\"https:\/\/tourtravelandmore.com\/es\/tours\/emiratos-arabes-unidos-es\/dubai-es\/dubai-excursiones-privadas-cruceros-es\/tour-privado-a-al-ain-desde-dubai\/#breadcrumb\",\"itemListElement\":[{\"@type\":\"ListItem\",\"position\":1,\"name\":\"Home\",\"item\":\"https:\/\/tourtravelandmore.com\/es\/\"},{\"@type\":\"ListItem\",\"position\":2,\"name\":\"Tours\",\"item\":\"https:\/\/tourtravelandmore.com\/es\/tours\/\"},{\"@type\":\"ListItem\",\"position\":3,\"name\":\"Tour Privado a Al Ain desde Dub\u00e1i\"}]},{\"@type\":\"WebSite\",\"@id\":\"https:\/\/tourtravelandmore.com\/es\/#website\",\"url\":\"https:\/\/tourtravelandmore.com\/es\/\",\"name\":\"Tour Travel And More\",\"description\":\"Private sightseeing tours and luxury transfers in Spain\",\"publisher\":{\"@id\":\"https:\/\/tourtravelandmore.com\/es\/#organization\"},\"potentialAction\":[{\"@type\":\"SearchAction\",\"target\":{\"@type\":\"EntryPoint\",\"urlTemplate\":\"https:\/\/tourtravelandmore.com\/es\/?s={search_term_string}\"},\"query-input\":{\"@type\":\"PropertyValueSpecification\",\"valueRequired\":true,\"valueName\":\"search_term_string\"}}],\"inLanguage\":\"es\"},{\"@type\":\"Organization\",\"@id\":\"https:\/\/tourtravelandmore.com\/es\/#organization\",\"name\":\"Tour Travel And More\",\"url\":\"https:\/\/tourtravelandmore.com\/es\/\",\"logo\":{\"@type\":\"ImageObject\",\"inLanguage\":\"es\",\"@id\":\"https:\/\/tourtravelandmore.com\/es\/#\/schema\/logo\/image\/\",\"url\":\"https:\/\/tourtravelandmore.com\/wp-content\/uploads\/2022\/12\/cropped-logo-cabecera-new.png\",\"contentUrl\":\"https:\/\/tourtravelandmore.com\/wp-content\/uploads\/2022\/12\/cropped-logo-cabecera-new.png\",\"width\":430,\"height\":61,\"caption\":\"Tour Travel And More\"},\"image\":{\"@id\":\"https:\/\/tourtravelandmore.com\/es\/#\/schema\/logo\/image\/\"},\"sameAs\":[\"https:\/\/www.facebook.com\/tourtravelandmore\/\",\"https:\/\/x.com\/TourTravel_More\"]}]}<\/script>\n<!-- \/ Yoast SEO Premium plugin. -->","yoast_head_json":{"title":"Tour privado a Al Ain desde Dubai con chofer y gu\u00eda local | TTM","description":"Tour privado que os acercar\u00e1 a la ciudad de Al Ain para explorar sus maravillosos museos, su tradicional cultura y su deslumbrante naturaleza.","robots":{"index":"index","follow":"follow","max-snippet":"max-snippet:-1","max-image-preview":"max-image-preview:large","max-video-preview":"max-video-preview:-1"},"canonical":"https:\/\/tourtravelandmore.com\/es\/tours\/emiratos-arabes-unidos-es\/dubai-es\/dubai-excursiones-privadas-cruceros-es\/tour-privado-a-al-ain-desde-dubai\/","og_locale":"es_ES","og_type":"article","og_title":"Tour Privado a Al Ain desde Dub\u00e1i","og_description":"Tour privado que os acercar\u00e1 a la ciudad de Al Ain para explorar sus maravillosos museos, su tradicional cultura y su deslumbrante naturaleza.","og_url":"https:\/\/tourtravelandmore.com\/es\/tours\/emiratos-arabes-unidos-es\/dubai-es\/dubai-excursiones-privadas-cruceros-es\/tour-privado-a-al-ain-desde-dubai\/","og_site_name":"Tour Travel And More","article_publisher":"https:\/\/www.facebook.com\/tourtravelandmore\/","article_modified_time":"2025-09-18T16:01:42+00:00","og_image":[{"width":1024,"height":683,"url":"https:\/\/tourtravelandmore.com\/wp-content\/uploads\/2019\/12\/ain4-1024x683.jpg","type":"image\/jpeg"}],"twitter_card":"summary_large_image","twitter_site":"@TourTravel_More","twitter_misc":{"Tiempo de lectura":"2 minutos"},"schema":{"@context":"https:\/\/schema.org","@graph":[{"@type":"WebPage","@id":"https:\/\/tourtravelandmore.com\/es\/tours\/emiratos-arabes-unidos-es\/dubai-es\/dubai-excursiones-privadas-cruceros-es\/tour-privado-a-al-ain-desde-dubai\/","url":"https:\/\/tourtravelandmore.com\/es\/tours\/emiratos-arabes-unidos-es\/dubai-es\/dubai-excursiones-privadas-cruceros-es\/tour-privado-a-al-ain-desde-dubai\/","name":"Tour privado a Al Ain desde Dubai con chofer y gu\u00eda local | TTM","isPartOf":{"@id":"https:\/\/tourtravelandmore.com\/es\/#website"},"primaryImageOfPage":{"@id":"https:\/\/tourtravelandmore.com\/es\/tours\/emiratos-arabes-unidos-es\/dubai-es\/dubai-excursiones-privadas-cruceros-es\/tour-privado-a-al-ain-desde-dubai\/#primaryimage"},"image":{"@id":"https:\/\/tourtravelandmore.com\/es\/tours\/emiratos-arabes-unidos-es\/dubai-es\/dubai-excursiones-privadas-cruceros-es\/tour-privado-a-al-ain-desde-dubai\/#primaryimage"},"thumbnailUrl":"https:\/\/tourtravelandmore.com\/wp-content\/uploads\/2019\/12\/ain4.jpg","datePublished":"2019-12-27T12:10:04+00:00","dateModified":"2025-09-18T16:01:42+00:00","description":"Tour privado que os acercar\u00e1 a la ciudad de Al Ain para explorar sus maravillosos museos, su tradicional cultura y su deslumbrante naturaleza.","breadcrumb":{"@id":"https:\/\/tourtravelandmore.com\/es\/tours\/emiratos-arabes-unidos-es\/dubai-es\/dubai-excursiones-privadas-cruceros-es\/tour-privado-a-al-ain-desde-dubai\/#breadcrumb"},"inLanguage":"es","potentialAction":[{"@type":"ReadAction","target":["https:\/\/tourtravelandmore.com\/es\/tours\/emiratos-arabes-unidos-es\/dubai-es\/dubai-excursiones-privadas-cruceros-es\/tour-privado-a-al-ain-desde-dubai\/"]}]},{"@type":"ImageObject","inLanguage":"es","@id":"https:\/\/tourtravelandmore.com\/es\/tours\/emiratos-arabes-unidos-es\/dubai-es\/dubai-excursiones-privadas-cruceros-es\/tour-privado-a-al-ain-desde-dubai\/#primaryimage","url":"https:\/\/tourtravelandmore.com\/wp-content\/uploads\/2019\/12\/ain4.jpg","contentUrl":"https:\/\/tourtravelandmore.com\/wp-content\/uploads\/2019\/12\/ain4.jpg","width":3000,"height":2000},{"@type":"BreadcrumbList","@id":"https:\/\/tourtravelandmore.com\/es\/tours\/emiratos-arabes-unidos-es\/dubai-es\/dubai-excursiones-privadas-cruceros-es\/tour-privado-a-al-ain-desde-dubai\/#breadcrumb","itemListElement":[{"@type":"ListItem","position":1,"name":"Home","item":"https:\/\/tourtravelandmore.com\/es\/"},{"@type":"ListItem","position":2,"name":"Tours","item":"https:\/\/tourtravelandmore.com\/es\/tours\/"},{"@type":"ListItem","position":3,"name":"Tour Privado a Al Ain desde Dub\u00e1i"}]},{"@type":"WebSite","@id":"https:\/\/tourtravelandmore.com\/es\/#website","url":"https:\/\/tourtravelandmore.com\/es\/","name":"Tour Travel And More","description":"Private sightseeing tours and luxury transfers in Spain","publisher":{"@id":"https:\/\/tourtravelandmore.com\/es\/#organization"},"potentialAction":[{"@type":"SearchAction","target":{"@type":"EntryPoint","urlTemplate":"https:\/\/tourtravelandmore.com\/es\/?s={search_term_string}"},"query-input":{"@type":"PropertyValueSpecification","valueRequired":true,"valueName":"search_term_string"}}],"inLanguage":"es"},{"@type":"Organization","@id":"https:\/\/tourtravelandmore.com\/es\/#organization","name":"Tour Travel And More","url":"https:\/\/tourtravelandmore.com\/es\/","logo":{"@type":"ImageObject","inLanguage":"es","@id":"https:\/\/tourtravelandmore.com\/es\/#\/schema\/logo\/image\/","url":"https:\/\/tourtravelandmore.com\/wp-content\/uploads\/2022\/12\/cropped-logo-cabecera-new.png","contentUrl":"https:\/\/tourtravelandmore.com\/wp-content\/uploads\/2022\/12\/cropped-logo-cabecera-new.png","width":430,"height":61,"caption":"Tour Travel And More"},"image":{"@id":"https:\/\/tourtravelandmore.com\/es\/#\/schema\/logo\/image\/"},"sameAs":["https:\/\/www.facebook.com\/tourtravelandmore\/","https:\/\/x.com\/TourTravel_More"]}]}},"_links":{"self":[{"href":"https:\/\/tourtravelandmore.com\/es\/wp-json\/wp\/v2\/product\/73183","targetHints":{"allow":["GET"]}}],"collection":[{"href":"https:\/\/tourtravelandmore.com\/es\/wp-json\/wp\/v2\/product"}],"about":[{"href":"https:\/\/tourtravelandmore.com\/es\/wp-json\/wp\/v2\/types\/product"}],"replies":[{"embeddable":true,"href":"https:\/\/tourtravelandmore.com\/es\/wp-json\/wp\/v2\/comments?post=73183"}],"wp:featuredmedia":[{"embeddable":true,"href":"https:\/\/tourtravelandmore.com\/es\/wp-json\/wp\/v2\/media\/72864"}],"wp:attachment":[{"href":"https:\/\/tourtravelandmore.com\/es\/wp-json\/wp\/v2\/media?parent=73183"}],"wp:term":[{"taxonomy":"product_brand","embeddable":true,"href":"https:\/\/tourtravelandmore.com\/es\/wp-json\/wp\/v2\/product_brand?post=73183"},{"taxonomy":"product_cat","embeddable":true,"href":"https:\/\/tourtravelandmore.com\/es\/wp-json\/wp\/v2\/product_cat?post=73183"},{"taxonomy":"product_tag","embeddable":true,"href":"https:\/\/tourtravelandmore.com\/es\/wp-json\/wp\/v2\/product_tag?post=73183"}],"curies":[{"name":"wp","href":"https:\/\/api.w.org\/{rel}","templated":true}]}}