{"id":73172,"date":"2019-12-27T12:51:56","date_gmt":"2019-12-27T11:51:57","guid":{"rendered":"https:\/\/tourtravelandmore.com\/?post_type=product&#038;p=73172"},"modified":"2025-09-17T19:56:48","modified_gmt":"2025-09-17T17:56:48","slug":"tour-privado-a-abu-dhabi-desde-dubai","status":"publish","type":"product","link":"https:\/\/tourtravelandmore.com\/es\/tours\/emiratos-arabes-unidos-es\/dubai-es\/dubai-excursiones-privadas-cruceros-es\/tour-privado-a-abu-dhabi-desde-dubai\/","title":{"rendered":"Tour Privado a Abu Dhabi"},"content":{"rendered":"<h2>Tour privado a Abu Dhabi Descripci\u00f3n<\/h2>\n<p>Descubra el encanto de la capital de los Emiratos con nuestro <b>tour privado a Abu Dhabi desde Dub\u00e1i<\/b>. En solo un d\u00eda, explorar\u00e1 maravillas modernas y lugares de inter\u00e9s cultural mientras disfruta de la comodidad de un veh\u00edculo privado y la experiencia de un gu\u00eda local. Este viaje combina vistas panor\u00e1micas, historia y tradiciones, y ofrece una introducci\u00f3n completa a la ciudad.<\/p>\n<p>El tour comienza con un recorrido por la pintoresca autopista que une Dub\u00e1i y Abu Dabi. Su primera parada ser\u00e1 la <b>Gran Mezquita Sheikh Zayed<\/b>, una obra maestra arquitect\u00f3nica y una de las mezquitas m\u00e1s grandes del mundo. En su interior, el m\u00e1rmol blanco, las l\u00e1mparas de ara\u00f1a y los estanques reflectantes crean una atm\u00f3sfera impresionante. Desde all\u00ed, continuar\u00e1 hacia la <b>Corniche<\/b>, el paseo mar\u00edtimo de la ciudad, perfecto para disfrutar de las vistas del horizonte.<\/p>\n<h2>Lo m\u00e1s destacado del tour privado a Abu Dhabi desde Dub\u00e1i<\/h2>\n<ul>\n<li><b>Gran Mezquita Sheikh Zayed<\/b>: visite el monumento religioso m\u00e1s emblem\u00e1tico de los Emiratos \u00c1rabes Unidos.<\/li>\n<li><b>Corniche<\/b>: pintoresco paseo mar\u00edtimo con vistas panor\u00e1micas.<\/li>\n<li><b>Heritage Village<\/b>: conozca las tradiciones y la artesan\u00eda emirat\u00edes.<\/li>\n<li><b>Qasr Al Watan (Palacio Presidencial)<\/b>: vistas exteriores de un impresionante monumento.<\/li>\n<li>Marina Mall o zoco local: tiempo para ir de compras o tomar un caf\u00e9.<\/li>\n<\/ul>\n<p>Despu\u00e9s de descubrir la faceta cultural de Abu Dhabi, el tour contin\u00faa hacia el distrito moderno, donde la arquitectura futurista se mezcla con el patrimonio \u00e1rabe. Su gu\u00eda le contar\u00e1 historias sobre la transformaci\u00f3n de la ciudad en una capital mundial. Tambi\u00e9n pasar\u00e1 por el <b>Emirates Palace Hotel<\/b>, s\u00edmbolo de lujo y elegancia, ideal para hacer fotos.<\/p>\n<p>Para obtener m\u00e1s informaci\u00f3n sobre la ciudad, puede visitar la p\u00e1gina web oficial de turismo de Abu Dabi. Tambi\u00e9n puede explorar otros tours personalizados por los EAU en <a href=\"https:\/\/tourtravelandmore.com\/\">Tour Travel &amp; More<\/a>.<\/p>\n<p>Elegir el <b>tour privado a Abu Dabi desde Dub\u00e1i<\/b> le garantiza una experiencia enriquecedora y c\u00f3moda, descubriendo lo mejor de la capital de los EAU en solo ocho horas.<\/p>\n","protected":false},"excerpt":{"rendered":"<p>Aproveche la oportunidad de visitar la hermosa mezquita Shaikh Zayed, el Palacio de los emiratos y otros sitios emblem\u00e1ticos de <strong>Abu Dhabi en una excursi\u00f3n privada desde Dubai.<\/strong> Descubra la regi\u00f3n junto a su chofer y gu\u00eda oficial privado.<\/p>\n","protected":false},"featured_media":89486,"comment_status":"open","ping_status":"closed","template":"","meta":{"_acf_changed":false},"product_brand":[],"product_cat":[1905,1964,1969,1966,1968],"product_tag":[],"class_list":{"0":"post-73172","1":"product","2":"type-product","3":"status-publish","4":"has-post-thumbnail","6":"product_cat-emiratos-arabes-unidos-es","7":"product_cat-dubai-es","8":"product_cat-dubai-actividades-es","9":"product_cat-dubai-excursiones-privadas-cruceros-es","10":"product_cat-dubai-rutas-turisticas-privadas-es","12":"first","13":"instock","14":"shipping-taxable","15":"purchasable","16":"product-type-simple"},"acf":[],"yoast_head":"<!-- This site is optimized with the Yoast SEO Premium plugin v25.3.1 (Yoast SEO v25.3.1) - https:\/\/yoast.com\/wordpress\/plugins\/seo\/ -->\n<title>Tour Privado a Abu Dhabi desde Dubai con chofer y gu\u00eda local | TTM<\/title>\n<meta name=\"description\" content=\"Disfruta este tour privado a Abu Dhabi desde Dubai y descubre la cultura, gastronom\u00eda, arquitectura y glamour junto a un gu\u00eda local experto\" \/>\n<meta name=\"robots\" content=\"index, follow, max-snippet:-1, max-image-preview:large, max-video-preview:-1\" \/>\n<link rel=\"canonical\" href=\"https:\/\/tourtravelandmore.com\/es\/tours\/emiratos-arabes-unidos-es\/dubai-es\/dubai-excursiones-privadas-cruceros-es\/tour-privado-a-abu-dhabi-desde-dubai\/\" \/>\n<meta property=\"og:locale\" content=\"es_ES\" \/>\n<meta property=\"og:type\" content=\"article\" \/>\n<meta property=\"og:title\" content=\"Tour Privado a Abu Dhabi\" \/>\n<meta property=\"og:description\" content=\"Disfruta este tour privado a Abu Dhabi desde Dubai y descubre la cultura, gastronom\u00eda, arquitectura y glamour junto a un gu\u00eda local experto\" \/>\n<meta property=\"og:url\" content=\"https:\/\/tourtravelandmore.com\/es\/tours\/emiratos-arabes-unidos-es\/dubai-es\/dubai-excursiones-privadas-cruceros-es\/tour-privado-a-abu-dhabi-desde-dubai\/\" \/>\n<meta property=\"og:site_name\" content=\"Tour Travel And More\" \/>\n<meta property=\"article:publisher\" content=\"https:\/\/www.facebook.com\/tourtravelandmore\/\" \/>\n<meta property=\"article:modified_time\" content=\"2025-09-17T17:56:48+00:00\" \/>\n<meta property=\"og:image\" content=\"https:\/\/tourtravelandmore.com\/wp-content\/uploads\/2019\/12\/Abu-Dhabi-2.jpeg\" \/>\n\t<meta property=\"og:image:width\" content=\"1051\" \/>\n\t<meta property=\"og:image:height\" content=\"701\" \/>\n\t<meta property=\"og:image:type\" content=\"image\/jpeg\" \/>\n<meta name=\"twitter:card\" content=\"summary_large_image\" \/>\n<meta name=\"twitter:site\" content=\"@TourTravel_More\" \/>\n<meta name=\"twitter:label1\" content=\"Tiempo de lectura\" \/>\n\t<meta name=\"twitter:data1\" content=\"2 minutos\" \/>\n<script type=\"application\/ld+json\" class=\"yoast-schema-graph\">{\"@context\":\"https:\/\/schema.org\",\"@graph\":[{\"@type\":\"WebPage\",\"@id\":\"https:\/\/tourtravelandmore.com\/es\/tours\/emiratos-arabes-unidos-es\/dubai-es\/dubai-excursiones-privadas-cruceros-es\/tour-privado-a-abu-dhabi-desde-dubai\/\",\"url\":\"https:\/\/tourtravelandmore.com\/es\/tours\/emiratos-arabes-unidos-es\/dubai-es\/dubai-excursiones-privadas-cruceros-es\/tour-privado-a-abu-dhabi-desde-dubai\/\",\"name\":\"Tour Privado a Abu Dhabi desde Dubai con chofer y gu\u00eda local | TTM\",\"isPartOf\":{\"@id\":\"https:\/\/tourtravelandmore.com\/es\/#website\"},\"primaryImageOfPage\":{\"@id\":\"https:\/\/tourtravelandmore.com\/es\/tours\/emiratos-arabes-unidos-es\/dubai-es\/dubai-excursiones-privadas-cruceros-es\/tour-privado-a-abu-dhabi-desde-dubai\/#primaryimage\"},\"image\":{\"@id\":\"https:\/\/tourtravelandmore.com\/es\/tours\/emiratos-arabes-unidos-es\/dubai-es\/dubai-excursiones-privadas-cruceros-es\/tour-privado-a-abu-dhabi-desde-dubai\/#primaryimage\"},\"thumbnailUrl\":\"https:\/\/tourtravelandmore.com\/wp-content\/uploads\/2019\/12\/Abu-Dhabi-2.jpeg\",\"datePublished\":\"2019-12-27T11:51:57+00:00\",\"dateModified\":\"2025-09-17T17:56:48+00:00\",\"description\":\"Disfruta este tour privado a Abu Dhabi desde Dubai y descubre la cultura, gastronom\u00eda, arquitectura y glamour junto a un gu\u00eda local experto\",\"breadcrumb\":{\"@id\":\"https:\/\/tourtravelandmore.com\/es\/tours\/emiratos-arabes-unidos-es\/dubai-es\/dubai-excursiones-privadas-cruceros-es\/tour-privado-a-abu-dhabi-desde-dubai\/#breadcrumb\"},\"inLanguage\":\"es\",\"potentialAction\":[{\"@type\":\"ReadAction\",\"target\":[\"https:\/\/tourtravelandmore.com\/es\/tours\/emiratos-arabes-unidos-es\/dubai-es\/dubai-excursiones-privadas-cruceros-es\/tour-privado-a-abu-dhabi-desde-dubai\/\"]}]},{\"@type\":\"ImageObject\",\"inLanguage\":\"es\",\"@id\":\"https:\/\/tourtravelandmore.com\/es\/tours\/emiratos-arabes-unidos-es\/dubai-es\/dubai-excursiones-privadas-cruceros-es\/tour-privado-a-abu-dhabi-desde-dubai\/#primaryimage\",\"url\":\"https:\/\/tourtravelandmore.com\/wp-content\/uploads\/2019\/12\/Abu-Dhabi-2.jpeg\",\"contentUrl\":\"https:\/\/tourtravelandmore.com\/wp-content\/uploads\/2019\/12\/Abu-Dhabi-2.jpeg\",\"width\":1051,\"height\":701,\"caption\":\"Abu Dhabi 2\"},{\"@type\":\"BreadcrumbList\",\"@id\":\"https:\/\/tourtravelandmore.com\/es\/tours\/emiratos-arabes-unidos-es\/dubai-es\/dubai-excursiones-privadas-cruceros-es\/tour-privado-a-abu-dhabi-desde-dubai\/#breadcrumb\",\"itemListElement\":[{\"@type\":\"ListItem\",\"position\":1,\"name\":\"Home\",\"item\":\"https:\/\/tourtravelandmore.com\/es\/\"},{\"@type\":\"ListItem\",\"position\":2,\"name\":\"Tours\",\"item\":\"https:\/\/tourtravelandmore.com\/es\/tours\/\"},{\"@type\":\"ListItem\",\"position\":3,\"name\":\"Tour Privado a Abu Dhabi\"}]},{\"@type\":\"WebSite\",\"@id\":\"https:\/\/tourtravelandmore.com\/es\/#website\",\"url\":\"https:\/\/tourtravelandmore.com\/es\/\",\"name\":\"Tour Travel And More\",\"description\":\"Private sightseeing tours and luxury transfers in Spain\",\"publisher\":{\"@id\":\"https:\/\/tourtravelandmore.com\/es\/#organization\"},\"potentialAction\":[{\"@type\":\"SearchAction\",\"target\":{\"@type\":\"EntryPoint\",\"urlTemplate\":\"https:\/\/tourtravelandmore.com\/es\/?s={search_term_string}\"},\"query-input\":{\"@type\":\"PropertyValueSpecification\",\"valueRequired\":true,\"valueName\":\"search_term_string\"}}],\"inLanguage\":\"es\"},{\"@type\":\"Organization\",\"@id\":\"https:\/\/tourtravelandmore.com\/es\/#organization\",\"name\":\"Tour Travel And More\",\"url\":\"https:\/\/tourtravelandmore.com\/es\/\",\"logo\":{\"@type\":\"ImageObject\",\"inLanguage\":\"es\",\"@id\":\"https:\/\/tourtravelandmore.com\/es\/#\/schema\/logo\/image\/\",\"url\":\"https:\/\/tourtravelandmore.com\/wp-content\/uploads\/2022\/12\/cropped-logo-cabecera-new.png\",\"contentUrl\":\"https:\/\/tourtravelandmore.com\/wp-content\/uploads\/2022\/12\/cropped-logo-cabecera-new.png\",\"width\":430,\"height\":61,\"caption\":\"Tour Travel And More\"},\"image\":{\"@id\":\"https:\/\/tourtravelandmore.com\/es\/#\/schema\/logo\/image\/\"},\"sameAs\":[\"https:\/\/www.facebook.com\/tourtravelandmore\/\",\"https:\/\/x.com\/TourTravel_More\"]}]}<\/script>\n<!-- \/ Yoast SEO Premium plugin. -->","yoast_head_json":{"title":"Tour Privado a Abu Dhabi desde Dubai con chofer y gu\u00eda local | TTM","description":"Disfruta este tour privado a Abu Dhabi desde Dubai y descubre la cultura, gastronom\u00eda, arquitectura y glamour junto a un gu\u00eda local experto","robots":{"index":"index","follow":"follow","max-snippet":"max-snippet:-1","max-image-preview":"max-image-preview:large","max-video-preview":"max-video-preview:-1"},"canonical":"https:\/\/tourtravelandmore.com\/es\/tours\/emiratos-arabes-unidos-es\/dubai-es\/dubai-excursiones-privadas-cruceros-es\/tour-privado-a-abu-dhabi-desde-dubai\/","og_locale":"es_ES","og_type":"article","og_title":"Tour Privado a Abu Dhabi","og_description":"Disfruta este tour privado a Abu Dhabi desde Dubai y descubre la cultura, gastronom\u00eda, arquitectura y glamour junto a un gu\u00eda local experto","og_url":"https:\/\/tourtravelandmore.com\/es\/tours\/emiratos-arabes-unidos-es\/dubai-es\/dubai-excursiones-privadas-cruceros-es\/tour-privado-a-abu-dhabi-desde-dubai\/","og_site_name":"Tour Travel And More","article_publisher":"https:\/\/www.facebook.com\/tourtravelandmore\/","article_modified_time":"2025-09-17T17:56:48+00:00","og_image":[{"width":1051,"height":701,"url":"https:\/\/tourtravelandmore.com\/wp-content\/uploads\/2019\/12\/Abu-Dhabi-2.jpeg","type":"image\/jpeg"}],"twitter_card":"summary_large_image","twitter_site":"@TourTravel_More","twitter_misc":{"Tiempo de lectura":"2 minutos"},"schema":{"@context":"https:\/\/schema.org","@graph":[{"@type":"WebPage","@id":"https:\/\/tourtravelandmore.com\/es\/tours\/emiratos-arabes-unidos-es\/dubai-es\/dubai-excursiones-privadas-cruceros-es\/tour-privado-a-abu-dhabi-desde-dubai\/","url":"https:\/\/tourtravelandmore.com\/es\/tours\/emiratos-arabes-unidos-es\/dubai-es\/dubai-excursiones-privadas-cruceros-es\/tour-privado-a-abu-dhabi-desde-dubai\/","name":"Tour Privado a Abu Dhabi desde Dubai con chofer y gu\u00eda local | TTM","isPartOf":{"@id":"https:\/\/tourtravelandmore.com\/es\/#website"},"primaryImageOfPage":{"@id":"https:\/\/tourtravelandmore.com\/es\/tours\/emiratos-arabes-unidos-es\/dubai-es\/dubai-excursiones-privadas-cruceros-es\/tour-privado-a-abu-dhabi-desde-dubai\/#primaryimage"},"image":{"@id":"https:\/\/tourtravelandmore.com\/es\/tours\/emiratos-arabes-unidos-es\/dubai-es\/dubai-excursiones-privadas-cruceros-es\/tour-privado-a-abu-dhabi-desde-dubai\/#primaryimage"},"thumbnailUrl":"https:\/\/tourtravelandmore.com\/wp-content\/uploads\/2019\/12\/Abu-Dhabi-2.jpeg","datePublished":"2019-12-27T11:51:57+00:00","dateModified":"2025-09-17T17:56:48+00:00","description":"Disfruta este tour privado a Abu Dhabi desde Dubai y descubre la cultura, gastronom\u00eda, arquitectura y glamour junto a un gu\u00eda local experto","breadcrumb":{"@id":"https:\/\/tourtravelandmore.com\/es\/tours\/emiratos-arabes-unidos-es\/dubai-es\/dubai-excursiones-privadas-cruceros-es\/tour-privado-a-abu-dhabi-desde-dubai\/#breadcrumb"},"inLanguage":"es","potentialAction":[{"@type":"ReadAction","target":["https:\/\/tourtravelandmore.com\/es\/tours\/emiratos-arabes-unidos-es\/dubai-es\/dubai-excursiones-privadas-cruceros-es\/tour-privado-a-abu-dhabi-desde-dubai\/"]}]},{"@type":"ImageObject","inLanguage":"es","@id":"https:\/\/tourtravelandmore.com\/es\/tours\/emiratos-arabes-unidos-es\/dubai-es\/dubai-excursiones-privadas-cruceros-es\/tour-privado-a-abu-dhabi-desde-dubai\/#primaryimage","url":"https:\/\/tourtravelandmore.com\/wp-content\/uploads\/2019\/12\/Abu-Dhabi-2.jpeg","contentUrl":"https:\/\/tourtravelandmore.com\/wp-content\/uploads\/2019\/12\/Abu-Dhabi-2.jpeg","width":1051,"height":701,"caption":"Abu Dhabi 2"},{"@type":"BreadcrumbList","@id":"https:\/\/tourtravelandmore.com\/es\/tours\/emiratos-arabes-unidos-es\/dubai-es\/dubai-excursiones-privadas-cruceros-es\/tour-privado-a-abu-dhabi-desde-dubai\/#breadcrumb","itemListElement":[{"@type":"ListItem","position":1,"name":"Home","item":"https:\/\/tourtravelandmore.com\/es\/"},{"@type":"ListItem","position":2,"name":"Tours","item":"https:\/\/tourtravelandmore.com\/es\/tours\/"},{"@type":"ListItem","position":3,"name":"Tour Privado a Abu Dhabi"}]},{"@type":"WebSite","@id":"https:\/\/tourtravelandmore.com\/es\/#website","url":"https:\/\/tourtravelandmore.com\/es\/","name":"Tour Travel And More","description":"Private sightseeing tours and luxury transfers in Spain","publisher":{"@id":"https:\/\/tourtravelandmore.com\/es\/#organization"},"potentialAction":[{"@type":"SearchAction","target":{"@type":"EntryPoint","urlTemplate":"https:\/\/tourtravelandmore.com\/es\/?s={search_term_string}"},"query-input":{"@type":"PropertyValueSpecification","valueRequired":true,"valueName":"search_term_string"}}],"inLanguage":"es"},{"@type":"Organization","@id":"https:\/\/tourtravelandmore.com\/es\/#organization","name":"Tour Travel And More","url":"https:\/\/tourtravelandmore.com\/es\/","logo":{"@type":"ImageObject","inLanguage":"es","@id":"https:\/\/tourtravelandmore.com\/es\/#\/schema\/logo\/image\/","url":"https:\/\/tourtravelandmore.com\/wp-content\/uploads\/2022\/12\/cropped-logo-cabecera-new.png","contentUrl":"https:\/\/tourtravelandmore.com\/wp-content\/uploads\/2022\/12\/cropped-logo-cabecera-new.png","width":430,"height":61,"caption":"Tour Travel And More"},"image":{"@id":"https:\/\/tourtravelandmore.com\/es\/#\/schema\/logo\/image\/"},"sameAs":["https:\/\/www.facebook.com\/tourtravelandmore\/","https:\/\/x.com\/TourTravel_More"]}]}},"_links":{"self":[{"href":"https:\/\/tourtravelandmore.com\/es\/wp-json\/wp\/v2\/product\/73172","targetHints":{"allow":["GET"]}}],"collection":[{"href":"https:\/\/tourtravelandmore.com\/es\/wp-json\/wp\/v2\/product"}],"about":[{"href":"https:\/\/tourtravelandmore.com\/es\/wp-json\/wp\/v2\/types\/product"}],"replies":[{"embeddable":true,"href":"https:\/\/tourtravelandmore.com\/es\/wp-json\/wp\/v2\/comments?post=73172"}],"wp:featuredmedia":[{"embeddable":true,"href":"https:\/\/tourtravelandmore.com\/es\/wp-json\/wp\/v2\/media\/89486"}],"wp:attachment":[{"href":"https:\/\/tourtravelandmore.com\/es\/wp-json\/wp\/v2\/media?parent=73172"}],"wp:term":[{"taxonomy":"product_brand","embeddable":true,"href":"https:\/\/tourtravelandmore.com\/es\/wp-json\/wp\/v2\/product_brand?post=73172"},{"taxonomy":"product_cat","embeddable":true,"href":"https:\/\/tourtravelandmore.com\/es\/wp-json\/wp\/v2\/product_cat?post=73172"},{"taxonomy":"product_tag","embeddable":true,"href":"https:\/\/tourtravelandmore.com\/es\/wp-json\/wp\/v2\/product_tag?post=73172"}],"curies":[{"name":"wp","href":"https:\/\/api.w.org\/{rel}","templated":true}]}}