{"id":73075,"date":"2019-12-26T13:44:10","date_gmt":"2019-12-26T12:44:11","guid":{"rendered":"https:\/\/tourtravelandmore.com\/?post_type=product&#038;p=73075"},"modified":"2023-08-04T10:45:26","modified_gmt":"2023-08-04T08:45:26","slug":"tour-privado-de-dia-completo-en-dubai-desde-abu-dhabi","status":"publish","type":"product","link":"https:\/\/tourtravelandmore.com\/es\/tours\/emiratos-arabes-unidos-es\/abu-dhabi-es\/abu-dhabi-excursiones-privadas-cruceros-es\/tour-privado-de-dia-completo-en-dubai-desde-abu-dhabi\/","title":{"rendered":"Tour Privado a Dubai desde Abu Dhabi"},"content":{"rendered":"<h2>Descripci\u00f3n Tour Privado a Dubai desde Abu Dabi<\/h2>\n<p>En este\u00a0<strong>tour privado<\/strong>, usted y sus compa\u00f1eros de viaje disfrutar\u00e1n de poder conocer, con la compa\u00f1\u00eda de un\u00a0<strong>gu\u00eda tur\u00edstico<\/strong>\u00a0y un\u00a0<strong>chofer privado<\/strong>, la hermosa ciudad de\u00a0<strong>Dubai<\/strong>, preparaos para explorar sus maravillosas mezquitas, su arquitectura futur\u00edstica y sus deslumbrantes islas.<br \/>\nVosotros pod\u00e9is elegir el punto de partida del tour, es posible coordinar salidas desde su hotel, apartamento, puerto, aeropuerto o punto personal de selecci\u00f3n en Abu Dhabi.<br \/>\nEste tour es completamente personalizable y pod\u00e9is organizarlo como quer\u00e1is y lo que busc\u00e1is. Puede personalizar vuestro tour s\u00f3lo contactando con nosotros. Aqu\u00ed os dejamos un ejemplo de itinerario, el tour ser\u00e1 personalizado para que ve\u00e1is y conozc\u00e1is exactamente lo que quer\u00e9is ver en los alrededores de Dubai.<\/p>\n<h2>Principales puntos de inter\u00e9s durante vuestro tour<\/h2>\n<p>Durante su\u00a0<strong>tour privado<\/strong>\u00a0de 8 horas descubrir\u00e9is algunos de los sitios m\u00e1s emblem\u00e1ticos de\u00a0<strong>Dubai<\/strong>\u00a0con su gu\u00eda local. Una vez que comience el tour podr\u00e1 visitar, entre otros, los siguientes lugares:<\/p>\n<p><strong>Palacio Zabeel<\/strong><br \/>\nVisite uno de los m\u00e1s impresionantes palacios de Dubai y, por lejos, el sitio m\u00e1s seguro de los EAU. Los avances tecnol\u00f3gicos deben mantener a Shaikh Rashid, primer ministro de los EUA, a salvo de cualquier amenaza exterior.<\/p>\n<p><strong>\u201cEn la Cima\u201d Burj Khalifa<\/strong><br \/>\nDue\u00f1o de m\u00e1s de 15 r\u00e9cords mundiales, incluyendo \u201cLa estructura m\u00e1s alta jam\u00e1s construida\u201d, \u201cEl edificio con m\u00e1s pisos del mundo\u201d y \u201cEl despliegue de fuegos artificiales de A\u00f1o Nuevo m\u00e1s grande del mundo\u201d entre otros. Este monstruo de acero ofrece una gran variedad de actividades como una plataforma de observaci\u00f3n, el restaurante m\u00e1s alto del mundo y el club nocturno m\u00e1s alto del mundo. \u00a1Sienta el v\u00e9rtigo en la cima!<\/p>\n<p><strong>Centro Comercial de Dubai<\/strong><br \/>\nPi\u00e9rdase en el segundo centro comercial m\u00e1s grande del mundo (por la totalidad de su superficie). Lleno de atracciones, tanto para chicos como para adultos, encontraran entre otros. Un acuario y un zoo bajo el agua, un parque de realidad virtual, 22 salas de cine, una casa encantada, KidZania (parque tem\u00e1tico para ni\u00f1os) y m\u00e1s de 120 restaurantes y caf\u00e9s.<\/p>\n<p><strong>Acuario del Centro Comercial de Dubai<\/strong><br \/>\nDescubran la magia del zool\u00f3gico subacu\u00e1tico y empaparos con las maravillas de la naturaleza. Encontrar\u00e1n m\u00e1s de 400 tiburones y rayas, y la colecci\u00f3n m\u00e1s grande de tiburones tigre del mundo.<\/p>\n<p><strong>Atlantis<\/strong><br \/>\nEste hotel de lujo es la corona de la Isla Palm. Basado en el mito de Atlantis e incluyendo algunos elementos \u00e1rabes, este complejo ofrece restaurantes de primer nivel y un parque de agua que os dejara boquiabiertos con m\u00e1s de 65.000 animales marinos.<\/p>\n<p><strong>Marina de Dubai<\/strong><br \/>\nExplore uno de los barrios m\u00e1s vivos de la ciudad. Navegando por sus canales o nadando y comiendo en sus playas, experimente todas las actividades que esta ciudad con canales artificiales le ofrece para sentirse en plenitud.<\/p>\n<p><strong>Madinat Jumeirah Souq<\/strong><br \/>\nEste Mercado es la combinaci\u00f3n perfecta entre el patrimonio \u00e1rabe y las nuevas tecnolog\u00edas. Desde las especias hasta joyas artesanales locales, rodeado de canales, este mercado ofrece m\u00e1s de 75 tiendas, galer\u00edas y restaurantes. Disfrute de las vistas sobre el agua en este tradicional Souq de Medio Oriente.<\/p>\n<p><strong>Burj Al Arab<\/strong><br \/>\nSituado en una isla artificial, este hotel es uno de los m\u00e1s grandes del mundo. Con una altura de 210 metros es un icono global del lujo ar\u00e1bico.<\/p>\n<p><strong>Mezquita Jumeirah<\/strong><br \/>\nEsta ic\u00f3nica mezquita es una de las dos \u00fanicas mezquitas que permite el ingreso de no musulmanes. Abierta en 1979 ha adoptado una pol\u00edtica de \u201cPuertas Abiertas. Mentes Abiertas\u201d para todas las actividades. El arte intrincado de esta mezquita construida en su totalidad de piedra blanca os sorprender\u00e1, especialmente sus minaretes mellizos y su c\u00fapula central.<\/p>\n<p><strong>Museo de Dubai<\/strong><br \/>\nConstruido en 1787, este museo centenario esta situado dentro del Fuerte Al Fahidi. Se cree que esta es la edificaci\u00f3n es la m\u00e1s antigua de Dubai que a\u00fan sigue en pie. Este patrimonio vivo es una oportunidad para obtener un conocimiento pleno e integral de la m\u00e1s antigua historia de Dubai, que ha interactuado con todo tipo de personas y civilizaciones diferentes a lo largo de la historia.<\/p>\n<p><strong>Mercado de Especias<\/strong><br \/>\nPierda el rumbo en los callejones del mercado cuando siga los aromas de sus especias favoritas. P\u00f3ngale especias a su vida en este colorido viaje lleno de sabores.<\/p>\n<p>El tour tiene una duraci\u00f3n total de 8 horas desde que os recogen hasta que os devuelven a su punto de partida. Todos nuestros servicios son adaptables al inter\u00e9s de cada cliente, de manera que no dud\u00e9is en consultar si quer\u00e9is una duraci\u00f3n mayor del tour, y si os interesa visitar alg\u00fan otro sitio en los alrededores de Dubai. En Tour Travel and More nos dedicamos a crear los tours a medida para cada cliente, de acuerdo a sus intereses.<\/p>\n<h4>Nuestros Tours Privados en Tour Travel &amp; More<\/h4>\n<p>Ofrecemos a nuestros clientes tours privados para familias, amigos e incluso para incentivos o grupos grandes. Entendemos las necesidades de los viajeros mientras est\u00e1n de vacaciones, y hacemos todo lo posible para que su estancia sea inolvidable. Nuestra flota se compone de veh\u00edculos de lujo y nuestro personal es perfectamente multiling\u00fce. Nuestros gu\u00edas son gu\u00edas oficiales y viven en Dubai y son grandes conocedores de la ciudad. Nuestros gu\u00edas en Dubai hablan varios idiomas: Ingl\u00e9s, Espa\u00f1ol, Franc\u00e9s, Italiano, Polaco, Holand\u00e9s, Chino, Ruso, Japon\u00e9s, Alem\u00e1n, Griego y Portugu\u00e9s.<\/p>\n","protected":false},"excerpt":{"rendered":"<p>Disfrute de este\u00a0<strong>tour privado <\/strong>hacia\u00a0<strong>Dubai<\/strong>, un sitio donde la tradici\u00f3n Isl\u00e1mica se combina con un estilo de vida moderno, desde Abu Dhabi.\u00a0Aproveche la oportunidad de visitar la hermosa mezquita\u00a0<strong>Jumeirah<\/strong>, el imponente edificio <strong>Burj Khalifa<\/strong> y mucho m\u00e1s junto a su gu\u00eda y chofer privados.<\/p>\n","protected":false},"featured_media":73021,"comment_status":"open","ping_status":"closed","template":"","meta":{"_acf_changed":false},"product_brand":[],"product_cat":[1905,1906,1911,1908,1910],"product_tag":[],"class_list":{"0":"post-73075","1":"product","2":"type-product","3":"status-publish","4":"has-post-thumbnail","6":"product_cat-emiratos-arabes-unidos-es","7":"product_cat-abu-dhabi-es","8":"product_cat-abu-dhabi-actividades-es","9":"product_cat-abu-dhabi-excursiones-privadas-cruceros-es","10":"product_cat-abu-dhabi-rutas-turisticas-privadas-es","12":"first","13":"instock","14":"shipping-taxable","15":"purchasable","16":"product-type-simple"},"acf":[],"yoast_head":"<!-- This site is optimized with the Yoast SEO Premium plugin v25.3.1 (Yoast SEO v25.3.1) - https:\/\/yoast.com\/wordpress\/plugins\/seo\/ -->\n<title>\u27a1\ufe0f Tour Privado de D\u00eda Completo Dubai desde Abu Dhabi | Tour Travel &amp; More<\/title>\n<meta name=\"description\" content=\"Tour privado que os acercar\u00e1 a la ciudad de Dubai para explorar sus maravillosas mezquitas, su arquitectura futur\u00edstica y sus deslumbrantes islas \u2705\" \/>\n<meta name=\"robots\" content=\"index, follow, max-snippet:-1, max-image-preview:large, max-video-preview:-1\" \/>\n<link rel=\"canonical\" href=\"https:\/\/tourtravelandmore.com\/es\/tours\/emiratos-arabes-unidos-es\/abu-dhabi-es\/abu-dhabi-excursiones-privadas-cruceros-es\/tour-privado-de-dia-completo-en-dubai-desde-abu-dhabi\/\" \/>\n<meta property=\"og:locale\" content=\"es_ES\" \/>\n<meta property=\"og:type\" content=\"article\" \/>\n<meta property=\"og:title\" content=\"Tour Privado a Dubai desde Abu Dhabi\" \/>\n<meta property=\"og:description\" content=\"Tour privado que os acercar\u00e1 a la ciudad de Dubai para explorar sus maravillosas mezquitas, su arquitectura futur\u00edstica y sus deslumbrantes islas \u2705\" \/>\n<meta property=\"og:url\" content=\"https:\/\/tourtravelandmore.com\/es\/tours\/emiratos-arabes-unidos-es\/abu-dhabi-es\/abu-dhabi-excursiones-privadas-cruceros-es\/tour-privado-de-dia-completo-en-dubai-desde-abu-dhabi\/\" \/>\n<meta property=\"og:site_name\" content=\"Tour Travel And More\" \/>\n<meta property=\"article:publisher\" content=\"https:\/\/www.facebook.com\/tourtravelandmore\/\" \/>\n<meta property=\"article:modified_time\" content=\"2023-08-04T08:45:26+00:00\" \/>\n<meta property=\"og:image\" content=\"https:\/\/tourtravelandmore.com\/wp-content\/uploads\/2019\/12\/du4.jpg\" \/>\n\t<meta property=\"og:image:width\" content=\"1024\" \/>\n\t<meta property=\"og:image:height\" content=\"683\" \/>\n\t<meta property=\"og:image:type\" content=\"image\/jpeg\" \/>\n<meta name=\"twitter:card\" content=\"summary_large_image\" \/>\n<meta name=\"twitter:site\" content=\"@TourTravel_More\" \/>\n<meta name=\"twitter:label1\" content=\"Tiempo de lectura\" \/>\n\t<meta name=\"twitter:data1\" content=\"5 minutos\" \/>\n<script type=\"application\/ld+json\" class=\"yoast-schema-graph\">{\"@context\":\"https:\/\/schema.org\",\"@graph\":[{\"@type\":\"WebPage\",\"@id\":\"https:\/\/tourtravelandmore.com\/es\/tours\/emiratos-arabes-unidos-es\/abu-dhabi-es\/abu-dhabi-excursiones-privadas-cruceros-es\/tour-privado-de-dia-completo-en-dubai-desde-abu-dhabi\/\",\"url\":\"https:\/\/tourtravelandmore.com\/es\/tours\/emiratos-arabes-unidos-es\/abu-dhabi-es\/abu-dhabi-excursiones-privadas-cruceros-es\/tour-privado-de-dia-completo-en-dubai-desde-abu-dhabi\/\",\"name\":\"\u27a1\ufe0f Tour Privado de D\u00eda Completo Dubai desde Abu Dhabi | Tour Travel & More\",\"isPartOf\":{\"@id\":\"https:\/\/tourtravelandmore.com\/es\/#website\"},\"primaryImageOfPage\":{\"@id\":\"https:\/\/tourtravelandmore.com\/es\/tours\/emiratos-arabes-unidos-es\/abu-dhabi-es\/abu-dhabi-excursiones-privadas-cruceros-es\/tour-privado-de-dia-completo-en-dubai-desde-abu-dhabi\/#primaryimage\"},\"image\":{\"@id\":\"https:\/\/tourtravelandmore.com\/es\/tours\/emiratos-arabes-unidos-es\/abu-dhabi-es\/abu-dhabi-excursiones-privadas-cruceros-es\/tour-privado-de-dia-completo-en-dubai-desde-abu-dhabi\/#primaryimage\"},\"thumbnailUrl\":\"https:\/\/tourtravelandmore.com\/wp-content\/uploads\/2019\/12\/du4.jpg\",\"datePublished\":\"2019-12-26T12:44:11+00:00\",\"dateModified\":\"2023-08-04T08:45:26+00:00\",\"description\":\"Tour privado que os acercar\u00e1 a la ciudad de Dubai para explorar sus maravillosas mezquitas, su arquitectura futur\u00edstica y sus deslumbrantes islas \u2705\",\"breadcrumb\":{\"@id\":\"https:\/\/tourtravelandmore.com\/es\/tours\/emiratos-arabes-unidos-es\/abu-dhabi-es\/abu-dhabi-excursiones-privadas-cruceros-es\/tour-privado-de-dia-completo-en-dubai-desde-abu-dhabi\/#breadcrumb\"},\"inLanguage\":\"es\",\"potentialAction\":[{\"@type\":\"ReadAction\",\"target\":[\"https:\/\/tourtravelandmore.com\/es\/tours\/emiratos-arabes-unidos-es\/abu-dhabi-es\/abu-dhabi-excursiones-privadas-cruceros-es\/tour-privado-de-dia-completo-en-dubai-desde-abu-dhabi\/\"]}]},{\"@type\":\"ImageObject\",\"inLanguage\":\"es\",\"@id\":\"https:\/\/tourtravelandmore.com\/es\/tours\/emiratos-arabes-unidos-es\/abu-dhabi-es\/abu-dhabi-excursiones-privadas-cruceros-es\/tour-privado-de-dia-completo-en-dubai-desde-abu-dhabi\/#primaryimage\",\"url\":\"https:\/\/tourtravelandmore.com\/wp-content\/uploads\/2019\/12\/du4.jpg\",\"contentUrl\":\"https:\/\/tourtravelandmore.com\/wp-content\/uploads\/2019\/12\/du4.jpg\",\"width\":1024,\"height\":683},{\"@type\":\"BreadcrumbList\",\"@id\":\"https:\/\/tourtravelandmore.com\/es\/tours\/emiratos-arabes-unidos-es\/abu-dhabi-es\/abu-dhabi-excursiones-privadas-cruceros-es\/tour-privado-de-dia-completo-en-dubai-desde-abu-dhabi\/#breadcrumb\",\"itemListElement\":[{\"@type\":\"ListItem\",\"position\":1,\"name\":\"Home\",\"item\":\"https:\/\/tourtravelandmore.com\/es\/\"},{\"@type\":\"ListItem\",\"position\":2,\"name\":\"Tours\",\"item\":\"https:\/\/tourtravelandmore.com\/es\/tours\/\"},{\"@type\":\"ListItem\",\"position\":3,\"name\":\"Tour Privado a Dubai desde Abu Dhabi\"}]},{\"@type\":\"WebSite\",\"@id\":\"https:\/\/tourtravelandmore.com\/es\/#website\",\"url\":\"https:\/\/tourtravelandmore.com\/es\/\",\"name\":\"Tour Travel And More\",\"description\":\"Private sightseeing tours and luxury transfers in Spain\",\"publisher\":{\"@id\":\"https:\/\/tourtravelandmore.com\/es\/#organization\"},\"potentialAction\":[{\"@type\":\"SearchAction\",\"target\":{\"@type\":\"EntryPoint\",\"urlTemplate\":\"https:\/\/tourtravelandmore.com\/es\/?s={search_term_string}\"},\"query-input\":{\"@type\":\"PropertyValueSpecification\",\"valueRequired\":true,\"valueName\":\"search_term_string\"}}],\"inLanguage\":\"es\"},{\"@type\":\"Organization\",\"@id\":\"https:\/\/tourtravelandmore.com\/es\/#organization\",\"name\":\"Tour Travel And More\",\"url\":\"https:\/\/tourtravelandmore.com\/es\/\",\"logo\":{\"@type\":\"ImageObject\",\"inLanguage\":\"es\",\"@id\":\"https:\/\/tourtravelandmore.com\/es\/#\/schema\/logo\/image\/\",\"url\":\"https:\/\/tourtravelandmore.com\/wp-content\/uploads\/2022\/12\/cropped-logo-cabecera-new.png\",\"contentUrl\":\"https:\/\/tourtravelandmore.com\/wp-content\/uploads\/2022\/12\/cropped-logo-cabecera-new.png\",\"width\":430,\"height\":61,\"caption\":\"Tour Travel And More\"},\"image\":{\"@id\":\"https:\/\/tourtravelandmore.com\/es\/#\/schema\/logo\/image\/\"},\"sameAs\":[\"https:\/\/www.facebook.com\/tourtravelandmore\/\",\"https:\/\/x.com\/TourTravel_More\"]}]}<\/script>\n<!-- \/ Yoast SEO Premium plugin. -->","yoast_head_json":{"title":"\u27a1\ufe0f Tour Privado de D\u00eda Completo Dubai desde Abu Dhabi | Tour Travel & More","description":"Tour privado que os acercar\u00e1 a la ciudad de Dubai para explorar sus maravillosas mezquitas, su arquitectura futur\u00edstica y sus deslumbrantes islas \u2705","robots":{"index":"index","follow":"follow","max-snippet":"max-snippet:-1","max-image-preview":"max-image-preview:large","max-video-preview":"max-video-preview:-1"},"canonical":"https:\/\/tourtravelandmore.com\/es\/tours\/emiratos-arabes-unidos-es\/abu-dhabi-es\/abu-dhabi-excursiones-privadas-cruceros-es\/tour-privado-de-dia-completo-en-dubai-desde-abu-dhabi\/","og_locale":"es_ES","og_type":"article","og_title":"Tour Privado a Dubai desde Abu Dhabi","og_description":"Tour privado que os acercar\u00e1 a la ciudad de Dubai para explorar sus maravillosas mezquitas, su arquitectura futur\u00edstica y sus deslumbrantes islas \u2705","og_url":"https:\/\/tourtravelandmore.com\/es\/tours\/emiratos-arabes-unidos-es\/abu-dhabi-es\/abu-dhabi-excursiones-privadas-cruceros-es\/tour-privado-de-dia-completo-en-dubai-desde-abu-dhabi\/","og_site_name":"Tour Travel And More","article_publisher":"https:\/\/www.facebook.com\/tourtravelandmore\/","article_modified_time":"2023-08-04T08:45:26+00:00","og_image":[{"width":1024,"height":683,"url":"https:\/\/tourtravelandmore.com\/wp-content\/uploads\/2019\/12\/du4.jpg","type":"image\/jpeg"}],"twitter_card":"summary_large_image","twitter_site":"@TourTravel_More","twitter_misc":{"Tiempo de lectura":"5 minutos"},"schema":{"@context":"https:\/\/schema.org","@graph":[{"@type":"WebPage","@id":"https:\/\/tourtravelandmore.com\/es\/tours\/emiratos-arabes-unidos-es\/abu-dhabi-es\/abu-dhabi-excursiones-privadas-cruceros-es\/tour-privado-de-dia-completo-en-dubai-desde-abu-dhabi\/","url":"https:\/\/tourtravelandmore.com\/es\/tours\/emiratos-arabes-unidos-es\/abu-dhabi-es\/abu-dhabi-excursiones-privadas-cruceros-es\/tour-privado-de-dia-completo-en-dubai-desde-abu-dhabi\/","name":"\u27a1\ufe0f Tour Privado de D\u00eda Completo Dubai desde Abu Dhabi | Tour Travel & More","isPartOf":{"@id":"https:\/\/tourtravelandmore.com\/es\/#website"},"primaryImageOfPage":{"@id":"https:\/\/tourtravelandmore.com\/es\/tours\/emiratos-arabes-unidos-es\/abu-dhabi-es\/abu-dhabi-excursiones-privadas-cruceros-es\/tour-privado-de-dia-completo-en-dubai-desde-abu-dhabi\/#primaryimage"},"image":{"@id":"https:\/\/tourtravelandmore.com\/es\/tours\/emiratos-arabes-unidos-es\/abu-dhabi-es\/abu-dhabi-excursiones-privadas-cruceros-es\/tour-privado-de-dia-completo-en-dubai-desde-abu-dhabi\/#primaryimage"},"thumbnailUrl":"https:\/\/tourtravelandmore.com\/wp-content\/uploads\/2019\/12\/du4.jpg","datePublished":"2019-12-26T12:44:11+00:00","dateModified":"2023-08-04T08:45:26+00:00","description":"Tour privado que os acercar\u00e1 a la ciudad de Dubai para explorar sus maravillosas mezquitas, su arquitectura futur\u00edstica y sus deslumbrantes islas \u2705","breadcrumb":{"@id":"https:\/\/tourtravelandmore.com\/es\/tours\/emiratos-arabes-unidos-es\/abu-dhabi-es\/abu-dhabi-excursiones-privadas-cruceros-es\/tour-privado-de-dia-completo-en-dubai-desde-abu-dhabi\/#breadcrumb"},"inLanguage":"es","potentialAction":[{"@type":"ReadAction","target":["https:\/\/tourtravelandmore.com\/es\/tours\/emiratos-arabes-unidos-es\/abu-dhabi-es\/abu-dhabi-excursiones-privadas-cruceros-es\/tour-privado-de-dia-completo-en-dubai-desde-abu-dhabi\/"]}]},{"@type":"ImageObject","inLanguage":"es","@id":"https:\/\/tourtravelandmore.com\/es\/tours\/emiratos-arabes-unidos-es\/abu-dhabi-es\/abu-dhabi-excursiones-privadas-cruceros-es\/tour-privado-de-dia-completo-en-dubai-desde-abu-dhabi\/#primaryimage","url":"https:\/\/tourtravelandmore.com\/wp-content\/uploads\/2019\/12\/du4.jpg","contentUrl":"https:\/\/tourtravelandmore.com\/wp-content\/uploads\/2019\/12\/du4.jpg","width":1024,"height":683},{"@type":"BreadcrumbList","@id":"https:\/\/tourtravelandmore.com\/es\/tours\/emiratos-arabes-unidos-es\/abu-dhabi-es\/abu-dhabi-excursiones-privadas-cruceros-es\/tour-privado-de-dia-completo-en-dubai-desde-abu-dhabi\/#breadcrumb","itemListElement":[{"@type":"ListItem","position":1,"name":"Home","item":"https:\/\/tourtravelandmore.com\/es\/"},{"@type":"ListItem","position":2,"name":"Tours","item":"https:\/\/tourtravelandmore.com\/es\/tours\/"},{"@type":"ListItem","position":3,"name":"Tour Privado a Dubai desde Abu Dhabi"}]},{"@type":"WebSite","@id":"https:\/\/tourtravelandmore.com\/es\/#website","url":"https:\/\/tourtravelandmore.com\/es\/","name":"Tour Travel And More","description":"Private sightseeing tours and luxury transfers in Spain","publisher":{"@id":"https:\/\/tourtravelandmore.com\/es\/#organization"},"potentialAction":[{"@type":"SearchAction","target":{"@type":"EntryPoint","urlTemplate":"https:\/\/tourtravelandmore.com\/es\/?s={search_term_string}"},"query-input":{"@type":"PropertyValueSpecification","valueRequired":true,"valueName":"search_term_string"}}],"inLanguage":"es"},{"@type":"Organization","@id":"https:\/\/tourtravelandmore.com\/es\/#organization","name":"Tour Travel And More","url":"https:\/\/tourtravelandmore.com\/es\/","logo":{"@type":"ImageObject","inLanguage":"es","@id":"https:\/\/tourtravelandmore.com\/es\/#\/schema\/logo\/image\/","url":"https:\/\/tourtravelandmore.com\/wp-content\/uploads\/2022\/12\/cropped-logo-cabecera-new.png","contentUrl":"https:\/\/tourtravelandmore.com\/wp-content\/uploads\/2022\/12\/cropped-logo-cabecera-new.png","width":430,"height":61,"caption":"Tour Travel And More"},"image":{"@id":"https:\/\/tourtravelandmore.com\/es\/#\/schema\/logo\/image\/"},"sameAs":["https:\/\/www.facebook.com\/tourtravelandmore\/","https:\/\/x.com\/TourTravel_More"]}]}},"_links":{"self":[{"href":"https:\/\/tourtravelandmore.com\/es\/wp-json\/wp\/v2\/product\/73075","targetHints":{"allow":["GET"]}}],"collection":[{"href":"https:\/\/tourtravelandmore.com\/es\/wp-json\/wp\/v2\/product"}],"about":[{"href":"https:\/\/tourtravelandmore.com\/es\/wp-json\/wp\/v2\/types\/product"}],"replies":[{"embeddable":true,"href":"https:\/\/tourtravelandmore.com\/es\/wp-json\/wp\/v2\/comments?post=73075"}],"wp:featuredmedia":[{"embeddable":true,"href":"https:\/\/tourtravelandmore.com\/es\/wp-json\/wp\/v2\/media\/73021"}],"wp:attachment":[{"href":"https:\/\/tourtravelandmore.com\/es\/wp-json\/wp\/v2\/media?parent=73075"}],"wp:term":[{"taxonomy":"product_brand","embeddable":true,"href":"https:\/\/tourtravelandmore.com\/es\/wp-json\/wp\/v2\/product_brand?post=73075"},{"taxonomy":"product_cat","embeddable":true,"href":"https:\/\/tourtravelandmore.com\/es\/wp-json\/wp\/v2\/product_cat?post=73075"},{"taxonomy":"product_tag","embeddable":true,"href":"https:\/\/tourtravelandmore.com\/es\/wp-json\/wp\/v2\/product_tag?post=73075"}],"curies":[{"name":"wp","href":"https:\/\/api.w.org\/{rel}","templated":true}]}}