{"id":72919,"date":"2019-12-24T09:39:44","date_gmt":"2019-12-24T08:39:45","guid":{"rendered":"https:\/\/tourtravelandmore.com\/?post_type=product&#038;p=72919"},"modified":"2023-08-04T11:47:10","modified_gmt":"2023-08-04T09:47:10","slug":"safari-privado-por-el-desierto-en-abu-dhabi","status":"publish","type":"product","link":"https:\/\/tourtravelandmore.com\/es\/tours\/emiratos-arabes-unidos-es\/abu-dhabi-es\/abu-dhabi-excursiones-privadas-cruceros-es\/safari-privado-por-el-desierto-en-abu-dhabi\/","title":{"rendered":"Safari Privado por el Desierto de Abu Dhabi"},"content":{"rendered":"<h2>Descripci\u00f3n del Safari Privado por el desierto de Abu Dabi<\/h2>\n<p>En este <strong>tour privado<\/strong>, usted y sus compa\u00f1eros de viaje disfrutar\u00e1n de poder conocer, con la compa\u00f1\u00eda de un <strong>gu\u00eda tur\u00edstico<\/strong> y un <strong>chofer privado<\/strong>, el hermoso desierto de <b>Abu Dabi<\/b>, preparaos para explorar sus maravillosos paisajes y sus deslumbrantes dunas.<br \/>\nVosotros pod\u00e9is elegir el punto de partida del tour, es posible coordinar salidas desde su hotel, apartamento, puerto, aeropuerto o punto personal de selecci\u00f3n en Abu Dabi.<br \/>\nEste tour es completamente personalizable y pod\u00e9is organizarlo como quer\u00e1is y lo que busc\u00e1is. Puede personalizar vuestro tour solamente contactando con nosotros.<\/p>\n<h2>Principales puntos de inter\u00e9s durante vuestro tour<\/h2>\n<p>Durante su <strong>tour privado<\/strong> descubrir\u00e9is uno de los sitios m\u00e1s emblem\u00e1ticos de <b>Abu Dabi<\/b>\u00a0con su gu\u00eda local:<\/p>\n<p>Disfrute de la belleza de las Dunas con un tour 4X4. Sentir\u00e1 la adrenalina de estas dunas de arena rojiza; un conductor profesional subir\u00e1 y descender\u00e1 por las dunas, acelerando y desacelerando, durante alrededor de media hora de placer y fuertes emociones.<\/p>\n<p>P\u00f3ngase en contacto con la naturaleza, rel\u00e1jese con el sentimiento de la arena en sus pies y t\u00f3mese una foto junto a la puesta de sol. Tambi\u00e9n tendr\u00e1 la oportunidad de fotografiarse junto a Halcones y la incre\u00edble experiencia dar un Paseo en Camello!<\/p>\n<p>Luego de estar actividades es tiempo para el show! En este espect\u00e1culo se regocijar\u00e1 con Halcones, Tanura, Folclore, Danza de Vientre, Fuegos Artificiales y mucho m\u00e1s. Junto con el show usted podr\u00e1 degustar el sabor de una tradicional Cena Asada (opci\u00f3n vegetariana incluida), una taza de Caf\u00e9 \u00c1rabe y el humo de la pipa de una shisha de agua.<\/p>\n<p>Todos nuestros servicios son adaptables al inter\u00e9s de cada cliente, de manera que no dud\u00e9is en consultar si quer\u00e9is una duraci\u00f3n mayor del tour, y si os interesa visitar alg\u00fan otro sitio en los alrededores de Abu Dhabi. En Tour Travel and More nos dedicamos a crear los tours a medida para cada cliente, de acuerdo a sus intereses.<\/p>\n<p><strong>La Ciudad: Abu Dhabi<\/strong><\/p>\n<p>Abu Dhabi es la capital de los Emiratos \u00c1rabes Unidos y la ciudad m\u00e1s grande de los siete emiratos. Una ciudad donde la tradici\u00f3n Isl\u00e1mica se encuentra con un estilo de vida moderno y forman una combinaci\u00f3n \u00fanica.<\/p>\n<p>Playas pr\u00edstinas, magnificas dunas y un estilo de vida vibrante y cosmopolita esperan con los brazos abiertos a cada visitante de Abu Dhabi. Este emirato es conocido por sus majestuosas mezquitas con imponentes minaretes, infraestructura de alta gama, islas artificiales, lujosos hoteles, palacios como centros comerciales, teatros y algunos de los museos m\u00e1s famosos del mundo.<\/p>\n<p><strong>C\u00f3digo de vestimenta<\/strong>: Abu Dhabi es un sitio lleno de tradici\u00f3n y cultura. Los visitantes deben respetar los valores y cultura del Emirato y llevar deben vestir modestamente, incluso en los meses de m\u00e1s calor. Los hombros y las rodillas deben ser cubiertos por las mujeres, especialmente en los lugares p\u00fablicos.<\/p>\n<h4>Nuestros Tours Privados en Tour Travel &amp; More<\/h4>\n<p>Ofrecemos a nuestros clientes tours privados para familias, amigos e incluso para incentivos o grupos grandes. Entendemos las necesidades de los viajeros mientras est\u00e1n de vacaciones, y hacemos todo lo posible para que su estancia sea inolvidable. Nuestra flota se compone de veh\u00edculos de lujo y nuestro personal es perfectamente multiling\u00fce. Nuestros gu\u00edas son gu\u00edas oficiales y viven en Abu Dhabi y son grandes conocedores de la ciudad. Nuestros gu\u00edas en Abu Dhabi hablan varios idiomas: Ingl\u00e9s, Espa\u00f1ol, Franc\u00e9s, Italiano, Polaco, Holand\u00e9s, Chino, Ruso, Japon\u00e9s, Alem\u00e1n, Griego y Portugu\u00e9s.<\/p>\n","protected":false},"excerpt":{"rendered":"<p>Disfruta una vibrante aventura junto a tu chofer\/gu\u00eda privado y experimenta la adrenalina del desierto en un veh\u00edculo 4&#215;4.<\/p>\n","protected":false},"featured_media":72931,"comment_status":"open","ping_status":"closed","template":"","meta":{"_acf_changed":false},"product_brand":[],"product_cat":[1905,1906,1911,1908,1910],"product_tag":[],"class_list":{"0":"post-72919","1":"product","2":"type-product","3":"status-publish","4":"has-post-thumbnail","6":"product_cat-emiratos-arabes-unidos-es","7":"product_cat-abu-dhabi-es","8":"product_cat-abu-dhabi-actividades-es","9":"product_cat-abu-dhabi-excursiones-privadas-cruceros-es","10":"product_cat-abu-dhabi-rutas-turisticas-privadas-es","12":"first","13":"instock","14":"shipping-taxable","15":"purchasable","16":"product-type-simple"},"acf":[],"yoast_head":"<!-- This site is optimized with the Yoast SEO Premium plugin v25.3.1 (Yoast SEO v25.3.1) - https:\/\/yoast.com\/wordpress\/plugins\/seo\/ -->\n<title>\u27a1\ufe0f Safari Privado por el Desierto en Abu Dhabi | Tour Travel &amp; More<\/title>\n<meta name=\"description\" content=\"Tour Privado por el hermoso desierto de Abu Dhabi; preparaos para explorar sus maravillosos paisajes y sus emocionantes dunas \u2705\" \/>\n<meta name=\"robots\" content=\"index, follow, max-snippet:-1, max-image-preview:large, max-video-preview:-1\" \/>\n<link rel=\"canonical\" href=\"https:\/\/tourtravelandmore.com\/es\/tours\/emiratos-arabes-unidos-es\/abu-dhabi-es\/abu-dhabi-excursiones-privadas-cruceros-es\/safari-privado-por-el-desierto-en-abu-dhabi\/\" \/>\n<meta property=\"og:locale\" content=\"es_ES\" \/>\n<meta property=\"og:type\" content=\"article\" \/>\n<meta property=\"og:title\" content=\"Safari Privado por el Desierto de Abu Dhabi\" \/>\n<meta property=\"og:description\" content=\"Tour Privado por el hermoso desierto de Abu Dhabi; preparaos para explorar sus maravillosos paisajes y sus emocionantes dunas \u2705\" \/>\n<meta property=\"og:url\" content=\"https:\/\/tourtravelandmore.com\/es\/tours\/emiratos-arabes-unidos-es\/abu-dhabi-es\/abu-dhabi-excursiones-privadas-cruceros-es\/safari-privado-por-el-desierto-en-abu-dhabi\/\" \/>\n<meta property=\"og:site_name\" content=\"Tour Travel And More\" \/>\n<meta property=\"article:publisher\" content=\"https:\/\/www.facebook.com\/tourtravelandmore\/\" \/>\n<meta property=\"article:modified_time\" content=\"2023-08-04T09:47:10+00:00\" \/>\n<meta property=\"og:image\" content=\"https:\/\/tourtravelandmore.com\/wp-content\/uploads\/2019\/12\/abu11.jpg\" \/>\n\t<meta property=\"og:image:width\" content=\"1023\" \/>\n\t<meta property=\"og:image:height\" content=\"674\" \/>\n\t<meta property=\"og:image:type\" content=\"image\/jpeg\" \/>\n<meta name=\"twitter:card\" content=\"summary_large_image\" \/>\n<meta name=\"twitter:site\" content=\"@TourTravel_More\" \/>\n<meta name=\"twitter:label1\" content=\"Tiempo de lectura\" \/>\n\t<meta name=\"twitter:data1\" content=\"3 minutos\" \/>\n<script type=\"application\/ld+json\" class=\"yoast-schema-graph\">{\"@context\":\"https:\/\/schema.org\",\"@graph\":[{\"@type\":\"WebPage\",\"@id\":\"https:\/\/tourtravelandmore.com\/es\/tours\/emiratos-arabes-unidos-es\/abu-dhabi-es\/abu-dhabi-excursiones-privadas-cruceros-es\/safari-privado-por-el-desierto-en-abu-dhabi\/\",\"url\":\"https:\/\/tourtravelandmore.com\/es\/tours\/emiratos-arabes-unidos-es\/abu-dhabi-es\/abu-dhabi-excursiones-privadas-cruceros-es\/safari-privado-por-el-desierto-en-abu-dhabi\/\",\"name\":\"\u27a1\ufe0f Safari Privado por el Desierto en Abu Dhabi | Tour Travel & More\",\"isPartOf\":{\"@id\":\"https:\/\/tourtravelandmore.com\/es\/#website\"},\"primaryImageOfPage\":{\"@id\":\"https:\/\/tourtravelandmore.com\/es\/tours\/emiratos-arabes-unidos-es\/abu-dhabi-es\/abu-dhabi-excursiones-privadas-cruceros-es\/safari-privado-por-el-desierto-en-abu-dhabi\/#primaryimage\"},\"image\":{\"@id\":\"https:\/\/tourtravelandmore.com\/es\/tours\/emiratos-arabes-unidos-es\/abu-dhabi-es\/abu-dhabi-excursiones-privadas-cruceros-es\/safari-privado-por-el-desierto-en-abu-dhabi\/#primaryimage\"},\"thumbnailUrl\":\"https:\/\/tourtravelandmore.com\/wp-content\/uploads\/2019\/12\/abu11.jpg\",\"datePublished\":\"2019-12-24T08:39:45+00:00\",\"dateModified\":\"2023-08-04T09:47:10+00:00\",\"description\":\"Tour Privado por el hermoso desierto de Abu Dhabi; preparaos para explorar sus maravillosos paisajes y sus emocionantes dunas \u2705\",\"breadcrumb\":{\"@id\":\"https:\/\/tourtravelandmore.com\/es\/tours\/emiratos-arabes-unidos-es\/abu-dhabi-es\/abu-dhabi-excursiones-privadas-cruceros-es\/safari-privado-por-el-desierto-en-abu-dhabi\/#breadcrumb\"},\"inLanguage\":\"es\",\"potentialAction\":[{\"@type\":\"ReadAction\",\"target\":[\"https:\/\/tourtravelandmore.com\/es\/tours\/emiratos-arabes-unidos-es\/abu-dhabi-es\/abu-dhabi-excursiones-privadas-cruceros-es\/safari-privado-por-el-desierto-en-abu-dhabi\/\"]}]},{\"@type\":\"ImageObject\",\"inLanguage\":\"es\",\"@id\":\"https:\/\/tourtravelandmore.com\/es\/tours\/emiratos-arabes-unidos-es\/abu-dhabi-es\/abu-dhabi-excursiones-privadas-cruceros-es\/safari-privado-por-el-desierto-en-abu-dhabi\/#primaryimage\",\"url\":\"https:\/\/tourtravelandmore.com\/wp-content\/uploads\/2019\/12\/abu11.jpg\",\"contentUrl\":\"https:\/\/tourtravelandmore.com\/wp-content\/uploads\/2019\/12\/abu11.jpg\",\"width\":1023,\"height\":674},{\"@type\":\"BreadcrumbList\",\"@id\":\"https:\/\/tourtravelandmore.com\/es\/tours\/emiratos-arabes-unidos-es\/abu-dhabi-es\/abu-dhabi-excursiones-privadas-cruceros-es\/safari-privado-por-el-desierto-en-abu-dhabi\/#breadcrumb\",\"itemListElement\":[{\"@type\":\"ListItem\",\"position\":1,\"name\":\"Home\",\"item\":\"https:\/\/tourtravelandmore.com\/es\/\"},{\"@type\":\"ListItem\",\"position\":2,\"name\":\"Tours\",\"item\":\"https:\/\/tourtravelandmore.com\/es\/tours\/\"},{\"@type\":\"ListItem\",\"position\":3,\"name\":\"Safari Privado por el Desierto de Abu Dhabi\"}]},{\"@type\":\"WebSite\",\"@id\":\"https:\/\/tourtravelandmore.com\/es\/#website\",\"url\":\"https:\/\/tourtravelandmore.com\/es\/\",\"name\":\"Tour Travel And More\",\"description\":\"Private sightseeing tours and luxury transfers in Spain\",\"publisher\":{\"@id\":\"https:\/\/tourtravelandmore.com\/es\/#organization\"},\"potentialAction\":[{\"@type\":\"SearchAction\",\"target\":{\"@type\":\"EntryPoint\",\"urlTemplate\":\"https:\/\/tourtravelandmore.com\/es\/?s={search_term_string}\"},\"query-input\":{\"@type\":\"PropertyValueSpecification\",\"valueRequired\":true,\"valueName\":\"search_term_string\"}}],\"inLanguage\":\"es\"},{\"@type\":\"Organization\",\"@id\":\"https:\/\/tourtravelandmore.com\/es\/#organization\",\"name\":\"Tour Travel And More\",\"url\":\"https:\/\/tourtravelandmore.com\/es\/\",\"logo\":{\"@type\":\"ImageObject\",\"inLanguage\":\"es\",\"@id\":\"https:\/\/tourtravelandmore.com\/es\/#\/schema\/logo\/image\/\",\"url\":\"https:\/\/tourtravelandmore.com\/wp-content\/uploads\/2022\/12\/cropped-logo-cabecera-new.png\",\"contentUrl\":\"https:\/\/tourtravelandmore.com\/wp-content\/uploads\/2022\/12\/cropped-logo-cabecera-new.png\",\"width\":430,\"height\":61,\"caption\":\"Tour Travel And More\"},\"image\":{\"@id\":\"https:\/\/tourtravelandmore.com\/es\/#\/schema\/logo\/image\/\"},\"sameAs\":[\"https:\/\/www.facebook.com\/tourtravelandmore\/\",\"https:\/\/x.com\/TourTravel_More\"]}]}<\/script>\n<!-- \/ Yoast SEO Premium plugin. -->","yoast_head_json":{"title":"\u27a1\ufe0f Safari Privado por el Desierto en Abu Dhabi | Tour Travel & More","description":"Tour Privado por el hermoso desierto de Abu Dhabi; preparaos para explorar sus maravillosos paisajes y sus emocionantes dunas \u2705","robots":{"index":"index","follow":"follow","max-snippet":"max-snippet:-1","max-image-preview":"max-image-preview:large","max-video-preview":"max-video-preview:-1"},"canonical":"https:\/\/tourtravelandmore.com\/es\/tours\/emiratos-arabes-unidos-es\/abu-dhabi-es\/abu-dhabi-excursiones-privadas-cruceros-es\/safari-privado-por-el-desierto-en-abu-dhabi\/","og_locale":"es_ES","og_type":"article","og_title":"Safari Privado por el Desierto de Abu Dhabi","og_description":"Tour Privado por el hermoso desierto de Abu Dhabi; preparaos para explorar sus maravillosos paisajes y sus emocionantes dunas \u2705","og_url":"https:\/\/tourtravelandmore.com\/es\/tours\/emiratos-arabes-unidos-es\/abu-dhabi-es\/abu-dhabi-excursiones-privadas-cruceros-es\/safari-privado-por-el-desierto-en-abu-dhabi\/","og_site_name":"Tour Travel And More","article_publisher":"https:\/\/www.facebook.com\/tourtravelandmore\/","article_modified_time":"2023-08-04T09:47:10+00:00","og_image":[{"width":1023,"height":674,"url":"https:\/\/tourtravelandmore.com\/wp-content\/uploads\/2019\/12\/abu11.jpg","type":"image\/jpeg"}],"twitter_card":"summary_large_image","twitter_site":"@TourTravel_More","twitter_misc":{"Tiempo de lectura":"3 minutos"},"schema":{"@context":"https:\/\/schema.org","@graph":[{"@type":"WebPage","@id":"https:\/\/tourtravelandmore.com\/es\/tours\/emiratos-arabes-unidos-es\/abu-dhabi-es\/abu-dhabi-excursiones-privadas-cruceros-es\/safari-privado-por-el-desierto-en-abu-dhabi\/","url":"https:\/\/tourtravelandmore.com\/es\/tours\/emiratos-arabes-unidos-es\/abu-dhabi-es\/abu-dhabi-excursiones-privadas-cruceros-es\/safari-privado-por-el-desierto-en-abu-dhabi\/","name":"\u27a1\ufe0f Safari Privado por el Desierto en Abu Dhabi | Tour Travel & More","isPartOf":{"@id":"https:\/\/tourtravelandmore.com\/es\/#website"},"primaryImageOfPage":{"@id":"https:\/\/tourtravelandmore.com\/es\/tours\/emiratos-arabes-unidos-es\/abu-dhabi-es\/abu-dhabi-excursiones-privadas-cruceros-es\/safari-privado-por-el-desierto-en-abu-dhabi\/#primaryimage"},"image":{"@id":"https:\/\/tourtravelandmore.com\/es\/tours\/emiratos-arabes-unidos-es\/abu-dhabi-es\/abu-dhabi-excursiones-privadas-cruceros-es\/safari-privado-por-el-desierto-en-abu-dhabi\/#primaryimage"},"thumbnailUrl":"https:\/\/tourtravelandmore.com\/wp-content\/uploads\/2019\/12\/abu11.jpg","datePublished":"2019-12-24T08:39:45+00:00","dateModified":"2023-08-04T09:47:10+00:00","description":"Tour Privado por el hermoso desierto de Abu Dhabi; preparaos para explorar sus maravillosos paisajes y sus emocionantes dunas \u2705","breadcrumb":{"@id":"https:\/\/tourtravelandmore.com\/es\/tours\/emiratos-arabes-unidos-es\/abu-dhabi-es\/abu-dhabi-excursiones-privadas-cruceros-es\/safari-privado-por-el-desierto-en-abu-dhabi\/#breadcrumb"},"inLanguage":"es","potentialAction":[{"@type":"ReadAction","target":["https:\/\/tourtravelandmore.com\/es\/tours\/emiratos-arabes-unidos-es\/abu-dhabi-es\/abu-dhabi-excursiones-privadas-cruceros-es\/safari-privado-por-el-desierto-en-abu-dhabi\/"]}]},{"@type":"ImageObject","inLanguage":"es","@id":"https:\/\/tourtravelandmore.com\/es\/tours\/emiratos-arabes-unidos-es\/abu-dhabi-es\/abu-dhabi-excursiones-privadas-cruceros-es\/safari-privado-por-el-desierto-en-abu-dhabi\/#primaryimage","url":"https:\/\/tourtravelandmore.com\/wp-content\/uploads\/2019\/12\/abu11.jpg","contentUrl":"https:\/\/tourtravelandmore.com\/wp-content\/uploads\/2019\/12\/abu11.jpg","width":1023,"height":674},{"@type":"BreadcrumbList","@id":"https:\/\/tourtravelandmore.com\/es\/tours\/emiratos-arabes-unidos-es\/abu-dhabi-es\/abu-dhabi-excursiones-privadas-cruceros-es\/safari-privado-por-el-desierto-en-abu-dhabi\/#breadcrumb","itemListElement":[{"@type":"ListItem","position":1,"name":"Home","item":"https:\/\/tourtravelandmore.com\/es\/"},{"@type":"ListItem","position":2,"name":"Tours","item":"https:\/\/tourtravelandmore.com\/es\/tours\/"},{"@type":"ListItem","position":3,"name":"Safari Privado por el Desierto de Abu Dhabi"}]},{"@type":"WebSite","@id":"https:\/\/tourtravelandmore.com\/es\/#website","url":"https:\/\/tourtravelandmore.com\/es\/","name":"Tour Travel And More","description":"Private sightseeing tours and luxury transfers in Spain","publisher":{"@id":"https:\/\/tourtravelandmore.com\/es\/#organization"},"potentialAction":[{"@type":"SearchAction","target":{"@type":"EntryPoint","urlTemplate":"https:\/\/tourtravelandmore.com\/es\/?s={search_term_string}"},"query-input":{"@type":"PropertyValueSpecification","valueRequired":true,"valueName":"search_term_string"}}],"inLanguage":"es"},{"@type":"Organization","@id":"https:\/\/tourtravelandmore.com\/es\/#organization","name":"Tour Travel And More","url":"https:\/\/tourtravelandmore.com\/es\/","logo":{"@type":"ImageObject","inLanguage":"es","@id":"https:\/\/tourtravelandmore.com\/es\/#\/schema\/logo\/image\/","url":"https:\/\/tourtravelandmore.com\/wp-content\/uploads\/2022\/12\/cropped-logo-cabecera-new.png","contentUrl":"https:\/\/tourtravelandmore.com\/wp-content\/uploads\/2022\/12\/cropped-logo-cabecera-new.png","width":430,"height":61,"caption":"Tour Travel And More"},"image":{"@id":"https:\/\/tourtravelandmore.com\/es\/#\/schema\/logo\/image\/"},"sameAs":["https:\/\/www.facebook.com\/tourtravelandmore\/","https:\/\/x.com\/TourTravel_More"]}]}},"_links":{"self":[{"href":"https:\/\/tourtravelandmore.com\/es\/wp-json\/wp\/v2\/product\/72919","targetHints":{"allow":["GET"]}}],"collection":[{"href":"https:\/\/tourtravelandmore.com\/es\/wp-json\/wp\/v2\/product"}],"about":[{"href":"https:\/\/tourtravelandmore.com\/es\/wp-json\/wp\/v2\/types\/product"}],"replies":[{"embeddable":true,"href":"https:\/\/tourtravelandmore.com\/es\/wp-json\/wp\/v2\/comments?post=72919"}],"wp:featuredmedia":[{"embeddable":true,"href":"https:\/\/tourtravelandmore.com\/es\/wp-json\/wp\/v2\/media\/72931"}],"wp:attachment":[{"href":"https:\/\/tourtravelandmore.com\/es\/wp-json\/wp\/v2\/media?parent=72919"}],"wp:term":[{"taxonomy":"product_brand","embeddable":true,"href":"https:\/\/tourtravelandmore.com\/es\/wp-json\/wp\/v2\/product_brand?post=72919"},{"taxonomy":"product_cat","embeddable":true,"href":"https:\/\/tourtravelandmore.com\/es\/wp-json\/wp\/v2\/product_cat?post=72919"},{"taxonomy":"product_tag","embeddable":true,"href":"https:\/\/tourtravelandmore.com\/es\/wp-json\/wp\/v2\/product_tag?post=72919"}],"curies":[{"name":"wp","href":"https:\/\/api.w.org\/{rel}","templated":true}]}}