{"id":72843,"date":"2022-01-10T09:57:43","date_gmt":"2019-12-23T11:11:43","guid":{"rendered":"https:\/\/tourtravelandmore.com\/?post_type=product&#038;p=72843"},"modified":"2023-08-04T11:44:21","modified_gmt":"2023-08-04T09:44:21","slug":"tour-privado-a-al-ain-desde-abu-dabi","status":"publish","type":"product","link":"https:\/\/tourtravelandmore.com\/es\/tours\/emiratos-arabes-unidos-es\/abu-dhabi-es\/abu-dhabi-excursiones-privadas-cruceros-es\/tour-privado-a-al-ain-desde-abu-dabi\/","title":{"rendered":"Tour Privado a Al Ain desde Abu Dabi"},"content":{"rendered":"<h2><b>Descripci\u00f3n Tour privado a Al Ain desde <\/b><b>Abu Dabi<\/b><\/h2>\n<p><span style=\"font-weight: 400;\">Descubra la <strong>&#8220;Ciudad Jard\u00edn&#8221; de Al Ain, Patrimonio de la Humanidad de la UNESCO<\/strong>, en una visita tur\u00edstica de d\u00eda completo que les transportar\u00e1 a un ambiente totalmente diferente al de la <\/span><span style=\"font-weight: 400;\">opulenta Abu Dabi<\/span><span style=\"font-weight: 400;\">\u00a0\u00a0<\/span><\/p>\n<p><span style=\"font-weight: 400;\">La ciudad m\u00e1s verde de los emiratos y <strong>lugar de nacimiento del<\/strong> jeque Zayed bin Sultan Al Nahyan, considerado <strong>padre de los Emiratos \u00c1rabes Unidos<\/strong>, es el mejor lugar para aprender sobre <strong>la historia y la cultura emirat\u00edes<\/strong>, y tiene una oferta in\u00e9dita entre la que destacan lugares como <strong>el mercado y las carreras de camellos<\/strong>, el monte Hafit, los museos, las fortalezas, y hasta un <strong>oasis<\/strong>.<\/span><\/p>\n<p><span style=\"font-weight: 400;\">Su <strong>gu\u00eda privado<\/strong> les recoger\u00e1 en el lugar de su elecci\u00f3n en la ciudad de <\/span><span style=\"font-weight: 400;\">Abu Dabi<\/span><span style=\"font-weight: 400;\">\u00a0en un <strong>veh\u00edculo privado con aire acondicionado<\/strong> y empezar\u00e1n entonces su tour. Durante la visita tendremos <strong>tiempo para almorzar<\/strong> en un restaurante local, y al finalizar, les devolveremos a su lugar de origen.<\/span><\/p>\n<h2><b>Puntos de inter\u00e9s en el Tour Privado a Al Ain desde Abu Dabi<\/b><\/h2>\n<p><strong><span style=\"color: #d3af37;\">Museo Al Ain<\/span><\/strong><\/p>\n<p><span style=\"font-weight: 400;\">El museo m\u00e1s antiguo del pa\u00eds contiene un fuerte de adobe, un oasis, y tres secciones principales:<\/span><\/p>\n<ul>\n<li style=\"font-weight: 400;\" aria-level=\"1\"><span style=\"font-weight: 400;\"><strong>Arqueolog\u00eda<\/strong>: Tienes muestras desde la edad de piedra hasta la fundaci\u00f3n de los EAU, artefactos de Mesopotamia, de la Edad de Bronce y de la de Hierro, joyer\u00eda prehist\u00f3rica, herramientas de s\u00edlex, puntas de flecha con <strong>8.000 a\u00f1os<\/strong>, o las m\u00e1s antiguas t\u00e9cnicas de riego conocidas (<\/span><i><span style=\"font-weight: 400;\">falaj<\/span><\/i><span style=\"font-weight: 400;\">, plural <\/span><i><span style=\"font-weight: 400;\">aflaj<\/span><\/i><span style=\"font-weight: 400;\">) con las que Al Ain floreci\u00f3 y permitieron la construcci\u00f3n de sus caracter\u00edsticos edificios de adobe.<\/span><\/li>\n<li style=\"font-weight: 400;\" aria-level=\"1\"><span style=\"font-weight: 400;\"><strong>Etnograf\u00eda<\/strong>: Explora las tradiciones, costumbres, educaci\u00f3n, agricultura, medicina y vida cotidiana de los emirat\u00edes y lo mucho que ha cambiado en s\u00f3lo unas d\u00e9cadas.<\/span><\/li>\n<li style=\"font-weight: 400;\" aria-level=\"1\"><span style=\"font-weight: 400;\"><strong>Regalos<\/strong>: Exposici\u00f3n de los regalos que el jeque Zayed recibi\u00f3 de mandatarios de todo el mundo, incluyendo una roca lunar regalada por la NASA.<\/span><\/li>\n<\/ul>\n<p><strong><span style=\"color: #d3af37;\">Museo del Palacio de Al Ain<\/span><\/strong><\/p>\n<p><span style=\"font-weight: 400;\">El fuerte Qasr Al Ain es el antiguo palacio donde resid\u00eda el <strong>padre de los Emiratos \u00c1rabes Unidos<\/strong>, el jeque Zayed bin Sultan Al Nahyan, y como museo est\u00e1 dedicado a <strong>su vida y memoria<\/strong>, e incorpora elementos modernos en su dise\u00f1o pero sin dejar de lado el estilo y las t\u00e9cnicas tradicionales emirat\u00edes.<\/span><\/p>\n<p><strong><span style=\"color: #d3af37;\">Mercado de Camellos<\/span><\/strong><\/p>\n<p><span style=\"font-weight: 400;\">El desierto y los camellos probablemente sean lo primero que se les viene a la mente al pensar en los emiratos, y ciertamente el mercado de camellos de Al Ain le brinda la oportunidad de observar de cerca a este <strong>ic\u00f3nico animal<\/strong> en un fascinante lugar donde compradores y vendedores intercambian <strong>camellos por centenares<\/strong> y suelen organizar <strong>simulacros de carreras de camellos<\/strong>.<\/span><\/p>\n<p><strong><span style=\"color: #d3af37;\">Oasis de Al Ain<\/span><\/strong><\/p>\n<p><span style=\"font-weight: 400;\">Lugar <strong>Patrimonio de la Humanidad de la UNESCO<\/strong>, se extiende a trav\u00e9s de 1.200 hect\u00e1reas y ofrece un vistazo \u00fanico a los habitantes de la regi\u00f3n que comenzaron a dominar los desiertos hace 4000 a\u00f1os. El oasis alberga <strong>150.000 palmeras<\/strong> de diferentes variedades, y se mantiene con el tradicional sistema de irrigaci\u00f3n <\/span><i><span style=\"font-weight: 400;\">aflaj<\/span><\/i><span style=\"font-weight: 400;\">, que transportan agua de manantial desde las monta\u00f1as Hajar. El <em>Eco-Center<\/em> explica las caracter\u00edsticas e historia del lugar y de sus habitantes.<\/span><\/p>\n<p><strong><span style=\"color: #d3af37;\">Fuerte Al Jahili<\/span><\/strong><br \/>\n<span style=\"font-weight: 400;\">Esta <strong>fortaleza<\/strong> del siglo XIX fue transformada en centro cultural y\u00a0 ahora alberga una exposici\u00f3n permanente dedicada a <strong>Sir Wilfred Thesiger<\/strong>, el intr\u00e9pido explorador, escritor de viajes y fot\u00f3grafo que, con sus compa\u00f1eros emirat\u00edes y oman\u00edes, cruz\u00f3 dos veces en los a\u00f1os 40 <strong>la masa de arena m\u00e1s grande del mundo<\/strong>, el <\/span><i><span style=\"font-weight: 400;\">Rub&#8217; al Khali<\/span><\/i><span style=\"font-weight: 400;\"> (literalmente, \u201cel Cuadrante Vac\u00edo\u201d). El fuerte alberga tambi\u00e9n una galer\u00eda de exposiciones temporales. Rodeado por un exuberante parque, gan\u00f3 el prestigioso <strong>Premio Terra<\/strong> de arquitectura contempor\u00e1nea en tierra bruta.<\/span><\/p>\n<p><strong><span style=\"color: #d3af37;\">Monte Hafit<\/span><\/strong><\/p>\n<p><span style=\"font-weight: 400;\">Situado en la frontera con Om\u00e1n, los 1.240 metros de altitud de su pico lo convierten en <strong>el m\u00e1s alto del emirato<\/strong>, y para llegar hasta \u00e9l hay una <strong>sinuosa carretera calificada como una de las mejores del mundo<\/strong>. <strong>Las vistas desde la cima<\/strong> es algo que recordar\u00e1 durante mucho tiempo.<\/span><\/p>\n<p><span style=\"font-weight: 400;\">Tras finalizar la visita, le llevaremos de vuelta a su lugar de origen en<\/span> <span style=\"font-weight: 400;\">Abu Dabi<\/span><span style=\"font-weight: 400;\">.<\/span><\/p>\n<p>Si nuestro <strong>tour privado a Al Ain desde Abu Dabi<\/strong>\u00a0le hace querer saber m\u00e1s sobre este lugar \u00fanico,<strong> <a href=\"https:\/\/tourtravelandmore.com\/es\/ciudad\/emiratos-arabes-unidos-es\/\" rel=\"noopener noreferrer\">no se pierda nuestros otros tours privados en los Emiratos \u00c1rabes Unidos.<\/a><\/strong><\/p>\n","protected":false},"excerpt":{"rendered":"<p>Visita una de las ciudades hist\u00f3ricas mejor preservadas de los Emiratos en una excursi\u00f3n privada desde Abu Dhabi. Aprende la historia y descubre la cultura de la ciudad jard\u00edn junto a un gu\u00eda oficial<\/p>\n","protected":false},"featured_media":72864,"comment_status":"open","ping_status":"closed","template":"","meta":{"_acf_changed":false},"product_brand":[],"product_cat":[1905,1906,1911,1908,1910],"product_tag":[],"class_list":{"0":"post-72843","1":"product","2":"type-product","3":"status-publish","4":"has-post-thumbnail","6":"product_cat-emiratos-arabes-unidos-es","7":"product_cat-abu-dhabi-es","8":"product_cat-abu-dhabi-actividades-es","9":"product_cat-abu-dhabi-excursiones-privadas-cruceros-es","10":"product_cat-abu-dhabi-rutas-turisticas-privadas-es","12":"first","13":"instock","14":"shipping-taxable","15":"purchasable","16":"product-type-simple"},"acf":[],"yoast_head":"<!-- This site is optimized with the Yoast SEO Premium plugin v25.3.1 (Yoast SEO v25.3.1) - https:\/\/yoast.com\/wordpress\/plugins\/seo\/ -->\n<title>\u27a1\ufe0f Tour privado a Al Ain desde Abu Dabi con chofer y gu\u00eda local | Tour Travel &amp; More<\/title>\n<meta name=\"description\" content=\"Tour privado que os acercar\u00e1 a la ciudad de Al Ain para explorar sus maravillosos museos, su tradicional cultura y su deslumbrante naturaleza \u2705\" \/>\n<meta name=\"robots\" content=\"index, follow, max-snippet:-1, max-image-preview:large, max-video-preview:-1\" \/>\n<link rel=\"canonical\" href=\"https:\/\/tourtravelandmore.com\/es\/tours\/emiratos-arabes-unidos-es\/abu-dhabi-es\/abu-dhabi-excursiones-privadas-cruceros-es\/tour-privado-a-al-ain-desde-abu-dabi\/\" \/>\n<meta property=\"og:locale\" content=\"es_ES\" \/>\n<meta property=\"og:type\" content=\"article\" \/>\n<meta property=\"og:title\" content=\"Tour Privado a Al Ain desde Abu Dabi\" \/>\n<meta property=\"og:description\" content=\"Tour privado que os acercar\u00e1 a la ciudad de Al Ain para explorar sus maravillosos museos, su tradicional cultura y su deslumbrante naturaleza \u2705\" \/>\n<meta property=\"og:url\" content=\"https:\/\/tourtravelandmore.com\/es\/tours\/emiratos-arabes-unidos-es\/abu-dhabi-es\/abu-dhabi-excursiones-privadas-cruceros-es\/tour-privado-a-al-ain-desde-abu-dabi\/\" \/>\n<meta property=\"og:site_name\" content=\"Tour Travel And More\" \/>\n<meta property=\"article:publisher\" content=\"https:\/\/www.facebook.com\/tourtravelandmore\/\" \/>\n<meta property=\"article:modified_time\" content=\"2023-08-04T09:44:21+00:00\" \/>\n<meta property=\"og:image\" content=\"https:\/\/tourtravelandmore.com\/wp-content\/uploads\/2019\/12\/ain4-1024x683.jpg\" \/>\n\t<meta property=\"og:image:width\" content=\"1024\" \/>\n\t<meta property=\"og:image:height\" content=\"683\" \/>\n\t<meta property=\"og:image:type\" content=\"image\/jpeg\" \/>\n<meta name=\"twitter:card\" content=\"summary_large_image\" \/>\n<meta name=\"twitter:site\" content=\"@TourTravel_More\" \/>\n<meta name=\"twitter:label1\" content=\"Tiempo de lectura\" \/>\n\t<meta name=\"twitter:data1\" content=\"4 minutos\" \/>\n<script type=\"application\/ld+json\" class=\"yoast-schema-graph\">{\"@context\":\"https:\/\/schema.org\",\"@graph\":[{\"@type\":\"WebPage\",\"@id\":\"https:\/\/tourtravelandmore.com\/es\/tours\/emiratos-arabes-unidos-es\/abu-dhabi-es\/abu-dhabi-excursiones-privadas-cruceros-es\/tour-privado-a-al-ain-desde-abu-dabi\/\",\"url\":\"https:\/\/tourtravelandmore.com\/es\/tours\/emiratos-arabes-unidos-es\/abu-dhabi-es\/abu-dhabi-excursiones-privadas-cruceros-es\/tour-privado-a-al-ain-desde-abu-dabi\/\",\"name\":\"\u27a1\ufe0f Tour privado a Al Ain desde Abu Dabi con chofer y gu\u00eda local | Tour Travel & More\",\"isPartOf\":{\"@id\":\"https:\/\/tourtravelandmore.com\/es\/#website\"},\"primaryImageOfPage\":{\"@id\":\"https:\/\/tourtravelandmore.com\/es\/tours\/emiratos-arabes-unidos-es\/abu-dhabi-es\/abu-dhabi-excursiones-privadas-cruceros-es\/tour-privado-a-al-ain-desde-abu-dabi\/#primaryimage\"},\"image\":{\"@id\":\"https:\/\/tourtravelandmore.com\/es\/tours\/emiratos-arabes-unidos-es\/abu-dhabi-es\/abu-dhabi-excursiones-privadas-cruceros-es\/tour-privado-a-al-ain-desde-abu-dabi\/#primaryimage\"},\"thumbnailUrl\":\"https:\/\/tourtravelandmore.com\/wp-content\/uploads\/2019\/12\/ain4.jpg\",\"datePublished\":\"2019-12-23T11:11:43+00:00\",\"dateModified\":\"2023-08-04T09:44:21+00:00\",\"description\":\"Tour privado que os acercar\u00e1 a la ciudad de Al Ain para explorar sus maravillosos museos, su tradicional cultura y su deslumbrante naturaleza \u2705\",\"breadcrumb\":{\"@id\":\"https:\/\/tourtravelandmore.com\/es\/tours\/emiratos-arabes-unidos-es\/abu-dhabi-es\/abu-dhabi-excursiones-privadas-cruceros-es\/tour-privado-a-al-ain-desde-abu-dabi\/#breadcrumb\"},\"inLanguage\":\"es\",\"potentialAction\":[{\"@type\":\"ReadAction\",\"target\":[\"https:\/\/tourtravelandmore.com\/es\/tours\/emiratos-arabes-unidos-es\/abu-dhabi-es\/abu-dhabi-excursiones-privadas-cruceros-es\/tour-privado-a-al-ain-desde-abu-dabi\/\"]}]},{\"@type\":\"ImageObject\",\"inLanguage\":\"es\",\"@id\":\"https:\/\/tourtravelandmore.com\/es\/tours\/emiratos-arabes-unidos-es\/abu-dhabi-es\/abu-dhabi-excursiones-privadas-cruceros-es\/tour-privado-a-al-ain-desde-abu-dabi\/#primaryimage\",\"url\":\"https:\/\/tourtravelandmore.com\/wp-content\/uploads\/2019\/12\/ain4.jpg\",\"contentUrl\":\"https:\/\/tourtravelandmore.com\/wp-content\/uploads\/2019\/12\/ain4.jpg\",\"width\":3000,\"height\":2000},{\"@type\":\"BreadcrumbList\",\"@id\":\"https:\/\/tourtravelandmore.com\/es\/tours\/emiratos-arabes-unidos-es\/abu-dhabi-es\/abu-dhabi-excursiones-privadas-cruceros-es\/tour-privado-a-al-ain-desde-abu-dabi\/#breadcrumb\",\"itemListElement\":[{\"@type\":\"ListItem\",\"position\":1,\"name\":\"Home\",\"item\":\"https:\/\/tourtravelandmore.com\/es\/\"},{\"@type\":\"ListItem\",\"position\":2,\"name\":\"Tours\",\"item\":\"https:\/\/tourtravelandmore.com\/es\/tours\/\"},{\"@type\":\"ListItem\",\"position\":3,\"name\":\"Tour Privado a Al Ain desde Abu Dabi\"}]},{\"@type\":\"WebSite\",\"@id\":\"https:\/\/tourtravelandmore.com\/es\/#website\",\"url\":\"https:\/\/tourtravelandmore.com\/es\/\",\"name\":\"Tour Travel And More\",\"description\":\"Private sightseeing tours and luxury transfers in Spain\",\"publisher\":{\"@id\":\"https:\/\/tourtravelandmore.com\/es\/#organization\"},\"potentialAction\":[{\"@type\":\"SearchAction\",\"target\":{\"@type\":\"EntryPoint\",\"urlTemplate\":\"https:\/\/tourtravelandmore.com\/es\/?s={search_term_string}\"},\"query-input\":{\"@type\":\"PropertyValueSpecification\",\"valueRequired\":true,\"valueName\":\"search_term_string\"}}],\"inLanguage\":\"es\"},{\"@type\":\"Organization\",\"@id\":\"https:\/\/tourtravelandmore.com\/es\/#organization\",\"name\":\"Tour Travel And More\",\"url\":\"https:\/\/tourtravelandmore.com\/es\/\",\"logo\":{\"@type\":\"ImageObject\",\"inLanguage\":\"es\",\"@id\":\"https:\/\/tourtravelandmore.com\/es\/#\/schema\/logo\/image\/\",\"url\":\"https:\/\/tourtravelandmore.com\/wp-content\/uploads\/2022\/12\/cropped-logo-cabecera-new.png\",\"contentUrl\":\"https:\/\/tourtravelandmore.com\/wp-content\/uploads\/2022\/12\/cropped-logo-cabecera-new.png\",\"width\":430,\"height\":61,\"caption\":\"Tour Travel And More\"},\"image\":{\"@id\":\"https:\/\/tourtravelandmore.com\/es\/#\/schema\/logo\/image\/\"},\"sameAs\":[\"https:\/\/www.facebook.com\/tourtravelandmore\/\",\"https:\/\/x.com\/TourTravel_More\"]}]}<\/script>\n<!-- \/ Yoast SEO Premium plugin. -->","yoast_head_json":{"title":"\u27a1\ufe0f Tour privado a Al Ain desde Abu Dabi con chofer y gu\u00eda local | Tour Travel & More","description":"Tour privado que os acercar\u00e1 a la ciudad de Al Ain para explorar sus maravillosos museos, su tradicional cultura y su deslumbrante naturaleza \u2705","robots":{"index":"index","follow":"follow","max-snippet":"max-snippet:-1","max-image-preview":"max-image-preview:large","max-video-preview":"max-video-preview:-1"},"canonical":"https:\/\/tourtravelandmore.com\/es\/tours\/emiratos-arabes-unidos-es\/abu-dhabi-es\/abu-dhabi-excursiones-privadas-cruceros-es\/tour-privado-a-al-ain-desde-abu-dabi\/","og_locale":"es_ES","og_type":"article","og_title":"Tour Privado a Al Ain desde Abu Dabi","og_description":"Tour privado que os acercar\u00e1 a la ciudad de Al Ain para explorar sus maravillosos museos, su tradicional cultura y su deslumbrante naturaleza \u2705","og_url":"https:\/\/tourtravelandmore.com\/es\/tours\/emiratos-arabes-unidos-es\/abu-dhabi-es\/abu-dhabi-excursiones-privadas-cruceros-es\/tour-privado-a-al-ain-desde-abu-dabi\/","og_site_name":"Tour Travel And More","article_publisher":"https:\/\/www.facebook.com\/tourtravelandmore\/","article_modified_time":"2023-08-04T09:44:21+00:00","og_image":[{"width":1024,"height":683,"url":"https:\/\/tourtravelandmore.com\/wp-content\/uploads\/2019\/12\/ain4-1024x683.jpg","type":"image\/jpeg"}],"twitter_card":"summary_large_image","twitter_site":"@TourTravel_More","twitter_misc":{"Tiempo de lectura":"4 minutos"},"schema":{"@context":"https:\/\/schema.org","@graph":[{"@type":"WebPage","@id":"https:\/\/tourtravelandmore.com\/es\/tours\/emiratos-arabes-unidos-es\/abu-dhabi-es\/abu-dhabi-excursiones-privadas-cruceros-es\/tour-privado-a-al-ain-desde-abu-dabi\/","url":"https:\/\/tourtravelandmore.com\/es\/tours\/emiratos-arabes-unidos-es\/abu-dhabi-es\/abu-dhabi-excursiones-privadas-cruceros-es\/tour-privado-a-al-ain-desde-abu-dabi\/","name":"\u27a1\ufe0f Tour privado a Al Ain desde Abu Dabi con chofer y gu\u00eda local | Tour Travel & More","isPartOf":{"@id":"https:\/\/tourtravelandmore.com\/es\/#website"},"primaryImageOfPage":{"@id":"https:\/\/tourtravelandmore.com\/es\/tours\/emiratos-arabes-unidos-es\/abu-dhabi-es\/abu-dhabi-excursiones-privadas-cruceros-es\/tour-privado-a-al-ain-desde-abu-dabi\/#primaryimage"},"image":{"@id":"https:\/\/tourtravelandmore.com\/es\/tours\/emiratos-arabes-unidos-es\/abu-dhabi-es\/abu-dhabi-excursiones-privadas-cruceros-es\/tour-privado-a-al-ain-desde-abu-dabi\/#primaryimage"},"thumbnailUrl":"https:\/\/tourtravelandmore.com\/wp-content\/uploads\/2019\/12\/ain4.jpg","datePublished":"2019-12-23T11:11:43+00:00","dateModified":"2023-08-04T09:44:21+00:00","description":"Tour privado que os acercar\u00e1 a la ciudad de Al Ain para explorar sus maravillosos museos, su tradicional cultura y su deslumbrante naturaleza \u2705","breadcrumb":{"@id":"https:\/\/tourtravelandmore.com\/es\/tours\/emiratos-arabes-unidos-es\/abu-dhabi-es\/abu-dhabi-excursiones-privadas-cruceros-es\/tour-privado-a-al-ain-desde-abu-dabi\/#breadcrumb"},"inLanguage":"es","potentialAction":[{"@type":"ReadAction","target":["https:\/\/tourtravelandmore.com\/es\/tours\/emiratos-arabes-unidos-es\/abu-dhabi-es\/abu-dhabi-excursiones-privadas-cruceros-es\/tour-privado-a-al-ain-desde-abu-dabi\/"]}]},{"@type":"ImageObject","inLanguage":"es","@id":"https:\/\/tourtravelandmore.com\/es\/tours\/emiratos-arabes-unidos-es\/abu-dhabi-es\/abu-dhabi-excursiones-privadas-cruceros-es\/tour-privado-a-al-ain-desde-abu-dabi\/#primaryimage","url":"https:\/\/tourtravelandmore.com\/wp-content\/uploads\/2019\/12\/ain4.jpg","contentUrl":"https:\/\/tourtravelandmore.com\/wp-content\/uploads\/2019\/12\/ain4.jpg","width":3000,"height":2000},{"@type":"BreadcrumbList","@id":"https:\/\/tourtravelandmore.com\/es\/tours\/emiratos-arabes-unidos-es\/abu-dhabi-es\/abu-dhabi-excursiones-privadas-cruceros-es\/tour-privado-a-al-ain-desde-abu-dabi\/#breadcrumb","itemListElement":[{"@type":"ListItem","position":1,"name":"Home","item":"https:\/\/tourtravelandmore.com\/es\/"},{"@type":"ListItem","position":2,"name":"Tours","item":"https:\/\/tourtravelandmore.com\/es\/tours\/"},{"@type":"ListItem","position":3,"name":"Tour Privado a Al Ain desde Abu Dabi"}]},{"@type":"WebSite","@id":"https:\/\/tourtravelandmore.com\/es\/#website","url":"https:\/\/tourtravelandmore.com\/es\/","name":"Tour Travel And More","description":"Private sightseeing tours and luxury transfers in Spain","publisher":{"@id":"https:\/\/tourtravelandmore.com\/es\/#organization"},"potentialAction":[{"@type":"SearchAction","target":{"@type":"EntryPoint","urlTemplate":"https:\/\/tourtravelandmore.com\/es\/?s={search_term_string}"},"query-input":{"@type":"PropertyValueSpecification","valueRequired":true,"valueName":"search_term_string"}}],"inLanguage":"es"},{"@type":"Organization","@id":"https:\/\/tourtravelandmore.com\/es\/#organization","name":"Tour Travel And More","url":"https:\/\/tourtravelandmore.com\/es\/","logo":{"@type":"ImageObject","inLanguage":"es","@id":"https:\/\/tourtravelandmore.com\/es\/#\/schema\/logo\/image\/","url":"https:\/\/tourtravelandmore.com\/wp-content\/uploads\/2022\/12\/cropped-logo-cabecera-new.png","contentUrl":"https:\/\/tourtravelandmore.com\/wp-content\/uploads\/2022\/12\/cropped-logo-cabecera-new.png","width":430,"height":61,"caption":"Tour Travel And More"},"image":{"@id":"https:\/\/tourtravelandmore.com\/es\/#\/schema\/logo\/image\/"},"sameAs":["https:\/\/www.facebook.com\/tourtravelandmore\/","https:\/\/x.com\/TourTravel_More"]}]}},"_links":{"self":[{"href":"https:\/\/tourtravelandmore.com\/es\/wp-json\/wp\/v2\/product\/72843","targetHints":{"allow":["GET"]}}],"collection":[{"href":"https:\/\/tourtravelandmore.com\/es\/wp-json\/wp\/v2\/product"}],"about":[{"href":"https:\/\/tourtravelandmore.com\/es\/wp-json\/wp\/v2\/types\/product"}],"replies":[{"embeddable":true,"href":"https:\/\/tourtravelandmore.com\/es\/wp-json\/wp\/v2\/comments?post=72843"}],"wp:featuredmedia":[{"embeddable":true,"href":"https:\/\/tourtravelandmore.com\/es\/wp-json\/wp\/v2\/media\/72864"}],"wp:attachment":[{"href":"https:\/\/tourtravelandmore.com\/es\/wp-json\/wp\/v2\/media?parent=72843"}],"wp:term":[{"taxonomy":"product_brand","embeddable":true,"href":"https:\/\/tourtravelandmore.com\/es\/wp-json\/wp\/v2\/product_brand?post=72843"},{"taxonomy":"product_cat","embeddable":true,"href":"https:\/\/tourtravelandmore.com\/es\/wp-json\/wp\/v2\/product_cat?post=72843"},{"taxonomy":"product_tag","embeddable":true,"href":"https:\/\/tourtravelandmore.com\/es\/wp-json\/wp\/v2\/product_tag?post=72843"}],"curies":[{"name":"wp","href":"https:\/\/api.w.org\/{rel}","templated":true}]}}