{"id":72609,"date":"2019-12-20T08:09:40","date_gmt":"2019-12-20T07:09:41","guid":{"rendered":"https:\/\/tourtravelandmore.com\/?post_type=product&#038;p=72609"},"modified":"2024-05-02T20:40:00","modified_gmt":"2024-05-02T18:40:00","slug":"city-tour-privado-dia-completo-8-horas-en-salamanca","status":"publish","type":"product","link":"https:\/\/tourtravelandmore.com\/es\/tours\/espana-es\/salamanca-es\/salamanca-excursiones-privadas-es\/city-tour-privado-dia-completo-8-horas-en-salamanca\/","title":{"rendered":"Tour Privado de d\u00eda completo a Salamanca desde Madrid"},"content":{"rendered":"<h2><strong>Descripci\u00f3n del Tour Privado de d\u00eda completo a Salamanca desde Madrid<\/strong><\/h2>\n<p>Disfrute de esta Excursi\u00f3n Privada a Salamanca desde Madrid. Se trata de una excursi\u00f3n de un d\u00eda completo que le llevar\u00e1 a la singular ciudad de Salamanca.<\/p>\n<p>Si vive o tiene previsto viajar a Madrid, no pierda esta oportunidad de conocer una de las ciudades hist\u00f3ricas m\u00e1s bellas e interesantes de Espa\u00f1a. Una ciudad de Salamanca llena de leyendas y acontecimientos m\u00edticos por doquier.<\/p>\n<p>Emb\u00e1rquese en un viaje exclusivo desde Madrid a la hist\u00f3rica ciudad de Salamanca con Tour Travel &amp; More. Este recorrido privado promete una experiencia enriquecedora, mezclando la comodidad de un viaje de lujo en coche de 8 horas con la experiencia de un gu\u00eda experimentado. Descubra el encanto intemporal de Salamanca, declarada Patrimonio de la Humanidad por la UNESCO y famosa por sus maravillas arquitect\u00f3nicas y su rico patrimonio cultural.<\/p>\n<p>El tour a Salamanca desde Madrid, con gu\u00eda y veh\u00edculo privado, incluye las entradas a la <strong>Universidad de Salamanca<\/strong>, una de las principales atracciones tur\u00edsticas de la ciudad.<\/p>\n<h2>Puntos de Inter\u00e9s en el Tour Privado de d\u00eda completo a Salamanca desde Madrid<\/h2>\n<p>Su viaje comienza con una c\u00f3moda recogida en su hotel o lugar preferido de Madrid. Inst\u00e1lese en un lujoso coche equipado con modernas comodidades, que le garantizar\u00e1n un viaje confortable durante toda la excursi\u00f3n.<\/p>\n<p>Disfrute de los pintorescos paisajes de la campi\u00f1a espa\u00f1ola mientras viaja hacia Salamanca. Su experto conductor le guiar\u00e1 por la ruta, ofreci\u00e9ndole informaci\u00f3n sobre las zonas circundantes y los lugares m\u00e1s destacados del camino.<\/p>\n<p>Marav\u00edllese ante la impresionante arquitectura de la Catedral de Salamanca, una obra maestra del dise\u00f1o g\u00f3tico y barroco. Admire sus intrincadas fachadas, sus alt\u00edsimas agujas y su magn\u00edfico interior adornado con exquisitas obras de arte.<\/p>\n<p>Descubra el vibrante coraz\u00f3n de Salamanca en la Plaza Mayor, una de las plazas m\u00e1s bellas de Espa\u00f1a. Del\u00e9itese con el animado ambiente mientras pasea por la plaza, bordeada de elegantes soportales, encantadores caf\u00e9s y bulliciosas tiendas.<\/p>\n<p>Retroceda en el tiempo en la prestigiosa Universidad de Salamanca, una de las m\u00e1s antiguas de Europa. Explore su campus hist\u00f3rico, adornado con ornamentadas fachadas, majestuosos patios y la renombrada fachada plateresca de las Escuelas Mayores.<\/p>\n<p>Profundice en el legado acad\u00e9mico de Salamanca con el acceso exclusivo a la Universidad. Conozca su ilustre pasado y su vibrante presente mientras pasea por sus sagrados salones y admira sus tesoros arquitect\u00f3nicos.<\/p>\n<p>Tras un satisfactorio d\u00eda de exploraci\u00f3n, rel\u00e1jese en el viaje de regreso a Madrid, rememorando sus inolvidables experiencias en Salamanca.<\/p>\n<p>Puede consultar el resto de <a href=\"https:\/\/tourtravelandmore.com\/es\/ciudad\/espana-es\/madrid-es\/\">tours privados que ofrecemos en Madrid<\/a> si desea realizar otro tour y a\u00f1adir m\u00e1s tour en su estancia.<\/p>\n","protected":false},"excerpt":{"rendered":"<p>Disfruta de este tour de d\u00eda completo para conocer Salamanca junto con su gu\u00eda oficial y vehiculo privado. Adem\u00e1s tendr\u00e1 incluido la entrada a la Universidad.<\/p>\n","protected":false},"featured_media":81257,"comment_status":"open","ping_status":"closed","template":"","meta":{"_acf_changed":false},"product_brand":[],"product_cat":[1596,1924,1927,1926,285,287,286],"product_tag":[],"class_list":{"0":"post-72609","1":"product","2":"type-product","3":"status-publish","4":"has-post-thumbnail","6":"product_cat-espana-es","7":"product_cat-salamanca-es","8":"product_cat-salamanca-actividades-es","9":"product_cat-salamanca-excursiones-privadas-es","10":"product_cat-madrid-actividades-es","11":"product_cat-madrid-rutas-turisticas-privadas-es","12":"product_cat-madrid-excursiones-es","14":"first","15":"instock","16":"shipping-taxable","17":"purchasable","18":"product-type-simple"},"acf":[],"yoast_head":"<!-- This site is optimized with the Yoast SEO Premium plugin v25.3.1 (Yoast SEO v25.3.1) - https:\/\/yoast.com\/wordpress\/plugins\/seo\/ -->\n<title>\u27a1\ufe0f Tour a Salamanca desde Madrid | Tour Travel &amp; More<\/title>\n<meta name=\"description\" content=\"El Tour de Salamanca desde Madrid, conocer\u00e1 una ciudad \u00fanica, con su gu\u00eda oficial y vehiculo privado. Adem\u00e1s tendr\u00e1 incluido la entrada a la Universidad \u2705\" \/>\n<meta name=\"robots\" content=\"index, follow, max-snippet:-1, max-image-preview:large, max-video-preview:-1\" \/>\n<link rel=\"canonical\" href=\"https:\/\/tourtravelandmore.com\/es\/tours\/espana-es\/salamanca-es\/salamanca-excursiones-privadas-es\/city-tour-privado-dia-completo-8-horas-en-salamanca\/\" \/>\n<meta property=\"og:locale\" content=\"es_ES\" \/>\n<meta property=\"og:type\" content=\"article\" \/>\n<meta property=\"og:title\" content=\"Tour Privado de d\u00eda completo a Salamanca desde Madrid\" \/>\n<meta property=\"og:description\" content=\"El Tour de Salamanca desde Madrid, conocer\u00e1 una ciudad \u00fanica, con su gu\u00eda oficial y vehiculo privado. Adem\u00e1s tendr\u00e1 incluido la entrada a la Universidad \u2705\" \/>\n<meta property=\"og:url\" content=\"https:\/\/tourtravelandmore.com\/es\/tours\/espana-es\/salamanca-es\/salamanca-excursiones-privadas-es\/city-tour-privado-dia-completo-8-horas-en-salamanca\/\" \/>\n<meta property=\"og:site_name\" content=\"Tour Travel And More\" \/>\n<meta property=\"article:publisher\" content=\"https:\/\/www.facebook.com\/tourtravelandmore\/\" \/>\n<meta property=\"article:modified_time\" content=\"2024-05-02T18:40:00+00:00\" \/>\n<meta property=\"og:image\" content=\"https:\/\/tourtravelandmore.com\/wp-content\/uploads\/2019\/12\/Universidad-Salamanca.jpg\" \/>\n\t<meta property=\"og:image:width\" content=\"918\" \/>\n\t<meta property=\"og:image:height\" content=\"603\" \/>\n\t<meta property=\"og:image:type\" content=\"image\/jpeg\" \/>\n<meta name=\"twitter:card\" content=\"summary_large_image\" \/>\n<meta name=\"twitter:site\" content=\"@TourTravel_More\" \/>\n<meta name=\"twitter:label1\" content=\"Tiempo de lectura\" \/>\n\t<meta name=\"twitter:data1\" content=\"2 minutos\" \/>\n<script type=\"application\/ld+json\" class=\"yoast-schema-graph\">{\"@context\":\"https:\/\/schema.org\",\"@graph\":[{\"@type\":\"WebPage\",\"@id\":\"https:\/\/tourtravelandmore.com\/es\/tours\/espana-es\/salamanca-es\/salamanca-excursiones-privadas-es\/city-tour-privado-dia-completo-8-horas-en-salamanca\/\",\"url\":\"https:\/\/tourtravelandmore.com\/es\/tours\/espana-es\/salamanca-es\/salamanca-excursiones-privadas-es\/city-tour-privado-dia-completo-8-horas-en-salamanca\/\",\"name\":\"\u27a1\ufe0f Tour a Salamanca desde Madrid | Tour Travel & More\",\"isPartOf\":{\"@id\":\"https:\/\/tourtravelandmore.com\/es\/#website\"},\"primaryImageOfPage\":{\"@id\":\"https:\/\/tourtravelandmore.com\/es\/tours\/espana-es\/salamanca-es\/salamanca-excursiones-privadas-es\/city-tour-privado-dia-completo-8-horas-en-salamanca\/#primaryimage\"},\"image\":{\"@id\":\"https:\/\/tourtravelandmore.com\/es\/tours\/espana-es\/salamanca-es\/salamanca-excursiones-privadas-es\/city-tour-privado-dia-completo-8-horas-en-salamanca\/#primaryimage\"},\"thumbnailUrl\":\"https:\/\/tourtravelandmore.com\/wp-content\/uploads\/2019\/12\/Universidad-Salamanca.jpg\",\"datePublished\":\"2019-12-20T07:09:41+00:00\",\"dateModified\":\"2024-05-02T18:40:00+00:00\",\"description\":\"El Tour de Salamanca desde Madrid, conocer\u00e1 una ciudad \u00fanica, con su gu\u00eda oficial y vehiculo privado. Adem\u00e1s tendr\u00e1 incluido la entrada a la Universidad \u2705\",\"breadcrumb\":{\"@id\":\"https:\/\/tourtravelandmore.com\/es\/tours\/espana-es\/salamanca-es\/salamanca-excursiones-privadas-es\/city-tour-privado-dia-completo-8-horas-en-salamanca\/#breadcrumb\"},\"inLanguage\":\"es\",\"potentialAction\":[{\"@type\":\"ReadAction\",\"target\":[\"https:\/\/tourtravelandmore.com\/es\/tours\/espana-es\/salamanca-es\/salamanca-excursiones-privadas-es\/city-tour-privado-dia-completo-8-horas-en-salamanca\/\"]}]},{\"@type\":\"ImageObject\",\"inLanguage\":\"es\",\"@id\":\"https:\/\/tourtravelandmore.com\/es\/tours\/espana-es\/salamanca-es\/salamanca-excursiones-privadas-es\/city-tour-privado-dia-completo-8-horas-en-salamanca\/#primaryimage\",\"url\":\"https:\/\/tourtravelandmore.com\/wp-content\/uploads\/2019\/12\/Universidad-Salamanca.jpg\",\"contentUrl\":\"https:\/\/tourtravelandmore.com\/wp-content\/uploads\/2019\/12\/Universidad-Salamanca.jpg\",\"width\":918,\"height\":603,\"caption\":\"Universidad de Salamanca\"},{\"@type\":\"BreadcrumbList\",\"@id\":\"https:\/\/tourtravelandmore.com\/es\/tours\/espana-es\/salamanca-es\/salamanca-excursiones-privadas-es\/city-tour-privado-dia-completo-8-horas-en-salamanca\/#breadcrumb\",\"itemListElement\":[{\"@type\":\"ListItem\",\"position\":1,\"name\":\"Home\",\"item\":\"https:\/\/tourtravelandmore.com\/es\/\"},{\"@type\":\"ListItem\",\"position\":2,\"name\":\"Tours\",\"item\":\"https:\/\/tourtravelandmore.com\/es\/tours\/\"},{\"@type\":\"ListItem\",\"position\":3,\"name\":\"Tour Privado de d\u00eda completo a Salamanca desde Madrid\"}]},{\"@type\":\"WebSite\",\"@id\":\"https:\/\/tourtravelandmore.com\/es\/#website\",\"url\":\"https:\/\/tourtravelandmore.com\/es\/\",\"name\":\"Tour Travel And More\",\"description\":\"Private sightseeing tours and luxury transfers in Spain\",\"publisher\":{\"@id\":\"https:\/\/tourtravelandmore.com\/es\/#organization\"},\"potentialAction\":[{\"@type\":\"SearchAction\",\"target\":{\"@type\":\"EntryPoint\",\"urlTemplate\":\"https:\/\/tourtravelandmore.com\/es\/?s={search_term_string}\"},\"query-input\":{\"@type\":\"PropertyValueSpecification\",\"valueRequired\":true,\"valueName\":\"search_term_string\"}}],\"inLanguage\":\"es\"},{\"@type\":\"Organization\",\"@id\":\"https:\/\/tourtravelandmore.com\/es\/#organization\",\"name\":\"Tour Travel And More\",\"url\":\"https:\/\/tourtravelandmore.com\/es\/\",\"logo\":{\"@type\":\"ImageObject\",\"inLanguage\":\"es\",\"@id\":\"https:\/\/tourtravelandmore.com\/es\/#\/schema\/logo\/image\/\",\"url\":\"https:\/\/tourtravelandmore.com\/wp-content\/uploads\/2022\/12\/cropped-logo-cabecera-new.png\",\"contentUrl\":\"https:\/\/tourtravelandmore.com\/wp-content\/uploads\/2022\/12\/cropped-logo-cabecera-new.png\",\"width\":430,\"height\":61,\"caption\":\"Tour Travel And More\"},\"image\":{\"@id\":\"https:\/\/tourtravelandmore.com\/es\/#\/schema\/logo\/image\/\"},\"sameAs\":[\"https:\/\/www.facebook.com\/tourtravelandmore\/\",\"https:\/\/x.com\/TourTravel_More\"]}]}<\/script>\n<!-- \/ Yoast SEO Premium plugin. -->","yoast_head_json":{"title":"\u27a1\ufe0f Tour a Salamanca desde Madrid | Tour Travel & More","description":"El Tour de Salamanca desde Madrid, conocer\u00e1 una ciudad \u00fanica, con su gu\u00eda oficial y vehiculo privado. Adem\u00e1s tendr\u00e1 incluido la entrada a la Universidad \u2705","robots":{"index":"index","follow":"follow","max-snippet":"max-snippet:-1","max-image-preview":"max-image-preview:large","max-video-preview":"max-video-preview:-1"},"canonical":"https:\/\/tourtravelandmore.com\/es\/tours\/espana-es\/salamanca-es\/salamanca-excursiones-privadas-es\/city-tour-privado-dia-completo-8-horas-en-salamanca\/","og_locale":"es_ES","og_type":"article","og_title":"Tour Privado de d\u00eda completo a Salamanca desde Madrid","og_description":"El Tour de Salamanca desde Madrid, conocer\u00e1 una ciudad \u00fanica, con su gu\u00eda oficial y vehiculo privado. Adem\u00e1s tendr\u00e1 incluido la entrada a la Universidad \u2705","og_url":"https:\/\/tourtravelandmore.com\/es\/tours\/espana-es\/salamanca-es\/salamanca-excursiones-privadas-es\/city-tour-privado-dia-completo-8-horas-en-salamanca\/","og_site_name":"Tour Travel And More","article_publisher":"https:\/\/www.facebook.com\/tourtravelandmore\/","article_modified_time":"2024-05-02T18:40:00+00:00","og_image":[{"width":918,"height":603,"url":"https:\/\/tourtravelandmore.com\/wp-content\/uploads\/2019\/12\/Universidad-Salamanca.jpg","type":"image\/jpeg"}],"twitter_card":"summary_large_image","twitter_site":"@TourTravel_More","twitter_misc":{"Tiempo de lectura":"2 minutos"},"schema":{"@context":"https:\/\/schema.org","@graph":[{"@type":"WebPage","@id":"https:\/\/tourtravelandmore.com\/es\/tours\/espana-es\/salamanca-es\/salamanca-excursiones-privadas-es\/city-tour-privado-dia-completo-8-horas-en-salamanca\/","url":"https:\/\/tourtravelandmore.com\/es\/tours\/espana-es\/salamanca-es\/salamanca-excursiones-privadas-es\/city-tour-privado-dia-completo-8-horas-en-salamanca\/","name":"\u27a1\ufe0f Tour a Salamanca desde Madrid | Tour Travel & More","isPartOf":{"@id":"https:\/\/tourtravelandmore.com\/es\/#website"},"primaryImageOfPage":{"@id":"https:\/\/tourtravelandmore.com\/es\/tours\/espana-es\/salamanca-es\/salamanca-excursiones-privadas-es\/city-tour-privado-dia-completo-8-horas-en-salamanca\/#primaryimage"},"image":{"@id":"https:\/\/tourtravelandmore.com\/es\/tours\/espana-es\/salamanca-es\/salamanca-excursiones-privadas-es\/city-tour-privado-dia-completo-8-horas-en-salamanca\/#primaryimage"},"thumbnailUrl":"https:\/\/tourtravelandmore.com\/wp-content\/uploads\/2019\/12\/Universidad-Salamanca.jpg","datePublished":"2019-12-20T07:09:41+00:00","dateModified":"2024-05-02T18:40:00+00:00","description":"El Tour de Salamanca desde Madrid, conocer\u00e1 una ciudad \u00fanica, con su gu\u00eda oficial y vehiculo privado. Adem\u00e1s tendr\u00e1 incluido la entrada a la Universidad \u2705","breadcrumb":{"@id":"https:\/\/tourtravelandmore.com\/es\/tours\/espana-es\/salamanca-es\/salamanca-excursiones-privadas-es\/city-tour-privado-dia-completo-8-horas-en-salamanca\/#breadcrumb"},"inLanguage":"es","potentialAction":[{"@type":"ReadAction","target":["https:\/\/tourtravelandmore.com\/es\/tours\/espana-es\/salamanca-es\/salamanca-excursiones-privadas-es\/city-tour-privado-dia-completo-8-horas-en-salamanca\/"]}]},{"@type":"ImageObject","inLanguage":"es","@id":"https:\/\/tourtravelandmore.com\/es\/tours\/espana-es\/salamanca-es\/salamanca-excursiones-privadas-es\/city-tour-privado-dia-completo-8-horas-en-salamanca\/#primaryimage","url":"https:\/\/tourtravelandmore.com\/wp-content\/uploads\/2019\/12\/Universidad-Salamanca.jpg","contentUrl":"https:\/\/tourtravelandmore.com\/wp-content\/uploads\/2019\/12\/Universidad-Salamanca.jpg","width":918,"height":603,"caption":"Universidad de Salamanca"},{"@type":"BreadcrumbList","@id":"https:\/\/tourtravelandmore.com\/es\/tours\/espana-es\/salamanca-es\/salamanca-excursiones-privadas-es\/city-tour-privado-dia-completo-8-horas-en-salamanca\/#breadcrumb","itemListElement":[{"@type":"ListItem","position":1,"name":"Home","item":"https:\/\/tourtravelandmore.com\/es\/"},{"@type":"ListItem","position":2,"name":"Tours","item":"https:\/\/tourtravelandmore.com\/es\/tours\/"},{"@type":"ListItem","position":3,"name":"Tour Privado de d\u00eda completo a Salamanca desde Madrid"}]},{"@type":"WebSite","@id":"https:\/\/tourtravelandmore.com\/es\/#website","url":"https:\/\/tourtravelandmore.com\/es\/","name":"Tour Travel And More","description":"Private sightseeing tours and luxury transfers in Spain","publisher":{"@id":"https:\/\/tourtravelandmore.com\/es\/#organization"},"potentialAction":[{"@type":"SearchAction","target":{"@type":"EntryPoint","urlTemplate":"https:\/\/tourtravelandmore.com\/es\/?s={search_term_string}"},"query-input":{"@type":"PropertyValueSpecification","valueRequired":true,"valueName":"search_term_string"}}],"inLanguage":"es"},{"@type":"Organization","@id":"https:\/\/tourtravelandmore.com\/es\/#organization","name":"Tour Travel And More","url":"https:\/\/tourtravelandmore.com\/es\/","logo":{"@type":"ImageObject","inLanguage":"es","@id":"https:\/\/tourtravelandmore.com\/es\/#\/schema\/logo\/image\/","url":"https:\/\/tourtravelandmore.com\/wp-content\/uploads\/2022\/12\/cropped-logo-cabecera-new.png","contentUrl":"https:\/\/tourtravelandmore.com\/wp-content\/uploads\/2022\/12\/cropped-logo-cabecera-new.png","width":430,"height":61,"caption":"Tour Travel And More"},"image":{"@id":"https:\/\/tourtravelandmore.com\/es\/#\/schema\/logo\/image\/"},"sameAs":["https:\/\/www.facebook.com\/tourtravelandmore\/","https:\/\/x.com\/TourTravel_More"]}]}},"_links":{"self":[{"href":"https:\/\/tourtravelandmore.com\/es\/wp-json\/wp\/v2\/product\/72609","targetHints":{"allow":["GET"]}}],"collection":[{"href":"https:\/\/tourtravelandmore.com\/es\/wp-json\/wp\/v2\/product"}],"about":[{"href":"https:\/\/tourtravelandmore.com\/es\/wp-json\/wp\/v2\/types\/product"}],"replies":[{"embeddable":true,"href":"https:\/\/tourtravelandmore.com\/es\/wp-json\/wp\/v2\/comments?post=72609"}],"wp:featuredmedia":[{"embeddable":true,"href":"https:\/\/tourtravelandmore.com\/es\/wp-json\/wp\/v2\/media\/81257"}],"wp:attachment":[{"href":"https:\/\/tourtravelandmore.com\/es\/wp-json\/wp\/v2\/media?parent=72609"}],"wp:term":[{"taxonomy":"product_brand","embeddable":true,"href":"https:\/\/tourtravelandmore.com\/es\/wp-json\/wp\/v2\/product_brand?post=72609"},{"taxonomy":"product_cat","embeddable":true,"href":"https:\/\/tourtravelandmore.com\/es\/wp-json\/wp\/v2\/product_cat?post=72609"},{"taxonomy":"product_tag","embeddable":true,"href":"https:\/\/tourtravelandmore.com\/es\/wp-json\/wp\/v2\/product_tag?post=72609"}],"curies":[{"name":"wp","href":"https:\/\/api.w.org\/{rel}","templated":true}]}}