{"id":72540,"date":"2019-12-19T12:35:31","date_gmt":"2019-12-19T11:35:32","guid":{"rendered":"https:\/\/tourtravelandmore.com\/?post_type=product&#038;p=72540"},"modified":"2024-01-19T09:39:36","modified_gmt":"2024-01-19T08:39:36","slug":"tour-privado-al-museo-sheikh-faisal","status":"publish","type":"product","link":"https:\/\/tourtravelandmore.com\/es\/tours\/qatar-es\/doha-es\/doha-actividades-es\/tour-privado-al-museo-sheikh-faisal\/","title":{"rendered":"Tour Privado al Museo Sheikh Faisal"},"content":{"rendered":"<h2 class=\"p1\"><span class=\"s1\"><b>Descripci\u00f3n del Tour Privado al Museo Sheikh Faisal<\/b><\/span><\/h2>\n<p>Si eres un apasionado de los museos, te recomendamos este <strong>Tour Privado al Museo Sheikh Faisal en Doha<\/strong>. <span class=\"JLqJ4b ChMk0b\" data-language-for-alternatives=\"es\" data-language-to-translate-into=\"en\" data-phrase-index=\"1\">Conocer\u00e1s las obras de arte m\u00e1s emblem\u00e1ticas y bonitas del museo. <\/span><\/p>\n<p><span class=\"JLqJ4b ChMk0b\" data-language-for-alternatives=\"es\" data-language-to-translate-into=\"en\" data-phrase-index=\"1\"><span class=\"JLqJ4b\" data-language-for-alternatives=\"es\" data-language-to-translate-into=\"en\" data-phrase-index=\"2\">Esta visita privada a Sheikh Faisal comenzar\u00e1 frente al museo. <\/span><\/span><span class=\"JLqJ4b ChMk0b\" data-language-for-alternatives=\"es\" data-language-to-translate-into=\"en\" data-phrase-index=\"1\"><span class=\"JLqJ4b\" data-language-for-alternatives=\"es\" data-language-to-translate-into=\"en\" data-phrase-index=\"2\">Su gu\u00eda tur\u00edstico privado lo estar\u00e1 esperando con las entradas en mano para comenzar este recorrido privado.<\/span><\/span><\/p>\n<p><span class=\"JLqJ4b ChMk0b\" data-language-for-alternatives=\"es\" data-language-to-translate-into=\"en\" data-phrase-index=\"1\"><span class=\"JLqJ4b\" data-language-for-alternatives=\"es\" data-language-to-translate-into=\"en\" data-phrase-index=\"2\"> Podemos organizar un veh\u00edculo privado con chofer para que tambi\u00e9n lo lleve en caso de que se encuentre alejado. El museo se encuentra a unos 20 km de la ciudad de Doha. Es por eso que si necesita un veh\u00edculo privado para el transporte, podemos organizarlo por usted. <\/span><\/span><\/p>\n<p><span class=\"JLqJ4b ChMk0b\" data-language-for-alternatives=\"es\" data-language-to-translate-into=\"en\" data-phrase-index=\"1\"><span class=\"JLqJ4b\" data-language-for-alternatives=\"es\" data-language-to-translate-into=\"en\" data-phrase-index=\"2\">Este museo de propiedad privada tiene una superficie de 530.000\u202fm2. Tambi\u00e9n es un museo que consta de 3 edificios.<\/span><\/span><\/p>\n<h2>Qu\u00e9 cosas podremos ver:<\/h2>\n<p>El <strong>Museo Sheikh Faisal<\/strong> le hace descubrir el fascinante patrimonio de Qatar. <span class=\"JLqJ4b ChMk0b\" data-language-for-alternatives=\"es\" data-language-to-translate-into=\"en\" data-phrase-index=\"1\">Dividido en tres edificios, el museo exhibe m\u00e1s de 15,000 piezas de todo el mundo, que incluyen arte isl\u00e1mico, pinturas, monedas y colecciones de autom\u00f3viles.<\/span><\/p>\n<p>Disfrute de las 15 salas del museo y contempl\u00e9 m\u00e1s de 15.000 piezas \u00fanicas. <span class=\"JLqJ4b ChMk0b\" data-language-for-alternatives=\"es\" data-language-to-translate-into=\"en\" data-phrase-index=\"8\">Est\u00e1n organizados en diferentes colecciones:<\/span><\/p>\n<ul>\n<li><strong><span class=\"JLqJ4b ChMk0b\" data-language-for-alternatives=\"es\" data-language-to-translate-into=\"en\" data-phrase-index=\"8\"><span class=\"JLqJ4b\" data-language-for-alternatives=\"es\" data-language-to-translate-into=\"en\" data-phrase-index=\"9\">Arte isl\u00e1mico <\/span><\/span><\/strong><\/li>\n<li><strong><span class=\"JLqJ4b ChMk0b\" data-language-for-alternatives=\"es\" data-language-to-translate-into=\"en\" data-phrase-index=\"8\"><span class=\"JLqJ4b\" data-language-for-alternatives=\"es\" data-language-to-translate-into=\"en\" data-phrase-index=\"9\">Veh\u00edculos <\/span><\/span><\/strong><\/li>\n<li><strong><span class=\"JLqJ4b ChMk0b\" data-language-for-alternatives=\"es\" data-language-to-translate-into=\"en\" data-phrase-index=\"8\"><span class=\"JLqJ4b\" data-language-for-alternatives=\"es\" data-language-to-translate-into=\"en\" data-phrase-index=\"9\">Monedas \u00a0<\/span><\/span><\/strong><\/li>\n<li><strong><span class=\"JLqJ4b ChMk0b\" data-language-for-alternatives=\"es\" data-language-to-translate-into=\"en\" data-phrase-index=\"8\"><span class=\"JLqJ4b\" data-language-for-alternatives=\"es\" data-language-to-translate-into=\"en\" data-phrase-index=\"9\">Herencia de Qatar\u00a0<\/span><\/span><\/strong><\/li>\n<\/ul>\n<p>Su gu\u00eda oficial es un gran conocedor del museo, por lo que le brindar\u00e1 una informaci\u00f3n detallada y completa sobre su colecci\u00f3n e historia. La entrada al museo se encuentra incluida en el precio del tour.<\/p>\n<p><span class=\"JLqJ4b ChMk0b\" data-language-for-alternatives=\"es\" data-language-to-translate-into=\"en\" data-phrase-index=\"1\"><span class=\"JLqJ4b\" data-language-for-alternatives=\"es\" data-language-to-translate-into=\"en\" data-phrase-index=\"2\">Despu\u00e9s de haber disfrutado este tour privado al Museo Sheikh Faisal, su gu\u00eda oficial lo dejar\u00e1 en la entrada del museo, donde comenz\u00f3 el tour. Recuerde que el recorrido es 100\u202f% adaptable a sus propios intereses y gustos. Tambi\u00e9n es posible hacer un recorrido m\u00e1s largo, no dude en contactarnos si tiene alguna duda.<\/span><\/span><\/p>\n<p><span class=\"JLqJ4b ChMk0b\" data-language-for-alternatives=\"es\" data-language-to-translate-into=\"en\" data-phrase-index=\"8\"><span class=\"JLqJ4b\" data-language-for-alternatives=\"es\" data-language-to-translate-into=\"en\" data-phrase-index=\"9\">Organizamos este tour privado personalizado para usted. Por supuesto, podemos organizar cualquier otro tipo de experiencia privada en Doha.<\/span><\/span><\/p>\n<p>\u00a1No olvide echar un vistazo a nuestros temas, tours y experiencias privadas en Doha <a href=\"https:\/\/tourtravelandmore.com\/es\/ciudad\/qatar-es\/doha-es\/\">aqu\u00ed<\/a>!<\/p>\n","protected":false},"excerpt":{"rendered":"<p>\u00danase a nosotros en su veh\u00edculo privado de lujo, con un conductor privado y un gu\u00eda tur\u00edstico oficial en el fascinante <strong>Museo Sheikh Faisal en Doha<\/strong>. Conocer\u00e1s las obras de arte m\u00e1s emblem\u00e1ticas y bonitas del museo junto a un profesional que te explicar\u00e1 la historia de ese fant\u00e1stico lugar.<\/p>\n","protected":false},"featured_media":72566,"comment_status":"open","ping_status":"closed","template":"","meta":{"_acf_changed":false},"product_brand":[],"product_cat":[1887,1888,1889,1890,1891],"product_tag":[],"class_list":{"0":"post-72540","1":"product","2":"type-product","3":"status-publish","4":"has-post-thumbnail","6":"product_cat-qatar-es","7":"product_cat-doha-es","8":"product_cat-doha-actividades-es","9":"product_cat-doha-excursiones-privadas-cruceros-es","10":"product_cat-doha-rutas-turisticas-privadas-es","12":"first","13":"instock","14":"shipping-taxable","15":"purchasable","16":"product-type-simple"},"acf":[],"yoast_head":"<!-- This site is optimized with the Yoast SEO Premium plugin v25.3.1 (Yoast SEO v25.3.1) - https:\/\/yoast.com\/wordpress\/plugins\/seo\/ -->\n<title>\u27a1\ufe0f Tour Privado al Museo Sheikh Faisal con gu\u00eda oficial local | Tour Travel &amp; More<\/title>\n<meta name=\"description\" content=\"Aproveche la oportunidad de conocer uno de los museos m\u00e1s impresionantes del mundo con este Tour Privado al Museo Sheikh Faisal con gu\u00eda \u2705\" \/>\n<meta name=\"robots\" content=\"index, follow, max-snippet:-1, max-image-preview:large, max-video-preview:-1\" \/>\n<link rel=\"canonical\" href=\"https:\/\/tourtravelandmore.com\/es\/tours\/qatar-es\/doha-es\/doha-actividades-es\/tour-privado-al-museo-sheikh-faisal\/\" \/>\n<meta property=\"og:locale\" content=\"es_ES\" \/>\n<meta property=\"og:type\" content=\"article\" \/>\n<meta property=\"og:title\" content=\"Tour Privado al Museo Sheikh Faisal\" \/>\n<meta property=\"og:description\" content=\"Aproveche la oportunidad de conocer uno de los museos m\u00e1s impresionantes del mundo con este Tour Privado al Museo Sheikh Faisal con gu\u00eda \u2705\" \/>\n<meta property=\"og:url\" content=\"https:\/\/tourtravelandmore.com\/es\/tours\/qatar-es\/doha-es\/doha-actividades-es\/tour-privado-al-museo-sheikh-faisal\/\" \/>\n<meta property=\"og:site_name\" content=\"Tour Travel And More\" \/>\n<meta property=\"article:publisher\" content=\"https:\/\/www.facebook.com\/tourtravelandmore\/\" \/>\n<meta property=\"article:modified_time\" content=\"2024-01-19T08:39:36+00:00\" \/>\n<meta property=\"og:image\" content=\"https:\/\/tourtravelandmore.com\/wp-content\/uploads\/2019\/12\/Doha26.jpg\" \/>\n\t<meta property=\"og:image:width\" content=\"1024\" \/>\n\t<meta property=\"og:image:height\" content=\"768\" \/>\n\t<meta property=\"og:image:type\" content=\"image\/jpeg\" \/>\n<meta name=\"twitter:card\" content=\"summary_large_image\" \/>\n<meta name=\"twitter:site\" content=\"@TourTravel_More\" \/>\n<meta name=\"twitter:label1\" content=\"Tiempo de lectura\" \/>\n\t<meta name=\"twitter:data1\" content=\"2 minutos\" \/>\n<script type=\"application\/ld+json\" class=\"yoast-schema-graph\">{\"@context\":\"https:\/\/schema.org\",\"@graph\":[{\"@type\":\"WebPage\",\"@id\":\"https:\/\/tourtravelandmore.com\/es\/tours\/qatar-es\/doha-es\/doha-actividades-es\/tour-privado-al-museo-sheikh-faisal\/\",\"url\":\"https:\/\/tourtravelandmore.com\/es\/tours\/qatar-es\/doha-es\/doha-actividades-es\/tour-privado-al-museo-sheikh-faisal\/\",\"name\":\"\u27a1\ufe0f Tour Privado al Museo Sheikh Faisal con gu\u00eda oficial local | Tour Travel & More\",\"isPartOf\":{\"@id\":\"https:\/\/tourtravelandmore.com\/es\/#website\"},\"primaryImageOfPage\":{\"@id\":\"https:\/\/tourtravelandmore.com\/es\/tours\/qatar-es\/doha-es\/doha-actividades-es\/tour-privado-al-museo-sheikh-faisal\/#primaryimage\"},\"image\":{\"@id\":\"https:\/\/tourtravelandmore.com\/es\/tours\/qatar-es\/doha-es\/doha-actividades-es\/tour-privado-al-museo-sheikh-faisal\/#primaryimage\"},\"thumbnailUrl\":\"https:\/\/tourtravelandmore.com\/wp-content\/uploads\/2019\/12\/Doha26.jpg\",\"datePublished\":\"2019-12-19T11:35:32+00:00\",\"dateModified\":\"2024-01-19T08:39:36+00:00\",\"description\":\"Aproveche la oportunidad de conocer uno de los museos m\u00e1s impresionantes del mundo con este Tour Privado al Museo Sheikh Faisal con gu\u00eda \u2705\",\"breadcrumb\":{\"@id\":\"https:\/\/tourtravelandmore.com\/es\/tours\/qatar-es\/doha-es\/doha-actividades-es\/tour-privado-al-museo-sheikh-faisal\/#breadcrumb\"},\"inLanguage\":\"es\",\"potentialAction\":[{\"@type\":\"ReadAction\",\"target\":[\"https:\/\/tourtravelandmore.com\/es\/tours\/qatar-es\/doha-es\/doha-actividades-es\/tour-privado-al-museo-sheikh-faisal\/\"]}]},{\"@type\":\"ImageObject\",\"inLanguage\":\"es\",\"@id\":\"https:\/\/tourtravelandmore.com\/es\/tours\/qatar-es\/doha-es\/doha-actividades-es\/tour-privado-al-museo-sheikh-faisal\/#primaryimage\",\"url\":\"https:\/\/tourtravelandmore.com\/wp-content\/uploads\/2019\/12\/Doha26.jpg\",\"contentUrl\":\"https:\/\/tourtravelandmore.com\/wp-content\/uploads\/2019\/12\/Doha26.jpg\",\"width\":1024,\"height\":768},{\"@type\":\"BreadcrumbList\",\"@id\":\"https:\/\/tourtravelandmore.com\/es\/tours\/qatar-es\/doha-es\/doha-actividades-es\/tour-privado-al-museo-sheikh-faisal\/#breadcrumb\",\"itemListElement\":[{\"@type\":\"ListItem\",\"position\":1,\"name\":\"Home\",\"item\":\"https:\/\/tourtravelandmore.com\/es\/\"},{\"@type\":\"ListItem\",\"position\":2,\"name\":\"Tours\",\"item\":\"https:\/\/tourtravelandmore.com\/es\/tours\/\"},{\"@type\":\"ListItem\",\"position\":3,\"name\":\"Tour Privado al Museo Sheikh Faisal\"}]},{\"@type\":\"WebSite\",\"@id\":\"https:\/\/tourtravelandmore.com\/es\/#website\",\"url\":\"https:\/\/tourtravelandmore.com\/es\/\",\"name\":\"Tour Travel And More\",\"description\":\"Private sightseeing tours and luxury transfers in Spain\",\"publisher\":{\"@id\":\"https:\/\/tourtravelandmore.com\/es\/#organization\"},\"potentialAction\":[{\"@type\":\"SearchAction\",\"target\":{\"@type\":\"EntryPoint\",\"urlTemplate\":\"https:\/\/tourtravelandmore.com\/es\/?s={search_term_string}\"},\"query-input\":{\"@type\":\"PropertyValueSpecification\",\"valueRequired\":true,\"valueName\":\"search_term_string\"}}],\"inLanguage\":\"es\"},{\"@type\":\"Organization\",\"@id\":\"https:\/\/tourtravelandmore.com\/es\/#organization\",\"name\":\"Tour Travel And More\",\"url\":\"https:\/\/tourtravelandmore.com\/es\/\",\"logo\":{\"@type\":\"ImageObject\",\"inLanguage\":\"es\",\"@id\":\"https:\/\/tourtravelandmore.com\/es\/#\/schema\/logo\/image\/\",\"url\":\"https:\/\/tourtravelandmore.com\/wp-content\/uploads\/2022\/12\/cropped-logo-cabecera-new.png\",\"contentUrl\":\"https:\/\/tourtravelandmore.com\/wp-content\/uploads\/2022\/12\/cropped-logo-cabecera-new.png\",\"width\":430,\"height\":61,\"caption\":\"Tour Travel And More\"},\"image\":{\"@id\":\"https:\/\/tourtravelandmore.com\/es\/#\/schema\/logo\/image\/\"},\"sameAs\":[\"https:\/\/www.facebook.com\/tourtravelandmore\/\",\"https:\/\/x.com\/TourTravel_More\"]}]}<\/script>\n<!-- \/ Yoast SEO Premium plugin. -->","yoast_head_json":{"title":"\u27a1\ufe0f Tour Privado al Museo Sheikh Faisal con gu\u00eda oficial local | Tour Travel & More","description":"Aproveche la oportunidad de conocer uno de los museos m\u00e1s impresionantes del mundo con este Tour Privado al Museo Sheikh Faisal con gu\u00eda \u2705","robots":{"index":"index","follow":"follow","max-snippet":"max-snippet:-1","max-image-preview":"max-image-preview:large","max-video-preview":"max-video-preview:-1"},"canonical":"https:\/\/tourtravelandmore.com\/es\/tours\/qatar-es\/doha-es\/doha-actividades-es\/tour-privado-al-museo-sheikh-faisal\/","og_locale":"es_ES","og_type":"article","og_title":"Tour Privado al Museo Sheikh Faisal","og_description":"Aproveche la oportunidad de conocer uno de los museos m\u00e1s impresionantes del mundo con este Tour Privado al Museo Sheikh Faisal con gu\u00eda \u2705","og_url":"https:\/\/tourtravelandmore.com\/es\/tours\/qatar-es\/doha-es\/doha-actividades-es\/tour-privado-al-museo-sheikh-faisal\/","og_site_name":"Tour Travel And More","article_publisher":"https:\/\/www.facebook.com\/tourtravelandmore\/","article_modified_time":"2024-01-19T08:39:36+00:00","og_image":[{"width":1024,"height":768,"url":"https:\/\/tourtravelandmore.com\/wp-content\/uploads\/2019\/12\/Doha26.jpg","type":"image\/jpeg"}],"twitter_card":"summary_large_image","twitter_site":"@TourTravel_More","twitter_misc":{"Tiempo de lectura":"2 minutos"},"schema":{"@context":"https:\/\/schema.org","@graph":[{"@type":"WebPage","@id":"https:\/\/tourtravelandmore.com\/es\/tours\/qatar-es\/doha-es\/doha-actividades-es\/tour-privado-al-museo-sheikh-faisal\/","url":"https:\/\/tourtravelandmore.com\/es\/tours\/qatar-es\/doha-es\/doha-actividades-es\/tour-privado-al-museo-sheikh-faisal\/","name":"\u27a1\ufe0f Tour Privado al Museo Sheikh Faisal con gu\u00eda oficial local | Tour Travel & More","isPartOf":{"@id":"https:\/\/tourtravelandmore.com\/es\/#website"},"primaryImageOfPage":{"@id":"https:\/\/tourtravelandmore.com\/es\/tours\/qatar-es\/doha-es\/doha-actividades-es\/tour-privado-al-museo-sheikh-faisal\/#primaryimage"},"image":{"@id":"https:\/\/tourtravelandmore.com\/es\/tours\/qatar-es\/doha-es\/doha-actividades-es\/tour-privado-al-museo-sheikh-faisal\/#primaryimage"},"thumbnailUrl":"https:\/\/tourtravelandmore.com\/wp-content\/uploads\/2019\/12\/Doha26.jpg","datePublished":"2019-12-19T11:35:32+00:00","dateModified":"2024-01-19T08:39:36+00:00","description":"Aproveche la oportunidad de conocer uno de los museos m\u00e1s impresionantes del mundo con este Tour Privado al Museo Sheikh Faisal con gu\u00eda \u2705","breadcrumb":{"@id":"https:\/\/tourtravelandmore.com\/es\/tours\/qatar-es\/doha-es\/doha-actividades-es\/tour-privado-al-museo-sheikh-faisal\/#breadcrumb"},"inLanguage":"es","potentialAction":[{"@type":"ReadAction","target":["https:\/\/tourtravelandmore.com\/es\/tours\/qatar-es\/doha-es\/doha-actividades-es\/tour-privado-al-museo-sheikh-faisal\/"]}]},{"@type":"ImageObject","inLanguage":"es","@id":"https:\/\/tourtravelandmore.com\/es\/tours\/qatar-es\/doha-es\/doha-actividades-es\/tour-privado-al-museo-sheikh-faisal\/#primaryimage","url":"https:\/\/tourtravelandmore.com\/wp-content\/uploads\/2019\/12\/Doha26.jpg","contentUrl":"https:\/\/tourtravelandmore.com\/wp-content\/uploads\/2019\/12\/Doha26.jpg","width":1024,"height":768},{"@type":"BreadcrumbList","@id":"https:\/\/tourtravelandmore.com\/es\/tours\/qatar-es\/doha-es\/doha-actividades-es\/tour-privado-al-museo-sheikh-faisal\/#breadcrumb","itemListElement":[{"@type":"ListItem","position":1,"name":"Home","item":"https:\/\/tourtravelandmore.com\/es\/"},{"@type":"ListItem","position":2,"name":"Tours","item":"https:\/\/tourtravelandmore.com\/es\/tours\/"},{"@type":"ListItem","position":3,"name":"Tour Privado al Museo Sheikh Faisal"}]},{"@type":"WebSite","@id":"https:\/\/tourtravelandmore.com\/es\/#website","url":"https:\/\/tourtravelandmore.com\/es\/","name":"Tour Travel And More","description":"Private sightseeing tours and luxury transfers in Spain","publisher":{"@id":"https:\/\/tourtravelandmore.com\/es\/#organization"},"potentialAction":[{"@type":"SearchAction","target":{"@type":"EntryPoint","urlTemplate":"https:\/\/tourtravelandmore.com\/es\/?s={search_term_string}"},"query-input":{"@type":"PropertyValueSpecification","valueRequired":true,"valueName":"search_term_string"}}],"inLanguage":"es"},{"@type":"Organization","@id":"https:\/\/tourtravelandmore.com\/es\/#organization","name":"Tour Travel And More","url":"https:\/\/tourtravelandmore.com\/es\/","logo":{"@type":"ImageObject","inLanguage":"es","@id":"https:\/\/tourtravelandmore.com\/es\/#\/schema\/logo\/image\/","url":"https:\/\/tourtravelandmore.com\/wp-content\/uploads\/2022\/12\/cropped-logo-cabecera-new.png","contentUrl":"https:\/\/tourtravelandmore.com\/wp-content\/uploads\/2022\/12\/cropped-logo-cabecera-new.png","width":430,"height":61,"caption":"Tour Travel And More"},"image":{"@id":"https:\/\/tourtravelandmore.com\/es\/#\/schema\/logo\/image\/"},"sameAs":["https:\/\/www.facebook.com\/tourtravelandmore\/","https:\/\/x.com\/TourTravel_More"]}]}},"_links":{"self":[{"href":"https:\/\/tourtravelandmore.com\/es\/wp-json\/wp\/v2\/product\/72540","targetHints":{"allow":["GET"]}}],"collection":[{"href":"https:\/\/tourtravelandmore.com\/es\/wp-json\/wp\/v2\/product"}],"about":[{"href":"https:\/\/tourtravelandmore.com\/es\/wp-json\/wp\/v2\/types\/product"}],"replies":[{"embeddable":true,"href":"https:\/\/tourtravelandmore.com\/es\/wp-json\/wp\/v2\/comments?post=72540"}],"wp:featuredmedia":[{"embeddable":true,"href":"https:\/\/tourtravelandmore.com\/es\/wp-json\/wp\/v2\/media\/72566"}],"wp:attachment":[{"href":"https:\/\/tourtravelandmore.com\/es\/wp-json\/wp\/v2\/media?parent=72540"}],"wp:term":[{"taxonomy":"product_brand","embeddable":true,"href":"https:\/\/tourtravelandmore.com\/es\/wp-json\/wp\/v2\/product_brand?post=72540"},{"taxonomy":"product_cat","embeddable":true,"href":"https:\/\/tourtravelandmore.com\/es\/wp-json\/wp\/v2\/product_cat?post=72540"},{"taxonomy":"product_tag","embeddable":true,"href":"https:\/\/tourtravelandmore.com\/es\/wp-json\/wp\/v2\/product_tag?post=72540"}],"curies":[{"name":"wp","href":"https:\/\/api.w.org\/{rel}","templated":true}]}}