{"id":72539,"date":"2019-12-19T12:35:31","date_gmt":"2019-12-19T11:35:32","guid":{"rendered":"https:\/\/tourtravelandmore.com\/?post_type=product&#038;p=72539"},"modified":"2024-01-19T09:36:07","modified_gmt":"2024-01-19T08:36:07","slug":"tour-privado-de-caballos-arabes-en-doha","status":"publish","type":"product","link":"https:\/\/tourtravelandmore.com\/es\/tours\/qatar-es\/doha-es\/doha-actividades-es\/tour-privado-de-caballos-arabes-en-doha\/","title":{"rendered":"Tour Privado de Caballos \u00c1rabes en Doha"},"content":{"rendered":"<h2 id=\"tw-target-text\" class=\"tw-data-text tw-text-large XcVN5d tw-ta\" dir=\"ltr\" data-placeholder=\"Traducci\u00f3n\"><span lang=\"es\">Descripci\u00f3n del Tour Privado de Caballos \u00c1rabes en Doha<\/span><\/h2>\n<p>Disfrute de su tiempo en Doha tanto como sea posible con este tour privado en Al Shaqab. <span class=\"JLqJ4b ChMk0b\" data-language-for-alternatives=\"es\" data-language-to-translate-into=\"en\" data-phrase-index=\"1\">Te espera un centro ecuestre donde se entrenan caballos \u00e1rabes. Conocer\u00e1s uno de los caballos m\u00e1s emblem\u00e1ticos del mundo. Todo esto en nuestro <strong>Tour Privado de Caballos \u00c1rabes.<\/strong> <\/span><\/p>\n<p><span class=\"JLqJ4b ChMk0b\" data-language-for-alternatives=\"es\" data-language-to-translate-into=\"en\" data-phrase-index=\"1\"><span class=\"JLqJ4b\" data-language-for-alternatives=\"es\" data-language-to-translate-into=\"en\" data-phrase-index=\"4\">Este tour privado, como todos nuestros tours, comenzar\u00e1 con un c\u00f3modo traslado desde su hotel o lugar de elecci\u00f3n. Despu\u00e9s de una c\u00f3moda recogida, nos dirigiremos hacia el espect\u00e1culo de caballos \u00e1rabes. <\/span><\/span><span class=\"JLqJ4b ChMk0b\" data-language-for-alternatives=\"es\" data-language-to-translate-into=\"en\" data-phrase-index=\"1\"><span class=\"JLqJ4b\" data-language-for-alternatives=\"es\" data-language-to-translate-into=\"en\" data-phrase-index=\"4\">Es verdaderamente un lugar maravilloso para visitar y conocer. <\/span><\/span><\/p>\n<p><span class=\"JLqJ4b ChMk0b\" data-language-for-alternatives=\"es\" data-language-to-translate-into=\"en\" data-phrase-index=\"1\"><span class=\"JLqJ4b\" data-language-for-alternatives=\"es\" data-language-to-translate-into=\"en\" data-phrase-index=\"4\">Despu\u00e9s de este tour privado de caballos \u00c1rabes, regresar\u00e1 a su hotel o lugar de elecci\u00f3n en Doha.<\/span><\/span><\/p>\n<h2>Puntos emblem\u00e1ticos y de inter\u00e9s en el Tour Privado de Caballos \u00c1rabes en Doha<\/h2>\n<p>Durante este tour privado de caballos \u00e1rabes, aprender\u00e1 sobre la cultura ecuestre, su majestuoso animal y podr\u00e1 apreciar la raza \u00e1rabe.<\/p>\n<p>Tambi\u00e9n tendr\u00e1 tiempo para visitar el establo m\u00e1s antiguo de Qatar. Esto se puede encontrar desde la \u00e9poca del Imperio Otomano.<\/p>\n<p>Tambi\u00e9n organizaremos tiempo para que vea las instalaciones de entrenamiento y una de las arenas ecuestres m\u00e1s grandes del mundo.<\/p>\n<p>\u00a1Este es nuestro mejor tour privado para disfrutar de un espect\u00e1culo de caballos en vivo! Es una experiencia maravillosa y \u00fanica de 4 horas. Es realmente una visita obligada en Doha.<\/p>\n<p>Despu\u00e9s de haber disfrutado de este recorrido, su conductor privado, junto con su gu\u00eda tur\u00edstico privado, lo llevar\u00e1 de regreso a su hotel o lugar de elecci\u00f3n en Doha para continuar con sus incre\u00edbles vacaciones. No olvide ponerse en contacto con nuestros expertos en viajes para que le ayuden en todo lo que pueda necesitar.<\/p>\n<p>Recuerde que el recorrido es 100\u202f% adaptable a sus propios intereses y gustos. Tambi\u00e9n es posible hacer un recorrido m\u00e1s largo y a\u00f1adir un city tour por Doha, no dude en contactarnos si tiene alguna duda. El equipo de <strong>Tour Travel &amp; More<\/strong> estar\u00e1 a su entera disposition durante todo el proceso de reserva.<\/p>\n<p><a href=\"https:\/\/tourtravelandmore.com\/es\/ciudad\/qatar-es\/doha-es\/\">No se pierda tampoco nuestros otros tours privados en Doha<\/a>.<\/p>\n","protected":false},"excerpt":{"rendered":"<p>Tome la oportunidad de conocer <strong>Doha<\/strong>, una de las ciudades m\u00e1s hermosas de Asia, en su <strong>veh\u00edculo privado de lujo<\/strong>, con <b>ch\u00f3fer<\/b>\u00a0y <strong>gu\u00eda privados<\/strong>. Disfruta de poder conocer el <b>Centro Ecuestre Al Shaqab <\/b>desde <strong>Doha<\/strong> en este tour con gu\u00eda privado, quien os mostrar\u00e1 y contar\u00e1 los mejores secretos de esta milenaria raza de caballos \u00e1rabes.<\/p>\n","protected":false},"featured_media":72564,"comment_status":"open","ping_status":"closed","template":"","meta":{"_acf_changed":false},"product_brand":[],"product_cat":[1887,1888,1889,1891],"product_tag":[],"class_list":{"0":"post-72539","1":"product","2":"type-product","3":"status-publish","4":"has-post-thumbnail","6":"product_cat-qatar-es","7":"product_cat-doha-es","8":"product_cat-doha-actividades-es","9":"product_cat-doha-rutas-turisticas-privadas-es","11":"first","12":"instock","13":"shipping-taxable","14":"purchasable","15":"product-type-simple"},"acf":[],"yoast_head":"<!-- This site is optimized with the Yoast SEO Premium plugin v25.3.1 (Yoast SEO v25.3.1) - https:\/\/yoast.com\/wordpress\/plugins\/seo\/ -->\n<title>\u27a1\ufe0f Tour Privado de Caballos \u00c1rabes en Doha con chofer y gu\u00eda | Tour Travel &amp; More<\/title>\n<meta name=\"description\" content=\"Disfrute de este Tour Privado de Caballos \u00c1rabes en Doha con chofer y gu\u00eda oficial. Disfrute de un espect\u00e1culo de caballos en vivo! \u2705\" \/>\n<meta name=\"robots\" content=\"index, follow, max-snippet:-1, max-image-preview:large, max-video-preview:-1\" \/>\n<link rel=\"canonical\" href=\"https:\/\/tourtravelandmore.com\/es\/tours\/qatar-es\/doha-es\/doha-actividades-es\/tour-privado-de-caballos-arabes-en-doha\/\" \/>\n<meta property=\"og:locale\" content=\"es_ES\" \/>\n<meta property=\"og:type\" content=\"article\" \/>\n<meta property=\"og:title\" content=\"Tour Privado de Caballos \u00c1rabes en Doha\" \/>\n<meta property=\"og:description\" content=\"Disfrute de este Tour Privado de Caballos \u00c1rabes en Doha con chofer y gu\u00eda oficial. Disfrute de un espect\u00e1culo de caballos en vivo! \u2705\" \/>\n<meta property=\"og:url\" content=\"https:\/\/tourtravelandmore.com\/es\/tours\/qatar-es\/doha-es\/doha-actividades-es\/tour-privado-de-caballos-arabes-en-doha\/\" \/>\n<meta property=\"og:site_name\" content=\"Tour Travel And More\" \/>\n<meta property=\"article:publisher\" content=\"https:\/\/www.facebook.com\/tourtravelandmore\/\" \/>\n<meta property=\"article:modified_time\" content=\"2024-01-19T08:36:07+00:00\" \/>\n<meta property=\"og:image\" content=\"https:\/\/tourtravelandmore.com\/wp-content\/uploads\/2019\/12\/Doha25-937x1024.jpg\" \/>\n\t<meta property=\"og:image:width\" content=\"937\" \/>\n\t<meta property=\"og:image:height\" content=\"1024\" \/>\n\t<meta property=\"og:image:type\" content=\"image\/jpeg\" \/>\n<meta name=\"twitter:card\" content=\"summary_large_image\" \/>\n<meta name=\"twitter:site\" content=\"@TourTravel_More\" \/>\n<meta name=\"twitter:label1\" content=\"Tiempo de lectura\" \/>\n\t<meta name=\"twitter:data1\" content=\"2 minutos\" \/>\n<script type=\"application\/ld+json\" class=\"yoast-schema-graph\">{\"@context\":\"https:\/\/schema.org\",\"@graph\":[{\"@type\":\"WebPage\",\"@id\":\"https:\/\/tourtravelandmore.com\/es\/tours\/qatar-es\/doha-es\/doha-actividades-es\/tour-privado-de-caballos-arabes-en-doha\/\",\"url\":\"https:\/\/tourtravelandmore.com\/es\/tours\/qatar-es\/doha-es\/doha-actividades-es\/tour-privado-de-caballos-arabes-en-doha\/\",\"name\":\"\u27a1\ufe0f Tour Privado de Caballos \u00c1rabes en Doha con chofer y gu\u00eda | Tour Travel & More\",\"isPartOf\":{\"@id\":\"https:\/\/tourtravelandmore.com\/es\/#website\"},\"primaryImageOfPage\":{\"@id\":\"https:\/\/tourtravelandmore.com\/es\/tours\/qatar-es\/doha-es\/doha-actividades-es\/tour-privado-de-caballos-arabes-en-doha\/#primaryimage\"},\"image\":{\"@id\":\"https:\/\/tourtravelandmore.com\/es\/tours\/qatar-es\/doha-es\/doha-actividades-es\/tour-privado-de-caballos-arabes-en-doha\/#primaryimage\"},\"thumbnailUrl\":\"https:\/\/tourtravelandmore.com\/wp-content\/uploads\/2019\/12\/Doha25.jpg\",\"datePublished\":\"2019-12-19T11:35:32+00:00\",\"dateModified\":\"2024-01-19T08:36:07+00:00\",\"description\":\"Disfrute de este Tour Privado de Caballos \u00c1rabes en Doha con chofer y gu\u00eda oficial. Disfrute de un espect\u00e1culo de caballos en vivo! \u2705\",\"breadcrumb\":{\"@id\":\"https:\/\/tourtravelandmore.com\/es\/tours\/qatar-es\/doha-es\/doha-actividades-es\/tour-privado-de-caballos-arabes-en-doha\/#breadcrumb\"},\"inLanguage\":\"es\",\"potentialAction\":[{\"@type\":\"ReadAction\",\"target\":[\"https:\/\/tourtravelandmore.com\/es\/tours\/qatar-es\/doha-es\/doha-actividades-es\/tour-privado-de-caballos-arabes-en-doha\/\"]}]},{\"@type\":\"ImageObject\",\"inLanguage\":\"es\",\"@id\":\"https:\/\/tourtravelandmore.com\/es\/tours\/qatar-es\/doha-es\/doha-actividades-es\/tour-privado-de-caballos-arabes-en-doha\/#primaryimage\",\"url\":\"https:\/\/tourtravelandmore.com\/wp-content\/uploads\/2019\/12\/Doha25.jpg\",\"contentUrl\":\"https:\/\/tourtravelandmore.com\/wp-content\/uploads\/2019\/12\/Doha25.jpg\",\"width\":1500,\"height\":1640},{\"@type\":\"BreadcrumbList\",\"@id\":\"https:\/\/tourtravelandmore.com\/es\/tours\/qatar-es\/doha-es\/doha-actividades-es\/tour-privado-de-caballos-arabes-en-doha\/#breadcrumb\",\"itemListElement\":[{\"@type\":\"ListItem\",\"position\":1,\"name\":\"Home\",\"item\":\"https:\/\/tourtravelandmore.com\/es\/\"},{\"@type\":\"ListItem\",\"position\":2,\"name\":\"Tours\",\"item\":\"https:\/\/tourtravelandmore.com\/es\/tours\/\"},{\"@type\":\"ListItem\",\"position\":3,\"name\":\"Tour Privado de Caballos \u00c1rabes en Doha\"}]},{\"@type\":\"WebSite\",\"@id\":\"https:\/\/tourtravelandmore.com\/es\/#website\",\"url\":\"https:\/\/tourtravelandmore.com\/es\/\",\"name\":\"Tour Travel And More\",\"description\":\"Private sightseeing tours and luxury transfers in Spain\",\"publisher\":{\"@id\":\"https:\/\/tourtravelandmore.com\/es\/#organization\"},\"potentialAction\":[{\"@type\":\"SearchAction\",\"target\":{\"@type\":\"EntryPoint\",\"urlTemplate\":\"https:\/\/tourtravelandmore.com\/es\/?s={search_term_string}\"},\"query-input\":{\"@type\":\"PropertyValueSpecification\",\"valueRequired\":true,\"valueName\":\"search_term_string\"}}],\"inLanguage\":\"es\"},{\"@type\":\"Organization\",\"@id\":\"https:\/\/tourtravelandmore.com\/es\/#organization\",\"name\":\"Tour Travel And More\",\"url\":\"https:\/\/tourtravelandmore.com\/es\/\",\"logo\":{\"@type\":\"ImageObject\",\"inLanguage\":\"es\",\"@id\":\"https:\/\/tourtravelandmore.com\/es\/#\/schema\/logo\/image\/\",\"url\":\"https:\/\/tourtravelandmore.com\/wp-content\/uploads\/2022\/12\/cropped-logo-cabecera-new.png\",\"contentUrl\":\"https:\/\/tourtravelandmore.com\/wp-content\/uploads\/2022\/12\/cropped-logo-cabecera-new.png\",\"width\":430,\"height\":61,\"caption\":\"Tour Travel And More\"},\"image\":{\"@id\":\"https:\/\/tourtravelandmore.com\/es\/#\/schema\/logo\/image\/\"},\"sameAs\":[\"https:\/\/www.facebook.com\/tourtravelandmore\/\",\"https:\/\/x.com\/TourTravel_More\"]}]}<\/script>\n<!-- \/ Yoast SEO Premium plugin. -->","yoast_head_json":{"title":"\u27a1\ufe0f Tour Privado de Caballos \u00c1rabes en Doha con chofer y gu\u00eda | Tour Travel & More","description":"Disfrute de este Tour Privado de Caballos \u00c1rabes en Doha con chofer y gu\u00eda oficial. Disfrute de un espect\u00e1culo de caballos en vivo! \u2705","robots":{"index":"index","follow":"follow","max-snippet":"max-snippet:-1","max-image-preview":"max-image-preview:large","max-video-preview":"max-video-preview:-1"},"canonical":"https:\/\/tourtravelandmore.com\/es\/tours\/qatar-es\/doha-es\/doha-actividades-es\/tour-privado-de-caballos-arabes-en-doha\/","og_locale":"es_ES","og_type":"article","og_title":"Tour Privado de Caballos \u00c1rabes en Doha","og_description":"Disfrute de este Tour Privado de Caballos \u00c1rabes en Doha con chofer y gu\u00eda oficial. Disfrute de un espect\u00e1culo de caballos en vivo! \u2705","og_url":"https:\/\/tourtravelandmore.com\/es\/tours\/qatar-es\/doha-es\/doha-actividades-es\/tour-privado-de-caballos-arabes-en-doha\/","og_site_name":"Tour Travel And More","article_publisher":"https:\/\/www.facebook.com\/tourtravelandmore\/","article_modified_time":"2024-01-19T08:36:07+00:00","og_image":[{"width":937,"height":1024,"url":"https:\/\/tourtravelandmore.com\/wp-content\/uploads\/2019\/12\/Doha25-937x1024.jpg","type":"image\/jpeg"}],"twitter_card":"summary_large_image","twitter_site":"@TourTravel_More","twitter_misc":{"Tiempo de lectura":"2 minutos"},"schema":{"@context":"https:\/\/schema.org","@graph":[{"@type":"WebPage","@id":"https:\/\/tourtravelandmore.com\/es\/tours\/qatar-es\/doha-es\/doha-actividades-es\/tour-privado-de-caballos-arabes-en-doha\/","url":"https:\/\/tourtravelandmore.com\/es\/tours\/qatar-es\/doha-es\/doha-actividades-es\/tour-privado-de-caballos-arabes-en-doha\/","name":"\u27a1\ufe0f Tour Privado de Caballos \u00c1rabes en Doha con chofer y gu\u00eda | Tour Travel & More","isPartOf":{"@id":"https:\/\/tourtravelandmore.com\/es\/#website"},"primaryImageOfPage":{"@id":"https:\/\/tourtravelandmore.com\/es\/tours\/qatar-es\/doha-es\/doha-actividades-es\/tour-privado-de-caballos-arabes-en-doha\/#primaryimage"},"image":{"@id":"https:\/\/tourtravelandmore.com\/es\/tours\/qatar-es\/doha-es\/doha-actividades-es\/tour-privado-de-caballos-arabes-en-doha\/#primaryimage"},"thumbnailUrl":"https:\/\/tourtravelandmore.com\/wp-content\/uploads\/2019\/12\/Doha25.jpg","datePublished":"2019-12-19T11:35:32+00:00","dateModified":"2024-01-19T08:36:07+00:00","description":"Disfrute de este Tour Privado de Caballos \u00c1rabes en Doha con chofer y gu\u00eda oficial. Disfrute de un espect\u00e1culo de caballos en vivo! \u2705","breadcrumb":{"@id":"https:\/\/tourtravelandmore.com\/es\/tours\/qatar-es\/doha-es\/doha-actividades-es\/tour-privado-de-caballos-arabes-en-doha\/#breadcrumb"},"inLanguage":"es","potentialAction":[{"@type":"ReadAction","target":["https:\/\/tourtravelandmore.com\/es\/tours\/qatar-es\/doha-es\/doha-actividades-es\/tour-privado-de-caballos-arabes-en-doha\/"]}]},{"@type":"ImageObject","inLanguage":"es","@id":"https:\/\/tourtravelandmore.com\/es\/tours\/qatar-es\/doha-es\/doha-actividades-es\/tour-privado-de-caballos-arabes-en-doha\/#primaryimage","url":"https:\/\/tourtravelandmore.com\/wp-content\/uploads\/2019\/12\/Doha25.jpg","contentUrl":"https:\/\/tourtravelandmore.com\/wp-content\/uploads\/2019\/12\/Doha25.jpg","width":1500,"height":1640},{"@type":"BreadcrumbList","@id":"https:\/\/tourtravelandmore.com\/es\/tours\/qatar-es\/doha-es\/doha-actividades-es\/tour-privado-de-caballos-arabes-en-doha\/#breadcrumb","itemListElement":[{"@type":"ListItem","position":1,"name":"Home","item":"https:\/\/tourtravelandmore.com\/es\/"},{"@type":"ListItem","position":2,"name":"Tours","item":"https:\/\/tourtravelandmore.com\/es\/tours\/"},{"@type":"ListItem","position":3,"name":"Tour Privado de Caballos \u00c1rabes en Doha"}]},{"@type":"WebSite","@id":"https:\/\/tourtravelandmore.com\/es\/#website","url":"https:\/\/tourtravelandmore.com\/es\/","name":"Tour Travel And More","description":"Private sightseeing tours and luxury transfers in Spain","publisher":{"@id":"https:\/\/tourtravelandmore.com\/es\/#organization"},"potentialAction":[{"@type":"SearchAction","target":{"@type":"EntryPoint","urlTemplate":"https:\/\/tourtravelandmore.com\/es\/?s={search_term_string}"},"query-input":{"@type":"PropertyValueSpecification","valueRequired":true,"valueName":"search_term_string"}}],"inLanguage":"es"},{"@type":"Organization","@id":"https:\/\/tourtravelandmore.com\/es\/#organization","name":"Tour Travel And More","url":"https:\/\/tourtravelandmore.com\/es\/","logo":{"@type":"ImageObject","inLanguage":"es","@id":"https:\/\/tourtravelandmore.com\/es\/#\/schema\/logo\/image\/","url":"https:\/\/tourtravelandmore.com\/wp-content\/uploads\/2022\/12\/cropped-logo-cabecera-new.png","contentUrl":"https:\/\/tourtravelandmore.com\/wp-content\/uploads\/2022\/12\/cropped-logo-cabecera-new.png","width":430,"height":61,"caption":"Tour Travel And More"},"image":{"@id":"https:\/\/tourtravelandmore.com\/es\/#\/schema\/logo\/image\/"},"sameAs":["https:\/\/www.facebook.com\/tourtravelandmore\/","https:\/\/x.com\/TourTravel_More"]}]}},"_links":{"self":[{"href":"https:\/\/tourtravelandmore.com\/es\/wp-json\/wp\/v2\/product\/72539","targetHints":{"allow":["GET"]}}],"collection":[{"href":"https:\/\/tourtravelandmore.com\/es\/wp-json\/wp\/v2\/product"}],"about":[{"href":"https:\/\/tourtravelandmore.com\/es\/wp-json\/wp\/v2\/types\/product"}],"replies":[{"embeddable":true,"href":"https:\/\/tourtravelandmore.com\/es\/wp-json\/wp\/v2\/comments?post=72539"}],"wp:featuredmedia":[{"embeddable":true,"href":"https:\/\/tourtravelandmore.com\/es\/wp-json\/wp\/v2\/media\/72564"}],"wp:attachment":[{"href":"https:\/\/tourtravelandmore.com\/es\/wp-json\/wp\/v2\/media?parent=72539"}],"wp:term":[{"taxonomy":"product_brand","embeddable":true,"href":"https:\/\/tourtravelandmore.com\/es\/wp-json\/wp\/v2\/product_brand?post=72539"},{"taxonomy":"product_cat","embeddable":true,"href":"https:\/\/tourtravelandmore.com\/es\/wp-json\/wp\/v2\/product_cat?post=72539"},{"taxonomy":"product_tag","embeddable":true,"href":"https:\/\/tourtravelandmore.com\/es\/wp-json\/wp\/v2\/product_tag?post=72539"}],"curies":[{"name":"wp","href":"https:\/\/api.w.org\/{rel}","templated":true}]}}