{"id":72422,"date":"2019-12-17T11:29:42","date_gmt":"2019-12-17T10:29:43","guid":{"rendered":"https:\/\/tourtravelandmore.com\/?post_type=product&#038;p=72422"},"modified":"2024-01-19T09:37:45","modified_gmt":"2024-01-19T08:37:45","slug":"tour-privado-a-pie-por-souq-waqif","status":"publish","type":"product","link":"https:\/\/tourtravelandmore.com\/es\/tours\/qatar-es\/doha-es\/doha-actividades-es\/tour-privado-a-pie-por-souq-waqif\/","title":{"rendered":"Tour Privado a pie por Waqif Souq"},"content":{"rendered":"<h2 id=\"tw-target-text\" class=\"tw-data-text tw-text-large XcVN5d tw-ta\" dir=\"ltr\" data-placeholder=\"Traducci\u00f3n\"><span lang=\"es\">Descripci\u00f3n del Tour Privado a pie por Waqif Souq<\/span><\/h2>\n<p>Disfrute de lo mejor de Doha con este <strong>Tour Privado a pie por <\/strong><span class=\"JLqJ4b ChMk0b\" data-language-for-alternatives=\"es\" data-language-to-translate-into=\"en\" data-phrase-index=\"1\"><strong>Waqif Souq<\/strong> con un gu\u00eda oficial local<\/span>. <span class=\"JLqJ4b ChMk0b\" data-language-for-alternatives=\"es\" data-language-to-translate-into=\"en\" data-phrase-index=\"1\">Conocer\u00e1s los lugares m\u00e1s emblem\u00e1ticos y bonitos del maravilloso Waqif Souq. Su gu\u00eda oficial es un gran conocedor sobre la historia y costumbre de este incre\u00edble mercado.<\/span><\/p>\n<p><span class=\"JLqJ4b ChMk0b\" data-language-for-alternatives=\"es\" data-language-to-translate-into=\"en\" data-phrase-index=\"1\"><span class=\"JLqJ4b\" data-language-for-alternatives=\"es\" data-language-to-translate-into=\"en\" data-phrase-index=\"3\">En primer lugar, este tour privado comenzar\u00e1 desde el lugar que elija cerca de Waquif Souq. Aqu\u00ed es donde se realiza este tour privado a pie por Waqif Souq. Nuestro gu\u00eda tur\u00edstico estar\u00e1 a su disposici\u00f3n para un gran recorrido privado de 3 horas. <\/span><\/span><\/p>\n<p>El equipo de Tour Travel &amp; More es experto en viajes y estar\u00e1n encantados de poder ayudarle a planificar su perfecto tour privado. Si tiene algo en mente, solo tiene que contactarnos y nosotros lo haremos realidad durante sus vacaciones.<\/p>\n<h2>Puntos emblem\u00e1ticos y de inter\u00e9s en el Tour Privado a pie por Waqif Souq<\/h2>\n<p>En el colorido <strong>Souq Waqif<\/strong>, sentir\u00e1 las vibraciones y la atm\u00f3sfera de un antiguo mercado. La oferta culinaria abunda en los callejones, donde se puede degustar la comida tradicional de Qatar, as\u00ed como platos regionales de Asia y \u00c1frica del Norte. La variedad de productos que puedes comprar en el Zoco te asombrar\u00e1, desde las tiendas de textiles y perfumes, pasando por la secci\u00f3n de especias y terminando en cuartos con halcones y cuadras con caballos \u00e1rabes y camellos. Si todos estos lugares te abren el apetito, tienes suerte, probar\u00e1s el sabor de Doha con algunas delicias \u00e1rabes.<\/p>\n<p>El recorrido comenzar\u00e1 y terminar\u00e1 en el mismo lugar donde comenz\u00f3. Tiene una duraci\u00f3n de 3 horas en total. Como se dijo, es posible adaptar el recorrido a sus propios intereses, aqu\u00ed le mostramos un ejemplo de lo que creemos que ser\u00eda una muy buena manera de conocer los mercados de qatari.<\/p>\n<p>Recuerde que el tour es totalmente adaptable, y <strong>Tour Travel &amp; More <\/strong>est\u00e1\u00a0para ayudarlo a organizarlo de la mejor manera posible.<\/p>\n<p>\u00a1<a href=\"https:\/\/tourtravelandmore.com\/es\/ciudad\/qatar-es\/doha-es\/\">Eche un vistazo a nuestros otros tours privados en Doha<\/a>!<\/p>\n","protected":false},"excerpt":{"rendered":"<p>Disfruta esta experiencia de poder conocer algunas de las zonas m\u00e1s emblem\u00e1ticas e hist\u00f3ricas de <b>Doha <\/b>en este\u00a0<strong>tour privado a pie<\/strong>\u00a0con su<strong>\u00a0gu\u00eda privado<\/strong>, quien os ense\u00f1ar\u00e1 los sitios m\u00e1s destacados del <strong>Waqif Souq <\/strong>y\u00a0mostrar\u00e1 destellos de la cultura y la gastronom\u00eda.<\/p>\n<p>&nbsp;<\/p>\n","protected":false},"featured_media":72158,"comment_status":"open","ping_status":"closed","template":"","meta":{"_acf_changed":false},"product_brand":[],"product_cat":[1887,1888,1889,1892],"product_tag":[],"class_list":{"0":"post-72422","1":"product","2":"type-product","3":"status-publish","4":"has-post-thumbnail","6":"product_cat-qatar-es","7":"product_cat-doha-es","8":"product_cat-doha-actividades-es","9":"product_cat-doha-tours-privados-pie-es","11":"first","12":"instock","13":"shipping-taxable","14":"purchasable","15":"product-type-simple"},"acf":[],"yoast_head":"<!-- This site is optimized with the Yoast SEO Premium plugin v25.3.1 (Yoast SEO v25.3.1) - https:\/\/yoast.com\/wordpress\/plugins\/seo\/ -->\n<title>\u27a1\ufe0f Tour Privado a pie por Waqif Souq con gu\u00eda profesional local | Tour Travel &amp; More<\/title>\n<meta name=\"description\" content=\"Acomp\u00e1\u00f1enos en este Tour Privado a pie por Waqif Souq. Su gu\u00eda lo llevar\u00e1 a disfrutar y conocer su cultura y su gastronom\u00eda local \u2705\" \/>\n<meta name=\"robots\" content=\"index, follow, max-snippet:-1, max-image-preview:large, max-video-preview:-1\" \/>\n<link rel=\"canonical\" href=\"https:\/\/tourtravelandmore.com\/es\/tours\/qatar-es\/doha-es\/doha-actividades-es\/tour-privado-a-pie-por-souq-waqif\/\" \/>\n<meta property=\"og:locale\" content=\"es_ES\" \/>\n<meta property=\"og:type\" content=\"article\" \/>\n<meta property=\"og:title\" content=\"Tour Privado a pie por Waqif Souq\" \/>\n<meta property=\"og:description\" content=\"Acomp\u00e1\u00f1enos en este Tour Privado a pie por Waqif Souq. Su gu\u00eda lo llevar\u00e1 a disfrutar y conocer su cultura y su gastronom\u00eda local \u2705\" \/>\n<meta property=\"og:url\" content=\"https:\/\/tourtravelandmore.com\/es\/tours\/qatar-es\/doha-es\/doha-actividades-es\/tour-privado-a-pie-por-souq-waqif\/\" \/>\n<meta property=\"og:site_name\" content=\"Tour Travel And More\" \/>\n<meta property=\"article:publisher\" content=\"https:\/\/www.facebook.com\/tourtravelandmore\/\" \/>\n<meta property=\"article:modified_time\" content=\"2024-01-19T08:37:45+00:00\" \/>\n<meta property=\"og:image\" content=\"https:\/\/tourtravelandmore.com\/wp-content\/uploads\/2019\/12\/Doha3.jpg\" \/>\n\t<meta property=\"og:image:width\" content=\"827\" \/>\n\t<meta property=\"og:image:height\" content=\"1024\" \/>\n\t<meta property=\"og:image:type\" content=\"image\/jpeg\" \/>\n<meta name=\"twitter:card\" content=\"summary_large_image\" \/>\n<meta name=\"twitter:site\" content=\"@TourTravel_More\" \/>\n<meta name=\"twitter:label1\" content=\"Tiempo de lectura\" \/>\n\t<meta name=\"twitter:data1\" content=\"2 minutos\" \/>\n<script type=\"application\/ld+json\" class=\"yoast-schema-graph\">{\"@context\":\"https:\/\/schema.org\",\"@graph\":[{\"@type\":\"WebPage\",\"@id\":\"https:\/\/tourtravelandmore.com\/es\/tours\/qatar-es\/doha-es\/doha-actividades-es\/tour-privado-a-pie-por-souq-waqif\/\",\"url\":\"https:\/\/tourtravelandmore.com\/es\/tours\/qatar-es\/doha-es\/doha-actividades-es\/tour-privado-a-pie-por-souq-waqif\/\",\"name\":\"\u27a1\ufe0f Tour Privado a pie por Waqif Souq con gu\u00eda profesional local | Tour Travel & More\",\"isPartOf\":{\"@id\":\"https:\/\/tourtravelandmore.com\/es\/#website\"},\"primaryImageOfPage\":{\"@id\":\"https:\/\/tourtravelandmore.com\/es\/tours\/qatar-es\/doha-es\/doha-actividades-es\/tour-privado-a-pie-por-souq-waqif\/#primaryimage\"},\"image\":{\"@id\":\"https:\/\/tourtravelandmore.com\/es\/tours\/qatar-es\/doha-es\/doha-actividades-es\/tour-privado-a-pie-por-souq-waqif\/#primaryimage\"},\"thumbnailUrl\":\"https:\/\/tourtravelandmore.com\/wp-content\/uploads\/2019\/12\/Doha3.jpg\",\"datePublished\":\"2019-12-17T10:29:43+00:00\",\"dateModified\":\"2024-01-19T08:37:45+00:00\",\"description\":\"Acomp\u00e1\u00f1enos en este Tour Privado a pie por Waqif Souq. Su gu\u00eda lo llevar\u00e1 a disfrutar y conocer su cultura y su gastronom\u00eda local \u2705\",\"breadcrumb\":{\"@id\":\"https:\/\/tourtravelandmore.com\/es\/tours\/qatar-es\/doha-es\/doha-actividades-es\/tour-privado-a-pie-por-souq-waqif\/#breadcrumb\"},\"inLanguage\":\"es\",\"potentialAction\":[{\"@type\":\"ReadAction\",\"target\":[\"https:\/\/tourtravelandmore.com\/es\/tours\/qatar-es\/doha-es\/doha-actividades-es\/tour-privado-a-pie-por-souq-waqif\/\"]}]},{\"@type\":\"ImageObject\",\"inLanguage\":\"es\",\"@id\":\"https:\/\/tourtravelandmore.com\/es\/tours\/qatar-es\/doha-es\/doha-actividades-es\/tour-privado-a-pie-por-souq-waqif\/#primaryimage\",\"url\":\"https:\/\/tourtravelandmore.com\/wp-content\/uploads\/2019\/12\/Doha3.jpg\",\"contentUrl\":\"https:\/\/tourtravelandmore.com\/wp-content\/uploads\/2019\/12\/Doha3.jpg\",\"width\":827,\"height\":1024},{\"@type\":\"BreadcrumbList\",\"@id\":\"https:\/\/tourtravelandmore.com\/es\/tours\/qatar-es\/doha-es\/doha-actividades-es\/tour-privado-a-pie-por-souq-waqif\/#breadcrumb\",\"itemListElement\":[{\"@type\":\"ListItem\",\"position\":1,\"name\":\"Home\",\"item\":\"https:\/\/tourtravelandmore.com\/es\/\"},{\"@type\":\"ListItem\",\"position\":2,\"name\":\"Tours\",\"item\":\"https:\/\/tourtravelandmore.com\/es\/tours\/\"},{\"@type\":\"ListItem\",\"position\":3,\"name\":\"Tour Privado a pie por Waqif Souq\"}]},{\"@type\":\"WebSite\",\"@id\":\"https:\/\/tourtravelandmore.com\/es\/#website\",\"url\":\"https:\/\/tourtravelandmore.com\/es\/\",\"name\":\"Tour Travel And More\",\"description\":\"Private sightseeing tours and luxury transfers in Spain\",\"publisher\":{\"@id\":\"https:\/\/tourtravelandmore.com\/es\/#organization\"},\"potentialAction\":[{\"@type\":\"SearchAction\",\"target\":{\"@type\":\"EntryPoint\",\"urlTemplate\":\"https:\/\/tourtravelandmore.com\/es\/?s={search_term_string}\"},\"query-input\":{\"@type\":\"PropertyValueSpecification\",\"valueRequired\":true,\"valueName\":\"search_term_string\"}}],\"inLanguage\":\"es\"},{\"@type\":\"Organization\",\"@id\":\"https:\/\/tourtravelandmore.com\/es\/#organization\",\"name\":\"Tour Travel And More\",\"url\":\"https:\/\/tourtravelandmore.com\/es\/\",\"logo\":{\"@type\":\"ImageObject\",\"inLanguage\":\"es\",\"@id\":\"https:\/\/tourtravelandmore.com\/es\/#\/schema\/logo\/image\/\",\"url\":\"https:\/\/tourtravelandmore.com\/wp-content\/uploads\/2022\/12\/cropped-logo-cabecera-new.png\",\"contentUrl\":\"https:\/\/tourtravelandmore.com\/wp-content\/uploads\/2022\/12\/cropped-logo-cabecera-new.png\",\"width\":430,\"height\":61,\"caption\":\"Tour Travel And More\"},\"image\":{\"@id\":\"https:\/\/tourtravelandmore.com\/es\/#\/schema\/logo\/image\/\"},\"sameAs\":[\"https:\/\/www.facebook.com\/tourtravelandmore\/\",\"https:\/\/x.com\/TourTravel_More\"]}]}<\/script>\n<!-- \/ Yoast SEO Premium plugin. -->","yoast_head_json":{"title":"\u27a1\ufe0f Tour Privado a pie por Waqif Souq con gu\u00eda profesional local | Tour Travel & More","description":"Acomp\u00e1\u00f1enos en este Tour Privado a pie por Waqif Souq. Su gu\u00eda lo llevar\u00e1 a disfrutar y conocer su cultura y su gastronom\u00eda local \u2705","robots":{"index":"index","follow":"follow","max-snippet":"max-snippet:-1","max-image-preview":"max-image-preview:large","max-video-preview":"max-video-preview:-1"},"canonical":"https:\/\/tourtravelandmore.com\/es\/tours\/qatar-es\/doha-es\/doha-actividades-es\/tour-privado-a-pie-por-souq-waqif\/","og_locale":"es_ES","og_type":"article","og_title":"Tour Privado a pie por Waqif Souq","og_description":"Acomp\u00e1\u00f1enos en este Tour Privado a pie por Waqif Souq. Su gu\u00eda lo llevar\u00e1 a disfrutar y conocer su cultura y su gastronom\u00eda local \u2705","og_url":"https:\/\/tourtravelandmore.com\/es\/tours\/qatar-es\/doha-es\/doha-actividades-es\/tour-privado-a-pie-por-souq-waqif\/","og_site_name":"Tour Travel And More","article_publisher":"https:\/\/www.facebook.com\/tourtravelandmore\/","article_modified_time":"2024-01-19T08:37:45+00:00","og_image":[{"width":827,"height":1024,"url":"https:\/\/tourtravelandmore.com\/wp-content\/uploads\/2019\/12\/Doha3.jpg","type":"image\/jpeg"}],"twitter_card":"summary_large_image","twitter_site":"@TourTravel_More","twitter_misc":{"Tiempo de lectura":"2 minutos"},"schema":{"@context":"https:\/\/schema.org","@graph":[{"@type":"WebPage","@id":"https:\/\/tourtravelandmore.com\/es\/tours\/qatar-es\/doha-es\/doha-actividades-es\/tour-privado-a-pie-por-souq-waqif\/","url":"https:\/\/tourtravelandmore.com\/es\/tours\/qatar-es\/doha-es\/doha-actividades-es\/tour-privado-a-pie-por-souq-waqif\/","name":"\u27a1\ufe0f Tour Privado a pie por Waqif Souq con gu\u00eda profesional local | Tour Travel & More","isPartOf":{"@id":"https:\/\/tourtravelandmore.com\/es\/#website"},"primaryImageOfPage":{"@id":"https:\/\/tourtravelandmore.com\/es\/tours\/qatar-es\/doha-es\/doha-actividades-es\/tour-privado-a-pie-por-souq-waqif\/#primaryimage"},"image":{"@id":"https:\/\/tourtravelandmore.com\/es\/tours\/qatar-es\/doha-es\/doha-actividades-es\/tour-privado-a-pie-por-souq-waqif\/#primaryimage"},"thumbnailUrl":"https:\/\/tourtravelandmore.com\/wp-content\/uploads\/2019\/12\/Doha3.jpg","datePublished":"2019-12-17T10:29:43+00:00","dateModified":"2024-01-19T08:37:45+00:00","description":"Acomp\u00e1\u00f1enos en este Tour Privado a pie por Waqif Souq. Su gu\u00eda lo llevar\u00e1 a disfrutar y conocer su cultura y su gastronom\u00eda local \u2705","breadcrumb":{"@id":"https:\/\/tourtravelandmore.com\/es\/tours\/qatar-es\/doha-es\/doha-actividades-es\/tour-privado-a-pie-por-souq-waqif\/#breadcrumb"},"inLanguage":"es","potentialAction":[{"@type":"ReadAction","target":["https:\/\/tourtravelandmore.com\/es\/tours\/qatar-es\/doha-es\/doha-actividades-es\/tour-privado-a-pie-por-souq-waqif\/"]}]},{"@type":"ImageObject","inLanguage":"es","@id":"https:\/\/tourtravelandmore.com\/es\/tours\/qatar-es\/doha-es\/doha-actividades-es\/tour-privado-a-pie-por-souq-waqif\/#primaryimage","url":"https:\/\/tourtravelandmore.com\/wp-content\/uploads\/2019\/12\/Doha3.jpg","contentUrl":"https:\/\/tourtravelandmore.com\/wp-content\/uploads\/2019\/12\/Doha3.jpg","width":827,"height":1024},{"@type":"BreadcrumbList","@id":"https:\/\/tourtravelandmore.com\/es\/tours\/qatar-es\/doha-es\/doha-actividades-es\/tour-privado-a-pie-por-souq-waqif\/#breadcrumb","itemListElement":[{"@type":"ListItem","position":1,"name":"Home","item":"https:\/\/tourtravelandmore.com\/es\/"},{"@type":"ListItem","position":2,"name":"Tours","item":"https:\/\/tourtravelandmore.com\/es\/tours\/"},{"@type":"ListItem","position":3,"name":"Tour Privado a pie por Waqif Souq"}]},{"@type":"WebSite","@id":"https:\/\/tourtravelandmore.com\/es\/#website","url":"https:\/\/tourtravelandmore.com\/es\/","name":"Tour Travel And More","description":"Private sightseeing tours and luxury transfers in Spain","publisher":{"@id":"https:\/\/tourtravelandmore.com\/es\/#organization"},"potentialAction":[{"@type":"SearchAction","target":{"@type":"EntryPoint","urlTemplate":"https:\/\/tourtravelandmore.com\/es\/?s={search_term_string}"},"query-input":{"@type":"PropertyValueSpecification","valueRequired":true,"valueName":"search_term_string"}}],"inLanguage":"es"},{"@type":"Organization","@id":"https:\/\/tourtravelandmore.com\/es\/#organization","name":"Tour Travel And More","url":"https:\/\/tourtravelandmore.com\/es\/","logo":{"@type":"ImageObject","inLanguage":"es","@id":"https:\/\/tourtravelandmore.com\/es\/#\/schema\/logo\/image\/","url":"https:\/\/tourtravelandmore.com\/wp-content\/uploads\/2022\/12\/cropped-logo-cabecera-new.png","contentUrl":"https:\/\/tourtravelandmore.com\/wp-content\/uploads\/2022\/12\/cropped-logo-cabecera-new.png","width":430,"height":61,"caption":"Tour Travel And More"},"image":{"@id":"https:\/\/tourtravelandmore.com\/es\/#\/schema\/logo\/image\/"},"sameAs":["https:\/\/www.facebook.com\/tourtravelandmore\/","https:\/\/x.com\/TourTravel_More"]}]}},"_links":{"self":[{"href":"https:\/\/tourtravelandmore.com\/es\/wp-json\/wp\/v2\/product\/72422","targetHints":{"allow":["GET"]}}],"collection":[{"href":"https:\/\/tourtravelandmore.com\/es\/wp-json\/wp\/v2\/product"}],"about":[{"href":"https:\/\/tourtravelandmore.com\/es\/wp-json\/wp\/v2\/types\/product"}],"replies":[{"embeddable":true,"href":"https:\/\/tourtravelandmore.com\/es\/wp-json\/wp\/v2\/comments?post=72422"}],"wp:featuredmedia":[{"embeddable":true,"href":"https:\/\/tourtravelandmore.com\/es\/wp-json\/wp\/v2\/media\/72158"}],"wp:attachment":[{"href":"https:\/\/tourtravelandmore.com\/es\/wp-json\/wp\/v2\/media?parent=72422"}],"wp:term":[{"taxonomy":"product_brand","embeddable":true,"href":"https:\/\/tourtravelandmore.com\/es\/wp-json\/wp\/v2\/product_brand?post=72422"},{"taxonomy":"product_cat","embeddable":true,"href":"https:\/\/tourtravelandmore.com\/es\/wp-json\/wp\/v2\/product_cat?post=72422"},{"taxonomy":"product_tag","embeddable":true,"href":"https:\/\/tourtravelandmore.com\/es\/wp-json\/wp\/v2\/product_tag?post=72422"}],"curies":[{"name":"wp","href":"https:\/\/api.w.org\/{rel}","templated":true}]}}