{"id":72257,"date":"2019-12-13T13:45:49","date_gmt":"2019-12-13T12:45:49","guid":{"rendered":"https:\/\/tourtravelandmore.com\/?post_type=product&#038;p=72257"},"modified":"2024-01-19T09:35:10","modified_gmt":"2024-01-19T08:35:10","slug":"tour-privado-a-los-museos-en-doha","status":"publish","type":"product","link":"https:\/\/tourtravelandmore.com\/es\/tours\/qatar-es\/doha-es\/doha-actividades-es\/tour-privado-a-los-museos-en-doha\/","title":{"rendered":"Tour Privado a los Museos en Doha"},"content":{"rendered":"<h2 id=\"tw-target-text\" class=\"tw-data-text tw-text-large XcVN5d tw-ta\" dir=\"ltr\" data-placeholder=\"Traducci\u00f3n\"><span lang=\"es\">Descripci\u00f3n del Tour Privado a los Museos en Doha<\/span><\/h2>\n<p>Disfrute de la ciudad de Doha al m\u00e1ximo y acomp\u00e1\u00f1enos en este <strong>Tour Privado a los museos en Doha<\/strong>. Tenga la oportunidad de conocer la historia y cultura de esta incre\u00edble ciudad desde otra perspectiva.<\/p>\n<p><span class=\"JLqJ4b\" data-language-for-alternatives=\"es\" data-language-to-translate-into=\"en\" data-phrase-index=\"1\"><span class=\"JLqJ4b ChMk0b\" data-language-for-alternatives=\"es\" data-language-to-translate-into=\"en\" data-phrase-index=\"2\">En primer lugar, para este tour privado, organizaremos una recogida privada en su hotel o lugar de elecci\u00f3n en Doha. Luego comenzaremos este tour privado. Tendr\u00e1 la oportunidad de conocer 4 museos incre\u00edbles y \u00fanicos. <\/span><\/span><\/p>\n<p><span class=\"JLqJ4b\" data-language-for-alternatives=\"es\" data-language-to-translate-into=\"en\" data-phrase-index=\"1\"><span class=\"JLqJ4b ChMk0b\" data-language-for-alternatives=\"es\" data-language-to-translate-into=\"en\" data-phrase-index=\"2\">Por \u00faltimo, al finalizar su recorrido, su chofer y gu\u00eda oficial privado lo llevar\u00e1n de regreso a su hotel en Doha.<\/span><\/span><\/p>\n<h2>Puntos emblem\u00e1ticos y de inter\u00e9s en el Tour Privado a los Museos en Doha<\/h2>\n<p>Aqu\u00ed hay algunos ejemplos de lo que puede esperar durante este Tour privado a los museos en Doha. Revelando facetas \u00fanicas de la cultura y la sociedad de Qatar, los museos Msheireb ser\u00e1n una celebraci\u00f3n de la historia de cuatro casas patrimoniales:<\/p>\n<p><strong>Bin Jelmood House<\/strong> crea conciencia sobre la abolici\u00f3n global de la explotaci\u00f3n humana.<\/p>\n<p><strong>La Casa Mohammed Bin Jassim<\/strong> demuestra los valores tradicionales de Msheireb como fundamentos para el progreso futuro de Doha.<\/p>\n<p><strong>Company House<\/strong> cuenta la historia de los primeros trabajadores de la industria petrolera de Qatar y sus familias.<\/p>\n<p><strong>Radwani House<\/strong> representa el estilo de vida tradicional de Qatar y su evoluci\u00f3n.<\/p>\n<p>Siguiendo el camino cultural, encontrar\u00e1 el <strong>Museo de Arte Isl\u00e1mico de Qatar<\/strong>. Ubicado en el extremo sur de la bah\u00eda de Doha y dise\u00f1ado por el arquitecto ganador del premio Pritzker I.M. Pei, el MIA alberga piezas de dinast\u00edas musulmanas de Asia, \u00c1frica y Europa. Sea testigo de los primeros manuscritos isl\u00e1micos, cer\u00e1mica, vidrio, marfil, joyas, miniaturas, textiles y muchas otras obras en esta joya arquitect\u00f3nica.<\/p>\n<p>El Museo Nacional de Qatar presenta tres secciones, Las primeras etapas, La vida en Qatar y La historia moderna. El museo hace una aparici\u00f3n disruptiva en el paisaje de Doha, inspirado en el cristal de la rosa del desierto, que se puede encontrar en Qatar.<\/p>\n<p>Este tour privado terminar\u00e1 en su hotel o lugar de elecci\u00f3n en Doha.<\/p>\n<p>Eche un vistazo a todas nuestras <a href=\"https:\/\/tourtravelandmore.com\/es\/ciudad\/qatar-es\/doha-es\/\">otras experiencias privadas y recorridos por la ciudad que ofrecemos en Doha<\/a>.<\/p>\n","protected":false},"excerpt":{"rendered":"<p>Si te encanta aprender sobre la historia, el arte y la arquitectura de cada lugar que visitas, esta es una experiencia perfecta para ti en <strong>Doha<\/strong>: <strong>tour privado de museos<\/strong>. Visitar\u00e1 y ver\u00e1 los lugares culturales y art\u00edsticos m\u00e1s bonitos y emblem\u00e1ticos que ofrece esta fant\u00e1stica ciudad junto con un gu\u00eda tur\u00edstico privado profesional.<\/p>\n","protected":false},"featured_media":72267,"comment_status":"open","ping_status":"closed","template":"","meta":{"_acf_changed":false},"product_brand":[],"product_cat":[1887,1888,1889,1890,1891],"product_tag":[],"class_list":{"0":"post-72257","1":"product","2":"type-product","3":"status-publish","4":"has-post-thumbnail","6":"product_cat-qatar-es","7":"product_cat-doha-es","8":"product_cat-doha-actividades-es","9":"product_cat-doha-excursiones-privadas-cruceros-es","10":"product_cat-doha-rutas-turisticas-privadas-es","12":"first","13":"instock","14":"shipping-taxable","15":"purchasable","16":"product-type-simple"},"acf":[],"yoast_head":"<!-- This site is optimized with the Yoast SEO Premium plugin v25.3.1 (Yoast SEO v25.3.1) - https:\/\/yoast.com\/wordpress\/plugins\/seo\/ -->\n<title>\u27a1\ufe0f Tour Privado a los Museos en Doha con chofer y gu\u00eda oficial | Tour Travel &amp; More<\/title>\n<meta name=\"description\" content=\"Tour Privado a los Museos en Doha: tenga la oportunidad de visitar El Museo Msheireb, El Museo de Arte Islamico and El Museo Nacional \u2705\" \/>\n<meta name=\"robots\" content=\"index, follow, max-snippet:-1, max-image-preview:large, max-video-preview:-1\" \/>\n<link rel=\"canonical\" href=\"https:\/\/tourtravelandmore.com\/es\/tours\/qatar-es\/doha-es\/doha-actividades-es\/tour-privado-a-los-museos-en-doha\/\" \/>\n<meta property=\"og:locale\" content=\"es_ES\" \/>\n<meta property=\"og:type\" content=\"article\" \/>\n<meta property=\"og:title\" content=\"Tour Privado a los Museos en Doha\" \/>\n<meta property=\"og:description\" content=\"Tour Privado a los Museos en Doha: tenga la oportunidad de visitar El Museo Msheireb, El Museo de Arte Islamico and El Museo Nacional \u2705\" \/>\n<meta property=\"og:url\" content=\"https:\/\/tourtravelandmore.com\/es\/tours\/qatar-es\/doha-es\/doha-actividades-es\/tour-privado-a-los-museos-en-doha\/\" \/>\n<meta property=\"og:site_name\" content=\"Tour Travel And More\" \/>\n<meta property=\"article:publisher\" content=\"https:\/\/www.facebook.com\/tourtravelandmore\/\" \/>\n<meta property=\"article:modified_time\" content=\"2024-01-19T08:35:10+00:00\" \/>\n<meta property=\"og:image\" content=\"https:\/\/tourtravelandmore.com\/wp-content\/uploads\/2019\/12\/Doha12.jpg\" \/>\n\t<meta property=\"og:image:width\" content=\"1024\" \/>\n\t<meta property=\"og:image:height\" content=\"678\" \/>\n\t<meta property=\"og:image:type\" content=\"image\/jpeg\" \/>\n<meta name=\"twitter:card\" content=\"summary_large_image\" \/>\n<meta name=\"twitter:site\" content=\"@TourTravel_More\" \/>\n<meta name=\"twitter:label1\" content=\"Tiempo de lectura\" \/>\n\t<meta name=\"twitter:data1\" content=\"2 minutos\" \/>\n<script type=\"application\/ld+json\" class=\"yoast-schema-graph\">{\"@context\":\"https:\/\/schema.org\",\"@graph\":[{\"@type\":\"WebPage\",\"@id\":\"https:\/\/tourtravelandmore.com\/es\/tours\/qatar-es\/doha-es\/doha-actividades-es\/tour-privado-a-los-museos-en-doha\/\",\"url\":\"https:\/\/tourtravelandmore.com\/es\/tours\/qatar-es\/doha-es\/doha-actividades-es\/tour-privado-a-los-museos-en-doha\/\",\"name\":\"\u27a1\ufe0f Tour Privado a los Museos en Doha con chofer y gu\u00eda oficial | Tour Travel & More\",\"isPartOf\":{\"@id\":\"https:\/\/tourtravelandmore.com\/es\/#website\"},\"primaryImageOfPage\":{\"@id\":\"https:\/\/tourtravelandmore.com\/es\/tours\/qatar-es\/doha-es\/doha-actividades-es\/tour-privado-a-los-museos-en-doha\/#primaryimage\"},\"image\":{\"@id\":\"https:\/\/tourtravelandmore.com\/es\/tours\/qatar-es\/doha-es\/doha-actividades-es\/tour-privado-a-los-museos-en-doha\/#primaryimage\"},\"thumbnailUrl\":\"https:\/\/tourtravelandmore.com\/wp-content\/uploads\/2019\/12\/Doha12.jpg\",\"datePublished\":\"2019-12-13T12:45:49+00:00\",\"dateModified\":\"2024-01-19T08:35:10+00:00\",\"description\":\"Tour Privado a los Museos en Doha: tenga la oportunidad de visitar El Museo Msheireb, El Museo de Arte Islamico and El Museo Nacional \u2705\",\"breadcrumb\":{\"@id\":\"https:\/\/tourtravelandmore.com\/es\/tours\/qatar-es\/doha-es\/doha-actividades-es\/tour-privado-a-los-museos-en-doha\/#breadcrumb\"},\"inLanguage\":\"es\",\"potentialAction\":[{\"@type\":\"ReadAction\",\"target\":[\"https:\/\/tourtravelandmore.com\/es\/tours\/qatar-es\/doha-es\/doha-actividades-es\/tour-privado-a-los-museos-en-doha\/\"]}]},{\"@type\":\"ImageObject\",\"inLanguage\":\"es\",\"@id\":\"https:\/\/tourtravelandmore.com\/es\/tours\/qatar-es\/doha-es\/doha-actividades-es\/tour-privado-a-los-museos-en-doha\/#primaryimage\",\"url\":\"https:\/\/tourtravelandmore.com\/wp-content\/uploads\/2019\/12\/Doha12.jpg\",\"contentUrl\":\"https:\/\/tourtravelandmore.com\/wp-content\/uploads\/2019\/12\/Doha12.jpg\",\"width\":1024,\"height\":678,\"caption\":\"Museum of Islamic Art in Doha, Qatar\"},{\"@type\":\"BreadcrumbList\",\"@id\":\"https:\/\/tourtravelandmore.com\/es\/tours\/qatar-es\/doha-es\/doha-actividades-es\/tour-privado-a-los-museos-en-doha\/#breadcrumb\",\"itemListElement\":[{\"@type\":\"ListItem\",\"position\":1,\"name\":\"Home\",\"item\":\"https:\/\/tourtravelandmore.com\/es\/\"},{\"@type\":\"ListItem\",\"position\":2,\"name\":\"Tours\",\"item\":\"https:\/\/tourtravelandmore.com\/es\/tours\/\"},{\"@type\":\"ListItem\",\"position\":3,\"name\":\"Tour Privado a los Museos en Doha\"}]},{\"@type\":\"WebSite\",\"@id\":\"https:\/\/tourtravelandmore.com\/es\/#website\",\"url\":\"https:\/\/tourtravelandmore.com\/es\/\",\"name\":\"Tour Travel And More\",\"description\":\"Private sightseeing tours and luxury transfers in Spain\",\"publisher\":{\"@id\":\"https:\/\/tourtravelandmore.com\/es\/#organization\"},\"potentialAction\":[{\"@type\":\"SearchAction\",\"target\":{\"@type\":\"EntryPoint\",\"urlTemplate\":\"https:\/\/tourtravelandmore.com\/es\/?s={search_term_string}\"},\"query-input\":{\"@type\":\"PropertyValueSpecification\",\"valueRequired\":true,\"valueName\":\"search_term_string\"}}],\"inLanguage\":\"es\"},{\"@type\":\"Organization\",\"@id\":\"https:\/\/tourtravelandmore.com\/es\/#organization\",\"name\":\"Tour Travel And More\",\"url\":\"https:\/\/tourtravelandmore.com\/es\/\",\"logo\":{\"@type\":\"ImageObject\",\"inLanguage\":\"es\",\"@id\":\"https:\/\/tourtravelandmore.com\/es\/#\/schema\/logo\/image\/\",\"url\":\"https:\/\/tourtravelandmore.com\/wp-content\/uploads\/2022\/12\/cropped-logo-cabecera-new.png\",\"contentUrl\":\"https:\/\/tourtravelandmore.com\/wp-content\/uploads\/2022\/12\/cropped-logo-cabecera-new.png\",\"width\":430,\"height\":61,\"caption\":\"Tour Travel And More\"},\"image\":{\"@id\":\"https:\/\/tourtravelandmore.com\/es\/#\/schema\/logo\/image\/\"},\"sameAs\":[\"https:\/\/www.facebook.com\/tourtravelandmore\/\",\"https:\/\/x.com\/TourTravel_More\"]}]}<\/script>\n<!-- \/ Yoast SEO Premium plugin. -->","yoast_head_json":{"title":"\u27a1\ufe0f Tour Privado a los Museos en Doha con chofer y gu\u00eda oficial | Tour Travel & More","description":"Tour Privado a los Museos en Doha: tenga la oportunidad de visitar El Museo Msheireb, El Museo de Arte Islamico and El Museo Nacional \u2705","robots":{"index":"index","follow":"follow","max-snippet":"max-snippet:-1","max-image-preview":"max-image-preview:large","max-video-preview":"max-video-preview:-1"},"canonical":"https:\/\/tourtravelandmore.com\/es\/tours\/qatar-es\/doha-es\/doha-actividades-es\/tour-privado-a-los-museos-en-doha\/","og_locale":"es_ES","og_type":"article","og_title":"Tour Privado a los Museos en Doha","og_description":"Tour Privado a los Museos en Doha: tenga la oportunidad de visitar El Museo Msheireb, El Museo de Arte Islamico and El Museo Nacional \u2705","og_url":"https:\/\/tourtravelandmore.com\/es\/tours\/qatar-es\/doha-es\/doha-actividades-es\/tour-privado-a-los-museos-en-doha\/","og_site_name":"Tour Travel And More","article_publisher":"https:\/\/www.facebook.com\/tourtravelandmore\/","article_modified_time":"2024-01-19T08:35:10+00:00","og_image":[{"width":1024,"height":678,"url":"https:\/\/tourtravelandmore.com\/wp-content\/uploads\/2019\/12\/Doha12.jpg","type":"image\/jpeg"}],"twitter_card":"summary_large_image","twitter_site":"@TourTravel_More","twitter_misc":{"Tiempo de lectura":"2 minutos"},"schema":{"@context":"https:\/\/schema.org","@graph":[{"@type":"WebPage","@id":"https:\/\/tourtravelandmore.com\/es\/tours\/qatar-es\/doha-es\/doha-actividades-es\/tour-privado-a-los-museos-en-doha\/","url":"https:\/\/tourtravelandmore.com\/es\/tours\/qatar-es\/doha-es\/doha-actividades-es\/tour-privado-a-los-museos-en-doha\/","name":"\u27a1\ufe0f Tour Privado a los Museos en Doha con chofer y gu\u00eda oficial | Tour Travel & More","isPartOf":{"@id":"https:\/\/tourtravelandmore.com\/es\/#website"},"primaryImageOfPage":{"@id":"https:\/\/tourtravelandmore.com\/es\/tours\/qatar-es\/doha-es\/doha-actividades-es\/tour-privado-a-los-museos-en-doha\/#primaryimage"},"image":{"@id":"https:\/\/tourtravelandmore.com\/es\/tours\/qatar-es\/doha-es\/doha-actividades-es\/tour-privado-a-los-museos-en-doha\/#primaryimage"},"thumbnailUrl":"https:\/\/tourtravelandmore.com\/wp-content\/uploads\/2019\/12\/Doha12.jpg","datePublished":"2019-12-13T12:45:49+00:00","dateModified":"2024-01-19T08:35:10+00:00","description":"Tour Privado a los Museos en Doha: tenga la oportunidad de visitar El Museo Msheireb, El Museo de Arte Islamico and El Museo Nacional \u2705","breadcrumb":{"@id":"https:\/\/tourtravelandmore.com\/es\/tours\/qatar-es\/doha-es\/doha-actividades-es\/tour-privado-a-los-museos-en-doha\/#breadcrumb"},"inLanguage":"es","potentialAction":[{"@type":"ReadAction","target":["https:\/\/tourtravelandmore.com\/es\/tours\/qatar-es\/doha-es\/doha-actividades-es\/tour-privado-a-los-museos-en-doha\/"]}]},{"@type":"ImageObject","inLanguage":"es","@id":"https:\/\/tourtravelandmore.com\/es\/tours\/qatar-es\/doha-es\/doha-actividades-es\/tour-privado-a-los-museos-en-doha\/#primaryimage","url":"https:\/\/tourtravelandmore.com\/wp-content\/uploads\/2019\/12\/Doha12.jpg","contentUrl":"https:\/\/tourtravelandmore.com\/wp-content\/uploads\/2019\/12\/Doha12.jpg","width":1024,"height":678,"caption":"Museum of Islamic Art in Doha, Qatar"},{"@type":"BreadcrumbList","@id":"https:\/\/tourtravelandmore.com\/es\/tours\/qatar-es\/doha-es\/doha-actividades-es\/tour-privado-a-los-museos-en-doha\/#breadcrumb","itemListElement":[{"@type":"ListItem","position":1,"name":"Home","item":"https:\/\/tourtravelandmore.com\/es\/"},{"@type":"ListItem","position":2,"name":"Tours","item":"https:\/\/tourtravelandmore.com\/es\/tours\/"},{"@type":"ListItem","position":3,"name":"Tour Privado a los Museos en Doha"}]},{"@type":"WebSite","@id":"https:\/\/tourtravelandmore.com\/es\/#website","url":"https:\/\/tourtravelandmore.com\/es\/","name":"Tour Travel And More","description":"Private sightseeing tours and luxury transfers in Spain","publisher":{"@id":"https:\/\/tourtravelandmore.com\/es\/#organization"},"potentialAction":[{"@type":"SearchAction","target":{"@type":"EntryPoint","urlTemplate":"https:\/\/tourtravelandmore.com\/es\/?s={search_term_string}"},"query-input":{"@type":"PropertyValueSpecification","valueRequired":true,"valueName":"search_term_string"}}],"inLanguage":"es"},{"@type":"Organization","@id":"https:\/\/tourtravelandmore.com\/es\/#organization","name":"Tour Travel And More","url":"https:\/\/tourtravelandmore.com\/es\/","logo":{"@type":"ImageObject","inLanguage":"es","@id":"https:\/\/tourtravelandmore.com\/es\/#\/schema\/logo\/image\/","url":"https:\/\/tourtravelandmore.com\/wp-content\/uploads\/2022\/12\/cropped-logo-cabecera-new.png","contentUrl":"https:\/\/tourtravelandmore.com\/wp-content\/uploads\/2022\/12\/cropped-logo-cabecera-new.png","width":430,"height":61,"caption":"Tour Travel And More"},"image":{"@id":"https:\/\/tourtravelandmore.com\/es\/#\/schema\/logo\/image\/"},"sameAs":["https:\/\/www.facebook.com\/tourtravelandmore\/","https:\/\/x.com\/TourTravel_More"]}]}},"_links":{"self":[{"href":"https:\/\/tourtravelandmore.com\/es\/wp-json\/wp\/v2\/product\/72257","targetHints":{"allow":["GET"]}}],"collection":[{"href":"https:\/\/tourtravelandmore.com\/es\/wp-json\/wp\/v2\/product"}],"about":[{"href":"https:\/\/tourtravelandmore.com\/es\/wp-json\/wp\/v2\/types\/product"}],"replies":[{"embeddable":true,"href":"https:\/\/tourtravelandmore.com\/es\/wp-json\/wp\/v2\/comments?post=72257"}],"wp:featuredmedia":[{"embeddable":true,"href":"https:\/\/tourtravelandmore.com\/es\/wp-json\/wp\/v2\/media\/72267"}],"wp:attachment":[{"href":"https:\/\/tourtravelandmore.com\/es\/wp-json\/wp\/v2\/media?parent=72257"}],"wp:term":[{"taxonomy":"product_brand","embeddable":true,"href":"https:\/\/tourtravelandmore.com\/es\/wp-json\/wp\/v2\/product_brand?post=72257"},{"taxonomy":"product_cat","embeddable":true,"href":"https:\/\/tourtravelandmore.com\/es\/wp-json\/wp\/v2\/product_cat?post=72257"},{"taxonomy":"product_tag","embeddable":true,"href":"https:\/\/tourtravelandmore.com\/es\/wp-json\/wp\/v2\/product_tag?post=72257"}],"curies":[{"name":"wp","href":"https:\/\/api.w.org\/{rel}","templated":true}]}}