{"id":72207,"date":"2019-12-13T10:02:36","date_gmt":"2019-12-13T09:02:37","guid":{"rendered":"https:\/\/tourtravelandmore.com\/?post_type=product&#038;p=72207"},"modified":"2024-01-19T09:32:40","modified_gmt":"2024-01-19T08:32:40","slug":"tour-privado-por-doha","status":"publish","type":"product","link":"https:\/\/tourtravelandmore.com\/es\/tours\/qatar-es\/doha-es\/doha-actividades-es\/tour-privado-por-doha\/","title":{"rendered":"Tour Privado por Doha"},"content":{"rendered":"<h2 id=\"tw-target-text\" class=\"tw-data-text tw-text-large XcVN5d tw-ta\" dir=\"ltr\" data-placeholder=\"Traducci\u00f3n\"><span lang=\"es\">Descripci\u00f3n del Tour Privado por Doha<\/span><\/h2>\n<p>Disfrute de la mejor manera de conocer la ciudad con nuestro <strong>Tour Privado por Doha<\/strong>.<\/p>\n<p><span class=\"JLqJ4b ChMk0b\" data-language-for-alternatives=\"es\" data-language-to-translate-into=\"en\" data-phrase-index=\"1\"><span class=\"JLqJ4b\" data-language-for-alternatives=\"es\" data-language-to-translate-into=\"en\" data-phrase-index=\"2\">Podemos organizar un tour privado de medio d\u00eda y tambi\u00e9n un tour de d\u00eda completo. Simplemente, comun\u00edquese con nuestros expertos en viajes y organizaremos el mejor tour privado para usted. \u00a1Esta es una experiencia privada \u00fanica para ti! <\/span><\/span><\/p>\n<p><span class=\"JLqJ4b ChMk0b\" data-language-for-alternatives=\"es\" data-language-to-translate-into=\"en\" data-phrase-index=\"1\"><span class=\"JLqJ4b\" data-language-for-alternatives=\"es\" data-language-to-translate-into=\"en\" data-phrase-index=\"2\">Vea lo que puede disfrutar aqu\u00ed a continuaci\u00f3n en este Tour privado por Doha.<\/span><\/span><\/p>\n<h2>Puntos emblem\u00e1ticos y de inter\u00e9s en el Tour Privado por Doha<\/h2>\n<p>La joya brillante de Qatar es conocida mundialmente por su rica oferta cultural. Sus emblem\u00e1ticos y futuristas rascacielos y la asombrosa belleza de sus playas y desierto.<\/p>\n<p>Rodeando la bah\u00eda de Doha en forma de media luna, el paseo mar\u00edtimo <strong>Corniche<\/strong> se extiende por siete kil\u00f3metros. Ofreciendo un sendero lleno de maravillosas vistas sobre el agua.<\/p>\n<p>Una de las vistas m\u00e1s emblem\u00e1ticas de este paseo mar\u00edtimo es el<strong> antiguo puerto Dhow<\/strong>. Es un lugar so\u00f1ado por los fot\u00f3grafos, sobre todo al amanecer o al atardecer. Al amanecer, tambi\u00e9n puede sentarse junto al puerto y ver c\u00f3mo los tradicionales barcos de madera se deslizan hacia el mar y los pescadores regresan con la pesca del d\u00eda.<\/p>\n<p>Tambi\u00e9n disfrutar\u00e1 de la visita a <strong>The Pearl Island.<\/strong> Es una isla artificial que se considera uno de los desarrollos inmobiliarios m\u00e1s grandes de Oriente Medio. La Perla se divide en 12 distritos, cada uno de los cuales tiene un estilo arquitect\u00f3nico distinto. Pasando de peque\u00f1os apartamentos y casas adosadas a completas villas y rascacielos, adem\u00e1s del maravilloso puerto deportivo y la belleza de las tranquilas playas.<\/p>\n<h2>Que m\u00e1s esperar durante este Tour Privado<\/h2>\n<p>En la costa este, entre Pearl y West Bay se encontrar\u00e1 con <strong>Katara<\/strong>. <span class=\"JLqJ4b ChMk0b\" data-language-for-alternatives=\"es\" data-language-to-translate-into=\"en\" data-phrase-index=\"1\">Este es uno de los proyectos culturales multidimensionales m\u00e1s grandes de Qatar. <\/span><\/p>\n<p><span class=\"JLqJ4b ChMk0b\" data-language-for-alternatives=\"es\" data-language-to-translate-into=\"en\" data-phrase-index=\"1\"><span class=\"JLqJ4b\" data-language-for-alternatives=\"es\" data-language-to-translate-into=\"en\" data-phrase-index=\"2\">Este pueblo est\u00e1 inundado de historia y patrimonio. La gente viene a experimentar las culturas del mundo, que incluye un enorme anfiteatro grecorromano, un teatro de \u00f3pera, un teatro dram\u00e1tico, salas de conciertos, galer\u00edas de exposiciones y una gran cantidad de restaurantes internacionales. <\/span><\/span><\/p>\n<p><span class=\"JLqJ4b ChMk0b\" data-language-for-alternatives=\"es\" data-language-to-translate-into=\"en\" data-phrase-index=\"1\"><span class=\"JLqJ4b\" data-language-for-alternatives=\"es\" data-language-to-translate-into=\"en\" data-phrase-index=\"2\">Este faro cultural es el lugar perfecto para festivales, talleres y exposiciones regionales e internacionales. Siguiendo el camino cultural, encontrar\u00e1 el Museo de Arte Isl\u00e1mico de Qatar. Ubicado en el extremo sur de la bah\u00eda de Doha y dise\u00f1ado por el arquitecto ganador del premio Pritzker I.M. Pei, el MIA alberga piezas de dinast\u00edas musulmanas de Asia, \u00c1frica y Europa. Sea testigo de los primeros manuscritos isl\u00e1micos, cer\u00e1mica, vidrio, marfil, joyas, miniaturas, textiles y muchas otras obras en esta joya arquitect\u00f3nica.<\/span><\/span><\/p>\n<h3>Algunos ejemplos de que esperar&#8230;<\/h3>\n<p>Revelando facetas \u00fanicas de la cultura y la sociedad de Qatar, los museos Msheireb ser\u00e1n una celebraci\u00f3n de la historia de cuatro casas patrimoniales:<\/p>\n<p><strong>Bin Jelmood House<\/strong> crea conciencia sobre la abolici\u00f3n global de la explotaci\u00f3n humana.<\/p>\n<p><strong>La Casa Mohammed Bin Jassim<\/strong> demuestra los valores tradicionales de Msheireb como fundamentos para el progreso futuro de Doha.<\/p>\n<p><strong>Company House<\/strong> cuenta la historia de los primeros trabajadores de la industria petrolera de Qatar y sus familias.<\/p>\n<p><strong>Radwani House<\/strong> representa el estilo de vida tradicional de Qatar y su evoluci\u00f3n.<\/p>\n<p>Otra obra maestra arquitect\u00f3nica es el maravilloso <strong>Centro Cultural Isl\u00e1mico Abdulla Bin Zaid Al Mahmoud<\/strong>, conocido como la <strong>Mezquita Fanar<\/strong> y es uno de los hitos destacados de Qatar. Construida de ladrillo y cemento, esta imponente mezquita fue la m\u00e1s grande del pa\u00eds hasta 2011. De los musulmanes al mundo: El objetivo principal es dar a conocer la cultura musulmana a todo el mundo a trav\u00e9s de exposiciones, cursos de idiomas y recorridos (se permite la entrada de no musulmanes). Si la visita el viernes, \u00a1le complacer\u00e1 escuchar el Khutba (serm\u00f3n) en ingl\u00e9s!<\/p>\n<p>Disponemos de varias opciones de tours privados en Doha, \u00a1eche un vistazo <a href=\"https:\/\/tourtravelandmore.com\/es\/ciudad\/qatar-es\/doha-es\/\">aqu\u00ed<\/a>!<\/p>\n","protected":false},"excerpt":{"rendered":"<p>Ven con nosotros en este <strong>tour privado por la ciudad de Doha<\/strong>, donde visitar\u00e1s y conocer\u00e1s los lugares m\u00e1s bonitos y emblem\u00e1ticos que ofrece esta fant\u00e1stica ciudad. Su amplia oferta cultural y art\u00edstica, su historia y su gastronom\u00eda.<\/p>\n","protected":false},"featured_media":72225,"comment_status":"open","ping_status":"closed","template":"","meta":{"_acf_changed":false},"product_brand":[],"product_cat":[1887,1888,1889,1890,1891],"product_tag":[],"class_list":{"0":"post-72207","1":"product","2":"type-product","3":"status-publish","4":"has-post-thumbnail","6":"product_cat-qatar-es","7":"product_cat-doha-es","8":"product_cat-doha-actividades-es","9":"product_cat-doha-excursiones-privadas-cruceros-es","10":"product_cat-doha-rutas-turisticas-privadas-es","12":"first","13":"instock","14":"shipping-taxable","15":"purchasable","16":"product-type-simple"},"acf":[],"yoast_head":"<!-- This site is optimized with the Yoast SEO Premium plugin v25.3.1 (Yoast SEO v25.3.1) - https:\/\/yoast.com\/wordpress\/plugins\/seo\/ -->\n<title>\u27a1\ufe0f Tour Privado por Doha con chofer y gu\u00eda oficial local | Tour Travel &amp; More<\/title>\n<meta name=\"description\" content=\"\u00danase a nosotros en este Tour Privado por Doha que te permitir\u00e1 descubrir los rincones m\u00e1s emblem\u00e1ticos de Doha, sus barrios, arte e historia \u2705\" \/>\n<meta name=\"robots\" content=\"index, follow, max-snippet:-1, max-image-preview:large, max-video-preview:-1\" \/>\n<link rel=\"canonical\" href=\"https:\/\/tourtravelandmore.com\/es\/tours\/qatar-es\/doha-es\/doha-actividades-es\/tour-privado-por-doha\/\" \/>\n<meta property=\"og:locale\" content=\"es_ES\" \/>\n<meta property=\"og:type\" content=\"article\" \/>\n<meta property=\"og:title\" content=\"Tour Privado por Doha\" \/>\n<meta property=\"og:description\" content=\"\u00danase a nosotros en este Tour Privado por Doha que te permitir\u00e1 descubrir los rincones m\u00e1s emblem\u00e1ticos de Doha, sus barrios, arte e historia \u2705\" \/>\n<meta property=\"og:url\" content=\"https:\/\/tourtravelandmore.com\/es\/tours\/qatar-es\/doha-es\/doha-actividades-es\/tour-privado-por-doha\/\" \/>\n<meta property=\"og:site_name\" content=\"Tour Travel And More\" \/>\n<meta property=\"article:publisher\" content=\"https:\/\/www.facebook.com\/tourtravelandmore\/\" \/>\n<meta property=\"article:modified_time\" content=\"2024-01-19T08:32:40+00:00\" \/>\n<meta property=\"og:image\" content=\"https:\/\/tourtravelandmore.com\/wp-content\/uploads\/2019\/12\/Doha8.jpg\" \/>\n\t<meta property=\"og:image:width\" content=\"1634\" \/>\n\t<meta property=\"og:image:height\" content=\"1087\" \/>\n\t<meta property=\"og:image:type\" content=\"image\/jpeg\" \/>\n<meta name=\"twitter:card\" content=\"summary_large_image\" \/>\n<meta name=\"twitter:site\" content=\"@TourTravel_More\" \/>\n<meta name=\"twitter:label1\" content=\"Tiempo de lectura\" \/>\n\t<meta name=\"twitter:data1\" content=\"3 minutos\" \/>\n<script type=\"application\/ld+json\" class=\"yoast-schema-graph\">{\"@context\":\"https:\/\/schema.org\",\"@graph\":[{\"@type\":\"WebPage\",\"@id\":\"https:\/\/tourtravelandmore.com\/es\/tours\/qatar-es\/doha-es\/doha-actividades-es\/tour-privado-por-doha\/\",\"url\":\"https:\/\/tourtravelandmore.com\/es\/tours\/qatar-es\/doha-es\/doha-actividades-es\/tour-privado-por-doha\/\",\"name\":\"\u27a1\ufe0f Tour Privado por Doha con chofer y gu\u00eda oficial local | Tour Travel & More\",\"isPartOf\":{\"@id\":\"https:\/\/tourtravelandmore.com\/es\/#website\"},\"primaryImageOfPage\":{\"@id\":\"https:\/\/tourtravelandmore.com\/es\/tours\/qatar-es\/doha-es\/doha-actividades-es\/tour-privado-por-doha\/#primaryimage\"},\"image\":{\"@id\":\"https:\/\/tourtravelandmore.com\/es\/tours\/qatar-es\/doha-es\/doha-actividades-es\/tour-privado-por-doha\/#primaryimage\"},\"thumbnailUrl\":\"https:\/\/tourtravelandmore.com\/wp-content\/uploads\/2019\/12\/Doha8.jpg\",\"datePublished\":\"2019-12-13T09:02:37+00:00\",\"dateModified\":\"2024-01-19T08:32:40+00:00\",\"description\":\"\u00danase a nosotros en este Tour Privado por Doha que te permitir\u00e1 descubrir los rincones m\u00e1s emblem\u00e1ticos de Doha, sus barrios, arte e historia \u2705\",\"breadcrumb\":{\"@id\":\"https:\/\/tourtravelandmore.com\/es\/tours\/qatar-es\/doha-es\/doha-actividades-es\/tour-privado-por-doha\/#breadcrumb\"},\"inLanguage\":\"es\",\"potentialAction\":[{\"@type\":\"ReadAction\",\"target\":[\"https:\/\/tourtravelandmore.com\/es\/tours\/qatar-es\/doha-es\/doha-actividades-es\/tour-privado-por-doha\/\"]}]},{\"@type\":\"ImageObject\",\"inLanguage\":\"es\",\"@id\":\"https:\/\/tourtravelandmore.com\/es\/tours\/qatar-es\/doha-es\/doha-actividades-es\/tour-privado-por-doha\/#primaryimage\",\"url\":\"https:\/\/tourtravelandmore.com\/wp-content\/uploads\/2019\/12\/Doha8.jpg\",\"contentUrl\":\"https:\/\/tourtravelandmore.com\/wp-content\/uploads\/2019\/12\/Doha8.jpg\",\"width\":1634,\"height\":1087},{\"@type\":\"BreadcrumbList\",\"@id\":\"https:\/\/tourtravelandmore.com\/es\/tours\/qatar-es\/doha-es\/doha-actividades-es\/tour-privado-por-doha\/#breadcrumb\",\"itemListElement\":[{\"@type\":\"ListItem\",\"position\":1,\"name\":\"Home\",\"item\":\"https:\/\/tourtravelandmore.com\/es\/\"},{\"@type\":\"ListItem\",\"position\":2,\"name\":\"Tours\",\"item\":\"https:\/\/tourtravelandmore.com\/es\/tours\/\"},{\"@type\":\"ListItem\",\"position\":3,\"name\":\"Tour Privado por Doha\"}]},{\"@type\":\"WebSite\",\"@id\":\"https:\/\/tourtravelandmore.com\/es\/#website\",\"url\":\"https:\/\/tourtravelandmore.com\/es\/\",\"name\":\"Tour Travel And More\",\"description\":\"Private sightseeing tours and luxury transfers in Spain\",\"publisher\":{\"@id\":\"https:\/\/tourtravelandmore.com\/es\/#organization\"},\"potentialAction\":[{\"@type\":\"SearchAction\",\"target\":{\"@type\":\"EntryPoint\",\"urlTemplate\":\"https:\/\/tourtravelandmore.com\/es\/?s={search_term_string}\"},\"query-input\":{\"@type\":\"PropertyValueSpecification\",\"valueRequired\":true,\"valueName\":\"search_term_string\"}}],\"inLanguage\":\"es\"},{\"@type\":\"Organization\",\"@id\":\"https:\/\/tourtravelandmore.com\/es\/#organization\",\"name\":\"Tour Travel And More\",\"url\":\"https:\/\/tourtravelandmore.com\/es\/\",\"logo\":{\"@type\":\"ImageObject\",\"inLanguage\":\"es\",\"@id\":\"https:\/\/tourtravelandmore.com\/es\/#\/schema\/logo\/image\/\",\"url\":\"https:\/\/tourtravelandmore.com\/wp-content\/uploads\/2022\/12\/cropped-logo-cabecera-new.png\",\"contentUrl\":\"https:\/\/tourtravelandmore.com\/wp-content\/uploads\/2022\/12\/cropped-logo-cabecera-new.png\",\"width\":430,\"height\":61,\"caption\":\"Tour Travel And More\"},\"image\":{\"@id\":\"https:\/\/tourtravelandmore.com\/es\/#\/schema\/logo\/image\/\"},\"sameAs\":[\"https:\/\/www.facebook.com\/tourtravelandmore\/\",\"https:\/\/x.com\/TourTravel_More\"]}]}<\/script>\n<!-- \/ Yoast SEO Premium plugin. -->","yoast_head_json":{"title":"\u27a1\ufe0f Tour Privado por Doha con chofer y gu\u00eda oficial local | Tour Travel & More","description":"\u00danase a nosotros en este Tour Privado por Doha que te permitir\u00e1 descubrir los rincones m\u00e1s emblem\u00e1ticos de Doha, sus barrios, arte e historia \u2705","robots":{"index":"index","follow":"follow","max-snippet":"max-snippet:-1","max-image-preview":"max-image-preview:large","max-video-preview":"max-video-preview:-1"},"canonical":"https:\/\/tourtravelandmore.com\/es\/tours\/qatar-es\/doha-es\/doha-actividades-es\/tour-privado-por-doha\/","og_locale":"es_ES","og_type":"article","og_title":"Tour Privado por Doha","og_description":"\u00danase a nosotros en este Tour Privado por Doha que te permitir\u00e1 descubrir los rincones m\u00e1s emblem\u00e1ticos de Doha, sus barrios, arte e historia \u2705","og_url":"https:\/\/tourtravelandmore.com\/es\/tours\/qatar-es\/doha-es\/doha-actividades-es\/tour-privado-por-doha\/","og_site_name":"Tour Travel And More","article_publisher":"https:\/\/www.facebook.com\/tourtravelandmore\/","article_modified_time":"2024-01-19T08:32:40+00:00","og_image":[{"width":1634,"height":1087,"url":"https:\/\/tourtravelandmore.com\/wp-content\/uploads\/2019\/12\/Doha8.jpg","type":"image\/jpeg"}],"twitter_card":"summary_large_image","twitter_site":"@TourTravel_More","twitter_misc":{"Tiempo de lectura":"3 minutos"},"schema":{"@context":"https:\/\/schema.org","@graph":[{"@type":"WebPage","@id":"https:\/\/tourtravelandmore.com\/es\/tours\/qatar-es\/doha-es\/doha-actividades-es\/tour-privado-por-doha\/","url":"https:\/\/tourtravelandmore.com\/es\/tours\/qatar-es\/doha-es\/doha-actividades-es\/tour-privado-por-doha\/","name":"\u27a1\ufe0f Tour Privado por Doha con chofer y gu\u00eda oficial local | Tour Travel & More","isPartOf":{"@id":"https:\/\/tourtravelandmore.com\/es\/#website"},"primaryImageOfPage":{"@id":"https:\/\/tourtravelandmore.com\/es\/tours\/qatar-es\/doha-es\/doha-actividades-es\/tour-privado-por-doha\/#primaryimage"},"image":{"@id":"https:\/\/tourtravelandmore.com\/es\/tours\/qatar-es\/doha-es\/doha-actividades-es\/tour-privado-por-doha\/#primaryimage"},"thumbnailUrl":"https:\/\/tourtravelandmore.com\/wp-content\/uploads\/2019\/12\/Doha8.jpg","datePublished":"2019-12-13T09:02:37+00:00","dateModified":"2024-01-19T08:32:40+00:00","description":"\u00danase a nosotros en este Tour Privado por Doha que te permitir\u00e1 descubrir los rincones m\u00e1s emblem\u00e1ticos de Doha, sus barrios, arte e historia \u2705","breadcrumb":{"@id":"https:\/\/tourtravelandmore.com\/es\/tours\/qatar-es\/doha-es\/doha-actividades-es\/tour-privado-por-doha\/#breadcrumb"},"inLanguage":"es","potentialAction":[{"@type":"ReadAction","target":["https:\/\/tourtravelandmore.com\/es\/tours\/qatar-es\/doha-es\/doha-actividades-es\/tour-privado-por-doha\/"]}]},{"@type":"ImageObject","inLanguage":"es","@id":"https:\/\/tourtravelandmore.com\/es\/tours\/qatar-es\/doha-es\/doha-actividades-es\/tour-privado-por-doha\/#primaryimage","url":"https:\/\/tourtravelandmore.com\/wp-content\/uploads\/2019\/12\/Doha8.jpg","contentUrl":"https:\/\/tourtravelandmore.com\/wp-content\/uploads\/2019\/12\/Doha8.jpg","width":1634,"height":1087},{"@type":"BreadcrumbList","@id":"https:\/\/tourtravelandmore.com\/es\/tours\/qatar-es\/doha-es\/doha-actividades-es\/tour-privado-por-doha\/#breadcrumb","itemListElement":[{"@type":"ListItem","position":1,"name":"Home","item":"https:\/\/tourtravelandmore.com\/es\/"},{"@type":"ListItem","position":2,"name":"Tours","item":"https:\/\/tourtravelandmore.com\/es\/tours\/"},{"@type":"ListItem","position":3,"name":"Tour Privado por Doha"}]},{"@type":"WebSite","@id":"https:\/\/tourtravelandmore.com\/es\/#website","url":"https:\/\/tourtravelandmore.com\/es\/","name":"Tour Travel And More","description":"Private sightseeing tours and luxury transfers in Spain","publisher":{"@id":"https:\/\/tourtravelandmore.com\/es\/#organization"},"potentialAction":[{"@type":"SearchAction","target":{"@type":"EntryPoint","urlTemplate":"https:\/\/tourtravelandmore.com\/es\/?s={search_term_string}"},"query-input":{"@type":"PropertyValueSpecification","valueRequired":true,"valueName":"search_term_string"}}],"inLanguage":"es"},{"@type":"Organization","@id":"https:\/\/tourtravelandmore.com\/es\/#organization","name":"Tour Travel And More","url":"https:\/\/tourtravelandmore.com\/es\/","logo":{"@type":"ImageObject","inLanguage":"es","@id":"https:\/\/tourtravelandmore.com\/es\/#\/schema\/logo\/image\/","url":"https:\/\/tourtravelandmore.com\/wp-content\/uploads\/2022\/12\/cropped-logo-cabecera-new.png","contentUrl":"https:\/\/tourtravelandmore.com\/wp-content\/uploads\/2022\/12\/cropped-logo-cabecera-new.png","width":430,"height":61,"caption":"Tour Travel And More"},"image":{"@id":"https:\/\/tourtravelandmore.com\/es\/#\/schema\/logo\/image\/"},"sameAs":["https:\/\/www.facebook.com\/tourtravelandmore\/","https:\/\/x.com\/TourTravel_More"]}]}},"_links":{"self":[{"href":"https:\/\/tourtravelandmore.com\/es\/wp-json\/wp\/v2\/product\/72207","targetHints":{"allow":["GET"]}}],"collection":[{"href":"https:\/\/tourtravelandmore.com\/es\/wp-json\/wp\/v2\/product"}],"about":[{"href":"https:\/\/tourtravelandmore.com\/es\/wp-json\/wp\/v2\/types\/product"}],"replies":[{"embeddable":true,"href":"https:\/\/tourtravelandmore.com\/es\/wp-json\/wp\/v2\/comments?post=72207"}],"wp:featuredmedia":[{"embeddable":true,"href":"https:\/\/tourtravelandmore.com\/es\/wp-json\/wp\/v2\/media\/72225"}],"wp:attachment":[{"href":"https:\/\/tourtravelandmore.com\/es\/wp-json\/wp\/v2\/media?parent=72207"}],"wp:term":[{"taxonomy":"product_brand","embeddable":true,"href":"https:\/\/tourtravelandmore.com\/es\/wp-json\/wp\/v2\/product_brand?post=72207"},{"taxonomy":"product_cat","embeddable":true,"href":"https:\/\/tourtravelandmore.com\/es\/wp-json\/wp\/v2\/product_cat?post=72207"},{"taxonomy":"product_tag","embeddable":true,"href":"https:\/\/tourtravelandmore.com\/es\/wp-json\/wp\/v2\/product_tag?post=72207"}],"curies":[{"name":"wp","href":"https:\/\/api.w.org\/{rel}","templated":true}]}}