{"id":72065,"date":"2019-12-10T14:54:20","date_gmt":"2019-12-10T13:54:21","guid":{"rendered":"https:\/\/tourtravelandmore.com\/?post_type=product&#038;p=72065"},"modified":"2023-08-04T11:54:21","modified_gmt":"2023-08-04T09:54:21","slug":"tour-privado-de-medio-dia-abu-dhabi","status":"publish","type":"product","link":"https:\/\/tourtravelandmore.com\/es\/tours\/emiratos-arabes-unidos-es\/abu-dhabi-es\/abu-dhabi-excursiones-privadas-cruceros-es\/tour-privado-de-medio-dia-abu-dhabi\/","title":{"rendered":"Tour Privado de Medio D\u00eda en Abu Dhabi"},"content":{"rendered":"<h2>Descripci\u00f3n Tour Privado de Medio D\u00eda en Abu Dabi<\/h2>\n<p>En este <strong>tour privado<\/strong>, usted y sus compa\u00f1eros de viaje disfrutar\u00e1n de poder conocer, con la compa\u00f1\u00eda de un <strong>gu\u00eda tur\u00edstico<\/strong> y un <strong>chofer privado<\/strong>, la hermosa ciudad de <b>Abu Dabi<\/b>, preparaos para explorar sus maravillosas mezquitas, su arquitectura futur\u00edstica y sus deslumbrantes islas.<br \/>\nVosotros pod\u00e9is elegir el punto de partida del tour, es posible coordinar salidas desde su hotel, apartamento, puerto, aeropuerto o punto personal de selecci\u00f3n en Abu Dabi.<br \/>\nEste tour es completamente personalizable y pod\u00e9is organizarlo como quer\u00e1is y lo que busc\u00e1is. Puede personalizar vuestro tour solamente contactando con nosotros. Aqu\u00ed os dejamos un ejemplo de itinerario, el tour ser\u00e1 personalizado para que ve\u00e1is y conozc\u00e1is exactamente lo que quer\u00e9is ver en los alrededores de Abu Dabi.<\/p>\n<h2>Principales puntos de inter\u00e9s durante vuestro tour<\/h2>\n<p>Durante su <strong>tour privado<\/strong> de 4 horas descubrir\u00e9is algunos de los sitios m\u00e1s emblem\u00e1ticos de <b>Abu Dabi<\/b>\u00a0con su gu\u00eda local. Una vez que comience el tour podr\u00e1 visitar, entre otros, los siguientes lugares:<\/p>\n<p><strong>Mezquita Sheikh Zayed<br \/>\n<\/strong>Revestida de m\u00e1rmol Macedonio, la magn\u00edfica Mezquita Sheikh Zayed es la edificaci\u00f3n m\u00e1s destacada de Abu Dabi, y por lejos la mayor atracci\u00f3n de la ciudad. La mezquita combina elementos de dise\u00f1o Mameluke, Fatimid y Otomanos, para crear una mezquita completamente moderna y armoniosa, que celebra y rinde honor a la arquitectura Isl\u00e1mica. Los artesanos utilizan mosaicos de azulejos, trabajos con vidrio e intrincadas esculturas tanto por dentro como por fuera para crear esta maravillosa mezquita.<\/p>\n<p><strong>Corniche Road<br \/>\n<\/strong>Esta ruta se extiende a trav\u00e9s unos impresionantes ocho kil\u00f3metros de un impecable paseo mar\u00edtimo, que incluye zona de juegos para ni\u00f1os, senda para peatones y bicicletas separadas y una gran variedad de restaurantes y caf\u00e9s junto a la hermosa playa Corniche.<\/p>\n<p><strong>Louvre Abu Dhabi<br \/>\n<\/strong>El museo m\u00e1s imponente de Medio Oriente. El Louvre de Abu Dabi recorre la historia de los logros art\u00edsticos m\u00e1s importantes de la humanidad, desde la \u00e9poca Neol\u00edtica hasta el d\u00eda de hoy.<\/p>\n<p><strong>Isla Yas<br \/>\n<\/strong>Uno de los hoteles m\u00e1s lujosos de Abu Dabi, que posee una playa perfecta para disfrutar de un d\u00eda de sol.<\/p>\n<p><b>Mundo Ferrari\u00a0<\/b><br \/>\nEste parque tem\u00e1tico automotor os ofrece la emoci\u00f3n de una carrera de F\u00f3rmula 1, ideal visita tanto para amantes de la velocidad como para la familia.<\/p>\n<p><strong>Palacio Emirates<br \/>\n<\/strong>Uno de los m\u00e1s impresionantes y lujosos hoteles 5 estrellas de la ciudad.<\/p>\n<p>El tour tiene una duraci\u00f3n total de 4 horas desde que os recogen hasta que os devuelven a su punto de partida. Todos nuestros servicios son adaptables al inter\u00e9s de cada cliente, de manera que no dud\u00e9is en consultar si quer\u00e9is una duraci\u00f3n mayor del tour, y si os interesa visitar alg\u00fan otro sitio en los alrededores de Abu Dhabi. En Tour Travel and More nos dedicamos a crear los tours a medida para cada cliente, de acuerdo a sus intereses.<\/p>\n<p><strong>La Ciudad: Abu Dabi<\/strong><\/p>\n<p>Abu Dabi es la capital de los Emiratos \u00c1rabes Unidos y la ciudad m\u00e1s grande de los siete emiratos. Una ciudad donde la tradici\u00f3n Isl\u00e1mica se encuentra con un estilo de vida moderno y forman una combinaci\u00f3n \u00fanica.<\/p>\n<p>Playas pr\u00edstinas, magnificas dunas y un estilo de vida vibrante y cosmopolita esperan con los brazos abiertos a cada visitante de Abu Dabi. Este emirato es conocido por sus majestuosas mezquitas con imponentes minaretes, infraestructura de alta gama, islas artificiales, lujosos hoteles, palacios como centros comerciales, teatros y algunos de los museos m\u00e1s famosos del mundo.<\/p>\n<p><strong>C\u00f3digo de vestimenta<\/strong>: Abu Dabi es un sitio lleno de tradici\u00f3n y cultura. Los visitantes deben respetar los valores y cultura del Emirato y llevar deben vestir modestamente, incluso en los meses de m\u00e1s calor. Los hombros y las rodillas deben ser cubiertos por las mujeres, especialmente en los lugares p\u00fablicos.<\/p>\n<h4>Nuestros Tours Privados en Tour Travel &amp; More<\/h4>\n<p>Ofrecemos a nuestros clientes tours privados para familias, amigos e incluso para incentivos o grupos grandes. Entendemos las necesidades de los viajeros mientras est\u00e1n de vacaciones, y hacemos todo lo posible para que su estancia sea inolvidable. Nuestra flota se compone de veh\u00edculos de lujo y nuestro personal es perfectamente multiling\u00fce. Nuestros gu\u00edas son gu\u00edas oficiales y viven en Abu Dhabi y son grandes conocedores de la ciudad. Nuestros gu\u00edas en Abu Dabi hablan varios idiomas: Ingl\u00e9s, Espa\u00f1ol, Franc\u00e9s, Italiano, Polaco, Holand\u00e9s, Chino, Ruso, Japon\u00e9s, Alem\u00e1n, Griego y Portugu\u00e9s.<\/p>\n","protected":false},"excerpt":{"rendered":"<p>Descubre la maravillosa ciudad de Abu Dhabi c\u00f3modo en tu veh\u00edculo privado, junto a un gu\u00eda oficial. Aprende la historia y cultura de la ciudad en un tour personalizado.<\/p>\n","protected":false},"featured_media":72179,"comment_status":"open","ping_status":"closed","template":"","meta":{"_acf_changed":false},"product_brand":[],"product_cat":[1905,1906,1911,1908,1910],"product_tag":[],"class_list":{"0":"post-72065","1":"product","2":"type-product","3":"status-publish","4":"has-post-thumbnail","6":"product_cat-emiratos-arabes-unidos-es","7":"product_cat-abu-dhabi-es","8":"product_cat-abu-dhabi-actividades-es","9":"product_cat-abu-dhabi-excursiones-privadas-cruceros-es","10":"product_cat-abu-dhabi-rutas-turisticas-privadas-es","12":"first","13":"instock","14":"shipping-taxable","15":"purchasable","16":"product-type-simple"},"acf":[],"yoast_head":"<!-- This site is optimized with the Yoast SEO Premium plugin v25.3.1 (Yoast SEO v25.3.1) - https:\/\/yoast.com\/wordpress\/plugins\/seo\/ -->\n<title>\u27a1\ufe0f Tour Privado de Medio D\u00eda en Abu Dhabi | Tour Travel &amp; More<\/title>\n<meta name=\"description\" content=\"Tour privado que os acercar\u00e1 a la ciudad de Abu Dhabi para explorar sus maravillosas mezquitas, su arquitectura futuristica y sus deslumbrantes islas \u2705\" \/>\n<meta name=\"robots\" content=\"index, follow, max-snippet:-1, max-image-preview:large, max-video-preview:-1\" \/>\n<link rel=\"canonical\" href=\"https:\/\/tourtravelandmore.com\/es\/tours\/emiratos-arabes-unidos-es\/abu-dhabi-es\/abu-dhabi-excursiones-privadas-cruceros-es\/tour-privado-de-medio-dia-abu-dhabi\/\" \/>\n<meta property=\"og:locale\" content=\"es_ES\" \/>\n<meta property=\"og:type\" content=\"article\" \/>\n<meta property=\"og:title\" content=\"Tour Privado de Medio D\u00eda en Abu Dhabi\" \/>\n<meta property=\"og:description\" content=\"Tour privado que os acercar\u00e1 a la ciudad de Abu Dhabi para explorar sus maravillosas mezquitas, su arquitectura futuristica y sus deslumbrantes islas \u2705\" \/>\n<meta property=\"og:url\" content=\"https:\/\/tourtravelandmore.com\/es\/tours\/emiratos-arabes-unidos-es\/abu-dhabi-es\/abu-dhabi-excursiones-privadas-cruceros-es\/tour-privado-de-medio-dia-abu-dhabi\/\" \/>\n<meta property=\"og:site_name\" content=\"Tour Travel And More\" \/>\n<meta property=\"article:publisher\" content=\"https:\/\/www.facebook.com\/tourtravelandmore\/\" \/>\n<meta property=\"article:modified_time\" content=\"2023-08-04T09:54:21+00:00\" \/>\n<meta property=\"og:image\" content=\"https:\/\/tourtravelandmore.com\/wp-content\/uploads\/2019\/12\/abu-dhabi-6-1-739x1024.jpg\" \/>\n\t<meta property=\"og:image:width\" content=\"739\" \/>\n\t<meta property=\"og:image:height\" content=\"1024\" \/>\n\t<meta property=\"og:image:type\" content=\"image\/jpeg\" \/>\n<meta name=\"twitter:card\" content=\"summary_large_image\" \/>\n<meta name=\"twitter:site\" content=\"@TourTravel_More\" \/>\n<meta name=\"twitter:label1\" content=\"Tiempo de lectura\" \/>\n\t<meta name=\"twitter:data1\" content=\"4 minutos\" \/>\n<script type=\"application\/ld+json\" class=\"yoast-schema-graph\">{\"@context\":\"https:\/\/schema.org\",\"@graph\":[{\"@type\":\"WebPage\",\"@id\":\"https:\/\/tourtravelandmore.com\/es\/tours\/emiratos-arabes-unidos-es\/abu-dhabi-es\/abu-dhabi-excursiones-privadas-cruceros-es\/tour-privado-de-medio-dia-abu-dhabi\/\",\"url\":\"https:\/\/tourtravelandmore.com\/es\/tours\/emiratos-arabes-unidos-es\/abu-dhabi-es\/abu-dhabi-excursiones-privadas-cruceros-es\/tour-privado-de-medio-dia-abu-dhabi\/\",\"name\":\"\u27a1\ufe0f Tour Privado de Medio D\u00eda en Abu Dhabi | Tour Travel & More\",\"isPartOf\":{\"@id\":\"https:\/\/tourtravelandmore.com\/es\/#website\"},\"primaryImageOfPage\":{\"@id\":\"https:\/\/tourtravelandmore.com\/es\/tours\/emiratos-arabes-unidos-es\/abu-dhabi-es\/abu-dhabi-excursiones-privadas-cruceros-es\/tour-privado-de-medio-dia-abu-dhabi\/#primaryimage\"},\"image\":{\"@id\":\"https:\/\/tourtravelandmore.com\/es\/tours\/emiratos-arabes-unidos-es\/abu-dhabi-es\/abu-dhabi-excursiones-privadas-cruceros-es\/tour-privado-de-medio-dia-abu-dhabi\/#primaryimage\"},\"thumbnailUrl\":\"https:\/\/tourtravelandmore.com\/wp-content\/uploads\/2019\/12\/abu-dhabi-6-1.jpg\",\"datePublished\":\"2019-12-10T13:54:21+00:00\",\"dateModified\":\"2023-08-04T09:54:21+00:00\",\"description\":\"Tour privado que os acercar\u00e1 a la ciudad de Abu Dhabi para explorar sus maravillosas mezquitas, su arquitectura futuristica y sus deslumbrantes islas \u2705\",\"breadcrumb\":{\"@id\":\"https:\/\/tourtravelandmore.com\/es\/tours\/emiratos-arabes-unidos-es\/abu-dhabi-es\/abu-dhabi-excursiones-privadas-cruceros-es\/tour-privado-de-medio-dia-abu-dhabi\/#breadcrumb\"},\"inLanguage\":\"es\",\"potentialAction\":[{\"@type\":\"ReadAction\",\"target\":[\"https:\/\/tourtravelandmore.com\/es\/tours\/emiratos-arabes-unidos-es\/abu-dhabi-es\/abu-dhabi-excursiones-privadas-cruceros-es\/tour-privado-de-medio-dia-abu-dhabi\/\"]}]},{\"@type\":\"ImageObject\",\"inLanguage\":\"es\",\"@id\":\"https:\/\/tourtravelandmore.com\/es\/tours\/emiratos-arabes-unidos-es\/abu-dhabi-es\/abu-dhabi-excursiones-privadas-cruceros-es\/tour-privado-de-medio-dia-abu-dhabi\/#primaryimage\",\"url\":\"https:\/\/tourtravelandmore.com\/wp-content\/uploads\/2019\/12\/abu-dhabi-6-1.jpg\",\"contentUrl\":\"https:\/\/tourtravelandmore.com\/wp-content\/uploads\/2019\/12\/abu-dhabi-6-1.jpg\",\"width\":2957,\"height\":4096},{\"@type\":\"BreadcrumbList\",\"@id\":\"https:\/\/tourtravelandmore.com\/es\/tours\/emiratos-arabes-unidos-es\/abu-dhabi-es\/abu-dhabi-excursiones-privadas-cruceros-es\/tour-privado-de-medio-dia-abu-dhabi\/#breadcrumb\",\"itemListElement\":[{\"@type\":\"ListItem\",\"position\":1,\"name\":\"Home\",\"item\":\"https:\/\/tourtravelandmore.com\/es\/\"},{\"@type\":\"ListItem\",\"position\":2,\"name\":\"Tours\",\"item\":\"https:\/\/tourtravelandmore.com\/es\/tours\/\"},{\"@type\":\"ListItem\",\"position\":3,\"name\":\"Tour Privado de Medio D\u00eda en Abu Dhabi\"}]},{\"@type\":\"WebSite\",\"@id\":\"https:\/\/tourtravelandmore.com\/es\/#website\",\"url\":\"https:\/\/tourtravelandmore.com\/es\/\",\"name\":\"Tour Travel And More\",\"description\":\"Private sightseeing tours and luxury transfers in Spain\",\"publisher\":{\"@id\":\"https:\/\/tourtravelandmore.com\/es\/#organization\"},\"potentialAction\":[{\"@type\":\"SearchAction\",\"target\":{\"@type\":\"EntryPoint\",\"urlTemplate\":\"https:\/\/tourtravelandmore.com\/es\/?s={search_term_string}\"},\"query-input\":{\"@type\":\"PropertyValueSpecification\",\"valueRequired\":true,\"valueName\":\"search_term_string\"}}],\"inLanguage\":\"es\"},{\"@type\":\"Organization\",\"@id\":\"https:\/\/tourtravelandmore.com\/es\/#organization\",\"name\":\"Tour Travel And More\",\"url\":\"https:\/\/tourtravelandmore.com\/es\/\",\"logo\":{\"@type\":\"ImageObject\",\"inLanguage\":\"es\",\"@id\":\"https:\/\/tourtravelandmore.com\/es\/#\/schema\/logo\/image\/\",\"url\":\"https:\/\/tourtravelandmore.com\/wp-content\/uploads\/2022\/12\/cropped-logo-cabecera-new.png\",\"contentUrl\":\"https:\/\/tourtravelandmore.com\/wp-content\/uploads\/2022\/12\/cropped-logo-cabecera-new.png\",\"width\":430,\"height\":61,\"caption\":\"Tour Travel And More\"},\"image\":{\"@id\":\"https:\/\/tourtravelandmore.com\/es\/#\/schema\/logo\/image\/\"},\"sameAs\":[\"https:\/\/www.facebook.com\/tourtravelandmore\/\",\"https:\/\/x.com\/TourTravel_More\"]}]}<\/script>\n<!-- \/ Yoast SEO Premium plugin. -->","yoast_head_json":{"title":"\u27a1\ufe0f Tour Privado de Medio D\u00eda en Abu Dhabi | Tour Travel & More","description":"Tour privado que os acercar\u00e1 a la ciudad de Abu Dhabi para explorar sus maravillosas mezquitas, su arquitectura futuristica y sus deslumbrantes islas \u2705","robots":{"index":"index","follow":"follow","max-snippet":"max-snippet:-1","max-image-preview":"max-image-preview:large","max-video-preview":"max-video-preview:-1"},"canonical":"https:\/\/tourtravelandmore.com\/es\/tours\/emiratos-arabes-unidos-es\/abu-dhabi-es\/abu-dhabi-excursiones-privadas-cruceros-es\/tour-privado-de-medio-dia-abu-dhabi\/","og_locale":"es_ES","og_type":"article","og_title":"Tour Privado de Medio D\u00eda en Abu Dhabi","og_description":"Tour privado que os acercar\u00e1 a la ciudad de Abu Dhabi para explorar sus maravillosas mezquitas, su arquitectura futuristica y sus deslumbrantes islas \u2705","og_url":"https:\/\/tourtravelandmore.com\/es\/tours\/emiratos-arabes-unidos-es\/abu-dhabi-es\/abu-dhabi-excursiones-privadas-cruceros-es\/tour-privado-de-medio-dia-abu-dhabi\/","og_site_name":"Tour Travel And More","article_publisher":"https:\/\/www.facebook.com\/tourtravelandmore\/","article_modified_time":"2023-08-04T09:54:21+00:00","og_image":[{"width":739,"height":1024,"url":"https:\/\/tourtravelandmore.com\/wp-content\/uploads\/2019\/12\/abu-dhabi-6-1-739x1024.jpg","type":"image\/jpeg"}],"twitter_card":"summary_large_image","twitter_site":"@TourTravel_More","twitter_misc":{"Tiempo de lectura":"4 minutos"},"schema":{"@context":"https:\/\/schema.org","@graph":[{"@type":"WebPage","@id":"https:\/\/tourtravelandmore.com\/es\/tours\/emiratos-arabes-unidos-es\/abu-dhabi-es\/abu-dhabi-excursiones-privadas-cruceros-es\/tour-privado-de-medio-dia-abu-dhabi\/","url":"https:\/\/tourtravelandmore.com\/es\/tours\/emiratos-arabes-unidos-es\/abu-dhabi-es\/abu-dhabi-excursiones-privadas-cruceros-es\/tour-privado-de-medio-dia-abu-dhabi\/","name":"\u27a1\ufe0f Tour Privado de Medio D\u00eda en Abu Dhabi | Tour Travel & More","isPartOf":{"@id":"https:\/\/tourtravelandmore.com\/es\/#website"},"primaryImageOfPage":{"@id":"https:\/\/tourtravelandmore.com\/es\/tours\/emiratos-arabes-unidos-es\/abu-dhabi-es\/abu-dhabi-excursiones-privadas-cruceros-es\/tour-privado-de-medio-dia-abu-dhabi\/#primaryimage"},"image":{"@id":"https:\/\/tourtravelandmore.com\/es\/tours\/emiratos-arabes-unidos-es\/abu-dhabi-es\/abu-dhabi-excursiones-privadas-cruceros-es\/tour-privado-de-medio-dia-abu-dhabi\/#primaryimage"},"thumbnailUrl":"https:\/\/tourtravelandmore.com\/wp-content\/uploads\/2019\/12\/abu-dhabi-6-1.jpg","datePublished":"2019-12-10T13:54:21+00:00","dateModified":"2023-08-04T09:54:21+00:00","description":"Tour privado que os acercar\u00e1 a la ciudad de Abu Dhabi para explorar sus maravillosas mezquitas, su arquitectura futuristica y sus deslumbrantes islas \u2705","breadcrumb":{"@id":"https:\/\/tourtravelandmore.com\/es\/tours\/emiratos-arabes-unidos-es\/abu-dhabi-es\/abu-dhabi-excursiones-privadas-cruceros-es\/tour-privado-de-medio-dia-abu-dhabi\/#breadcrumb"},"inLanguage":"es","potentialAction":[{"@type":"ReadAction","target":["https:\/\/tourtravelandmore.com\/es\/tours\/emiratos-arabes-unidos-es\/abu-dhabi-es\/abu-dhabi-excursiones-privadas-cruceros-es\/tour-privado-de-medio-dia-abu-dhabi\/"]}]},{"@type":"ImageObject","inLanguage":"es","@id":"https:\/\/tourtravelandmore.com\/es\/tours\/emiratos-arabes-unidos-es\/abu-dhabi-es\/abu-dhabi-excursiones-privadas-cruceros-es\/tour-privado-de-medio-dia-abu-dhabi\/#primaryimage","url":"https:\/\/tourtravelandmore.com\/wp-content\/uploads\/2019\/12\/abu-dhabi-6-1.jpg","contentUrl":"https:\/\/tourtravelandmore.com\/wp-content\/uploads\/2019\/12\/abu-dhabi-6-1.jpg","width":2957,"height":4096},{"@type":"BreadcrumbList","@id":"https:\/\/tourtravelandmore.com\/es\/tours\/emiratos-arabes-unidos-es\/abu-dhabi-es\/abu-dhabi-excursiones-privadas-cruceros-es\/tour-privado-de-medio-dia-abu-dhabi\/#breadcrumb","itemListElement":[{"@type":"ListItem","position":1,"name":"Home","item":"https:\/\/tourtravelandmore.com\/es\/"},{"@type":"ListItem","position":2,"name":"Tours","item":"https:\/\/tourtravelandmore.com\/es\/tours\/"},{"@type":"ListItem","position":3,"name":"Tour Privado de Medio D\u00eda en Abu Dhabi"}]},{"@type":"WebSite","@id":"https:\/\/tourtravelandmore.com\/es\/#website","url":"https:\/\/tourtravelandmore.com\/es\/","name":"Tour Travel And More","description":"Private sightseeing tours and luxury transfers in Spain","publisher":{"@id":"https:\/\/tourtravelandmore.com\/es\/#organization"},"potentialAction":[{"@type":"SearchAction","target":{"@type":"EntryPoint","urlTemplate":"https:\/\/tourtravelandmore.com\/es\/?s={search_term_string}"},"query-input":{"@type":"PropertyValueSpecification","valueRequired":true,"valueName":"search_term_string"}}],"inLanguage":"es"},{"@type":"Organization","@id":"https:\/\/tourtravelandmore.com\/es\/#organization","name":"Tour Travel And More","url":"https:\/\/tourtravelandmore.com\/es\/","logo":{"@type":"ImageObject","inLanguage":"es","@id":"https:\/\/tourtravelandmore.com\/es\/#\/schema\/logo\/image\/","url":"https:\/\/tourtravelandmore.com\/wp-content\/uploads\/2022\/12\/cropped-logo-cabecera-new.png","contentUrl":"https:\/\/tourtravelandmore.com\/wp-content\/uploads\/2022\/12\/cropped-logo-cabecera-new.png","width":430,"height":61,"caption":"Tour Travel And More"},"image":{"@id":"https:\/\/tourtravelandmore.com\/es\/#\/schema\/logo\/image\/"},"sameAs":["https:\/\/www.facebook.com\/tourtravelandmore\/","https:\/\/x.com\/TourTravel_More"]}]}},"_links":{"self":[{"href":"https:\/\/tourtravelandmore.com\/es\/wp-json\/wp\/v2\/product\/72065","targetHints":{"allow":["GET"]}}],"collection":[{"href":"https:\/\/tourtravelandmore.com\/es\/wp-json\/wp\/v2\/product"}],"about":[{"href":"https:\/\/tourtravelandmore.com\/es\/wp-json\/wp\/v2\/types\/product"}],"replies":[{"embeddable":true,"href":"https:\/\/tourtravelandmore.com\/es\/wp-json\/wp\/v2\/comments?post=72065"}],"wp:featuredmedia":[{"embeddable":true,"href":"https:\/\/tourtravelandmore.com\/es\/wp-json\/wp\/v2\/media\/72179"}],"wp:attachment":[{"href":"https:\/\/tourtravelandmore.com\/es\/wp-json\/wp\/v2\/media?parent=72065"}],"wp:term":[{"taxonomy":"product_brand","embeddable":true,"href":"https:\/\/tourtravelandmore.com\/es\/wp-json\/wp\/v2\/product_brand?post=72065"},{"taxonomy":"product_cat","embeddable":true,"href":"https:\/\/tourtravelandmore.com\/es\/wp-json\/wp\/v2\/product_cat?post=72065"},{"taxonomy":"product_tag","embeddable":true,"href":"https:\/\/tourtravelandmore.com\/es\/wp-json\/wp\/v2\/product_tag?post=72065"}],"curies":[{"name":"wp","href":"https:\/\/api.w.org\/{rel}","templated":true}]}}