{"id":72040,"date":"2019-12-10T12:49:50","date_gmt":"2019-12-10T11:49:51","guid":{"rendered":"https:\/\/tourtravelandmore.com\/?post_type=product&#038;p=72040"},"modified":"2023-10-16T08:45:29","modified_gmt":"2023-10-16T06:45:29","slug":"tour-privado-a-petra-desde-amman","status":"publish","type":"product","link":"https:\/\/tourtravelandmore.com\/es\/tours\/jordania-es\/petra-es\/petra-rutas-turisticas-privadas-es\/tour-privado-a-petra-desde-amman\/","title":{"rendered":"Tour Privado a Petra desde Amman"},"content":{"rendered":"<h2 id=\"tw-target-text\" class=\"tw-data-text tw-text-large XcVN5d tw-ta\" dir=\"ltr\" data-placeholder=\"Traducci\u00f3n\"><span lang=\"es\">Descripci\u00f3n del Tour Privado a Petra desde Amman<\/span><\/h2>\n<p>La primera parada obligatoria en Petra ser\u00e1 con la visita al Siq, un famoso desfiladero con m\u00e1s de 1200 metros de longitud. A continuaci\u00f3n, nos dirigiremos al tesoro (Al Khazna) famoso lugar conocido por la pel\u00edcula de Indiana Jones. Tiene 40 metros de altura y columnas de 12 metros. Continuaremos por las calles de las fachadas donde veremos las famosas tumbas. Todo esto lo podr\u00e1 disfruta con nuestro <strong>Tour Privado a Petra desde Amman<\/strong>.<\/p>\n<p>Otra parada obligada es el teatro romano, conocido por sus famosas tumbas, donde podr\u00e1 observar las tumbas reales como la Urna Tumba y la Tumba de la Seda. Adem\u00e1s, podr\u00e1 conocer el monumento del palacio con una fachada de 5 metros de altura. Luego veremos el camino de columnas donde se ubicaron la mayor\u00eda de los edificios p\u00fablicos m\u00e1s importantes de la ciudad. Llegaremos a la iglesia bizantina, que lamentablemente fue destruida por un terremoto y quedan solo sus ruinas.<\/p>\n<p>Finalmente, visitaremos el Gran Templo, conocido por ser uno de los sitios arqueol\u00f3gicos m\u00e1s grandes de Petra.<\/p>\n<p>Este tour es absolutamente personalizable. Puede adaptar todos nuestros tours en Petra a su propio inter\u00e9s con solo contactarnos.<\/p>\n<h2>Puntos emblem\u00e1ticos y de inter\u00e9s<\/h2>\n<p>Durante su tour privado a Petra desde Amman, puede ver, entre otros, los siguientes lugares de inter\u00e9s:<\/p>\n<ul>\n<li><strong>Teatro Romano <\/strong><\/li>\n<li><strong><span class=\"JLqJ4b\" data-language-for-alternatives=\"es\" data-language-to-translate-into=\"en\" data-phrase-index=\"3\"><span class=\"JLqJ4b ChMk0b\" data-language-for-alternatives=\"es\" data-language-to-translate-into=\"en\" data-phrase-index=\"4\">Iglesia Bizantina <\/span><\/span><\/strong><\/li>\n<li><strong><span class=\"JLqJ4b\" data-language-for-alternatives=\"es\" data-language-to-translate-into=\"en\" data-phrase-index=\"3\"><span class=\"JLqJ4b ChMk0b\" data-language-for-alternatives=\"es\" data-language-to-translate-into=\"en\" data-phrase-index=\"4\">El Sig <\/span><\/span><\/strong><\/li>\n<li><strong><span class=\"JLqJ4b\" data-language-for-alternatives=\"es\" data-language-to-translate-into=\"en\" data-phrase-index=\"3\"><span class=\"JLqJ4b ChMk0b\" data-language-for-alternatives=\"es\" data-language-to-translate-into=\"en\" data-phrase-index=\"4\">La Calle de las fachadas<\/span><\/span><\/strong><\/li>\n<li><strong>Gran Templo<\/strong><\/li>\n<li><strong><span class=\"JLqJ4b\" data-language-for-alternatives=\"es\" data-language-to-translate-into=\"en\" data-phrase-index=\"3\"><span class=\"JLqJ4b ChMk0b\" data-language-for-alternatives=\"es\" data-language-to-translate-into=\"en\" data-phrase-index=\"4\">Todo esto y mucho m\u00e1s en nuestro tour privado a Petra.<\/span><\/span><\/strong><\/li>\n<\/ul>\n<p>Al finalizar el recorrido, su chofer privado lo llevar\u00e1n de regreso a su punto de partida en la ciudad de Amman.<\/p>\n<p>Este tour es completamente personalizable. <span class=\"JLqJ4b ChMk0b\" data-language-for-alternatives=\"es\" data-language-to-translate-into=\"en\" data-phrase-index=\"1\">Comun\u00edquese con nosotros para que su experiencia sea \u00fanica y para que lo ayudemos a organizar su recorrido privado adapt\u00e1ndose a sus necesidades y gustos personales. <\/span><\/p>\n<p><span class=\"JLqJ4b ChMk0b\" data-language-for-alternatives=\"es\" data-language-to-translate-into=\"en\" data-phrase-index=\"1\">Tambi\u00e9n podemos organizar traslados en cualquier ciudad de Jordania.<span class=\"JLqJ4b\" data-language-for-alternatives=\"es\" data-language-to-translate-into=\"en\" data-phrase-index=\"3\"> \u00a1<a href=\"https:\/\/tourtravelandmore.com\/es\/ciudad\/jordania-es\/petra-es\/\">Eche un vistazo a nuestros tours privados de Petra aqu\u00ed<\/a>!<\/span><\/span><\/p>\n","protected":false},"excerpt":{"rendered":"<p>Disfrute de este <strong>tour privado por la ciudad de Petra<\/strong> y admire los lugares m\u00e1s destacados. La ciudad de <strong>Petra<\/strong>, en <strong>Jordania<\/strong>, es conocida por ser una de las 7 maravillas del mundo moderno, una ciudad llena de misterios y leyendas.<\/p>\n","protected":false},"featured_media":91487,"comment_status":"open","ping_status":"closed","template":"","meta":{"_acf_changed":false},"product_brand":[],"product_cat":[1792,1793,1798,1796],"product_tag":[1393,4041,1392],"class_list":{"0":"post-72040","1":"product","2":"type-product","3":"status-publish","4":"has-post-thumbnail","6":"product_cat-jordania-es","7":"product_cat-petra-es","8":"product_cat-petra-actividades-es","9":"product_cat-petra-rutas-turisticas-privadas-es","10":"product_tag-city-tour-es","11":"product_tag-private-es","12":"product_tag-private-tour-es","14":"first","15":"instock","16":"shipping-taxable","17":"purchasable","18":"product-type-simple"},"acf":[],"yoast_head":"<!-- This site is optimized with the Yoast SEO Premium plugin v25.3.1 (Yoast SEO v25.3.1) - https:\/\/yoast.com\/wordpress\/plugins\/seo\/ -->\n<title>\u27a1\ufe0f Tour Privado a Petra desde Amman con chofer privado | Tour Travel &amp; More<\/title>\n<meta name=\"description\" content=\"Disfrute de este Tour Privado a Petra desde Amman. Conozca sus monumentos m\u00e1s famosos y sus impresionantes paisajes rurales con un gu\u00eda \u2705\" \/>\n<meta name=\"robots\" content=\"index, follow, max-snippet:-1, max-image-preview:large, max-video-preview:-1\" \/>\n<link rel=\"canonical\" href=\"https:\/\/tourtravelandmore.com\/es\/tours\/jordania-es\/petra-es\/petra-rutas-turisticas-privadas-es\/tour-privado-a-petra-desde-amman\/\" \/>\n<meta property=\"og:locale\" content=\"es_ES\" \/>\n<meta property=\"og:type\" content=\"article\" \/>\n<meta property=\"og:title\" content=\"Tour Privado a Petra desde Amman\" \/>\n<meta property=\"og:description\" content=\"Disfrute de este Tour Privado a Petra desde Amman. Conozca sus monumentos m\u00e1s famosos y sus impresionantes paisajes rurales con un gu\u00eda \u2705\" \/>\n<meta property=\"og:url\" content=\"https:\/\/tourtravelandmore.com\/es\/tours\/jordania-es\/petra-es\/petra-rutas-turisticas-privadas-es\/tour-privado-a-petra-desde-amman\/\" \/>\n<meta property=\"og:site_name\" content=\"Tour Travel And More\" \/>\n<meta property=\"article:publisher\" content=\"https:\/\/www.facebook.com\/tourtravelandmore\/\" \/>\n<meta property=\"article:modified_time\" content=\"2023-10-16T06:45:29+00:00\" \/>\n<meta property=\"og:image\" content=\"https:\/\/tourtravelandmore.com\/wp-content\/uploads\/2019\/12\/petra-1-scaled.jpg\" \/>\n\t<meta property=\"og:image:width\" content=\"2560\" \/>\n\t<meta property=\"og:image:height\" content=\"1691\" \/>\n\t<meta property=\"og:image:type\" content=\"image\/jpeg\" \/>\n<meta name=\"twitter:card\" content=\"summary_large_image\" \/>\n<meta name=\"twitter:site\" content=\"@TourTravel_More\" \/>\n<meta name=\"twitter:label1\" content=\"Tiempo de lectura\" \/>\n\t<meta name=\"twitter:data1\" content=\"2 minutos\" \/>\n<script type=\"application\/ld+json\" class=\"yoast-schema-graph\">{\"@context\":\"https:\/\/schema.org\",\"@graph\":[{\"@type\":\"WebPage\",\"@id\":\"https:\/\/tourtravelandmore.com\/es\/tours\/jordania-es\/petra-es\/petra-rutas-turisticas-privadas-es\/tour-privado-a-petra-desde-amman\/\",\"url\":\"https:\/\/tourtravelandmore.com\/es\/tours\/jordania-es\/petra-es\/petra-rutas-turisticas-privadas-es\/tour-privado-a-petra-desde-amman\/\",\"name\":\"\u27a1\ufe0f Tour Privado a Petra desde Amman con chofer privado | Tour Travel & More\",\"isPartOf\":{\"@id\":\"https:\/\/tourtravelandmore.com\/es\/#website\"},\"primaryImageOfPage\":{\"@id\":\"https:\/\/tourtravelandmore.com\/es\/tours\/jordania-es\/petra-es\/petra-rutas-turisticas-privadas-es\/tour-privado-a-petra-desde-amman\/#primaryimage\"},\"image\":{\"@id\":\"https:\/\/tourtravelandmore.com\/es\/tours\/jordania-es\/petra-es\/petra-rutas-turisticas-privadas-es\/tour-privado-a-petra-desde-amman\/#primaryimage\"},\"thumbnailUrl\":\"https:\/\/tourtravelandmore.com\/wp-content\/uploads\/2019\/12\/petra-1-scaled.jpg\",\"datePublished\":\"2019-12-10T11:49:51+00:00\",\"dateModified\":\"2023-10-16T06:45:29+00:00\",\"description\":\"Disfrute de este Tour Privado a Petra desde Amman. Conozca sus monumentos m\u00e1s famosos y sus impresionantes paisajes rurales con un gu\u00eda \u2705\",\"breadcrumb\":{\"@id\":\"https:\/\/tourtravelandmore.com\/es\/tours\/jordania-es\/petra-es\/petra-rutas-turisticas-privadas-es\/tour-privado-a-petra-desde-amman\/#breadcrumb\"},\"inLanguage\":\"es\",\"potentialAction\":[{\"@type\":\"ReadAction\",\"target\":[\"https:\/\/tourtravelandmore.com\/es\/tours\/jordania-es\/petra-es\/petra-rutas-turisticas-privadas-es\/tour-privado-a-petra-desde-amman\/\"]}]},{\"@type\":\"ImageObject\",\"inLanguage\":\"es\",\"@id\":\"https:\/\/tourtravelandmore.com\/es\/tours\/jordania-es\/petra-es\/petra-rutas-turisticas-privadas-es\/tour-privado-a-petra-desde-amman\/#primaryimage\",\"url\":\"https:\/\/tourtravelandmore.com\/wp-content\/uploads\/2019\/12\/petra-1-scaled.jpg\",\"contentUrl\":\"https:\/\/tourtravelandmore.com\/wp-content\/uploads\/2019\/12\/petra-1-scaled.jpg\",\"width\":2560,\"height\":1691},{\"@type\":\"BreadcrumbList\",\"@id\":\"https:\/\/tourtravelandmore.com\/es\/tours\/jordania-es\/petra-es\/petra-rutas-turisticas-privadas-es\/tour-privado-a-petra-desde-amman\/#breadcrumb\",\"itemListElement\":[{\"@type\":\"ListItem\",\"position\":1,\"name\":\"Home\",\"item\":\"https:\/\/tourtravelandmore.com\/es\/\"},{\"@type\":\"ListItem\",\"position\":2,\"name\":\"Tours\",\"item\":\"https:\/\/tourtravelandmore.com\/es\/tours\/\"},{\"@type\":\"ListItem\",\"position\":3,\"name\":\"Tour Privado a Petra desde Amman\"}]},{\"@type\":\"WebSite\",\"@id\":\"https:\/\/tourtravelandmore.com\/es\/#website\",\"url\":\"https:\/\/tourtravelandmore.com\/es\/\",\"name\":\"Tour Travel And More\",\"description\":\"Private sightseeing tours and luxury transfers in Spain\",\"publisher\":{\"@id\":\"https:\/\/tourtravelandmore.com\/es\/#organization\"},\"potentialAction\":[{\"@type\":\"SearchAction\",\"target\":{\"@type\":\"EntryPoint\",\"urlTemplate\":\"https:\/\/tourtravelandmore.com\/es\/?s={search_term_string}\"},\"query-input\":{\"@type\":\"PropertyValueSpecification\",\"valueRequired\":true,\"valueName\":\"search_term_string\"}}],\"inLanguage\":\"es\"},{\"@type\":\"Organization\",\"@id\":\"https:\/\/tourtravelandmore.com\/es\/#organization\",\"name\":\"Tour Travel And More\",\"url\":\"https:\/\/tourtravelandmore.com\/es\/\",\"logo\":{\"@type\":\"ImageObject\",\"inLanguage\":\"es\",\"@id\":\"https:\/\/tourtravelandmore.com\/es\/#\/schema\/logo\/image\/\",\"url\":\"https:\/\/tourtravelandmore.com\/wp-content\/uploads\/2022\/12\/cropped-logo-cabecera-new.png\",\"contentUrl\":\"https:\/\/tourtravelandmore.com\/wp-content\/uploads\/2022\/12\/cropped-logo-cabecera-new.png\",\"width\":430,\"height\":61,\"caption\":\"Tour Travel And More\"},\"image\":{\"@id\":\"https:\/\/tourtravelandmore.com\/es\/#\/schema\/logo\/image\/\"},\"sameAs\":[\"https:\/\/www.facebook.com\/tourtravelandmore\/\",\"https:\/\/x.com\/TourTravel_More\"]}]}<\/script>\n<!-- \/ Yoast SEO Premium plugin. -->","yoast_head_json":{"title":"\u27a1\ufe0f Tour Privado a Petra desde Amman con chofer privado | Tour Travel & More","description":"Disfrute de este Tour Privado a Petra desde Amman. Conozca sus monumentos m\u00e1s famosos y sus impresionantes paisajes rurales con un gu\u00eda \u2705","robots":{"index":"index","follow":"follow","max-snippet":"max-snippet:-1","max-image-preview":"max-image-preview:large","max-video-preview":"max-video-preview:-1"},"canonical":"https:\/\/tourtravelandmore.com\/es\/tours\/jordania-es\/petra-es\/petra-rutas-turisticas-privadas-es\/tour-privado-a-petra-desde-amman\/","og_locale":"es_ES","og_type":"article","og_title":"Tour Privado a Petra desde Amman","og_description":"Disfrute de este Tour Privado a Petra desde Amman. Conozca sus monumentos m\u00e1s famosos y sus impresionantes paisajes rurales con un gu\u00eda \u2705","og_url":"https:\/\/tourtravelandmore.com\/es\/tours\/jordania-es\/petra-es\/petra-rutas-turisticas-privadas-es\/tour-privado-a-petra-desde-amman\/","og_site_name":"Tour Travel And More","article_publisher":"https:\/\/www.facebook.com\/tourtravelandmore\/","article_modified_time":"2023-10-16T06:45:29+00:00","og_image":[{"width":2560,"height":1691,"url":"https:\/\/tourtravelandmore.com\/wp-content\/uploads\/2019\/12\/petra-1-scaled.jpg","type":"image\/jpeg"}],"twitter_card":"summary_large_image","twitter_site":"@TourTravel_More","twitter_misc":{"Tiempo de lectura":"2 minutos"},"schema":{"@context":"https:\/\/schema.org","@graph":[{"@type":"WebPage","@id":"https:\/\/tourtravelandmore.com\/es\/tours\/jordania-es\/petra-es\/petra-rutas-turisticas-privadas-es\/tour-privado-a-petra-desde-amman\/","url":"https:\/\/tourtravelandmore.com\/es\/tours\/jordania-es\/petra-es\/petra-rutas-turisticas-privadas-es\/tour-privado-a-petra-desde-amman\/","name":"\u27a1\ufe0f Tour Privado a Petra desde Amman con chofer privado | Tour Travel & More","isPartOf":{"@id":"https:\/\/tourtravelandmore.com\/es\/#website"},"primaryImageOfPage":{"@id":"https:\/\/tourtravelandmore.com\/es\/tours\/jordania-es\/petra-es\/petra-rutas-turisticas-privadas-es\/tour-privado-a-petra-desde-amman\/#primaryimage"},"image":{"@id":"https:\/\/tourtravelandmore.com\/es\/tours\/jordania-es\/petra-es\/petra-rutas-turisticas-privadas-es\/tour-privado-a-petra-desde-amman\/#primaryimage"},"thumbnailUrl":"https:\/\/tourtravelandmore.com\/wp-content\/uploads\/2019\/12\/petra-1-scaled.jpg","datePublished":"2019-12-10T11:49:51+00:00","dateModified":"2023-10-16T06:45:29+00:00","description":"Disfrute de este Tour Privado a Petra desde Amman. Conozca sus monumentos m\u00e1s famosos y sus impresionantes paisajes rurales con un gu\u00eda \u2705","breadcrumb":{"@id":"https:\/\/tourtravelandmore.com\/es\/tours\/jordania-es\/petra-es\/petra-rutas-turisticas-privadas-es\/tour-privado-a-petra-desde-amman\/#breadcrumb"},"inLanguage":"es","potentialAction":[{"@type":"ReadAction","target":["https:\/\/tourtravelandmore.com\/es\/tours\/jordania-es\/petra-es\/petra-rutas-turisticas-privadas-es\/tour-privado-a-petra-desde-amman\/"]}]},{"@type":"ImageObject","inLanguage":"es","@id":"https:\/\/tourtravelandmore.com\/es\/tours\/jordania-es\/petra-es\/petra-rutas-turisticas-privadas-es\/tour-privado-a-petra-desde-amman\/#primaryimage","url":"https:\/\/tourtravelandmore.com\/wp-content\/uploads\/2019\/12\/petra-1-scaled.jpg","contentUrl":"https:\/\/tourtravelandmore.com\/wp-content\/uploads\/2019\/12\/petra-1-scaled.jpg","width":2560,"height":1691},{"@type":"BreadcrumbList","@id":"https:\/\/tourtravelandmore.com\/es\/tours\/jordania-es\/petra-es\/petra-rutas-turisticas-privadas-es\/tour-privado-a-petra-desde-amman\/#breadcrumb","itemListElement":[{"@type":"ListItem","position":1,"name":"Home","item":"https:\/\/tourtravelandmore.com\/es\/"},{"@type":"ListItem","position":2,"name":"Tours","item":"https:\/\/tourtravelandmore.com\/es\/tours\/"},{"@type":"ListItem","position":3,"name":"Tour Privado a Petra desde Amman"}]},{"@type":"WebSite","@id":"https:\/\/tourtravelandmore.com\/es\/#website","url":"https:\/\/tourtravelandmore.com\/es\/","name":"Tour Travel And More","description":"Private sightseeing tours and luxury transfers in Spain","publisher":{"@id":"https:\/\/tourtravelandmore.com\/es\/#organization"},"potentialAction":[{"@type":"SearchAction","target":{"@type":"EntryPoint","urlTemplate":"https:\/\/tourtravelandmore.com\/es\/?s={search_term_string}"},"query-input":{"@type":"PropertyValueSpecification","valueRequired":true,"valueName":"search_term_string"}}],"inLanguage":"es"},{"@type":"Organization","@id":"https:\/\/tourtravelandmore.com\/es\/#organization","name":"Tour Travel And More","url":"https:\/\/tourtravelandmore.com\/es\/","logo":{"@type":"ImageObject","inLanguage":"es","@id":"https:\/\/tourtravelandmore.com\/es\/#\/schema\/logo\/image\/","url":"https:\/\/tourtravelandmore.com\/wp-content\/uploads\/2022\/12\/cropped-logo-cabecera-new.png","contentUrl":"https:\/\/tourtravelandmore.com\/wp-content\/uploads\/2022\/12\/cropped-logo-cabecera-new.png","width":430,"height":61,"caption":"Tour Travel And More"},"image":{"@id":"https:\/\/tourtravelandmore.com\/es\/#\/schema\/logo\/image\/"},"sameAs":["https:\/\/www.facebook.com\/tourtravelandmore\/","https:\/\/x.com\/TourTravel_More"]}]}},"_links":{"self":[{"href":"https:\/\/tourtravelandmore.com\/es\/wp-json\/wp\/v2\/product\/72040","targetHints":{"allow":["GET"]}}],"collection":[{"href":"https:\/\/tourtravelandmore.com\/es\/wp-json\/wp\/v2\/product"}],"about":[{"href":"https:\/\/tourtravelandmore.com\/es\/wp-json\/wp\/v2\/types\/product"}],"replies":[{"embeddable":true,"href":"https:\/\/tourtravelandmore.com\/es\/wp-json\/wp\/v2\/comments?post=72040"}],"wp:featuredmedia":[{"embeddable":true,"href":"https:\/\/tourtravelandmore.com\/es\/wp-json\/wp\/v2\/media\/91487"}],"wp:attachment":[{"href":"https:\/\/tourtravelandmore.com\/es\/wp-json\/wp\/v2\/media?parent=72040"}],"wp:term":[{"taxonomy":"product_brand","embeddable":true,"href":"https:\/\/tourtravelandmore.com\/es\/wp-json\/wp\/v2\/product_brand?post=72040"},{"taxonomy":"product_cat","embeddable":true,"href":"https:\/\/tourtravelandmore.com\/es\/wp-json\/wp\/v2\/product_cat?post=72040"},{"taxonomy":"product_tag","embeddable":true,"href":"https:\/\/tourtravelandmore.com\/es\/wp-json\/wp\/v2\/product_tag?post=72040"}],"curies":[{"name":"wp","href":"https:\/\/api.w.org\/{rel}","templated":true}]}}