{"id":71768,"date":"2019-12-05T12:53:09","date_gmt":"2019-12-05T11:53:11","guid":{"rendered":"https:\/\/tourtravelandmore.com\/?post_type=product&#038;p=71768"},"modified":"2023-10-16T08:47:26","modified_gmt":"2023-10-16T06:47:26","slug":"traslados-privados-en-jordania","status":"publish","type":"product","link":"https:\/\/tourtravelandmore.com\/es\/tours\/jordania-es\/petra-es\/petra-traslados-es\/traslados-privados-en-jordania\/","title":{"rendered":"Traslados Privados en Jordania (Amman &#8211; Aqaba &#8211; Petra)"},"content":{"rendered":"<h2><strong>Descripci\u00f3n de los Traslados\u00a0Privados en Jordania (Amman &#8211; Aqaba &#8211; Petra)<\/strong><\/h2>\n<p>Con nuestros <strong>Traslados Privados en Jordania<\/strong>, le ofrecemos la forma m\u00e1s r\u00e1pida y sencilla de llegar a su destino final, con la comodidad de un veh\u00edculo privado de lujo. Estos son nuestros traslados privados en Jordania (Amman &#8211; Aqaba &#8211; Petra). Disfrute de una experiencia relajante en uno de nuestros <strong>veh\u00edculos privados de lujo<\/strong>.<\/p>\n<p>Ofrecemos todo tipo de traslados como por ejemplo traslados en tren, traslados al aeropuerto, traslados a restaurantes o traslados a cualquier lugar.<\/p>\n<p>Una vez que llegue a su destino, nuestro personal lo estar\u00e1 esperando con un cartel en el puerto o estaci\u00f3n de tren. Tambi\u00e9n podr\u00e1 disfrutar del paisaje panor\u00e1mico de la ciudad en su veh\u00edculo privado de lujo.<\/p>\n<p>Disfruta tambi\u00e9n de traslados privados desde tu hotel o apartamento hasta el <a href=\"https:\/\/qaiairport.com\/en\/Pages\/default.aspx\">aeropuerto<\/a> o puerto. Tambi\u00e9n ofrecemos traslados a otras ciudades cercanas a Petra, Amman o Aqaba.<\/p>\n<p>Ofrecemos traslados para grupos privados e incluso incentivos y grupos grandes y ofrecemos un servicio personalizado. Todo lo que necesita hacer es contactarnos y organizaremos su traslado de la mejor manera posible. Nuestros traslados privados pueden ser a cualquier lugar de cada ciudad e ir de una ciudad a otra.<\/p>\n<p>H\u00e1ganos saber cu\u00e1nto equipaje tendr\u00e1 para organizar el veh\u00edculo correspondiente. Tambi\u00e9n tenemos asientos para ni\u00f1os disponibles. \u00a1P\u00f3ngase en contacto con uno de nuestros expertos en viajes!<\/p>\n<h2><strong>Puntos de inter\u00e9s en los Traslados Privados en Jordania (Amman &#8211; Aqaba &#8211; Petra)<\/strong><\/h2>\n<p><strong>Petra<\/strong> es un famoso sitio arqueol\u00f3gico ubicado en el desierto del suroeste de Jordania. <span class=\"JLqJ4b ChMk0b\" data-language-for-alternatives=\"es\" data-language-to-translate-into=\"en\" data-phrase-index=\"1\">Fue fundada alrededor del a\u00f1o 300 a. C. y se convirti\u00f3 en la capital del reino nabateo. La ciudad, a la que solo se puede acceder a trav\u00e9s de un estrecho ca\u00f1\u00f3n llamado Al Siq, alberga tumbas y templos excavados en acantilados de arenisca rosa, de donde deriva su apodo, la Ciudad Rosa. <\/span><\/p>\n<p><span class=\"JLqJ4b ChMk0b\" data-language-for-alternatives=\"es\" data-language-to-translate-into=\"en\" data-phrase-index=\"1\">La construcci\u00f3n m\u00e1s famosa es probablemente Al Khazneh (tambi\u00e9n conocida como El Tesoro), un templo de 45 metros de altura con una ornamentada fachada de estilo griego.<\/span><\/p>\n<p>\u00a1Conozca todos nuestros tours y traslados privados en Jordania <a href=\"https:\/\/tourtravelandmore.com\/es\/ciudad\/jordania-es\/petra-es\/\">aqu\u00ed<\/a>!<\/p>\n","protected":false},"excerpt":{"rendered":"<p>Aproveche esta oportunidad para <strong>llegar a su destino final en Jordania<\/strong>\u00a0de la manera m\u00e1s c\u00f3moda y r\u00e1pida posible.<br \/>\nOrganizamos recogidas desde su hotel, aeropuerto o cualquier lugar de <strong>Petra u otras ciudades<\/strong>.<\/p>\n","protected":false},"featured_media":8097,"comment_status":"open","ping_status":"closed","template":"","meta":{"_acf_changed":false},"product_brand":[],"product_cat":[1792,1793,1794],"product_tag":[4041,4040],"class_list":{"0":"post-71768","1":"product","2":"type-product","3":"status-publish","4":"has-post-thumbnail","6":"product_cat-jordania-es","7":"product_cat-petra-es","8":"product_cat-petra-traslados-es","9":"product_tag-private-es","10":"product_tag-transfer-es","12":"first","13":"instock","14":"shipping-taxable","15":"purchasable","16":"product-type-simple"},"acf":[],"yoast_head":"<!-- This site is optimized with the Yoast SEO Premium plugin v25.3.1 (Yoast SEO v25.3.1) - https:\/\/yoast.com\/wordpress\/plugins\/seo\/ -->\n<title>\u27a1\ufe0f Traslados Privados en Jordania: veh\u00edculos privados con chofer | Tour Travel &amp; More<\/title>\n<meta name=\"description\" content=\"Traslados privados en Jordania desde el aeropuerto, puerto u otras ciudades en Jordania. Veh\u00edculos privados a su disposici\u00f3n con chofer \u2705\" \/>\n<meta name=\"robots\" content=\"index, follow, max-snippet:-1, max-image-preview:large, max-video-preview:-1\" \/>\n<link rel=\"canonical\" href=\"https:\/\/tourtravelandmore.com\/es\/tours\/jordania-es\/petra-es\/petra-traslados-es\/traslados-privados-en-jordania\/\" \/>\n<meta property=\"og:locale\" content=\"es_ES\" \/>\n<meta property=\"og:type\" content=\"article\" \/>\n<meta property=\"og:title\" content=\"Traslados Privados en Jordania (Amman - Aqaba - Petra)\" \/>\n<meta property=\"og:description\" content=\"Traslados privados en Jordania desde el aeropuerto, puerto u otras ciudades en Jordania. Veh\u00edculos privados a su disposici\u00f3n con chofer \u2705\" \/>\n<meta property=\"og:url\" content=\"https:\/\/tourtravelandmore.com\/es\/tours\/jordania-es\/petra-es\/petra-traslados-es\/traslados-privados-en-jordania\/\" \/>\n<meta property=\"og:site_name\" content=\"Tour Travel And More\" \/>\n<meta property=\"article:publisher\" content=\"https:\/\/www.facebook.com\/tourtravelandmore\/\" \/>\n<meta property=\"article:modified_time\" content=\"2023-10-16T06:47:26+00:00\" \/>\n<meta property=\"og:image\" content=\"https:\/\/tourtravelandmore.com\/wp-content\/uploads\/2016\/10\/transfer-airport-barcelona.jpg\" \/>\n\t<meta property=\"og:image:width\" content=\"955\" \/>\n\t<meta property=\"og:image:height\" content=\"636\" \/>\n\t<meta property=\"og:image:type\" content=\"image\/jpeg\" \/>\n<meta name=\"twitter:card\" content=\"summary_large_image\" \/>\n<meta name=\"twitter:site\" content=\"@TourTravel_More\" \/>\n<meta name=\"twitter:label1\" content=\"Tiempo de lectura\" \/>\n\t<meta name=\"twitter:data1\" content=\"2 minutos\" \/>\n<script type=\"application\/ld+json\" class=\"yoast-schema-graph\">{\"@context\":\"https:\/\/schema.org\",\"@graph\":[{\"@type\":\"WebPage\",\"@id\":\"https:\/\/tourtravelandmore.com\/es\/tours\/jordania-es\/petra-es\/petra-traslados-es\/traslados-privados-en-jordania\/\",\"url\":\"https:\/\/tourtravelandmore.com\/es\/tours\/jordania-es\/petra-es\/petra-traslados-es\/traslados-privados-en-jordania\/\",\"name\":\"\u27a1\ufe0f Traslados Privados en Jordania: veh\u00edculos privados con chofer | Tour Travel & More\",\"isPartOf\":{\"@id\":\"https:\/\/tourtravelandmore.com\/es\/#website\"},\"primaryImageOfPage\":{\"@id\":\"https:\/\/tourtravelandmore.com\/es\/tours\/jordania-es\/petra-es\/petra-traslados-es\/traslados-privados-en-jordania\/#primaryimage\"},\"image\":{\"@id\":\"https:\/\/tourtravelandmore.com\/es\/tours\/jordania-es\/petra-es\/petra-traslados-es\/traslados-privados-en-jordania\/#primaryimage\"},\"thumbnailUrl\":\"https:\/\/tourtravelandmore.com\/wp-content\/uploads\/2016\/10\/transfer-airport-barcelona.jpg\",\"datePublished\":\"2019-12-05T11:53:11+00:00\",\"dateModified\":\"2023-10-16T06:47:26+00:00\",\"description\":\"Traslados privados en Jordania desde el aeropuerto, puerto u otras ciudades en Jordania. Veh\u00edculos privados a su disposici\u00f3n con chofer \u2705\",\"breadcrumb\":{\"@id\":\"https:\/\/tourtravelandmore.com\/es\/tours\/jordania-es\/petra-es\/petra-traslados-es\/traslados-privados-en-jordania\/#breadcrumb\"},\"inLanguage\":\"es\",\"potentialAction\":[{\"@type\":\"ReadAction\",\"target\":[\"https:\/\/tourtravelandmore.com\/es\/tours\/jordania-es\/petra-es\/petra-traslados-es\/traslados-privados-en-jordania\/\"]}]},{\"@type\":\"ImageObject\",\"inLanguage\":\"es\",\"@id\":\"https:\/\/tourtravelandmore.com\/es\/tours\/jordania-es\/petra-es\/petra-traslados-es\/traslados-privados-en-jordania\/#primaryimage\",\"url\":\"https:\/\/tourtravelandmore.com\/wp-content\/uploads\/2016\/10\/transfer-airport-barcelona.jpg\",\"contentUrl\":\"https:\/\/tourtravelandmore.com\/wp-content\/uploads\/2016\/10\/transfer-airport-barcelona.jpg\",\"width\":955,\"height\":636,\"caption\":\"Transfer Prat Airport\"},{\"@type\":\"BreadcrumbList\",\"@id\":\"https:\/\/tourtravelandmore.com\/es\/tours\/jordania-es\/petra-es\/petra-traslados-es\/traslados-privados-en-jordania\/#breadcrumb\",\"itemListElement\":[{\"@type\":\"ListItem\",\"position\":1,\"name\":\"Home\",\"item\":\"https:\/\/tourtravelandmore.com\/es\/\"},{\"@type\":\"ListItem\",\"position\":2,\"name\":\"Tours\",\"item\":\"https:\/\/tourtravelandmore.com\/es\/tours\/\"},{\"@type\":\"ListItem\",\"position\":3,\"name\":\"Traslados Privados en Jordania (Amman &#8211; Aqaba &#8211; Petra)\"}]},{\"@type\":\"WebSite\",\"@id\":\"https:\/\/tourtravelandmore.com\/es\/#website\",\"url\":\"https:\/\/tourtravelandmore.com\/es\/\",\"name\":\"Tour Travel And More\",\"description\":\"Private sightseeing tours and luxury transfers in Spain\",\"publisher\":{\"@id\":\"https:\/\/tourtravelandmore.com\/es\/#organization\"},\"potentialAction\":[{\"@type\":\"SearchAction\",\"target\":{\"@type\":\"EntryPoint\",\"urlTemplate\":\"https:\/\/tourtravelandmore.com\/es\/?s={search_term_string}\"},\"query-input\":{\"@type\":\"PropertyValueSpecification\",\"valueRequired\":true,\"valueName\":\"search_term_string\"}}],\"inLanguage\":\"es\"},{\"@type\":\"Organization\",\"@id\":\"https:\/\/tourtravelandmore.com\/es\/#organization\",\"name\":\"Tour Travel And More\",\"url\":\"https:\/\/tourtravelandmore.com\/es\/\",\"logo\":{\"@type\":\"ImageObject\",\"inLanguage\":\"es\",\"@id\":\"https:\/\/tourtravelandmore.com\/es\/#\/schema\/logo\/image\/\",\"url\":\"https:\/\/tourtravelandmore.com\/wp-content\/uploads\/2022\/12\/cropped-logo-cabecera-new.png\",\"contentUrl\":\"https:\/\/tourtravelandmore.com\/wp-content\/uploads\/2022\/12\/cropped-logo-cabecera-new.png\",\"width\":430,\"height\":61,\"caption\":\"Tour Travel And More\"},\"image\":{\"@id\":\"https:\/\/tourtravelandmore.com\/es\/#\/schema\/logo\/image\/\"},\"sameAs\":[\"https:\/\/www.facebook.com\/tourtravelandmore\/\",\"https:\/\/x.com\/TourTravel_More\"]}]}<\/script>\n<!-- \/ Yoast SEO Premium plugin. -->","yoast_head_json":{"title":"\u27a1\ufe0f Traslados Privados en Jordania: veh\u00edculos privados con chofer | Tour Travel & More","description":"Traslados privados en Jordania desde el aeropuerto, puerto u otras ciudades en Jordania. Veh\u00edculos privados a su disposici\u00f3n con chofer \u2705","robots":{"index":"index","follow":"follow","max-snippet":"max-snippet:-1","max-image-preview":"max-image-preview:large","max-video-preview":"max-video-preview:-1"},"canonical":"https:\/\/tourtravelandmore.com\/es\/tours\/jordania-es\/petra-es\/petra-traslados-es\/traslados-privados-en-jordania\/","og_locale":"es_ES","og_type":"article","og_title":"Traslados Privados en Jordania (Amman - Aqaba - Petra)","og_description":"Traslados privados en Jordania desde el aeropuerto, puerto u otras ciudades en Jordania. Veh\u00edculos privados a su disposici\u00f3n con chofer \u2705","og_url":"https:\/\/tourtravelandmore.com\/es\/tours\/jordania-es\/petra-es\/petra-traslados-es\/traslados-privados-en-jordania\/","og_site_name":"Tour Travel And More","article_publisher":"https:\/\/www.facebook.com\/tourtravelandmore\/","article_modified_time":"2023-10-16T06:47:26+00:00","og_image":[{"width":955,"height":636,"url":"https:\/\/tourtravelandmore.com\/wp-content\/uploads\/2016\/10\/transfer-airport-barcelona.jpg","type":"image\/jpeg"}],"twitter_card":"summary_large_image","twitter_site":"@TourTravel_More","twitter_misc":{"Tiempo de lectura":"2 minutos"},"schema":{"@context":"https:\/\/schema.org","@graph":[{"@type":"WebPage","@id":"https:\/\/tourtravelandmore.com\/es\/tours\/jordania-es\/petra-es\/petra-traslados-es\/traslados-privados-en-jordania\/","url":"https:\/\/tourtravelandmore.com\/es\/tours\/jordania-es\/petra-es\/petra-traslados-es\/traslados-privados-en-jordania\/","name":"\u27a1\ufe0f Traslados Privados en Jordania: veh\u00edculos privados con chofer | Tour Travel & More","isPartOf":{"@id":"https:\/\/tourtravelandmore.com\/es\/#website"},"primaryImageOfPage":{"@id":"https:\/\/tourtravelandmore.com\/es\/tours\/jordania-es\/petra-es\/petra-traslados-es\/traslados-privados-en-jordania\/#primaryimage"},"image":{"@id":"https:\/\/tourtravelandmore.com\/es\/tours\/jordania-es\/petra-es\/petra-traslados-es\/traslados-privados-en-jordania\/#primaryimage"},"thumbnailUrl":"https:\/\/tourtravelandmore.com\/wp-content\/uploads\/2016\/10\/transfer-airport-barcelona.jpg","datePublished":"2019-12-05T11:53:11+00:00","dateModified":"2023-10-16T06:47:26+00:00","description":"Traslados privados en Jordania desde el aeropuerto, puerto u otras ciudades en Jordania. Veh\u00edculos privados a su disposici\u00f3n con chofer \u2705","breadcrumb":{"@id":"https:\/\/tourtravelandmore.com\/es\/tours\/jordania-es\/petra-es\/petra-traslados-es\/traslados-privados-en-jordania\/#breadcrumb"},"inLanguage":"es","potentialAction":[{"@type":"ReadAction","target":["https:\/\/tourtravelandmore.com\/es\/tours\/jordania-es\/petra-es\/petra-traslados-es\/traslados-privados-en-jordania\/"]}]},{"@type":"ImageObject","inLanguage":"es","@id":"https:\/\/tourtravelandmore.com\/es\/tours\/jordania-es\/petra-es\/petra-traslados-es\/traslados-privados-en-jordania\/#primaryimage","url":"https:\/\/tourtravelandmore.com\/wp-content\/uploads\/2016\/10\/transfer-airport-barcelona.jpg","contentUrl":"https:\/\/tourtravelandmore.com\/wp-content\/uploads\/2016\/10\/transfer-airport-barcelona.jpg","width":955,"height":636,"caption":"Transfer Prat Airport"},{"@type":"BreadcrumbList","@id":"https:\/\/tourtravelandmore.com\/es\/tours\/jordania-es\/petra-es\/petra-traslados-es\/traslados-privados-en-jordania\/#breadcrumb","itemListElement":[{"@type":"ListItem","position":1,"name":"Home","item":"https:\/\/tourtravelandmore.com\/es\/"},{"@type":"ListItem","position":2,"name":"Tours","item":"https:\/\/tourtravelandmore.com\/es\/tours\/"},{"@type":"ListItem","position":3,"name":"Traslados Privados en Jordania (Amman &#8211; Aqaba &#8211; Petra)"}]},{"@type":"WebSite","@id":"https:\/\/tourtravelandmore.com\/es\/#website","url":"https:\/\/tourtravelandmore.com\/es\/","name":"Tour Travel And More","description":"Private sightseeing tours and luxury transfers in Spain","publisher":{"@id":"https:\/\/tourtravelandmore.com\/es\/#organization"},"potentialAction":[{"@type":"SearchAction","target":{"@type":"EntryPoint","urlTemplate":"https:\/\/tourtravelandmore.com\/es\/?s={search_term_string}"},"query-input":{"@type":"PropertyValueSpecification","valueRequired":true,"valueName":"search_term_string"}}],"inLanguage":"es"},{"@type":"Organization","@id":"https:\/\/tourtravelandmore.com\/es\/#organization","name":"Tour Travel And More","url":"https:\/\/tourtravelandmore.com\/es\/","logo":{"@type":"ImageObject","inLanguage":"es","@id":"https:\/\/tourtravelandmore.com\/es\/#\/schema\/logo\/image\/","url":"https:\/\/tourtravelandmore.com\/wp-content\/uploads\/2022\/12\/cropped-logo-cabecera-new.png","contentUrl":"https:\/\/tourtravelandmore.com\/wp-content\/uploads\/2022\/12\/cropped-logo-cabecera-new.png","width":430,"height":61,"caption":"Tour Travel And More"},"image":{"@id":"https:\/\/tourtravelandmore.com\/es\/#\/schema\/logo\/image\/"},"sameAs":["https:\/\/www.facebook.com\/tourtravelandmore\/","https:\/\/x.com\/TourTravel_More"]}]}},"_links":{"self":[{"href":"https:\/\/tourtravelandmore.com\/es\/wp-json\/wp\/v2\/product\/71768","targetHints":{"allow":["GET"]}}],"collection":[{"href":"https:\/\/tourtravelandmore.com\/es\/wp-json\/wp\/v2\/product"}],"about":[{"href":"https:\/\/tourtravelandmore.com\/es\/wp-json\/wp\/v2\/types\/product"}],"replies":[{"embeddable":true,"href":"https:\/\/tourtravelandmore.com\/es\/wp-json\/wp\/v2\/comments?post=71768"}],"wp:featuredmedia":[{"embeddable":true,"href":"https:\/\/tourtravelandmore.com\/es\/wp-json\/wp\/v2\/media\/8097"}],"wp:attachment":[{"href":"https:\/\/tourtravelandmore.com\/es\/wp-json\/wp\/v2\/media?parent=71768"}],"wp:term":[{"taxonomy":"product_brand","embeddable":true,"href":"https:\/\/tourtravelandmore.com\/es\/wp-json\/wp\/v2\/product_brand?post=71768"},{"taxonomy":"product_cat","embeddable":true,"href":"https:\/\/tourtravelandmore.com\/es\/wp-json\/wp\/v2\/product_cat?post=71768"},{"taxonomy":"product_tag","embeddable":true,"href":"https:\/\/tourtravelandmore.com\/es\/wp-json\/wp\/v2\/product_tag?post=71768"}],"curies":[{"name":"wp","href":"https:\/\/api.w.org\/{rel}","templated":true}]}}