{"id":71721,"date":"2019-12-04T16:07:30","date_gmt":"2019-12-04T15:07:31","guid":{"rendered":"https:\/\/tourtravelandmore.com\/?post_type=product&#038;p=71721"},"modified":"2023-10-16T08:44:14","modified_gmt":"2023-10-16T06:44:14","slug":"tour-privado-al-mar-muerto","status":"publish","type":"product","link":"https:\/\/tourtravelandmore.com\/es\/tours\/jordania-es\/petra-es\/petra-rutas-turisticas-privadas-es\/tour-privado-al-mar-muerto\/","title":{"rendered":"Tour Privado al Mar Muerto desde Aqaba"},"content":{"rendered":"<h2 id=\"tw-target-text\" class=\"tw-data-text tw-text-large XcVN5d tw-ta\" dir=\"ltr\" data-placeholder=\"Traducci\u00f3n\"><span lang=\"es\">Descripci\u00f3n del Tour Privado al Mar Muerto desde Aqaba<\/span><\/h2>\n<p>Nuestro conductor lo recoger\u00e1 en el lobby de su hotel y conducir\u00e1 30 km, tomando 1 hora hasta el Monte\u00a0<span class=\"JLqJ4b ChMk0b\" data-language-for-alternatives=\"es\" data-language-to-translate-into=\"en\" data-phrase-index=\"1\">Nebo que est\u00e1 a 9,5 km, conduciendo 15 minutos. As\u00ed es como comenzaremos su <strong>Tour Privado al Mar Muerto desde Aqaba<\/strong>. El monte Nebo se encuentra aproximadamente a 710 metros (2330 pies) sobre el nivel del mar con vistas al valle del Jord\u00e1n, el mar Muerto y partes de Tierra Santa. Se menciona en la Biblia como el lugar donde se le concedi\u00f3 a Mois\u00e9s ver la Tierra Prometida antes de morir y supuestamente era su lugar de sepultura. <\/span><\/p>\n<p><span class=\"JLqJ4b ChMk0b\" data-language-for-alternatives=\"es\" data-language-to-translate-into=\"en\" data-phrase-index=\"1\"><span class=\"JLqJ4b\" data-language-for-alternatives=\"es\" data-language-to-translate-into=\"en\" data-phrase-index=\"5\">Luego, contin\u00fae conduciendo durante 28,5 km, tomando 30 minutos hasta el punto m\u00e1s bajo de la tierra, el<strong> Mar Muerto<\/strong>, donde puede tener un tiempo libre en la playa y la oportunidad de flotar en el agua salada (cuenta, duchas y vestuarios disponibles). <\/span><\/span><\/p>\n<p><span class=\"JLqJ4b ChMk0b\" data-language-for-alternatives=\"es\" data-language-to-translate-into=\"en\" data-phrase-index=\"1\"><span class=\"JLqJ4b\" data-language-for-alternatives=\"es\" data-language-to-translate-into=\"en\" data-phrase-index=\"5\">Eso termina tu recorrido. Rel\u00e1jese mientras conduce durante 82,2 km de regreso a la ciudad de Aqaba. <\/span><\/span><\/p>\n<p><span class=\"JLqJ4b ChMk0b\" data-language-for-alternatives=\"es\" data-language-to-translate-into=\"en\" data-phrase-index=\"1\"><span class=\"JLqJ4b\" data-language-for-alternatives=\"es\" data-language-to-translate-into=\"en\" data-phrase-index=\"5\">Este tour es absolutamente personalizable. Puede adaptar todos nuestros tours en Jordania a su propio inter\u00e9s con solo contactarnos.<\/span><\/span><\/p>\n<h2>Puntos emblem\u00e1ticos y de inter\u00e9s en el Tour Privado al Mar Muerto desde Aqaba<\/h2>\n<p>Despu\u00e9s de que su conductor lo recoja en el sitio deseado en Aqaba, visitar\u00e1 el Mar Muerto y algunos de los sitios m\u00e1s emblem\u00e1ticos de la regi\u00f3n.<\/p>\n<p><span class=\"JLqJ4b ChMk0b\" data-language-for-alternatives=\"es\" data-language-to-translate-into=\"en\" data-phrase-index=\"1\">Entre otros lugares podr\u00e1s conocer:<\/span><\/p>\n<ul>\n<li><span class=\"JLqJ4b ChMk0b\" data-language-for-alternatives=\"es\" data-language-to-translate-into=\"en\" data-phrase-index=\"1\"><span class=\"JLqJ4b\" data-language-for-alternatives=\"es\" data-language-to-translate-into=\"en\" data-phrase-index=\"2\"><strong>Mar Muerto:<\/strong> disfrute de la maravillosa experiencia de flotar en el Mar Muerto y tal vez pueda visitar un Spa local en el \u00e1rea.<\/span><\/span><\/li>\n<li><span class=\"JLqJ4b ChMk0b\" data-language-for-alternatives=\"es\" data-language-to-translate-into=\"en\" data-phrase-index=\"1\"><span class=\"JLqJ4b\" data-language-for-alternatives=\"es\" data-language-to-translate-into=\"en\" data-phrase-index=\"2\"><strong>Valle del Jord\u00e1n<\/strong>, disfruta de impresionantes vistas panor\u00e1micas de este maravilloso valle<\/span><\/span><\/li>\n<\/ul>\n<p>Al finalizar el tour, su chofer y gu\u00eda privado lo llevar\u00e1n de regreso a su hotel o lugar a elecci\u00f3n en Aqaba.<\/p>\n<p><span class=\"JLqJ4b ChMk0b\" data-language-for-alternatives=\"es\" data-language-to-translate-into=\"en\" data-phrase-index=\"1\"><span class=\"JLqJ4b\" data-language-for-alternatives=\"es\" data-language-to-translate-into=\"en\" data-phrase-index=\"2\">Podr\u00e1 personalizar este Tour Privado al Mar Muerto desde Aqaba y tomar fotograf\u00edas impresionantes cuando lo desee. Este es un recorrido \u00fanico completamente personalizado para usted y su propio grupo. Ofrecemos todo tipo de experiencias privadas. <\/span><\/span><\/p>\n<p><a href=\"https:\/\/tourtravelandmore.com\/es\/ciudad\/jordania-es\/petra-es\/\"><span class=\"JLqJ4b ChMk0b\" data-language-for-alternatives=\"es\" data-language-to-translate-into=\"en\" data-phrase-index=\"1\"><span class=\"JLqJ4b\" data-language-for-alternatives=\"es\" data-language-to-translate-into=\"en\" data-phrase-index=\"2\">\u00a1Vea algunos ejemplos de tours en Jordania aqu\u00ed!<\/span><\/span><\/a><\/p>\n","protected":false},"excerpt":{"rendered":"<p>Tome ventaja de sus\u00a0d\u00edas en <strong>Jordania <\/strong>y disfrute<strong> de este Tour privado del mar muerto desde Amman<\/strong>. Este tour incluye un gu\u00eda oficial privado y un veh\u00edculo privado con ch\u00f3fer oficial. Durante el tour, visitar\u00e1 el <strong>mar muerto<\/strong> conocido por sus m\u00faltiples beneficios saludables.<\/p>\n","protected":false},"featured_media":72381,"comment_status":"open","ping_status":"closed","template":"","meta":{"_acf_changed":false},"product_brand":[],"product_cat":[1792,1793,1798,1796],"product_tag":[1393,4041,1392],"class_list":{"0":"post-71721","1":"product","2":"type-product","3":"status-publish","4":"has-post-thumbnail","6":"product_cat-jordania-es","7":"product_cat-petra-es","8":"product_cat-petra-actividades-es","9":"product_cat-petra-rutas-turisticas-privadas-es","10":"product_tag-city-tour-es","11":"product_tag-private-es","12":"product_tag-private-tour-es","14":"first","15":"instock","16":"shipping-taxable","17":"purchasable","18":"product-type-simple"},"acf":[],"yoast_head":"<!-- This site is optimized with the Yoast SEO Premium plugin v25.3.1 (Yoast SEO v25.3.1) - https:\/\/yoast.com\/wordpress\/plugins\/seo\/ -->\n<title>\u27a1\ufe0f Tour Privado al Mar Muerto desde Aqaba con chofer y gu\u00eda oficial | Tour Travel &amp; More<\/title>\n<meta name=\"description\" content=\"Acomp\u00e1\u00f1enos a conocer uno de los lugares m\u00e1s sagrados en Jordania con nuestro Tour Privado al Mar Muerto desde Aqaba con chofer y gu\u00eda \u2705\" \/>\n<meta name=\"robots\" content=\"index, follow, max-snippet:-1, max-image-preview:large, max-video-preview:-1\" \/>\n<link rel=\"canonical\" href=\"https:\/\/tourtravelandmore.com\/es\/tours\/jordania-es\/petra-es\/petra-rutas-turisticas-privadas-es\/tour-privado-al-mar-muerto\/\" \/>\n<meta property=\"og:locale\" content=\"es_ES\" \/>\n<meta property=\"og:type\" content=\"article\" \/>\n<meta property=\"og:title\" content=\"Tour Privado al Mar Muerto desde Aqaba\" \/>\n<meta property=\"og:description\" content=\"Acomp\u00e1\u00f1enos a conocer uno de los lugares m\u00e1s sagrados en Jordania con nuestro Tour Privado al Mar Muerto desde Aqaba con chofer y gu\u00eda \u2705\" \/>\n<meta property=\"og:url\" content=\"https:\/\/tourtravelandmore.com\/es\/tours\/jordania-es\/petra-es\/petra-rutas-turisticas-privadas-es\/tour-privado-al-mar-muerto\/\" \/>\n<meta property=\"og:site_name\" content=\"Tour Travel And More\" \/>\n<meta property=\"article:publisher\" content=\"https:\/\/www.facebook.com\/tourtravelandmore\/\" \/>\n<meta property=\"article:modified_time\" content=\"2023-10-16T06:44:14+00:00\" \/>\n<meta property=\"og:image\" content=\"https:\/\/tourtravelandmore.com\/wp-content\/uploads\/2019\/12\/Dead-Sea.jpg\" \/>\n\t<meta property=\"og:image:width\" content=\"1024\" \/>\n\t<meta property=\"og:image:height\" content=\"683\" \/>\n\t<meta property=\"og:image:type\" content=\"image\/jpeg\" \/>\n<meta name=\"twitter:card\" content=\"summary_large_image\" \/>\n<meta name=\"twitter:site\" content=\"@TourTravel_More\" \/>\n<meta name=\"twitter:label1\" content=\"Tiempo de lectura\" \/>\n\t<meta name=\"twitter:data1\" content=\"2 minutos\" \/>\n<script type=\"application\/ld+json\" class=\"yoast-schema-graph\">{\"@context\":\"https:\/\/schema.org\",\"@graph\":[{\"@type\":\"WebPage\",\"@id\":\"https:\/\/tourtravelandmore.com\/es\/tours\/jordania-es\/petra-es\/petra-rutas-turisticas-privadas-es\/tour-privado-al-mar-muerto\/\",\"url\":\"https:\/\/tourtravelandmore.com\/es\/tours\/jordania-es\/petra-es\/petra-rutas-turisticas-privadas-es\/tour-privado-al-mar-muerto\/\",\"name\":\"\u27a1\ufe0f Tour Privado al Mar Muerto desde Aqaba con chofer y gu\u00eda oficial | Tour Travel & More\",\"isPartOf\":{\"@id\":\"https:\/\/tourtravelandmore.com\/es\/#website\"},\"primaryImageOfPage\":{\"@id\":\"https:\/\/tourtravelandmore.com\/es\/tours\/jordania-es\/petra-es\/petra-rutas-turisticas-privadas-es\/tour-privado-al-mar-muerto\/#primaryimage\"},\"image\":{\"@id\":\"https:\/\/tourtravelandmore.com\/es\/tours\/jordania-es\/petra-es\/petra-rutas-turisticas-privadas-es\/tour-privado-al-mar-muerto\/#primaryimage\"},\"thumbnailUrl\":\"https:\/\/tourtravelandmore.com\/wp-content\/uploads\/2019\/12\/Dead-Sea.jpg\",\"datePublished\":\"2019-12-04T15:07:31+00:00\",\"dateModified\":\"2023-10-16T06:44:14+00:00\",\"description\":\"Acomp\u00e1\u00f1enos a conocer uno de los lugares m\u00e1s sagrados en Jordania con nuestro Tour Privado al Mar Muerto desde Aqaba con chofer y gu\u00eda \u2705\",\"breadcrumb\":{\"@id\":\"https:\/\/tourtravelandmore.com\/es\/tours\/jordania-es\/petra-es\/petra-rutas-turisticas-privadas-es\/tour-privado-al-mar-muerto\/#breadcrumb\"},\"inLanguage\":\"es\",\"potentialAction\":[{\"@type\":\"ReadAction\",\"target\":[\"https:\/\/tourtravelandmore.com\/es\/tours\/jordania-es\/petra-es\/petra-rutas-turisticas-privadas-es\/tour-privado-al-mar-muerto\/\"]}]},{\"@type\":\"ImageObject\",\"inLanguage\":\"es\",\"@id\":\"https:\/\/tourtravelandmore.com\/es\/tours\/jordania-es\/petra-es\/petra-rutas-turisticas-privadas-es\/tour-privado-al-mar-muerto\/#primaryimage\",\"url\":\"https:\/\/tourtravelandmore.com\/wp-content\/uploads\/2019\/12\/Dead-Sea.jpg\",\"contentUrl\":\"https:\/\/tourtravelandmore.com\/wp-content\/uploads\/2019\/12\/Dead-Sea.jpg\",\"width\":1024,\"height\":683},{\"@type\":\"BreadcrumbList\",\"@id\":\"https:\/\/tourtravelandmore.com\/es\/tours\/jordania-es\/petra-es\/petra-rutas-turisticas-privadas-es\/tour-privado-al-mar-muerto\/#breadcrumb\",\"itemListElement\":[{\"@type\":\"ListItem\",\"position\":1,\"name\":\"Home\",\"item\":\"https:\/\/tourtravelandmore.com\/es\/\"},{\"@type\":\"ListItem\",\"position\":2,\"name\":\"Tours\",\"item\":\"https:\/\/tourtravelandmore.com\/es\/tours\/\"},{\"@type\":\"ListItem\",\"position\":3,\"name\":\"Tour Privado al Mar Muerto desde Aqaba\"}]},{\"@type\":\"WebSite\",\"@id\":\"https:\/\/tourtravelandmore.com\/es\/#website\",\"url\":\"https:\/\/tourtravelandmore.com\/es\/\",\"name\":\"Tour Travel And More\",\"description\":\"Private sightseeing tours and luxury transfers in Spain\",\"publisher\":{\"@id\":\"https:\/\/tourtravelandmore.com\/es\/#organization\"},\"potentialAction\":[{\"@type\":\"SearchAction\",\"target\":{\"@type\":\"EntryPoint\",\"urlTemplate\":\"https:\/\/tourtravelandmore.com\/es\/?s={search_term_string}\"},\"query-input\":{\"@type\":\"PropertyValueSpecification\",\"valueRequired\":true,\"valueName\":\"search_term_string\"}}],\"inLanguage\":\"es\"},{\"@type\":\"Organization\",\"@id\":\"https:\/\/tourtravelandmore.com\/es\/#organization\",\"name\":\"Tour Travel And More\",\"url\":\"https:\/\/tourtravelandmore.com\/es\/\",\"logo\":{\"@type\":\"ImageObject\",\"inLanguage\":\"es\",\"@id\":\"https:\/\/tourtravelandmore.com\/es\/#\/schema\/logo\/image\/\",\"url\":\"https:\/\/tourtravelandmore.com\/wp-content\/uploads\/2022\/12\/cropped-logo-cabecera-new.png\",\"contentUrl\":\"https:\/\/tourtravelandmore.com\/wp-content\/uploads\/2022\/12\/cropped-logo-cabecera-new.png\",\"width\":430,\"height\":61,\"caption\":\"Tour Travel And More\"},\"image\":{\"@id\":\"https:\/\/tourtravelandmore.com\/es\/#\/schema\/logo\/image\/\"},\"sameAs\":[\"https:\/\/www.facebook.com\/tourtravelandmore\/\",\"https:\/\/x.com\/TourTravel_More\"]}]}<\/script>\n<!-- \/ Yoast SEO Premium plugin. -->","yoast_head_json":{"title":"\u27a1\ufe0f Tour Privado al Mar Muerto desde Aqaba con chofer y gu\u00eda oficial | Tour Travel & More","description":"Acomp\u00e1\u00f1enos a conocer uno de los lugares m\u00e1s sagrados en Jordania con nuestro Tour Privado al Mar Muerto desde Aqaba con chofer y gu\u00eda \u2705","robots":{"index":"index","follow":"follow","max-snippet":"max-snippet:-1","max-image-preview":"max-image-preview:large","max-video-preview":"max-video-preview:-1"},"canonical":"https:\/\/tourtravelandmore.com\/es\/tours\/jordania-es\/petra-es\/petra-rutas-turisticas-privadas-es\/tour-privado-al-mar-muerto\/","og_locale":"es_ES","og_type":"article","og_title":"Tour Privado al Mar Muerto desde Aqaba","og_description":"Acomp\u00e1\u00f1enos a conocer uno de los lugares m\u00e1s sagrados en Jordania con nuestro Tour Privado al Mar Muerto desde Aqaba con chofer y gu\u00eda \u2705","og_url":"https:\/\/tourtravelandmore.com\/es\/tours\/jordania-es\/petra-es\/petra-rutas-turisticas-privadas-es\/tour-privado-al-mar-muerto\/","og_site_name":"Tour Travel And More","article_publisher":"https:\/\/www.facebook.com\/tourtravelandmore\/","article_modified_time":"2023-10-16T06:44:14+00:00","og_image":[{"width":1024,"height":683,"url":"https:\/\/tourtravelandmore.com\/wp-content\/uploads\/2019\/12\/Dead-Sea.jpg","type":"image\/jpeg"}],"twitter_card":"summary_large_image","twitter_site":"@TourTravel_More","twitter_misc":{"Tiempo de lectura":"2 minutos"},"schema":{"@context":"https:\/\/schema.org","@graph":[{"@type":"WebPage","@id":"https:\/\/tourtravelandmore.com\/es\/tours\/jordania-es\/petra-es\/petra-rutas-turisticas-privadas-es\/tour-privado-al-mar-muerto\/","url":"https:\/\/tourtravelandmore.com\/es\/tours\/jordania-es\/petra-es\/petra-rutas-turisticas-privadas-es\/tour-privado-al-mar-muerto\/","name":"\u27a1\ufe0f Tour Privado al Mar Muerto desde Aqaba con chofer y gu\u00eda oficial | Tour Travel & More","isPartOf":{"@id":"https:\/\/tourtravelandmore.com\/es\/#website"},"primaryImageOfPage":{"@id":"https:\/\/tourtravelandmore.com\/es\/tours\/jordania-es\/petra-es\/petra-rutas-turisticas-privadas-es\/tour-privado-al-mar-muerto\/#primaryimage"},"image":{"@id":"https:\/\/tourtravelandmore.com\/es\/tours\/jordania-es\/petra-es\/petra-rutas-turisticas-privadas-es\/tour-privado-al-mar-muerto\/#primaryimage"},"thumbnailUrl":"https:\/\/tourtravelandmore.com\/wp-content\/uploads\/2019\/12\/Dead-Sea.jpg","datePublished":"2019-12-04T15:07:31+00:00","dateModified":"2023-10-16T06:44:14+00:00","description":"Acomp\u00e1\u00f1enos a conocer uno de los lugares m\u00e1s sagrados en Jordania con nuestro Tour Privado al Mar Muerto desde Aqaba con chofer y gu\u00eda \u2705","breadcrumb":{"@id":"https:\/\/tourtravelandmore.com\/es\/tours\/jordania-es\/petra-es\/petra-rutas-turisticas-privadas-es\/tour-privado-al-mar-muerto\/#breadcrumb"},"inLanguage":"es","potentialAction":[{"@type":"ReadAction","target":["https:\/\/tourtravelandmore.com\/es\/tours\/jordania-es\/petra-es\/petra-rutas-turisticas-privadas-es\/tour-privado-al-mar-muerto\/"]}]},{"@type":"ImageObject","inLanguage":"es","@id":"https:\/\/tourtravelandmore.com\/es\/tours\/jordania-es\/petra-es\/petra-rutas-turisticas-privadas-es\/tour-privado-al-mar-muerto\/#primaryimage","url":"https:\/\/tourtravelandmore.com\/wp-content\/uploads\/2019\/12\/Dead-Sea.jpg","contentUrl":"https:\/\/tourtravelandmore.com\/wp-content\/uploads\/2019\/12\/Dead-Sea.jpg","width":1024,"height":683},{"@type":"BreadcrumbList","@id":"https:\/\/tourtravelandmore.com\/es\/tours\/jordania-es\/petra-es\/petra-rutas-turisticas-privadas-es\/tour-privado-al-mar-muerto\/#breadcrumb","itemListElement":[{"@type":"ListItem","position":1,"name":"Home","item":"https:\/\/tourtravelandmore.com\/es\/"},{"@type":"ListItem","position":2,"name":"Tours","item":"https:\/\/tourtravelandmore.com\/es\/tours\/"},{"@type":"ListItem","position":3,"name":"Tour Privado al Mar Muerto desde Aqaba"}]},{"@type":"WebSite","@id":"https:\/\/tourtravelandmore.com\/es\/#website","url":"https:\/\/tourtravelandmore.com\/es\/","name":"Tour Travel And More","description":"Private sightseeing tours and luxury transfers in Spain","publisher":{"@id":"https:\/\/tourtravelandmore.com\/es\/#organization"},"potentialAction":[{"@type":"SearchAction","target":{"@type":"EntryPoint","urlTemplate":"https:\/\/tourtravelandmore.com\/es\/?s={search_term_string}"},"query-input":{"@type":"PropertyValueSpecification","valueRequired":true,"valueName":"search_term_string"}}],"inLanguage":"es"},{"@type":"Organization","@id":"https:\/\/tourtravelandmore.com\/es\/#organization","name":"Tour Travel And More","url":"https:\/\/tourtravelandmore.com\/es\/","logo":{"@type":"ImageObject","inLanguage":"es","@id":"https:\/\/tourtravelandmore.com\/es\/#\/schema\/logo\/image\/","url":"https:\/\/tourtravelandmore.com\/wp-content\/uploads\/2022\/12\/cropped-logo-cabecera-new.png","contentUrl":"https:\/\/tourtravelandmore.com\/wp-content\/uploads\/2022\/12\/cropped-logo-cabecera-new.png","width":430,"height":61,"caption":"Tour Travel And More"},"image":{"@id":"https:\/\/tourtravelandmore.com\/es\/#\/schema\/logo\/image\/"},"sameAs":["https:\/\/www.facebook.com\/tourtravelandmore\/","https:\/\/x.com\/TourTravel_More"]}]}},"_links":{"self":[{"href":"https:\/\/tourtravelandmore.com\/es\/wp-json\/wp\/v2\/product\/71721","targetHints":{"allow":["GET"]}}],"collection":[{"href":"https:\/\/tourtravelandmore.com\/es\/wp-json\/wp\/v2\/product"}],"about":[{"href":"https:\/\/tourtravelandmore.com\/es\/wp-json\/wp\/v2\/types\/product"}],"replies":[{"embeddable":true,"href":"https:\/\/tourtravelandmore.com\/es\/wp-json\/wp\/v2\/comments?post=71721"}],"wp:featuredmedia":[{"embeddable":true,"href":"https:\/\/tourtravelandmore.com\/es\/wp-json\/wp\/v2\/media\/72381"}],"wp:attachment":[{"href":"https:\/\/tourtravelandmore.com\/es\/wp-json\/wp\/v2\/media?parent=71721"}],"wp:term":[{"taxonomy":"product_brand","embeddable":true,"href":"https:\/\/tourtravelandmore.com\/es\/wp-json\/wp\/v2\/product_brand?post=71721"},{"taxonomy":"product_cat","embeddable":true,"href":"https:\/\/tourtravelandmore.com\/es\/wp-json\/wp\/v2\/product_cat?post=71721"},{"taxonomy":"product_tag","embeddable":true,"href":"https:\/\/tourtravelandmore.com\/es\/wp-json\/wp\/v2\/product_tag?post=71721"}],"curies":[{"name":"wp","href":"https:\/\/api.w.org\/{rel}","templated":true}]}}