{"id":71698,"date":"2019-12-04T15:01:32","date_gmt":"2019-12-04T14:01:33","guid":{"rendered":"https:\/\/tourtravelandmore.com\/?post_type=product&#038;p=71698"},"modified":"2023-10-16T08:43:17","modified_gmt":"2023-10-16T06:43:17","slug":"tour-privado-por-wadi-rum","status":"publish","type":"product","link":"https:\/\/tourtravelandmore.com\/es\/tours\/jordania-es\/petra-es\/petra-rutas-turisticas-privadas-es\/tour-privado-por-wadi-rum\/","title":{"rendered":"Tour Privado por Wadi Rum"},"content":{"rendered":"<h2 id=\"tw-target-text\" class=\"tw-data-text tw-text-large XcVN5d tw-ta\" dir=\"ltr\" data-placeholder=\"Traducci\u00f3n\"><span lang=\"es\">Descripci\u00f3n del Tour Privado por Wadi Rum<\/span><\/h2>\n<p>Comenzaremos este recorrido recogi\u00e9ndolo en su hotel para dirigirnos a Wadi Rum ubicado a 1 hora en auto, uno de los desiertos m\u00e1s impresionantes del mundo. <span class=\"JLqJ4b ChMk0b\" data-language-for-alternatives=\"es\" data-language-to-translate-into=\"en\" data-phrase-index=\"1\">Aqu\u00ed es cuando comenzaremos este <strong>Tour Privado por Wadi Rum<\/strong>. <\/span><\/p>\n<p><span class=\"JLqJ4b ChMk0b\" data-language-for-alternatives=\"es\" data-language-to-translate-into=\"en\" data-phrase-index=\"1\"><span class=\"JLqJ4b\" data-language-for-alternatives=\"es\" data-language-to-translate-into=\"en\" data-phrase-index=\"2\">Tambi\u00e9n podemos organizar la recogida en el puerto de cruceros de Petra. H\u00e1ganos saber cu\u00e1nto tiempo tendr\u00e1 y podemos organizar una experiencia perfecta para usted. <\/span><\/span><\/p>\n<p><span class=\"JLqJ4b ChMk0b\" data-language-for-alternatives=\"es\" data-language-to-translate-into=\"en\" data-phrase-index=\"1\"><span class=\"JLqJ4b\" data-language-for-alternatives=\"es\" data-language-to-translate-into=\"en\" data-phrase-index=\"2\">Durante este recorrido realizaremos un recorrido en jeep durante 3-4 horas por el conocido desierto donde disfrutaremos de sus famosas dunas y glifos rocosos. \u00a1Puedes ver maravillas como el templo nabateo, el ca\u00f1\u00f3n de Khazali y mucho m\u00e1s!<\/span><\/span><\/p>\n<p>Luego haremos una parada para almorzar y lo llevaremos de regreso a su hotel o lugar de elecci\u00f3n.<\/p>\n<p><span class=\"JLqJ4b\" data-language-for-alternatives=\"es\" data-language-to-translate-into=\"en\" data-phrase-index=\"10\"><span class=\"JLqJ4b ChMk0b\" data-language-for-alternatives=\"es\" data-language-to-translate-into=\"en\" data-phrase-index=\"11\">Este es un recorrido completamente personalizado e incluye todo lo necesario para una experiencia completamente c\u00f3moda. P\u00f3ngase en contacto con uno de nuestros expertos en viajes para obtener m\u00e1s informaci\u00f3n sobre c\u00f3mo personalizar este tour.<\/span><\/span><\/p>\n<h2>Puntos emblem\u00e1ticos y de inter\u00e9s en el Tour Privado por Wadi Rum<\/h2>\n<p>Despu\u00e9s de una recogida f\u00e1cil y r\u00e1pida, comenzaremos con este tour privado por Wadi Rum.<span class=\"JLqJ4b\" data-language-for-alternatives=\"es\" data-language-to-translate-into=\"en\" data-phrase-index=\"1\"> <span class=\"JLqJ4b ChMk0b\" data-language-for-alternatives=\"es\" data-language-to-translate-into=\"en\" data-phrase-index=\"2\">Esta es una experiencia de 5 horas. Luego lo llevaremos de regreso al lugar que elija en Petra. <\/span><\/span><\/p>\n<p><span class=\"JLqJ4b\" data-language-for-alternatives=\"es\" data-language-to-translate-into=\"en\" data-phrase-index=\"1\"><span class=\"JLqJ4b ChMk0b\" data-language-for-alternatives=\"es\" data-language-to-translate-into=\"en\" data-phrase-index=\"2\">Durante su recorrido privado por Wadi Rum, puede ver, entre otros, los siguientes lugares de inter\u00e9s:<\/span><\/span><\/p>\n<ul>\n<li><strong>Templo Nabateo <\/strong><\/li>\n<li><strong><span class=\"JLqJ4b\" data-language-for-alternatives=\"es\" data-language-to-translate-into=\"en\" data-phrase-index=\"1\"><span class=\"JLqJ4b ChMk0b\" data-language-for-alternatives=\"es\" data-language-to-translate-into=\"en\" data-phrase-index=\"2\">Glifos de rocas antiguas <\/span><\/span><\/strong><\/li>\n<li><strong><span class=\"JLqJ4b\" data-language-for-alternatives=\"es\" data-language-to-translate-into=\"en\" data-phrase-index=\"1\"><span class=\"JLqJ4b ChMk0b\" data-language-for-alternatives=\"es\" data-language-to-translate-into=\"en\" data-phrase-index=\"2\">Ca\u00f1\u00f3n de Khazali <\/span><\/span><\/strong><\/li>\n<li><strong><span class=\"JLqJ4b\" data-language-for-alternatives=\"es\" data-language-to-translate-into=\"en\" data-phrase-index=\"1\"><span class=\"JLqJ4b ChMk0b\" data-language-for-alternatives=\"es\" data-language-to-translate-into=\"en\" data-phrase-index=\"2\">Dunas de arena<\/span><\/span><\/strong><\/li>\n<li><strong>y mucho m\u00e1s!<\/strong><\/li>\n<\/ul>\n<p>Disfrutar\u00e1s de lo mejor de esta zona con nuestro Tour privado por Wadi Rum. <span class=\"JLqJ4b ChMk0b\" data-language-for-alternatives=\"es\" data-language-to-translate-into=\"en\" data-phrase-index=\"1\">Tenga nuestro conductor y gu\u00eda privado a su disposici\u00f3n durante toda la experiencia. <\/span><\/p>\n<p>Contamos con un equipo profesional local que le mostrar\u00e1 todos los lugares y rincones de Wadi Rum. Experimente una verdadera aventura en el desierto, es algo que nunca olvidar\u00e1s!<\/p>\n<p><span class=\"JLqJ4b ChMk0b\" data-language-for-alternatives=\"es\" data-language-to-translate-into=\"en\" data-phrase-index=\"1\"><span class=\"JLqJ4b\" data-language-for-alternatives=\"es\" data-language-to-translate-into=\"en\" data-phrase-index=\"2\">Consulte los otros tours privados que ofrecemos en Jordania <a href=\"https:\/\/tourtravelandmore.com\/es\/ciudad\/jordania-es\/petra-es\/\">aqu\u00ed<\/a>. \u00a1Tenga en cuenta que tambi\u00e9n ofrecemos experiencias privadas en cualquier otro lugar o ciudad del mundo!<\/span><\/span><\/p>\n","protected":false},"excerpt":{"rendered":"<p>Ven con nosotros a este <strong>Tour Privado por la ciudad de Wadi Rum<\/strong> y aproveche para visitar los lugares m\u00e1s destacados. Durante este recorrido, su gu\u00eda privado lo llevar\u00e1 a trav\u00e9s de lugares incre\u00edbles como los <strong>glifos de rocas antiguas<\/strong>, el t<strong>emplo nabateo<\/strong>, las <strong>dunas de arena<\/strong>, el <strong>Ca\u00f1\u00f3n Khazali<\/strong> y mucho m\u00e1s.<\/p>\n","protected":false},"featured_media":71714,"comment_status":"open","ping_status":"closed","template":"","meta":{"_acf_changed":false},"product_brand":[],"product_cat":[1793,1798,1796,1602],"product_tag":[1393,4041,1392],"class_list":{"0":"post-71698","1":"product","2":"type-product","3":"status-publish","4":"has-post-thumbnail","6":"product_cat-petra-es","7":"product_cat-petra-actividades-es","8":"product_cat-petra-rutas-turisticas-privadas-es","9":"product_cat-eeuu-es","10":"product_tag-city-tour-es","11":"product_tag-private-es","12":"product_tag-private-tour-es","14":"first","15":"instock","16":"shipping-taxable","17":"purchasable","18":"product-type-simple"},"acf":[],"yoast_head":"<!-- This site is optimized with the Yoast SEO Premium plugin v25.3.1 (Yoast SEO v25.3.1) - https:\/\/yoast.com\/wordpress\/plugins\/seo\/ -->\n<title>\u27a1\ufe0f Tour Privado por Wadi Rum con chofer privado y gu\u00eda oficial | Tour Travel &amp; More<\/title>\n<meta name=\"description\" content=\"Avent\u00farese en este Tour Privado por Wadi Rum y tenga la oportunidad de explorar uno de los desiertos mas importantes de Jordania \u2705\" \/>\n<meta name=\"robots\" content=\"index, follow, max-snippet:-1, max-image-preview:large, max-video-preview:-1\" \/>\n<link rel=\"canonical\" href=\"https:\/\/tourtravelandmore.com\/es\/tours\/jordania-es\/petra-es\/petra-rutas-turisticas-privadas-es\/tour-privado-por-wadi-rum\/\" \/>\n<meta property=\"og:locale\" content=\"es_ES\" \/>\n<meta property=\"og:type\" content=\"article\" \/>\n<meta property=\"og:title\" content=\"Tour Privado por Wadi Rum\" \/>\n<meta property=\"og:description\" content=\"Avent\u00farese en este Tour Privado por Wadi Rum y tenga la oportunidad de explorar uno de los desiertos mas importantes de Jordania \u2705\" \/>\n<meta property=\"og:url\" content=\"https:\/\/tourtravelandmore.com\/es\/tours\/jordania-es\/petra-es\/petra-rutas-turisticas-privadas-es\/tour-privado-por-wadi-rum\/\" \/>\n<meta property=\"og:site_name\" content=\"Tour Travel And More\" \/>\n<meta property=\"article:publisher\" content=\"https:\/\/www.facebook.com\/tourtravelandmore\/\" \/>\n<meta property=\"article:modified_time\" content=\"2023-10-16T06:43:17+00:00\" \/>\n<meta property=\"og:image\" content=\"https:\/\/tourtravelandmore.com\/wp-content\/uploads\/2019\/12\/jordan-wadi-rum-camping-red-sand-sand.jpg\" \/>\n\t<meta property=\"og:image:width\" content=\"910\" \/>\n\t<meta property=\"og:image:height\" content=\"607\" \/>\n\t<meta property=\"og:image:type\" content=\"image\/jpeg\" \/>\n<meta name=\"twitter:card\" content=\"summary_large_image\" \/>\n<meta name=\"twitter:site\" content=\"@TourTravel_More\" \/>\n<meta name=\"twitter:label1\" content=\"Tiempo de lectura\" \/>\n\t<meta name=\"twitter:data1\" content=\"2 minutos\" \/>\n<script type=\"application\/ld+json\" class=\"yoast-schema-graph\">{\"@context\":\"https:\/\/schema.org\",\"@graph\":[{\"@type\":\"WebPage\",\"@id\":\"https:\/\/tourtravelandmore.com\/es\/tours\/jordania-es\/petra-es\/petra-rutas-turisticas-privadas-es\/tour-privado-por-wadi-rum\/\",\"url\":\"https:\/\/tourtravelandmore.com\/es\/tours\/jordania-es\/petra-es\/petra-rutas-turisticas-privadas-es\/tour-privado-por-wadi-rum\/\",\"name\":\"\u27a1\ufe0f Tour Privado por Wadi Rum con chofer privado y gu\u00eda oficial | Tour Travel & More\",\"isPartOf\":{\"@id\":\"https:\/\/tourtravelandmore.com\/es\/#website\"},\"primaryImageOfPage\":{\"@id\":\"https:\/\/tourtravelandmore.com\/es\/tours\/jordania-es\/petra-es\/petra-rutas-turisticas-privadas-es\/tour-privado-por-wadi-rum\/#primaryimage\"},\"image\":{\"@id\":\"https:\/\/tourtravelandmore.com\/es\/tours\/jordania-es\/petra-es\/petra-rutas-turisticas-privadas-es\/tour-privado-por-wadi-rum\/#primaryimage\"},\"thumbnailUrl\":\"https:\/\/tourtravelandmore.com\/wp-content\/uploads\/2019\/12\/jordan-wadi-rum-camping-red-sand-sand.jpg\",\"datePublished\":\"2019-12-04T14:01:33+00:00\",\"dateModified\":\"2023-10-16T06:43:17+00:00\",\"description\":\"Avent\u00farese en este Tour Privado por Wadi Rum y tenga la oportunidad de explorar uno de los desiertos mas importantes de Jordania \u2705\",\"breadcrumb\":{\"@id\":\"https:\/\/tourtravelandmore.com\/es\/tours\/jordania-es\/petra-es\/petra-rutas-turisticas-privadas-es\/tour-privado-por-wadi-rum\/#breadcrumb\"},\"inLanguage\":\"es\",\"potentialAction\":[{\"@type\":\"ReadAction\",\"target\":[\"https:\/\/tourtravelandmore.com\/es\/tours\/jordania-es\/petra-es\/petra-rutas-turisticas-privadas-es\/tour-privado-por-wadi-rum\/\"]}]},{\"@type\":\"ImageObject\",\"inLanguage\":\"es\",\"@id\":\"https:\/\/tourtravelandmore.com\/es\/tours\/jordania-es\/petra-es\/petra-rutas-turisticas-privadas-es\/tour-privado-por-wadi-rum\/#primaryimage\",\"url\":\"https:\/\/tourtravelandmore.com\/wp-content\/uploads\/2019\/12\/jordan-wadi-rum-camping-red-sand-sand.jpg\",\"contentUrl\":\"https:\/\/tourtravelandmore.com\/wp-content\/uploads\/2019\/12\/jordan-wadi-rum-camping-red-sand-sand.jpg\",\"width\":910,\"height\":607},{\"@type\":\"BreadcrumbList\",\"@id\":\"https:\/\/tourtravelandmore.com\/es\/tours\/jordania-es\/petra-es\/petra-rutas-turisticas-privadas-es\/tour-privado-por-wadi-rum\/#breadcrumb\",\"itemListElement\":[{\"@type\":\"ListItem\",\"position\":1,\"name\":\"Home\",\"item\":\"https:\/\/tourtravelandmore.com\/es\/\"},{\"@type\":\"ListItem\",\"position\":2,\"name\":\"Tours\",\"item\":\"https:\/\/tourtravelandmore.com\/es\/tours\/\"},{\"@type\":\"ListItem\",\"position\":3,\"name\":\"Tour Privado por Wadi Rum\"}]},{\"@type\":\"WebSite\",\"@id\":\"https:\/\/tourtravelandmore.com\/es\/#website\",\"url\":\"https:\/\/tourtravelandmore.com\/es\/\",\"name\":\"Tour Travel And More\",\"description\":\"Private sightseeing tours and luxury transfers in Spain\",\"publisher\":{\"@id\":\"https:\/\/tourtravelandmore.com\/es\/#organization\"},\"potentialAction\":[{\"@type\":\"SearchAction\",\"target\":{\"@type\":\"EntryPoint\",\"urlTemplate\":\"https:\/\/tourtravelandmore.com\/es\/?s={search_term_string}\"},\"query-input\":{\"@type\":\"PropertyValueSpecification\",\"valueRequired\":true,\"valueName\":\"search_term_string\"}}],\"inLanguage\":\"es\"},{\"@type\":\"Organization\",\"@id\":\"https:\/\/tourtravelandmore.com\/es\/#organization\",\"name\":\"Tour Travel And More\",\"url\":\"https:\/\/tourtravelandmore.com\/es\/\",\"logo\":{\"@type\":\"ImageObject\",\"inLanguage\":\"es\",\"@id\":\"https:\/\/tourtravelandmore.com\/es\/#\/schema\/logo\/image\/\",\"url\":\"https:\/\/tourtravelandmore.com\/wp-content\/uploads\/2022\/12\/cropped-logo-cabecera-new.png\",\"contentUrl\":\"https:\/\/tourtravelandmore.com\/wp-content\/uploads\/2022\/12\/cropped-logo-cabecera-new.png\",\"width\":430,\"height\":61,\"caption\":\"Tour Travel And More\"},\"image\":{\"@id\":\"https:\/\/tourtravelandmore.com\/es\/#\/schema\/logo\/image\/\"},\"sameAs\":[\"https:\/\/www.facebook.com\/tourtravelandmore\/\",\"https:\/\/x.com\/TourTravel_More\"]}]}<\/script>\n<!-- \/ Yoast SEO Premium plugin. -->","yoast_head_json":{"title":"\u27a1\ufe0f Tour Privado por Wadi Rum con chofer privado y gu\u00eda oficial | Tour Travel & More","description":"Avent\u00farese en este Tour Privado por Wadi Rum y tenga la oportunidad de explorar uno de los desiertos mas importantes de Jordania \u2705","robots":{"index":"index","follow":"follow","max-snippet":"max-snippet:-1","max-image-preview":"max-image-preview:large","max-video-preview":"max-video-preview:-1"},"canonical":"https:\/\/tourtravelandmore.com\/es\/tours\/jordania-es\/petra-es\/petra-rutas-turisticas-privadas-es\/tour-privado-por-wadi-rum\/","og_locale":"es_ES","og_type":"article","og_title":"Tour Privado por Wadi Rum","og_description":"Avent\u00farese en este Tour Privado por Wadi Rum y tenga la oportunidad de explorar uno de los desiertos mas importantes de Jordania \u2705","og_url":"https:\/\/tourtravelandmore.com\/es\/tours\/jordania-es\/petra-es\/petra-rutas-turisticas-privadas-es\/tour-privado-por-wadi-rum\/","og_site_name":"Tour Travel And More","article_publisher":"https:\/\/www.facebook.com\/tourtravelandmore\/","article_modified_time":"2023-10-16T06:43:17+00:00","og_image":[{"width":910,"height":607,"url":"https:\/\/tourtravelandmore.com\/wp-content\/uploads\/2019\/12\/jordan-wadi-rum-camping-red-sand-sand.jpg","type":"image\/jpeg"}],"twitter_card":"summary_large_image","twitter_site":"@TourTravel_More","twitter_misc":{"Tiempo de lectura":"2 minutos"},"schema":{"@context":"https:\/\/schema.org","@graph":[{"@type":"WebPage","@id":"https:\/\/tourtravelandmore.com\/es\/tours\/jordania-es\/petra-es\/petra-rutas-turisticas-privadas-es\/tour-privado-por-wadi-rum\/","url":"https:\/\/tourtravelandmore.com\/es\/tours\/jordania-es\/petra-es\/petra-rutas-turisticas-privadas-es\/tour-privado-por-wadi-rum\/","name":"\u27a1\ufe0f Tour Privado por Wadi Rum con chofer privado y gu\u00eda oficial | Tour Travel & More","isPartOf":{"@id":"https:\/\/tourtravelandmore.com\/es\/#website"},"primaryImageOfPage":{"@id":"https:\/\/tourtravelandmore.com\/es\/tours\/jordania-es\/petra-es\/petra-rutas-turisticas-privadas-es\/tour-privado-por-wadi-rum\/#primaryimage"},"image":{"@id":"https:\/\/tourtravelandmore.com\/es\/tours\/jordania-es\/petra-es\/petra-rutas-turisticas-privadas-es\/tour-privado-por-wadi-rum\/#primaryimage"},"thumbnailUrl":"https:\/\/tourtravelandmore.com\/wp-content\/uploads\/2019\/12\/jordan-wadi-rum-camping-red-sand-sand.jpg","datePublished":"2019-12-04T14:01:33+00:00","dateModified":"2023-10-16T06:43:17+00:00","description":"Avent\u00farese en este Tour Privado por Wadi Rum y tenga la oportunidad de explorar uno de los desiertos mas importantes de Jordania \u2705","breadcrumb":{"@id":"https:\/\/tourtravelandmore.com\/es\/tours\/jordania-es\/petra-es\/petra-rutas-turisticas-privadas-es\/tour-privado-por-wadi-rum\/#breadcrumb"},"inLanguage":"es","potentialAction":[{"@type":"ReadAction","target":["https:\/\/tourtravelandmore.com\/es\/tours\/jordania-es\/petra-es\/petra-rutas-turisticas-privadas-es\/tour-privado-por-wadi-rum\/"]}]},{"@type":"ImageObject","inLanguage":"es","@id":"https:\/\/tourtravelandmore.com\/es\/tours\/jordania-es\/petra-es\/petra-rutas-turisticas-privadas-es\/tour-privado-por-wadi-rum\/#primaryimage","url":"https:\/\/tourtravelandmore.com\/wp-content\/uploads\/2019\/12\/jordan-wadi-rum-camping-red-sand-sand.jpg","contentUrl":"https:\/\/tourtravelandmore.com\/wp-content\/uploads\/2019\/12\/jordan-wadi-rum-camping-red-sand-sand.jpg","width":910,"height":607},{"@type":"BreadcrumbList","@id":"https:\/\/tourtravelandmore.com\/es\/tours\/jordania-es\/petra-es\/petra-rutas-turisticas-privadas-es\/tour-privado-por-wadi-rum\/#breadcrumb","itemListElement":[{"@type":"ListItem","position":1,"name":"Home","item":"https:\/\/tourtravelandmore.com\/es\/"},{"@type":"ListItem","position":2,"name":"Tours","item":"https:\/\/tourtravelandmore.com\/es\/tours\/"},{"@type":"ListItem","position":3,"name":"Tour Privado por Wadi Rum"}]},{"@type":"WebSite","@id":"https:\/\/tourtravelandmore.com\/es\/#website","url":"https:\/\/tourtravelandmore.com\/es\/","name":"Tour Travel And More","description":"Private sightseeing tours and luxury transfers in Spain","publisher":{"@id":"https:\/\/tourtravelandmore.com\/es\/#organization"},"potentialAction":[{"@type":"SearchAction","target":{"@type":"EntryPoint","urlTemplate":"https:\/\/tourtravelandmore.com\/es\/?s={search_term_string}"},"query-input":{"@type":"PropertyValueSpecification","valueRequired":true,"valueName":"search_term_string"}}],"inLanguage":"es"},{"@type":"Organization","@id":"https:\/\/tourtravelandmore.com\/es\/#organization","name":"Tour Travel And More","url":"https:\/\/tourtravelandmore.com\/es\/","logo":{"@type":"ImageObject","inLanguage":"es","@id":"https:\/\/tourtravelandmore.com\/es\/#\/schema\/logo\/image\/","url":"https:\/\/tourtravelandmore.com\/wp-content\/uploads\/2022\/12\/cropped-logo-cabecera-new.png","contentUrl":"https:\/\/tourtravelandmore.com\/wp-content\/uploads\/2022\/12\/cropped-logo-cabecera-new.png","width":430,"height":61,"caption":"Tour Travel And More"},"image":{"@id":"https:\/\/tourtravelandmore.com\/es\/#\/schema\/logo\/image\/"},"sameAs":["https:\/\/www.facebook.com\/tourtravelandmore\/","https:\/\/x.com\/TourTravel_More"]}]}},"_links":{"self":[{"href":"https:\/\/tourtravelandmore.com\/es\/wp-json\/wp\/v2\/product\/71698","targetHints":{"allow":["GET"]}}],"collection":[{"href":"https:\/\/tourtravelandmore.com\/es\/wp-json\/wp\/v2\/product"}],"about":[{"href":"https:\/\/tourtravelandmore.com\/es\/wp-json\/wp\/v2\/types\/product"}],"replies":[{"embeddable":true,"href":"https:\/\/tourtravelandmore.com\/es\/wp-json\/wp\/v2\/comments?post=71698"}],"wp:featuredmedia":[{"embeddable":true,"href":"https:\/\/tourtravelandmore.com\/es\/wp-json\/wp\/v2\/media\/71714"}],"wp:attachment":[{"href":"https:\/\/tourtravelandmore.com\/es\/wp-json\/wp\/v2\/media?parent=71698"}],"wp:term":[{"taxonomy":"product_brand","embeddable":true,"href":"https:\/\/tourtravelandmore.com\/es\/wp-json\/wp\/v2\/product_brand?post=71698"},{"taxonomy":"product_cat","embeddable":true,"href":"https:\/\/tourtravelandmore.com\/es\/wp-json\/wp\/v2\/product_cat?post=71698"},{"taxonomy":"product_tag","embeddable":true,"href":"https:\/\/tourtravelandmore.com\/es\/wp-json\/wp\/v2\/product_tag?post=71698"}],"curies":[{"name":"wp","href":"https:\/\/api.w.org\/{rel}","templated":true}]}}