{"id":71601,"date":"2019-12-02T09:39:41","date_gmt":"2019-12-02T08:39:42","guid":{"rendered":"https:\/\/tourtravelandmore.com\/?post_type=product&#038;p=71601"},"modified":"2024-08-21T17:48:07","modified_gmt":"2024-08-21T15:48:07","slug":"tour-privado-a-roma-desde-civitavecchia","status":"publish","type":"product","link":"https:\/\/tourtravelandmore.com\/es\/tours\/italia-es\/roma-es\/tour-privado-a-roma-desde-civitavecchia\/","title":{"rendered":"Tour Privado a Roma desde Civitavecchia"},"content":{"rendered":"<h2><strong>Descripci\u00f3n del Tour Privado a Roma desde Civitavecchia<\/strong><\/h2>\n<p>Disfrute de este <strong>Tour Privado a Roma desde Civitavecchia<\/strong>\u00a0con su <strong>veh\u00edculo y gu\u00eda oficial privado<\/strong> y conozca los lugares m\u00e1s emblem\u00e1ticos de Roma.<\/p>\n<p>Su conductor privado lo recoger\u00e1 en el puerto de cruceros de Civitavecchia en su <strong>veh\u00edculo privado de lujo<\/strong> y lo llevar\u00e1 hacia Roma.<\/p>\n<p><strong>Roma<\/strong> tambi\u00e9n conocida como Ciudad Eterna, es la capital de Italia y de la regi\u00f3n de Lacio. La ciudad de Roma es el coraz\u00f3n geogr\u00e1fico de la religi\u00f3n cat\u00f3lica y el destino de peregrinaci\u00f3n de la mayor\u00eda de sus fieles.<\/p>\n<p><strong>Civitavecchia<\/strong> es un puerto del mar Tirreno que se encuentra a 80 kil\u00f3metros al noroeste de Roma y es uno de los puertos m\u00e1s importantes de Italia, adem\u00e1s, se considera la principal conexi\u00f3n mar\u00edtima del centro de Italia con Cerde\u00f1a y Barcelona.<\/p>\n<p>El trayecto desde Civitavecchia a Roma es de aproximadamente una hora y quince minutos y es lo mismo para regresar.<\/p>\n<p>Este tour privado de Roma desde Civitavecchia es completamente personalizado. Podemos incluir las entradas sin colas a cualquier monumento del museo que desee visitar.<\/p>\n<p>Si est\u00e1 interesado en visitar otros lugares que no sean Roma, nuestro <a href=\"https:\/\/tourtravelandmore.com\/es\/tours\/italia-es\/roma-es\/tour-privado-de-orvieto-y-asis-desde-roma\/\">Tour Privado de d\u00eda completo de Orvieto y As\u00eds<\/a> podr\u00eda ser una excelente opci\u00f3n para usted y su grupo.<\/p>\n<h2><strong>Puntos de inter\u00e9s en el Tour Privado a Roma desde Civitavecchia<\/strong><\/h2>\n<p>La idea de este tour privado a Roma desde Civitavecchia es disfrutar de un recorrido tur\u00edstico por los sitios m\u00e1s representativos e hist\u00f3ricos de Roma en su veh\u00edculo de lujo privado con un gu\u00eda tur\u00edstico oficial, que lo iluminar\u00e1 con la historia y los secretos de esta maravillosa ciudad.<\/p>\n<p>En primer lugar, su conductor privado lo recoger\u00e1 en el puerto de Civitavecchia a la hora de desembarque y lo conducir\u00e1 hacia Roma. Una vez en Roma, se encontrar\u00e1 con su gu\u00eda oficial para una visita guiada de 4 horas.<\/p>\n<p>Entre otros monumentos y lugares de inter\u00e9s que puedes conocer:<\/p>\n<ul>\n<li><strong>Coliseo<\/strong><\/li>\n<li><strong>Foro Romano<\/strong><\/li>\n<li><strong>Plaza Navona<\/strong><\/li>\n<li><strong>Pante\u00f3n<\/strong><\/li>\n<li><strong>Plaza del P\u00f3polo<\/strong><\/li>\n<li><strong>Plaza de Venecia<\/strong><\/li>\n<li><strong>Fontana di Trevi<\/strong><\/li>\n<li><strong>Plaza Espa\u00f1a<\/strong><\/li>\n<li><a href=\"http:\/\/castelsantangelo.beniculturali.it\">Castillo Sant\u2019Angelo<\/a><\/li>\n<li><strong>Barrio Trastevere<\/strong><\/li>\n<li><strong>Plaza Minerva<\/strong><\/li>\n<li><strong>\u00a1Mucho m\u00e1s!<\/strong><\/li>\n<\/ul>\n<p>Luego, tendr\u00e1 algo de tiempo libre para pasear por la ciudad y disfrutar de una t\u00edpica comida italiana antes de regresar a su crucero.<\/p>\n<p>Si est\u00e1 interesado en visitar alg\u00fan monumento especial durante su recorrido privado, no dude en contactarnos.<\/p>\n<p>El recorrido tiene una duraci\u00f3n de 8 horas desde el momento de la recogida hasta el momento de devoluci\u00f3n en el puerto de cruceros de Civitavecchia. Si est\u00e1 interesado en un recorrido m\u00e1s largo, solo tiene que decirnos.<\/p>\n","protected":false},"excerpt":{"rendered":"<p>Disfrute de los monumentos y lugares de inter\u00e9s m\u00e1s importantes de Roma desde la terminal de <strong>cruceros de Civitavecchia.<\/strong> <span class=\"JLqJ4b ChMk0b\" data-language-for-alternatives=\"es\" data-language-to-translate-into=\"en\" data-phrase-index=\"1\">Aproveche esta oportunidad para conocer una de las ciudades m\u00e1s populares de Italia en esta experiencia con su propio gu\u00eda tur\u00edstico oficial privado y veh\u00edculo privado con chofer.<\/span><\/p>\n<p>&nbsp;<\/p>\n","protected":false},"featured_media":80886,"comment_status":"open","ping_status":"closed","template":"","meta":{"_acf_changed":false},"product_brand":[],"product_cat":[367,653,368,370,369,559],"product_tag":[],"class_list":{"0":"post-71601","1":"product","2":"type-product","3":"status-publish","4":"has-post-thumbnail","6":"product_cat-roma-es","7":"product_cat-roma-top-ventas-es","8":"product_cat-roma-actividades-es","9":"product_cat-roma-rutas-turisticas-privadas-es","10":"product_cat-roma-excursiones-es","11":"product_cat-roma-excursiones-privadas-cruceros-es","13":"first","14":"instock","15":"shipping-taxable","16":"purchasable","17":"product-type-simple"},"acf":[],"yoast_head":"<!-- This site is optimized with the Yoast SEO Premium plugin v25.3.1 (Yoast SEO v25.3.1) - https:\/\/yoast.com\/wordpress\/plugins\/seo\/ -->\n<title>Tour Privado a Roma desde Civitavecchia con chofer y gu\u00eda oficial | TTM<\/title>\n<meta name=\"description\" content=\"Disfrute es de este tour privado a Roma desde Civitavecchia en vehiculo de lujo con chofer y guia oficial. Admire lo que Roma tiene para ofrecer \u2705\" \/>\n<meta name=\"robots\" content=\"index, follow, max-snippet:-1, max-image-preview:large, max-video-preview:-1\" \/>\n<link rel=\"canonical\" href=\"https:\/\/tourtravelandmore.com\/es\/tours\/italia-es\/roma-es\/tour-privado-a-roma-desde-civitavecchia\/\" \/>\n<meta property=\"og:locale\" content=\"es_ES\" \/>\n<meta property=\"og:type\" content=\"article\" \/>\n<meta property=\"og:title\" content=\"Tour Privado a Roma desde Civitavecchia\" \/>\n<meta property=\"og:description\" content=\"Disfrute es de este tour privado a Roma desde Civitavecchia en vehiculo de lujo con chofer y guia oficial. Admire lo que Roma tiene para ofrecer \u2705\" \/>\n<meta property=\"og:url\" content=\"https:\/\/tourtravelandmore.com\/es\/tours\/italia-es\/roma-es\/tour-privado-a-roma-desde-civitavecchia\/\" \/>\n<meta property=\"og:site_name\" content=\"Tour Travel And More\" \/>\n<meta property=\"article:publisher\" content=\"https:\/\/www.facebook.com\/tourtravelandmore\/\" \/>\n<meta property=\"article:modified_time\" content=\"2024-08-21T15:48:07+00:00\" \/>\n<meta property=\"og:image\" content=\"https:\/\/tourtravelandmore.com\/wp-content\/uploads\/2019\/12\/roma-2.jpg\" \/>\n\t<meta property=\"og:image:width\" content=\"960\" \/>\n\t<meta property=\"og:image:height\" content=\"591\" \/>\n\t<meta property=\"og:image:type\" content=\"image\/jpeg\" \/>\n<meta name=\"twitter:card\" content=\"summary_large_image\" \/>\n<meta name=\"twitter:site\" content=\"@TourTravel_More\" \/>\n<meta name=\"twitter:label1\" content=\"Tiempo de lectura\" \/>\n\t<meta name=\"twitter:data1\" content=\"2 minutos\" \/>\n<script type=\"application\/ld+json\" class=\"yoast-schema-graph\">{\"@context\":\"https:\/\/schema.org\",\"@graph\":[{\"@type\":\"WebPage\",\"@id\":\"https:\/\/tourtravelandmore.com\/es\/tours\/italia-es\/roma-es\/tour-privado-a-roma-desde-civitavecchia\/\",\"url\":\"https:\/\/tourtravelandmore.com\/es\/tours\/italia-es\/roma-es\/tour-privado-a-roma-desde-civitavecchia\/\",\"name\":\"Tour Privado a Roma desde Civitavecchia con chofer y gu\u00eda oficial | TTM\",\"isPartOf\":{\"@id\":\"https:\/\/tourtravelandmore.com\/es\/#website\"},\"primaryImageOfPage\":{\"@id\":\"https:\/\/tourtravelandmore.com\/es\/tours\/italia-es\/roma-es\/tour-privado-a-roma-desde-civitavecchia\/#primaryimage\"},\"image\":{\"@id\":\"https:\/\/tourtravelandmore.com\/es\/tours\/italia-es\/roma-es\/tour-privado-a-roma-desde-civitavecchia\/#primaryimage\"},\"thumbnailUrl\":\"https:\/\/tourtravelandmore.com\/wp-content\/uploads\/2019\/12\/roma-2.jpg\",\"datePublished\":\"2019-12-02T08:39:42+00:00\",\"dateModified\":\"2024-08-21T15:48:07+00:00\",\"description\":\"Disfrute es de este tour privado a Roma desde Civitavecchia en vehiculo de lujo con chofer y guia oficial. Admire lo que Roma tiene para ofrecer \u2705\",\"breadcrumb\":{\"@id\":\"https:\/\/tourtravelandmore.com\/es\/tours\/italia-es\/roma-es\/tour-privado-a-roma-desde-civitavecchia\/#breadcrumb\"},\"inLanguage\":\"es\",\"potentialAction\":[{\"@type\":\"ReadAction\",\"target\":[\"https:\/\/tourtravelandmore.com\/es\/tours\/italia-es\/roma-es\/tour-privado-a-roma-desde-civitavecchia\/\"]}]},{\"@type\":\"ImageObject\",\"inLanguage\":\"es\",\"@id\":\"https:\/\/tourtravelandmore.com\/es\/tours\/italia-es\/roma-es\/tour-privado-a-roma-desde-civitavecchia\/#primaryimage\",\"url\":\"https:\/\/tourtravelandmore.com\/wp-content\/uploads\/2019\/12\/roma-2.jpg\",\"contentUrl\":\"https:\/\/tourtravelandmore.com\/wp-content\/uploads\/2019\/12\/roma-2.jpg\",\"width\":960,\"height\":591},{\"@type\":\"BreadcrumbList\",\"@id\":\"https:\/\/tourtravelandmore.com\/es\/tours\/italia-es\/roma-es\/tour-privado-a-roma-desde-civitavecchia\/#breadcrumb\",\"itemListElement\":[{\"@type\":\"ListItem\",\"position\":1,\"name\":\"Home\",\"item\":\"https:\/\/tourtravelandmore.com\/es\/\"},{\"@type\":\"ListItem\",\"position\":2,\"name\":\"Tours\",\"item\":\"https:\/\/tourtravelandmore.com\/es\/tours\/\"},{\"@type\":\"ListItem\",\"position\":3,\"name\":\"Tour Privado a Roma desde Civitavecchia\"}]},{\"@type\":\"WebSite\",\"@id\":\"https:\/\/tourtravelandmore.com\/es\/#website\",\"url\":\"https:\/\/tourtravelandmore.com\/es\/\",\"name\":\"Tour Travel And More\",\"description\":\"Private sightseeing tours and luxury transfers in Spain\",\"publisher\":{\"@id\":\"https:\/\/tourtravelandmore.com\/es\/#organization\"},\"potentialAction\":[{\"@type\":\"SearchAction\",\"target\":{\"@type\":\"EntryPoint\",\"urlTemplate\":\"https:\/\/tourtravelandmore.com\/es\/?s={search_term_string}\"},\"query-input\":{\"@type\":\"PropertyValueSpecification\",\"valueRequired\":true,\"valueName\":\"search_term_string\"}}],\"inLanguage\":\"es\"},{\"@type\":\"Organization\",\"@id\":\"https:\/\/tourtravelandmore.com\/es\/#organization\",\"name\":\"Tour Travel And More\",\"url\":\"https:\/\/tourtravelandmore.com\/es\/\",\"logo\":{\"@type\":\"ImageObject\",\"inLanguage\":\"es\",\"@id\":\"https:\/\/tourtravelandmore.com\/es\/#\/schema\/logo\/image\/\",\"url\":\"https:\/\/tourtravelandmore.com\/wp-content\/uploads\/2022\/12\/cropped-logo-cabecera-new.png\",\"contentUrl\":\"https:\/\/tourtravelandmore.com\/wp-content\/uploads\/2022\/12\/cropped-logo-cabecera-new.png\",\"width\":430,\"height\":61,\"caption\":\"Tour Travel And More\"},\"image\":{\"@id\":\"https:\/\/tourtravelandmore.com\/es\/#\/schema\/logo\/image\/\"},\"sameAs\":[\"https:\/\/www.facebook.com\/tourtravelandmore\/\",\"https:\/\/x.com\/TourTravel_More\"]}]}<\/script>\n<!-- \/ Yoast SEO Premium plugin. -->","yoast_head_json":{"title":"Tour Privado a Roma desde Civitavecchia con chofer y gu\u00eda oficial | TTM","description":"Disfrute es de este tour privado a Roma desde Civitavecchia en vehiculo de lujo con chofer y guia oficial. Admire lo que Roma tiene para ofrecer \u2705","robots":{"index":"index","follow":"follow","max-snippet":"max-snippet:-1","max-image-preview":"max-image-preview:large","max-video-preview":"max-video-preview:-1"},"canonical":"https:\/\/tourtravelandmore.com\/es\/tours\/italia-es\/roma-es\/tour-privado-a-roma-desde-civitavecchia\/","og_locale":"es_ES","og_type":"article","og_title":"Tour Privado a Roma desde Civitavecchia","og_description":"Disfrute es de este tour privado a Roma desde Civitavecchia en vehiculo de lujo con chofer y guia oficial. Admire lo que Roma tiene para ofrecer \u2705","og_url":"https:\/\/tourtravelandmore.com\/es\/tours\/italia-es\/roma-es\/tour-privado-a-roma-desde-civitavecchia\/","og_site_name":"Tour Travel And More","article_publisher":"https:\/\/www.facebook.com\/tourtravelandmore\/","article_modified_time":"2024-08-21T15:48:07+00:00","og_image":[{"width":960,"height":591,"url":"https:\/\/tourtravelandmore.com\/wp-content\/uploads\/2019\/12\/roma-2.jpg","type":"image\/jpeg"}],"twitter_card":"summary_large_image","twitter_site":"@TourTravel_More","twitter_misc":{"Tiempo de lectura":"2 minutos"},"schema":{"@context":"https:\/\/schema.org","@graph":[{"@type":"WebPage","@id":"https:\/\/tourtravelandmore.com\/es\/tours\/italia-es\/roma-es\/tour-privado-a-roma-desde-civitavecchia\/","url":"https:\/\/tourtravelandmore.com\/es\/tours\/italia-es\/roma-es\/tour-privado-a-roma-desde-civitavecchia\/","name":"Tour Privado a Roma desde Civitavecchia con chofer y gu\u00eda oficial | TTM","isPartOf":{"@id":"https:\/\/tourtravelandmore.com\/es\/#website"},"primaryImageOfPage":{"@id":"https:\/\/tourtravelandmore.com\/es\/tours\/italia-es\/roma-es\/tour-privado-a-roma-desde-civitavecchia\/#primaryimage"},"image":{"@id":"https:\/\/tourtravelandmore.com\/es\/tours\/italia-es\/roma-es\/tour-privado-a-roma-desde-civitavecchia\/#primaryimage"},"thumbnailUrl":"https:\/\/tourtravelandmore.com\/wp-content\/uploads\/2019\/12\/roma-2.jpg","datePublished":"2019-12-02T08:39:42+00:00","dateModified":"2024-08-21T15:48:07+00:00","description":"Disfrute es de este tour privado a Roma desde Civitavecchia en vehiculo de lujo con chofer y guia oficial. Admire lo que Roma tiene para ofrecer \u2705","breadcrumb":{"@id":"https:\/\/tourtravelandmore.com\/es\/tours\/italia-es\/roma-es\/tour-privado-a-roma-desde-civitavecchia\/#breadcrumb"},"inLanguage":"es","potentialAction":[{"@type":"ReadAction","target":["https:\/\/tourtravelandmore.com\/es\/tours\/italia-es\/roma-es\/tour-privado-a-roma-desde-civitavecchia\/"]}]},{"@type":"ImageObject","inLanguage":"es","@id":"https:\/\/tourtravelandmore.com\/es\/tours\/italia-es\/roma-es\/tour-privado-a-roma-desde-civitavecchia\/#primaryimage","url":"https:\/\/tourtravelandmore.com\/wp-content\/uploads\/2019\/12\/roma-2.jpg","contentUrl":"https:\/\/tourtravelandmore.com\/wp-content\/uploads\/2019\/12\/roma-2.jpg","width":960,"height":591},{"@type":"BreadcrumbList","@id":"https:\/\/tourtravelandmore.com\/es\/tours\/italia-es\/roma-es\/tour-privado-a-roma-desde-civitavecchia\/#breadcrumb","itemListElement":[{"@type":"ListItem","position":1,"name":"Home","item":"https:\/\/tourtravelandmore.com\/es\/"},{"@type":"ListItem","position":2,"name":"Tours","item":"https:\/\/tourtravelandmore.com\/es\/tours\/"},{"@type":"ListItem","position":3,"name":"Tour Privado a Roma desde Civitavecchia"}]},{"@type":"WebSite","@id":"https:\/\/tourtravelandmore.com\/es\/#website","url":"https:\/\/tourtravelandmore.com\/es\/","name":"Tour Travel And More","description":"Private sightseeing tours and luxury transfers in Spain","publisher":{"@id":"https:\/\/tourtravelandmore.com\/es\/#organization"},"potentialAction":[{"@type":"SearchAction","target":{"@type":"EntryPoint","urlTemplate":"https:\/\/tourtravelandmore.com\/es\/?s={search_term_string}"},"query-input":{"@type":"PropertyValueSpecification","valueRequired":true,"valueName":"search_term_string"}}],"inLanguage":"es"},{"@type":"Organization","@id":"https:\/\/tourtravelandmore.com\/es\/#organization","name":"Tour Travel And More","url":"https:\/\/tourtravelandmore.com\/es\/","logo":{"@type":"ImageObject","inLanguage":"es","@id":"https:\/\/tourtravelandmore.com\/es\/#\/schema\/logo\/image\/","url":"https:\/\/tourtravelandmore.com\/wp-content\/uploads\/2022\/12\/cropped-logo-cabecera-new.png","contentUrl":"https:\/\/tourtravelandmore.com\/wp-content\/uploads\/2022\/12\/cropped-logo-cabecera-new.png","width":430,"height":61,"caption":"Tour Travel And More"},"image":{"@id":"https:\/\/tourtravelandmore.com\/es\/#\/schema\/logo\/image\/"},"sameAs":["https:\/\/www.facebook.com\/tourtravelandmore\/","https:\/\/x.com\/TourTravel_More"]}]}},"_links":{"self":[{"href":"https:\/\/tourtravelandmore.com\/es\/wp-json\/wp\/v2\/product\/71601","targetHints":{"allow":["GET"]}}],"collection":[{"href":"https:\/\/tourtravelandmore.com\/es\/wp-json\/wp\/v2\/product"}],"about":[{"href":"https:\/\/tourtravelandmore.com\/es\/wp-json\/wp\/v2\/types\/product"}],"replies":[{"embeddable":true,"href":"https:\/\/tourtravelandmore.com\/es\/wp-json\/wp\/v2\/comments?post=71601"}],"wp:featuredmedia":[{"embeddable":true,"href":"https:\/\/tourtravelandmore.com\/es\/wp-json\/wp\/v2\/media\/80886"}],"wp:attachment":[{"href":"https:\/\/tourtravelandmore.com\/es\/wp-json\/wp\/v2\/media?parent=71601"}],"wp:term":[{"taxonomy":"product_brand","embeddable":true,"href":"https:\/\/tourtravelandmore.com\/es\/wp-json\/wp\/v2\/product_brand?post=71601"},{"taxonomy":"product_cat","embeddable":true,"href":"https:\/\/tourtravelandmore.com\/es\/wp-json\/wp\/v2\/product_cat?post=71601"},{"taxonomy":"product_tag","embeddable":true,"href":"https:\/\/tourtravelandmore.com\/es\/wp-json\/wp\/v2\/product_tag?post=71601"}],"curies":[{"name":"wp","href":"https:\/\/api.w.org\/{rel}","templated":true}]}}