{"id":71202,"date":"2019-11-23T13:59:25","date_gmt":"2019-11-23T12:59:26","guid":{"rendered":"https:\/\/tourtravelandmore.com\/?post_type=product&#038;p=71202"},"modified":"2023-08-28T10:49:36","modified_gmt":"2023-08-28T08:49:36","slug":"tour-privado-a-porvoo","status":"publish","type":"product","link":"https:\/\/tourtravelandmore.com\/es\/tours\/finlandia-es\/helsinki-es\/tour-privado-a-porvoo\/","title":{"rendered":"Tour Privado a Porvoo"},"content":{"rendered":"<h2 id=\"tw-target-text\" class=\"tw-data-text tw-text-large XcVN5d tw-ta\" dir=\"ltr\" data-placeholder=\"Traducci\u00f3n\"><span lang=\"es\">Descripci\u00f3n del Tour Privado a Porvoo<\/span><\/h2>\n<p>Disfrute de este <strong>Tour Privado a Porvoo desde la ciudad de Helsinki<\/strong>. Todo nuestro recorrido ser\u00e1 con nuestro <strong>gu\u00eda oficial privado, <\/strong>donde\u00a0conocer\u00e1 lo mejor que Porvoo tiene para ofrecer.<\/p>\n<p>Nos reuniremos en un punto central de Helsinki o en el lugar que elijas. Aqu\u00ed, su <strong>chofer privado<\/strong> lo recoger\u00e1 y lo llevar\u00e1 a su primer destino en Porvoo.<\/p>\n<p>Una vez en Porvoo, se encontrar\u00e1 con su gu\u00eda tur\u00edstico oficial, quien le mostrar\u00e1 lo mejor de la ciudad. Conozca sus lugares de inter\u00e9s y sus principales atracciones, como las calles medievales, el parque Runeberg, la antigua iglesia de Porvoo y muchos m\u00e1s lugares.<\/p>\n<p>Puede personalizar cada recorrido con solo contactarnos. Aqu\u00ed hay un ejemplo de algunos de los lugares m\u00e1s importantes de Porvoo, pero su recorrido puede personalizarse completamente para satisfacer sus necesidades exactas. Te ayudaremos a organizar tu experiencia \u00fanica para tus vacaciones.<\/p>\n<p>Abajo es un recorrido de 5 horas. Siempre podemos ofrecer recorridos m\u00e1s largos si lo desea. El n\u00famero exacto de horas se puede modificar.<\/p>\n<h2>Puntos emblem\u00e1ticos y de inter\u00e9s en el Tour Privado a Porvoo<\/h2>\n<p>Durante su Tour Privado a Porvoo, descubrir\u00e1 algunos de los lugares m\u00e1s reconocidos de la ciudad. <span class=\"JLqJ4b ChMk0b\" data-language-for-alternatives=\"es\" data-language-to-translate-into=\"en\" data-phrase-index=\"1\">Ser\u00e1s testigo de su singular belleza arquitect\u00f3nica. Entre los sitios que puede visitar a trav\u00e9s de este tour privado, le ofrecemos:<\/span><\/p>\n<ul>\n<li><strong>Parque de la ciudad <\/strong><\/li>\n<li><strong><span class=\"JLqJ4b\" data-language-for-alternatives=\"es\" data-language-to-translate-into=\"en\" data-phrase-index=\"5\"><span class=\"JLqJ4b ChMk0b\" data-language-for-alternatives=\"es\" data-language-to-translate-into=\"en\" data-phrase-index=\"6\">Catedral de Porvoo <\/span><\/span><\/strong><\/li>\n<li><strong><span class=\"JLqJ4b\" data-language-for-alternatives=\"es\" data-language-to-translate-into=\"en\" data-phrase-index=\"5\"><span class=\"JLqJ4b ChMk0b\" data-language-for-alternatives=\"es\" data-language-to-translate-into=\"en\" data-phrase-index=\"6\">Parque Runeberg <\/span><\/span><\/strong><\/li>\n<li><strong><span class=\"JLqJ4b\" data-language-for-alternatives=\"es\" data-language-to-translate-into=\"en\" data-phrase-index=\"5\"><span class=\"JLqJ4b ChMk0b\" data-language-for-alternatives=\"es\" data-language-to-translate-into=\"en\" data-phrase-index=\"6\">Antigua iglesia de Porvoo <\/span><\/span><\/strong><\/li>\n<li><strong><span class=\"JLqJ4b\" data-language-for-alternatives=\"es\" data-language-to-translate-into=\"en\" data-phrase-index=\"5\"><span class=\"JLqJ4b ChMk0b\" data-language-for-alternatives=\"es\" data-language-to-translate-into=\"en\" data-phrase-index=\"6\">R\u00edo Porvoon<\/span><\/span><\/strong><\/li>\n<li><strong>y mucho m\u00e1s!<\/strong><\/li>\n<\/ul>\n<p>Este tour es completamente personalizable y privado. <span class=\"JLqJ4b ChMk0b\" data-language-for-alternatives=\"es\" data-language-to-translate-into=\"en\" data-phrase-index=\"17\">P\u00f3ngase en contacto con nuestros expertos en viajes en <strong>Tour Travel &amp; More<\/strong> y haremos que su experiencia sea \u00fanica y le ayudaremos a organizar su recorrido privado. <\/span><\/p>\n<p>En caso de que desee, podemos incluir entradas a cualquier monumento o museo que desee visitar.<\/p>\n<p>Al finalizar, su chofer privado lo llevar\u00e1 de regreso su hotel o lugar de elecci\u00f3n en Helsinki.<\/p>\n<p><span class=\"JLqJ4b ChMk0b\" data-language-for-alternatives=\"es\" data-language-to-translate-into=\"en\" data-phrase-index=\"17\"><span class=\"JLqJ4b\" data-language-for-alternatives=\"es\" data-language-to-translate-into=\"en\" data-phrase-index=\"18\">No se pierda <a href=\"https:\/\/tourtravelandmore.com\/es\/ciudad\/finlandia-es\/helsinki-es\/\">nuestros tours privados que ofrecemos en Helsinki<\/a>. Podemos organizar cualquier tipo de experiencia privada para usted.<\/span><\/span><\/p>\n","protected":false},"excerpt":{"rendered":"<p>Ven con nosotros a este <strong>tour privado de 5 horas totalmente personalizado por la ciudad de Porvoo desde Helsinki<\/strong>, donde podr\u00e1s admirar la belleza urbana de sus monumentos naturales m\u00e1s importantes, sus calles y edificios medievales. En el camino, su conductor privado y su gu\u00eda tur\u00edstico oficial lo llevar\u00e1n a explorar la historia que ofrece la ciudad de <strong>Porvoo<\/strong>.<\/p>\n","protected":false},"featured_media":71367,"comment_status":"open","ping_status":"closed","template":"","meta":{"_acf_changed":false},"product_brand":[],"product_cat":[1589,1531,1559,1545],"product_tag":[1393,4041,1392],"class_list":{"0":"post-71202","1":"product","2":"type-product","3":"status-publish","4":"has-post-thumbnail","6":"product_cat-finlandia-es","7":"product_cat-helsinki-es","8":"product_cat-rovaniemi-actividades-es","9":"product_cat-helsinki-rutas-turisticas-privadas-es","10":"product_tag-city-tour-es","11":"product_tag-private-es","12":"product_tag-private-tour-es","14":"first","15":"instock","16":"shipping-taxable","17":"purchasable","18":"product-type-simple"},"acf":[],"yoast_head":"<!-- This site is optimized with the Yoast SEO Premium plugin v25.3.1 (Yoast SEO v25.3.1) - https:\/\/yoast.com\/wordpress\/plugins\/seo\/ -->\n<title>Tour Privado a Porvoo desde la ciudad de Helsinki con gu\u00eda oficial<\/title>\n<meta name=\"description\" content=\"Disfruta de este tour privado personalizable a Porvoo desde Helsinki, y conozca sus impresionantes paisajes y calles medievales.\" \/>\n<meta name=\"robots\" content=\"index, follow, max-snippet:-1, max-image-preview:large, max-video-preview:-1\" \/>\n<link rel=\"canonical\" href=\"https:\/\/tourtravelandmore.com\/es\/tours\/finlandia-es\/helsinki-es\/tour-privado-a-porvoo\/\" \/>\n<meta property=\"og:locale\" content=\"es_ES\" \/>\n<meta property=\"og:type\" content=\"article\" \/>\n<meta property=\"og:title\" content=\"Tour Privado a Porvoo\" \/>\n<meta property=\"og:description\" content=\"Disfruta de este tour privado personalizable a Porvoo desde Helsinki, y conozca sus impresionantes paisajes y calles medievales.\" \/>\n<meta property=\"og:url\" content=\"https:\/\/tourtravelandmore.com\/es\/tours\/finlandia-es\/helsinki-es\/tour-privado-a-porvoo\/\" \/>\n<meta property=\"og:site_name\" content=\"Tour Travel And More\" \/>\n<meta property=\"article:publisher\" content=\"https:\/\/www.facebook.com\/tourtravelandmore\/\" \/>\n<meta property=\"article:modified_time\" content=\"2023-08-28T08:49:36+00:00\" \/>\n<meta property=\"og:image\" content=\"https:\/\/tourtravelandmore.com\/wp-content\/uploads\/2019\/11\/800px-Porvoo_in_January.jpg\" \/>\n\t<meta property=\"og:image:width\" content=\"800\" \/>\n\t<meta property=\"og:image:height\" content=\"533\" \/>\n\t<meta property=\"og:image:type\" content=\"image\/jpeg\" \/>\n<meta name=\"twitter:card\" content=\"summary_large_image\" \/>\n<meta name=\"twitter:site\" content=\"@TourTravel_More\" \/>\n<meta name=\"twitter:label1\" content=\"Tiempo de lectura\" \/>\n\t<meta name=\"twitter:data1\" content=\"2 minutos\" \/>\n<script type=\"application\/ld+json\" class=\"yoast-schema-graph\">{\"@context\":\"https:\/\/schema.org\",\"@graph\":[{\"@type\":\"WebPage\",\"@id\":\"https:\/\/tourtravelandmore.com\/es\/tours\/finlandia-es\/helsinki-es\/tour-privado-a-porvoo\/\",\"url\":\"https:\/\/tourtravelandmore.com\/es\/tours\/finlandia-es\/helsinki-es\/tour-privado-a-porvoo\/\",\"name\":\"Tour Privado a Porvoo desde la ciudad de Helsinki con gu\u00eda oficial\",\"isPartOf\":{\"@id\":\"https:\/\/tourtravelandmore.com\/es\/#website\"},\"primaryImageOfPage\":{\"@id\":\"https:\/\/tourtravelandmore.com\/es\/tours\/finlandia-es\/helsinki-es\/tour-privado-a-porvoo\/#primaryimage\"},\"image\":{\"@id\":\"https:\/\/tourtravelandmore.com\/es\/tours\/finlandia-es\/helsinki-es\/tour-privado-a-porvoo\/#primaryimage\"},\"thumbnailUrl\":\"https:\/\/tourtravelandmore.com\/wp-content\/uploads\/2019\/11\/800px-Porvoo_in_January.jpg\",\"datePublished\":\"2019-11-23T12:59:26+00:00\",\"dateModified\":\"2023-08-28T08:49:36+00:00\",\"description\":\"Disfruta de este tour privado personalizable a Porvoo desde Helsinki, y conozca sus impresionantes paisajes y calles medievales.\",\"breadcrumb\":{\"@id\":\"https:\/\/tourtravelandmore.com\/es\/tours\/finlandia-es\/helsinki-es\/tour-privado-a-porvoo\/#breadcrumb\"},\"inLanguage\":\"es\",\"potentialAction\":[{\"@type\":\"ReadAction\",\"target\":[\"https:\/\/tourtravelandmore.com\/es\/tours\/finlandia-es\/helsinki-es\/tour-privado-a-porvoo\/\"]}]},{\"@type\":\"ImageObject\",\"inLanguage\":\"es\",\"@id\":\"https:\/\/tourtravelandmore.com\/es\/tours\/finlandia-es\/helsinki-es\/tour-privado-a-porvoo\/#primaryimage\",\"url\":\"https:\/\/tourtravelandmore.com\/wp-content\/uploads\/2019\/11\/800px-Porvoo_in_January.jpg\",\"contentUrl\":\"https:\/\/tourtravelandmore.com\/wp-content\/uploads\/2019\/11\/800px-Porvoo_in_January.jpg\",\"width\":800,\"height\":533},{\"@type\":\"BreadcrumbList\",\"@id\":\"https:\/\/tourtravelandmore.com\/es\/tours\/finlandia-es\/helsinki-es\/tour-privado-a-porvoo\/#breadcrumb\",\"itemListElement\":[{\"@type\":\"ListItem\",\"position\":1,\"name\":\"Home\",\"item\":\"https:\/\/tourtravelandmore.com\/es\/\"},{\"@type\":\"ListItem\",\"position\":2,\"name\":\"Tours\",\"item\":\"https:\/\/tourtravelandmore.com\/es\/tours\/\"},{\"@type\":\"ListItem\",\"position\":3,\"name\":\"Tour Privado a Porvoo\"}]},{\"@type\":\"WebSite\",\"@id\":\"https:\/\/tourtravelandmore.com\/es\/#website\",\"url\":\"https:\/\/tourtravelandmore.com\/es\/\",\"name\":\"Tour Travel And More\",\"description\":\"Private sightseeing tours and luxury transfers in Spain\",\"publisher\":{\"@id\":\"https:\/\/tourtravelandmore.com\/es\/#organization\"},\"potentialAction\":[{\"@type\":\"SearchAction\",\"target\":{\"@type\":\"EntryPoint\",\"urlTemplate\":\"https:\/\/tourtravelandmore.com\/es\/?s={search_term_string}\"},\"query-input\":{\"@type\":\"PropertyValueSpecification\",\"valueRequired\":true,\"valueName\":\"search_term_string\"}}],\"inLanguage\":\"es\"},{\"@type\":\"Organization\",\"@id\":\"https:\/\/tourtravelandmore.com\/es\/#organization\",\"name\":\"Tour Travel And More\",\"url\":\"https:\/\/tourtravelandmore.com\/es\/\",\"logo\":{\"@type\":\"ImageObject\",\"inLanguage\":\"es\",\"@id\":\"https:\/\/tourtravelandmore.com\/es\/#\/schema\/logo\/image\/\",\"url\":\"https:\/\/tourtravelandmore.com\/wp-content\/uploads\/2022\/12\/cropped-logo-cabecera-new.png\",\"contentUrl\":\"https:\/\/tourtravelandmore.com\/wp-content\/uploads\/2022\/12\/cropped-logo-cabecera-new.png\",\"width\":430,\"height\":61,\"caption\":\"Tour Travel And More\"},\"image\":{\"@id\":\"https:\/\/tourtravelandmore.com\/es\/#\/schema\/logo\/image\/\"},\"sameAs\":[\"https:\/\/www.facebook.com\/tourtravelandmore\/\",\"https:\/\/x.com\/TourTravel_More\"]}]}<\/script>\n<!-- \/ Yoast SEO Premium plugin. -->","yoast_head_json":{"title":"Tour Privado a Porvoo desde la ciudad de Helsinki con gu\u00eda oficial","description":"Disfruta de este tour privado personalizable a Porvoo desde Helsinki, y conozca sus impresionantes paisajes y calles medievales.","robots":{"index":"index","follow":"follow","max-snippet":"max-snippet:-1","max-image-preview":"max-image-preview:large","max-video-preview":"max-video-preview:-1"},"canonical":"https:\/\/tourtravelandmore.com\/es\/tours\/finlandia-es\/helsinki-es\/tour-privado-a-porvoo\/","og_locale":"es_ES","og_type":"article","og_title":"Tour Privado a Porvoo","og_description":"Disfruta de este tour privado personalizable a Porvoo desde Helsinki, y conozca sus impresionantes paisajes y calles medievales.","og_url":"https:\/\/tourtravelandmore.com\/es\/tours\/finlandia-es\/helsinki-es\/tour-privado-a-porvoo\/","og_site_name":"Tour Travel And More","article_publisher":"https:\/\/www.facebook.com\/tourtravelandmore\/","article_modified_time":"2023-08-28T08:49:36+00:00","og_image":[{"width":800,"height":533,"url":"https:\/\/tourtravelandmore.com\/wp-content\/uploads\/2019\/11\/800px-Porvoo_in_January.jpg","type":"image\/jpeg"}],"twitter_card":"summary_large_image","twitter_site":"@TourTravel_More","twitter_misc":{"Tiempo de lectura":"2 minutos"},"schema":{"@context":"https:\/\/schema.org","@graph":[{"@type":"WebPage","@id":"https:\/\/tourtravelandmore.com\/es\/tours\/finlandia-es\/helsinki-es\/tour-privado-a-porvoo\/","url":"https:\/\/tourtravelandmore.com\/es\/tours\/finlandia-es\/helsinki-es\/tour-privado-a-porvoo\/","name":"Tour Privado a Porvoo desde la ciudad de Helsinki con gu\u00eda oficial","isPartOf":{"@id":"https:\/\/tourtravelandmore.com\/es\/#website"},"primaryImageOfPage":{"@id":"https:\/\/tourtravelandmore.com\/es\/tours\/finlandia-es\/helsinki-es\/tour-privado-a-porvoo\/#primaryimage"},"image":{"@id":"https:\/\/tourtravelandmore.com\/es\/tours\/finlandia-es\/helsinki-es\/tour-privado-a-porvoo\/#primaryimage"},"thumbnailUrl":"https:\/\/tourtravelandmore.com\/wp-content\/uploads\/2019\/11\/800px-Porvoo_in_January.jpg","datePublished":"2019-11-23T12:59:26+00:00","dateModified":"2023-08-28T08:49:36+00:00","description":"Disfruta de este tour privado personalizable a Porvoo desde Helsinki, y conozca sus impresionantes paisajes y calles medievales.","breadcrumb":{"@id":"https:\/\/tourtravelandmore.com\/es\/tours\/finlandia-es\/helsinki-es\/tour-privado-a-porvoo\/#breadcrumb"},"inLanguage":"es","potentialAction":[{"@type":"ReadAction","target":["https:\/\/tourtravelandmore.com\/es\/tours\/finlandia-es\/helsinki-es\/tour-privado-a-porvoo\/"]}]},{"@type":"ImageObject","inLanguage":"es","@id":"https:\/\/tourtravelandmore.com\/es\/tours\/finlandia-es\/helsinki-es\/tour-privado-a-porvoo\/#primaryimage","url":"https:\/\/tourtravelandmore.com\/wp-content\/uploads\/2019\/11\/800px-Porvoo_in_January.jpg","contentUrl":"https:\/\/tourtravelandmore.com\/wp-content\/uploads\/2019\/11\/800px-Porvoo_in_January.jpg","width":800,"height":533},{"@type":"BreadcrumbList","@id":"https:\/\/tourtravelandmore.com\/es\/tours\/finlandia-es\/helsinki-es\/tour-privado-a-porvoo\/#breadcrumb","itemListElement":[{"@type":"ListItem","position":1,"name":"Home","item":"https:\/\/tourtravelandmore.com\/es\/"},{"@type":"ListItem","position":2,"name":"Tours","item":"https:\/\/tourtravelandmore.com\/es\/tours\/"},{"@type":"ListItem","position":3,"name":"Tour Privado a Porvoo"}]},{"@type":"WebSite","@id":"https:\/\/tourtravelandmore.com\/es\/#website","url":"https:\/\/tourtravelandmore.com\/es\/","name":"Tour Travel And More","description":"Private sightseeing tours and luxury transfers in Spain","publisher":{"@id":"https:\/\/tourtravelandmore.com\/es\/#organization"},"potentialAction":[{"@type":"SearchAction","target":{"@type":"EntryPoint","urlTemplate":"https:\/\/tourtravelandmore.com\/es\/?s={search_term_string}"},"query-input":{"@type":"PropertyValueSpecification","valueRequired":true,"valueName":"search_term_string"}}],"inLanguage":"es"},{"@type":"Organization","@id":"https:\/\/tourtravelandmore.com\/es\/#organization","name":"Tour Travel And More","url":"https:\/\/tourtravelandmore.com\/es\/","logo":{"@type":"ImageObject","inLanguage":"es","@id":"https:\/\/tourtravelandmore.com\/es\/#\/schema\/logo\/image\/","url":"https:\/\/tourtravelandmore.com\/wp-content\/uploads\/2022\/12\/cropped-logo-cabecera-new.png","contentUrl":"https:\/\/tourtravelandmore.com\/wp-content\/uploads\/2022\/12\/cropped-logo-cabecera-new.png","width":430,"height":61,"caption":"Tour Travel And More"},"image":{"@id":"https:\/\/tourtravelandmore.com\/es\/#\/schema\/logo\/image\/"},"sameAs":["https:\/\/www.facebook.com\/tourtravelandmore\/","https:\/\/x.com\/TourTravel_More"]}]}},"_links":{"self":[{"href":"https:\/\/tourtravelandmore.com\/es\/wp-json\/wp\/v2\/product\/71202","targetHints":{"allow":["GET"]}}],"collection":[{"href":"https:\/\/tourtravelandmore.com\/es\/wp-json\/wp\/v2\/product"}],"about":[{"href":"https:\/\/tourtravelandmore.com\/es\/wp-json\/wp\/v2\/types\/product"}],"replies":[{"embeddable":true,"href":"https:\/\/tourtravelandmore.com\/es\/wp-json\/wp\/v2\/comments?post=71202"}],"wp:featuredmedia":[{"embeddable":true,"href":"https:\/\/tourtravelandmore.com\/es\/wp-json\/wp\/v2\/media\/71367"}],"wp:attachment":[{"href":"https:\/\/tourtravelandmore.com\/es\/wp-json\/wp\/v2\/media?parent=71202"}],"wp:term":[{"taxonomy":"product_brand","embeddable":true,"href":"https:\/\/tourtravelandmore.com\/es\/wp-json\/wp\/v2\/product_brand?post=71202"},{"taxonomy":"product_cat","embeddable":true,"href":"https:\/\/tourtravelandmore.com\/es\/wp-json\/wp\/v2\/product_cat?post=71202"},{"taxonomy":"product_tag","embeddable":true,"href":"https:\/\/tourtravelandmore.com\/es\/wp-json\/wp\/v2\/product_tag?post=71202"}],"curies":[{"name":"wp","href":"https:\/\/api.w.org\/{rel}","templated":true}]}}