{"id":71040,"date":"2019-11-20T22:40:04","date_gmt":"2019-11-20T21:40:05","guid":{"rendered":"https:\/\/tourtravelandmore.com\/?post_type=product&#038;p=71040"},"modified":"2024-02-19T10:18:56","modified_gmt":"2024-02-19T09:18:56","slug":"tour-privado-al-palacio-drottninghom","status":"publish","type":"product","link":"https:\/\/tourtravelandmore.com\/es\/tours\/suecia-es\/estocolmo-es\/tour-privado-al-palacio-drottninghom\/","title":{"rendered":"Tour Privado al Palacio Drottningholm"},"content":{"rendered":"<h2 id=\"tw-target-text\" class=\"tw-data-text tw-text-large XcVN5d tw-ta\" dir=\"ltr\" data-placeholder=\"Traducci\u00f3n\"><span lang=\"es\">Descripci\u00f3n del Tour Privado al Palacio Drottningholm<\/span><\/h2>\n<p>Disfrute de este <strong>Tour Privado al Palacio Drottningholm<\/strong> y al parque del Palacio desde Estocolmo junto con su gu\u00eda oficial privado. Conozca lo mejor de lo que el Palacio de Drottningholm tiene para ofrecer en este tour privado. Es verdaderamente un lugar asombroso que lo dejar\u00e1 sin aliento.<\/p>\n<p>Nos reuniremos en un punto central de Estocolmo. La recogida puede ser desde su hotel o lugar a elecci\u00f3n en Estocolmo. Luego comenzaremos esta incre\u00edble experiencia privada.<\/p>\n<p>Nuestra primera parada ser\u00e1 el <a href=\"https:\/\/www.kungligaslotten.se\/vara-besoksmal\/drottningholms-slott.html\">Palacio de Drottningholm<\/a>. Su gu\u00eda le mostrar\u00e1 lo mejor de lo que el palacio tiene para ofrecer. Luego continuaremos dando un paseo por los parques del palacio, como el Barroco, el ingl\u00e9s y el parque natural.<\/p>\n<p>Puede personalizar cada recorrido con solo contactarnos. A continuaci\u00f3n se muestra un ejemplo de algunos de los lugares m\u00e1s importantes del Palacio de Drottningholm. Su recorrido puede personalizarse completamente para satisfacer sus necesidades exactas. Te ayudaremos a organizar tu experiencia \u00fanica y completamente personalizada.<\/p>\n<h2>Puntos emblem\u00e1ticos y de inter\u00e9s en el Tour Privado al Palacio Drottningholm<\/h2>\n<p>Durante su tour privado al Palacio Drottningholm su gu\u00eda, le contar\u00e1 todo sobre su arquitectura e historia. <span class=\"JLqJ4b ChMk0b\" data-language-for-alternatives=\"es\" data-language-to-translate-into=\"en\" data-phrase-index=\"1\">Ser\u00e1s testigo de su singular belleza arquitect\u00f3nica. <\/span><\/p>\n<p><span class=\"JLqJ4b ChMk0b\" data-language-for-alternatives=\"es\" data-language-to-translate-into=\"en\" data-phrase-index=\"1\">Entre los sitios que puede visitar a trav\u00e9s de este tour privado, le ofrecemos:<\/span><\/p>\n<ul>\n<li><strong><span style=\"vertical-align: inherit;\">Lago M\u00e4laren<\/span><\/strong><\/li>\n<li><strong><span style=\"vertical-align: inherit;\">Los jardines del palacio del barroco, el parque ingl\u00e9s y natural<\/span><\/strong><\/li>\n<li><strong><span style=\"vertical-align: inherit;\">Palacio Drottningholm<\/span><\/strong><\/li>\n<li><strong><span style=\"vertical-align: inherit;\">Y muchos m\u00e1s lugares en este tour privado al Palacio Drottningholm.<\/span><\/strong><\/li>\n<\/ul>\n<p>Al finalizar el tour, su chofer y gu\u00eda oficial lo llevar\u00e1n de regreso a su hotel o punto de partida en Estocolmo. La entrada al Palacio esta incluida en el precio final del tour.<\/p>\n<p><span style=\"vertical-align: inherit;\">Este tour es completamente personalizable. P\u00f3ngase en contacto con nosotros para que su experiencia sea \u00fanica y ayude a organizar su tour privado. Si tiene algo en mente, solo tiene que decirnos, nosotros nos ocuparemos del resto.<\/span><\/p>\n<p><a href=\"https:\/\/tourtravelandmore.com\/es\/ciudad\/suecia-es\/estocolmo-es\/\">Mire aqu\u00ed todas nuestras experiencias privadas en y desde Estocolmo<\/a>.<\/p>\n","protected":false},"excerpt":{"rendered":"<p>Acomp\u00e1\u00f1enos en este <strong>tour privado de 5 horas totalmente personalizado al Palacio de Drottningholm desde Estocolmo<\/strong>, donde podr\u00e1 admirar la belleza de sus monumentos, edificios y parques. En el camino, su gu\u00eda oficial privado lo llevar\u00e1 a explorar la historia y arquitectura que ofrece el Palacio de Drottningholm.<\/p>\n","protected":false},"featured_media":71353,"comment_status":"open","ping_status":"closed","template":"","meta":{"_acf_changed":false},"product_brand":[],"product_cat":[1599,1516,1546,1519],"product_tag":[1393,4041,1392],"class_list":{"0":"post-71040","1":"product","2":"type-product","3":"status-publish","4":"has-post-thumbnail","6":"product_cat-suecia-es","7":"product_cat-estocolmo-es","8":"product_cat-helsinki-actividades-es","9":"product_cat-estocolmo-rutas-turisticas-privadas-es","10":"product_tag-city-tour-es","11":"product_tag-private-es","12":"product_tag-private-tour-es","14":"first","15":"instock","16":"shipping-taxable","17":"purchasable","18":"product-type-simple"},"acf":[],"yoast_head":"<!-- This site is optimized with the Yoast SEO Premium plugin v25.3.1 (Yoast SEO v25.3.1) - https:\/\/yoast.com\/wordpress\/plugins\/seo\/ -->\n<title>\u27a1\ufe0f Tour Privado al Palacio Drottningholm con chofer y gu\u00eda oficial | Tour Travel &amp; More<\/title>\n<meta name=\"description\" content=\"Conozca uno de los lugares mas bonitos de Estocolmo con este Tour Privado al Palacio Drottningholm con gu\u00eda profesional local \u2705\" \/>\n<meta name=\"robots\" content=\"index, follow, max-snippet:-1, max-image-preview:large, max-video-preview:-1\" \/>\n<link rel=\"canonical\" href=\"https:\/\/tourtravelandmore.com\/es\/tours\/suecia-es\/estocolmo-es\/tour-privado-al-palacio-drottninghom\/\" \/>\n<meta property=\"og:locale\" content=\"es_ES\" \/>\n<meta property=\"og:type\" content=\"article\" \/>\n<meta property=\"og:title\" content=\"Tour Privado al Palacio Drottningholm\" \/>\n<meta property=\"og:description\" content=\"Conozca uno de los lugares mas bonitos de Estocolmo con este Tour Privado al Palacio Drottningholm con gu\u00eda profesional local \u2705\" \/>\n<meta property=\"og:url\" content=\"https:\/\/tourtravelandmore.com\/es\/tours\/suecia-es\/estocolmo-es\/tour-privado-al-palacio-drottninghom\/\" \/>\n<meta property=\"og:site_name\" content=\"Tour Travel And More\" \/>\n<meta property=\"article:publisher\" content=\"https:\/\/www.facebook.com\/tourtravelandmore\/\" \/>\n<meta property=\"article:modified_time\" content=\"2024-02-19T09:18:56+00:00\" \/>\n<meta property=\"og:image\" content=\"https:\/\/tourtravelandmore.com\/wp-content\/uploads\/2019\/11\/drottningholm-palace-.jpg\" \/>\n\t<meta property=\"og:image:width\" content=\"1280\" \/>\n\t<meta property=\"og:image:height\" content=\"960\" \/>\n\t<meta property=\"og:image:type\" content=\"image\/jpeg\" \/>\n<meta name=\"twitter:card\" content=\"summary_large_image\" \/>\n<meta name=\"twitter:site\" content=\"@TourTravel_More\" \/>\n<meta name=\"twitter:label1\" content=\"Tiempo de lectura\" \/>\n\t<meta name=\"twitter:data1\" content=\"2 minutos\" \/>\n<script type=\"application\/ld+json\" class=\"yoast-schema-graph\">{\"@context\":\"https:\/\/schema.org\",\"@graph\":[{\"@type\":\"WebPage\",\"@id\":\"https:\/\/tourtravelandmore.com\/es\/tours\/suecia-es\/estocolmo-es\/tour-privado-al-palacio-drottninghom\/\",\"url\":\"https:\/\/tourtravelandmore.com\/es\/tours\/suecia-es\/estocolmo-es\/tour-privado-al-palacio-drottninghom\/\",\"name\":\"\u27a1\ufe0f Tour Privado al Palacio Drottningholm con chofer y gu\u00eda oficial | Tour Travel & More\",\"isPartOf\":{\"@id\":\"https:\/\/tourtravelandmore.com\/es\/#website\"},\"primaryImageOfPage\":{\"@id\":\"https:\/\/tourtravelandmore.com\/es\/tours\/suecia-es\/estocolmo-es\/tour-privado-al-palacio-drottninghom\/#primaryimage\"},\"image\":{\"@id\":\"https:\/\/tourtravelandmore.com\/es\/tours\/suecia-es\/estocolmo-es\/tour-privado-al-palacio-drottninghom\/#primaryimage\"},\"thumbnailUrl\":\"https:\/\/tourtravelandmore.com\/wp-content\/uploads\/2019\/11\/drottningholm-palace-.jpg\",\"datePublished\":\"2019-11-20T21:40:05+00:00\",\"dateModified\":\"2024-02-19T09:18:56+00:00\",\"description\":\"Conozca uno de los lugares mas bonitos de Estocolmo con este Tour Privado al Palacio Drottningholm con gu\u00eda profesional local \u2705\",\"breadcrumb\":{\"@id\":\"https:\/\/tourtravelandmore.com\/es\/tours\/suecia-es\/estocolmo-es\/tour-privado-al-palacio-drottninghom\/#breadcrumb\"},\"inLanguage\":\"es\",\"potentialAction\":[{\"@type\":\"ReadAction\",\"target\":[\"https:\/\/tourtravelandmore.com\/es\/tours\/suecia-es\/estocolmo-es\/tour-privado-al-palacio-drottninghom\/\"]}]},{\"@type\":\"ImageObject\",\"inLanguage\":\"es\",\"@id\":\"https:\/\/tourtravelandmore.com\/es\/tours\/suecia-es\/estocolmo-es\/tour-privado-al-palacio-drottninghom\/#primaryimage\",\"url\":\"https:\/\/tourtravelandmore.com\/wp-content\/uploads\/2019\/11\/drottningholm-palace-.jpg\",\"contentUrl\":\"https:\/\/tourtravelandmore.com\/wp-content\/uploads\/2019\/11\/drottningholm-palace-.jpg\",\"width\":1280,\"height\":960},{\"@type\":\"BreadcrumbList\",\"@id\":\"https:\/\/tourtravelandmore.com\/es\/tours\/suecia-es\/estocolmo-es\/tour-privado-al-palacio-drottninghom\/#breadcrumb\",\"itemListElement\":[{\"@type\":\"ListItem\",\"position\":1,\"name\":\"Home\",\"item\":\"https:\/\/tourtravelandmore.com\/es\/\"},{\"@type\":\"ListItem\",\"position\":2,\"name\":\"Tours\",\"item\":\"https:\/\/tourtravelandmore.com\/es\/tours\/\"},{\"@type\":\"ListItem\",\"position\":3,\"name\":\"Tour Privado al Palacio Drottningholm\"}]},{\"@type\":\"WebSite\",\"@id\":\"https:\/\/tourtravelandmore.com\/es\/#website\",\"url\":\"https:\/\/tourtravelandmore.com\/es\/\",\"name\":\"Tour Travel And More\",\"description\":\"Private sightseeing tours and luxury transfers in Spain\",\"publisher\":{\"@id\":\"https:\/\/tourtravelandmore.com\/es\/#organization\"},\"potentialAction\":[{\"@type\":\"SearchAction\",\"target\":{\"@type\":\"EntryPoint\",\"urlTemplate\":\"https:\/\/tourtravelandmore.com\/es\/?s={search_term_string}\"},\"query-input\":{\"@type\":\"PropertyValueSpecification\",\"valueRequired\":true,\"valueName\":\"search_term_string\"}}],\"inLanguage\":\"es\"},{\"@type\":\"Organization\",\"@id\":\"https:\/\/tourtravelandmore.com\/es\/#organization\",\"name\":\"Tour Travel And More\",\"url\":\"https:\/\/tourtravelandmore.com\/es\/\",\"logo\":{\"@type\":\"ImageObject\",\"inLanguage\":\"es\",\"@id\":\"https:\/\/tourtravelandmore.com\/es\/#\/schema\/logo\/image\/\",\"url\":\"https:\/\/tourtravelandmore.com\/wp-content\/uploads\/2022\/12\/cropped-logo-cabecera-new.png\",\"contentUrl\":\"https:\/\/tourtravelandmore.com\/wp-content\/uploads\/2022\/12\/cropped-logo-cabecera-new.png\",\"width\":430,\"height\":61,\"caption\":\"Tour Travel And More\"},\"image\":{\"@id\":\"https:\/\/tourtravelandmore.com\/es\/#\/schema\/logo\/image\/\"},\"sameAs\":[\"https:\/\/www.facebook.com\/tourtravelandmore\/\",\"https:\/\/x.com\/TourTravel_More\"]}]}<\/script>\n<!-- \/ Yoast SEO Premium plugin. -->","yoast_head_json":{"title":"\u27a1\ufe0f Tour Privado al Palacio Drottningholm con chofer y gu\u00eda oficial | Tour Travel & More","description":"Conozca uno de los lugares mas bonitos de Estocolmo con este Tour Privado al Palacio Drottningholm con gu\u00eda profesional local \u2705","robots":{"index":"index","follow":"follow","max-snippet":"max-snippet:-1","max-image-preview":"max-image-preview:large","max-video-preview":"max-video-preview:-1"},"canonical":"https:\/\/tourtravelandmore.com\/es\/tours\/suecia-es\/estocolmo-es\/tour-privado-al-palacio-drottninghom\/","og_locale":"es_ES","og_type":"article","og_title":"Tour Privado al Palacio Drottningholm","og_description":"Conozca uno de los lugares mas bonitos de Estocolmo con este Tour Privado al Palacio Drottningholm con gu\u00eda profesional local \u2705","og_url":"https:\/\/tourtravelandmore.com\/es\/tours\/suecia-es\/estocolmo-es\/tour-privado-al-palacio-drottninghom\/","og_site_name":"Tour Travel And More","article_publisher":"https:\/\/www.facebook.com\/tourtravelandmore\/","article_modified_time":"2024-02-19T09:18:56+00:00","og_image":[{"width":1280,"height":960,"url":"https:\/\/tourtravelandmore.com\/wp-content\/uploads\/2019\/11\/drottningholm-palace-.jpg","type":"image\/jpeg"}],"twitter_card":"summary_large_image","twitter_site":"@TourTravel_More","twitter_misc":{"Tiempo de lectura":"2 minutos"},"schema":{"@context":"https:\/\/schema.org","@graph":[{"@type":"WebPage","@id":"https:\/\/tourtravelandmore.com\/es\/tours\/suecia-es\/estocolmo-es\/tour-privado-al-palacio-drottninghom\/","url":"https:\/\/tourtravelandmore.com\/es\/tours\/suecia-es\/estocolmo-es\/tour-privado-al-palacio-drottninghom\/","name":"\u27a1\ufe0f Tour Privado al Palacio Drottningholm con chofer y gu\u00eda oficial | Tour Travel & More","isPartOf":{"@id":"https:\/\/tourtravelandmore.com\/es\/#website"},"primaryImageOfPage":{"@id":"https:\/\/tourtravelandmore.com\/es\/tours\/suecia-es\/estocolmo-es\/tour-privado-al-palacio-drottninghom\/#primaryimage"},"image":{"@id":"https:\/\/tourtravelandmore.com\/es\/tours\/suecia-es\/estocolmo-es\/tour-privado-al-palacio-drottninghom\/#primaryimage"},"thumbnailUrl":"https:\/\/tourtravelandmore.com\/wp-content\/uploads\/2019\/11\/drottningholm-palace-.jpg","datePublished":"2019-11-20T21:40:05+00:00","dateModified":"2024-02-19T09:18:56+00:00","description":"Conozca uno de los lugares mas bonitos de Estocolmo con este Tour Privado al Palacio Drottningholm con gu\u00eda profesional local \u2705","breadcrumb":{"@id":"https:\/\/tourtravelandmore.com\/es\/tours\/suecia-es\/estocolmo-es\/tour-privado-al-palacio-drottninghom\/#breadcrumb"},"inLanguage":"es","potentialAction":[{"@type":"ReadAction","target":["https:\/\/tourtravelandmore.com\/es\/tours\/suecia-es\/estocolmo-es\/tour-privado-al-palacio-drottninghom\/"]}]},{"@type":"ImageObject","inLanguage":"es","@id":"https:\/\/tourtravelandmore.com\/es\/tours\/suecia-es\/estocolmo-es\/tour-privado-al-palacio-drottninghom\/#primaryimage","url":"https:\/\/tourtravelandmore.com\/wp-content\/uploads\/2019\/11\/drottningholm-palace-.jpg","contentUrl":"https:\/\/tourtravelandmore.com\/wp-content\/uploads\/2019\/11\/drottningholm-palace-.jpg","width":1280,"height":960},{"@type":"BreadcrumbList","@id":"https:\/\/tourtravelandmore.com\/es\/tours\/suecia-es\/estocolmo-es\/tour-privado-al-palacio-drottninghom\/#breadcrumb","itemListElement":[{"@type":"ListItem","position":1,"name":"Home","item":"https:\/\/tourtravelandmore.com\/es\/"},{"@type":"ListItem","position":2,"name":"Tours","item":"https:\/\/tourtravelandmore.com\/es\/tours\/"},{"@type":"ListItem","position":3,"name":"Tour Privado al Palacio Drottningholm"}]},{"@type":"WebSite","@id":"https:\/\/tourtravelandmore.com\/es\/#website","url":"https:\/\/tourtravelandmore.com\/es\/","name":"Tour Travel And More","description":"Private sightseeing tours and luxury transfers in Spain","publisher":{"@id":"https:\/\/tourtravelandmore.com\/es\/#organization"},"potentialAction":[{"@type":"SearchAction","target":{"@type":"EntryPoint","urlTemplate":"https:\/\/tourtravelandmore.com\/es\/?s={search_term_string}"},"query-input":{"@type":"PropertyValueSpecification","valueRequired":true,"valueName":"search_term_string"}}],"inLanguage":"es"},{"@type":"Organization","@id":"https:\/\/tourtravelandmore.com\/es\/#organization","name":"Tour Travel And More","url":"https:\/\/tourtravelandmore.com\/es\/","logo":{"@type":"ImageObject","inLanguage":"es","@id":"https:\/\/tourtravelandmore.com\/es\/#\/schema\/logo\/image\/","url":"https:\/\/tourtravelandmore.com\/wp-content\/uploads\/2022\/12\/cropped-logo-cabecera-new.png","contentUrl":"https:\/\/tourtravelandmore.com\/wp-content\/uploads\/2022\/12\/cropped-logo-cabecera-new.png","width":430,"height":61,"caption":"Tour Travel And More"},"image":{"@id":"https:\/\/tourtravelandmore.com\/es\/#\/schema\/logo\/image\/"},"sameAs":["https:\/\/www.facebook.com\/tourtravelandmore\/","https:\/\/x.com\/TourTravel_More"]}]}},"_links":{"self":[{"href":"https:\/\/tourtravelandmore.com\/es\/wp-json\/wp\/v2\/product\/71040","targetHints":{"allow":["GET"]}}],"collection":[{"href":"https:\/\/tourtravelandmore.com\/es\/wp-json\/wp\/v2\/product"}],"about":[{"href":"https:\/\/tourtravelandmore.com\/es\/wp-json\/wp\/v2\/types\/product"}],"replies":[{"embeddable":true,"href":"https:\/\/tourtravelandmore.com\/es\/wp-json\/wp\/v2\/comments?post=71040"}],"wp:featuredmedia":[{"embeddable":true,"href":"https:\/\/tourtravelandmore.com\/es\/wp-json\/wp\/v2\/media\/71353"}],"wp:attachment":[{"href":"https:\/\/tourtravelandmore.com\/es\/wp-json\/wp\/v2\/media?parent=71040"}],"wp:term":[{"taxonomy":"product_brand","embeddable":true,"href":"https:\/\/tourtravelandmore.com\/es\/wp-json\/wp\/v2\/product_brand?post=71040"},{"taxonomy":"product_cat","embeddable":true,"href":"https:\/\/tourtravelandmore.com\/es\/wp-json\/wp\/v2\/product_cat?post=71040"},{"taxonomy":"product_tag","embeddable":true,"href":"https:\/\/tourtravelandmore.com\/es\/wp-json\/wp\/v2\/product_tag?post=71040"}],"curies":[{"name":"wp","href":"https:\/\/api.w.org\/{rel}","templated":true}]}}