{"id":71034,"date":"2019-11-20T22:40:02","date_gmt":"2019-11-20T21:40:03","guid":{"rendered":"https:\/\/tourtravelandmore.com\/?post_type=product&#038;p=71034"},"modified":"2023-10-16T08:42:22","modified_gmt":"2023-10-16T06:42:22","slug":"tour-privado-por-petra-ywadi-rum","status":"publish","type":"product","link":"https:\/\/tourtravelandmore.com\/es\/tours\/jordania-es\/petra-es\/petra-rutas-turisticas-privadas-es\/tour-privado-por-petra-ywadi-rum\/","title":{"rendered":"Tour Privado por Petra y Wadi Rum"},"content":{"rendered":"<h2 id=\"tw-target-text\" class=\"tw-data-text tw-text-large XcVN5d tw-ta\" dir=\"ltr\" data-placeholder=\"Traducci\u00f3n\"><span lang=\"es\">Tour Privado por Petra y Wadi Rum Descripci\u00f3n<\/span><\/h2>\n<p>El Siq, un famoso desfiladero con m\u00e1s de 1200 metros de longitud, es una parada obligada al visitar Petra. Este <strong>Tour Privado por Petra y Wadi Rum<\/strong> ser\u00e1 una experiencia incre\u00edble para ti. Disfrutaremos tanto de Petra como de Wadi Rum.<\/p>\n<p>Disfrutar\u00e1 tambi\u00e9n del tesoro (Al Khazna), famoso lugar conocido por la pel\u00edcula de Indiana Jones. Aqu\u00ed puedes ver 40 metros de altura y columnas de 12 metros. No te pierdas las calles de las fachadas donde veremos las famosas tumbas.<\/p>\n<p>En segundo lugar, conocer\u00e1 el teatro romano. Es conocido por sus famosas tumbas y donde se encuentran las tumbas reales, como la Tumba Urna, y la Tumba de la Seda. Tambi\u00e9n podremos admirar el monumento del palacio con una fachada de 5 metros de altura.<\/p>\n<p>Luego veremos el camino de columnas donde se encuentra la mayor parte de los edificios p\u00fablicos m\u00e1s importantes de la ciudad. Llegaremos a la iglesia bizantina, que lamentablemente fue destruida por un terremoto y quedan sus ruinas.<\/p>\n<p>Finalmente, visitaremos el Gran Templo, conocido por ser uno de los sitios arqueol\u00f3gicos m\u00e1s grandes de Petra.<\/p>\n<p>Para reponer fuerzas haremos una parada para almorzar en un restaurante local hasta partir hacia Wadi Rum donde tendremos un paseo en jeep de aproximadamente 1,5 horas por el conocido desierto. Disfrutaremos de sus famosas dunas y glifos rocosos.<\/p>\n<h2>Tour Privado por Petra y Wadi Rum | Puntos emblem\u00e1ticos y de inter\u00e9s<\/h2>\n<p>Disfrute de una recogida c\u00f3moda y comience este tour privado por Petra y Wadi Rum.<span class=\"JLqJ4b\" data-language-for-alternatives=\"es\" data-language-to-translate-into=\"en\" data-phrase-index=\"1\"> <span class=\"JLqJ4b ChMk0b\" data-language-for-alternatives=\"es\" data-language-to-translate-into=\"en\" data-phrase-index=\"2\">Ser\u00e1 una experiencia completa para conocer sitios \u00fanicos en Jordania. D<\/span><\/span><\/p>\n<p><span class=\"JLqJ4b\" data-language-for-alternatives=\"es\" data-language-to-translate-into=\"en\" data-phrase-index=\"1\"><span class=\"JLqJ4b ChMk0b\" data-language-for-alternatives=\"es\" data-language-to-translate-into=\"en\" data-phrase-index=\"2\">Durante su recorrido privado, descubrir\u00e1 algunos de los lugares m\u00e1s reconocidos de Petra. Ser\u00e1s testigo de su singular belleza arquitect\u00f3nica. <\/span><\/span><\/p>\n<p><span class=\"JLqJ4b\" data-language-for-alternatives=\"es\" data-language-to-translate-into=\"en\" data-phrase-index=\"1\"><span class=\"JLqJ4b ChMk0b\" data-language-for-alternatives=\"es\" data-language-to-translate-into=\"en\" data-phrase-index=\"2\">Entre los sitios que puede visitar a trav\u00e9s de este tour privado, le ofrecemos:<\/span><\/span><\/p>\n<ul>\n<li><strong>Teatro Romano <\/strong><\/li>\n<li><strong><span class=\"JLqJ4b\" data-language-for-alternatives=\"es\" data-language-to-translate-into=\"en\" data-phrase-index=\"1\"><span class=\"JLqJ4b ChMk0b\" data-language-for-alternatives=\"es\" data-language-to-translate-into=\"en\" data-phrase-index=\"2\">Glifos de rocas antiguas <\/span><\/span><\/strong><\/li>\n<li><strong><span class=\"JLqJ4b\" data-language-for-alternatives=\"es\" data-language-to-translate-into=\"en\" data-phrase-index=\"1\"><span class=\"JLqJ4b ChMk0b\" data-language-for-alternatives=\"es\" data-language-to-translate-into=\"en\" data-phrase-index=\"2\">El Sig. <\/span><\/span><\/strong><\/li>\n<li><strong><span class=\"JLqJ4b\" data-language-for-alternatives=\"es\" data-language-to-translate-into=\"en\" data-phrase-index=\"1\"><span class=\"JLqJ4b ChMk0b\" data-language-for-alternatives=\"es\" data-language-to-translate-into=\"en\" data-phrase-index=\"2\">Dunas de arena<\/span><\/span><\/strong><\/li>\n<li><strong>Gran Templo<\/strong><\/li>\n<li><strong>Iglesia Bizantina<\/strong><\/li>\n<li><strong>y mucho m\u00e1s!<\/strong><\/li>\n<\/ul>\n<p>Este tour es completamente personalizable y se puede adaptar a sus propias necesidades. <span class=\"JLqJ4b ChMk0b\" data-language-for-alternatives=\"es\" data-language-to-translate-into=\"en\" data-phrase-index=\"1\"><a href=\"https:\/\/tourtravelandmore.com\/es\/ciudad\/jordania-es\/petra-es\/\">No se pierda nuestros otros tours privados que se pueden disfrutar en la ciudad de Petra y Jordania<\/a>.<\/span><\/p>\n","protected":false},"excerpt":{"rendered":"<p>Avent\u00farese en este<b>\u00a0tour privado de la<\/b><b> ciudad de Petra y Wadi Rum<\/b><span style=\"font-weight: 400;\">\u00a0y conozca los lugares m\u00e1s incre\u00edbles. Dispondr\u00e1 de un gu\u00eda oficial privado quien le mostrara todos los rincones de estos hist\u00f3ricos lugares junto a un chofer privado en un veh\u00edculo de lujo para una m\u00e1s c\u00f3moda experiencia.\u00a0<\/span><\/p>\n","protected":false},"featured_media":71062,"comment_status":"open","ping_status":"closed","template":"","meta":{"_acf_changed":false},"product_brand":[],"product_cat":[1792,1793,1798,1797,1796],"product_tag":[1393,4041,1392],"class_list":{"0":"post-71034","1":"product","2":"type-product","3":"status-publish","4":"has-post-thumbnail","6":"product_cat-jordania-es","7":"product_cat-petra-es","8":"product_cat-petra-actividades-es","9":"product_cat-petra-excursiones-es","10":"product_cat-petra-rutas-turisticas-privadas-es","11":"product_tag-city-tour-es","12":"product_tag-private-es","13":"product_tag-private-tour-es","15":"first","16":"instock","17":"shipping-taxable","18":"purchasable","19":"product-type-simple"},"acf":[],"yoast_head":"<!-- This site is optimized with the Yoast SEO Premium plugin v25.3.1 (Yoast SEO v25.3.1) - https:\/\/yoast.com\/wordpress\/plugins\/seo\/ -->\n<title>\u27a1\ufe0f Tour Privado por Petra y Wadi Rum con chofer y gu\u00eda oficial | Tour Travel &amp; More<\/title>\n<meta name=\"description\" content=\"Disfrute de este Tour Privado por Petra y Wadi Rum. Conozca una edificaci\u00f3n arqueol\u00f3gica llena de historia y monumentos deslumbrantes \u2705\" \/>\n<meta name=\"robots\" content=\"index, follow, max-snippet:-1, max-image-preview:large, max-video-preview:-1\" \/>\n<link rel=\"canonical\" href=\"https:\/\/tourtravelandmore.com\/es\/tours\/jordania-es\/petra-es\/petra-rutas-turisticas-privadas-es\/tour-privado-por-petra-ywadi-rum\/\" \/>\n<meta property=\"og:locale\" content=\"es_ES\" \/>\n<meta property=\"og:type\" content=\"article\" \/>\n<meta property=\"og:title\" content=\"Tour Privado por Petra y Wadi Rum\" \/>\n<meta property=\"og:description\" content=\"Disfrute de este Tour Privado por Petra y Wadi Rum. Conozca una edificaci\u00f3n arqueol\u00f3gica llena de historia y monumentos deslumbrantes \u2705\" \/>\n<meta property=\"og:url\" content=\"https:\/\/tourtravelandmore.com\/es\/tours\/jordania-es\/petra-es\/petra-rutas-turisticas-privadas-es\/tour-privado-por-petra-ywadi-rum\/\" \/>\n<meta property=\"og:site_name\" content=\"Tour Travel And More\" \/>\n<meta property=\"article:publisher\" content=\"https:\/\/www.facebook.com\/tourtravelandmore\/\" \/>\n<meta property=\"article:modified_time\" content=\"2023-10-16T06:42:22+00:00\" \/>\n<meta property=\"og:image\" content=\"https:\/\/tourtravelandmore.com\/wp-content\/uploads\/2019\/11\/Petra-Al-Deir-Petras-biggest-monument-Dennis-Jarvis.jpg\" \/>\n\t<meta property=\"og:image:width\" content=\"800\" \/>\n\t<meta property=\"og:image:height\" content=\"541\" \/>\n\t<meta property=\"og:image:type\" content=\"image\/jpeg\" \/>\n<meta name=\"twitter:card\" content=\"summary_large_image\" \/>\n<meta name=\"twitter:site\" content=\"@TourTravel_More\" \/>\n<meta name=\"twitter:label1\" content=\"Tiempo de lectura\" \/>\n\t<meta name=\"twitter:data1\" content=\"2 minutos\" \/>\n<script type=\"application\/ld+json\" class=\"yoast-schema-graph\">{\"@context\":\"https:\/\/schema.org\",\"@graph\":[{\"@type\":\"WebPage\",\"@id\":\"https:\/\/tourtravelandmore.com\/es\/tours\/jordania-es\/petra-es\/petra-rutas-turisticas-privadas-es\/tour-privado-por-petra-ywadi-rum\/\",\"url\":\"https:\/\/tourtravelandmore.com\/es\/tours\/jordania-es\/petra-es\/petra-rutas-turisticas-privadas-es\/tour-privado-por-petra-ywadi-rum\/\",\"name\":\"\u27a1\ufe0f Tour Privado por Petra y Wadi Rum con chofer y gu\u00eda oficial | Tour Travel & More\",\"isPartOf\":{\"@id\":\"https:\/\/tourtravelandmore.com\/es\/#website\"},\"primaryImageOfPage\":{\"@id\":\"https:\/\/tourtravelandmore.com\/es\/tours\/jordania-es\/petra-es\/petra-rutas-turisticas-privadas-es\/tour-privado-por-petra-ywadi-rum\/#primaryimage\"},\"image\":{\"@id\":\"https:\/\/tourtravelandmore.com\/es\/tours\/jordania-es\/petra-es\/petra-rutas-turisticas-privadas-es\/tour-privado-por-petra-ywadi-rum\/#primaryimage\"},\"thumbnailUrl\":\"https:\/\/tourtravelandmore.com\/wp-content\/uploads\/2019\/11\/Petra-Al-Deir-Petras-biggest-monument-Dennis-Jarvis.jpg\",\"datePublished\":\"2019-11-20T21:40:03+00:00\",\"dateModified\":\"2023-10-16T06:42:22+00:00\",\"description\":\"Disfrute de este Tour Privado por Petra y Wadi Rum. Conozca una edificaci\u00f3n arqueol\u00f3gica llena de historia y monumentos deslumbrantes \u2705\",\"breadcrumb\":{\"@id\":\"https:\/\/tourtravelandmore.com\/es\/tours\/jordania-es\/petra-es\/petra-rutas-turisticas-privadas-es\/tour-privado-por-petra-ywadi-rum\/#breadcrumb\"},\"inLanguage\":\"es\",\"potentialAction\":[{\"@type\":\"ReadAction\",\"target\":[\"https:\/\/tourtravelandmore.com\/es\/tours\/jordania-es\/petra-es\/petra-rutas-turisticas-privadas-es\/tour-privado-por-petra-ywadi-rum\/\"]}]},{\"@type\":\"ImageObject\",\"inLanguage\":\"es\",\"@id\":\"https:\/\/tourtravelandmore.com\/es\/tours\/jordania-es\/petra-es\/petra-rutas-turisticas-privadas-es\/tour-privado-por-petra-ywadi-rum\/#primaryimage\",\"url\":\"https:\/\/tourtravelandmore.com\/wp-content\/uploads\/2019\/11\/Petra-Al-Deir-Petras-biggest-monument-Dennis-Jarvis.jpg\",\"contentUrl\":\"https:\/\/tourtravelandmore.com\/wp-content\/uploads\/2019\/11\/Petra-Al-Deir-Petras-biggest-monument-Dennis-Jarvis.jpg\",\"width\":800,\"height\":541},{\"@type\":\"BreadcrumbList\",\"@id\":\"https:\/\/tourtravelandmore.com\/es\/tours\/jordania-es\/petra-es\/petra-rutas-turisticas-privadas-es\/tour-privado-por-petra-ywadi-rum\/#breadcrumb\",\"itemListElement\":[{\"@type\":\"ListItem\",\"position\":1,\"name\":\"Home\",\"item\":\"https:\/\/tourtravelandmore.com\/es\/\"},{\"@type\":\"ListItem\",\"position\":2,\"name\":\"Tours\",\"item\":\"https:\/\/tourtravelandmore.com\/es\/tours\/\"},{\"@type\":\"ListItem\",\"position\":3,\"name\":\"Tour Privado por Petra y Wadi Rum\"}]},{\"@type\":\"WebSite\",\"@id\":\"https:\/\/tourtravelandmore.com\/es\/#website\",\"url\":\"https:\/\/tourtravelandmore.com\/es\/\",\"name\":\"Tour Travel And More\",\"description\":\"Private sightseeing tours and luxury transfers in Spain\",\"publisher\":{\"@id\":\"https:\/\/tourtravelandmore.com\/es\/#organization\"},\"potentialAction\":[{\"@type\":\"SearchAction\",\"target\":{\"@type\":\"EntryPoint\",\"urlTemplate\":\"https:\/\/tourtravelandmore.com\/es\/?s={search_term_string}\"},\"query-input\":{\"@type\":\"PropertyValueSpecification\",\"valueRequired\":true,\"valueName\":\"search_term_string\"}}],\"inLanguage\":\"es\"},{\"@type\":\"Organization\",\"@id\":\"https:\/\/tourtravelandmore.com\/es\/#organization\",\"name\":\"Tour Travel And More\",\"url\":\"https:\/\/tourtravelandmore.com\/es\/\",\"logo\":{\"@type\":\"ImageObject\",\"inLanguage\":\"es\",\"@id\":\"https:\/\/tourtravelandmore.com\/es\/#\/schema\/logo\/image\/\",\"url\":\"https:\/\/tourtravelandmore.com\/wp-content\/uploads\/2022\/12\/cropped-logo-cabecera-new.png\",\"contentUrl\":\"https:\/\/tourtravelandmore.com\/wp-content\/uploads\/2022\/12\/cropped-logo-cabecera-new.png\",\"width\":430,\"height\":61,\"caption\":\"Tour Travel And More\"},\"image\":{\"@id\":\"https:\/\/tourtravelandmore.com\/es\/#\/schema\/logo\/image\/\"},\"sameAs\":[\"https:\/\/www.facebook.com\/tourtravelandmore\/\",\"https:\/\/x.com\/TourTravel_More\"]}]}<\/script>\n<!-- \/ Yoast SEO Premium plugin. -->","yoast_head_json":{"title":"\u27a1\ufe0f Tour Privado por Petra y Wadi Rum con chofer y gu\u00eda oficial | Tour Travel & More","description":"Disfrute de este Tour Privado por Petra y Wadi Rum. Conozca una edificaci\u00f3n arqueol\u00f3gica llena de historia y monumentos deslumbrantes \u2705","robots":{"index":"index","follow":"follow","max-snippet":"max-snippet:-1","max-image-preview":"max-image-preview:large","max-video-preview":"max-video-preview:-1"},"canonical":"https:\/\/tourtravelandmore.com\/es\/tours\/jordania-es\/petra-es\/petra-rutas-turisticas-privadas-es\/tour-privado-por-petra-ywadi-rum\/","og_locale":"es_ES","og_type":"article","og_title":"Tour Privado por Petra y Wadi Rum","og_description":"Disfrute de este Tour Privado por Petra y Wadi Rum. Conozca una edificaci\u00f3n arqueol\u00f3gica llena de historia y monumentos deslumbrantes \u2705","og_url":"https:\/\/tourtravelandmore.com\/es\/tours\/jordania-es\/petra-es\/petra-rutas-turisticas-privadas-es\/tour-privado-por-petra-ywadi-rum\/","og_site_name":"Tour Travel And More","article_publisher":"https:\/\/www.facebook.com\/tourtravelandmore\/","article_modified_time":"2023-10-16T06:42:22+00:00","og_image":[{"width":800,"height":541,"url":"https:\/\/tourtravelandmore.com\/wp-content\/uploads\/2019\/11\/Petra-Al-Deir-Petras-biggest-monument-Dennis-Jarvis.jpg","type":"image\/jpeg"}],"twitter_card":"summary_large_image","twitter_site":"@TourTravel_More","twitter_misc":{"Tiempo de lectura":"2 minutos"},"schema":{"@context":"https:\/\/schema.org","@graph":[{"@type":"WebPage","@id":"https:\/\/tourtravelandmore.com\/es\/tours\/jordania-es\/petra-es\/petra-rutas-turisticas-privadas-es\/tour-privado-por-petra-ywadi-rum\/","url":"https:\/\/tourtravelandmore.com\/es\/tours\/jordania-es\/petra-es\/petra-rutas-turisticas-privadas-es\/tour-privado-por-petra-ywadi-rum\/","name":"\u27a1\ufe0f Tour Privado por Petra y Wadi Rum con chofer y gu\u00eda oficial | Tour Travel & More","isPartOf":{"@id":"https:\/\/tourtravelandmore.com\/es\/#website"},"primaryImageOfPage":{"@id":"https:\/\/tourtravelandmore.com\/es\/tours\/jordania-es\/petra-es\/petra-rutas-turisticas-privadas-es\/tour-privado-por-petra-ywadi-rum\/#primaryimage"},"image":{"@id":"https:\/\/tourtravelandmore.com\/es\/tours\/jordania-es\/petra-es\/petra-rutas-turisticas-privadas-es\/tour-privado-por-petra-ywadi-rum\/#primaryimage"},"thumbnailUrl":"https:\/\/tourtravelandmore.com\/wp-content\/uploads\/2019\/11\/Petra-Al-Deir-Petras-biggest-monument-Dennis-Jarvis.jpg","datePublished":"2019-11-20T21:40:03+00:00","dateModified":"2023-10-16T06:42:22+00:00","description":"Disfrute de este Tour Privado por Petra y Wadi Rum. Conozca una edificaci\u00f3n arqueol\u00f3gica llena de historia y monumentos deslumbrantes \u2705","breadcrumb":{"@id":"https:\/\/tourtravelandmore.com\/es\/tours\/jordania-es\/petra-es\/petra-rutas-turisticas-privadas-es\/tour-privado-por-petra-ywadi-rum\/#breadcrumb"},"inLanguage":"es","potentialAction":[{"@type":"ReadAction","target":["https:\/\/tourtravelandmore.com\/es\/tours\/jordania-es\/petra-es\/petra-rutas-turisticas-privadas-es\/tour-privado-por-petra-ywadi-rum\/"]}]},{"@type":"ImageObject","inLanguage":"es","@id":"https:\/\/tourtravelandmore.com\/es\/tours\/jordania-es\/petra-es\/petra-rutas-turisticas-privadas-es\/tour-privado-por-petra-ywadi-rum\/#primaryimage","url":"https:\/\/tourtravelandmore.com\/wp-content\/uploads\/2019\/11\/Petra-Al-Deir-Petras-biggest-monument-Dennis-Jarvis.jpg","contentUrl":"https:\/\/tourtravelandmore.com\/wp-content\/uploads\/2019\/11\/Petra-Al-Deir-Petras-biggest-monument-Dennis-Jarvis.jpg","width":800,"height":541},{"@type":"BreadcrumbList","@id":"https:\/\/tourtravelandmore.com\/es\/tours\/jordania-es\/petra-es\/petra-rutas-turisticas-privadas-es\/tour-privado-por-petra-ywadi-rum\/#breadcrumb","itemListElement":[{"@type":"ListItem","position":1,"name":"Home","item":"https:\/\/tourtravelandmore.com\/es\/"},{"@type":"ListItem","position":2,"name":"Tours","item":"https:\/\/tourtravelandmore.com\/es\/tours\/"},{"@type":"ListItem","position":3,"name":"Tour Privado por Petra y Wadi Rum"}]},{"@type":"WebSite","@id":"https:\/\/tourtravelandmore.com\/es\/#website","url":"https:\/\/tourtravelandmore.com\/es\/","name":"Tour Travel And More","description":"Private sightseeing tours and luxury transfers in Spain","publisher":{"@id":"https:\/\/tourtravelandmore.com\/es\/#organization"},"potentialAction":[{"@type":"SearchAction","target":{"@type":"EntryPoint","urlTemplate":"https:\/\/tourtravelandmore.com\/es\/?s={search_term_string}"},"query-input":{"@type":"PropertyValueSpecification","valueRequired":true,"valueName":"search_term_string"}}],"inLanguage":"es"},{"@type":"Organization","@id":"https:\/\/tourtravelandmore.com\/es\/#organization","name":"Tour Travel And More","url":"https:\/\/tourtravelandmore.com\/es\/","logo":{"@type":"ImageObject","inLanguage":"es","@id":"https:\/\/tourtravelandmore.com\/es\/#\/schema\/logo\/image\/","url":"https:\/\/tourtravelandmore.com\/wp-content\/uploads\/2022\/12\/cropped-logo-cabecera-new.png","contentUrl":"https:\/\/tourtravelandmore.com\/wp-content\/uploads\/2022\/12\/cropped-logo-cabecera-new.png","width":430,"height":61,"caption":"Tour Travel And More"},"image":{"@id":"https:\/\/tourtravelandmore.com\/es\/#\/schema\/logo\/image\/"},"sameAs":["https:\/\/www.facebook.com\/tourtravelandmore\/","https:\/\/x.com\/TourTravel_More"]}]}},"_links":{"self":[{"href":"https:\/\/tourtravelandmore.com\/es\/wp-json\/wp\/v2\/product\/71034","targetHints":{"allow":["GET"]}}],"collection":[{"href":"https:\/\/tourtravelandmore.com\/es\/wp-json\/wp\/v2\/product"}],"about":[{"href":"https:\/\/tourtravelandmore.com\/es\/wp-json\/wp\/v2\/types\/product"}],"replies":[{"embeddable":true,"href":"https:\/\/tourtravelandmore.com\/es\/wp-json\/wp\/v2\/comments?post=71034"}],"wp:featuredmedia":[{"embeddable":true,"href":"https:\/\/tourtravelandmore.com\/es\/wp-json\/wp\/v2\/media\/71062"}],"wp:attachment":[{"href":"https:\/\/tourtravelandmore.com\/es\/wp-json\/wp\/v2\/media?parent=71034"}],"wp:term":[{"taxonomy":"product_brand","embeddable":true,"href":"https:\/\/tourtravelandmore.com\/es\/wp-json\/wp\/v2\/product_brand?post=71034"},{"taxonomy":"product_cat","embeddable":true,"href":"https:\/\/tourtravelandmore.com\/es\/wp-json\/wp\/v2\/product_cat?post=71034"},{"taxonomy":"product_tag","embeddable":true,"href":"https:\/\/tourtravelandmore.com\/es\/wp-json\/wp\/v2\/product_tag?post=71034"}],"curies":[{"name":"wp","href":"https:\/\/api.w.org\/{rel}","templated":true}]}}