{"id":71032,"date":"2019-11-20T22:40:00","date_gmt":"2019-11-20T21:40:01","guid":{"rendered":"https:\/\/tourtravelandmore.com\/?post_type=product&#038;p=71032"},"modified":"2023-10-16T08:46:24","modified_gmt":"2023-10-16T06:46:24","slug":"tour-privado-por-petra","status":"publish","type":"product","link":"https:\/\/tourtravelandmore.com\/es\/tours\/jordania-es\/petra-es\/petra-rutas-turisticas-privadas-es\/tour-privado-por-petra\/","title":{"rendered":"Tour Privado por Petra"},"content":{"rendered":"<h2 id=\"tw-target-text\" class=\"tw-data-text tw-text-large XcVN5d tw-ta\" dir=\"ltr\" data-placeholder=\"Traducci\u00f3n\"><span lang=\"es\">Descripci\u00f3n del Tour Privado por Petra<\/span><\/h2>\n<p>Petra es una ciudad completamente \u00fanica. Es por eso que no puede perderse nuestro <strong>Tour privado por Petra<\/strong>.<\/p>\n<p>Este tour privado incluir\u00e1, por supuesto, una visita al desfiladero con m\u00e1s de 1200 metros. Este es el Siq. Inmediatamente despu\u00e9s, nos dirigiremos al tesoro (Al Khazna). Este es el lugar famoso conocido por la pel\u00edcula de Indiana Jones. Tiene 40 metros de altura y columnas de 12 metros. Luego, disfrutemos de las calles de las fachadas donde veremos las famosas tumbas.<\/p>\n<p>Otra parada obligada es el teatro romano, conocido por sus famosas tumbas, donde dentro de \u00e9l veremos la Urna Tumba y la Tumba de la Seda. Adem\u00e1s, admiraremos el monumento del palacio con una fachada de 5 metros de altura. Luego veremos el camino de columnas donde se ubicaron la mayor\u00eda de los edificios p\u00fablicos m\u00e1s importantes de la ciudad. Llegaremos a la iglesia bizantina, que lamentablemente fue destruida por un terremoto y quedan solo sus ruinas.<\/p>\n<p>Finalmente, visitaremos el Gran Templo, conocido por ser uno de los sitios arqueol\u00f3gicos m\u00e1s grandes de Petra.<\/p>\n<p>En caso de que lo necesite, tambi\u00e9n podemos organizar la recogida en Aqaba o Amman. Comun\u00edquese con <strong>Tour Travel &amp; More<\/strong> para obtener m\u00e1s informaci\u00f3n de c\u00f3mo personalizar su experiencia.<\/p>\n<h2>Puntos emblem\u00e1ticos y de inter\u00e9s en el Tour Privado por Petra<\/h2>\n<p>En primer lugar, organizaremos una recogida privada en su hotel o puerto de cruceros en Petra. <span class=\"JLqJ4b ChMk0b\" data-language-for-alternatives=\"es\" data-language-to-translate-into=\"en\" data-phrase-index=\"1\">Luego comenzaremos esta incre\u00edble experiencia privada. Conozca lo mejor de esta ciudad gracias a su gu\u00eda tur\u00edstico privado. <\/span><\/p>\n<p><span class=\"JLqJ4b ChMk0b\" data-language-for-alternatives=\"es\" data-language-to-translate-into=\"en\" data-phrase-index=\"1\"><span class=\"JLqJ4b\" data-language-for-alternatives=\"es\" data-language-to-translate-into=\"en\" data-phrase-index=\"3\">Durante este tour privado por Petra, puede ver, entre otros, los siguientes lugares de inter\u00e9s:<\/span><\/span><\/p>\n<ul>\n<li style=\"font-weight: 400;\"><strong>El Teatro Romano<\/strong><\/li>\n<li style=\"font-weight: 400;\"><strong>La Iglesia Bizantina<\/strong><\/li>\n<li style=\"font-weight: 400;\"><strong>Calle de las facahadas\u00a0<\/strong><\/li>\n<li style=\"font-weight: 400;\"><strong>El Siq<\/strong><\/li>\n<li><strong>Gran Templo<\/strong><\/li>\n<li style=\"font-weight: 400;\"><strong>Todo esto y mucho m\u00e1s en nuestros Tours privados por Petra<\/strong><\/li>\n<\/ul>\n<p>Este tour privado terminar\u00e1 en su lugar de comienzo en la ciudad de Petra.<\/p>\n<p><span class=\"JLqJ4b ChMk0b\" data-language-for-alternatives=\"es\" data-language-to-translate-into=\"en\" data-phrase-index=\"1\"><a href=\"https:\/\/tourtravelandmore.com\/es\/ciudad\/jordania-es\/petra-es\/\">No se pierda nuestros tours privados en Jordania haciendo clic aqu\u00ed<\/a>.<\/span><\/p>\n","protected":false},"excerpt":{"rendered":"<p>Disfrute de este <strong>tour privado de medio d\u00eda por la ciudad de Petra<\/strong> y admire los lugares m\u00e1s destacados. Tendr\u00e1 un conductor privado y un gu\u00eda tur\u00edstico oficial disponible durante todo el recorrido.<\/p>\n","protected":false},"featured_media":71070,"comment_status":"open","ping_status":"closed","template":"","meta":{"_acf_changed":false},"product_brand":[],"product_cat":[1792,1793,1798,1797,1796],"product_tag":[1393,4041,1392],"class_list":{"0":"post-71032","1":"product","2":"type-product","3":"status-publish","4":"has-post-thumbnail","6":"product_cat-jordania-es","7":"product_cat-petra-es","8":"product_cat-petra-actividades-es","9":"product_cat-petra-excursiones-es","10":"product_cat-petra-rutas-turisticas-privadas-es","11":"product_tag-city-tour-es","12":"product_tag-private-es","13":"product_tag-private-tour-es","15":"first","16":"instock","17":"shipping-taxable","18":"purchasable","19":"product-type-simple"},"acf":[],"yoast_head":"<!-- This site is optimized with the Yoast SEO Premium plugin v25.3.1 (Yoast SEO v25.3.1) - https:\/\/yoast.com\/wordpress\/plugins\/seo\/ -->\n<title>\u27a1\ufe0f Tour Privado por Petra con chofer y gu\u00eda oficial privado | Tour Travel &amp; More<\/title>\n<meta name=\"description\" content=\"Tenga la oportunidad de conocer una de las ciudades m\u00e1s imponentes de Jordania con nuestro Tour Privado por Petra con gu\u00eda local y chofer \u2705\" \/>\n<meta name=\"robots\" content=\"index, follow, max-snippet:-1, max-image-preview:large, max-video-preview:-1\" \/>\n<link rel=\"canonical\" href=\"https:\/\/tourtravelandmore.com\/es\/tours\/jordania-es\/petra-es\/petra-rutas-turisticas-privadas-es\/tour-privado-por-petra\/\" \/>\n<meta property=\"og:locale\" content=\"es_ES\" \/>\n<meta property=\"og:type\" content=\"article\" \/>\n<meta property=\"og:title\" content=\"Tour Privado por Petra\" \/>\n<meta property=\"og:description\" content=\"Tenga la oportunidad de conocer una de las ciudades m\u00e1s imponentes de Jordania con nuestro Tour Privado por Petra con gu\u00eda local y chofer \u2705\" \/>\n<meta property=\"og:url\" content=\"https:\/\/tourtravelandmore.com\/es\/tours\/jordania-es\/petra-es\/petra-rutas-turisticas-privadas-es\/tour-privado-por-petra\/\" \/>\n<meta property=\"og:site_name\" content=\"Tour Travel And More\" \/>\n<meta property=\"article:publisher\" content=\"https:\/\/www.facebook.com\/tourtravelandmore\/\" \/>\n<meta property=\"article:modified_time\" content=\"2023-10-16T06:46:24+00:00\" \/>\n<meta property=\"og:image\" content=\"https:\/\/tourtravelandmore.com\/wp-content\/uploads\/2019\/11\/Petra_El_Khasneh-1024x683.jpg\" \/>\n\t<meta property=\"og:image:width\" content=\"1024\" \/>\n\t<meta property=\"og:image:height\" content=\"683\" \/>\n\t<meta property=\"og:image:type\" content=\"image\/jpeg\" \/>\n<meta name=\"twitter:card\" content=\"summary_large_image\" \/>\n<meta name=\"twitter:site\" content=\"@TourTravel_More\" \/>\n<meta name=\"twitter:label1\" content=\"Tiempo de lectura\" \/>\n\t<meta name=\"twitter:data1\" content=\"2 minutos\" \/>\n<script type=\"application\/ld+json\" class=\"yoast-schema-graph\">{\"@context\":\"https:\/\/schema.org\",\"@graph\":[{\"@type\":\"WebPage\",\"@id\":\"https:\/\/tourtravelandmore.com\/es\/tours\/jordania-es\/petra-es\/petra-rutas-turisticas-privadas-es\/tour-privado-por-petra\/\",\"url\":\"https:\/\/tourtravelandmore.com\/es\/tours\/jordania-es\/petra-es\/petra-rutas-turisticas-privadas-es\/tour-privado-por-petra\/\",\"name\":\"\u27a1\ufe0f Tour Privado por Petra con chofer y gu\u00eda oficial privado | Tour Travel & More\",\"isPartOf\":{\"@id\":\"https:\/\/tourtravelandmore.com\/es\/#website\"},\"primaryImageOfPage\":{\"@id\":\"https:\/\/tourtravelandmore.com\/es\/tours\/jordania-es\/petra-es\/petra-rutas-turisticas-privadas-es\/tour-privado-por-petra\/#primaryimage\"},\"image\":{\"@id\":\"https:\/\/tourtravelandmore.com\/es\/tours\/jordania-es\/petra-es\/petra-rutas-turisticas-privadas-es\/tour-privado-por-petra\/#primaryimage\"},\"thumbnailUrl\":\"https:\/\/tourtravelandmore.com\/wp-content\/uploads\/2019\/11\/Petra_El_Khasneh.jpg\",\"datePublished\":\"2019-11-20T21:40:01+00:00\",\"dateModified\":\"2023-10-16T06:46:24+00:00\",\"description\":\"Tenga la oportunidad de conocer una de las ciudades m\u00e1s imponentes de Jordania con nuestro Tour Privado por Petra con gu\u00eda local y chofer \u2705\",\"breadcrumb\":{\"@id\":\"https:\/\/tourtravelandmore.com\/es\/tours\/jordania-es\/petra-es\/petra-rutas-turisticas-privadas-es\/tour-privado-por-petra\/#breadcrumb\"},\"inLanguage\":\"es\",\"potentialAction\":[{\"@type\":\"ReadAction\",\"target\":[\"https:\/\/tourtravelandmore.com\/es\/tours\/jordania-es\/petra-es\/petra-rutas-turisticas-privadas-es\/tour-privado-por-petra\/\"]}]},{\"@type\":\"ImageObject\",\"inLanguage\":\"es\",\"@id\":\"https:\/\/tourtravelandmore.com\/es\/tours\/jordania-es\/petra-es\/petra-rutas-turisticas-privadas-es\/tour-privado-por-petra\/#primaryimage\",\"url\":\"https:\/\/tourtravelandmore.com\/wp-content\/uploads\/2019\/11\/Petra_El_Khasneh.jpg\",\"contentUrl\":\"https:\/\/tourtravelandmore.com\/wp-content\/uploads\/2019\/11\/Petra_El_Khasneh.jpg\",\"width\":3456,\"height\":2304},{\"@type\":\"BreadcrumbList\",\"@id\":\"https:\/\/tourtravelandmore.com\/es\/tours\/jordania-es\/petra-es\/petra-rutas-turisticas-privadas-es\/tour-privado-por-petra\/#breadcrumb\",\"itemListElement\":[{\"@type\":\"ListItem\",\"position\":1,\"name\":\"Home\",\"item\":\"https:\/\/tourtravelandmore.com\/es\/\"},{\"@type\":\"ListItem\",\"position\":2,\"name\":\"Tours\",\"item\":\"https:\/\/tourtravelandmore.com\/es\/tours\/\"},{\"@type\":\"ListItem\",\"position\":3,\"name\":\"Tour Privado por Petra\"}]},{\"@type\":\"WebSite\",\"@id\":\"https:\/\/tourtravelandmore.com\/es\/#website\",\"url\":\"https:\/\/tourtravelandmore.com\/es\/\",\"name\":\"Tour Travel And More\",\"description\":\"Private sightseeing tours and luxury transfers in Spain\",\"publisher\":{\"@id\":\"https:\/\/tourtravelandmore.com\/es\/#organization\"},\"potentialAction\":[{\"@type\":\"SearchAction\",\"target\":{\"@type\":\"EntryPoint\",\"urlTemplate\":\"https:\/\/tourtravelandmore.com\/es\/?s={search_term_string}\"},\"query-input\":{\"@type\":\"PropertyValueSpecification\",\"valueRequired\":true,\"valueName\":\"search_term_string\"}}],\"inLanguage\":\"es\"},{\"@type\":\"Organization\",\"@id\":\"https:\/\/tourtravelandmore.com\/es\/#organization\",\"name\":\"Tour Travel And More\",\"url\":\"https:\/\/tourtravelandmore.com\/es\/\",\"logo\":{\"@type\":\"ImageObject\",\"inLanguage\":\"es\",\"@id\":\"https:\/\/tourtravelandmore.com\/es\/#\/schema\/logo\/image\/\",\"url\":\"https:\/\/tourtravelandmore.com\/wp-content\/uploads\/2022\/12\/cropped-logo-cabecera-new.png\",\"contentUrl\":\"https:\/\/tourtravelandmore.com\/wp-content\/uploads\/2022\/12\/cropped-logo-cabecera-new.png\",\"width\":430,\"height\":61,\"caption\":\"Tour Travel And More\"},\"image\":{\"@id\":\"https:\/\/tourtravelandmore.com\/es\/#\/schema\/logo\/image\/\"},\"sameAs\":[\"https:\/\/www.facebook.com\/tourtravelandmore\/\",\"https:\/\/x.com\/TourTravel_More\"]}]}<\/script>\n<!-- \/ Yoast SEO Premium plugin. -->","yoast_head_json":{"title":"\u27a1\ufe0f Tour Privado por Petra con chofer y gu\u00eda oficial privado | Tour Travel & More","description":"Tenga la oportunidad de conocer una de las ciudades m\u00e1s imponentes de Jordania con nuestro Tour Privado por Petra con gu\u00eda local y chofer \u2705","robots":{"index":"index","follow":"follow","max-snippet":"max-snippet:-1","max-image-preview":"max-image-preview:large","max-video-preview":"max-video-preview:-1"},"canonical":"https:\/\/tourtravelandmore.com\/es\/tours\/jordania-es\/petra-es\/petra-rutas-turisticas-privadas-es\/tour-privado-por-petra\/","og_locale":"es_ES","og_type":"article","og_title":"Tour Privado por Petra","og_description":"Tenga la oportunidad de conocer una de las ciudades m\u00e1s imponentes de Jordania con nuestro Tour Privado por Petra con gu\u00eda local y chofer \u2705","og_url":"https:\/\/tourtravelandmore.com\/es\/tours\/jordania-es\/petra-es\/petra-rutas-turisticas-privadas-es\/tour-privado-por-petra\/","og_site_name":"Tour Travel And More","article_publisher":"https:\/\/www.facebook.com\/tourtravelandmore\/","article_modified_time":"2023-10-16T06:46:24+00:00","og_image":[{"width":1024,"height":683,"url":"https:\/\/tourtravelandmore.com\/wp-content\/uploads\/2019\/11\/Petra_El_Khasneh-1024x683.jpg","type":"image\/jpeg"}],"twitter_card":"summary_large_image","twitter_site":"@TourTravel_More","twitter_misc":{"Tiempo de lectura":"2 minutos"},"schema":{"@context":"https:\/\/schema.org","@graph":[{"@type":"WebPage","@id":"https:\/\/tourtravelandmore.com\/es\/tours\/jordania-es\/petra-es\/petra-rutas-turisticas-privadas-es\/tour-privado-por-petra\/","url":"https:\/\/tourtravelandmore.com\/es\/tours\/jordania-es\/petra-es\/petra-rutas-turisticas-privadas-es\/tour-privado-por-petra\/","name":"\u27a1\ufe0f Tour Privado por Petra con chofer y gu\u00eda oficial privado | Tour Travel & More","isPartOf":{"@id":"https:\/\/tourtravelandmore.com\/es\/#website"},"primaryImageOfPage":{"@id":"https:\/\/tourtravelandmore.com\/es\/tours\/jordania-es\/petra-es\/petra-rutas-turisticas-privadas-es\/tour-privado-por-petra\/#primaryimage"},"image":{"@id":"https:\/\/tourtravelandmore.com\/es\/tours\/jordania-es\/petra-es\/petra-rutas-turisticas-privadas-es\/tour-privado-por-petra\/#primaryimage"},"thumbnailUrl":"https:\/\/tourtravelandmore.com\/wp-content\/uploads\/2019\/11\/Petra_El_Khasneh.jpg","datePublished":"2019-11-20T21:40:01+00:00","dateModified":"2023-10-16T06:46:24+00:00","description":"Tenga la oportunidad de conocer una de las ciudades m\u00e1s imponentes de Jordania con nuestro Tour Privado por Petra con gu\u00eda local y chofer \u2705","breadcrumb":{"@id":"https:\/\/tourtravelandmore.com\/es\/tours\/jordania-es\/petra-es\/petra-rutas-turisticas-privadas-es\/tour-privado-por-petra\/#breadcrumb"},"inLanguage":"es","potentialAction":[{"@type":"ReadAction","target":["https:\/\/tourtravelandmore.com\/es\/tours\/jordania-es\/petra-es\/petra-rutas-turisticas-privadas-es\/tour-privado-por-petra\/"]}]},{"@type":"ImageObject","inLanguage":"es","@id":"https:\/\/tourtravelandmore.com\/es\/tours\/jordania-es\/petra-es\/petra-rutas-turisticas-privadas-es\/tour-privado-por-petra\/#primaryimage","url":"https:\/\/tourtravelandmore.com\/wp-content\/uploads\/2019\/11\/Petra_El_Khasneh.jpg","contentUrl":"https:\/\/tourtravelandmore.com\/wp-content\/uploads\/2019\/11\/Petra_El_Khasneh.jpg","width":3456,"height":2304},{"@type":"BreadcrumbList","@id":"https:\/\/tourtravelandmore.com\/es\/tours\/jordania-es\/petra-es\/petra-rutas-turisticas-privadas-es\/tour-privado-por-petra\/#breadcrumb","itemListElement":[{"@type":"ListItem","position":1,"name":"Home","item":"https:\/\/tourtravelandmore.com\/es\/"},{"@type":"ListItem","position":2,"name":"Tours","item":"https:\/\/tourtravelandmore.com\/es\/tours\/"},{"@type":"ListItem","position":3,"name":"Tour Privado por Petra"}]},{"@type":"WebSite","@id":"https:\/\/tourtravelandmore.com\/es\/#website","url":"https:\/\/tourtravelandmore.com\/es\/","name":"Tour Travel And More","description":"Private sightseeing tours and luxury transfers in Spain","publisher":{"@id":"https:\/\/tourtravelandmore.com\/es\/#organization"},"potentialAction":[{"@type":"SearchAction","target":{"@type":"EntryPoint","urlTemplate":"https:\/\/tourtravelandmore.com\/es\/?s={search_term_string}"},"query-input":{"@type":"PropertyValueSpecification","valueRequired":true,"valueName":"search_term_string"}}],"inLanguage":"es"},{"@type":"Organization","@id":"https:\/\/tourtravelandmore.com\/es\/#organization","name":"Tour Travel And More","url":"https:\/\/tourtravelandmore.com\/es\/","logo":{"@type":"ImageObject","inLanguage":"es","@id":"https:\/\/tourtravelandmore.com\/es\/#\/schema\/logo\/image\/","url":"https:\/\/tourtravelandmore.com\/wp-content\/uploads\/2022\/12\/cropped-logo-cabecera-new.png","contentUrl":"https:\/\/tourtravelandmore.com\/wp-content\/uploads\/2022\/12\/cropped-logo-cabecera-new.png","width":430,"height":61,"caption":"Tour Travel And More"},"image":{"@id":"https:\/\/tourtravelandmore.com\/es\/#\/schema\/logo\/image\/"},"sameAs":["https:\/\/www.facebook.com\/tourtravelandmore\/","https:\/\/x.com\/TourTravel_More"]}]}},"_links":{"self":[{"href":"https:\/\/tourtravelandmore.com\/es\/wp-json\/wp\/v2\/product\/71032","targetHints":{"allow":["GET"]}}],"collection":[{"href":"https:\/\/tourtravelandmore.com\/es\/wp-json\/wp\/v2\/product"}],"about":[{"href":"https:\/\/tourtravelandmore.com\/es\/wp-json\/wp\/v2\/types\/product"}],"replies":[{"embeddable":true,"href":"https:\/\/tourtravelandmore.com\/es\/wp-json\/wp\/v2\/comments?post=71032"}],"wp:featuredmedia":[{"embeddable":true,"href":"https:\/\/tourtravelandmore.com\/es\/wp-json\/wp\/v2\/media\/71070"}],"wp:attachment":[{"href":"https:\/\/tourtravelandmore.com\/es\/wp-json\/wp\/v2\/media?parent=71032"}],"wp:term":[{"taxonomy":"product_brand","embeddable":true,"href":"https:\/\/tourtravelandmore.com\/es\/wp-json\/wp\/v2\/product_brand?post=71032"},{"taxonomy":"product_cat","embeddable":true,"href":"https:\/\/tourtravelandmore.com\/es\/wp-json\/wp\/v2\/product_cat?post=71032"},{"taxonomy":"product_tag","embeddable":true,"href":"https:\/\/tourtravelandmore.com\/es\/wp-json\/wp\/v2\/product_tag?post=71032"}],"curies":[{"name":"wp","href":"https:\/\/api.w.org\/{rel}","templated":true}]}}