{"id":70959,"date":"2019-11-19T13:11:02","date_gmt":"2019-11-19T12:11:03","guid":{"rendered":"https:\/\/tourtravelandmore.com\/?post_type=product&#038;p=70959"},"modified":"2024-02-19T10:19:43","modified_gmt":"2024-02-19T09:19:43","slug":"tour-privado-a-djurgarden","status":"publish","type":"product","link":"https:\/\/tourtravelandmore.com\/es\/tours\/suecia-es\/estocolmo-es\/tour-privado-a-djurgarden\/","title":{"rendered":"Tour Privado a Djurg\u00e5rden"},"content":{"rendered":"<h2 id=\"tw-target-text\" class=\"tw-data-text tw-text-large XcVN5d tw-ta\" dir=\"ltr\" data-placeholder=\"Traducci\u00f3n\"><span lang=\"es\">Descripci\u00f3n del Tour Privado a Djurg\u00e5rden<\/span><\/h2>\n<p>Disfrute de este <strong>Tour Privado a Djurg\u00e5rden<\/strong> junto con su gu\u00eda oficial privado y aprenda sobre lo mejor que Royal Djurg\u00e5rden Park tiene para ofrecer en este recorrido privado.<\/p>\n<p><span class=\"JLqJ4b\" data-language-for-alternatives=\"es\" data-language-to-translate-into=\"en\" data-phrase-index=\"1\"><span class=\"JLqJ4b ChMk0b\" data-language-for-alternatives=\"es\" data-language-to-translate-into=\"en\" data-phrase-index=\"2\">Nos reuniremos en un punto central de Estocolmo, donde su conductor privado lo recoger\u00e1 y lo llevar\u00e1 a su destino. Nuestra primera parada ser\u00e1 el <strong>Palacio Rosendal<\/strong>, uno de los lugares m\u00e1s bellos de Djurg\u00e5rden. Podemos haremos una peque\u00f1a parada en Blockhusudden donde podemos descansar y tomar algo. Luego continuaremos hacia el <strong>Museo Vasa<\/strong>, el <strong>Museo ABBA<\/strong> y muchos m\u00e1s.<\/span><\/span><\/p>\n<p><strong>Djurg\u00e5rden <\/strong>es una isla ubicada al este de la ciudad de Estocolmo. Es un precioso lugar que recibe millones de turistas al a\u00f1o. Adema\u00e1s, Carlos Felipe de Suecia con su mujer, residen en un departamento en ese exclusivo barrio.<\/p>\n<p><span class=\"JLqJ4b\" data-language-for-alternatives=\"es\" data-language-to-translate-into=\"en\" data-phrase-index=\"1\"><span class=\"JLqJ4b ChMk0b\" data-language-for-alternatives=\"es\" data-language-to-translate-into=\"en\" data-phrase-index=\"2\"> A continuaci\u00f3n se muestra un recorrido de 4 horas desde Estocolmo. Siempre podemos ofrecer recorridos m\u00e1s largos si lo desea. El n\u00famero exacto de horas se puede modificar. Estamos aqu\u00ed para hacer que su experiencia sea \u00fanica y memorable.<\/span><\/span><\/p>\n<h2>Puntos emblem\u00e1ticos y de inter\u00e9s en el Tour Privado a Djurg\u00e5rden<\/h2>\n<p>Podemos gestionar la recogida desde su hotel o lugar a elecci\u00f3n en Estocolmo. Al tratarse de un tour privado y completamente personalizado, el recorrido podr\u00e1 comenzar a su hora deseada.<\/p>\n<p><span class=\"JLqJ4b ChMk0b\" data-language-for-alternatives=\"es\" data-language-to-translate-into=\"en\" data-phrase-index=\"1\"><span class=\"JLqJ4b\" data-language-for-alternatives=\"es\" data-language-to-translate-into=\"en\" data-phrase-index=\"2\">Durante este tour privado a Djurg\u00e5rden, podr\u00e1s caminar y recorrer hermosos lugares llenos de historias. Ser\u00e1s testigo de su singular belleza arquitect\u00f3nica. <\/span><\/span><\/p>\n<p><span class=\"JLqJ4b ChMk0b\" data-language-for-alternatives=\"es\" data-language-to-translate-into=\"en\" data-phrase-index=\"1\"><span class=\"JLqJ4b\" data-language-for-alternatives=\"es\" data-language-to-translate-into=\"en\" data-phrase-index=\"2\">Entre los sitios que puede visitar a trav\u00e9s de este tour privado, le ofrecemos:<\/span><\/span><\/p>\n<ul>\n<li><strong>Palacio de Rosendal <\/strong><\/li>\n<li><strong><span class=\"JLqJ4b\" data-language-for-alternatives=\"es\" data-language-to-translate-into=\"en\" data-phrase-index=\"1\"><span class=\"JLqJ4b ChMk0b\" data-language-for-alternatives=\"es\" data-language-to-translate-into=\"en\" data-phrase-index=\"2\">Museo Vasa <\/span><\/span><\/strong><\/li>\n<li><a href=\"https:\/\/abbathemuseum.com\/en\/\"><span class=\"JLqJ4b\" data-language-for-alternatives=\"es\" data-language-to-translate-into=\"en\" data-phrase-index=\"1\"><span class=\"JLqJ4b ChMk0b\" data-language-for-alternatives=\"es\" data-language-to-translate-into=\"en\" data-phrase-index=\"2\">Museo ABBA <\/span><\/span><\/a><\/li>\n<li><strong><span class=\"JLqJ4b\" data-language-for-alternatives=\"es\" data-language-to-translate-into=\"en\" data-phrase-index=\"1\"><span class=\"JLqJ4b ChMk0b\" data-language-for-alternatives=\"es\" data-language-to-translate-into=\"en\" data-phrase-index=\"2\">Skansen<\/span><\/span><\/strong><\/li>\n<li><strong>Museo de Biologia<\/strong><\/li>\n<li><strong><span class=\"JLqJ4b\" data-language-for-alternatives=\"es\" data-language-to-translate-into=\"en\" data-phrase-index=\"1\"><span class=\"JLqJ4b ChMk0b\" data-language-for-alternatives=\"es\" data-language-to-translate-into=\"en\" data-phrase-index=\"2\">Blockhusudden <\/span><\/span><\/strong><\/li>\n<li><strong><span class=\"JLqJ4b\" data-language-for-alternatives=\"es\" data-language-to-translate-into=\"en\" data-phrase-index=\"1\"><span class=\"JLqJ4b ChMk0b\" data-language-for-alternatives=\"es\" data-language-to-translate-into=\"en\" data-phrase-index=\"2\">Y muchos m\u00e1s lugares en este tour privado a Djurg\u00e5rden<\/span><\/span><\/strong><\/li>\n<\/ul>\n<p>Podemos gestionar entradas a cualquier monumento o museo que desee visitar durante este tour privado. Cont\u00e1ctenos y mencione lo que tiene en mente, nosotros nos encargaremos del resto.<\/p>\n<p>Al finalizar su visita, su chofer y gu\u00eda oficial lo llevar\u00e1n de regreso a su hotel en Estocolmo.<\/p>\n<p>Eche un vistazo a los dem\u00e1s tours y experiencias privadas en Estocolmo <a href=\"https:\/\/tourtravelandmore.com\/es\/ciudad\/suecia-es\/estocolmo-es\/\">aqu\u00ed<\/a>.<\/p>\n","protected":false},"excerpt":{"rendered":"<p><strong>Estocolmo<\/strong> es una ciudad maravillosa llena de parques incre\u00edbles, disfrute de este t<strong>our privado de medio d\u00eda por el parque Royal Djurg\u00e5rden<\/strong>, donde podr\u00e1 admirar las vistas rurales, los monumentos y los edificios.<\/p>\n","protected":false},"featured_media":71325,"comment_status":"open","ping_status":"closed","template":"","meta":{"_acf_changed":false},"product_brand":[],"product_cat":[1599,1516,1546,1519],"product_tag":[1393,4041,1392],"class_list":{"0":"post-70959","1":"product","2":"type-product","3":"status-publish","4":"has-post-thumbnail","6":"product_cat-suecia-es","7":"product_cat-estocolmo-es","8":"product_cat-helsinki-actividades-es","9":"product_cat-estocolmo-rutas-turisticas-privadas-es","10":"product_tag-city-tour-es","11":"product_tag-private-es","12":"product_tag-private-tour-es","14":"first","15":"instock","16":"shipping-taxable","17":"purchasable","18":"product-type-simple"},"acf":[],"yoast_head":"<!-- This site is optimized with the Yoast SEO Premium plugin v25.3.1 (Yoast SEO v25.3.1) - https:\/\/yoast.com\/wordpress\/plugins\/seo\/ -->\n<title>\u27a1\ufe0f Tour Privado a Djurg\u00e5rden desde Estocolmo con chofer y gu\u00eda oficial | Tour Travel &amp; More<\/title>\n<meta name=\"description\" content=\"Acomp\u00e1\u00f1enos a visitar uno de los barrios mas exclusivos de Estocolmo con este Tour Privado a Djurg\u00e5rden en un veh\u00edculo privado de lujo \u2705\" \/>\n<meta name=\"robots\" content=\"index, follow, max-snippet:-1, max-image-preview:large, max-video-preview:-1\" \/>\n<link rel=\"canonical\" href=\"https:\/\/tourtravelandmore.com\/es\/tours\/suecia-es\/estocolmo-es\/tour-privado-a-djurgarden\/\" \/>\n<meta property=\"og:locale\" content=\"es_ES\" \/>\n<meta property=\"og:type\" content=\"article\" \/>\n<meta property=\"og:title\" content=\"Tour Privado a Djurg\u00e5rden\" \/>\n<meta property=\"og:description\" content=\"Acomp\u00e1\u00f1enos a visitar uno de los barrios mas exclusivos de Estocolmo con este Tour Privado a Djurg\u00e5rden en un veh\u00edculo privado de lujo \u2705\" \/>\n<meta property=\"og:url\" content=\"https:\/\/tourtravelandmore.com\/es\/tours\/suecia-es\/estocolmo-es\/tour-privado-a-djurgarden\/\" \/>\n<meta property=\"og:site_name\" content=\"Tour Travel And More\" \/>\n<meta property=\"article:publisher\" content=\"https:\/\/www.facebook.com\/tourtravelandmore\/\" \/>\n<meta property=\"article:modified_time\" content=\"2024-02-19T09:19:43+00:00\" \/>\n<meta property=\"og:image\" content=\"https:\/\/tourtravelandmore.com\/wp-content\/uploads\/2019\/11\/Sweden_0764-Stockholm.jpg\" \/>\n\t<meta property=\"og:image:width\" content=\"1024\" \/>\n\t<meta property=\"og:image:height\" content=\"680\" \/>\n\t<meta property=\"og:image:type\" content=\"image\/jpeg\" \/>\n<meta name=\"twitter:card\" content=\"summary_large_image\" \/>\n<meta name=\"twitter:site\" content=\"@TourTravel_More\" \/>\n<meta name=\"twitter:label1\" content=\"Tiempo de lectura\" \/>\n\t<meta name=\"twitter:data1\" content=\"2 minutos\" \/>\n<script type=\"application\/ld+json\" class=\"yoast-schema-graph\">{\"@context\":\"https:\/\/schema.org\",\"@graph\":[{\"@type\":\"WebPage\",\"@id\":\"https:\/\/tourtravelandmore.com\/es\/tours\/suecia-es\/estocolmo-es\/tour-privado-a-djurgarden\/\",\"url\":\"https:\/\/tourtravelandmore.com\/es\/tours\/suecia-es\/estocolmo-es\/tour-privado-a-djurgarden\/\",\"name\":\"\u27a1\ufe0f Tour Privado a Djurg\u00e5rden desde Estocolmo con chofer y gu\u00eda oficial | Tour Travel & More\",\"isPartOf\":{\"@id\":\"https:\/\/tourtravelandmore.com\/es\/#website\"},\"primaryImageOfPage\":{\"@id\":\"https:\/\/tourtravelandmore.com\/es\/tours\/suecia-es\/estocolmo-es\/tour-privado-a-djurgarden\/#primaryimage\"},\"image\":{\"@id\":\"https:\/\/tourtravelandmore.com\/es\/tours\/suecia-es\/estocolmo-es\/tour-privado-a-djurgarden\/#primaryimage\"},\"thumbnailUrl\":\"https:\/\/tourtravelandmore.com\/wp-content\/uploads\/2019\/11\/Sweden_0764-Stockholm.jpg\",\"datePublished\":\"2019-11-19T12:11:03+00:00\",\"dateModified\":\"2024-02-19T09:19:43+00:00\",\"description\":\"Acomp\u00e1\u00f1enos a visitar uno de los barrios mas exclusivos de Estocolmo con este Tour Privado a Djurg\u00e5rden en un veh\u00edculo privado de lujo \u2705\",\"breadcrumb\":{\"@id\":\"https:\/\/tourtravelandmore.com\/es\/tours\/suecia-es\/estocolmo-es\/tour-privado-a-djurgarden\/#breadcrumb\"},\"inLanguage\":\"es\",\"potentialAction\":[{\"@type\":\"ReadAction\",\"target\":[\"https:\/\/tourtravelandmore.com\/es\/tours\/suecia-es\/estocolmo-es\/tour-privado-a-djurgarden\/\"]}]},{\"@type\":\"ImageObject\",\"inLanguage\":\"es\",\"@id\":\"https:\/\/tourtravelandmore.com\/es\/tours\/suecia-es\/estocolmo-es\/tour-privado-a-djurgarden\/#primaryimage\",\"url\":\"https:\/\/tourtravelandmore.com\/wp-content\/uploads\/2019\/11\/Sweden_0764-Stockholm.jpg\",\"contentUrl\":\"https:\/\/tourtravelandmore.com\/wp-content\/uploads\/2019\/11\/Sweden_0764-Stockholm.jpg\",\"width\":1024,\"height\":680},{\"@type\":\"BreadcrumbList\",\"@id\":\"https:\/\/tourtravelandmore.com\/es\/tours\/suecia-es\/estocolmo-es\/tour-privado-a-djurgarden\/#breadcrumb\",\"itemListElement\":[{\"@type\":\"ListItem\",\"position\":1,\"name\":\"Home\",\"item\":\"https:\/\/tourtravelandmore.com\/es\/\"},{\"@type\":\"ListItem\",\"position\":2,\"name\":\"Tours\",\"item\":\"https:\/\/tourtravelandmore.com\/es\/tours\/\"},{\"@type\":\"ListItem\",\"position\":3,\"name\":\"Tour Privado a Djurg\u00e5rden\"}]},{\"@type\":\"WebSite\",\"@id\":\"https:\/\/tourtravelandmore.com\/es\/#website\",\"url\":\"https:\/\/tourtravelandmore.com\/es\/\",\"name\":\"Tour Travel And More\",\"description\":\"Private sightseeing tours and luxury transfers in Spain\",\"publisher\":{\"@id\":\"https:\/\/tourtravelandmore.com\/es\/#organization\"},\"potentialAction\":[{\"@type\":\"SearchAction\",\"target\":{\"@type\":\"EntryPoint\",\"urlTemplate\":\"https:\/\/tourtravelandmore.com\/es\/?s={search_term_string}\"},\"query-input\":{\"@type\":\"PropertyValueSpecification\",\"valueRequired\":true,\"valueName\":\"search_term_string\"}}],\"inLanguage\":\"es\"},{\"@type\":\"Organization\",\"@id\":\"https:\/\/tourtravelandmore.com\/es\/#organization\",\"name\":\"Tour Travel And More\",\"url\":\"https:\/\/tourtravelandmore.com\/es\/\",\"logo\":{\"@type\":\"ImageObject\",\"inLanguage\":\"es\",\"@id\":\"https:\/\/tourtravelandmore.com\/es\/#\/schema\/logo\/image\/\",\"url\":\"https:\/\/tourtravelandmore.com\/wp-content\/uploads\/2022\/12\/cropped-logo-cabecera-new.png\",\"contentUrl\":\"https:\/\/tourtravelandmore.com\/wp-content\/uploads\/2022\/12\/cropped-logo-cabecera-new.png\",\"width\":430,\"height\":61,\"caption\":\"Tour Travel And More\"},\"image\":{\"@id\":\"https:\/\/tourtravelandmore.com\/es\/#\/schema\/logo\/image\/\"},\"sameAs\":[\"https:\/\/www.facebook.com\/tourtravelandmore\/\",\"https:\/\/x.com\/TourTravel_More\"]}]}<\/script>\n<!-- \/ Yoast SEO Premium plugin. -->","yoast_head_json":{"title":"\u27a1\ufe0f Tour Privado a Djurg\u00e5rden desde Estocolmo con chofer y gu\u00eda oficial | Tour Travel & More","description":"Acomp\u00e1\u00f1enos a visitar uno de los barrios mas exclusivos de Estocolmo con este Tour Privado a Djurg\u00e5rden en un veh\u00edculo privado de lujo \u2705","robots":{"index":"index","follow":"follow","max-snippet":"max-snippet:-1","max-image-preview":"max-image-preview:large","max-video-preview":"max-video-preview:-1"},"canonical":"https:\/\/tourtravelandmore.com\/es\/tours\/suecia-es\/estocolmo-es\/tour-privado-a-djurgarden\/","og_locale":"es_ES","og_type":"article","og_title":"Tour Privado a Djurg\u00e5rden","og_description":"Acomp\u00e1\u00f1enos a visitar uno de los barrios mas exclusivos de Estocolmo con este Tour Privado a Djurg\u00e5rden en un veh\u00edculo privado de lujo \u2705","og_url":"https:\/\/tourtravelandmore.com\/es\/tours\/suecia-es\/estocolmo-es\/tour-privado-a-djurgarden\/","og_site_name":"Tour Travel And More","article_publisher":"https:\/\/www.facebook.com\/tourtravelandmore\/","article_modified_time":"2024-02-19T09:19:43+00:00","og_image":[{"width":1024,"height":680,"url":"https:\/\/tourtravelandmore.com\/wp-content\/uploads\/2019\/11\/Sweden_0764-Stockholm.jpg","type":"image\/jpeg"}],"twitter_card":"summary_large_image","twitter_site":"@TourTravel_More","twitter_misc":{"Tiempo de lectura":"2 minutos"},"schema":{"@context":"https:\/\/schema.org","@graph":[{"@type":"WebPage","@id":"https:\/\/tourtravelandmore.com\/es\/tours\/suecia-es\/estocolmo-es\/tour-privado-a-djurgarden\/","url":"https:\/\/tourtravelandmore.com\/es\/tours\/suecia-es\/estocolmo-es\/tour-privado-a-djurgarden\/","name":"\u27a1\ufe0f Tour Privado a Djurg\u00e5rden desde Estocolmo con chofer y gu\u00eda oficial | Tour Travel & More","isPartOf":{"@id":"https:\/\/tourtravelandmore.com\/es\/#website"},"primaryImageOfPage":{"@id":"https:\/\/tourtravelandmore.com\/es\/tours\/suecia-es\/estocolmo-es\/tour-privado-a-djurgarden\/#primaryimage"},"image":{"@id":"https:\/\/tourtravelandmore.com\/es\/tours\/suecia-es\/estocolmo-es\/tour-privado-a-djurgarden\/#primaryimage"},"thumbnailUrl":"https:\/\/tourtravelandmore.com\/wp-content\/uploads\/2019\/11\/Sweden_0764-Stockholm.jpg","datePublished":"2019-11-19T12:11:03+00:00","dateModified":"2024-02-19T09:19:43+00:00","description":"Acomp\u00e1\u00f1enos a visitar uno de los barrios mas exclusivos de Estocolmo con este Tour Privado a Djurg\u00e5rden en un veh\u00edculo privado de lujo \u2705","breadcrumb":{"@id":"https:\/\/tourtravelandmore.com\/es\/tours\/suecia-es\/estocolmo-es\/tour-privado-a-djurgarden\/#breadcrumb"},"inLanguage":"es","potentialAction":[{"@type":"ReadAction","target":["https:\/\/tourtravelandmore.com\/es\/tours\/suecia-es\/estocolmo-es\/tour-privado-a-djurgarden\/"]}]},{"@type":"ImageObject","inLanguage":"es","@id":"https:\/\/tourtravelandmore.com\/es\/tours\/suecia-es\/estocolmo-es\/tour-privado-a-djurgarden\/#primaryimage","url":"https:\/\/tourtravelandmore.com\/wp-content\/uploads\/2019\/11\/Sweden_0764-Stockholm.jpg","contentUrl":"https:\/\/tourtravelandmore.com\/wp-content\/uploads\/2019\/11\/Sweden_0764-Stockholm.jpg","width":1024,"height":680},{"@type":"BreadcrumbList","@id":"https:\/\/tourtravelandmore.com\/es\/tours\/suecia-es\/estocolmo-es\/tour-privado-a-djurgarden\/#breadcrumb","itemListElement":[{"@type":"ListItem","position":1,"name":"Home","item":"https:\/\/tourtravelandmore.com\/es\/"},{"@type":"ListItem","position":2,"name":"Tours","item":"https:\/\/tourtravelandmore.com\/es\/tours\/"},{"@type":"ListItem","position":3,"name":"Tour Privado a Djurg\u00e5rden"}]},{"@type":"WebSite","@id":"https:\/\/tourtravelandmore.com\/es\/#website","url":"https:\/\/tourtravelandmore.com\/es\/","name":"Tour Travel And More","description":"Private sightseeing tours and luxury transfers in Spain","publisher":{"@id":"https:\/\/tourtravelandmore.com\/es\/#organization"},"potentialAction":[{"@type":"SearchAction","target":{"@type":"EntryPoint","urlTemplate":"https:\/\/tourtravelandmore.com\/es\/?s={search_term_string}"},"query-input":{"@type":"PropertyValueSpecification","valueRequired":true,"valueName":"search_term_string"}}],"inLanguage":"es"},{"@type":"Organization","@id":"https:\/\/tourtravelandmore.com\/es\/#organization","name":"Tour Travel And More","url":"https:\/\/tourtravelandmore.com\/es\/","logo":{"@type":"ImageObject","inLanguage":"es","@id":"https:\/\/tourtravelandmore.com\/es\/#\/schema\/logo\/image\/","url":"https:\/\/tourtravelandmore.com\/wp-content\/uploads\/2022\/12\/cropped-logo-cabecera-new.png","contentUrl":"https:\/\/tourtravelandmore.com\/wp-content\/uploads\/2022\/12\/cropped-logo-cabecera-new.png","width":430,"height":61,"caption":"Tour Travel And More"},"image":{"@id":"https:\/\/tourtravelandmore.com\/es\/#\/schema\/logo\/image\/"},"sameAs":["https:\/\/www.facebook.com\/tourtravelandmore\/","https:\/\/x.com\/TourTravel_More"]}]}},"_links":{"self":[{"href":"https:\/\/tourtravelandmore.com\/es\/wp-json\/wp\/v2\/product\/70959","targetHints":{"allow":["GET"]}}],"collection":[{"href":"https:\/\/tourtravelandmore.com\/es\/wp-json\/wp\/v2\/product"}],"about":[{"href":"https:\/\/tourtravelandmore.com\/es\/wp-json\/wp\/v2\/types\/product"}],"replies":[{"embeddable":true,"href":"https:\/\/tourtravelandmore.com\/es\/wp-json\/wp\/v2\/comments?post=70959"}],"wp:featuredmedia":[{"embeddable":true,"href":"https:\/\/tourtravelandmore.com\/es\/wp-json\/wp\/v2\/media\/71325"}],"wp:attachment":[{"href":"https:\/\/tourtravelandmore.com\/es\/wp-json\/wp\/v2\/media?parent=70959"}],"wp:term":[{"taxonomy":"product_brand","embeddable":true,"href":"https:\/\/tourtravelandmore.com\/es\/wp-json\/wp\/v2\/product_brand?post=70959"},{"taxonomy":"product_cat","embeddable":true,"href":"https:\/\/tourtravelandmore.com\/es\/wp-json\/wp\/v2\/product_cat?post=70959"},{"taxonomy":"product_tag","embeddable":true,"href":"https:\/\/tourtravelandmore.com\/es\/wp-json\/wp\/v2\/product_tag?post=70959"}],"curies":[{"name":"wp","href":"https:\/\/api.w.org\/{rel}","templated":true}]}}