{"id":70949,"date":"2019-11-19T13:10:58","date_gmt":"2019-11-19T12:10:58","guid":{"rendered":"https:\/\/tourtravelandmore.com\/?post_type=product&#038;p=70949"},"modified":"2023-12-15T11:46:30","modified_gmt":"2023-12-15T10:46:30","slug":"tour-privado-a-sognefjord-desde-oslo","status":"publish","type":"product","link":"https:\/\/tourtravelandmore.com\/es\/tours\/noruega-es\/oslo-es\/tour-privado-a-sognefjord-desde-oslo\/","title":{"rendered":"Tour Privado a Sognefjord desde Oslo"},"content":{"rendered":"<h2 id=\"tw-target-text\" class=\"tw-data-text tw-text-large XcVN5d tw-ta\" dir=\"ltr\" data-placeholder=\"Traducci\u00f3n\"><span lang=\"es\">Descripci\u00f3n del Tour Privado a Sognefjord desde Oslo<\/span><\/h2>\n<p>Disfrute de este <strong>Tour Privado Sognefjord desde Oslo<\/strong> junto con su gu\u00eda oficial privado y conozca esta maravillosa regi\u00f3n.<\/p>\n<p><span class=\"JLqJ4b\" data-language-for-alternatives=\"es\" data-language-to-translate-into=\"en\" data-phrase-index=\"1\"><span class=\"JLqJ4b ChMk0b\" data-language-for-alternatives=\"es\" data-language-to-translate-into=\"en\" data-phrase-index=\"2\">Nos reuniremos en un punto central en Oslo. Este puede ser su hotel o lugar de elecci\u00f3n, donde junto con su gu\u00eda privado tomar\u00e1 un tren a su primer destino en Geilojordet. <\/span><\/span><\/p>\n<p><span class=\"JLqJ4b\" data-language-for-alternatives=\"es\" data-language-to-translate-into=\"en\" data-phrase-index=\"1\"><span class=\"JLqJ4b ChMk0b\" data-language-for-alternatives=\"es\" data-language-to-translate-into=\"en\" data-phrase-index=\"2\">Despu\u00e9s de eso, tomaremos otro tren para llegar a Flamsbana Museet. En Flam podemos tomar un tren desde el fiordo hasta la cima de las monta\u00f1as.<\/span><\/span><\/p>\n<p>Una vez que lleguemos a Sognefjord, su gu\u00eda tur\u00edstico oficial le mostrar\u00e1 lo mejor del pueblo interior de Skjolden, como la iglesia de madera de Urnes, Breheimen o el Parque Nacional Jotunheimen.<\/p>\n<p><span class=\"JLqJ4b\" data-language-for-alternatives=\"es\" data-language-to-translate-into=\"en\" data-phrase-index=\"9\"><span class=\"JLqJ4b ChMk0b\" data-language-for-alternatives=\"es\" data-language-to-translate-into=\"en\" data-phrase-index=\"10\">Puede personalizar cada recorrido con solo contactarnos. Aqu\u00ed hay un ejemplo de algunos de los lugares m\u00e1s importantes de Sognefjord, pero su Tour privado a Sognefjord puede personalizarse completamente para satisfacer sus necesidades exactas. Nuestros expertos en viajes de <strong>Tour Travel &amp; More<\/strong> est\u00e1n a su entera disposici\u00f3n.<\/span><\/span><\/p>\n<h2>Puntos emblem\u00e1ticos y de inter\u00e9s en el Tour Privado a Sognefjord desde Oslo<\/h2>\n<p>Durante su recorrido privado, descubrir\u00e1 algunos de los lugares m\u00e1s reconocidos de la ciudad. <span class=\"JLqJ4b ChMk0b\" data-language-for-alternatives=\"es\" data-language-to-translate-into=\"en\" data-phrase-index=\"1\">Ser\u00e1s testigo de su singular belleza arquitect\u00f3nica. Disfrute de lo mejor de la ubicaci\u00f3n con nuestro gu\u00eda tur\u00edstico privado. \u00a1Es una experiencia maravillosa para ti! <\/span><\/p>\n<p><span class=\"JLqJ4b ChMk0b\" data-language-for-alternatives=\"es\" data-language-to-translate-into=\"en\" data-phrase-index=\"1\"><span class=\"JLqJ4b\" data-language-for-alternatives=\"es\" data-language-to-translate-into=\"en\" data-phrase-index=\"4\">Entre los sitios que puede visitar a trav\u00e9s de este tour privado, le ofrecemos:<\/span><\/span><\/p>\n<ul>\n<li><strong>Geilojordet<\/strong><\/li>\n<li><strong>Flaamsbana Museet\u00a0<\/strong><\/li>\n<li><strong>Sognejford<\/strong><\/li>\n<li><strong>Iglesia Urnes Stave<\/strong><\/li>\n<li><strong>Fl\u00e5m<\/strong><\/li>\n<li><strong>Fl\u00e5msbana Railway\u00a0<\/strong><\/li>\n<li><strong>Myrdal<\/strong><\/li>\n<li>y mucho m\u00e1s!<\/li>\n<\/ul>\n<p>En caso de que lo desee, puede pasar la noche en un hotel en <span class=\"JLqJ4b\" data-language-for-alternatives=\"es\" data-language-to-translate-into=\"en\" data-phrase-index=\"9\"><span class=\"JLqJ4b ChMk0b\" data-language-for-alternatives=\"es\" data-language-to-translate-into=\"en\" data-phrase-index=\"10\">Sognefjord (no incluido en el precio del tour) y regresar al otro d\u00eda en tren a Oslo.<\/span><\/span><\/p>\n<p>Disfrute de una experiencia completa fuera de la ciudad de Oslo con un equipo profesional local.<\/p>\n<p>Contamos con una gran variedad de tours y traslados privados en Oslo y Noruega, \u00a1mire <a href=\"https:\/\/tourtravelandmore.com\/es\/ciudad\/noruega-es\/oslo-es\/\">aqu\u00ed<\/a>!.<\/p>\n","protected":false},"excerpt":{"rendered":"<p>Avent\u00farese en esta <strong>excursi\u00f3n privada totalmente personalizada a trav\u00e9s de Sognefjord desde Oslo<\/strong>, donde podr\u00e1 admirar la belleza rural de sus valles y fiordos. En el camino, su gu\u00eda oficial privado lo llevar\u00e1 a explorar la belleza que ofrecen los fiordos noruegos y sus impresionantes vistas rurales, como <strong>Geilojordet<\/strong>, <strong>Flaamsbana Museet<\/strong>, <strong>Sognejford<\/strong> y muchos m\u00e1s sitios.<\/p>\n","protected":false},"featured_media":71292,"comment_status":"open","ping_status":"closed","template":"","meta":{"_acf_changed":false},"product_brand":[],"product_cat":[1611,1477,1510,1481],"product_tag":[1393,4041,1392],"class_list":{"0":"post-70949","1":"product","2":"type-product","3":"status-publish","4":"has-post-thumbnail","6":"product_cat-noruega-es","7":"product_cat-oslo-es","8":"product_cat-tromso-actividades-es","9":"product_cat-oslo-rutas-turisticas-privadas-es","10":"product_tag-city-tour-es","11":"product_tag-private-es","12":"product_tag-private-tour-es","14":"first","15":"instock","16":"shipping-taxable","17":"purchasable","18":"product-type-simple"},"acf":[],"yoast_head":"<!-- This site is optimized with the Yoast SEO Premium plugin v25.3.1 (Yoast SEO v25.3.1) - https:\/\/yoast.com\/wordpress\/plugins\/seo\/ -->\n<title>\u27a1\ufe0f Tour Privado a Sognefjord desde Oslo con gu\u00eda oficial local | Tour Travel &amp; More<\/title>\n<meta name=\"description\" content=\"Acomp\u00e1\u00f1enos en este Tour Privado a Sognefjord desde la ciudad de Oslo con un equipo profesional local. Disfrute de esta incre\u00edble experiencia \u2705\" \/>\n<meta name=\"robots\" content=\"index, follow, max-snippet:-1, max-image-preview:large, max-video-preview:-1\" \/>\n<link rel=\"canonical\" href=\"https:\/\/tourtravelandmore.com\/es\/tours\/noruega-es\/oslo-es\/tour-privado-a-sognefjord-desde-oslo\/\" \/>\n<meta property=\"og:locale\" content=\"es_ES\" \/>\n<meta property=\"og:type\" content=\"article\" \/>\n<meta property=\"og:title\" content=\"Tour Privado a Sognefjord desde Oslo\" \/>\n<meta property=\"og:description\" content=\"Acomp\u00e1\u00f1enos en este Tour Privado a Sognefjord desde la ciudad de Oslo con un equipo profesional local. Disfrute de esta incre\u00edble experiencia \u2705\" \/>\n<meta property=\"og:url\" content=\"https:\/\/tourtravelandmore.com\/es\/tours\/noruega-es\/oslo-es\/tour-privado-a-sognefjord-desde-oslo\/\" \/>\n<meta property=\"og:site_name\" content=\"Tour Travel And More\" \/>\n<meta property=\"article:publisher\" content=\"https:\/\/www.facebook.com\/tourtravelandmore\/\" \/>\n<meta property=\"article:modified_time\" content=\"2023-12-15T10:46:30+00:00\" \/>\n<meta property=\"og:image\" content=\"https:\/\/tourtravelandmore.com\/wp-content\/uploads\/2019\/11\/Urnes_Stave_Church_from_north.jpg\" \/>\n\t<meta property=\"og:image:width\" content=\"800\" \/>\n\t<meta property=\"og:image:height\" content=\"532\" \/>\n\t<meta property=\"og:image:type\" content=\"image\/jpeg\" \/>\n<meta name=\"twitter:card\" content=\"summary_large_image\" \/>\n<meta name=\"twitter:site\" content=\"@TourTravel_More\" \/>\n<meta name=\"twitter:label1\" content=\"Tiempo de lectura\" \/>\n\t<meta name=\"twitter:data1\" content=\"2 minutos\" \/>\n<script type=\"application\/ld+json\" class=\"yoast-schema-graph\">{\"@context\":\"https:\/\/schema.org\",\"@graph\":[{\"@type\":\"WebPage\",\"@id\":\"https:\/\/tourtravelandmore.com\/es\/tours\/noruega-es\/oslo-es\/tour-privado-a-sognefjord-desde-oslo\/\",\"url\":\"https:\/\/tourtravelandmore.com\/es\/tours\/noruega-es\/oslo-es\/tour-privado-a-sognefjord-desde-oslo\/\",\"name\":\"\u27a1\ufe0f Tour Privado a Sognefjord desde Oslo con gu\u00eda oficial local | Tour Travel & More\",\"isPartOf\":{\"@id\":\"https:\/\/tourtravelandmore.com\/es\/#website\"},\"primaryImageOfPage\":{\"@id\":\"https:\/\/tourtravelandmore.com\/es\/tours\/noruega-es\/oslo-es\/tour-privado-a-sognefjord-desde-oslo\/#primaryimage\"},\"image\":{\"@id\":\"https:\/\/tourtravelandmore.com\/es\/tours\/noruega-es\/oslo-es\/tour-privado-a-sognefjord-desde-oslo\/#primaryimage\"},\"thumbnailUrl\":\"https:\/\/tourtravelandmore.com\/wp-content\/uploads\/2019\/11\/Urnes_Stave_Church_from_north.jpg\",\"datePublished\":\"2019-11-19T12:10:58+00:00\",\"dateModified\":\"2023-12-15T10:46:30+00:00\",\"description\":\"Acomp\u00e1\u00f1enos en este Tour Privado a Sognefjord desde la ciudad de Oslo con un equipo profesional local. Disfrute de esta incre\u00edble experiencia \u2705\",\"breadcrumb\":{\"@id\":\"https:\/\/tourtravelandmore.com\/es\/tours\/noruega-es\/oslo-es\/tour-privado-a-sognefjord-desde-oslo\/#breadcrumb\"},\"inLanguage\":\"es\",\"potentialAction\":[{\"@type\":\"ReadAction\",\"target\":[\"https:\/\/tourtravelandmore.com\/es\/tours\/noruega-es\/oslo-es\/tour-privado-a-sognefjord-desde-oslo\/\"]}]},{\"@type\":\"ImageObject\",\"inLanguage\":\"es\",\"@id\":\"https:\/\/tourtravelandmore.com\/es\/tours\/noruega-es\/oslo-es\/tour-privado-a-sognefjord-desde-oslo\/#primaryimage\",\"url\":\"https:\/\/tourtravelandmore.com\/wp-content\/uploads\/2019\/11\/Urnes_Stave_Church_from_north.jpg\",\"contentUrl\":\"https:\/\/tourtravelandmore.com\/wp-content\/uploads\/2019\/11\/Urnes_Stave_Church_from_north.jpg\",\"width\":800,\"height\":532},{\"@type\":\"BreadcrumbList\",\"@id\":\"https:\/\/tourtravelandmore.com\/es\/tours\/noruega-es\/oslo-es\/tour-privado-a-sognefjord-desde-oslo\/#breadcrumb\",\"itemListElement\":[{\"@type\":\"ListItem\",\"position\":1,\"name\":\"Home\",\"item\":\"https:\/\/tourtravelandmore.com\/es\/\"},{\"@type\":\"ListItem\",\"position\":2,\"name\":\"Tours\",\"item\":\"https:\/\/tourtravelandmore.com\/es\/tours\/\"},{\"@type\":\"ListItem\",\"position\":3,\"name\":\"Tour Privado a Sognefjord desde Oslo\"}]},{\"@type\":\"WebSite\",\"@id\":\"https:\/\/tourtravelandmore.com\/es\/#website\",\"url\":\"https:\/\/tourtravelandmore.com\/es\/\",\"name\":\"Tour Travel And More\",\"description\":\"Private sightseeing tours and luxury transfers in Spain\",\"publisher\":{\"@id\":\"https:\/\/tourtravelandmore.com\/es\/#organization\"},\"potentialAction\":[{\"@type\":\"SearchAction\",\"target\":{\"@type\":\"EntryPoint\",\"urlTemplate\":\"https:\/\/tourtravelandmore.com\/es\/?s={search_term_string}\"},\"query-input\":{\"@type\":\"PropertyValueSpecification\",\"valueRequired\":true,\"valueName\":\"search_term_string\"}}],\"inLanguage\":\"es\"},{\"@type\":\"Organization\",\"@id\":\"https:\/\/tourtravelandmore.com\/es\/#organization\",\"name\":\"Tour Travel And More\",\"url\":\"https:\/\/tourtravelandmore.com\/es\/\",\"logo\":{\"@type\":\"ImageObject\",\"inLanguage\":\"es\",\"@id\":\"https:\/\/tourtravelandmore.com\/es\/#\/schema\/logo\/image\/\",\"url\":\"https:\/\/tourtravelandmore.com\/wp-content\/uploads\/2022\/12\/cropped-logo-cabecera-new.png\",\"contentUrl\":\"https:\/\/tourtravelandmore.com\/wp-content\/uploads\/2022\/12\/cropped-logo-cabecera-new.png\",\"width\":430,\"height\":61,\"caption\":\"Tour Travel And More\"},\"image\":{\"@id\":\"https:\/\/tourtravelandmore.com\/es\/#\/schema\/logo\/image\/\"},\"sameAs\":[\"https:\/\/www.facebook.com\/tourtravelandmore\/\",\"https:\/\/x.com\/TourTravel_More\"]}]}<\/script>\n<!-- \/ Yoast SEO Premium plugin. -->","yoast_head_json":{"title":"\u27a1\ufe0f Tour Privado a Sognefjord desde Oslo con gu\u00eda oficial local | Tour Travel & More","description":"Acomp\u00e1\u00f1enos en este Tour Privado a Sognefjord desde la ciudad de Oslo con un equipo profesional local. Disfrute de esta incre\u00edble experiencia \u2705","robots":{"index":"index","follow":"follow","max-snippet":"max-snippet:-1","max-image-preview":"max-image-preview:large","max-video-preview":"max-video-preview:-1"},"canonical":"https:\/\/tourtravelandmore.com\/es\/tours\/noruega-es\/oslo-es\/tour-privado-a-sognefjord-desde-oslo\/","og_locale":"es_ES","og_type":"article","og_title":"Tour Privado a Sognefjord desde Oslo","og_description":"Acomp\u00e1\u00f1enos en este Tour Privado a Sognefjord desde la ciudad de Oslo con un equipo profesional local. Disfrute de esta incre\u00edble experiencia \u2705","og_url":"https:\/\/tourtravelandmore.com\/es\/tours\/noruega-es\/oslo-es\/tour-privado-a-sognefjord-desde-oslo\/","og_site_name":"Tour Travel And More","article_publisher":"https:\/\/www.facebook.com\/tourtravelandmore\/","article_modified_time":"2023-12-15T10:46:30+00:00","og_image":[{"width":800,"height":532,"url":"https:\/\/tourtravelandmore.com\/wp-content\/uploads\/2019\/11\/Urnes_Stave_Church_from_north.jpg","type":"image\/jpeg"}],"twitter_card":"summary_large_image","twitter_site":"@TourTravel_More","twitter_misc":{"Tiempo de lectura":"2 minutos"},"schema":{"@context":"https:\/\/schema.org","@graph":[{"@type":"WebPage","@id":"https:\/\/tourtravelandmore.com\/es\/tours\/noruega-es\/oslo-es\/tour-privado-a-sognefjord-desde-oslo\/","url":"https:\/\/tourtravelandmore.com\/es\/tours\/noruega-es\/oslo-es\/tour-privado-a-sognefjord-desde-oslo\/","name":"\u27a1\ufe0f Tour Privado a Sognefjord desde Oslo con gu\u00eda oficial local | Tour Travel & More","isPartOf":{"@id":"https:\/\/tourtravelandmore.com\/es\/#website"},"primaryImageOfPage":{"@id":"https:\/\/tourtravelandmore.com\/es\/tours\/noruega-es\/oslo-es\/tour-privado-a-sognefjord-desde-oslo\/#primaryimage"},"image":{"@id":"https:\/\/tourtravelandmore.com\/es\/tours\/noruega-es\/oslo-es\/tour-privado-a-sognefjord-desde-oslo\/#primaryimage"},"thumbnailUrl":"https:\/\/tourtravelandmore.com\/wp-content\/uploads\/2019\/11\/Urnes_Stave_Church_from_north.jpg","datePublished":"2019-11-19T12:10:58+00:00","dateModified":"2023-12-15T10:46:30+00:00","description":"Acomp\u00e1\u00f1enos en este Tour Privado a Sognefjord desde la ciudad de Oslo con un equipo profesional local. Disfrute de esta incre\u00edble experiencia \u2705","breadcrumb":{"@id":"https:\/\/tourtravelandmore.com\/es\/tours\/noruega-es\/oslo-es\/tour-privado-a-sognefjord-desde-oslo\/#breadcrumb"},"inLanguage":"es","potentialAction":[{"@type":"ReadAction","target":["https:\/\/tourtravelandmore.com\/es\/tours\/noruega-es\/oslo-es\/tour-privado-a-sognefjord-desde-oslo\/"]}]},{"@type":"ImageObject","inLanguage":"es","@id":"https:\/\/tourtravelandmore.com\/es\/tours\/noruega-es\/oslo-es\/tour-privado-a-sognefjord-desde-oslo\/#primaryimage","url":"https:\/\/tourtravelandmore.com\/wp-content\/uploads\/2019\/11\/Urnes_Stave_Church_from_north.jpg","contentUrl":"https:\/\/tourtravelandmore.com\/wp-content\/uploads\/2019\/11\/Urnes_Stave_Church_from_north.jpg","width":800,"height":532},{"@type":"BreadcrumbList","@id":"https:\/\/tourtravelandmore.com\/es\/tours\/noruega-es\/oslo-es\/tour-privado-a-sognefjord-desde-oslo\/#breadcrumb","itemListElement":[{"@type":"ListItem","position":1,"name":"Home","item":"https:\/\/tourtravelandmore.com\/es\/"},{"@type":"ListItem","position":2,"name":"Tours","item":"https:\/\/tourtravelandmore.com\/es\/tours\/"},{"@type":"ListItem","position":3,"name":"Tour Privado a Sognefjord desde Oslo"}]},{"@type":"WebSite","@id":"https:\/\/tourtravelandmore.com\/es\/#website","url":"https:\/\/tourtravelandmore.com\/es\/","name":"Tour Travel And More","description":"Private sightseeing tours and luxury transfers in Spain","publisher":{"@id":"https:\/\/tourtravelandmore.com\/es\/#organization"},"potentialAction":[{"@type":"SearchAction","target":{"@type":"EntryPoint","urlTemplate":"https:\/\/tourtravelandmore.com\/es\/?s={search_term_string}"},"query-input":{"@type":"PropertyValueSpecification","valueRequired":true,"valueName":"search_term_string"}}],"inLanguage":"es"},{"@type":"Organization","@id":"https:\/\/tourtravelandmore.com\/es\/#organization","name":"Tour Travel And More","url":"https:\/\/tourtravelandmore.com\/es\/","logo":{"@type":"ImageObject","inLanguage":"es","@id":"https:\/\/tourtravelandmore.com\/es\/#\/schema\/logo\/image\/","url":"https:\/\/tourtravelandmore.com\/wp-content\/uploads\/2022\/12\/cropped-logo-cabecera-new.png","contentUrl":"https:\/\/tourtravelandmore.com\/wp-content\/uploads\/2022\/12\/cropped-logo-cabecera-new.png","width":430,"height":61,"caption":"Tour Travel And More"},"image":{"@id":"https:\/\/tourtravelandmore.com\/es\/#\/schema\/logo\/image\/"},"sameAs":["https:\/\/www.facebook.com\/tourtravelandmore\/","https:\/\/x.com\/TourTravel_More"]}]}},"_links":{"self":[{"href":"https:\/\/tourtravelandmore.com\/es\/wp-json\/wp\/v2\/product\/70949","targetHints":{"allow":["GET"]}}],"collection":[{"href":"https:\/\/tourtravelandmore.com\/es\/wp-json\/wp\/v2\/product"}],"about":[{"href":"https:\/\/tourtravelandmore.com\/es\/wp-json\/wp\/v2\/types\/product"}],"replies":[{"embeddable":true,"href":"https:\/\/tourtravelandmore.com\/es\/wp-json\/wp\/v2\/comments?post=70949"}],"wp:featuredmedia":[{"embeddable":true,"href":"https:\/\/tourtravelandmore.com\/es\/wp-json\/wp\/v2\/media\/71292"}],"wp:attachment":[{"href":"https:\/\/tourtravelandmore.com\/es\/wp-json\/wp\/v2\/media?parent=70949"}],"wp:term":[{"taxonomy":"product_brand","embeddable":true,"href":"https:\/\/tourtravelandmore.com\/es\/wp-json\/wp\/v2\/product_brand?post=70949"},{"taxonomy":"product_cat","embeddable":true,"href":"https:\/\/tourtravelandmore.com\/es\/wp-json\/wp\/v2\/product_cat?post=70949"},{"taxonomy":"product_tag","embeddable":true,"href":"https:\/\/tourtravelandmore.com\/es\/wp-json\/wp\/v2\/product_tag?post=70949"}],"curies":[{"name":"wp","href":"https:\/\/api.w.org\/{rel}","templated":true}]}}