{"id":70794,"date":"2019-11-17T02:41:22","date_gmt":"2019-11-17T01:41:22","guid":{"rendered":"https:\/\/tourtravelandmore.com\/?post_type=product&#038;p=70794"},"modified":"2022-03-14T11:11:17","modified_gmt":"2022-03-14T10:11:17","slug":"tour-privado-al-parque-nacional-de-suiza-sajona","status":"publish","type":"product","link":"https:\/\/tourtravelandmore.com\/es\/tours\/alemania-es\/dresde-es\/tour-privado-al-parque-nacional-de-suiza-sajona\/","title":{"rendered":"Tour Privado al Parque Nacional de Suiza Sajona"},"content":{"rendered":"<h2><strong>Descripci\u00f3n del Tour Privado al Parque Nacional de Suiza Sajona<\/strong><\/h2>\n<p>Aproveche sus d\u00edas en Dresde y disfrute de este <strong>tour privado al Parque Nacional de Suiza Sajona<\/strong> en un <strong>veh\u00edculo privado de lujo con conductor<\/strong>. Una vez en el Parque Nacional, tendr\u00e1 un <strong>gu\u00eda tur\u00edstico oficial privado<\/strong> para una visita guiada de 6 horas.<\/p>\n<p><strong>El Parque Nacional de Suiza Sajona<\/strong> es una peque\u00f1a regi\u00f3n natural de Alemania ubicada en la parte m\u00e1s oriental del estado federal de Sajonia. Desde aqu\u00ed podr\u00e1s admirar unas vistas incre\u00edbles que te dejar\u00e1n sin aliento.<\/p>\n<p>Este tour privado tiene una duraci\u00f3n total de 8 horas desde el momento de la recogida hasta el momento de la entrega en Dresde. Puede personalizar cada recorrido con solo contactarnos. Aqu\u00ed hay un ejemplo de algunos de los lugares m\u00e1s importantes de Saxon, pero su recorrido puede personalizarse completamente para satisfacer sus necesidades exactas.<\/p>\n<p>Tenemos m\u00faltiples opciones de tours privados en y desde Dresde, eche un vistazo a <a href=\"https:\/\/tourtravelandmore.com\/es\/ciudad\/alemania-es\/dresde-es\/\">nuestra lista de tours privados<\/a>.<\/p>\n<h2><strong>Puntos de inter\u00e9s del Tour Privado al Parque Nacional de Suiza Sajona<\/strong><\/h2>\n<p>Su conductor privado lo recoger\u00e1 en su hotel o lugar de elecci\u00f3n en Dresde a la hora deseada por usted.<\/p>\n<p>Nuestra primera parada ser\u00e1 la <strong>Fortaleza K\u00f6nigstein en Saxon<\/strong>, donde se encontrar\u00e1 con su gu\u00eda tur\u00edstico oficial, quien le mostrar\u00e1 lo mejor que Saxon tiene para ofrecer. Luego continuaremos hacia <strong>Bastei<\/strong> y su puente y conoceremos las impresionantes vistas del pe\u00f1\u00f3n.<\/p>\n<p>Durante su tour privado por el <strong>Parque Nacional de Suiza Sajona<\/strong>, descubrir\u00e1 algunos de los lugares m\u00e1s reconocidos del parque. Ser\u00e1s testigo de su singular belleza arquitect\u00f3nica. Entre los sitios que puede visitar a trav\u00e9s de este tour privado, tambi\u00e9n ofrecemos:<\/p>\n<ul>\n<li><strong>Fortaleza K\u00f6nigstein<\/strong><\/li>\n<li><strong>Bastei<\/strong><\/li>\n<li><a href=\"https:\/\/www.saechsische-schweiz.de\/en\/region\/national-park.html\">Parque Nacional de Suiza Sajona<\/a><\/li>\n<li><strong>El Puente Bastei<\/strong><\/li>\n<li><strong>Valle del Elba<\/strong><\/li>\n<li>Y muchos m\u00e1s sitios en esta excursi\u00f3n privada de Saxon.<\/li>\n<\/ul>\n<p>Esta es una excursi\u00f3n perfecta para aquellos que buscan aventura y adem\u00e1s respirar aire puro de la naturaleza. Es otra posible opci\u00f3n de escapar de la ruidosa ciudad a un m\u00e1gico paraje natural.<\/p>\n<p><strong>Finalmente, al final del recorrido, su conductor privado lo llevar\u00e1 de regreso a su hotel en Dresde.<\/strong><\/p>\n","protected":false},"excerpt":{"rendered":"<p>Al\u00e9jese de la ciudad ruidosa con este <strong>tour privado de 8 horas totalmente personalizado a trav\u00e9s del Parque Nacional de Suiza Sajona desde Dresde,<\/strong> donde podr\u00e1 admirar la belleza urbana de sus vistas rurales, monumentos y edificios. En el camino, su gu\u00eda oficial privado lo llevar\u00e1 a explorar la belleza que ofrece este <strong>Parque Nacional<\/strong> mientras admira las incre\u00edbles vistas.<\/p>\n","protected":false},"featured_media":70809,"comment_status":"open","ping_status":"closed","template":"","meta":{"_acf_changed":false},"product_brand":[],"product_cat":[1593,1317,1318,1319],"product_tag":[1393,4041,1392],"class_list":{"0":"post-70794","1":"product","2":"type-product","3":"status-publish","4":"has-post-thumbnail","6":"product_cat-alemania-es","7":"product_cat-dresde-es","8":"product_cat-dresden-rutas-turisticas-privadas-es","9":"product_cat-dresde-rutas-turisticas-privadas-es","10":"product_tag-city-tour-es","11":"product_tag-private-es","12":"product_tag-private-tour-es","14":"first","15":"instock","16":"shipping-taxable","17":"purchasable","18":"product-type-simple"},"acf":[],"yoast_head":"<!-- This site is optimized with the Yoast SEO Premium plugin v25.3.1 (Yoast SEO v25.3.1) - https:\/\/yoast.com\/wordpress\/plugins\/seo\/ -->\n<title>Tour Privado al Parque Nacional de Suiza Sajona desde Dresde | TTM<\/title>\n<meta name=\"description\" content=\"Disfrute de este Tour Privado al Parque Nacional de Suiza Sajona desde la ciudad de Dresde, comodo en un veh\u00edculo privado de lujo con chofer \u2705\" \/>\n<meta name=\"robots\" content=\"index, follow, max-snippet:-1, max-image-preview:large, max-video-preview:-1\" \/>\n<link rel=\"canonical\" href=\"https:\/\/tourtravelandmore.com\/es\/tours\/alemania-es\/dresde-es\/tour-privado-al-parque-nacional-de-suiza-sajona\/\" \/>\n<meta property=\"og:locale\" content=\"es_ES\" \/>\n<meta property=\"og:type\" content=\"article\" \/>\n<meta property=\"og:title\" content=\"Tour Privado al Parque Nacional de Suiza Sajona\" \/>\n<meta property=\"og:description\" content=\"Disfrute de este Tour Privado al Parque Nacional de Suiza Sajona desde la ciudad de Dresde, comodo en un veh\u00edculo privado de lujo con chofer \u2705\" \/>\n<meta property=\"og:url\" content=\"https:\/\/tourtravelandmore.com\/es\/tours\/alemania-es\/dresde-es\/tour-privado-al-parque-nacional-de-suiza-sajona\/\" \/>\n<meta property=\"og:site_name\" content=\"Tour Travel And More\" \/>\n<meta property=\"article:publisher\" content=\"https:\/\/www.facebook.com\/tourtravelandmore\/\" \/>\n<meta property=\"article:modified_time\" content=\"2022-03-14T10:11:17+00:00\" \/>\n<meta property=\"og:image\" content=\"https:\/\/tourtravelandmore.com\/wp-content\/uploads\/2019\/11\/Fortress_K\u00f6nigstein_view_to_the_valley_of_the_Biela.jpg\" \/>\n\t<meta property=\"og:image:width\" content=\"2657\" \/>\n\t<meta property=\"og:image:height\" content=\"1772\" \/>\n\t<meta property=\"og:image:type\" content=\"image\/jpeg\" \/>\n<meta name=\"twitter:card\" content=\"summary_large_image\" \/>\n<meta name=\"twitter:site\" content=\"@TourTravel_More\" \/>\n<meta name=\"twitter:label1\" content=\"Tiempo de lectura\" \/>\n\t<meta name=\"twitter:data1\" content=\"2 minutos\" \/>\n<script type=\"application\/ld+json\" class=\"yoast-schema-graph\">{\"@context\":\"https:\/\/schema.org\",\"@graph\":[{\"@type\":\"WebPage\",\"@id\":\"https:\/\/tourtravelandmore.com\/es\/tours\/alemania-es\/dresde-es\/tour-privado-al-parque-nacional-de-suiza-sajona\/\",\"url\":\"https:\/\/tourtravelandmore.com\/es\/tours\/alemania-es\/dresde-es\/tour-privado-al-parque-nacional-de-suiza-sajona\/\",\"name\":\"Tour Privado al Parque Nacional de Suiza Sajona desde Dresde | TTM\",\"isPartOf\":{\"@id\":\"https:\/\/tourtravelandmore.com\/es\/#website\"},\"primaryImageOfPage\":{\"@id\":\"https:\/\/tourtravelandmore.com\/es\/tours\/alemania-es\/dresde-es\/tour-privado-al-parque-nacional-de-suiza-sajona\/#primaryimage\"},\"image\":{\"@id\":\"https:\/\/tourtravelandmore.com\/es\/tours\/alemania-es\/dresde-es\/tour-privado-al-parque-nacional-de-suiza-sajona\/#primaryimage\"},\"thumbnailUrl\":\"https:\/\/tourtravelandmore.com\/wp-content\/uploads\/2019\/11\/Fortress_K\u00f6nigstein_view_to_the_valley_of_the_Biela.jpg\",\"datePublished\":\"2019-11-17T01:41:22+00:00\",\"dateModified\":\"2022-03-14T10:11:17+00:00\",\"description\":\"Disfrute de este Tour Privado al Parque Nacional de Suiza Sajona desde la ciudad de Dresde, comodo en un veh\u00edculo privado de lujo con chofer \u2705\",\"breadcrumb\":{\"@id\":\"https:\/\/tourtravelandmore.com\/es\/tours\/alemania-es\/dresde-es\/tour-privado-al-parque-nacional-de-suiza-sajona\/#breadcrumb\"},\"inLanguage\":\"es\",\"potentialAction\":[{\"@type\":\"ReadAction\",\"target\":[\"https:\/\/tourtravelandmore.com\/es\/tours\/alemania-es\/dresde-es\/tour-privado-al-parque-nacional-de-suiza-sajona\/\"]}]},{\"@type\":\"ImageObject\",\"inLanguage\":\"es\",\"@id\":\"https:\/\/tourtravelandmore.com\/es\/tours\/alemania-es\/dresde-es\/tour-privado-al-parque-nacional-de-suiza-sajona\/#primaryimage\",\"url\":\"https:\/\/tourtravelandmore.com\/wp-content\/uploads\/2019\/11\/Fortress_K\u00f6nigstein_view_to_the_valley_of_the_Biela.jpg\",\"contentUrl\":\"https:\/\/tourtravelandmore.com\/wp-content\/uploads\/2019\/11\/Fortress_K\u00f6nigstein_view_to_the_valley_of_the_Biela.jpg\",\"width\":2657,\"height\":1772},{\"@type\":\"BreadcrumbList\",\"@id\":\"https:\/\/tourtravelandmore.com\/es\/tours\/alemania-es\/dresde-es\/tour-privado-al-parque-nacional-de-suiza-sajona\/#breadcrumb\",\"itemListElement\":[{\"@type\":\"ListItem\",\"position\":1,\"name\":\"Home\",\"item\":\"https:\/\/tourtravelandmore.com\/es\/\"},{\"@type\":\"ListItem\",\"position\":2,\"name\":\"Tours\",\"item\":\"https:\/\/tourtravelandmore.com\/es\/tours\/\"},{\"@type\":\"ListItem\",\"position\":3,\"name\":\"Tour Privado al Parque Nacional de Suiza Sajona\"}]},{\"@type\":\"WebSite\",\"@id\":\"https:\/\/tourtravelandmore.com\/es\/#website\",\"url\":\"https:\/\/tourtravelandmore.com\/es\/\",\"name\":\"Tour Travel And More\",\"description\":\"Private sightseeing tours and luxury transfers in Spain\",\"publisher\":{\"@id\":\"https:\/\/tourtravelandmore.com\/es\/#organization\"},\"potentialAction\":[{\"@type\":\"SearchAction\",\"target\":{\"@type\":\"EntryPoint\",\"urlTemplate\":\"https:\/\/tourtravelandmore.com\/es\/?s={search_term_string}\"},\"query-input\":{\"@type\":\"PropertyValueSpecification\",\"valueRequired\":true,\"valueName\":\"search_term_string\"}}],\"inLanguage\":\"es\"},{\"@type\":\"Organization\",\"@id\":\"https:\/\/tourtravelandmore.com\/es\/#organization\",\"name\":\"Tour Travel And More\",\"url\":\"https:\/\/tourtravelandmore.com\/es\/\",\"logo\":{\"@type\":\"ImageObject\",\"inLanguage\":\"es\",\"@id\":\"https:\/\/tourtravelandmore.com\/es\/#\/schema\/logo\/image\/\",\"url\":\"https:\/\/tourtravelandmore.com\/wp-content\/uploads\/2022\/12\/cropped-logo-cabecera-new.png\",\"contentUrl\":\"https:\/\/tourtravelandmore.com\/wp-content\/uploads\/2022\/12\/cropped-logo-cabecera-new.png\",\"width\":430,\"height\":61,\"caption\":\"Tour Travel And More\"},\"image\":{\"@id\":\"https:\/\/tourtravelandmore.com\/es\/#\/schema\/logo\/image\/\"},\"sameAs\":[\"https:\/\/www.facebook.com\/tourtravelandmore\/\",\"https:\/\/x.com\/TourTravel_More\"]}]}<\/script>\n<!-- \/ Yoast SEO Premium plugin. -->","yoast_head_json":{"title":"Tour Privado al Parque Nacional de Suiza Sajona desde Dresde | TTM","description":"Disfrute de este Tour Privado al Parque Nacional de Suiza Sajona desde la ciudad de Dresde, comodo en un veh\u00edculo privado de lujo con chofer \u2705","robots":{"index":"index","follow":"follow","max-snippet":"max-snippet:-1","max-image-preview":"max-image-preview:large","max-video-preview":"max-video-preview:-1"},"canonical":"https:\/\/tourtravelandmore.com\/es\/tours\/alemania-es\/dresde-es\/tour-privado-al-parque-nacional-de-suiza-sajona\/","og_locale":"es_ES","og_type":"article","og_title":"Tour Privado al Parque Nacional de Suiza Sajona","og_description":"Disfrute de este Tour Privado al Parque Nacional de Suiza Sajona desde la ciudad de Dresde, comodo en un veh\u00edculo privado de lujo con chofer \u2705","og_url":"https:\/\/tourtravelandmore.com\/es\/tours\/alemania-es\/dresde-es\/tour-privado-al-parque-nacional-de-suiza-sajona\/","og_site_name":"Tour Travel And More","article_publisher":"https:\/\/www.facebook.com\/tourtravelandmore\/","article_modified_time":"2022-03-14T10:11:17+00:00","og_image":[{"width":2657,"height":1772,"url":"https:\/\/tourtravelandmore.com\/wp-content\/uploads\/2019\/11\/Fortress_K\u00f6nigstein_view_to_the_valley_of_the_Biela.jpg","type":"image\/jpeg"}],"twitter_card":"summary_large_image","twitter_site":"@TourTravel_More","twitter_misc":{"Tiempo de lectura":"2 minutos"},"schema":{"@context":"https:\/\/schema.org","@graph":[{"@type":"WebPage","@id":"https:\/\/tourtravelandmore.com\/es\/tours\/alemania-es\/dresde-es\/tour-privado-al-parque-nacional-de-suiza-sajona\/","url":"https:\/\/tourtravelandmore.com\/es\/tours\/alemania-es\/dresde-es\/tour-privado-al-parque-nacional-de-suiza-sajona\/","name":"Tour Privado al Parque Nacional de Suiza Sajona desde Dresde | TTM","isPartOf":{"@id":"https:\/\/tourtravelandmore.com\/es\/#website"},"primaryImageOfPage":{"@id":"https:\/\/tourtravelandmore.com\/es\/tours\/alemania-es\/dresde-es\/tour-privado-al-parque-nacional-de-suiza-sajona\/#primaryimage"},"image":{"@id":"https:\/\/tourtravelandmore.com\/es\/tours\/alemania-es\/dresde-es\/tour-privado-al-parque-nacional-de-suiza-sajona\/#primaryimage"},"thumbnailUrl":"https:\/\/tourtravelandmore.com\/wp-content\/uploads\/2019\/11\/Fortress_K\u00f6nigstein_view_to_the_valley_of_the_Biela.jpg","datePublished":"2019-11-17T01:41:22+00:00","dateModified":"2022-03-14T10:11:17+00:00","description":"Disfrute de este Tour Privado al Parque Nacional de Suiza Sajona desde la ciudad de Dresde, comodo en un veh\u00edculo privado de lujo con chofer \u2705","breadcrumb":{"@id":"https:\/\/tourtravelandmore.com\/es\/tours\/alemania-es\/dresde-es\/tour-privado-al-parque-nacional-de-suiza-sajona\/#breadcrumb"},"inLanguage":"es","potentialAction":[{"@type":"ReadAction","target":["https:\/\/tourtravelandmore.com\/es\/tours\/alemania-es\/dresde-es\/tour-privado-al-parque-nacional-de-suiza-sajona\/"]}]},{"@type":"ImageObject","inLanguage":"es","@id":"https:\/\/tourtravelandmore.com\/es\/tours\/alemania-es\/dresde-es\/tour-privado-al-parque-nacional-de-suiza-sajona\/#primaryimage","url":"https:\/\/tourtravelandmore.com\/wp-content\/uploads\/2019\/11\/Fortress_K\u00f6nigstein_view_to_the_valley_of_the_Biela.jpg","contentUrl":"https:\/\/tourtravelandmore.com\/wp-content\/uploads\/2019\/11\/Fortress_K\u00f6nigstein_view_to_the_valley_of_the_Biela.jpg","width":2657,"height":1772},{"@type":"BreadcrumbList","@id":"https:\/\/tourtravelandmore.com\/es\/tours\/alemania-es\/dresde-es\/tour-privado-al-parque-nacional-de-suiza-sajona\/#breadcrumb","itemListElement":[{"@type":"ListItem","position":1,"name":"Home","item":"https:\/\/tourtravelandmore.com\/es\/"},{"@type":"ListItem","position":2,"name":"Tours","item":"https:\/\/tourtravelandmore.com\/es\/tours\/"},{"@type":"ListItem","position":3,"name":"Tour Privado al Parque Nacional de Suiza Sajona"}]},{"@type":"WebSite","@id":"https:\/\/tourtravelandmore.com\/es\/#website","url":"https:\/\/tourtravelandmore.com\/es\/","name":"Tour Travel And More","description":"Private sightseeing tours and luxury transfers in Spain","publisher":{"@id":"https:\/\/tourtravelandmore.com\/es\/#organization"},"potentialAction":[{"@type":"SearchAction","target":{"@type":"EntryPoint","urlTemplate":"https:\/\/tourtravelandmore.com\/es\/?s={search_term_string}"},"query-input":{"@type":"PropertyValueSpecification","valueRequired":true,"valueName":"search_term_string"}}],"inLanguage":"es"},{"@type":"Organization","@id":"https:\/\/tourtravelandmore.com\/es\/#organization","name":"Tour Travel And More","url":"https:\/\/tourtravelandmore.com\/es\/","logo":{"@type":"ImageObject","inLanguage":"es","@id":"https:\/\/tourtravelandmore.com\/es\/#\/schema\/logo\/image\/","url":"https:\/\/tourtravelandmore.com\/wp-content\/uploads\/2022\/12\/cropped-logo-cabecera-new.png","contentUrl":"https:\/\/tourtravelandmore.com\/wp-content\/uploads\/2022\/12\/cropped-logo-cabecera-new.png","width":430,"height":61,"caption":"Tour Travel And More"},"image":{"@id":"https:\/\/tourtravelandmore.com\/es\/#\/schema\/logo\/image\/"},"sameAs":["https:\/\/www.facebook.com\/tourtravelandmore\/","https:\/\/x.com\/TourTravel_More"]}]}},"_links":{"self":[{"href":"https:\/\/tourtravelandmore.com\/es\/wp-json\/wp\/v2\/product\/70794","targetHints":{"allow":["GET"]}}],"collection":[{"href":"https:\/\/tourtravelandmore.com\/es\/wp-json\/wp\/v2\/product"}],"about":[{"href":"https:\/\/tourtravelandmore.com\/es\/wp-json\/wp\/v2\/types\/product"}],"replies":[{"embeddable":true,"href":"https:\/\/tourtravelandmore.com\/es\/wp-json\/wp\/v2\/comments?post=70794"}],"wp:featuredmedia":[{"embeddable":true,"href":"https:\/\/tourtravelandmore.com\/es\/wp-json\/wp\/v2\/media\/70809"}],"wp:attachment":[{"href":"https:\/\/tourtravelandmore.com\/es\/wp-json\/wp\/v2\/media?parent=70794"}],"wp:term":[{"taxonomy":"product_brand","embeddable":true,"href":"https:\/\/tourtravelandmore.com\/es\/wp-json\/wp\/v2\/product_brand?post=70794"},{"taxonomy":"product_cat","embeddable":true,"href":"https:\/\/tourtravelandmore.com\/es\/wp-json\/wp\/v2\/product_cat?post=70794"},{"taxonomy":"product_tag","embeddable":true,"href":"https:\/\/tourtravelandmore.com\/es\/wp-json\/wp\/v2\/product_tag?post=70794"}],"curies":[{"name":"wp","href":"https:\/\/api.w.org\/{rel}","templated":true}]}}